{"id":234015,"date":"2025-11-20T14:49:25","date_gmt":"2025-11-20T13:49:25","guid":{"rendered":"https:\/\/crownsportnutrition.com\/crown-partner\/solicitud\/"},"modified":"2025-12-03T22:51:58","modified_gmt":"2025-12-03T21:51:58","slug":"apply","status":"publish","type":"page","link":"https:\/\/crownsportnutrition.com\/en\/crown-club\/apply\/","title":{"rendered":"SEND US YOUR REQUEST"},"content":{"rendered":"<style>.wp-block-kadence-advancedheading.kt-adv-heading234015_515f64-7e, .wp-block-kadence-advancedheading.kt-adv-heading234015_515f64-7e[data-kb-block=\"kb-adv-heading234015_515f64-7e\"]{padding-right:20%;padding-left:20%;text-align:center;font-style:normal;}.wp-block-kadence-advancedheading.kt-adv-heading234015_515f64-7e mark.kt-highlight, .wp-block-kadence-advancedheading.kt-adv-heading234015_515f64-7e[data-kb-block=\"kb-adv-heading234015_515f64-7e\"] mark.kt-highlight{font-style:normal;color:#f76a0c;-webkit-box-decoration-break:clone;box-decoration-break:clone;padding-top:0px;padding-right:0px;padding-bottom:0px;padding-left:0px;}.wp-block-kadence-advancedheading.kt-adv-heading234015_515f64-7e img.kb-inline-image, .wp-block-kadence-advancedheading.kt-adv-heading234015_515f64-7e[data-kb-block=\"kb-adv-heading234015_515f64-7e\"] img.kb-inline-image{width:150px;vertical-align:baseline;}@media all and (max-width: 1024px){.wp-block-kadence-advancedheading.kt-adv-heading234015_515f64-7e, .wp-block-kadence-advancedheading.kt-adv-heading234015_515f64-7e[data-kb-block=\"kb-adv-heading234015_515f64-7e\"]{padding-right:0%;padding-left:0%;}}@media all and (max-width: 767px){.wp-block-kadence-advancedheading.kt-adv-heading234015_515f64-7e, .wp-block-kadence-advancedheading.kt-adv-heading234015_515f64-7e[data-kb-block=\"kb-adv-heading234015_515f64-7e\"]{padding-right:0%;padding-left:0%;}}<\/style>\n<p class=\"kt-adv-heading234015_515f64-7e wp-block-kadence-advancedheading\" data-kb-block=\"kb-adv-heading234015_515f64-7e\">We want to collaborate with you to help your athletes achieve the greatest possible advantages, with no investment or risk for you. Our products are safe, science-based, great-tasting, easy to digest, and above all, transparent. Want to know more? Fill out the form and we\u2019ll get in touch with you.<\/p>\n\n\n<style>.wp-block-kadence-advancedheading.kt-adv-heading234015_3d77f4-be, .wp-block-kadence-advancedheading.kt-adv-heading234015_3d77f4-be[data-kb-block=\"kb-adv-heading234015_3d77f4-be\"]{text-align:center;font-style:normal;}.wp-block-kadence-advancedheading.kt-adv-heading234015_3d77f4-be mark.kt-highlight, .wp-block-kadence-advancedheading.kt-adv-heading234015_3d77f4-be[data-kb-block=\"kb-adv-heading234015_3d77f4-be\"] mark.kt-highlight{font-style:normal;color:#f76a0c;-webkit-box-decoration-break:clone;box-decoration-break:clone;padding-top:0px;padding-right:0px;padding-bottom:0px;padding-left:0px;}.wp-block-kadence-advancedheading.kt-adv-heading234015_3d77f4-be img.kb-inline-image, .wp-block-kadence-advancedheading.kt-adv-heading234015_3d77f4-be[data-kb-block=\"kb-adv-heading234015_3d77f4-be\"] img.kb-inline-image{width:150px;vertical-align:baseline;}<\/style>\n<h2 class=\"kt-adv-heading234015_3d77f4-be wp-block-kadence-advancedheading\" data-kb-block=\"kb-adv-heading234015_3d77f4-be\"><strong>YOUR DETAILS<\/strong><\/h2>\n\n\n<style>.kb-row-layout-id234015_ae897d-e6 > .kt-row-column-wrap{align-content:start;}:where(.kb-row-layout-id234015_ae897d-e6 > .kt-row-column-wrap) > .wp-block-kadence-column{justify-content:start;}.kb-row-layout-id234015_ae897d-e6 > .kt-row-column-wrap{column-gap:var(--global-kb-gap-md, 2rem);row-gap:var(--global-kb-gap-md, 2rem);max-width:650px;margin-left:auto;margin-right:auto;padding-top:0px;padding-bottom:25px;grid-template-columns:minmax(0, 1fr);}.kb-row-layout-id234015_ae897d-e6 > .kt-row-layout-overlay{opacity:0.30;}@media all and (max-width: 1024px){.kb-row-layout-id234015_ae897d-e6 > .kt-row-column-wrap{grid-template-columns:minmax(0, 1fr);}}@media all and (max-width: 767px){.kb-row-layout-id234015_ae897d-e6 > .kt-row-column-wrap{grid-template-columns:minmax(0, 1fr);}}<\/style><div class=\"kb-row-layout-wrap kb-row-layout-id234015_ae897d-e6 alignnone wp-block-kadence-rowlayout\"><div class=\"kt-row-column-wrap kt-has-1-columns kt-row-layout-equal kt-tab-layout-inherit kt-mobile-layout-row kt-row-valign-top\">\n<style>.kadence-column234015_9f6836-a3 > .kt-inside-inner-col,.kadence-column234015_9f6836-a3 > .kt-inside-inner-col:before{border-top-left-radius:0px;border-top-right-radius:0px;border-bottom-right-radius:0px;border-bottom-left-radius:0px;}.kadence-column234015_9f6836-a3 > .kt-inside-inner-col{column-gap:var(--global-kb-gap-sm, 1rem);}.kadence-column234015_9f6836-a3 > .kt-inside-inner-col{flex-direction:column;}.kadence-column234015_9f6836-a3 > .kt-inside-inner-col > .aligncenter{width:100%;}.kadence-column234015_9f6836-a3 > .kt-inside-inner-col:before{opacity:0.3;}.kadence-column234015_9f6836-a3{position:relative;}@media all and (max-width: 1024px){.kadence-column234015_9f6836-a3 > .kt-inside-inner-col{flex-direction:column;justify-content:center;}}@media all and (max-width: 767px){.kadence-column234015_9f6836-a3 > .kt-inside-inner-col{flex-direction:column;justify-content:center;}}<\/style>\n<div class=\"wp-block-kadence-column kadence-column234015_9f6836-a3 inner-column-1\"><div class=\"kt-inside-inner-col\"><style>.kadence-form-234015_9dd1ed-92 .kb-form .kadence-blocks-form-field label .required{color:var(--global-palette5, #4A5568);}.kadence-form-234015_9dd1ed-92 .kb-form .kadence-blocks-form-field .kb-text-style-field, .kadence-form-234015_9dd1ed-92 .kb-form .kadence-blocks-form-field .kb-select-style-field{font-size:16px;line-height:1em;}.kadence-form-234015_9dd1ed-92 .kb-form .kadence-blocks-form-field > label{font-size:17px;}.kadence-form-234015_9dd1ed-92 .kadence-blocks-form-warning{color:#a3a3a3;}.kadence-form-234015_9dd1ed-92 .kadence-blocks-form-message, .kadence-form-234015_9dd1ed-92 .kb-form-error-msg{border-width:0px 0px 0px 0px;font-size:14px;line-height:1em;font-weight:400;}.kb-form input.kadence-blocks-field.verify{opacity:0.0;position:absolute;top:0.0;left:0.0;width:0.0;height:0.0;z-index:-1;}<\/style>\n<div class=\"wp-block-kadence-form kadence-form-234015_9dd1ed-92 kb-form-wrap\"><form class=\"kb-form\" action=\"\" method=\"post\"><div class=\"kadence-blocks-form-field kb-field-desk-width-50 kb-field-tablet-width-50 kb-field-mobile-width-100 kb-input-size-standard\"><label for=\"kb_field_234015_9dd1ed-92_0\">Name<span class=\"required\">*<\/span><\/label><input name=\"kb_field_0\" id=\"kb_field_234015_9dd1ed-92_0\" data-label=\"Name\" type=\"text\" placeholder=\"\" value=\"\" data-type=\"text\" class=\"kb-field kb-text-style-field kb-text-field kb-field-0\" data-required=\"yes\"\/><\/div><div class=\"kadence-blocks-form-field kb-form-field-1 kb-field-desk-width-50 kb-field-mobile-width-100 kb-input-size-standard\"><label for=\"kb_field_234015_9dd1ed-92_1\">Surname<span class=\"required\">*<\/span><\/label><input name=\"kb_field_1\" id=\"kb_field_234015_9dd1ed-92_1\" data-label=\"Surname\" type=\"text\" placeholder=\"\" value=\"\" data-type=\"text\" class=\"kb-field kb-text-style-field kb-text-field kb-field-1\" data-required=\"yes\"\/><\/div><div class=\"kadence-blocks-form-field kb-form-field-2 kb-field-desk-width-50 kb-field-mobile-width-100 kb-input-size-standard\"><label for=\"kb_field_234015_9dd1ed-92_2\">Email<span class=\"required\">*<\/span><\/label><input name=\"kb_field_2\" id=\"kb_field_234015_9dd1ed-92_2\" data-label=\"Email\" type=\"text\" placeholder=\"\" value=\"\" data-type=\"text\" class=\"kb-field kb-text-style-field kb-text-field kb-field-2\" data-required=\"yes\"\/><\/div><div class=\"kadence-blocks-form-field kb-form-field-3 kb-field-desk-width-50 kb-field-mobile-width-100 kb-input-size-standard\"><label for=\"kb_field_234015_9dd1ed-92_3\">Profession<span class=\"required\">*<\/span><\/label><input name=\"kb_field_3\" id=\"kb_field_234015_9dd1ed-92_3\" data-label=\"Profession\" type=\"text\" placeholder=\"\" value=\"\" data-type=\"text\" class=\"kb-field kb-text-style-field kb-text-field kb-field-3\" data-required=\"yes\"\/><\/div><div class=\"kadence-blocks-form-field kb-form-field-4 kb-field-desk-width-100 kb-input-size-standard\"><label for=\"kb_field_234015_9dd1ed-92_4\">Message<span class=\"required\">*<\/span><\/label><textarea name=\"kb_field_4\" id=\"kb_field_234015_9dd1ed-92_4\" data-label=\"Message\" type=\"textarea\" placeholder=\"\" data-type=\"textarea\" class=\"kb-field kb-text-style-field kb-textarea-field kb-field-4\" rows=\"11\" data-required=\"yes\"><\/textarea><\/div><div class=\"kadence-blocks-form-field kb-form-field-5 kb-field-desk-width-100 kb-input-size-standard kb-accept-form-field\"><a href=\"https:\/\/crownsportnutrition.com\/en\/politica-de-proteccion-de-datos\/\" target=\"_blank\" rel=\"noopener noreferrer\" class=\"kb-accept-link\">Privacy Policy<\/a><input type=\"checkbox\" name=\"kb_field_5\" id=\"kb_field_234015_9dd1ed-92_5\" class=\"kb-field kb-checkbox-style kb-accept\" value=\"accept\" data-type=\"accept\" data-required=\"yes\" data-required-message=\"Accepting the data processing is mandatory\"\/><label for=\"kb_field_234015_9dd1ed-92_5\">I consent to the processing<span class=\"required\">*<\/span><\/label><span class=\"kb-field-help\">of my personal data for the purpose of receiving the requested information.<\/span><\/div><input type=\"hidden\" name=\"_kb_form_id\" value=\"234015_9dd1ed-92\"\/><input type=\"hidden\" name=\"_kb_form_post_id\" value=\"234015\"\/><input type=\"hidden\" name=\"action\" value=\"kb_process_ajax_submit\"\/><label class=\"kadence-verify-label\">Email<input class=\"kadence-blocks-field verify\" type=\"text\" name=\"_kb_verify_email\" autocomplete=\"new-password\" aria-hidden=\"true\" placeholder=\"Email\" tabindex=\"-1\" data-1p-ignore=\"true\" data-lpignore=\"true\" \/><\/label><div class=\"kadence-blocks-form-field kb-submit-field kb-field-desk-width-100\"><button class=\"kb-forms-submit button kb-button-size-standard kb-button-width-auto\">SEND REQUEST<\/button><\/div><\/form><\/div>\n<noscript><div class=\"kadence-blocks-form-message kadence-blocks-form-warning\">Please enable JavaScript in your browser to submit the form<\/div><style>.kadence-form-234015_9dd1ed-92 .kadence-blocks-form-field.kb-submit-field { display: none; }<\/style><\/noscript><\/div><\/div>\n\n<\/div><\/div>\n\n\n<script>\njQuery(document).ready(function ($) {\n    var enviando = false;\n\n    $(\".kb-form\").on(\"submit\", function (e) {\n        e.preventDefault();   \/\/ Evita que Kadence env\u00ede por AJAX\n        if (enviando) return false;\n\n        var form = $(this);\n        var msgBox = form.find(\".kadence-blocks-form-message\");\n        msgBox.html(\"\"); \/\/ Limpia mensaje previo\n\n        \/\/ Campos (siempre relativos al formulario)\n        var nombre      = form.find(\"input[name='kb_field_0']\").val().trim();\n        var apellidos   = form.find(\"input[name='kb_field_1']\").val().trim();\n        var email       = form.find(\"input[name='kb_field_2']\").val().trim();\n        var profesion   = form.find(\"input[name='kb_field_3']\").val().trim();\n        var mensaje     = form.find(\"textarea[name='kb_field_4']\").val().trim();\n\n        var acepto_tratamiento = form.find(\"input[name='kb_field_5']\").is(\":checked\");\n        \/\/ Validaciones\n        if (!acepto_tratamiento) {\n            msgBox.html(\"You must accept the privacy policy.\");\n            return false;\n        }\n\n        if (!nombre || !apellidos || !email || !profesion || !mensaje) {\n            msgBox.html(\"All required fields must be completed.\");\n            return false;\n        }\n\n        var emailReg = \/^([\\w\\-.]+@([\\w-]+\\.)+[\\w-]{2,4})$\/;\n        if (!emailReg.test(email)) {\n            msgBox.html(\"Please enter a valid email.\");\n            return false;\n        }\n\n        \/\/ Bloquear doble env\u00edo\n        enviando = true;\n        var boton = form.find(\".kb-forms-submit\");\n        boton.prop(\"disabled\", true).text(\"Enviando...\");\n\n        \/\/ Enviar a tu PHP con las CLAVES que espera\n        $.ajax({\n            type: \"POST\",\n            url: \"\/libraries\/php\/solicitud-afiliado.php\",\n            data: {\n                nombre: nombre,\n                apellidos: apellidos,\n                email: email,\n                profesion: profesion,\n                mensaje: mensaje,\n                acepto_tratamiento: acepto_tratamiento ? \"Si\" : \"\"\n            },\n            success: function (data) {\n                if (data === \"ok\") {\n                    msgBox.html(\"Request received. We will contact you shortly.\");\n                    form[0].reset();\n                } else {\n                    msgBox.html(data);\n                }\n            },\n            error: function () {\n                msgBox.html(\"Unexpected error. Please try again later.\");\n            },\n            complete: function () {\n                enviando = false;\n                boton.prop(\"disabled\", false).text(\"SEND REQUEST\");\n            }\n        });\n\n    });\n\n});\n<\/script>\n<span class=\"kt-load-after-post\"><\/span>","protected":false},"excerpt":{"rendered":"<p>We want to collaborate with you to help your athletes achieve the greatest possible advantages, with no investment or risk for you. Our products are safe, science-based, great-tasting, easy to digest, and above all, transparent. Want to know more? Fill out the form and we\u2019ll get in touch with you. YOUR DETAILS<\/p>\n","protected":false},"author":19845,"featured_media":0,"parent":7159,"menu_order":0,"comment_status":"closed","ping_status":"closed","template":"","meta":{"_kad_blocks_custom_css":"","_kad_blocks_head_custom_js":"","_kad_blocks_body_custom_js":"","_kad_blocks_footer_custom_js":"","_kadence_starter_templates_imported_post":false,"_kad_post_transparent":"","_kad_post_title":"","_kad_post_layout":"fullwidth","_kad_post_sidebar_id":"","_kad_post_content_style":"","_kad_post_vertical_padding":"","_kad_post_feature":"","_kad_post_feature_position":"","_kad_post_header":false,"_kad_post_footer":false,"_kad_post_classname":"","footnotes":""},"class_list":["post-234015","page","type-page","status-publish","hentry"],"yoast_head":"<!-- This site is optimized with the Yoast SEO Premium plugin v27.2 (Yoast SEO v27.2) - https:\/\/yoast.com\/product\/yoast-seo-premium-wordpress\/ -->\n<title>SEND US YOUR REQUEST - Crown Sport Nutrition, sports supplementation<\/title>\n<meta name=\"description\" content=\"We want to collaborate with you to help your athletes achieve the greatest possible advantages, with no investment or risk for you. Our products are safe,\" \/>\n<meta name=\"robots\" content=\"index, follow, max-snippet:-1, max-image-preview:large, max-video-preview:-1\" \/>\n<link rel=\"canonical\" href=\"https:\/\/crownsportnutrition.com\/en\/crown-club\/apply\/\" \/>\n<meta property=\"og:locale\" content=\"en_US\" \/>\n<meta property=\"og:type\" content=\"article\" \/>\n<meta property=\"og:title\" content=\"SEND US YOUR REQUEST\" \/>\n<meta property=\"og:description\" content=\"We want to collaborate with you to help your athletes achieve the greatest possible advantages, with no investment or risk for you. Our products are safe,\" \/>\n<meta property=\"og:url\" content=\"https:\/\/crownsportnutrition.com\/en\/crown-club\/apply\/\" \/>\n<meta property=\"og:site_name\" content=\"Crown Sport Nutrition, sports supplementation\" \/>\n<meta property=\"article:publisher\" content=\"https:\/\/www.facebook.com\/crownsportnutrition\" \/>\n<meta property=\"article:modified_time\" content=\"2025-12-03T21:51:58+00:00\" \/>\n<meta property=\"og:image\" content=\"https:\/\/crownsportnutrition.com\/wp-content\/uploads\/2022\/06\/crownsportnutrition.jpg\" \/>\n\t<meta property=\"og:image:width\" content=\"1200\" \/>\n\t<meta property=\"og:image:height\" content=\"630\" \/>\n\t<meta property=\"og:image:type\" content=\"image\/jpeg\" \/>\n<meta name=\"twitter:card\" content=\"summary_large_image\" \/>\n<meta name=\"twitter:site\" content=\"@crownsportnutri\" \/>\n<meta name=\"twitter:label1\" content=\"Est. reading time\" \/>\n\t<meta name=\"twitter:data1\" content=\"1 minute\" \/>\n<script type=\"application\/ld+json\" class=\"yoast-schema-graph\">{\"@context\":\"https:\/\/schema.org\",\"@graph\":[{\"@type\":\"WebPage\",\"@id\":\"https:\/\/crownsportnutrition.com\/en\/crown-club\/apply\/\",\"url\":\"https:\/\/crownsportnutrition.com\/en\/crown-club\/apply\/\",\"name\":\"SEND US YOUR REQUEST - Crown Sport Nutrition, sports supplementation\",\"isPartOf\":{\"@id\":\"https:\/\/crownsportnutrition.com\/en\/#website\"},\"datePublished\":\"2025-11-20T13:49:25+00:00\",\"dateModified\":\"2025-12-03T21:51:58+00:00\",\"description\":\"We want to collaborate with you to help your athletes achieve the greatest possible advantages, with no investment or risk for you. Our products are safe,\",\"breadcrumb\":{\"@id\":\"https:\/\/crownsportnutrition.com\/en\/crown-club\/apply\/#breadcrumb\"},\"inLanguage\":\"en-US\",\"potentialAction\":[{\"@type\":\"ReadAction\",\"target\":[\"https:\/\/crownsportnutrition.com\/en\/crown-club\/apply\/\"]}]},{\"@type\":\"BreadcrumbList\",\"@id\":\"https:\/\/crownsportnutrition.com\/en\/crown-club\/apply\/#breadcrumb\",\"itemListElement\":[{\"@type\":\"ListItem\",\"position\":1,\"name\":\"Portada\",\"item\":\"https:\/\/crownsportnutrition.com\/en\/\"},{\"@type\":\"ListItem\",\"position\":2,\"name\":\"CROWN CLUB\",\"item\":\"https:\/\/crownsportnutrition.com\/en\/crown-club\/\"},{\"@type\":\"ListItem\",\"position\":3,\"name\":\"SEND US YOUR REQUEST\"}]},{\"@type\":\"WebSite\",\"@id\":\"https:\/\/crownsportnutrition.com\/en\/#website\",\"url\":\"https:\/\/crownsportnutrition.com\/en\/\",\"name\":\"Crown Sport Nutrition, suplementaci\u00f3n deportiva\",\"description\":\"proteinas, recuperadores, gel energetico, barritas, bebida isotonica,[:en]Otro sitio realizado con WordPress\",\"publisher\":{\"@id\":\"https:\/\/crownsportnutrition.com\/en\/#organization\"},\"potentialAction\":[{\"@type\":\"SearchAction\",\"target\":{\"@type\":\"EntryPoint\",\"urlTemplate\":\"https:\/\/crownsportnutrition.com\/en\/?s={search_term_string}\"},\"query-input\":{\"@type\":\"PropertyValueSpecification\",\"valueRequired\":true,\"valueName\":\"search_term_string\"}}],\"inLanguage\":\"en-US\"},{\"@type\":\"Organization\",\"@id\":\"https:\/\/crownsportnutrition.com\/en\/#organization\",\"name\":\"Crown Sport Nutrition, sports supplementation\",\"alternateName\":\"Crown Sport Nutrition\",\"url\":\"https:\/\/crownsportnutrition.com\/en\/\",\"logo\":{\"@type\":\"ImageObject\",\"inLanguage\":\"en-US\",\"@id\":\"https:\/\/crownsportnutrition.com\/en\/#\/schema\/logo\/image\/\",\"url\":\"https:\/\/crownsportnutrition.com\/wp-content\/uploads\/2022\/06\/logo-CROWN-SPORT-NUTRITION1-1.png\",\"contentUrl\":\"https:\/\/crownsportnutrition.com\/wp-content\/uploads\/2022\/06\/logo-CROWN-SPORT-NUTRITION1-1.png\",\"width\":150,\"height\":58,\"caption\":\"Crown Sport Nutrition, sports supplementation\"},\"image\":{\"@id\":\"https:\/\/crownsportnutrition.com\/en\/#\/schema\/logo\/image\/\"},\"sameAs\":[\"https:\/\/www.facebook.com\/crownsportnutrition\",\"https:\/\/x.com\/crownsportnutri\",\"https:\/\/www.instagram.com\/crownsportnutrition\/\",\"https:\/\/www.linkedin.com\/company\/crownsportnutrition\"],\"description\":\"Crown Sport Nutrition es una marca espa\u00f1ola de suplementaci\u00f3n deportiva enfocada en producir solo productos con base cient\u00edfica y adem\u00e1s promover la investigaci\u00f3n cient\u00edfica mediante la publicaci\u00f3n de art\u00edculos sobre varios de sus productos en revistas cient\u00edficas de primer nivel. Se utilizan las mejores materias primas mezcladas en laboratorios punteros con las normas IFS (International Food Standard), con los mejores sabores y todo doping free. Crown Sport Nutrition es la primera empresa espa\u00f1ola en obtener la certificaci\u00f3n antidoping internacional por Informed Sport.\",\"email\":\"info@crownsportnutrition.com\",\"telephone\":\"+34 613 000 417\",\"legalName\":\"Crown Sport Nutrition\"}]}<\/script>\n<!-- \/ Yoast SEO Premium plugin. -->","yoast_head_json":{"title":"SEND US YOUR REQUEST - Crown Sport Nutrition, sports supplementation","description":"We want to collaborate with you to help your athletes achieve the greatest possible advantages, with no investment or risk for you. Our products are safe,","robots":{"index":"index","follow":"follow","max-snippet":"max-snippet:-1","max-image-preview":"max-image-preview:large","max-video-preview":"max-video-preview:-1"},"canonical":"https:\/\/crownsportnutrition.com\/en\/crown-club\/apply\/","og_locale":"en_US","og_type":"article","og_title":"SEND US YOUR REQUEST","og_description":"We want to collaborate with you to help your athletes achieve the greatest possible advantages, with no investment or risk for you. Our products are safe,","og_url":"https:\/\/crownsportnutrition.com\/en\/crown-club\/apply\/","og_site_name":"Crown Sport Nutrition, sports supplementation","article_publisher":"https:\/\/www.facebook.com\/crownsportnutrition","article_modified_time":"2025-12-03T21:51:58+00:00","og_image":[{"width":1200,"height":630,"url":"https:\/\/crownsportnutrition.com\/wp-content\/uploads\/2022\/06\/crownsportnutrition.jpg","type":"image\/jpeg"}],"twitter_card":"summary_large_image","twitter_site":"@crownsportnutri","twitter_misc":{"Est. reading time":"1 minute"},"schema":{"@context":"https:\/\/schema.org","@graph":[{"@type":"WebPage","@id":"https:\/\/crownsportnutrition.com\/en\/crown-club\/apply\/","url":"https:\/\/crownsportnutrition.com\/en\/crown-club\/apply\/","name":"SEND US YOUR REQUEST - Crown Sport Nutrition, sports supplementation","isPartOf":{"@id":"https:\/\/crownsportnutrition.com\/en\/#website"},"datePublished":"2025-11-20T13:49:25+00:00","dateModified":"2025-12-03T21:51:58+00:00","description":"We want to collaborate with you to help your athletes achieve the greatest possible advantages, with no investment or risk for you. Our products are safe,","breadcrumb":{"@id":"https:\/\/crownsportnutrition.com\/en\/crown-club\/apply\/#breadcrumb"},"inLanguage":"en-US","potentialAction":[{"@type":"ReadAction","target":["https:\/\/crownsportnutrition.com\/en\/crown-club\/apply\/"]}]},{"@type":"BreadcrumbList","@id":"https:\/\/crownsportnutrition.com\/en\/crown-club\/apply\/#breadcrumb","itemListElement":[{"@type":"ListItem","position":1,"name":"Portada","item":"https:\/\/crownsportnutrition.com\/en\/"},{"@type":"ListItem","position":2,"name":"CROWN CLUB","item":"https:\/\/crownsportnutrition.com\/en\/crown-club\/"},{"@type":"ListItem","position":3,"name":"SEND US YOUR REQUEST"}]},{"@type":"WebSite","@id":"https:\/\/crownsportnutrition.com\/en\/#website","url":"https:\/\/crownsportnutrition.com\/en\/","name":"Crown Sport Nutrition, suplementaci\u00f3n deportiva","description":"proteinas, recuperadores, gel energetico, barritas, bebida isotonica,[:en]Otro sitio realizado con WordPress","publisher":{"@id":"https:\/\/crownsportnutrition.com\/en\/#organization"},"potentialAction":[{"@type":"SearchAction","target":{"@type":"EntryPoint","urlTemplate":"https:\/\/crownsportnutrition.com\/en\/?s={search_term_string}"},"query-input":{"@type":"PropertyValueSpecification","valueRequired":true,"valueName":"search_term_string"}}],"inLanguage":"en-US"},{"@type":"Organization","@id":"https:\/\/crownsportnutrition.com\/en\/#organization","name":"Crown Sport Nutrition, sports supplementation","alternateName":"Crown Sport Nutrition","url":"https:\/\/crownsportnutrition.com\/en\/","logo":{"@type":"ImageObject","inLanguage":"en-US","@id":"https:\/\/crownsportnutrition.com\/en\/#\/schema\/logo\/image\/","url":"https:\/\/crownsportnutrition.com\/wp-content\/uploads\/2022\/06\/logo-CROWN-SPORT-NUTRITION1-1.png","contentUrl":"https:\/\/crownsportnutrition.com\/wp-content\/uploads\/2022\/06\/logo-CROWN-SPORT-NUTRITION1-1.png","width":150,"height":58,"caption":"Crown Sport Nutrition, sports supplementation"},"image":{"@id":"https:\/\/crownsportnutrition.com\/en\/#\/schema\/logo\/image\/"},"sameAs":["https:\/\/www.facebook.com\/crownsportnutrition","https:\/\/x.com\/crownsportnutri","https:\/\/www.instagram.com\/crownsportnutrition\/","https:\/\/www.linkedin.com\/company\/crownsportnutrition"],"description":"Crown Sport Nutrition es una marca espa\u00f1ola de suplementaci\u00f3n deportiva enfocada en producir solo productos con base cient\u00edfica y adem\u00e1s promover la investigaci\u00f3n cient\u00edfica mediante la publicaci\u00f3n de art\u00edculos sobre varios de sus productos en revistas cient\u00edficas de primer nivel. Se utilizan las mejores materias primas mezcladas en laboratorios punteros con las normas IFS (International Food Standard), con los mejores sabores y todo doping free. Crown Sport Nutrition es la primera empresa espa\u00f1ola en obtener la certificaci\u00f3n antidoping internacional por Informed Sport.","email":"info@crownsportnutrition.com","telephone":"+34 613 000 417","legalName":"Crown Sport Nutrition"}]}},"taxonomy_info":[],"featured_image_src_large":false,"author_info":{"display_name":"Josep","author_link":"https:\/\/crownsportnutrition.com\/en\/author\/josepreal\/"},"comment_info":"","_links":{"self":[{"href":"https:\/\/crownsportnutrition.com\/en\/wp-json\/wp\/v2\/pages\/234015","targetHints":{"allow":["GET"]}}],"collection":[{"href":"https:\/\/crownsportnutrition.com\/en\/wp-json\/wp\/v2\/pages"}],"about":[{"href":"https:\/\/crownsportnutrition.com\/en\/wp-json\/wp\/v2\/types\/page"}],"author":[{"embeddable":true,"href":"https:\/\/crownsportnutrition.com\/en\/wp-json\/wp\/v2\/users\/19845"}],"replies":[{"embeddable":true,"href":"https:\/\/crownsportnutrition.com\/en\/wp-json\/wp\/v2\/comments?post=234015"}],"version-history":[{"count":0,"href":"https:\/\/crownsportnutrition.com\/en\/wp-json\/wp\/v2\/pages\/234015\/revisions"}],"up":[{"embeddable":true,"href":"https:\/\/crownsportnutrition.com\/en\/wp-json\/wp\/v2\/pages\/7159"}],"wp:attachment":[{"href":"https:\/\/crownsportnutrition.com\/en\/wp-json\/wp\/v2\/media?parent=234015"}],"curies":[{"name":"wp","href":"https:\/\/api.w.org\/{rel}","templated":true}]}}