{"id":6462,"date":"2019-11-13T12:30:49","date_gmt":"2019-11-13T11:30:49","guid":{"rendered":"https:\/\/crownsportnutrition.com\/?page_id=6462"},"modified":"2025-08-24T06:20:00","modified_gmt":"2025-08-24T04:20:00","slug":"aviso-legal","status":"publish","type":"page","link":"https:\/\/crownsportnutrition.com\/en\/aviso-legal\/","title":{"rendered":"LEGAL WARNING"},"content":{"rendered":"<h2>LEGAL NOTICE<\/h2>\n<p><em>In accordance with Law <\/em><em>34\/2002, of July 11<\/em><em>, <\/em><em>Services Information Society and Electronic Commerce <\/em><em>\u00a0(Ley\u00a0 de Servicios de la Sociedad de la Informaci\u00f3n y de Comercio Electr\u00f3nico -LSSI)<\/em><em>,<\/em><em>\u00a0 we inform:<\/em><\/p>\n<p><strong>1. Purpose<\/strong><\/p>\n<p>The service provider of the website www.crownsportnutrition.com is MEATPROT, S.L., with registered office in Pol\u00edgono Industrial El Raposal, Parcela 23 26580 ARNEDO (province of LA RIOJA) and TAX ID Number B26278028.\u00a0 The company has registered in the Companies Registry \u00a0inscripta en el Registro Mercantil de La RIOJA, inscripci\u00f3n primera de la Hoja n\u00ba LO-6245, Folio 186, Tomo 441.<\/p>\n<p>For the purposes of this document, the telephone contact number is \u00a0941129426 and the contact email is info@meatprot.com.<\/p>\n<p>This legal notice regulates the use of the domain.<strong><\/p>\n<p><\/strong><\/p>\n<p>The use of this website means you agree with the conditions included in this Notice. In the case of certain services, content and \/ or tools offered via this website requiring the application of special conditions, these shall make available to user.<\/p>\n<p>Moreover, MEATPROT, S.L. warns that both the content and services of this website and the own conditions of use may be modified without notice.<\/p>\n<p><strong>2. Conditions of use<\/strong><\/p>\n<p>The User agrees to provide truthful, accurate and complete information about its identity.<\/p>\n<p>In addition, the user agrees to keep personal \u00a0DATA \u00a0update that could be provided to the domain holder; therefore, the \u00a0data \u00a0Subject is solely responsible for the falsehoods or inaccuracies thereof.<\/p>\n<p>In the event of minors they \u00a0must have the permission of their parents, responsible for the custody of a minor or legal representatives to access to the provided services . MEATPROT, S.L. is not responsible in the event of inaccurate or false \u00a0DATA \u00a0related with\u00a0 this issue.<\/p>\n<p>The website may only be used for lawful purposes; therefore the user agrees to make a lawful and fair use under these Terms of Use, and not using the services of the website for conducts against to the Spanish legislation, morality and public order. The user assumes all responsibilities for damages against the holder of this website or third parties that may arise from illegal practices or impermissible activities as the following:<\/p>\n<ul>\n<li>To performwithout prior approvalany manipulation or alterationof this page, the holder of the Websitedoes not assume anyliability arisingfromsuch manipulationor alteration bythird parties.<\/li>\n<li>To take any actionthatcould damage,disable,overburden,or impair the website and its servicesas well as to hinder the normaluse andutilization by<\/li>\n<li>To introduce and\/ orusecomputer software, \u00a0data \u00a0, corrupted files, viruses, malicious code, computer or telecommunicationsequipment orany other, regardless of their naturewhichcandamage this<\/li>\n<li>To violatethe rights of privacy,self-image, confidentiality of communications, intellectual property and industrial property of third parties.<\/li>\n<li>To hideanddisguise the originof<\/li>\n<li>To usefalse identities, to supplant the identity ofothers in the useof this Websiteor theuse ofany of its services.<\/li>\n<li>To play, distribute, modify or copy thecontent of this page, unless you have the permission oftheholder of this websiteor beinglegally entitled for it.<\/li>\n<li>To transmitusernamesandpasswords to unauthorized third parties.<\/li>\n<\/ul>\n<p>MEATPROT, S.L. \u00a0is not liable for links to other websites and their existence does not imply that MEATPROT, S.L. approves or accepts their contents and services. These other websites are not controlled by MEATPROT, S.L. neither covered by this Privacy Policy.. If you access to other websites using the links provided, the operators of these websites may gather your personal information. Make sure you are satisfied with the privacy policies of these third-party websites before providing any personal information.<\/p>\n<p>In general,domain holder excludes its liability for any damage that may result from the use of the website, or resulting from the infringement of the rights of intellectual and industrial property by users and \/ or lack of truthfulness, accuracy, and timeliness of the content. Neither may be required responsibilities to the domains holder due to interruption of services, undesired operations or inability to access the service.<\/p>\n<p>The domain holder is not liable for damages caused by the presence of viruses or other harmful software that could produce alterations in the computer system of the user.<\/p>\n<p>The website, its programs, designs, logos, text and \/ or graphics are property of the provider of the website or has a proper license or express authorization of the authors.<\/p>\n<p>Any total or partial reproduction, use, exploitation, distribution and marketing, always requires the prior authorization of the domain holder.<\/p>\n<p>The user agrees not to perform any contrary acts to the rights of intellectual and industrial property of the author.<\/p>\n<p>The service provider authorizes third parties to redirect directly to the specific contents of this website but should be redirected to the main website of the provider.<\/p>\n<p><strong>3. Use of cookies<\/strong><\/p>\n<p>MEATPROT, S.L. as the service provider of this website declares that uses automatic procedures to collect information to save the registry of the Users that visit his website. Click here to access our <a href=\"https:\/\/crownsportnutrition.com\/en\/cookies-policy\/\">Cookies policy<\/a><\/p>\n<p><strong>4. Data Protection Policy.<\/strong><\/p>\n<p>You can consult our personal <a href=\"https:\/\/crownsportnutrition.com\/en\/data-protection-policy\/\">Data Protection Policy<\/a><\/p>\n<p><strong>5. Applicable Law<\/strong><\/p>\n<p>These Terms shall be governed at all times by the provisions of the Spanish legislation.<\/p>\n<span class=\"kt-load-after-post\"><\/span>","protected":false},"excerpt":{"rendered":"<p>LEGAL NOTICE In accordance with Law 34\/2002, of July 11, Services Information Society and Electronic Commerce \u00a0(Ley\u00a0 de Servicios de la Sociedad de la Informaci\u00f3n y de Comercio Electr\u00f3nico -LSSI),\u00a0 we inform: 1. Purpose The service provider of the website www.crownsportnutrition.com is MEATPROT, S.L., with registered office in Pol\u00edgono Industrial El Raposal, Parcela 23 26580&#8230;<\/p>\n","protected":false},"author":474,"featured_media":0,"parent":0,"menu_order":0,"comment_status":"closed","ping_status":"closed","template":"","meta":{"_kad_blocks_custom_css":"","_kad_blocks_head_custom_js":"","_kad_blocks_body_custom_js":"","_kad_blocks_footer_custom_js":"","_kadence_starter_templates_imported_post":false,"_kad_post_transparent":"","_kad_post_title":"","_kad_post_layout":"","_kad_post_sidebar_id":"","_kad_post_content_style":"","_kad_post_vertical_padding":"","_kad_post_feature":"","_kad_post_feature_position":"","_kad_post_header":false,"_kad_post_footer":false,"_kad_post_classname":"","footnotes":""},"class_list":["post-6462","page","type-page","status-publish","hentry"],"yoast_head":"<!-- This site is optimized with the Yoast SEO Premium plugin v27.2 (Yoast SEO v27.2) - https:\/\/yoast.com\/product\/yoast-seo-premium-wordpress\/ -->\n<title>LEGAL WARNING - Crown Sport Nutrition, sports supplementation<\/title>\n<meta name=\"description\" content=\"LEGAL NOTICE In accordance with Law 34\/2002, of July 11, Services Information Society and Electronic Commerce \u00a0(Ley\u00a0 de Servicios de la Sociedad de la\" \/>\n<meta name=\"robots\" content=\"index, follow, max-snippet:-1, max-image-preview:large, max-video-preview:-1\" \/>\n<link rel=\"canonical\" href=\"https:\/\/crownsportnutrition.com\/en\/aviso-legal\/\" \/>\n<meta property=\"og:locale\" content=\"en_US\" \/>\n<meta property=\"og:type\" content=\"article\" \/>\n<meta property=\"og:title\" content=\"LEGAL WARNING\" \/>\n<meta property=\"og:description\" content=\"LEGAL NOTICE In accordance with Law 34\/2002, of July 11, Services Information Society and Electronic Commerce \u00a0(Ley\u00a0 de Servicios de la Sociedad de la\" \/>\n<meta property=\"og:url\" content=\"https:\/\/crownsportnutrition.com\/en\/aviso-legal\/\" \/>\n<meta property=\"og:site_name\" content=\"Crown Sport Nutrition, sports supplementation\" \/>\n<meta property=\"article:publisher\" content=\"https:\/\/www.facebook.com\/crownsportnutrition\" \/>\n<meta property=\"article:modified_time\" content=\"2025-08-24T04:20:00+00:00\" \/>\n<meta property=\"og:image\" content=\"https:\/\/crownsportnutrition.com\/wp-content\/uploads\/2022\/06\/crownsportnutrition.jpg\" \/>\n\t<meta property=\"og:image:width\" content=\"1200\" \/>\n\t<meta property=\"og:image:height\" content=\"630\" \/>\n\t<meta property=\"og:image:type\" content=\"image\/jpeg\" \/>\n<meta name=\"twitter:card\" content=\"summary_large_image\" \/>\n<meta name=\"twitter:site\" content=\"@crownsportnutri\" \/>\n<meta name=\"twitter:label1\" content=\"Est. reading time\" \/>\n\t<meta name=\"twitter:data1\" content=\"4 minutes\" \/>\n<script type=\"application\/ld+json\" class=\"yoast-schema-graph\">{\"@context\":\"https:\/\/schema.org\",\"@graph\":[{\"@type\":\"WebPage\",\"@id\":\"https:\/\/crownsportnutrition.com\/en\/aviso-legal\/\",\"url\":\"https:\/\/crownsportnutrition.com\/en\/aviso-legal\/\",\"name\":\"LEGAL WARNING - Crown Sport Nutrition, sports supplementation\",\"isPartOf\":{\"@id\":\"https:\/\/crownsportnutrition.com\/en\/#website\"},\"datePublished\":\"2019-11-13T11:30:49+00:00\",\"dateModified\":\"2025-08-24T04:20:00+00:00\",\"description\":\"LEGAL NOTICE In accordance with Law 34\/2002, of July 11, Services Information Society and Electronic Commerce \u00a0(Ley\u00a0 de Servicios de la Sociedad de la\",\"breadcrumb\":{\"@id\":\"https:\/\/crownsportnutrition.com\/en\/aviso-legal\/#breadcrumb\"},\"inLanguage\":\"en-US\",\"potentialAction\":[{\"@type\":\"ReadAction\",\"target\":[\"https:\/\/crownsportnutrition.com\/en\/aviso-legal\/\"]}]},{\"@type\":\"BreadcrumbList\",\"@id\":\"https:\/\/crownsportnutrition.com\/en\/aviso-legal\/#breadcrumb\",\"itemListElement\":[{\"@type\":\"ListItem\",\"position\":1,\"name\":\"Portada\",\"item\":\"https:\/\/crownsportnutrition.com\/en\/\"},{\"@type\":\"ListItem\",\"position\":2,\"name\":\"LEGAL WARNING\"}]},{\"@type\":\"WebSite\",\"@id\":\"https:\/\/crownsportnutrition.com\/en\/#website\",\"url\":\"https:\/\/crownsportnutrition.com\/en\/\",\"name\":\"Crown Sport Nutrition, suplementaci\u00f3n deportiva\",\"description\":\"proteinas, recuperadores, gel energetico, barritas, bebida isotonica,[:en]Otro sitio realizado con WordPress\",\"publisher\":{\"@id\":\"https:\/\/crownsportnutrition.com\/en\/#organization\"},\"potentialAction\":[{\"@type\":\"SearchAction\",\"target\":{\"@type\":\"EntryPoint\",\"urlTemplate\":\"https:\/\/crownsportnutrition.com\/en\/?s={search_term_string}\"},\"query-input\":{\"@type\":\"PropertyValueSpecification\",\"valueRequired\":true,\"valueName\":\"search_term_string\"}}],\"inLanguage\":\"en-US\"},{\"@type\":\"Organization\",\"@id\":\"https:\/\/crownsportnutrition.com\/en\/#organization\",\"name\":\"Crown Sport Nutrition, sports supplementation\",\"alternateName\":\"Crown Sport Nutrition\",\"url\":\"https:\/\/crownsportnutrition.com\/en\/\",\"logo\":{\"@type\":\"ImageObject\",\"inLanguage\":\"en-US\",\"@id\":\"https:\/\/crownsportnutrition.com\/en\/#\/schema\/logo\/image\/\",\"url\":\"https:\/\/crownsportnutrition.com\/wp-content\/uploads\/2022\/06\/logo-CROWN-SPORT-NUTRITION1-1.png\",\"contentUrl\":\"https:\/\/crownsportnutrition.com\/wp-content\/uploads\/2022\/06\/logo-CROWN-SPORT-NUTRITION1-1.png\",\"width\":150,\"height\":58,\"caption\":\"Crown Sport Nutrition, sports supplementation\"},\"image\":{\"@id\":\"https:\/\/crownsportnutrition.com\/en\/#\/schema\/logo\/image\/\"},\"sameAs\":[\"https:\/\/www.facebook.com\/crownsportnutrition\",\"https:\/\/x.com\/crownsportnutri\",\"https:\/\/www.instagram.com\/crownsportnutrition\/\",\"https:\/\/www.linkedin.com\/company\/crownsportnutrition\"],\"description\":\"Crown Sport Nutrition es una marca espa\u00f1ola de suplementaci\u00f3n deportiva enfocada en producir solo productos con base cient\u00edfica y adem\u00e1s promover la investigaci\u00f3n cient\u00edfica mediante la publicaci\u00f3n de art\u00edculos sobre varios de sus productos en revistas cient\u00edficas de primer nivel. Se utilizan las mejores materias primas mezcladas en laboratorios punteros con las normas IFS (International Food Standard), con los mejores sabores y todo doping free. Crown Sport Nutrition es la primera empresa espa\u00f1ola en obtener la certificaci\u00f3n antidoping internacional por Informed Sport.\",\"email\":\"info@crownsportnutrition.com\",\"telephone\":\"+34 613 000 417\",\"legalName\":\"Crown Sport Nutrition\"}]}<\/script>\n<!-- \/ Yoast SEO Premium plugin. -->","yoast_head_json":{"title":"LEGAL WARNING - Crown Sport Nutrition, sports supplementation","description":"LEGAL NOTICE In accordance with Law 34\/2002, of July 11, Services Information Society and Electronic Commerce \u00a0(Ley\u00a0 de Servicios de la Sociedad de la","robots":{"index":"index","follow":"follow","max-snippet":"max-snippet:-1","max-image-preview":"max-image-preview:large","max-video-preview":"max-video-preview:-1"},"canonical":"https:\/\/crownsportnutrition.com\/en\/aviso-legal\/","og_locale":"en_US","og_type":"article","og_title":"LEGAL WARNING","og_description":"LEGAL NOTICE In accordance with Law 34\/2002, of July 11, Services Information Society and Electronic Commerce \u00a0(Ley\u00a0 de Servicios de la Sociedad de la","og_url":"https:\/\/crownsportnutrition.com\/en\/aviso-legal\/","og_site_name":"Crown Sport Nutrition, sports supplementation","article_publisher":"https:\/\/www.facebook.com\/crownsportnutrition","article_modified_time":"2025-08-24T04:20:00+00:00","og_image":[{"width":1200,"height":630,"url":"https:\/\/crownsportnutrition.com\/wp-content\/uploads\/2022\/06\/crownsportnutrition.jpg","type":"image\/jpeg"}],"twitter_card":"summary_large_image","twitter_site":"@crownsportnutri","twitter_misc":{"Est. reading time":"4 minutes"},"schema":{"@context":"https:\/\/schema.org","@graph":[{"@type":"WebPage","@id":"https:\/\/crownsportnutrition.com\/en\/aviso-legal\/","url":"https:\/\/crownsportnutrition.com\/en\/aviso-legal\/","name":"LEGAL WARNING - Crown Sport Nutrition, sports supplementation","isPartOf":{"@id":"https:\/\/crownsportnutrition.com\/en\/#website"},"datePublished":"2019-11-13T11:30:49+00:00","dateModified":"2025-08-24T04:20:00+00:00","description":"LEGAL NOTICE In accordance with Law 34\/2002, of July 11, Services Information Society and Electronic Commerce \u00a0(Ley\u00a0 de Servicios de la Sociedad de la","breadcrumb":{"@id":"https:\/\/crownsportnutrition.com\/en\/aviso-legal\/#breadcrumb"},"inLanguage":"en-US","potentialAction":[{"@type":"ReadAction","target":["https:\/\/crownsportnutrition.com\/en\/aviso-legal\/"]}]},{"@type":"BreadcrumbList","@id":"https:\/\/crownsportnutrition.com\/en\/aviso-legal\/#breadcrumb","itemListElement":[{"@type":"ListItem","position":1,"name":"Portada","item":"https:\/\/crownsportnutrition.com\/en\/"},{"@type":"ListItem","position":2,"name":"LEGAL WARNING"}]},{"@type":"WebSite","@id":"https:\/\/crownsportnutrition.com\/en\/#website","url":"https:\/\/crownsportnutrition.com\/en\/","name":"Crown Sport Nutrition, suplementaci\u00f3n deportiva","description":"proteinas, recuperadores, gel energetico, barritas, bebida isotonica,[:en]Otro sitio realizado con WordPress","publisher":{"@id":"https:\/\/crownsportnutrition.com\/en\/#organization"},"potentialAction":[{"@type":"SearchAction","target":{"@type":"EntryPoint","urlTemplate":"https:\/\/crownsportnutrition.com\/en\/?s={search_term_string}"},"query-input":{"@type":"PropertyValueSpecification","valueRequired":true,"valueName":"search_term_string"}}],"inLanguage":"en-US"},{"@type":"Organization","@id":"https:\/\/crownsportnutrition.com\/en\/#organization","name":"Crown Sport Nutrition, sports supplementation","alternateName":"Crown Sport Nutrition","url":"https:\/\/crownsportnutrition.com\/en\/","logo":{"@type":"ImageObject","inLanguage":"en-US","@id":"https:\/\/crownsportnutrition.com\/en\/#\/schema\/logo\/image\/","url":"https:\/\/crownsportnutrition.com\/wp-content\/uploads\/2022\/06\/logo-CROWN-SPORT-NUTRITION1-1.png","contentUrl":"https:\/\/crownsportnutrition.com\/wp-content\/uploads\/2022\/06\/logo-CROWN-SPORT-NUTRITION1-1.png","width":150,"height":58,"caption":"Crown Sport Nutrition, sports supplementation"},"image":{"@id":"https:\/\/crownsportnutrition.com\/en\/#\/schema\/logo\/image\/"},"sameAs":["https:\/\/www.facebook.com\/crownsportnutrition","https:\/\/x.com\/crownsportnutri","https:\/\/www.instagram.com\/crownsportnutrition\/","https:\/\/www.linkedin.com\/company\/crownsportnutrition"],"description":"Crown Sport Nutrition es una marca espa\u00f1ola de suplementaci\u00f3n deportiva enfocada en producir solo productos con base cient\u00edfica y adem\u00e1s promover la investigaci\u00f3n cient\u00edfica mediante la publicaci\u00f3n de art\u00edculos sobre varios de sus productos en revistas cient\u00edficas de primer nivel. Se utilizan las mejores materias primas mezcladas en laboratorios punteros con las normas IFS (International Food Standard), con los mejores sabores y todo doping free. Crown Sport Nutrition es la primera empresa espa\u00f1ola en obtener la certificaci\u00f3n antidoping internacional por Informed Sport.","email":"info@crownsportnutrition.com","telephone":"+34 613 000 417","legalName":"Crown Sport Nutrition"}]}},"taxonomy_info":[],"featured_image_src_large":false,"author_info":{"display_name":"miguel angel quiroga folguera","author_link":"https:\/\/crownsportnutrition.com\/en\/author\/miguelqui133hotmail-com\/"},"comment_info":"","_links":{"self":[{"href":"https:\/\/crownsportnutrition.com\/en\/wp-json\/wp\/v2\/pages\/6462","targetHints":{"allow":["GET"]}}],"collection":[{"href":"https:\/\/crownsportnutrition.com\/en\/wp-json\/wp\/v2\/pages"}],"about":[{"href":"https:\/\/crownsportnutrition.com\/en\/wp-json\/wp\/v2\/types\/page"}],"author":[{"embeddable":true,"href":"https:\/\/crownsportnutrition.com\/en\/wp-json\/wp\/v2\/users\/474"}],"replies":[{"embeddable":true,"href":"https:\/\/crownsportnutrition.com\/en\/wp-json\/wp\/v2\/comments?post=6462"}],"version-history":[{"count":0,"href":"https:\/\/crownsportnutrition.com\/en\/wp-json\/wp\/v2\/pages\/6462\/revisions"}],"wp:attachment":[{"href":"https:\/\/crownsportnutrition.com\/en\/wp-json\/wp\/v2\/media?parent=6462"}],"curies":[{"name":"wp","href":"https:\/\/api.w.org\/{rel}","templated":true}]}}