{"id":6551,"date":"2019-11-14T11:59:32","date_gmt":"2019-11-14T10:59:32","guid":{"rendered":"https:\/\/crownsportnutrition.com\/?page_id=6551"},"modified":"2019-11-14T11:59:32","modified_gmt":"2019-11-14T10:59:32","slug":"crown-pro-rugby","status":"publish","type":"page","link":"https:\/\/crownsportnutrition.com\/en\/crown-pro-rugby\/","title":{"rendered":"CROWN PRO RUGBY"},"content":{"rendered":"<p>[vc_row][vc_column][vc_raw_html]JTBBJTA5JTNDbGluayUyMGhyZWYlM0QlMjIlMkZsaWJyYXJpZXMlMkZmb250cyUyRmZvbnQtYXdlc29tZS5taW4uY3NzJTIyJTIwcmVsJTNEJTIyc3R5bGVzaGVldCUyMiUyRiUzRSUwQSUwOQ==[\/vc_raw_html][\/vc_column][\/vc_row][vc_row][vc_column][dfd_spacer screen_wide_resolution=&#8221;1280&#8243; screen_wide_spacer_size=&#8221;100&#8243; screen_normal_resolution=&#8221;1024&#8243; screen_tablet_resolution=&#8221;800&#8243; screen_mobile_resolution=&#8221;480&#8243; screen_normal_spacer_size=&#8221;100&#8243; screen_tablet_spacer_size=&#8221;100&#8243; screen_mobile_spacer_size=&#8221;100&#8243;][\/vc_column][\/vc_row][vc_row][vc_column][vc_column_text]<\/p>\n<h2 style=\"text-align: center;\">CROWN PRO RUGBY<\/h2>\n<p>[\/vc_column_text][dfd_spacer screen_wide_resolution=&#8221;1280&#8243; screen_wide_spacer_size=&#8221;40&#8243; screen_normal_resolution=&#8221;1024&#8243; screen_tablet_resolution=&#8221;800&#8243; screen_mobile_resolution=&#8221;480&#8243; screen_normal_spacer_size=&#8221;40&#8243; screen_tablet_spacer_size=&#8221;40&#8243; screen_mobile_spacer_size=&#8221;40&#8243;][dfd_masonry_container columns_number_wide=&#8221;3&#8243; columns_number_normal=&#8221;3&#8243; columns_number_medium=&#8221;2&#8243; columns_number_small=&#8221;1&#8243; el_class=&#8221;gridgeneral&#8221;] [dfd_masonry_item][vc_column_text]<\/p>\n<div class=\"entry-cover\">\n\t\t\t\t\t\t\t<img decoding=\"async\" src=\"\/images\/crownpro\/ben-curry.jpg\" alt=\"cover image\" width=\"300\" height=\"300\"\/><\/p>\n<div class=\"entry-header\">\n<div class=\"entry-title\">Ben Curry<\/div>\n<\/p><\/div>\n<div class=\"post-date\">\n\t\t\t\t\t\t\t\t<span class=\"entry-date\">Fecha nacimiento: 15\/06\/1998<\/span><\/p>\n<p>\t\t\t\t\t\t\t\t<span class=\"post-views\"><a href=\"https:\/\/www.instagram.com\/bencurry98\/\" target=\"_blank\" rel=\"noopener noreferrer\"><i class=\"fa fa-instagram\"><\/i><\/a><\/span><\/p>\n<p>\t\t\t\t\t\t\t <span class=\"entry-date\">Palmar\u00e9s:<\/span>\n\t\t\t\t\t\t\t<\/div>\n<p class=\"post-item\">\n                        &#8211;\n                          <\/p>\n<p><a href=\"\/energy-gel\"><img decoding=\"async\" alt=\"recuperaci\u00f3n y resistencia\" class=\"size-full wp-image-4369 alignleft\" src=\"\/images\/productos\/min\/energy-gel-cola.jpg\" width=\"75\" height=\"75\"><\/a><a href=\"\/energy-bar\"><img decoding=\"async\" alt=\"crowns sport nutrition\" class=\"size-full wp-image-4368 alignleft\" src=\"\/images\/productos\/min\/energy-bar.jpg\" width=\"75\" height=\"75\"><\/a><a href=\"\/isodrink-energy\"><img decoding=\"async\" alt=\"fuerza y potencia\" class=\"size-full wp-image-4346 alignleft\" src=\"\/images\/productos\/min\/isotonico-fresa.jpg\" width=\"75\" height=\"75\"><\/a><a href=\"\/31-pro-recovery\"><img decoding=\"async\" alt=\"recuperaci\u00f3n y fuerza\" class=\"size-full wp-image-4347 alignleft\" src=\"\/images\/productos\/min\/recovery.jpg\" width=\"75\" height=\"75\"><\/a><a href=\"\/beef-whey\"><img decoding=\"async\" alt=\"crowns sport nutrition\" class=\"alignleft wp-image-4346\" src=\"\/images\/productos\/min\/beef-whey.jpg\" width=\"75\" height=\"75\"><\/a><a href=\"\/100-all-beef\"><img decoding=\"async\" alt=\"crowns sport nutrition\" class=\"size-full wp-image-4368 alignleft\" src=\"\/images\/productos\/min\/all-beef.jpg\" width=\"75\" height=\"75\"><\/a><a href=\"\/hmb-3800\"><img decoding=\"async\" alt=\"crowns sport nutrition\" class=\"size-full wp-image-4368 alignleft\" src=\"\/images\/productos\/min\/hmb.jpg\" width=\"75\" height=\"75\"><\/a><a href=\"\/escreatine-monohydrate\"><img decoding=\"async\" alt=\"recuperaci\u00f3n y resistencia\" class=\"alignleft wp-image-4346\" src=\"\/images\/productos\/min\/Creatina-monohidrato-creapure-crown-sport-nutrition.jpg\" width=\"75\" height=\"75\"><\/a><\/p>\n<\/p><\/div>\n<p>\t\t\t\t\t[\/vc_column_text][\/dfd_masonry_item]<br \/>\n                     [dfd_masonry_item][vc_column_text]<\/p>\n<div class=\"entry-cover\">\n\t\t\t\t\t\t\t<img decoding=\"async\" src=\"\/images\/crownpro\/tom-curry.jpg\" alt=\"cover image\" width=\"300\" height=\"300\"\/><\/p>\n<div class=\"entry-header\">\n<div class=\"entry-title\">Tom Curry<\/div>\n<\/p><\/div>\n<div class=\"post-date\">\n\t\t\t\t\t\t\t\t<span class=\"entry-date\">Fecha nacimiento: 15\/06\/1998<\/span><\/p>\n<p>\t\t\t\t\t\t\t\t<span class=\"post-views\"><a href=\"https:\/\/www.instagram.com\/thomascurry_7\/\" target=\"_blank\" rel=\"noopener noreferrer\"><i class=\"fa fa-instagram\"><\/i><\/a><\/span><\/p>\n<p>\t\t\t\t\t\t\t <span class=\"entry-date\">Palmar\u00e9s:<\/span>\n\t\t\t\t\t\t\t<\/div>\n<p class=\"post-item\">\n                        &#8211;\n                          <\/p>\n<p><a href=\"\/energy-gel\"><img decoding=\"async\" alt=\"recuperaci\u00f3n y resistencia\" class=\"size-full wp-image-4369 alignleft\" src=\"\/images\/productos\/min\/energy-gel-cola.jpg\" width=\"75\" height=\"75\"><\/a><a href=\"\/energy-bar\"><img decoding=\"async\" alt=\"crowns sport nutrition\" class=\"size-full wp-image-4368 alignleft\" src=\"\/images\/productos\/min\/energy-bar.jpg\" width=\"75\" height=\"75\"><\/a><a href=\"\/isodrink-energy\"><img decoding=\"async\" alt=\"fuerza y potencia\" class=\"size-full wp-image-4346 alignleft\" src=\"\/images\/productos\/min\/isotonico-fresa.jpg\" width=\"75\" height=\"75\"><\/a><a href=\"\/31-pro-recovery\"><img decoding=\"async\" alt=\"recuperaci\u00f3n y fuerza\" class=\"size-full wp-image-4347 alignleft\" src=\"\/images\/productos\/min\/recovery.jpg\" width=\"75\" height=\"75\"><\/a><a href=\"\/beef-whey\"><img decoding=\"async\" alt=\"crowns sport nutrition\" class=\"alignleft wp-image-4346\" src=\"\/images\/productos\/min\/beef-whey.jpg\" width=\"75\" height=\"75\"><\/a><a href=\"\/100-all-beef\"><img decoding=\"async\" alt=\"crowns sport nutrition\" class=\"size-full wp-image-4368 alignleft\" src=\"\/images\/productos\/min\/all-beef.jpg\" width=\"75\" height=\"75\"><\/a><\/p>\n<\/p><\/div>\n<p>\t\t\t\t[\/vc_column_text][\/dfd_masonry_item]<\/p>\n<p>                          [dfd_masonry_item][vc_column_text]<\/p>\n<div class=\"entry-cover\">\n\t\t\t\t\t\t\t<img decoding=\"async\" src=\"\/images\/crownpro\/josh.jpg\" alt=\"cover image\" width=\"300\" height=\"300\"\/><\/p>\n<div class=\"entry-header\">\n<div class=\"entry-title\">Josh Strauss<\/div>\n<\/p><\/div>\n<div class=\"post-date\">\n\t\t\t\t\t\t\t\t<span class=\"entry-date\">Fecha nacimiento: 23\/10\/1986<\/span><\/p>\n<p>\t\t\t\t\t\t\t\t<span class=\"post-views\"><\/span><\/p>\n<p>\t\t\t\t\t\t\t <span class=\"entry-date\">Palmar\u00e9s:<\/span>\n\t\t\t\t\t\t\t<\/div>\n<p class=\"post-item\">\n                        &#8211;\n                          <\/p>\n<p><a href=\"\/energy-gel\"><img decoding=\"async\" alt=\"recuperaci\u00f3n y resistencia\" class=\"size-full wp-image-4369 alignleft\" src=\"\/images\/productos\/min\/energy-gel-cola.jpg\" width=\"75\" height=\"75\"><\/a><a href=\"\/energy-bar\"><img decoding=\"async\" alt=\"crowns sport nutrition\" class=\"size-full wp-image-4368 alignleft\" src=\"\/images\/productos\/min\/energy-bar.jpg\" width=\"75\" height=\"75\"><\/a><a href=\"\/isodrink-energy\"><img decoding=\"async\" alt=\"fuerza y potencia\" class=\"size-full wp-image-4346 alignleft\" src=\"\/images\/productos\/min\/isotonico-fresa.jpg\" width=\"75\" height=\"75\"><\/a><a href=\"\/31-pro-recovery\"><img decoding=\"async\" alt=\"recuperaci\u00f3n y fuerza\" class=\"size-full wp-image-4347 alignleft\" src=\"\/images\/productos\/min\/recovery.jpg\" width=\"75\" height=\"75\"><\/a><a href=\"\/beef-whey\"><img decoding=\"async\" alt=\"crowns sport nutrition\" class=\"alignleft wp-image-4346\" src=\"\/images\/productos\/min\/beef-whey.jpg\" width=\"75\" height=\"75\"><\/a><a href=\"\/escreatine-monohydrate\"><img decoding=\"async\" alt=\"recuperaci\u00f3n y resistencia\" class=\"alignleft wp-image-4346\" src=\"\/images\/productos\/min\/Creatina-monohidrato-creapure-crown-sport-nutrition.jpg\" width=\"75\" height=\"75\"><\/a><\/p>\n<\/p><\/div>\n<p>\t\t\t\t[\/vc_column_text][\/dfd_masonry_item]<br \/>\n[\/dfd_masonry_container][\/vc_column][\/vc_row][vc_row][vc_column][dfd_spacer screen_wide_resolution=&#8221;1280&#8243; screen_wide_spacer_size=&#8221;100&#8243; screen_normal_resolution=&#8221;1024&#8243; screen_tablet_resolution=&#8221;800&#8243; screen_mobile_resolution=&#8221;480&#8243; screen_normal_spacer_size=&#8221;100&#8243; screen_tablet_spacer_size=&#8221;100&#8243; screen_mobile_spacer_size=&#8221;100&#8243;][\/vc_column][\/vc_row]<\/p>\n<span class=\"kt-load-after-post\"><\/span>","protected":false},"excerpt":{"rendered":"<p>[vc_row][vc_column][vc_raw_html]JTBBJTA5JTNDbGluayUyMGhyZWYlM0QlMjIlMkZsaWJyYXJpZXMlMkZmb250cyUyRmZvbnQtYXdlc29tZS5taW4uY3NzJTIyJTIwcmVsJTNEJTIyc3R5bGVzaGVldCUyMiUyRiUzRSUwQSUwOQ==[\/vc_raw_html][\/vc_column][\/vc_row][vc_row][vc_column][dfd_spacer screen_wide_resolution=&#8221;1280&#8243; screen_wide_spacer_size=&#8221;100&#8243; screen_normal_resolution=&#8221;1024&#8243; screen_tablet_resolution=&#8221;800&#8243; screen_mobile_resolution=&#8221;480&#8243; screen_normal_spacer_size=&#8221;100&#8243; screen_tablet_spacer_size=&#8221;100&#8243; screen_mobile_spacer_size=&#8221;100&#8243;][\/vc_column][\/vc_row][vc_row][vc_column][vc_column_text] CROWN PRO RUGBY [\/vc_column_text][dfd_spacer screen_wide_resolution=&#8221;1280&#8243; screen_wide_spacer_size=&#8221;40&#8243; screen_normal_resolution=&#8221;1024&#8243; screen_tablet_resolution=&#8221;800&#8243; screen_mobile_resolution=&#8221;480&#8243; screen_normal_spacer_size=&#8221;40&#8243; screen_tablet_spacer_size=&#8221;40&#8243; screen_mobile_spacer_size=&#8221;40&#8243;][dfd_masonry_container columns_number_wide=&#8221;3&#8243; columns_number_normal=&#8221;3&#8243; columns_number_medium=&#8221;2&#8243; columns_number_small=&#8221;1&#8243; el_class=&#8221;gridgeneral&#8221;] [dfd_masonry_item][vc_column_text] Ben Curry Fecha nacimiento: 15\/06\/1998 Palmar\u00e9s: &#8211; [\/vc_column_text][\/dfd_masonry_item] [dfd_masonry_item][vc_column_text] Tom Curry Fecha nacimiento: 15\/06\/1998 Palmar\u00e9s: &#8211; [\/vc_column_text][\/dfd_masonry_item] [dfd_masonry_item][vc_column_text] Josh Strauss Fecha nacimiento: 23\/10\/1986 Palmar\u00e9s: &#8211; [\/vc_column_text][\/dfd_masonry_item] [\/dfd_masonry_container][\/vc_column][\/vc_row][vc_row][vc_column][dfd_spacer screen_wide_resolution=&#8221;1280&#8243;&#8230;<\/p>\n","protected":false},"author":474,"featured_media":0,"parent":0,"menu_order":0,"comment_status":"closed","ping_status":"closed","template":"page-custom.php","meta":{"_kad_blocks_custom_css":"","_kad_blocks_head_custom_js":"","_kad_blocks_body_custom_js":"","_kad_blocks_footer_custom_js":"","_kadence_starter_templates_imported_post":false,"_kad_post_transparent":"","_kad_post_title":"","_kad_post_layout":"","_kad_post_sidebar_id":"","_kad_post_content_style":"","_kad_post_vertical_padding":"","_kad_post_feature":"","_kad_post_feature_position":"","_kad_post_header":false,"_kad_post_footer":false,"_kad_post_classname":"","footnotes":""},"class_list":["post-6551","page","type-page","status-publish","hentry"],"yoast_head":"<!-- This site is optimized with the Yoast SEO Premium plugin v27.2 (Yoast SEO v27.2) - https:\/\/yoast.com\/product\/yoast-seo-premium-wordpress\/ -->\n<title>CROWN PRO RUGBY - Crown Sport Nutrition, sports supplementation<\/title>\n<meta name=\"description\" content=\"JTBBJTA5JTNDbGluayUyMGhyZWYlM0QlMjIlMkZsaWJyYXJpZXMlMkZmb250cyUyRmZvbnQtYXdlc29tZS5taW4uY3NzJTIyJTIwcmVsJTNEJTIyc3R5bGVzaGVldCUyMiUyRiUzRSUwQSUwOQ== CROWN\" \/>\n<meta name=\"robots\" content=\"index, follow, max-snippet:-1, max-image-preview:large, max-video-preview:-1\" \/>\n<link rel=\"canonical\" href=\"https:\/\/crownsportnutrition.com\/en\/crown-pro-rugby\/\" \/>\n<meta property=\"og:locale\" content=\"en_US\" \/>\n<meta property=\"og:type\" content=\"article\" \/>\n<meta property=\"og:title\" content=\"CROWN PRO RUGBY\" \/>\n<meta property=\"og:description\" content=\"JTBBJTA5JTNDbGluayUyMGhyZWYlM0QlMjIlMkZsaWJyYXJpZXMlMkZmb250cyUyRmZvbnQtYXdlc29tZS5taW4uY3NzJTIyJTIwcmVsJTNEJTIyc3R5bGVzaGVldCUyMiUyRiUzRSUwQSUwOQ== CROWN\" \/>\n<meta property=\"og:url\" content=\"https:\/\/crownsportnutrition.com\/en\/crown-pro-rugby\/\" \/>\n<meta property=\"og:site_name\" content=\"Crown Sport Nutrition, sports supplementation\" \/>\n<meta property=\"article:publisher\" content=\"https:\/\/www.facebook.com\/crownsportnutrition\" \/>\n<meta property=\"og:image\" content=\"https:\/\/crownsportnutrition.com\/wp-content\/uploads\/2022\/06\/crownsportnutrition.jpg\" \/>\n\t<meta property=\"og:image:width\" content=\"1200\" \/>\n\t<meta property=\"og:image:height\" content=\"630\" \/>\n\t<meta property=\"og:image:type\" content=\"image\/jpeg\" \/>\n<meta name=\"twitter:card\" content=\"summary_large_image\" \/>\n<meta name=\"twitter:site\" content=\"@crownsportnutri\" \/>\n<meta name=\"twitter:label1\" content=\"Est. reading time\" \/>\n\t<meta name=\"twitter:data1\" content=\"1 minute\" \/>\n<script type=\"application\/ld+json\" class=\"yoast-schema-graph\">{\"@context\":\"https:\/\/schema.org\",\"@graph\":[{\"@type\":\"WebPage\",\"@id\":\"https:\/\/crownsportnutrition.com\/en\/crown-pro-rugby\/\",\"url\":\"https:\/\/crownsportnutrition.com\/en\/crown-pro-rugby\/\",\"name\":\"CROWN PRO RUGBY - Crown Sport Nutrition, sports supplementation\",\"isPartOf\":{\"@id\":\"https:\/\/crownsportnutrition.com\/en\/#website\"},\"datePublished\":\"2019-11-14T10:59:32+00:00\",\"description\":\"JTBBJTA5JTNDbGluayUyMGhyZWYlM0QlMjIlMkZsaWJyYXJpZXMlMkZmb250cyUyRmZvbnQtYXdlc29tZS5taW4uY3NzJTIyJTIwcmVsJTNEJTIyc3R5bGVzaGVldCUyMiUyRiUzRSUwQSUwOQ== CROWN\",\"breadcrumb\":{\"@id\":\"https:\/\/crownsportnutrition.com\/en\/crown-pro-rugby\/#breadcrumb\"},\"inLanguage\":\"en-US\",\"potentialAction\":[{\"@type\":\"ReadAction\",\"target\":[\"https:\/\/crownsportnutrition.com\/en\/crown-pro-rugby\/\"]}]},{\"@type\":\"BreadcrumbList\",\"@id\":\"https:\/\/crownsportnutrition.com\/en\/crown-pro-rugby\/#breadcrumb\",\"itemListElement\":[{\"@type\":\"ListItem\",\"position\":1,\"name\":\"Portada\",\"item\":\"https:\/\/crownsportnutrition.com\/en\/\"},{\"@type\":\"ListItem\",\"position\":2,\"name\":\"CROWN PRO RUGBY\"}]},{\"@type\":\"WebSite\",\"@id\":\"https:\/\/crownsportnutrition.com\/en\/#website\",\"url\":\"https:\/\/crownsportnutrition.com\/en\/\",\"name\":\"Crown Sport Nutrition, suplementaci\u00f3n deportiva\",\"description\":\"proteinas, recuperadores, gel energetico, barritas, bebida isotonica,[:en]Otro sitio realizado con WordPress\",\"publisher\":{\"@id\":\"https:\/\/crownsportnutrition.com\/en\/#organization\"},\"potentialAction\":[{\"@type\":\"SearchAction\",\"target\":{\"@type\":\"EntryPoint\",\"urlTemplate\":\"https:\/\/crownsportnutrition.com\/en\/?s={search_term_string}\"},\"query-input\":{\"@type\":\"PropertyValueSpecification\",\"valueRequired\":true,\"valueName\":\"search_term_string\"}}],\"inLanguage\":\"en-US\"},{\"@type\":\"Organization\",\"@id\":\"https:\/\/crownsportnutrition.com\/en\/#organization\",\"name\":\"Crown Sport Nutrition, sports supplementation\",\"alternateName\":\"Crown Sport Nutrition\",\"url\":\"https:\/\/crownsportnutrition.com\/en\/\",\"logo\":{\"@type\":\"ImageObject\",\"inLanguage\":\"en-US\",\"@id\":\"https:\/\/crownsportnutrition.com\/en\/#\/schema\/logo\/image\/\",\"url\":\"https:\/\/crownsportnutrition.com\/wp-content\/uploads\/2022\/06\/logo-CROWN-SPORT-NUTRITION1-1.png\",\"contentUrl\":\"https:\/\/crownsportnutrition.com\/wp-content\/uploads\/2022\/06\/logo-CROWN-SPORT-NUTRITION1-1.png\",\"width\":150,\"height\":58,\"caption\":\"Crown Sport Nutrition, sports supplementation\"},\"image\":{\"@id\":\"https:\/\/crownsportnutrition.com\/en\/#\/schema\/logo\/image\/\"},\"sameAs\":[\"https:\/\/www.facebook.com\/crownsportnutrition\",\"https:\/\/x.com\/crownsportnutri\",\"https:\/\/www.instagram.com\/crownsportnutrition\/\",\"https:\/\/www.linkedin.com\/company\/crownsportnutrition\"],\"description\":\"Crown Sport Nutrition es una marca espa\u00f1ola de suplementaci\u00f3n deportiva enfocada en producir solo productos con base cient\u00edfica y adem\u00e1s promover la investigaci\u00f3n cient\u00edfica mediante la publicaci\u00f3n de art\u00edculos sobre varios de sus productos en revistas cient\u00edficas de primer nivel. Se utilizan las mejores materias primas mezcladas en laboratorios punteros con las normas IFS (International Food Standard), con los mejores sabores y todo doping free. Crown Sport Nutrition es la primera empresa espa\u00f1ola en obtener la certificaci\u00f3n antidoping internacional por Informed Sport.\",\"email\":\"info@crownsportnutrition.com\",\"telephone\":\"+34 613 000 417\",\"legalName\":\"Crown Sport Nutrition\"}]}<\/script>\n<!-- \/ Yoast SEO Premium plugin. -->","yoast_head_json":{"title":"CROWN PRO RUGBY - Crown Sport Nutrition, sports supplementation","description":"JTBBJTA5JTNDbGluayUyMGhyZWYlM0QlMjIlMkZsaWJyYXJpZXMlMkZmb250cyUyRmZvbnQtYXdlc29tZS5taW4uY3NzJTIyJTIwcmVsJTNEJTIyc3R5bGVzaGVldCUyMiUyRiUzRSUwQSUwOQ== CROWN","robots":{"index":"index","follow":"follow","max-snippet":"max-snippet:-1","max-image-preview":"max-image-preview:large","max-video-preview":"max-video-preview:-1"},"canonical":"https:\/\/crownsportnutrition.com\/en\/crown-pro-rugby\/","og_locale":"en_US","og_type":"article","og_title":"CROWN PRO RUGBY","og_description":"JTBBJTA5JTNDbGluayUyMGhyZWYlM0QlMjIlMkZsaWJyYXJpZXMlMkZmb250cyUyRmZvbnQtYXdlc29tZS5taW4uY3NzJTIyJTIwcmVsJTNEJTIyc3R5bGVzaGVldCUyMiUyRiUzRSUwQSUwOQ== CROWN","og_url":"https:\/\/crownsportnutrition.com\/en\/crown-pro-rugby\/","og_site_name":"Crown Sport Nutrition, sports supplementation","article_publisher":"https:\/\/www.facebook.com\/crownsportnutrition","og_image":[{"width":1200,"height":630,"url":"https:\/\/crownsportnutrition.com\/wp-content\/uploads\/2022\/06\/crownsportnutrition.jpg","type":"image\/jpeg"}],"twitter_card":"summary_large_image","twitter_site":"@crownsportnutri","twitter_misc":{"Est. reading time":"1 minute"},"schema":{"@context":"https:\/\/schema.org","@graph":[{"@type":"WebPage","@id":"https:\/\/crownsportnutrition.com\/en\/crown-pro-rugby\/","url":"https:\/\/crownsportnutrition.com\/en\/crown-pro-rugby\/","name":"CROWN PRO RUGBY - Crown Sport Nutrition, sports supplementation","isPartOf":{"@id":"https:\/\/crownsportnutrition.com\/en\/#website"},"datePublished":"2019-11-14T10:59:32+00:00","description":"JTBBJTA5JTNDbGluayUyMGhyZWYlM0QlMjIlMkZsaWJyYXJpZXMlMkZmb250cyUyRmZvbnQtYXdlc29tZS5taW4uY3NzJTIyJTIwcmVsJTNEJTIyc3R5bGVzaGVldCUyMiUyRiUzRSUwQSUwOQ== CROWN","breadcrumb":{"@id":"https:\/\/crownsportnutrition.com\/en\/crown-pro-rugby\/#breadcrumb"},"inLanguage":"en-US","potentialAction":[{"@type":"ReadAction","target":["https:\/\/crownsportnutrition.com\/en\/crown-pro-rugby\/"]}]},{"@type":"BreadcrumbList","@id":"https:\/\/crownsportnutrition.com\/en\/crown-pro-rugby\/#breadcrumb","itemListElement":[{"@type":"ListItem","position":1,"name":"Portada","item":"https:\/\/crownsportnutrition.com\/en\/"},{"@type":"ListItem","position":2,"name":"CROWN PRO RUGBY"}]},{"@type":"WebSite","@id":"https:\/\/crownsportnutrition.com\/en\/#website","url":"https:\/\/crownsportnutrition.com\/en\/","name":"Crown Sport Nutrition, suplementaci\u00f3n deportiva","description":"proteinas, recuperadores, gel energetico, barritas, bebida isotonica,[:en]Otro sitio realizado con WordPress","publisher":{"@id":"https:\/\/crownsportnutrition.com\/en\/#organization"},"potentialAction":[{"@type":"SearchAction","target":{"@type":"EntryPoint","urlTemplate":"https:\/\/crownsportnutrition.com\/en\/?s={search_term_string}"},"query-input":{"@type":"PropertyValueSpecification","valueRequired":true,"valueName":"search_term_string"}}],"inLanguage":"en-US"},{"@type":"Organization","@id":"https:\/\/crownsportnutrition.com\/en\/#organization","name":"Crown Sport Nutrition, sports supplementation","alternateName":"Crown Sport Nutrition","url":"https:\/\/crownsportnutrition.com\/en\/","logo":{"@type":"ImageObject","inLanguage":"en-US","@id":"https:\/\/crownsportnutrition.com\/en\/#\/schema\/logo\/image\/","url":"https:\/\/crownsportnutrition.com\/wp-content\/uploads\/2022\/06\/logo-CROWN-SPORT-NUTRITION1-1.png","contentUrl":"https:\/\/crownsportnutrition.com\/wp-content\/uploads\/2022\/06\/logo-CROWN-SPORT-NUTRITION1-1.png","width":150,"height":58,"caption":"Crown Sport Nutrition, sports supplementation"},"image":{"@id":"https:\/\/crownsportnutrition.com\/en\/#\/schema\/logo\/image\/"},"sameAs":["https:\/\/www.facebook.com\/crownsportnutrition","https:\/\/x.com\/crownsportnutri","https:\/\/www.instagram.com\/crownsportnutrition\/","https:\/\/www.linkedin.com\/company\/crownsportnutrition"],"description":"Crown Sport Nutrition es una marca espa\u00f1ola de suplementaci\u00f3n deportiva enfocada en producir solo productos con base cient\u00edfica y adem\u00e1s promover la investigaci\u00f3n cient\u00edfica mediante la publicaci\u00f3n de art\u00edculos sobre varios de sus productos en revistas cient\u00edficas de primer nivel. Se utilizan las mejores materias primas mezcladas en laboratorios punteros con las normas IFS (International Food Standard), con los mejores sabores y todo doping free. Crown Sport Nutrition es la primera empresa espa\u00f1ola en obtener la certificaci\u00f3n antidoping internacional por Informed Sport.","email":"info@crownsportnutrition.com","telephone":"+34 613 000 417","legalName":"Crown Sport Nutrition"}]}},"taxonomy_info":[],"featured_image_src_large":false,"author_info":{"display_name":"miguel angel quiroga folguera","author_link":"https:\/\/crownsportnutrition.com\/en\/author\/miguelqui133hotmail-com\/"},"comment_info":"","_links":{"self":[{"href":"https:\/\/crownsportnutrition.com\/en\/wp-json\/wp\/v2\/pages\/6551","targetHints":{"allow":["GET"]}}],"collection":[{"href":"https:\/\/crownsportnutrition.com\/en\/wp-json\/wp\/v2\/pages"}],"about":[{"href":"https:\/\/crownsportnutrition.com\/en\/wp-json\/wp\/v2\/types\/page"}],"author":[{"embeddable":true,"href":"https:\/\/crownsportnutrition.com\/en\/wp-json\/wp\/v2\/users\/474"}],"replies":[{"embeddable":true,"href":"https:\/\/crownsportnutrition.com\/en\/wp-json\/wp\/v2\/comments?post=6551"}],"version-history":[{"count":0,"href":"https:\/\/crownsportnutrition.com\/en\/wp-json\/wp\/v2\/pages\/6551\/revisions"}],"wp:attachment":[{"href":"https:\/\/crownsportnutrition.com\/en\/wp-json\/wp\/v2\/media?parent=6551"}],"curies":[{"name":"wp","href":"https:\/\/api.w.org\/{rel}","templated":true}]}}