{"id":6592,"date":"2019-11-14T17:37:03","date_gmt":"2019-11-14T16:37:03","guid":{"rendered":"https:\/\/crownsportnutrition.com\/?page_id=6592"},"modified":"2025-08-24T06:33:31","modified_gmt":"2025-08-24T04:33:31","slug":"formacion","status":"publish","type":"page","link":"https:\/\/crownsportnutrition.com\/en\/formacion\/","title":{"rendered":"TRAINING"},"content":{"rendered":"\n<script src=\"\/js\/masonry.pkgd.min.js\"><\/script>\n<script>\njQuery('.grid').masonry({\n  itemSelector: '.grid-item', \/\/ use a separate class for itemSelector, other than .col-\n\n  percentPosition: true\n});\n<\/script>\n<script>\n jQuery(document).on('ready',function(){\nvar url = \"\/libraries\/php\/contenidovideos.php\";                                      \n        jQuery.ajax({                        \n           type: \"POST\",             \n           url: url,\t\t                       \n           data: {\"r\" : \"si\"},\n           success: function(data)            \n           {\nif(data!=\"ko\"){\njQuery('#contenidovideos').html(data);\n\t}else{\nwindow.location.href = \"\/formacion\";\n}\n           }\n         });\n });\n<\/script>\n<style>\n.grid-item { \nwidth: 33%;\n    padding-left: 3%;\n    padding-right: 3%;\n    padding-bottom: 40px;\n }\n @media (max-width: 1201px) {\t\n .grid-item { \nwidth: 50%;\n    padding-left: 3%;\n    padding-right: 3%;\n    padding-bottom: 40px;\n }\n }\n  @media (max-width: 768px) {\n .modal-open .modal {\n    overflow-y: scroll !important;\n}\n  }\n  @media (max-width: 468px) {\t\n .grid-item { \nwidth: 100%;\n    padding-left: 3%;\n    padding-right: 3%;\n    padding-bottom: 40px;\n }\n\n }\n\n.grid-item {\n    padding-bottom: 0px !important;\n    padding-top: 0px;\n    display: inline-block;\n}\n.entry-cover {\n    width: 100%;\n    float: right;\n}\n\n.entry-cover {\n    padding-bottom: 20px;\n}\n.entry-cover {\n    padding-bottom: 0px !important;\n}\n.entry-cover .entry-title {\n    display: inline-block;\n    text-transform: uppercase;\n    font-weight: 700;\n}\n.entry-header {\n    margin-bottom: 0;\n}\n.entry-date{\nfont-size:12px;\n}\n<\/style>\n\n\n<style>#kt-layout-id6592_c62576-40 > .kt-row-column-wrap{align-content:start;}:where(#kt-layout-id6592_c62576-40 > .kt-row-column-wrap) > .wp-block-kadence-column{justify-content:start;}#kt-layout-id6592_c62576-40 > .kt-row-column-wrap{column-gap:var(--global-kb-gap-md, 2rem);row-gap:var(--global-kb-gap-md, 2rem);padding-top:var( --global-kb-row-default-top, 25px );padding-bottom:var( --global-kb-row-default-bottom, 25px );padding-bottom:50px;grid-template-columns:repeat(2, minmax(0, 1fr));}#kt-layout-id6592_c62576-40 > .kt-row-layout-overlay{opacity:0.30;}@media all and (max-width: 1024px){#kt-layout-id6592_c62576-40 > .kt-row-column-wrap{grid-template-columns:repeat(2, minmax(0, 1fr));}}@media all and (max-width: 767px){#kt-layout-id6592_c62576-40 > .kt-row-column-wrap{grid-template-columns:minmax(0, 1fr);}}<\/style>\n<style>.kadence-column6592_43ab28-cc > .kt-inside-inner-col{border-top-width:0px;border-right-width:0px;border-bottom-width:0px;border-left-width:0px;}.kadence-column6592_43ab28-cc > .kt-inside-inner-col,.kadence-column6592_43ab28-cc > .kt-inside-inner-col:before{border-top-left-radius:0px;border-top-right-radius:0px;border-bottom-right-radius:0px;border-bottom-left-radius:0px;}.kadence-column6592_43ab28-cc > .kt-inside-inner-col{column-gap:var(--global-kb-gap-sm, 1rem);}.kadence-column6592_43ab28-cc > .kt-inside-inner-col{flex-direction:column;}.kadence-column6592_43ab28-cc > .kt-inside-inner-col > .aligncenter{width:100%;}.kadence-column6592_43ab28-cc > .kt-inside-inner-col:before{opacity:0.3;}.kadence-column6592_43ab28-cc{position:relative;}@media all and (max-width: 1024px){.kadence-column6592_43ab28-cc > .kt-inside-inner-col{flex-direction:column;justify-content:center;}}@media all and (max-width: 767px){.kadence-column6592_43ab28-cc > .kt-inside-inner-col{flex-direction:column;justify-content:center;}}<\/style>\n<div class=\"wp-block-kadence-column kadence-column6592_43ab28-cc inner-column-1\"><div class=\"kt-inside-inner-col\">\n<h3 class=\"wp-block-heading\" id=\"h-do-you-know-exactly-how-to-use-your-gels-bars-and-isotonic-drink-do-you-want-to-expand-your-knowledge-about-hydration-and-sports-nutrition\">Do you know exactly how to use your gels, bars, and isotonic drink? Do you want to expand your knowledge about hydration and sports nutrition?<\/h3>\n\n\n\n<p>Register for free and get access to our CROWN TRAINING.<\/p>\n\n\n\n<h3 class=\"wp-block-heading\" id=\"h-what-is-crown-training\">What is CROWN TRAINING?<\/h3>\n\n\n\n<p>An environment of content on SPORTS NUTRITION, a science-based information channel that uses accessible language for everyone. The goal is to help all athletes, salespeople, coaches, nutritionists, and commercial agents\u2014in short, a channel that supports sport.<\/p>\n\n\n\n<h3 class=\"wp-block-heading\" id=\"h-description\">Description<\/h3>\n\n\n\n<p>In this audiovisual technical training, you can quickly and easily learn the basic theory to start fueling and hydrating before, during, and after exercise in endurance sports. You\u2019ll learn how to use your gels, bars, and isotonic drink, as well as other topics such as Proteins, BCAAs, Creatine, HMB, Beta-Alanine, etc.\u2014always with a scientific and objective foundation.<\/p>\n<\/div><\/div>\n\n\n<style>.kadence-column6592_7281ae-5f > .kt-inside-inner-col{border-top-width:0px;border-right-width:0px;border-bottom-width:0px;border-left-width:0px;}.kadence-column6592_7281ae-5f > .kt-inside-inner-col,.kadence-column6592_7281ae-5f > .kt-inside-inner-col:before{border-top-left-radius:0px;border-top-right-radius:0px;border-bottom-right-radius:0px;border-bottom-left-radius:0px;}.kadence-column6592_7281ae-5f > .kt-inside-inner-col{column-gap:var(--global-kb-gap-sm, 1rem);}.kadence-column6592_7281ae-5f > .kt-inside-inner-col{flex-direction:column;}.kadence-column6592_7281ae-5f > .kt-inside-inner-col > .aligncenter{width:100%;}.kadence-column6592_7281ae-5f > .kt-inside-inner-col:before{opacity:0.3;}.kadence-column6592_7281ae-5f{position:relative;}@media all and (max-width: 1024px){.kadence-column6592_7281ae-5f > .kt-inside-inner-col{flex-direction:column;justify-content:center;}}@media all and (max-width: 767px){.kadence-column6592_7281ae-5f > .kt-inside-inner-col{flex-direction:column;justify-content:center;}}<\/style>\n<div class=\"wp-block-kadence-column kadence-column6592_7281ae-5f inner-column-2\"><div class=\"kt-inside-inner-col\">\n<h3 class=\"wp-block-heading\" id=\"h-types-of-content\">Types of content<\/h3>\n\n\n\n<p>These are simple videos covering basic topics such as how to fuel and hydrate before, during, and after exercise in endurance sports, how to use gels, bars, and isotonic drinks, as well as other products of interest such as Proteins, BCAAs, Creatine, HMB, Beta-Alanine, etc.\u2014always with a scientific (studies) and objective foundation.<\/p>\n\n\n\n<h3 class=\"wp-block-heading\" id=\"h-who-is-it-for\">Who is it for?<\/h3>\n\n\n\n<p>For all athletes and prescribers interested in staying up to date on sports nutrition following scientific criteria. Especially suitable for professionals such as stores, clubs, coaches, and nutritionists.<\/p>\n<\/div><\/div>\n\n\n\n\n<div id=\"contenidovideos\"><\/div>\n<span class=\"kt-load-after-post\"><\/span>","protected":false},"excerpt":{"rendered":"<p>Do you know exactly how to use your gels, bars, and isotonic drink? Do you want to expand your knowledge about hydration and sports nutrition? Register for free and get access to our CROWN TRAINING. What is CROWN TRAINING? An environment of content on SPORTS NUTRITION, a science-based information channel that uses accessible language for&#8230;<\/p>\n","protected":false},"author":474,"featured_media":0,"parent":0,"menu_order":0,"comment_status":"closed","ping_status":"closed","template":"","meta":{"_kad_blocks_custom_css":"","_kad_blocks_head_custom_js":"","_kad_blocks_body_custom_js":"","_kad_blocks_footer_custom_js":"","_kadence_starter_templates_imported_post":false,"_kad_post_transparent":"","_kad_post_title":"","_kad_post_layout":"normal","_kad_post_sidebar_id":"","_kad_post_content_style":"unboxed","_kad_post_vertical_padding":"","_kad_post_feature":"","_kad_post_feature_position":"","_kad_post_header":false,"_kad_post_footer":false,"_kad_post_classname":"","footnotes":""},"class_list":["post-6592","page","type-page","status-publish","hentry"],"yoast_head":"<!-- This site is optimized with the Yoast SEO Premium plugin v27.2 (Yoast SEO v27.2) - https:\/\/yoast.com\/product\/yoast-seo-premium-wordpress\/ -->\n<title>TRAINING - Crown Sport Nutrition, sports supplementation<\/title>\n<meta name=\"description\" content=\"Do you know exactly how to use your gels, bars, and isotonic drink? Do you want to expand your knowledge about hydration and sports nutrition? Register\" \/>\n<meta name=\"robots\" content=\"index, follow, max-snippet:-1, max-image-preview:large, max-video-preview:-1\" \/>\n<link rel=\"canonical\" href=\"https:\/\/crownsportnutrition.com\/en\/formacion\/\" \/>\n<meta property=\"og:locale\" content=\"en_US\" \/>\n<meta property=\"og:type\" content=\"article\" \/>\n<meta property=\"og:title\" content=\"TRAINING\" \/>\n<meta property=\"og:description\" content=\"Do you know exactly how to use your gels, bars, and isotonic drink? Do you want to expand your knowledge about hydration and sports nutrition? Register\" \/>\n<meta property=\"og:url\" content=\"https:\/\/crownsportnutrition.com\/en\/formacion\/\" \/>\n<meta property=\"og:site_name\" content=\"Crown Sport Nutrition, sports supplementation\" \/>\n<meta property=\"article:publisher\" content=\"https:\/\/www.facebook.com\/crownsportnutrition\" \/>\n<meta property=\"article:modified_time\" content=\"2025-08-24T04:33:31+00:00\" \/>\n<meta property=\"og:image\" content=\"https:\/\/crownsportnutrition.com\/wp-content\/uploads\/2022\/06\/crownsportnutrition.jpg\" \/>\n\t<meta property=\"og:image:width\" content=\"1200\" \/>\n\t<meta property=\"og:image:height\" content=\"630\" \/>\n\t<meta property=\"og:image:type\" content=\"image\/jpeg\" \/>\n<meta name=\"twitter:card\" content=\"summary_large_image\" \/>\n<meta name=\"twitter:site\" content=\"@crownsportnutri\" \/>\n<meta name=\"twitter:label1\" content=\"Est. reading time\" \/>\n\t<meta name=\"twitter:data1\" content=\"1 minute\" \/>\n<script type=\"application\/ld+json\" class=\"yoast-schema-graph\">{\"@context\":\"https:\/\/schema.org\",\"@graph\":[{\"@type\":\"WebPage\",\"@id\":\"https:\/\/crownsportnutrition.com\/en\/formacion\/\",\"url\":\"https:\/\/crownsportnutrition.com\/en\/formacion\/\",\"name\":\"TRAINING - Crown Sport Nutrition, sports supplementation\",\"isPartOf\":{\"@id\":\"https:\/\/crownsportnutrition.com\/en\/#website\"},\"datePublished\":\"2019-11-14T16:37:03+00:00\",\"dateModified\":\"2025-08-24T04:33:31+00:00\",\"description\":\"Do you know exactly how to use your gels, bars, and isotonic drink? Do you want to expand your knowledge about hydration and sports nutrition? Register\",\"breadcrumb\":{\"@id\":\"https:\/\/crownsportnutrition.com\/en\/formacion\/#breadcrumb\"},\"inLanguage\":\"en-US\",\"potentialAction\":[{\"@type\":\"ReadAction\",\"target\":[\"https:\/\/crownsportnutrition.com\/en\/formacion\/\"]}]},{\"@type\":\"BreadcrumbList\",\"@id\":\"https:\/\/crownsportnutrition.com\/en\/formacion\/#breadcrumb\",\"itemListElement\":[{\"@type\":\"ListItem\",\"position\":1,\"name\":\"Portada\",\"item\":\"https:\/\/crownsportnutrition.com\/en\/\"},{\"@type\":\"ListItem\",\"position\":2,\"name\":\"TRAINING\"}]},{\"@type\":\"WebSite\",\"@id\":\"https:\/\/crownsportnutrition.com\/en\/#website\",\"url\":\"https:\/\/crownsportnutrition.com\/en\/\",\"name\":\"Crown Sport Nutrition, suplementaci\u00f3n deportiva\",\"description\":\"proteinas, recuperadores, gel energetico, barritas, bebida isotonica,[:en]Otro sitio realizado con WordPress\",\"publisher\":{\"@id\":\"https:\/\/crownsportnutrition.com\/en\/#organization\"},\"potentialAction\":[{\"@type\":\"SearchAction\",\"target\":{\"@type\":\"EntryPoint\",\"urlTemplate\":\"https:\/\/crownsportnutrition.com\/en\/?s={search_term_string}\"},\"query-input\":{\"@type\":\"PropertyValueSpecification\",\"valueRequired\":true,\"valueName\":\"search_term_string\"}}],\"inLanguage\":\"en-US\"},{\"@type\":\"Organization\",\"@id\":\"https:\/\/crownsportnutrition.com\/en\/#organization\",\"name\":\"Crown Sport Nutrition, sports supplementation\",\"alternateName\":\"Crown Sport Nutrition\",\"url\":\"https:\/\/crownsportnutrition.com\/en\/\",\"logo\":{\"@type\":\"ImageObject\",\"inLanguage\":\"en-US\",\"@id\":\"https:\/\/crownsportnutrition.com\/en\/#\/schema\/logo\/image\/\",\"url\":\"https:\/\/crownsportnutrition.com\/wp-content\/uploads\/2022\/06\/logo-CROWN-SPORT-NUTRITION1-1.png\",\"contentUrl\":\"https:\/\/crownsportnutrition.com\/wp-content\/uploads\/2022\/06\/logo-CROWN-SPORT-NUTRITION1-1.png\",\"width\":150,\"height\":58,\"caption\":\"Crown Sport Nutrition, sports supplementation\"},\"image\":{\"@id\":\"https:\/\/crownsportnutrition.com\/en\/#\/schema\/logo\/image\/\"},\"sameAs\":[\"https:\/\/www.facebook.com\/crownsportnutrition\",\"https:\/\/x.com\/crownsportnutri\",\"https:\/\/www.instagram.com\/crownsportnutrition\/\",\"https:\/\/www.linkedin.com\/company\/crownsportnutrition\"],\"description\":\"Crown Sport Nutrition es una marca espa\u00f1ola de suplementaci\u00f3n deportiva enfocada en producir solo productos con base cient\u00edfica y adem\u00e1s promover la investigaci\u00f3n cient\u00edfica mediante la publicaci\u00f3n de art\u00edculos sobre varios de sus productos en revistas cient\u00edficas de primer nivel. Se utilizan las mejores materias primas mezcladas en laboratorios punteros con las normas IFS (International Food Standard), con los mejores sabores y todo doping free. Crown Sport Nutrition es la primera empresa espa\u00f1ola en obtener la certificaci\u00f3n antidoping internacional por Informed Sport.\",\"email\":\"info@crownsportnutrition.com\",\"telephone\":\"+34 613 000 417\",\"legalName\":\"Crown Sport Nutrition\"}]}<\/script>\n<!-- \/ Yoast SEO Premium plugin. -->","yoast_head_json":{"title":"TRAINING - Crown Sport Nutrition, sports supplementation","description":"Do you know exactly how to use your gels, bars, and isotonic drink? Do you want to expand your knowledge about hydration and sports nutrition? Register","robots":{"index":"index","follow":"follow","max-snippet":"max-snippet:-1","max-image-preview":"max-image-preview:large","max-video-preview":"max-video-preview:-1"},"canonical":"https:\/\/crownsportnutrition.com\/en\/formacion\/","og_locale":"en_US","og_type":"article","og_title":"TRAINING","og_description":"Do you know exactly how to use your gels, bars, and isotonic drink? Do you want to expand your knowledge about hydration and sports nutrition? Register","og_url":"https:\/\/crownsportnutrition.com\/en\/formacion\/","og_site_name":"Crown Sport Nutrition, sports supplementation","article_publisher":"https:\/\/www.facebook.com\/crownsportnutrition","article_modified_time":"2025-08-24T04:33:31+00:00","og_image":[{"width":1200,"height":630,"url":"https:\/\/crownsportnutrition.com\/wp-content\/uploads\/2022\/06\/crownsportnutrition.jpg","type":"image\/jpeg"}],"twitter_card":"summary_large_image","twitter_site":"@crownsportnutri","twitter_misc":{"Est. reading time":"1 minute"},"schema":{"@context":"https:\/\/schema.org","@graph":[{"@type":"WebPage","@id":"https:\/\/crownsportnutrition.com\/en\/formacion\/","url":"https:\/\/crownsportnutrition.com\/en\/formacion\/","name":"TRAINING - Crown Sport Nutrition, sports supplementation","isPartOf":{"@id":"https:\/\/crownsportnutrition.com\/en\/#website"},"datePublished":"2019-11-14T16:37:03+00:00","dateModified":"2025-08-24T04:33:31+00:00","description":"Do you know exactly how to use your gels, bars, and isotonic drink? Do you want to expand your knowledge about hydration and sports nutrition? Register","breadcrumb":{"@id":"https:\/\/crownsportnutrition.com\/en\/formacion\/#breadcrumb"},"inLanguage":"en-US","potentialAction":[{"@type":"ReadAction","target":["https:\/\/crownsportnutrition.com\/en\/formacion\/"]}]},{"@type":"BreadcrumbList","@id":"https:\/\/crownsportnutrition.com\/en\/formacion\/#breadcrumb","itemListElement":[{"@type":"ListItem","position":1,"name":"Portada","item":"https:\/\/crownsportnutrition.com\/en\/"},{"@type":"ListItem","position":2,"name":"TRAINING"}]},{"@type":"WebSite","@id":"https:\/\/crownsportnutrition.com\/en\/#website","url":"https:\/\/crownsportnutrition.com\/en\/","name":"Crown Sport Nutrition, suplementaci\u00f3n deportiva","description":"proteinas, recuperadores, gel energetico, barritas, bebida isotonica,[:en]Otro sitio realizado con WordPress","publisher":{"@id":"https:\/\/crownsportnutrition.com\/en\/#organization"},"potentialAction":[{"@type":"SearchAction","target":{"@type":"EntryPoint","urlTemplate":"https:\/\/crownsportnutrition.com\/en\/?s={search_term_string}"},"query-input":{"@type":"PropertyValueSpecification","valueRequired":true,"valueName":"search_term_string"}}],"inLanguage":"en-US"},{"@type":"Organization","@id":"https:\/\/crownsportnutrition.com\/en\/#organization","name":"Crown Sport Nutrition, sports supplementation","alternateName":"Crown Sport Nutrition","url":"https:\/\/crownsportnutrition.com\/en\/","logo":{"@type":"ImageObject","inLanguage":"en-US","@id":"https:\/\/crownsportnutrition.com\/en\/#\/schema\/logo\/image\/","url":"https:\/\/crownsportnutrition.com\/wp-content\/uploads\/2022\/06\/logo-CROWN-SPORT-NUTRITION1-1.png","contentUrl":"https:\/\/crownsportnutrition.com\/wp-content\/uploads\/2022\/06\/logo-CROWN-SPORT-NUTRITION1-1.png","width":150,"height":58,"caption":"Crown Sport Nutrition, sports supplementation"},"image":{"@id":"https:\/\/crownsportnutrition.com\/en\/#\/schema\/logo\/image\/"},"sameAs":["https:\/\/www.facebook.com\/crownsportnutrition","https:\/\/x.com\/crownsportnutri","https:\/\/www.instagram.com\/crownsportnutrition\/","https:\/\/www.linkedin.com\/company\/crownsportnutrition"],"description":"Crown Sport Nutrition es una marca espa\u00f1ola de suplementaci\u00f3n deportiva enfocada en producir solo productos con base cient\u00edfica y adem\u00e1s promover la investigaci\u00f3n cient\u00edfica mediante la publicaci\u00f3n de art\u00edculos sobre varios de sus productos en revistas cient\u00edficas de primer nivel. Se utilizan las mejores materias primas mezcladas en laboratorios punteros con las normas IFS (International Food Standard), con los mejores sabores y todo doping free. Crown Sport Nutrition es la primera empresa espa\u00f1ola en obtener la certificaci\u00f3n antidoping internacional por Informed Sport.","email":"info@crownsportnutrition.com","telephone":"+34 613 000 417","legalName":"Crown Sport Nutrition"}]}},"taxonomy_info":[],"featured_image_src_large":false,"author_info":{"display_name":"miguel angel quiroga folguera","author_link":"https:\/\/crownsportnutrition.com\/en\/author\/miguelqui133hotmail-com\/"},"comment_info":"","_links":{"self":[{"href":"https:\/\/crownsportnutrition.com\/en\/wp-json\/wp\/v2\/pages\/6592","targetHints":{"allow":["GET"]}}],"collection":[{"href":"https:\/\/crownsportnutrition.com\/en\/wp-json\/wp\/v2\/pages"}],"about":[{"href":"https:\/\/crownsportnutrition.com\/en\/wp-json\/wp\/v2\/types\/page"}],"author":[{"embeddable":true,"href":"https:\/\/crownsportnutrition.com\/en\/wp-json\/wp\/v2\/users\/474"}],"replies":[{"embeddable":true,"href":"https:\/\/crownsportnutrition.com\/en\/wp-json\/wp\/v2\/comments?post=6592"}],"version-history":[{"count":0,"href":"https:\/\/crownsportnutrition.com\/en\/wp-json\/wp\/v2\/pages\/6592\/revisions"}],"wp:attachment":[{"href":"https:\/\/crownsportnutrition.com\/en\/wp-json\/wp\/v2\/media?parent=6592"}],"curies":[{"name":"wp","href":"https:\/\/api.w.org\/{rel}","templated":true}]}}