{"id":6814,"date":"2019-11-18T21:16:50","date_gmt":"2019-11-18T20:16:50","guid":{"rendered":"https:\/\/crownsportnutrition.com\/?page_id=6814"},"modified":"2025-09-04T17:28:44","modified_gmt":"2025-09-04T15:28:44","slug":"mas-informacion-sobre-cookies","status":"publish","type":"page","link":"https:\/\/crownsportnutrition.com\/en\/mas-informacion-sobre-cookies\/","title":{"rendered":"Cookie-Richtlinie"},"content":{"rendered":"<p>[vc_row][vc_column][dfd_spacer screen_wide_resolution=&#8221;1280&#8243; screen_wide_spacer_size=&#8221;100&#8243; screen_normal_resolution=&#8221;1024&#8243; screen_tablet_resolution=&#8221;800&#8243; screen_mobile_resolution=&#8221;480&#8243; screen_normal_spacer_size=&#8221;100&#8243; screen_tablet_spacer_size=&#8221;100&#8243; screen_mobile_spacer_size=&#8221;100&#8243;][\/vc_column][\/vc_row][vc_row css=&#8221;.vc_custom_1573722575343{padding-right: 10px !important;padding-left: 10px !important;}&#8221;][vc_column][vc_column_text]<\/p>\n<h2>Weitere Informationen \u00fcber Cookies<\/h2>\n<h3>Was ist ein Cookie?<\/h3>\n<p>Ein Cookie ist eine <strong>harmlose<\/strong> Textdatei, die in Ihrem Browser gespeichert wird, wenn Sie nahezu jede Website besuchen. Der Zweck des Cookies besteht darin, dass sich die Website bei einem erneuten Besuch an Ihren Besuch erinnert. Obwohl viele Menschen dies nicht wissen, werden Cookies bereits seit 20 Jahren verwendet, seitdem die ersten Browser f\u00fcr das World Wide Web erschienen sind.<\/p>\n<h3>Was ist kein Cookie?<\/h3>\n<p>Es ist weder ein Virus noch ein Trojaner, noch ein Wurm, noch Spam, noch Spyware, noch \u00f6ffnet es Pop-up-Fenster.<\/p>\n<h3>Welche Informationen speichert ein Cookie?<\/h3>\n<p><em>Cookies<\/em> speichern in der Regel keine sensiblen Informationen \u00fcber Sie, wie Kreditkarten- oder Bankdaten, Fotos, Ihre Ausweisnummer oder pers\u00f6nliche Informationen usw. Die Daten, die sie speichern, sind technische Daten, pers\u00f6nliche Pr\u00e4ferenzen, Inhaltsanpassungen usw.<\/p>\n<p>Der Webserver ordnet Sie nicht als Person zu, sondern Ihrem Webbrowser. Tats\u00e4chlich werden Sie feststellen, dass eine Website nicht erkennt, dass Sie dieselbe Person sind, wenn Sie normalerweise mit Internet Explorer surfen und versuchen, dieselbe Website mit Firefox oder Chrome aufzurufen, da sie in Wirklichkeit den Browser und nicht die Person zuordnet.<\/p>\n<h3>Welche Arten von Cookies gibt es?<\/h3>\n<ul>\n<li><em>Technische Cookies:<\/em> Dies sind die grundlegendsten und erm\u00f6glichen es unter anderem zu erkennen, ob ein Mensch oder eine automatisierte Anwendung surft, ob ein anonymer oder ein registrierter Nutzer surft \u2013 grundlegende Aufgaben f\u00fcr das Funktionieren jeder dynamischen Website.<\/li>\n<li><em>Analyse-Cookies:<\/em> Sie sammeln Informationen \u00fcber die Art des Surfens, die von Ihnen am h\u00e4ufigsten genutzten Bereiche, angesehene Produkte, verwendete Zeitzone, Sprache usw.<\/li>\n<li><em>Werbe-Cookies:<\/em> Sie zeigen Werbung basierend auf Ihrem Surfverhalten, Ihrem Herkunftsland, Ihrer Sprache usw.<\/li>\n<\/ul>\n<h3>Was sind Erstanbieter- und Drittanbieter-Cookies?<\/h3>\n<p>Erstanbieter-Cookies sind diejenigen, die von der Website erzeugt werden, die Sie gerade besuchen, und Drittanbieter-Cookies sind diejenigen, die von externen Diensten oder Anbietern wie Facebook, Twitter, Google usw. erzeugt werden.<\/p>\n<h3>Was passiert, wenn ich Cookies deaktiviere?<\/h3>\n<p>Um Ihnen die Auswirkungen der Deaktivierung von Cookies zu verdeutlichen, hier einige Beispiele:<\/p>\n<ul>\n<li>Sie k\u00f6nnen keine Inhalte von dieser Website auf Facebook, Twitter oder in anderen sozialen Netzwerken teilen.<\/li>\n<li>Die Website kann Inhalte nicht an Ihre pers\u00f6nlichen Vorlieben anpassen, wie es oft in Online-Shops der Fall ist.<\/li>\n<li>Sie k\u00f6nnen nicht auf den pers\u00f6nlichen Bereich dieser Website zugreifen, wie \u201eMein Konto\u201c, \u201eMein Profil\u201c oder \u201eMeine Bestellungen\u201c.<\/li>\n<li>Online-Shops: Es ist unm\u00f6glich, Online-Eink\u00e4ufe zu t\u00e4tigen; diese m\u00fcssten telefonisch oder durch Besuch des physischen Gesch\u00e4fts (falls vorhanden) erfolgen.<\/li>\n<li>Sie k\u00f6nnen Ihre geografischen Pr\u00e4ferenzen wie Zeitzone, W\u00e4hrung oder Sprache nicht personalisieren.<\/li>\n<li>Die Website kann keine Webanalysen \u00fcber Besucher und den Datenverkehr durchf\u00fchren, was es erschwert, wettbewerbsf\u00e4hig zu bleiben.<\/li>\n<li>Sie k\u00f6nnen nicht im Blog schreiben, keine Fotos hochladen, keine Kommentare ver\u00f6ffentlichen, Inhalte nicht bewerten oder rezensieren. Die Website erkennt au\u00dferdem nicht, ob Sie ein Mensch oder eine automatisierte Anwendung sind, die Spam ver\u00f6ffentlicht.<\/li>\n<li>Branchenspezifische Werbung kann nicht angezeigt werden, was die Werbeeinnahmen der Website verringert.<\/li>\n<li>Alle sozialen Netzwerke verwenden Cookies. Wenn Sie diese deaktivieren, k\u00f6nnen Sie kein soziales Netzwerk nutzen.<\/li>\n<\/ul>\n<h3>K\u00f6nnen Cookies gel\u00f6scht werden?<\/h3>\n<p>Ja. Sie k\u00f6nnen nicht nur gel\u00f6scht, sondern auch blockiert werden \u2013 entweder allgemein oder gezielt f\u00fcr eine bestimmte Domain.<\/p>\n<p>Um die Cookies einer Website zu l\u00f6schen, m\u00fcssen Sie die Einstellungen Ihres Browsers aufrufen, dort nach den mit der betreffenden Domain verkn\u00fcpften Cookies suchen und diese l\u00f6schen.<\/p>\n<h1>Cookie-Einstellungen f\u00fcr die g\u00e4ngigsten Browser<\/h1>\n<p>Nachfolgend erkl\u00e4ren wir, wie Sie in Chrome auf ein bestimmtes Cookie zugreifen k\u00f6nnen. Hinweis: Diese Schritte k\u00f6nnen je nach Browserversion variieren:<\/p>\n<ol>\n<li>Gehen Sie zu <strong>Einstellungen<\/strong> oder <strong>Voreinstellungen<\/strong> \u00fcber das Men\u00fc \u201eDatei\u201c oder durch Klicken auf das Anpassungssymbol oben rechts.<\/li>\n<li>Sie sehen verschiedene Bereiche, klicken Sie auf die Option <strong>Erweiterte Einstellungen anzeigen<\/strong>.<\/li>\n<li>Gehen Sie zu <strong>Datenschutz<\/strong>, <strong>Inhaltseinstellungen<\/strong>.<\/li>\n<li>W\u00e4hlen Sie <strong>Alle Cookies und Websitedaten<\/strong>.<\/li>\n<li>Es erscheint eine Liste mit allen Cookies, nach Domains sortiert. Um die Cookies einer bestimmten Domain leichter zu finden, geben Sie einen Teil oder die gesamte Adresse in das Feld <strong>Cookies durchsuchen<\/strong> ein.<\/li>\n<li>Nach Anwendung dieses Filters erscheinen eine oder mehrere Zeilen mit den Cookies der gew\u00fcnschten Website. W\u00e4hlen Sie nun einfach das gew\u00fcnschte Cookie aus und klicken Sie auf das <strong>X<\/strong>, um es zu l\u00f6schen.<\/li>\n<\/ol>\n<p>Um in Internet Explorer auf die Cookie-Einstellungen zuzugreifen, folgen Sie diesen Schritten (sie k\u00f6nnen je nach Browserversion variieren):<\/p>\n<ol>\n<li>Gehen Sie zu <strong>Extras<\/strong>, <strong>Internetoptionen<\/strong>.<\/li>\n<li>Klicken Sie auf <strong>Datenschutz<\/strong>.<\/li>\n<li>Bewegen Sie den Schieberegler, um die gew\u00fcnschte Datenschutzstufe einzustellen.<\/li>\n<\/ol>\n<p>Um in den <strong>Cookie-Einstellungen<\/strong> verschiedener Browser \u00c4nderungen vorzunehmen, gehen Sie wie folgt vor (die Schritte k\u00f6nnen je nach Browserversion variieren):<\/p>\n<p><strong>Firefox<\/strong><\/p>\n<ol>\n<li>Gehen Sie zu <strong>Optionen<\/strong> oder <strong>Einstellungen<\/strong> (abh\u00e4ngig vom Betriebssystem).<\/li>\n<li>Klicken Sie auf <strong>Datenschutz<\/strong>.<\/li>\n<li>W\u00e4hlen Sie unter <strong>Chronik<\/strong> die Option <strong>benutzerdefinierte Einstellungen f\u00fcr die Chronik verwenden<\/strong>.<\/li>\n<li>Nun sehen Sie die Option <strong>Cookies akzeptieren<\/strong>, die Sie nach Ihren W\u00fcnschen aktivieren oder deaktivieren k\u00f6nnen.<\/li>\n<\/ol>\n<p><strong>Safari f\u00fcr OSX<\/strong><\/p>\n<ol>\n<li>Gehen Sie zu <strong>Einstellungen<\/strong>, dann <strong>Datenschutz<\/strong>.<\/li>\n<li>Dort finden Sie die Option <strong>Cookies blockieren<\/strong>, um die Art der Sperre festzulegen, die Sie anwenden m\u00f6chten.<\/li>\n<\/ol>\n<p><strong>Safari f\u00fcr iOS<\/strong><\/p>\n<ol>\n<li>Gehen Sie zu <strong>Einstellungen<\/strong>, dann <strong>Safari<\/strong>.<\/li>\n<li>Gehen Sie zu <strong>Datenschutz &amp; Sicherheit<\/strong>, wo Sie die Option <strong>Cookies blockieren<\/strong> finden, um die gew\u00fcnschte Sperre einzustellen.<\/li>\n<\/ol>\n<p><strong>Browser auf Android-Ger\u00e4ten<\/strong><\/p>\n<ol>\n<li>\u00d6ffnen Sie den Browser und dr\u00fccken Sie die <strong>Men\u00fc-Taste<\/strong>, dann <strong>Einstellungen<\/strong>.<\/li>\n<li>Gehen Sie zu <strong>Sicherheit &amp; Datenschutz<\/strong>, wo Sie die Option <strong>Cookies akzeptieren<\/strong> finden, die Sie aktivieren oder deaktivieren k\u00f6nnen.<\/li>\n<\/ol>\n<p><strong>Browser auf Windows-Phone-Ger\u00e4ten<\/strong><\/p>\n<ol>\n<li>\u00d6ffnen Sie <strong>Internet Explorer<\/strong>, dann <strong>Mehr<\/strong>, dann <strong>Einstellungen<\/strong>.<\/li>\n<li>Dort k\u00f6nnen Sie das Kontrollk\u00e4stchen <strong>Cookies zulassen<\/strong> aktivieren oder deaktivieren.<\/li>\n<\/ol>\n<p>[\/vc_column_text][\/vc_column][\/vc_row][vc_row][vc_column][dfd_spacer screen_wide_resolution=&#8221;1280&#8243; screen_wide_spacer_size=&#8221;100&#8243; screen_normal_resolution=&#8221;1024&#8243; screen_tablet_resolution=&#8221;800&#8243; screen_mobile_resolution=&#8221;480&#8243; screen_normal_spacer_size=&#8221;100&#8243; screen_tablet_spacer_size=&#8221;100&#8243; screen_mobile_spacer_size=&#8221;100&#8243;][\/vc_column][\/vc_row]<\/p>\n<span class=\"kt-load-after-post\"><\/span>","protected":false},"excerpt":{"rendered":"<p>[vc_row][vc_column][dfd_spacer screen_wide_resolution=&#8221;1280&#8243; screen_wide_spacer_size=&#8221;100&#8243; screen_normal_resolution=&#8221;1024&#8243; screen_tablet_resolution=&#8221;800&#8243; screen_mobile_resolution=&#8221;480&#8243; screen_normal_spacer_size=&#8221;100&#8243; screen_tablet_spacer_size=&#8221;100&#8243; screen_mobile_spacer_size=&#8221;100&#8243;][\/vc_column][\/vc_row][vc_row css=&#8221;.vc_custom_1573722575343{padding-right: 10px !important;padding-left: 10px !important;}&#8221;][vc_column][vc_column_text] Weitere Informationen \u00fcber Cookies Was ist ein Cookie? Ein Cookie ist eine harmlose Textdatei, die in Ihrem Browser gespeichert wird, wenn Sie nahezu jede Website besuchen. Der Zweck des Cookies besteht darin, dass sich die Website bei einem erneuten Besuch an&#8230;<\/p>\n","protected":false},"author":474,"featured_media":0,"parent":0,"menu_order":0,"comment_status":"closed","ping_status":"closed","template":"","meta":{"_kad_blocks_custom_css":"","_kad_blocks_head_custom_js":"","_kad_blocks_body_custom_js":"","_kad_blocks_footer_custom_js":"","_kadence_starter_templates_imported_post":false,"_kad_post_transparent":"","_kad_post_title":"","_kad_post_layout":"","_kad_post_sidebar_id":"","_kad_post_content_style":"","_kad_post_vertical_padding":"","_kad_post_feature":"","_kad_post_feature_position":"","_kad_post_header":false,"_kad_post_footer":false,"_kad_post_classname":"","footnotes":""},"class_list":["post-6814","page","type-page","status-publish","hentry"],"yoast_head":"<!-- This site is optimized with the Yoast SEO Premium plugin v27.2 (Yoast SEO v27.2) - https:\/\/yoast.com\/product\/yoast-seo-premium-wordpress\/ -->\n<title>Cookie-Richtlinie - Crown Sport Nutrition, sports supplementation<\/title>\n<meta name=\"description\" content=\"Weitere Informationen \u00fcber Cookies Was ist ein Cookie? Ein Cookie ist eine harmlose Textdatei, die in Ihrem Browser gespeichert wird, wenn Sie nahezu jede\" \/>\n<meta name=\"robots\" content=\"index, follow, max-snippet:-1, max-image-preview:large, max-video-preview:-1\" \/>\n<link rel=\"canonical\" href=\"https:\/\/crownsportnutrition.com\/en\/mas-informacion-sobre-cookies\/\" \/>\n<meta property=\"og:locale\" content=\"en_US\" \/>\n<meta property=\"og:type\" content=\"article\" \/>\n<meta property=\"og:title\" content=\"Cookie-Richtlinie\" \/>\n<meta property=\"og:description\" content=\"Weitere Informationen \u00fcber Cookies Was ist ein Cookie? Ein Cookie ist eine harmlose Textdatei, die in Ihrem Browser gespeichert wird, wenn Sie nahezu jede\" \/>\n<meta property=\"og:url\" content=\"https:\/\/crownsportnutrition.com\/en\/mas-informacion-sobre-cookies\/\" \/>\n<meta property=\"og:site_name\" content=\"Crown Sport Nutrition, sports supplementation\" \/>\n<meta property=\"article:publisher\" content=\"https:\/\/www.facebook.com\/crownsportnutrition\" \/>\n<meta property=\"article:modified_time\" content=\"2025-09-04T15:28:44+00:00\" \/>\n<meta property=\"og:image\" content=\"https:\/\/crownsportnutrition.com\/wp-content\/uploads\/2022\/06\/crownsportnutrition.jpg\" \/>\n\t<meta property=\"og:image:width\" content=\"1200\" \/>\n\t<meta property=\"og:image:height\" content=\"630\" \/>\n\t<meta property=\"og:image:type\" content=\"image\/jpeg\" \/>\n<meta name=\"twitter:card\" content=\"summary_large_image\" \/>\n<meta name=\"twitter:site\" content=\"@crownsportnutri\" \/>\n<meta name=\"twitter:label1\" content=\"Est. reading time\" \/>\n\t<meta name=\"twitter:data1\" content=\"4 minutes\" \/>\n<script type=\"application\/ld+json\" class=\"yoast-schema-graph\">{\"@context\":\"https:\/\/schema.org\",\"@graph\":[{\"@type\":\"WebPage\",\"@id\":\"https:\/\/crownsportnutrition.com\/en\/mas-informacion-sobre-cookies\/\",\"url\":\"https:\/\/crownsportnutrition.com\/en\/mas-informacion-sobre-cookies\/\",\"name\":\"Cookie-Richtlinie - Crown Sport Nutrition, sports supplementation\",\"isPartOf\":{\"@id\":\"https:\/\/crownsportnutrition.com\/en\/#website\"},\"datePublished\":\"2019-11-18T20:16:50+00:00\",\"dateModified\":\"2025-09-04T15:28:44+00:00\",\"description\":\"Weitere Informationen \u00fcber Cookies Was ist ein Cookie? Ein Cookie ist eine harmlose Textdatei, die in Ihrem Browser gespeichert wird, wenn Sie nahezu jede\",\"breadcrumb\":{\"@id\":\"https:\/\/crownsportnutrition.com\/en\/mas-informacion-sobre-cookies\/#breadcrumb\"},\"inLanguage\":\"en-US\",\"potentialAction\":[{\"@type\":\"ReadAction\",\"target\":[\"https:\/\/crownsportnutrition.com\/en\/mas-informacion-sobre-cookies\/\"]}]},{\"@type\":\"BreadcrumbList\",\"@id\":\"https:\/\/crownsportnutrition.com\/en\/mas-informacion-sobre-cookies\/#breadcrumb\",\"itemListElement\":[{\"@type\":\"ListItem\",\"position\":1,\"name\":\"Portada\",\"item\":\"https:\/\/crownsportnutrition.com\/en\/\"},{\"@type\":\"ListItem\",\"position\":2,\"name\":\"Cookie-Richtlinie\"}]},{\"@type\":\"WebSite\",\"@id\":\"https:\/\/crownsportnutrition.com\/en\/#website\",\"url\":\"https:\/\/crownsportnutrition.com\/en\/\",\"name\":\"Crown Sport Nutrition, suplementaci\u00f3n deportiva\",\"description\":\"proteinas, recuperadores, gel energetico, barritas, bebida isotonica,[:en]Otro sitio realizado con WordPress\",\"publisher\":{\"@id\":\"https:\/\/crownsportnutrition.com\/en\/#organization\"},\"potentialAction\":[{\"@type\":\"SearchAction\",\"target\":{\"@type\":\"EntryPoint\",\"urlTemplate\":\"https:\/\/crownsportnutrition.com\/en\/?s={search_term_string}\"},\"query-input\":{\"@type\":\"PropertyValueSpecification\",\"valueRequired\":true,\"valueName\":\"search_term_string\"}}],\"inLanguage\":\"en-US\"},{\"@type\":\"Organization\",\"@id\":\"https:\/\/crownsportnutrition.com\/en\/#organization\",\"name\":\"Crown Sport Nutrition, sports supplementation\",\"alternateName\":\"Crown Sport Nutrition\",\"url\":\"https:\/\/crownsportnutrition.com\/en\/\",\"logo\":{\"@type\":\"ImageObject\",\"inLanguage\":\"en-US\",\"@id\":\"https:\/\/crownsportnutrition.com\/en\/#\/schema\/logo\/image\/\",\"url\":\"https:\/\/crownsportnutrition.com\/wp-content\/uploads\/2022\/06\/logo-CROWN-SPORT-NUTRITION1-1.png\",\"contentUrl\":\"https:\/\/crownsportnutrition.com\/wp-content\/uploads\/2022\/06\/logo-CROWN-SPORT-NUTRITION1-1.png\",\"width\":150,\"height\":58,\"caption\":\"Crown Sport Nutrition, sports supplementation\"},\"image\":{\"@id\":\"https:\/\/crownsportnutrition.com\/en\/#\/schema\/logo\/image\/\"},\"sameAs\":[\"https:\/\/www.facebook.com\/crownsportnutrition\",\"https:\/\/x.com\/crownsportnutri\",\"https:\/\/www.instagram.com\/crownsportnutrition\/\",\"https:\/\/www.linkedin.com\/company\/crownsportnutrition\"],\"description\":\"Crown Sport Nutrition es una marca espa\u00f1ola de suplementaci\u00f3n deportiva enfocada en producir solo productos con base cient\u00edfica y adem\u00e1s promover la investigaci\u00f3n cient\u00edfica mediante la publicaci\u00f3n de art\u00edculos sobre varios de sus productos en revistas cient\u00edficas de primer nivel. Se utilizan las mejores materias primas mezcladas en laboratorios punteros con las normas IFS (International Food Standard), con los mejores sabores y todo doping free. Crown Sport Nutrition es la primera empresa espa\u00f1ola en obtener la certificaci\u00f3n antidoping internacional por Informed Sport.\",\"email\":\"info@crownsportnutrition.com\",\"telephone\":\"+34 613 000 417\",\"legalName\":\"Crown Sport Nutrition\"}]}<\/script>\n<!-- \/ Yoast SEO Premium plugin. -->","yoast_head_json":{"title":"Cookie-Richtlinie - Crown Sport Nutrition, sports supplementation","description":"Weitere Informationen \u00fcber Cookies Was ist ein Cookie? Ein Cookie ist eine harmlose Textdatei, die in Ihrem Browser gespeichert wird, wenn Sie nahezu jede","robots":{"index":"index","follow":"follow","max-snippet":"max-snippet:-1","max-image-preview":"max-image-preview:large","max-video-preview":"max-video-preview:-1"},"canonical":"https:\/\/crownsportnutrition.com\/en\/mas-informacion-sobre-cookies\/","og_locale":"en_US","og_type":"article","og_title":"Cookie-Richtlinie","og_description":"Weitere Informationen \u00fcber Cookies Was ist ein Cookie? Ein Cookie ist eine harmlose Textdatei, die in Ihrem Browser gespeichert wird, wenn Sie nahezu jede","og_url":"https:\/\/crownsportnutrition.com\/en\/mas-informacion-sobre-cookies\/","og_site_name":"Crown Sport Nutrition, sports supplementation","article_publisher":"https:\/\/www.facebook.com\/crownsportnutrition","article_modified_time":"2025-09-04T15:28:44+00:00","og_image":[{"width":1200,"height":630,"url":"https:\/\/crownsportnutrition.com\/wp-content\/uploads\/2022\/06\/crownsportnutrition.jpg","type":"image\/jpeg"}],"twitter_card":"summary_large_image","twitter_site":"@crownsportnutri","twitter_misc":{"Est. reading time":"4 minutes"},"schema":{"@context":"https:\/\/schema.org","@graph":[{"@type":"WebPage","@id":"https:\/\/crownsportnutrition.com\/en\/mas-informacion-sobre-cookies\/","url":"https:\/\/crownsportnutrition.com\/en\/mas-informacion-sobre-cookies\/","name":"Cookie-Richtlinie - Crown Sport Nutrition, sports supplementation","isPartOf":{"@id":"https:\/\/crownsportnutrition.com\/en\/#website"},"datePublished":"2019-11-18T20:16:50+00:00","dateModified":"2025-09-04T15:28:44+00:00","description":"Weitere Informationen \u00fcber Cookies Was ist ein Cookie? Ein Cookie ist eine harmlose Textdatei, die in Ihrem Browser gespeichert wird, wenn Sie nahezu jede","breadcrumb":{"@id":"https:\/\/crownsportnutrition.com\/en\/mas-informacion-sobre-cookies\/#breadcrumb"},"inLanguage":"en-US","potentialAction":[{"@type":"ReadAction","target":["https:\/\/crownsportnutrition.com\/en\/mas-informacion-sobre-cookies\/"]}]},{"@type":"BreadcrumbList","@id":"https:\/\/crownsportnutrition.com\/en\/mas-informacion-sobre-cookies\/#breadcrumb","itemListElement":[{"@type":"ListItem","position":1,"name":"Portada","item":"https:\/\/crownsportnutrition.com\/en\/"},{"@type":"ListItem","position":2,"name":"Cookie-Richtlinie"}]},{"@type":"WebSite","@id":"https:\/\/crownsportnutrition.com\/en\/#website","url":"https:\/\/crownsportnutrition.com\/en\/","name":"Crown Sport Nutrition, suplementaci\u00f3n deportiva","description":"proteinas, recuperadores, gel energetico, barritas, bebida isotonica,[:en]Otro sitio realizado con WordPress","publisher":{"@id":"https:\/\/crownsportnutrition.com\/en\/#organization"},"potentialAction":[{"@type":"SearchAction","target":{"@type":"EntryPoint","urlTemplate":"https:\/\/crownsportnutrition.com\/en\/?s={search_term_string}"},"query-input":{"@type":"PropertyValueSpecification","valueRequired":true,"valueName":"search_term_string"}}],"inLanguage":"en-US"},{"@type":"Organization","@id":"https:\/\/crownsportnutrition.com\/en\/#organization","name":"Crown Sport Nutrition, sports supplementation","alternateName":"Crown Sport Nutrition","url":"https:\/\/crownsportnutrition.com\/en\/","logo":{"@type":"ImageObject","inLanguage":"en-US","@id":"https:\/\/crownsportnutrition.com\/en\/#\/schema\/logo\/image\/","url":"https:\/\/crownsportnutrition.com\/wp-content\/uploads\/2022\/06\/logo-CROWN-SPORT-NUTRITION1-1.png","contentUrl":"https:\/\/crownsportnutrition.com\/wp-content\/uploads\/2022\/06\/logo-CROWN-SPORT-NUTRITION1-1.png","width":150,"height":58,"caption":"Crown Sport Nutrition, sports supplementation"},"image":{"@id":"https:\/\/crownsportnutrition.com\/en\/#\/schema\/logo\/image\/"},"sameAs":["https:\/\/www.facebook.com\/crownsportnutrition","https:\/\/x.com\/crownsportnutri","https:\/\/www.instagram.com\/crownsportnutrition\/","https:\/\/www.linkedin.com\/company\/crownsportnutrition"],"description":"Crown Sport Nutrition es una marca espa\u00f1ola de suplementaci\u00f3n deportiva enfocada en producir solo productos con base cient\u00edfica y adem\u00e1s promover la investigaci\u00f3n cient\u00edfica mediante la publicaci\u00f3n de art\u00edculos sobre varios de sus productos en revistas cient\u00edficas de primer nivel. Se utilizan las mejores materias primas mezcladas en laboratorios punteros con las normas IFS (International Food Standard), con los mejores sabores y todo doping free. Crown Sport Nutrition es la primera empresa espa\u00f1ola en obtener la certificaci\u00f3n antidoping internacional por Informed Sport.","email":"info@crownsportnutrition.com","telephone":"+34 613 000 417","legalName":"Crown Sport Nutrition"}]}},"taxonomy_info":[],"featured_image_src_large":false,"author_info":{"display_name":"miguel angel quiroga folguera","author_link":"https:\/\/crownsportnutrition.com\/en\/author\/miguelqui133hotmail-com\/"},"comment_info":"","_links":{"self":[{"href":"https:\/\/crownsportnutrition.com\/en\/wp-json\/wp\/v2\/pages\/6814","targetHints":{"allow":["GET"]}}],"collection":[{"href":"https:\/\/crownsportnutrition.com\/en\/wp-json\/wp\/v2\/pages"}],"about":[{"href":"https:\/\/crownsportnutrition.com\/en\/wp-json\/wp\/v2\/types\/page"}],"author":[{"embeddable":true,"href":"https:\/\/crownsportnutrition.com\/en\/wp-json\/wp\/v2\/users\/474"}],"replies":[{"embeddable":true,"href":"https:\/\/crownsportnutrition.com\/en\/wp-json\/wp\/v2\/comments?post=6814"}],"version-history":[{"count":0,"href":"https:\/\/crownsportnutrition.com\/en\/wp-json\/wp\/v2\/pages\/6814\/revisions"}],"wp:attachment":[{"href":"https:\/\/crownsportnutrition.com\/en\/wp-json\/wp\/v2\/media?parent=6814"}],"curies":[{"name":"wp","href":"https:\/\/api.w.org\/{rel}","templated":true}]}}