{"id":7077,"date":"2019-11-30T16:08:51","date_gmt":"2019-11-30T15:08:51","guid":{"rendered":"https:\/\/crownsportnutrition.com\/?page_id=7077"},"modified":"2025-08-24T06:43:50","modified_gmt":"2025-08-24T04:43:50","slug":"pago-seguro","status":"publish","type":"page","link":"https:\/\/crownsportnutrition.com\/en\/pago-seguro\/","title":{"rendered":"SECURE PAYMENT"},"content":{"rendered":"<h2>SECURE PAYMENT<\/h2>\n<p><strong>Crown Sport Nutrition<\/strong>\u00a0\u00a0has the highest commercially available security measures in the industry.\u00a0In addition, the payment process works on a secure server using the SSL (Secure Socket Layer) protocol.\u00a0The secure server establishes a connection so that the information is transmitted encrypted using 128-bit algorithms, which ensure that it is only intelligible to the Client&#8217;s computer and that of the Website.\u00a0In this way, when using the SSL protocol it is guaranteed: That the Client is communicating his data to the\u00a0\u00a0<strong>Crown Sport Nutrition<\/strong>\u00a0server center \u00a0and not to any other that tries to impersonate it.\u00a0That between the Client and the Crown Sport Nutrition server center the data is transmitted encrypted, avoiding its possible reading or manipulation by third parties.<\/p>\n<h3>PAYMENT METHODS<\/h3>\n<p>We have 4 forms of payment:<\/p>\n<ul>\n<li><strong>Credit card payments<\/strong>\u00a0: Secure payment through the Santander bank payment platform.<\/li>\n<li><strong>Payments with Paypal<\/strong>\u00a0: Payment through the secure payment method Paypal.<\/li>\n<li><strong>Bizum:<\/strong>\u00a0Secure payment through the Santander bank payment platform.<\/li>\n<li><strong>Sequra:<\/strong> Choose to pay with total flexibility. You decide, without interest or with a small cost and terms of up to 24 months. Advance payments or change the dates, you are in control of your finances. Clear, transparent costs with instant approval.\n<p>Sounds good, right? Make your purchases safely in a plis. With only 5 data, without paperwork and without uploading any documents. Easy, fast and safe.<br \/>\n1. Choose seQura as the payment method and select the number of installments at the end of your order.<br \/>\n2. Complete 5 details and we will instantly confirm your purchase. Today you only pay the first installment.<br \/>\n3. Enjoy your purchase and pay comfortably. Your payments will be made automatically each month.<\/li>\n<\/ul>\n<span class=\"kt-load-after-post\"><\/span>","protected":false},"excerpt":{"rendered":"<p>SECURE PAYMENT Crown Sport Nutrition\u00a0\u00a0has the highest commercially available security measures in the industry.\u00a0In addition, the payment process works on a secure server using the SSL (Secure Socket Layer) protocol.\u00a0The secure server establishes a connection so that the information is transmitted encrypted using 128-bit algorithms, which ensure that it is only intelligible to the Client&#8217;s&#8230;<\/p>\n","protected":false},"author":474,"featured_media":0,"parent":0,"menu_order":0,"comment_status":"closed","ping_status":"closed","template":"","meta":{"_kad_blocks_custom_css":"","_kad_blocks_head_custom_js":"","_kad_blocks_body_custom_js":"","_kad_blocks_footer_custom_js":"","_kadence_starter_templates_imported_post":false,"_kad_post_transparent":"","_kad_post_title":"","_kad_post_layout":"","_kad_post_sidebar_id":"","_kad_post_content_style":"","_kad_post_vertical_padding":"","_kad_post_feature":"","_kad_post_feature_position":"","_kad_post_header":false,"_kad_post_footer":false,"_kad_post_classname":"","footnotes":""},"class_list":["post-7077","page","type-page","status-publish","hentry"],"yoast_head":"<!-- This site is optimized with the Yoast SEO Premium plugin v27.2 (Yoast SEO v27.2) - https:\/\/yoast.com\/product\/yoast-seo-premium-wordpress\/ -->\n<title>SECURE PAYMENT - Crown Sport Nutrition, sports supplementation<\/title>\n<meta name=\"description\" content=\"SECURE PAYMENT Crown Sport Nutrition\u00a0\u00a0has the highest commercially available security measures in the industry.\u00a0In addition, the payment process works on\" \/>\n<meta name=\"robots\" content=\"index, follow, max-snippet:-1, max-image-preview:large, max-video-preview:-1\" \/>\n<link rel=\"canonical\" href=\"https:\/\/crownsportnutrition.com\/en\/pago-seguro\/\" \/>\n<meta property=\"og:locale\" content=\"en_US\" \/>\n<meta property=\"og:type\" content=\"article\" \/>\n<meta property=\"og:title\" content=\"SECURE PAYMENT\" \/>\n<meta property=\"og:description\" content=\"SECURE PAYMENT Crown Sport Nutrition\u00a0\u00a0has the highest commercially available security measures in the industry.\u00a0In addition, the payment process works on\" \/>\n<meta property=\"og:url\" content=\"https:\/\/crownsportnutrition.com\/en\/pago-seguro\/\" \/>\n<meta property=\"og:site_name\" content=\"Crown Sport Nutrition, sports supplementation\" \/>\n<meta property=\"article:publisher\" content=\"https:\/\/www.facebook.com\/crownsportnutrition\" \/>\n<meta property=\"article:modified_time\" content=\"2025-08-24T04:43:50+00:00\" \/>\n<meta property=\"og:image\" content=\"https:\/\/crownsportnutrition.com\/wp-content\/uploads\/2022\/06\/crownsportnutrition.jpg\" \/>\n\t<meta property=\"og:image:width\" content=\"1200\" \/>\n\t<meta property=\"og:image:height\" content=\"630\" \/>\n\t<meta property=\"og:image:type\" content=\"image\/jpeg\" \/>\n<meta name=\"twitter:card\" content=\"summary_large_image\" \/>\n<meta name=\"twitter:site\" content=\"@crownsportnutri\" \/>\n<meta name=\"twitter:label1\" content=\"Est. reading time\" \/>\n\t<meta name=\"twitter:data1\" content=\"2 minutes\" \/>\n<script type=\"application\/ld+json\" class=\"yoast-schema-graph\">{\"@context\":\"https:\/\/schema.org\",\"@graph\":[{\"@type\":\"WebPage\",\"@id\":\"https:\/\/crownsportnutrition.com\/en\/pago-seguro\/\",\"url\":\"https:\/\/crownsportnutrition.com\/en\/pago-seguro\/\",\"name\":\"SECURE PAYMENT - Crown Sport Nutrition, sports supplementation\",\"isPartOf\":{\"@id\":\"https:\/\/crownsportnutrition.com\/en\/#website\"},\"datePublished\":\"2019-11-30T15:08:51+00:00\",\"dateModified\":\"2025-08-24T04:43:50+00:00\",\"description\":\"SECURE PAYMENT Crown Sport Nutrition\u00a0\u00a0has the highest commercially available security measures in the industry.\u00a0In addition, the payment process works on\",\"breadcrumb\":{\"@id\":\"https:\/\/crownsportnutrition.com\/en\/pago-seguro\/#breadcrumb\"},\"inLanguage\":\"en-US\",\"potentialAction\":[{\"@type\":\"ReadAction\",\"target\":[\"https:\/\/crownsportnutrition.com\/en\/pago-seguro\/\"]}]},{\"@type\":\"BreadcrumbList\",\"@id\":\"https:\/\/crownsportnutrition.com\/en\/pago-seguro\/#breadcrumb\",\"itemListElement\":[{\"@type\":\"ListItem\",\"position\":1,\"name\":\"Portada\",\"item\":\"https:\/\/crownsportnutrition.com\/en\/\"},{\"@type\":\"ListItem\",\"position\":2,\"name\":\"SECURE PAYMENT\"}]},{\"@type\":\"WebSite\",\"@id\":\"https:\/\/crownsportnutrition.com\/en\/#website\",\"url\":\"https:\/\/crownsportnutrition.com\/en\/\",\"name\":\"Crown Sport Nutrition, suplementaci\u00f3n deportiva\",\"description\":\"proteinas, recuperadores, gel energetico, barritas, bebida isotonica,[:en]Otro sitio realizado con WordPress\",\"publisher\":{\"@id\":\"https:\/\/crownsportnutrition.com\/en\/#organization\"},\"potentialAction\":[{\"@type\":\"SearchAction\",\"target\":{\"@type\":\"EntryPoint\",\"urlTemplate\":\"https:\/\/crownsportnutrition.com\/en\/?s={search_term_string}\"},\"query-input\":{\"@type\":\"PropertyValueSpecification\",\"valueRequired\":true,\"valueName\":\"search_term_string\"}}],\"inLanguage\":\"en-US\"},{\"@type\":\"Organization\",\"@id\":\"https:\/\/crownsportnutrition.com\/en\/#organization\",\"name\":\"Crown Sport Nutrition, sports supplementation\",\"alternateName\":\"Crown Sport Nutrition\",\"url\":\"https:\/\/crownsportnutrition.com\/en\/\",\"logo\":{\"@type\":\"ImageObject\",\"inLanguage\":\"en-US\",\"@id\":\"https:\/\/crownsportnutrition.com\/en\/#\/schema\/logo\/image\/\",\"url\":\"https:\/\/crownsportnutrition.com\/wp-content\/uploads\/2022\/06\/logo-CROWN-SPORT-NUTRITION1-1.png\",\"contentUrl\":\"https:\/\/crownsportnutrition.com\/wp-content\/uploads\/2022\/06\/logo-CROWN-SPORT-NUTRITION1-1.png\",\"width\":150,\"height\":58,\"caption\":\"Crown Sport Nutrition, sports supplementation\"},\"image\":{\"@id\":\"https:\/\/crownsportnutrition.com\/en\/#\/schema\/logo\/image\/\"},\"sameAs\":[\"https:\/\/www.facebook.com\/crownsportnutrition\",\"https:\/\/x.com\/crownsportnutri\",\"https:\/\/www.instagram.com\/crownsportnutrition\/\",\"https:\/\/www.linkedin.com\/company\/crownsportnutrition\"],\"description\":\"Crown Sport Nutrition es una marca espa\u00f1ola de suplementaci\u00f3n deportiva enfocada en producir solo productos con base cient\u00edfica y adem\u00e1s promover la investigaci\u00f3n cient\u00edfica mediante la publicaci\u00f3n de art\u00edculos sobre varios de sus productos en revistas cient\u00edficas de primer nivel. Se utilizan las mejores materias primas mezcladas en laboratorios punteros con las normas IFS (International Food Standard), con los mejores sabores y todo doping free. Crown Sport Nutrition es la primera empresa espa\u00f1ola en obtener la certificaci\u00f3n antidoping internacional por Informed Sport.\",\"email\":\"info@crownsportnutrition.com\",\"telephone\":\"+34 613 000 417\",\"legalName\":\"Crown Sport Nutrition\"}]}<\/script>\n<!-- \/ Yoast SEO Premium plugin. -->","yoast_head_json":{"title":"SECURE PAYMENT - Crown Sport Nutrition, sports supplementation","description":"SECURE PAYMENT Crown Sport Nutrition\u00a0\u00a0has the highest commercially available security measures in the industry.\u00a0In addition, the payment process works on","robots":{"index":"index","follow":"follow","max-snippet":"max-snippet:-1","max-image-preview":"max-image-preview:large","max-video-preview":"max-video-preview:-1"},"canonical":"https:\/\/crownsportnutrition.com\/en\/pago-seguro\/","og_locale":"en_US","og_type":"article","og_title":"SECURE PAYMENT","og_description":"SECURE PAYMENT Crown Sport Nutrition\u00a0\u00a0has the highest commercially available security measures in the industry.\u00a0In addition, the payment process works on","og_url":"https:\/\/crownsportnutrition.com\/en\/pago-seguro\/","og_site_name":"Crown Sport Nutrition, sports supplementation","article_publisher":"https:\/\/www.facebook.com\/crownsportnutrition","article_modified_time":"2025-08-24T04:43:50+00:00","og_image":[{"width":1200,"height":630,"url":"https:\/\/crownsportnutrition.com\/wp-content\/uploads\/2022\/06\/crownsportnutrition.jpg","type":"image\/jpeg"}],"twitter_card":"summary_large_image","twitter_site":"@crownsportnutri","twitter_misc":{"Est. reading time":"2 minutes"},"schema":{"@context":"https:\/\/schema.org","@graph":[{"@type":"WebPage","@id":"https:\/\/crownsportnutrition.com\/en\/pago-seguro\/","url":"https:\/\/crownsportnutrition.com\/en\/pago-seguro\/","name":"SECURE PAYMENT - Crown Sport Nutrition, sports supplementation","isPartOf":{"@id":"https:\/\/crownsportnutrition.com\/en\/#website"},"datePublished":"2019-11-30T15:08:51+00:00","dateModified":"2025-08-24T04:43:50+00:00","description":"SECURE PAYMENT Crown Sport Nutrition\u00a0\u00a0has the highest commercially available security measures in the industry.\u00a0In addition, the payment process works on","breadcrumb":{"@id":"https:\/\/crownsportnutrition.com\/en\/pago-seguro\/#breadcrumb"},"inLanguage":"en-US","potentialAction":[{"@type":"ReadAction","target":["https:\/\/crownsportnutrition.com\/en\/pago-seguro\/"]}]},{"@type":"BreadcrumbList","@id":"https:\/\/crownsportnutrition.com\/en\/pago-seguro\/#breadcrumb","itemListElement":[{"@type":"ListItem","position":1,"name":"Portada","item":"https:\/\/crownsportnutrition.com\/en\/"},{"@type":"ListItem","position":2,"name":"SECURE PAYMENT"}]},{"@type":"WebSite","@id":"https:\/\/crownsportnutrition.com\/en\/#website","url":"https:\/\/crownsportnutrition.com\/en\/","name":"Crown Sport Nutrition, suplementaci\u00f3n deportiva","description":"proteinas, recuperadores, gel energetico, barritas, bebida isotonica,[:en]Otro sitio realizado con WordPress","publisher":{"@id":"https:\/\/crownsportnutrition.com\/en\/#organization"},"potentialAction":[{"@type":"SearchAction","target":{"@type":"EntryPoint","urlTemplate":"https:\/\/crownsportnutrition.com\/en\/?s={search_term_string}"},"query-input":{"@type":"PropertyValueSpecification","valueRequired":true,"valueName":"search_term_string"}}],"inLanguage":"en-US"},{"@type":"Organization","@id":"https:\/\/crownsportnutrition.com\/en\/#organization","name":"Crown Sport Nutrition, sports supplementation","alternateName":"Crown Sport Nutrition","url":"https:\/\/crownsportnutrition.com\/en\/","logo":{"@type":"ImageObject","inLanguage":"en-US","@id":"https:\/\/crownsportnutrition.com\/en\/#\/schema\/logo\/image\/","url":"https:\/\/crownsportnutrition.com\/wp-content\/uploads\/2022\/06\/logo-CROWN-SPORT-NUTRITION1-1.png","contentUrl":"https:\/\/crownsportnutrition.com\/wp-content\/uploads\/2022\/06\/logo-CROWN-SPORT-NUTRITION1-1.png","width":150,"height":58,"caption":"Crown Sport Nutrition, sports supplementation"},"image":{"@id":"https:\/\/crownsportnutrition.com\/en\/#\/schema\/logo\/image\/"},"sameAs":["https:\/\/www.facebook.com\/crownsportnutrition","https:\/\/x.com\/crownsportnutri","https:\/\/www.instagram.com\/crownsportnutrition\/","https:\/\/www.linkedin.com\/company\/crownsportnutrition"],"description":"Crown Sport Nutrition es una marca espa\u00f1ola de suplementaci\u00f3n deportiva enfocada en producir solo productos con base cient\u00edfica y adem\u00e1s promover la investigaci\u00f3n cient\u00edfica mediante la publicaci\u00f3n de art\u00edculos sobre varios de sus productos en revistas cient\u00edficas de primer nivel. Se utilizan las mejores materias primas mezcladas en laboratorios punteros con las normas IFS (International Food Standard), con los mejores sabores y todo doping free. Crown Sport Nutrition es la primera empresa espa\u00f1ola en obtener la certificaci\u00f3n antidoping internacional por Informed Sport.","email":"info@crownsportnutrition.com","telephone":"+34 613 000 417","legalName":"Crown Sport Nutrition"}]}},"taxonomy_info":[],"featured_image_src_large":false,"author_info":{"display_name":"miguel angel quiroga folguera","author_link":"https:\/\/crownsportnutrition.com\/en\/author\/miguelqui133hotmail-com\/"},"comment_info":"","_links":{"self":[{"href":"https:\/\/crownsportnutrition.com\/en\/wp-json\/wp\/v2\/pages\/7077","targetHints":{"allow":["GET"]}}],"collection":[{"href":"https:\/\/crownsportnutrition.com\/en\/wp-json\/wp\/v2\/pages"}],"about":[{"href":"https:\/\/crownsportnutrition.com\/en\/wp-json\/wp\/v2\/types\/page"}],"author":[{"embeddable":true,"href":"https:\/\/crownsportnutrition.com\/en\/wp-json\/wp\/v2\/users\/474"}],"replies":[{"embeddable":true,"href":"https:\/\/crownsportnutrition.com\/en\/wp-json\/wp\/v2\/comments?post=7077"}],"version-history":[{"count":0,"href":"https:\/\/crownsportnutrition.com\/en\/wp-json\/wp\/v2\/pages\/7077\/revisions"}],"wp:attachment":[{"href":"https:\/\/crownsportnutrition.com\/en\/wp-json\/wp\/v2\/media?parent=7077"}],"curies":[{"name":"wp","href":"https:\/\/api.w.org\/{rel}","templated":true}]}}