{"id":7089,"date":"2019-11-30T16:25:25","date_gmt":"2019-11-30T15:25:25","guid":{"rendered":"https:\/\/crownsportnutrition.com\/?page_id=7089"},"modified":"2025-08-24T06:48:25","modified_gmt":"2025-08-24T04:48:25","slug":"politica-de-devoluciones","status":"publish","type":"page","link":"https:\/\/crownsportnutrition.com\/en\/politica-de-devoluciones\/","title":{"rendered":"RETURN POLICY"},"content":{"rendered":"<h2><span>RETURN POLICY<\/span><\/h2>\n<p><strong><span>Meatprot SL<\/span><\/strong><span>\u00a0\u00a0cares about your satisfaction and you can exercise your right of return within 14 calendar days from the date you received the order.<\/span><\/p>\n<p><span>Remember that the minimum purchase age is 18 years.<\/span><\/p>\n<p><span>In the event that you wish to withdraw from the order, you have 14 calendar days from receipt of the product, without any penalty for its exercise.\u00a0In this regard, MEATPROT SL, will refund the full amount of the purchase, provided that you send us the returned product in perfect condition, and you will bear the return shipping costs.<\/span><\/p>\n<p><strong><span>Returns are made with the same method in which the payment was made.<\/span><\/strong><\/p>\n<h3><span>RETURN INSTRUCTIONS<\/span><\/h3>\n<p><span>To return an order, write to\u00a0\u00a0<\/span><a href=\"mailto:info@crownsportnutrition.com\"><span>info@crownsportnutrition.com<\/span><\/a><span>\u00a0\u00a0within 14 calendar days from the date you received your package and you must send it to the following address with the transport company of your choice:<\/span><\/p>\n<p><span>Meatprot.\u00a0Pol\u00edgono Raposal, Plot 23, 26580 Arnedo, La Rioja<\/span><\/p>\n<ul>\n<li><span>If you prefer, you can send the\u00a0 completed withdrawal\u00a0<\/span><a href=\"https:\/\/www.meatprot.com\/upload\/FormularioDeDesistimientoMeatprot.pdf\" target=\"_blank\" rel=\"noopener noreferrer\"><span>form<\/span><\/a><span>\u00a0\u00a0to info@crownsportnutrition.com\u00a0\u00a0<\/span><a class=\"boton-formulario-desistimiento\" href=\"https:\/\/www.meatprot.com\/upload\/FormularioDeDesistimientoMeatprot.pdf\" target=\"_blank\" rel=\"noopener noreferrer\"><span>Download the form here<\/span><\/a><\/li>\n<li><span>The return costs are borne by the customer.<\/span><\/li>\n<li><span>The shipment must be made within 14 calendar days from the communication of the return.<\/span><\/li>\n<\/ul>\n<h3><span>RETURN CONDITIONS<\/span><\/h3>\n<p><span>To accept your return, all of the following conditions must be met:<\/span><\/p>\n<ul>\n<li><span>The shipment arrives within 14 calendar days from the communication of the return.<\/span><\/li>\n<li><span>For food safety reasons, as they are food products, the product cannot be unsealed or opened.<\/span><\/li>\n<li><span>The term for exercising this right is 14 calendar days from receipt of the product.<\/span><\/li>\n<li><span>The refund of the total amount of the purchase, that is, the price of the product plus the shipping costs, will be made before 14 calendar days have elapsed from the date on which the decision to withdraw the purchase was informed.\u00a0To pay the amount, the same means of payment used for the initial transaction will be used, unless you expressly provide otherwise, provided that no expense is incurred.<\/span><\/li>\n<li><span>You will have to pay the shipping costs for the return of the goods when you have been previously informed of it.<\/span><\/li>\n<li><span>If the product is not returned in the original packaging, the amount of the return may suffer depreciation<\/span><\/li>\n<\/ul>\n<p><span>In the case of a defective product, the seller must proceed, as appropriate, to repair, replace, reduce the price or terminate the contract, procedures that will be free for the consumer and user.<\/span><\/p>\n<p><span>The seller is responsible for the lack of conformity that is manifested within a period of two years from the delivery.<\/span><\/p>\n<p><span>The consumer and user must inform the seller of the lack of conformity within two months of becoming aware of it.<\/span><\/p>\n<h3><span>RETURN ACCEPTED<\/span><\/h3>\n<p><span>At the moment that Meatprot SL verifies that all the conditions mentioned above are fulfilled, we will send you an e-mail informing you of the acceptance of the return.<\/span><\/p>\n<p><span>From that date we have 14 calendar days to refund the amount of the purchase.<\/span><\/p>\n<h3><span>RETURN NOT ACCEPTED<\/span><\/h3>\n<p><span>In the event that the return does not meet these conditions and is not accepted, Meatprot SL will contact you to offer you the option of returning the items that have not been accepted.\u00a0The return costs are at your expense.<\/span><\/p>\n<h3><span>CLAIMS<\/span><\/h3>\n<p><span>Any claim that the USER deems appropriate will be addressed as soon as possible, and can be made at the following contact addresses:<\/span><\/p>\n<ul>\n<li><strong><span>Postal<\/span><\/strong><span>\u00a0: Pol\u00edgono Raposal, Plot 23 26580 Arnedo, La Rioja<\/span><\/li>\n<li><strong><span>Email<\/span><\/strong><span>\u00a0: info@crownsportnutrition.com<\/span><\/li>\n<\/ul>\n<p><strong><span>Online Dispute Resolution<\/span><\/strong><\/p>\n<p><span>In accordance with Art. 14.1 of Regulation (EU) 524\/2013, the European Commission provides a free access platform for the resolution of online conflicts between the USER and the PROVIDER, without the need to resort to the courts of justice, through the intervention of a third party, called the Dispute Resolution Body, which acts as an intermediary between the two.\u00a0This body is neutral and will dialogue with both parties to reach an agreement, finally being able to suggest and\/or impose a solution to the conflict.<\/span><\/p>\n<p><span>Link to the ODR platform:\u00a0\u00a0<\/span><a href=\"http:\/\/ec.europa.eu\/consumers\/odr\/\" target=\"_blank\" rel=\"noopener noreferrer\"><span>http:\/\/ec.europa.eu\/consumers\/odr\/<\/span><\/a><\/p>\n<p><span>These general conditions are ruled by the Spanish Law.\u00a0The parties submit, at their choice, for the resolution of conflicts and waiving any other jurisdiction, to the courts and tribunals of the user&#8217;s domicile.\u00a0Likewise, as an entity adhered to Confianza Online and in the terms of its\u00a0\u00a0<\/span><a href=\"https:\/\/www.confianzaonline.es\/wp-content\/uploads\/2018\/05\/Codigo_Etico_CONFIANZA_ONLINE.pdf\" target=\"_blank\" rel=\"noopener noreferrer\"><span>Code of Ethics<\/span><\/a><span>\u00a0, in the event of disputes related to online contracting and advertising, data protection and protection of minors, the user may resort to the Confianza&#8217;s extrajudicial dispute resolution system. Online (www.confianzaonline.es).<\/span><\/p>\n<span class=\"kt-load-after-post\"><\/span>","protected":false},"excerpt":{"rendered":"<p>RETURN POLICY Meatprot SL\u00a0\u00a0cares about your satisfaction and you can exercise your right of return within 14 calendar days from the date you received the order. Remember that the minimum purchase age is 18 years. In the event that you wish to withdraw from the order, you have 14 calendar days from receipt of the&#8230;<\/p>\n","protected":false},"author":474,"featured_media":0,"parent":0,"menu_order":0,"comment_status":"closed","ping_status":"closed","template":"","meta":{"_kad_blocks_custom_css":"","_kad_blocks_head_custom_js":"","_kad_blocks_body_custom_js":"","_kad_blocks_footer_custom_js":"","_kadence_starter_templates_imported_post":false,"_kad_post_transparent":"","_kad_post_title":"","_kad_post_layout":"","_kad_post_sidebar_id":"","_kad_post_content_style":"","_kad_post_vertical_padding":"","_kad_post_feature":"","_kad_post_feature_position":"","_kad_post_header":false,"_kad_post_footer":false,"_kad_post_classname":"","footnotes":""},"class_list":["post-7089","page","type-page","status-publish","hentry"],"yoast_head":"<!-- This site is optimized with the Yoast SEO Premium plugin v27.2 (Yoast SEO v27.2) - https:\/\/yoast.com\/product\/yoast-seo-premium-wordpress\/ -->\n<title>RETURN POLICY - Crown Sport Nutrition, sports supplementation<\/title>\n<meta name=\"description\" content=\"RETURN POLICY Meatprot SL\u00a0\u00a0cares about your satisfaction and you can exercise your right of return within 14 calendar days from the date you received the\" \/>\n<meta name=\"robots\" content=\"index, follow, max-snippet:-1, max-image-preview:large, max-video-preview:-1\" \/>\n<link rel=\"canonical\" href=\"https:\/\/crownsportnutrition.com\/en\/politica-de-devoluciones\/\" \/>\n<meta property=\"og:locale\" content=\"en_US\" \/>\n<meta property=\"og:type\" content=\"article\" \/>\n<meta property=\"og:title\" content=\"RETURN POLICY\" \/>\n<meta property=\"og:description\" content=\"RETURN POLICY Meatprot SL\u00a0\u00a0cares about your satisfaction and you can exercise your right of return within 14 calendar days from the date you received the\" \/>\n<meta property=\"og:url\" content=\"https:\/\/crownsportnutrition.com\/en\/politica-de-devoluciones\/\" \/>\n<meta property=\"og:site_name\" content=\"Crown Sport Nutrition, sports supplementation\" \/>\n<meta property=\"article:publisher\" content=\"https:\/\/www.facebook.com\/crownsportnutrition\" \/>\n<meta property=\"article:modified_time\" content=\"2025-08-24T04:48:25+00:00\" \/>\n<meta property=\"og:image\" content=\"https:\/\/crownsportnutrition.com\/wp-content\/uploads\/2022\/06\/crownsportnutrition.jpg\" \/>\n\t<meta property=\"og:image:width\" content=\"1200\" \/>\n\t<meta property=\"og:image:height\" content=\"630\" \/>\n\t<meta property=\"og:image:type\" content=\"image\/jpeg\" \/>\n<meta name=\"twitter:card\" content=\"summary_large_image\" \/>\n<meta name=\"twitter:site\" content=\"@crownsportnutri\" \/>\n<meta name=\"twitter:label1\" content=\"Est. reading time\" \/>\n\t<meta name=\"twitter:data1\" content=\"4 minutes\" \/>\n<script type=\"application\/ld+json\" class=\"yoast-schema-graph\">{\"@context\":\"https:\/\/schema.org\",\"@graph\":[{\"@type\":\"WebPage\",\"@id\":\"https:\/\/crownsportnutrition.com\/en\/politica-de-devoluciones\/\",\"url\":\"https:\/\/crownsportnutrition.com\/en\/politica-de-devoluciones\/\",\"name\":\"RETURN POLICY - Crown Sport Nutrition, sports supplementation\",\"isPartOf\":{\"@id\":\"https:\/\/crownsportnutrition.com\/en\/#website\"},\"datePublished\":\"2019-11-30T15:25:25+00:00\",\"dateModified\":\"2025-08-24T04:48:25+00:00\",\"description\":\"RETURN POLICY Meatprot SL\u00a0\u00a0cares about your satisfaction and you can exercise your right of return within 14 calendar days from the date you received the\",\"breadcrumb\":{\"@id\":\"https:\/\/crownsportnutrition.com\/en\/politica-de-devoluciones\/#breadcrumb\"},\"inLanguage\":\"en-US\",\"potentialAction\":[{\"@type\":\"ReadAction\",\"target\":[\"https:\/\/crownsportnutrition.com\/en\/politica-de-devoluciones\/\"]}]},{\"@type\":\"BreadcrumbList\",\"@id\":\"https:\/\/crownsportnutrition.com\/en\/politica-de-devoluciones\/#breadcrumb\",\"itemListElement\":[{\"@type\":\"ListItem\",\"position\":1,\"name\":\"Portada\",\"item\":\"https:\/\/crownsportnutrition.com\/en\/\"},{\"@type\":\"ListItem\",\"position\":2,\"name\":\"RETURN POLICY\"}]},{\"@type\":\"WebSite\",\"@id\":\"https:\/\/crownsportnutrition.com\/en\/#website\",\"url\":\"https:\/\/crownsportnutrition.com\/en\/\",\"name\":\"Crown Sport Nutrition, suplementaci\u00f3n deportiva\",\"description\":\"proteinas, recuperadores, gel energetico, barritas, bebida isotonica,[:en]Otro sitio realizado con WordPress\",\"publisher\":{\"@id\":\"https:\/\/crownsportnutrition.com\/en\/#organization\"},\"potentialAction\":[{\"@type\":\"SearchAction\",\"target\":{\"@type\":\"EntryPoint\",\"urlTemplate\":\"https:\/\/crownsportnutrition.com\/en\/?s={search_term_string}\"},\"query-input\":{\"@type\":\"PropertyValueSpecification\",\"valueRequired\":true,\"valueName\":\"search_term_string\"}}],\"inLanguage\":\"en-US\"},{\"@type\":\"Organization\",\"@id\":\"https:\/\/crownsportnutrition.com\/en\/#organization\",\"name\":\"Crown Sport Nutrition, sports supplementation\",\"alternateName\":\"Crown Sport Nutrition\",\"url\":\"https:\/\/crownsportnutrition.com\/en\/\",\"logo\":{\"@type\":\"ImageObject\",\"inLanguage\":\"en-US\",\"@id\":\"https:\/\/crownsportnutrition.com\/en\/#\/schema\/logo\/image\/\",\"url\":\"https:\/\/crownsportnutrition.com\/wp-content\/uploads\/2022\/06\/logo-CROWN-SPORT-NUTRITION1-1.png\",\"contentUrl\":\"https:\/\/crownsportnutrition.com\/wp-content\/uploads\/2022\/06\/logo-CROWN-SPORT-NUTRITION1-1.png\",\"width\":150,\"height\":58,\"caption\":\"Crown Sport Nutrition, sports supplementation\"},\"image\":{\"@id\":\"https:\/\/crownsportnutrition.com\/en\/#\/schema\/logo\/image\/\"},\"sameAs\":[\"https:\/\/www.facebook.com\/crownsportnutrition\",\"https:\/\/x.com\/crownsportnutri\",\"https:\/\/www.instagram.com\/crownsportnutrition\/\",\"https:\/\/www.linkedin.com\/company\/crownsportnutrition\"],\"description\":\"Crown Sport Nutrition es una marca espa\u00f1ola de suplementaci\u00f3n deportiva enfocada en producir solo productos con base cient\u00edfica y adem\u00e1s promover la investigaci\u00f3n cient\u00edfica mediante la publicaci\u00f3n de art\u00edculos sobre varios de sus productos en revistas cient\u00edficas de primer nivel. Se utilizan las mejores materias primas mezcladas en laboratorios punteros con las normas IFS (International Food Standard), con los mejores sabores y todo doping free. Crown Sport Nutrition es la primera empresa espa\u00f1ola en obtener la certificaci\u00f3n antidoping internacional por Informed Sport.\",\"email\":\"info@crownsportnutrition.com\",\"telephone\":\"+34 613 000 417\",\"legalName\":\"Crown Sport Nutrition\"}]}<\/script>\n<!-- \/ Yoast SEO Premium plugin. -->","yoast_head_json":{"title":"RETURN POLICY - Crown Sport Nutrition, sports supplementation","description":"RETURN POLICY Meatprot SL\u00a0\u00a0cares about your satisfaction and you can exercise your right of return within 14 calendar days from the date you received the","robots":{"index":"index","follow":"follow","max-snippet":"max-snippet:-1","max-image-preview":"max-image-preview:large","max-video-preview":"max-video-preview:-1"},"canonical":"https:\/\/crownsportnutrition.com\/en\/politica-de-devoluciones\/","og_locale":"en_US","og_type":"article","og_title":"RETURN POLICY","og_description":"RETURN POLICY Meatprot SL\u00a0\u00a0cares about your satisfaction and you can exercise your right of return within 14 calendar days from the date you received the","og_url":"https:\/\/crownsportnutrition.com\/en\/politica-de-devoluciones\/","og_site_name":"Crown Sport Nutrition, sports supplementation","article_publisher":"https:\/\/www.facebook.com\/crownsportnutrition","article_modified_time":"2025-08-24T04:48:25+00:00","og_image":[{"width":1200,"height":630,"url":"https:\/\/crownsportnutrition.com\/wp-content\/uploads\/2022\/06\/crownsportnutrition.jpg","type":"image\/jpeg"}],"twitter_card":"summary_large_image","twitter_site":"@crownsportnutri","twitter_misc":{"Est. reading time":"4 minutes"},"schema":{"@context":"https:\/\/schema.org","@graph":[{"@type":"WebPage","@id":"https:\/\/crownsportnutrition.com\/en\/politica-de-devoluciones\/","url":"https:\/\/crownsportnutrition.com\/en\/politica-de-devoluciones\/","name":"RETURN POLICY - Crown Sport Nutrition, sports supplementation","isPartOf":{"@id":"https:\/\/crownsportnutrition.com\/en\/#website"},"datePublished":"2019-11-30T15:25:25+00:00","dateModified":"2025-08-24T04:48:25+00:00","description":"RETURN POLICY Meatprot SL\u00a0\u00a0cares about your satisfaction and you can exercise your right of return within 14 calendar days from the date you received the","breadcrumb":{"@id":"https:\/\/crownsportnutrition.com\/en\/politica-de-devoluciones\/#breadcrumb"},"inLanguage":"en-US","potentialAction":[{"@type":"ReadAction","target":["https:\/\/crownsportnutrition.com\/en\/politica-de-devoluciones\/"]}]},{"@type":"BreadcrumbList","@id":"https:\/\/crownsportnutrition.com\/en\/politica-de-devoluciones\/#breadcrumb","itemListElement":[{"@type":"ListItem","position":1,"name":"Portada","item":"https:\/\/crownsportnutrition.com\/en\/"},{"@type":"ListItem","position":2,"name":"RETURN POLICY"}]},{"@type":"WebSite","@id":"https:\/\/crownsportnutrition.com\/en\/#website","url":"https:\/\/crownsportnutrition.com\/en\/","name":"Crown Sport Nutrition, suplementaci\u00f3n deportiva","description":"proteinas, recuperadores, gel energetico, barritas, bebida isotonica,[:en]Otro sitio realizado con WordPress","publisher":{"@id":"https:\/\/crownsportnutrition.com\/en\/#organization"},"potentialAction":[{"@type":"SearchAction","target":{"@type":"EntryPoint","urlTemplate":"https:\/\/crownsportnutrition.com\/en\/?s={search_term_string}"},"query-input":{"@type":"PropertyValueSpecification","valueRequired":true,"valueName":"search_term_string"}}],"inLanguage":"en-US"},{"@type":"Organization","@id":"https:\/\/crownsportnutrition.com\/en\/#organization","name":"Crown Sport Nutrition, sports supplementation","alternateName":"Crown Sport Nutrition","url":"https:\/\/crownsportnutrition.com\/en\/","logo":{"@type":"ImageObject","inLanguage":"en-US","@id":"https:\/\/crownsportnutrition.com\/en\/#\/schema\/logo\/image\/","url":"https:\/\/crownsportnutrition.com\/wp-content\/uploads\/2022\/06\/logo-CROWN-SPORT-NUTRITION1-1.png","contentUrl":"https:\/\/crownsportnutrition.com\/wp-content\/uploads\/2022\/06\/logo-CROWN-SPORT-NUTRITION1-1.png","width":150,"height":58,"caption":"Crown Sport Nutrition, sports supplementation"},"image":{"@id":"https:\/\/crownsportnutrition.com\/en\/#\/schema\/logo\/image\/"},"sameAs":["https:\/\/www.facebook.com\/crownsportnutrition","https:\/\/x.com\/crownsportnutri","https:\/\/www.instagram.com\/crownsportnutrition\/","https:\/\/www.linkedin.com\/company\/crownsportnutrition"],"description":"Crown Sport Nutrition es una marca espa\u00f1ola de suplementaci\u00f3n deportiva enfocada en producir solo productos con base cient\u00edfica y adem\u00e1s promover la investigaci\u00f3n cient\u00edfica mediante la publicaci\u00f3n de art\u00edculos sobre varios de sus productos en revistas cient\u00edficas de primer nivel. Se utilizan las mejores materias primas mezcladas en laboratorios punteros con las normas IFS (International Food Standard), con los mejores sabores y todo doping free. Crown Sport Nutrition es la primera empresa espa\u00f1ola en obtener la certificaci\u00f3n antidoping internacional por Informed Sport.","email":"info@crownsportnutrition.com","telephone":"+34 613 000 417","legalName":"Crown Sport Nutrition"}]}},"taxonomy_info":[],"featured_image_src_large":false,"author_info":{"display_name":"miguel angel quiroga folguera","author_link":"https:\/\/crownsportnutrition.com\/en\/author\/miguelqui133hotmail-com\/"},"comment_info":"","_links":{"self":[{"href":"https:\/\/crownsportnutrition.com\/en\/wp-json\/wp\/v2\/pages\/7089","targetHints":{"allow":["GET"]}}],"collection":[{"href":"https:\/\/crownsportnutrition.com\/en\/wp-json\/wp\/v2\/pages"}],"about":[{"href":"https:\/\/crownsportnutrition.com\/en\/wp-json\/wp\/v2\/types\/page"}],"author":[{"embeddable":true,"href":"https:\/\/crownsportnutrition.com\/en\/wp-json\/wp\/v2\/users\/474"}],"replies":[{"embeddable":true,"href":"https:\/\/crownsportnutrition.com\/en\/wp-json\/wp\/v2\/comments?post=7089"}],"version-history":[{"count":0,"href":"https:\/\/crownsportnutrition.com\/en\/wp-json\/wp\/v2\/pages\/7089\/revisions"}],"wp:attachment":[{"href":"https:\/\/crownsportnutrition.com\/en\/wp-json\/wp\/v2\/media?parent=7089"}],"curies":[{"name":"wp","href":"https:\/\/api.w.org\/{rel}","templated":true}]}}