{"id":7128,"date":"2019-12-17T13:12:23","date_gmt":"2019-12-17T12:12:23","guid":{"rendered":"https:\/\/crownsportnutrition.com\/affiliate-home-2\/"},"modified":"2025-08-24T06:52:57","modified_gmt":"2025-08-24T04:52:57","slug":"cuenta-crown-partner","status":"publish","type":"page","link":"https:\/\/crownsportnutrition.com\/en\/cuenta-crown-partner\/","title":{"rendered":"Crown Partner Account"},"content":{"rendered":"\n<script src=\"https:\/\/code.jquery.com\/ui\/1.12.1\/jquery-ui.js\"><\/script>\n<script>\n    jQuery(function($) {\n        var dates = $(\"#from, #to\").datepicker({\n            dateFormat: \"dd\/mm\/yy\",\n            numberOfMonths: 1,\n            onSelect: function(selectedDate) {\n                var option = this.id == \"from\" ? \"minDate\" : \"maxDate\",\n                        instance = $(this).data(\"datepicker\"),\n                        date = $.datepicker.parseDate(\n                        instance.settings.dateFormat ||\n                        $.datepicker._defaults.dateFormat,\n                        selectedDate, instance.settings);\n                dates.not(this).datepicker(\"option\", option, date);\n            }\n        });\n\n\n        $('#reset').click(function() {\n            $('#to').val('');\n            $('#from').val('');\n            $('#dateRange').submit();\n        });\n\n    });\n<\/script>\n\n\n<style>#kt-layout-id_f08b0c-41 > .kt-row-column-wrap{align-content:start;}:where(#kt-layout-id_f08b0c-41 > .kt-row-column-wrap) > .wp-block-kadence-column{justify-content:start;}#kt-layout-id_f08b0c-41 > .kt-row-column-wrap{column-gap:var(--global-kb-gap-md, 2rem);row-gap:var(--global-kb-gap-md, 2rem);padding-top:var( --global-kb-row-default-top, 25px );padding-bottom:var( --global-kb-row-default-bottom, 25px );padding-top:var(--global-kb-spacing-sm, 1.5rem);padding-bottom:var(--global-kb-spacing-sm, 1.5rem);grid-template-columns:minmax(0, 1fr);}#kt-layout-id_f08b0c-41 > .kt-row-layout-overlay{opacity:0.30;}@media all and (max-width: 1024px){#kt-layout-id_f08b0c-41 > .kt-row-column-wrap{grid-template-columns:minmax(0, 1fr);}}@media all and (max-width: 767px){#kt-layout-id_f08b0c-41 > .kt-row-column-wrap{grid-template-columns:minmax(0, 1fr);}}<\/style>\n<div class=\"wp-block-kadence-rowlayout alignnone preloader-tabla\"><div id=\"kt-layout-id_f08b0c-41\" class=\"kt-row-layout-inner kt-layout-id_f08b0c-41\"><div class=\"kt-row-column-wrap kt-has-1-columns kt-gutter-default kt-v-gutter-default kt-row-valign-top kt-row-layout-equal kt-tab-layout-inherit kt-m-colapse-left-to-right kt-mobile-layout-row\"><style>.kadence-column_0d074e-2b > .kt-inside-inner-col{border-top-width:0px;border-right-width:0px;border-bottom-width:0px;border-left-width:0px;}.kadence-column_0d074e-2b > .kt-inside-inner-col,.kadence-column_0d074e-2b > .kt-inside-inner-col:before{border-top-left-radius:0px;border-top-right-radius:0px;border-bottom-right-radius:0px;border-bottom-left-radius:0px;}.kadence-column_0d074e-2b > .kt-inside-inner-col{column-gap:var(--global-kb-gap-sm, 1rem);}.kadence-column_0d074e-2b > .kt-inside-inner-col{flex-direction:column;}.kadence-column_0d074e-2b > .kt-inside-inner-col > .aligncenter{width:100%;}.kadence-column_0d074e-2b > .kt-inside-inner-col:before{opacity:0.3;}.kadence-column_0d074e-2b{position:relative;}@media all and (max-width: 1024px){.kadence-column_0d074e-2b > .kt-inside-inner-col{flex-direction:column;justify-content:center;}}@media all and (max-width: 767px){.kadence-column_0d074e-2b > .kt-inside-inner-col{flex-direction:column;justify-content:center;}}<\/style>\n<div class=\"wp-block-kadence-column inner-column-1 kadence-column_0d074e-2b\"><div class=\"kt-inside-inner-col\">\n<p class=\"has-text-align-center has-theme-palette-5-color has-text-color\" style=\"font-size:18px;font-style:normal;font-weight:600\">Cargando datos<\/p>\n\n\n<div class=\"wp-block-image\">\n<figure class=\"aligncenter size-full\"><img decoding=\"async\" width=\"160\" height=\"20\" src=\"https:\/\/crownsportnutrition.com\/wp-content\/uploads\/2022\/06\/30.gif\" alt=\"\" class=\"wp-image-106811\"\/><\/figure>\n<\/div><\/div><\/div>\n<\/div><\/div><\/div>\n\n\n<style>#kt-layout-id_d2e7ce-d1 > .kt-row-column-wrap{align-content:start;}:where(#kt-layout-id_d2e7ce-d1 > .kt-row-column-wrap) > .wp-block-kadence-column{justify-content:start;}#kt-layout-id_d2e7ce-d1 > .kt-row-column-wrap{column-gap:var(--global-kb-gap-md, 2rem);row-gap:var(--global-kb-gap-md, 2rem);padding-top:var( --global-kb-row-default-top, 25px );padding-bottom:var( --global-kb-row-default-bottom, 25px );padding-top:var(--global-kb-spacing-sm, 1.5rem);padding-bottom:var(--global-kb-spacing-sm, 1.5rem);grid-template-columns:minmax(0, 1fr);}#kt-layout-id_d2e7ce-d1 > .kt-row-layout-overlay{opacity:0.30;}@media all and (max-width: 1024px){#kt-layout-id_d2e7ce-d1 > .kt-row-column-wrap{grid-template-columns:minmax(0, 1fr);}}@media all and (max-width: 767px){#kt-layout-id_d2e7ce-d1 > .kt-row-column-wrap{grid-template-columns:minmax(0, 1fr);}}<\/style>\n<div class=\"wp-block-kadence-rowlayout alignnone contenidoafiliados\"><div id=\"kt-layout-id_d2e7ce-d1\" class=\"kt-row-layout-inner kt-layout-id_d2e7ce-d1\"><div class=\"kt-row-column-wrap kt-has-1-columns kt-gutter-default kt-v-gutter-default kt-row-valign-top kt-row-layout-equal kt-tab-layout-inherit kt-m-colapse-left-to-right kt-mobile-layout-row\"><style>.kadence-column_f5d816-5e > .kt-inside-inner-col{border-top-width:0px;border-right-width:0px;border-bottom-width:0px;border-left-width:0px;}.kadence-column_f5d816-5e > .kt-inside-inner-col,.kadence-column_f5d816-5e > .kt-inside-inner-col:before{border-top-left-radius:0px;border-top-right-radius:0px;border-bottom-right-radius:0px;border-bottom-left-radius:0px;}.kadence-column_f5d816-5e > .kt-inside-inner-col{column-gap:var(--global-kb-gap-sm, 1rem);}.kadence-column_f5d816-5e > .kt-inside-inner-col{flex-direction:column;}.kadence-column_f5d816-5e > .kt-inside-inner-col > .aligncenter{width:100%;}.kadence-column_f5d816-5e > .kt-inside-inner-col:before{opacity:0.3;}.kadence-column_f5d816-5e{position:relative;}@media all and (max-width: 1024px){.kadence-column_f5d816-5e > .kt-inside-inner-col{flex-direction:column;justify-content:center;}}@media all and (max-width: 767px){.kadence-column_f5d816-5e > .kt-inside-inner-col{flex-direction:column;justify-content:center;}}<\/style>\n<div class=\"wp-block-kadence-column inner-column-1 kadence-column_f5d816-5e\"><div class=\"kt-inside-inner-col\">\n<div class=\"afiliado\">\n<h2 class=\"cuenta\" style=\"text-align: left; color: #e74c3c;\">AFFILIATE ACCOUNT<\/h2>\n<h3 class=\"cuentaafi\" style=\"text-align: left; color: #565656;\">Share your link and \/ or affiliate coupon and receive commissions:<\/h3>\n<h3 class=\"cuentaafi\"><span style=\"color: #ffb725;\"><em>https:\/\/crownsportnutrition.com\/?wpam_id=<\/em><\/span><\/h3>\n<p><script language=\"javascript\" type=\"text\/javascript\">\ndocument.location = \"\/CrownPartner\";\n<\/script><\/p>\n\n<\/div>\n<div class=\"idafi\" style=\"display: none;\"><\/div>\n<\/div><\/div>\n<\/div><\/div><\/div>\n<span class=\"kt-load-after-post\"><\/span>","protected":false},"excerpt":{"rendered":"<p>Cargando datos AFFILIATE ACCOUNT Share your link and \/ or affiliate coupon and receive commissions: https:\/\/crownsportnutrition.com\/?wpam_id=<\/p>\n","protected":false},"author":474,"featured_media":0,"parent":0,"menu_order":0,"comment_status":"closed","ping_status":"closed","template":"","meta":{"_kad_blocks_custom_css":"","_kad_blocks_head_custom_js":"","_kad_blocks_body_custom_js":"","_kad_blocks_footer_custom_js":"","_kadence_starter_templates_imported_post":false,"_kad_post_transparent":"","_kad_post_title":"","_kad_post_layout":"","_kad_post_sidebar_id":"","_kad_post_content_style":"unboxed","_kad_post_vertical_padding":"default","_kad_post_feature":"","_kad_post_feature_position":"","_kad_post_header":false,"_kad_post_footer":false,"_kad_post_classname":"","footnotes":""},"class_list":["post-7128","page","type-page","status-publish","hentry"],"yoast_head":"<!-- This site is optimized with the Yoast SEO Premium plugin v27.2 (Yoast SEO v27.2) - https:\/\/yoast.com\/product\/yoast-seo-premium-wordpress\/ -->\n<title>Crown Partner Account - Crown Sport Nutrition, sports supplementation<\/title>\n<meta name=\"description\" content=\"Cargando datos       AFFILIATE ACCOUNT Share your link and \/ or affiliate coupon and receive commissions: https:\/\/crownsportnutrition.com\/?wpam_id=\" \/>\n<meta name=\"robots\" content=\"index, follow, max-snippet:-1, max-image-preview:large, max-video-preview:-1\" \/>\n<link rel=\"canonical\" href=\"https:\/\/crownsportnutrition.com\/en\/cuenta-crown-partner\/\" \/>\n<meta property=\"og:locale\" content=\"en_US\" \/>\n<meta property=\"og:type\" content=\"article\" \/>\n<meta property=\"og:title\" content=\"Crown Partner Account\" \/>\n<meta property=\"og:description\" content=\"Cargando datos       AFFILIATE ACCOUNT Share your link and \/ or affiliate coupon and receive commissions: https:\/\/crownsportnutrition.com\/?wpam_id=\" \/>\n<meta property=\"og:url\" content=\"https:\/\/crownsportnutrition.com\/en\/cuenta-crown-partner\/\" \/>\n<meta property=\"og:site_name\" content=\"Crown Sport Nutrition, sports supplementation\" \/>\n<meta property=\"article:publisher\" content=\"https:\/\/www.facebook.com\/crownsportnutrition\" \/>\n<meta property=\"article:modified_time\" content=\"2025-08-24T04:52:57+00:00\" \/>\n<meta property=\"og:image\" content=\"https:\/\/crownsportnutrition.com\/wp-content\/uploads\/2022\/06\/30.gif\" \/>\n\t<meta property=\"og:image:width\" content=\"160\" \/>\n\t<meta property=\"og:image:height\" content=\"20\" \/>\n\t<meta property=\"og:image:type\" content=\"image\/gif\" \/>\n<meta name=\"twitter:card\" content=\"summary_large_image\" \/>\n<meta name=\"twitter:site\" content=\"@crownsportnutri\" \/>\n<meta name=\"twitter:label1\" content=\"Est. reading time\" \/>\n\t<meta name=\"twitter:data1\" content=\"1 minute\" \/>\n<script type=\"application\/ld+json\" class=\"yoast-schema-graph\">{\"@context\":\"https:\/\/schema.org\",\"@graph\":[{\"@type\":\"WebPage\",\"@id\":\"https:\/\/crownsportnutrition.com\/en\/cuenta-crown-partner\/\",\"url\":\"https:\/\/crownsportnutrition.com\/en\/cuenta-crown-partner\/\",\"name\":\"Crown Partner Account - Crown Sport Nutrition, sports supplementation\",\"isPartOf\":{\"@id\":\"https:\/\/crownsportnutrition.com\/en\/#website\"},\"primaryImageOfPage\":{\"@id\":\"https:\/\/crownsportnutrition.com\/en\/cuenta-crown-partner\/#primaryimage\"},\"image\":{\"@id\":\"https:\/\/crownsportnutrition.com\/en\/cuenta-crown-partner\/#primaryimage\"},\"thumbnailUrl\":\"https:\/\/crownsportnutrition.com\/wp-content\/uploads\/2022\/06\/30.gif\",\"datePublished\":\"2019-12-17T12:12:23+00:00\",\"dateModified\":\"2025-08-24T04:52:57+00:00\",\"description\":\"Cargando datos AFFILIATE ACCOUNT Share your link and \/ or affiliate coupon and receive commissions: https:\/\/crownsportnutrition.com\/?wpam_id=\",\"breadcrumb\":{\"@id\":\"https:\/\/crownsportnutrition.com\/en\/cuenta-crown-partner\/#breadcrumb\"},\"inLanguage\":\"en-US\",\"potentialAction\":[{\"@type\":\"ReadAction\",\"target\":[\"https:\/\/crownsportnutrition.com\/en\/cuenta-crown-partner\/\"]}]},{\"@type\":\"ImageObject\",\"inLanguage\":\"en-US\",\"@id\":\"https:\/\/crownsportnutrition.com\/en\/cuenta-crown-partner\/#primaryimage\",\"url\":\"https:\/\/crownsportnutrition.com\/wp-content\/uploads\/2022\/06\/30.gif\",\"contentUrl\":\"https:\/\/crownsportnutrition.com\/wp-content\/uploads\/2022\/06\/30.gif\"},{\"@type\":\"BreadcrumbList\",\"@id\":\"https:\/\/crownsportnutrition.com\/en\/cuenta-crown-partner\/#breadcrumb\",\"itemListElement\":[{\"@type\":\"ListItem\",\"position\":1,\"name\":\"Portada\",\"item\":\"https:\/\/crownsportnutrition.com\/en\/\"},{\"@type\":\"ListItem\",\"position\":2,\"name\":\"Crown Partner Account\"}]},{\"@type\":\"WebSite\",\"@id\":\"https:\/\/crownsportnutrition.com\/en\/#website\",\"url\":\"https:\/\/crownsportnutrition.com\/en\/\",\"name\":\"Crown Sport Nutrition, suplementaci\u00f3n deportiva\",\"description\":\"proteinas, recuperadores, gel energetico, barritas, bebida isotonica,[:en]Otro sitio realizado con WordPress\",\"publisher\":{\"@id\":\"https:\/\/crownsportnutrition.com\/en\/#organization\"},\"potentialAction\":[{\"@type\":\"SearchAction\",\"target\":{\"@type\":\"EntryPoint\",\"urlTemplate\":\"https:\/\/crownsportnutrition.com\/en\/?s={search_term_string}\"},\"query-input\":{\"@type\":\"PropertyValueSpecification\",\"valueRequired\":true,\"valueName\":\"search_term_string\"}}],\"inLanguage\":\"en-US\"},{\"@type\":\"Organization\",\"@id\":\"https:\/\/crownsportnutrition.com\/en\/#organization\",\"name\":\"Crown Sport Nutrition, sports supplementation\",\"alternateName\":\"Crown Sport Nutrition\",\"url\":\"https:\/\/crownsportnutrition.com\/en\/\",\"logo\":{\"@type\":\"ImageObject\",\"inLanguage\":\"en-US\",\"@id\":\"https:\/\/crownsportnutrition.com\/en\/#\/schema\/logo\/image\/\",\"url\":\"https:\/\/crownsportnutrition.com\/wp-content\/uploads\/2022\/06\/logo-CROWN-SPORT-NUTRITION1-1.png\",\"contentUrl\":\"https:\/\/crownsportnutrition.com\/wp-content\/uploads\/2022\/06\/logo-CROWN-SPORT-NUTRITION1-1.png\",\"width\":150,\"height\":58,\"caption\":\"Crown Sport Nutrition, sports supplementation\"},\"image\":{\"@id\":\"https:\/\/crownsportnutrition.com\/en\/#\/schema\/logo\/image\/\"},\"sameAs\":[\"https:\/\/www.facebook.com\/crownsportnutrition\",\"https:\/\/x.com\/crownsportnutri\",\"https:\/\/www.instagram.com\/crownsportnutrition\/\",\"https:\/\/www.linkedin.com\/company\/crownsportnutrition\"],\"description\":\"Crown Sport Nutrition es una marca espa\u00f1ola de suplementaci\u00f3n deportiva enfocada en producir solo productos con base cient\u00edfica y adem\u00e1s promover la investigaci\u00f3n cient\u00edfica mediante la publicaci\u00f3n de art\u00edculos sobre varios de sus productos en revistas cient\u00edficas de primer nivel. Se utilizan las mejores materias primas mezcladas en laboratorios punteros con las normas IFS (International Food Standard), con los mejores sabores y todo doping free. Crown Sport Nutrition es la primera empresa espa\u00f1ola en obtener la certificaci\u00f3n antidoping internacional por Informed Sport.\",\"email\":\"info@crownsportnutrition.com\",\"telephone\":\"+34 613 000 417\",\"legalName\":\"Crown Sport Nutrition\"}]}<\/script>\n<!-- \/ Yoast SEO Premium plugin. -->","yoast_head_json":{"title":"Crown Partner Account - Crown Sport Nutrition, sports supplementation","description":"Cargando datos       AFFILIATE ACCOUNT Share your link and \/ or affiliate coupon and receive commissions: https:\/\/crownsportnutrition.com\/?wpam_id=","robots":{"index":"index","follow":"follow","max-snippet":"max-snippet:-1","max-image-preview":"max-image-preview:large","max-video-preview":"max-video-preview:-1"},"canonical":"https:\/\/crownsportnutrition.com\/en\/cuenta-crown-partner\/","og_locale":"en_US","og_type":"article","og_title":"Crown Partner Account","og_description":"Cargando datos       AFFILIATE ACCOUNT Share your link and \/ or affiliate coupon and receive commissions: https:\/\/crownsportnutrition.com\/?wpam_id=","og_url":"https:\/\/crownsportnutrition.com\/en\/cuenta-crown-partner\/","og_site_name":"Crown Sport Nutrition, sports supplementation","article_publisher":"https:\/\/www.facebook.com\/crownsportnutrition","article_modified_time":"2025-08-24T04:52:57+00:00","og_image":[{"width":160,"height":20,"url":"https:\/\/crownsportnutrition.com\/wp-content\/uploads\/2022\/06\/30.gif","type":"image\/gif"}],"twitter_card":"summary_large_image","twitter_site":"@crownsportnutri","twitter_misc":{"Est. reading time":"1 minute"},"schema":{"@context":"https:\/\/schema.org","@graph":[{"@type":"WebPage","@id":"https:\/\/crownsportnutrition.com\/en\/cuenta-crown-partner\/","url":"https:\/\/crownsportnutrition.com\/en\/cuenta-crown-partner\/","name":"Crown Partner Account - Crown Sport Nutrition, sports supplementation","isPartOf":{"@id":"https:\/\/crownsportnutrition.com\/en\/#website"},"primaryImageOfPage":{"@id":"https:\/\/crownsportnutrition.com\/en\/cuenta-crown-partner\/#primaryimage"},"image":{"@id":"https:\/\/crownsportnutrition.com\/en\/cuenta-crown-partner\/#primaryimage"},"thumbnailUrl":"https:\/\/crownsportnutrition.com\/wp-content\/uploads\/2022\/06\/30.gif","datePublished":"2019-12-17T12:12:23+00:00","dateModified":"2025-08-24T04:52:57+00:00","description":"Cargando datos AFFILIATE ACCOUNT Share your link and \/ or affiliate coupon and receive commissions: https:\/\/crownsportnutrition.com\/?wpam_id=","breadcrumb":{"@id":"https:\/\/crownsportnutrition.com\/en\/cuenta-crown-partner\/#breadcrumb"},"inLanguage":"en-US","potentialAction":[{"@type":"ReadAction","target":["https:\/\/crownsportnutrition.com\/en\/cuenta-crown-partner\/"]}]},{"@type":"ImageObject","inLanguage":"en-US","@id":"https:\/\/crownsportnutrition.com\/en\/cuenta-crown-partner\/#primaryimage","url":"https:\/\/crownsportnutrition.com\/wp-content\/uploads\/2022\/06\/30.gif","contentUrl":"https:\/\/crownsportnutrition.com\/wp-content\/uploads\/2022\/06\/30.gif"},{"@type":"BreadcrumbList","@id":"https:\/\/crownsportnutrition.com\/en\/cuenta-crown-partner\/#breadcrumb","itemListElement":[{"@type":"ListItem","position":1,"name":"Portada","item":"https:\/\/crownsportnutrition.com\/en\/"},{"@type":"ListItem","position":2,"name":"Crown Partner Account"}]},{"@type":"WebSite","@id":"https:\/\/crownsportnutrition.com\/en\/#website","url":"https:\/\/crownsportnutrition.com\/en\/","name":"Crown Sport Nutrition, suplementaci\u00f3n deportiva","description":"proteinas, recuperadores, gel energetico, barritas, bebida isotonica,[:en]Otro sitio realizado con WordPress","publisher":{"@id":"https:\/\/crownsportnutrition.com\/en\/#organization"},"potentialAction":[{"@type":"SearchAction","target":{"@type":"EntryPoint","urlTemplate":"https:\/\/crownsportnutrition.com\/en\/?s={search_term_string}"},"query-input":{"@type":"PropertyValueSpecification","valueRequired":true,"valueName":"search_term_string"}}],"inLanguage":"en-US"},{"@type":"Organization","@id":"https:\/\/crownsportnutrition.com\/en\/#organization","name":"Crown Sport Nutrition, sports supplementation","alternateName":"Crown Sport Nutrition","url":"https:\/\/crownsportnutrition.com\/en\/","logo":{"@type":"ImageObject","inLanguage":"en-US","@id":"https:\/\/crownsportnutrition.com\/en\/#\/schema\/logo\/image\/","url":"https:\/\/crownsportnutrition.com\/wp-content\/uploads\/2022\/06\/logo-CROWN-SPORT-NUTRITION1-1.png","contentUrl":"https:\/\/crownsportnutrition.com\/wp-content\/uploads\/2022\/06\/logo-CROWN-SPORT-NUTRITION1-1.png","width":150,"height":58,"caption":"Crown Sport Nutrition, sports supplementation"},"image":{"@id":"https:\/\/crownsportnutrition.com\/en\/#\/schema\/logo\/image\/"},"sameAs":["https:\/\/www.facebook.com\/crownsportnutrition","https:\/\/x.com\/crownsportnutri","https:\/\/www.instagram.com\/crownsportnutrition\/","https:\/\/www.linkedin.com\/company\/crownsportnutrition"],"description":"Crown Sport Nutrition es una marca espa\u00f1ola de suplementaci\u00f3n deportiva enfocada en producir solo productos con base cient\u00edfica y adem\u00e1s promover la investigaci\u00f3n cient\u00edfica mediante la publicaci\u00f3n de art\u00edculos sobre varios de sus productos en revistas cient\u00edficas de primer nivel. Se utilizan las mejores materias primas mezcladas en laboratorios punteros con las normas IFS (International Food Standard), con los mejores sabores y todo doping free. Crown Sport Nutrition es la primera empresa espa\u00f1ola en obtener la certificaci\u00f3n antidoping internacional por Informed Sport.","email":"info@crownsportnutrition.com","telephone":"+34 613 000 417","legalName":"Crown Sport Nutrition"}]}},"taxonomy_info":[],"featured_image_src_large":false,"author_info":{"display_name":"miguel angel quiroga folguera","author_link":"https:\/\/crownsportnutrition.com\/en\/author\/miguelqui133hotmail-com\/"},"comment_info":"","_links":{"self":[{"href":"https:\/\/crownsportnutrition.com\/en\/wp-json\/wp\/v2\/pages\/7128","targetHints":{"allow":["GET"]}}],"collection":[{"href":"https:\/\/crownsportnutrition.com\/en\/wp-json\/wp\/v2\/pages"}],"about":[{"href":"https:\/\/crownsportnutrition.com\/en\/wp-json\/wp\/v2\/types\/page"}],"author":[{"embeddable":true,"href":"https:\/\/crownsportnutrition.com\/en\/wp-json\/wp\/v2\/users\/474"}],"replies":[{"embeddable":true,"href":"https:\/\/crownsportnutrition.com\/en\/wp-json\/wp\/v2\/comments?post=7128"}],"version-history":[{"count":0,"href":"https:\/\/crownsportnutrition.com\/en\/wp-json\/wp\/v2\/pages\/7128\/revisions"}],"wp:attachment":[{"href":"https:\/\/crownsportnutrition.com\/en\/wp-json\/wp\/v2\/media?parent=7128"}],"curies":[{"name":"wp","href":"https:\/\/api.w.org\/{rel}","templated":true}]}}