{"id":109312,"date":"2022-07-15T08:08:55","date_gmt":"2022-07-15T06:08:55","guid":{"rendered":"https:\/\/crownsportnutrition.com\/?post_type=product&#038;p=109312"},"modified":"2026-04-22T04:02:30","modified_gmt":"2026-04-22T02:02:30","slug":"pack-barritas-energeticas-de-gominola-pack-gum-bar-tester-x12-energy-gum-bars","status":"publish","type":"product","link":"https:\/\/crownsportnutrition.com\/en\/producto\/pack-barritas-energeticas-de-gominola-pack-gum-bar-tester-x12-energy-gum-bars\/","title":{"rendered":"PACK GUM BAR TESTER x12"},"content":{"rendered":"<h4>WHY CROWN SPORT NUTRITION? (41 SEC)?<\/h4>\n<div>\n<div class=\"entry-content-asset videofit\"><iframe loading=\"lazy\" title=\"Crown Sport Nutrition - High Performance Specialists\" width=\"720\" height=\"405\" src=\"https:\/\/www.youtube.com\/embed\/SvA4rFEtFk4?feature=oembed&#038;enablejsapi=1&#038;origin=https:\/\/crownsportnutrition.com\" frameborder=\"0\" allow=\"accelerometer; autoplay; clipboard-write; encrypted-media; gyroscope; picture-in-picture; web-share\" referrerpolicy=\"strict-origin-when-cross-origin\" allowfullscreen><\/iframe><\/div>\n<\/div>\n<p>The Gum Bar Tester Pack contains <strong>four<\/strong> gummy energy bars of each flavor (12 Energy Gum Bars).<\/p>\n<ul>\n<li>This is the <b>adaptation<\/b> of our <b>Energy Gel + Caffeine to the gummy bar format<\/b><\/li>\n<li>Magnificent texture of easy chewing that will not cost you to swallow, thus avoiding gastrointestinal problems<\/li>\n<li>Cola and Strawberry flavors with caffeine.<\/li>\n<\/ul>\n<p>It contains two sources of <b>carbohydrates<\/b>, Dextrose (in the form of glucose syrup) and Sucrose, which however provide us with 3 types of carbohydrates, since Sucrose is a source of Glucose and Fructose. These are necessary because carbohydrate intake during sports practice has been shown to improve performance (Cermak, N.M. et al., SM. 2013; Pochmuller, M. et al., JISSN. 2016). In addition, the latest research has shown that a high intake of carbohydrates during sports practice, especially for a long duration (&gt;2.5 h), improves neuromuscular function (Urdampilleta, A et al. Nutrients. 2020) and it also improves post-workout recovery both at the level of muscle damage and at the energy level because it shortens glycogen resynthesis times (Viribay, A. et al. Nutrients. 2020).<\/p>\n<p>But in addition to the combination of carbohydrates, our extraordinary formula has more added values \u200b\u200bsince we have also incorporated:<\/p>\n<ul>\n<li><b>Minerals: <\/b>Better known as <b>electrolytes <\/b>or salts, especially <b>sodium (Na)<\/b>, which is what we lose the most with sweat and it is essential to maintain hydration during physical activity (each bar provides approx. 112 mg) (NDA Panel. EFSA Journal. 2011). They also provide potassium (K) and <b>magnesium (Mg)<\/b>, the loss of which could be involved in the onset of muscle cramps, and they have also been added in the form of highly bioavailable salts, such as citrate of magnesium.<\/li>\n<li><b>Branched Chain Amino Acids (BCAAs): <\/b>Intake of these amino acids along with carbohydrates during training has been shown to decrease markers of muscle damage (Valentine, R.J. et al., IJSNEM. 2008) . Branched-chain amino acids are also highly oxidized by the muscle, that is, they are used as an energy source, reducing the use of glycogen in favor of fat. In addition, the intake of these amino acids during exercise decreases Central Fatigue Syndrome (CFS), that is, it reduces the production of Serotonin (neurotransmitter related to symptoms of fatigue and mood) (Kerksick, C.M. et al., JISSN 2018).<\/li>\n<li><b>Arginine: <\/b>This amino acid, in addition to being a precursor of Nitric Oxide (NO), reduces lactate concentration and improves aerobic capacity. In addition, being a glucogenic amino acid, the muscle can use it as a source of extra energy.<\/li>\n<li><b>Taurine: <\/b>Among others, it has antioxidant, metabolic and ergogenic effects (Galloway, S.D.R. et al., JAP. 2008). Its intake together with the rest of the ingredients has been shown to improve muscle resistance during exercise (Hoffman, J.R. el al., JCSR. 2008). It stabilizes cell membranes by helping potassium, sodium, calcium and magnesium pass through them (Bouckenooghe, T. et al., CNMC. 2006).<\/li>\n<li><b>Caffeine and Guarana: <\/b>We have added caffeine (in pure form and as Guarana), the most effective ingredient for the direct improvement of performance, both resistance and strength (Grgic, J. et al., BJSM. 2019). This, in addition to activating the Central Nervous System (CNS), delays fatigue and optimizes the use of cellular fuels (glycogen and fat). But the most important thing is that it improves muscle contraction (Lopes, J.M. et al., JAP. 1983), hence its effectiveness, especially when fatigue begins.<\/li>\n<\/ul>\n<p>And like all Crown Sport Nutrition\u00ae products with a spectacular taste and digestibility.<\/p>\n<span class=\"kt-load-after-post\"><\/span>","protected":false},"excerpt":{"rendered":"<p>The <b>Pack Gum Bar Tester<\/b> is a tasting pack with all the flavors of our new Energy Gum Bars. They are bars of the highest quality with a premium composition that provides all the necessary ingredients to improve performance in your training and competitions.<\/p>\n<p>It is the <b>adaptation<\/b> of our <b>Energy Gel + Caffeine to the gummy bar format<\/b>, 30 g of magnificent texture that is easy to chew and that will not be difficult to swallow, thus avoiding gastrointestinal problems.<\/p>\n","protected":false},"featured_media":166158,"template":"","meta":{"_kad_blocks_custom_css":"","_kad_blocks_head_custom_js":"","_kad_blocks_body_custom_js":"","_kad_blocks_footer_custom_js":"","_kadence_starter_templates_imported_post":false,"_kad_post_transparent":"default","_kad_post_title":"","_kad_post_layout":"default","_kad_post_sidebar_id":"","_kad_post_content_style":"default","_kad_post_vertical_padding":"default","_kad_post_feature":"","_kad_post_feature_position":"","_kad_post_header":false,"_kad_post_footer":false,"_kad_post_classname":""},"product_brand":[],"product_cat":[288,191,176,188],"product_tag":[],"class_list":{"0":"post-109312","1":"product","2":"type-product","3":"status-publish","4":"has-post-thumbnail","6":"product_cat-barritas","7":"product_cat-crown-packs","8":"product_cat-shop","9":"product_cat-vegan-pro-line-2","11":"first","12":"instock","13":"sale","14":"taxable","15":"shipping-taxable","16":"purchasable","17":"product-type-simple","18":"entry","19":"content-bg","20":"loop-entry"},"yoast_head":"<!-- This site is optimized with the Yoast SEO Premium plugin v27.2 (Yoast SEO v27.2) - https:\/\/yoast.com\/product\/yoast-seo-premium-wordpress\/ -->\n<title>PACK GUM BAR TESTER x12 - Crown Sport Nutrition, sports supplementation<\/title>\n<meta name=\"description\" content=\"The Pack Gum Bar Tester is a tasting pack with all the flavors of our new Energy Gum Bars. They are bars of the highest quality with a premium composition that provides all the necessary ingredients to improve performance in your training and competitions.  It is the adaptation of our Energy Gel + Caffeine to the gummy bar format, 30 g of magnificent texture that is easy to chew and that will not be difficult to swallow, thus avoiding gastrointestinal problems.\" \/>\n<meta name=\"robots\" content=\"index, follow, max-snippet:-1, max-image-preview:large, max-video-preview:-1\" \/>\n<link rel=\"canonical\" href=\"https:\/\/crownsportnutrition.com\/en\/producto\/pack-barritas-energeticas-de-gominola-pack-gum-bar-tester-x12-energy-gum-bars\/\" \/>\n<meta property=\"og:locale\" content=\"en_US\" \/>\n<meta property=\"og:type\" content=\"article\" \/>\n<meta property=\"og:title\" content=\"PACK GUM BAR TESTER x12\" \/>\n<meta property=\"og:description\" content=\"The Pack Gum Bar Tester is a tasting pack with all the flavors of our new Energy Gum Bars. They are bars of the highest quality with a premium composition that provides all the necessary ingredients to improve performance in your training and competitions.  It is the adaptation of our Energy Gel + Caffeine to the gummy bar format, 30 g of magnificent texture that is easy to chew and that will not be difficult to swallow, thus avoiding gastrointestinal problems.\" \/>\n<meta property=\"og:url\" content=\"https:\/\/crownsportnutrition.com\/en\/producto\/pack-barritas-energeticas-de-gominola-pack-gum-bar-tester-x12-energy-gum-bars\/\" \/>\n<meta property=\"og:site_name\" content=\"Crown Sport Nutrition, sports supplementation\" \/>\n<meta property=\"article:publisher\" content=\"https:\/\/www.facebook.com\/crownsportnutrition\" \/>\n<meta property=\"article:modified_time\" content=\"2026-04-22T02:02:30+00:00\" \/>\n<meta property=\"og:image\" content=\"https:\/\/crownsportnutrition.com\/wp-content\/uploads\/2022\/07\/Portada.jpg\" \/>\n\t<meta property=\"og:image:width\" content=\"600\" \/>\n\t<meta property=\"og:image:height\" content=\"900\" \/>\n\t<meta property=\"og:image:type\" content=\"image\/jpeg\" \/>\n<meta name=\"twitter:card\" content=\"summary_large_image\" \/>\n<meta name=\"twitter:site\" content=\"@crownsportnutri\" \/>\n<meta name=\"twitter:label1\" content=\"Price\" \/>\n\t<meta name=\"twitter:data1\" content=\"20,90&euro;\" \/>\n\t<meta name=\"twitter:label2\" content=\"Availability\" \/>\n\t<meta name=\"twitter:data2\" content=\"In stock\" \/>\n<script type=\"application\/ld+json\" class=\"yoast-schema-graph\">{\"@context\":\"https:\/\/schema.org\",\"@graph\":[{\"@type\":\"WebPage\",\"@id\":\"https:\/\/crownsportnutrition.com\/en\/producto\/pack-barritas-energeticas-de-gominola-pack-gum-bar-tester-x12-energy-gum-bars\/\",\"url\":\"https:\/\/crownsportnutrition.com\/en\/producto\/pack-barritas-energeticas-de-gominola-pack-gum-bar-tester-x12-energy-gum-bars\/\",\"name\":\"PACK GUM BAR TESTER x12 - Crown Sport Nutrition, sports supplementation\",\"isPartOf\":{\"@id\":\"https:\/\/crownsportnutrition.com\/en\/#website\"},\"primaryImageOfPage\":{\"@id\":\"https:\/\/crownsportnutrition.com\/en\/producto\/pack-barritas-energeticas-de-gominola-pack-gum-bar-tester-x12-energy-gum-bars\/#primaryimage\"},\"image\":{\"@id\":\"https:\/\/crownsportnutrition.com\/en\/producto\/pack-barritas-energeticas-de-gominola-pack-gum-bar-tester-x12-energy-gum-bars\/#primaryimage\"},\"thumbnailUrl\":\"https:\/\/crownsportnutrition.com\/wp-content\/uploads\/2022\/07\/Portada.jpg\",\"datePublished\":\"2022-07-15T06:08:55+00:00\",\"dateModified\":\"2026-04-22T02:02:30+00:00\",\"description\":\"The Pack Gum Bar Tester is a tasting pack with all the flavors of our new Energy Gum Bars. They are bars of the highest quality with a premium composition that provides all the necessary ingredients to improve performance in your training and competitions. It is the adaptation of our Energy Gel + Caffeine to the gummy bar format, 30 g of magnificent texture that is easy to chew and that will not be difficult to swallow, thus avoiding gastrointestinal problems.\",\"breadcrumb\":{\"@id\":\"https:\/\/crownsportnutrition.com\/en\/producto\/pack-barritas-energeticas-de-gominola-pack-gum-bar-tester-x12-energy-gum-bars\/#breadcrumb\"},\"inLanguage\":\"en-US\",\"potentialAction\":[{\"@type\":\"ReadAction\",\"target\":[\"https:\/\/crownsportnutrition.com\/en\/producto\/pack-barritas-energeticas-de-gominola-pack-gum-bar-tester-x12-energy-gum-bars\/\"]}]},{\"@type\":\"ImageObject\",\"inLanguage\":\"en-US\",\"@id\":\"https:\/\/crownsportnutrition.com\/en\/producto\/pack-barritas-energeticas-de-gominola-pack-gum-bar-tester-x12-energy-gum-bars\/#primaryimage\",\"url\":\"https:\/\/crownsportnutrition.com\/wp-content\/uploads\/2022\/07\/Portada.jpg\",\"contentUrl\":\"https:\/\/crownsportnutrition.com\/wp-content\/uploads\/2022\/07\/Portada.jpg\",\"width\":600,\"height\":900,\"caption\":\"Imagen engergyGumBar\"},{\"@type\":\"BreadcrumbList\",\"@id\":\"https:\/\/crownsportnutrition.com\/en\/producto\/pack-barritas-energeticas-de-gominola-pack-gum-bar-tester-x12-energy-gum-bars\/#breadcrumb\",\"itemListElement\":[{\"@type\":\"ListItem\",\"position\":1,\"name\":\"Portada\",\"item\":\"https:\/\/crownsportnutrition.com\/en\/\"},{\"@type\":\"ListItem\",\"position\":2,\"name\":\"CROWN SHOP\",\"item\":\"https:\/\/crownsportnutrition.com\/tienda\/\"},{\"@type\":\"ListItem\",\"position\":3,\"name\":\"PACK GUM BAR TESTER x12\"}]},{\"@type\":\"WebSite\",\"@id\":\"https:\/\/crownsportnutrition.com\/en\/#website\",\"url\":\"https:\/\/crownsportnutrition.com\/en\/\",\"name\":\"Crown Sport Nutrition, suplementaci\u00f3n deportiva\",\"description\":\"proteinas, recuperadores, gel energetico, barritas, bebida isotonica,[:en]Otro sitio realizado con WordPress\",\"publisher\":{\"@id\":\"https:\/\/crownsportnutrition.com\/en\/#organization\"},\"potentialAction\":[{\"@type\":\"SearchAction\",\"target\":{\"@type\":\"EntryPoint\",\"urlTemplate\":\"https:\/\/crownsportnutrition.com\/en\/?s={search_term_string}\"},\"query-input\":{\"@type\":\"PropertyValueSpecification\",\"valueRequired\":true,\"valueName\":\"search_term_string\"}}],\"inLanguage\":\"en-US\"},{\"@type\":\"Organization\",\"@id\":\"https:\/\/crownsportnutrition.com\/en\/#organization\",\"name\":\"Crown Sport Nutrition, sports supplementation\",\"alternateName\":\"Crown Sport Nutrition\",\"url\":\"https:\/\/crownsportnutrition.com\/en\/\",\"logo\":{\"@type\":\"ImageObject\",\"inLanguage\":\"en-US\",\"@id\":\"https:\/\/crownsportnutrition.com\/en\/#\/schema\/logo\/image\/\",\"url\":\"https:\/\/crownsportnutrition.com\/wp-content\/uploads\/2022\/06\/logo-CROWN-SPORT-NUTRITION1-1.png\",\"contentUrl\":\"https:\/\/crownsportnutrition.com\/wp-content\/uploads\/2022\/06\/logo-CROWN-SPORT-NUTRITION1-1.png\",\"width\":150,\"height\":58,\"caption\":\"Crown Sport Nutrition, sports supplementation\"},\"image\":{\"@id\":\"https:\/\/crownsportnutrition.com\/en\/#\/schema\/logo\/image\/\"},\"sameAs\":[\"https:\/\/www.facebook.com\/crownsportnutrition\",\"https:\/\/x.com\/crownsportnutri\",\"https:\/\/www.instagram.com\/crownsportnutrition\/\",\"https:\/\/www.linkedin.com\/company\/crownsportnutrition\"],\"description\":\"Crown Sport Nutrition es una marca espa\u00f1ola de suplementaci\u00f3n deportiva enfocada en producir solo productos con base cient\u00edfica y adem\u00e1s promover la investigaci\u00f3n cient\u00edfica mediante la publicaci\u00f3n de art\u00edculos sobre varios de sus productos en revistas cient\u00edficas de primer nivel. Se utilizan las mejores materias primas mezcladas en laboratorios punteros con las normas IFS (International Food Standard), con los mejores sabores y todo doping free. Crown Sport Nutrition es la primera empresa espa\u00f1ola en obtener la certificaci\u00f3n antidoping internacional por Informed Sport.\",\"email\":\"info@crownsportnutrition.com\",\"telephone\":\"+34 613 000 417\",\"legalName\":\"Crown Sport Nutrition\"}]}<\/script>\n<meta property=\"product:price:amount\" content=\"20.90\" \/>\n<meta property=\"product:price:currency\" content=\"EUR\" \/>\n<meta property=\"og:availability\" content=\"instock\" \/>\n<meta property=\"product:availability\" content=\"instock\" \/>\n<meta property=\"product:retailer_item_id\" content=\"PACKGUM\" \/>\n<meta property=\"product:condition\" content=\"new\" \/>\n<!-- \/ Yoast SEO Premium plugin. -->","yoast_head_json":{"title":"PACK GUM BAR TESTER x12 - Crown Sport Nutrition, sports supplementation","description":"The Pack Gum Bar Tester is a tasting pack with all the flavors of our new Energy Gum Bars. They are bars of the highest quality with a premium composition that provides all the necessary ingredients to improve performance in your training and competitions.  It is the adaptation of our Energy Gel + Caffeine to the gummy bar format, 30 g of magnificent texture that is easy to chew and that will not be difficult to swallow, thus avoiding gastrointestinal problems.","robots":{"index":"index","follow":"follow","max-snippet":"max-snippet:-1","max-image-preview":"max-image-preview:large","max-video-preview":"max-video-preview:-1"},"canonical":"https:\/\/crownsportnutrition.com\/en\/producto\/pack-barritas-energeticas-de-gominola-pack-gum-bar-tester-x12-energy-gum-bars\/","og_locale":"en_US","og_type":"article","og_title":"PACK GUM BAR TESTER x12","og_description":"The Pack Gum Bar Tester is a tasting pack with all the flavors of our new Energy Gum Bars. They are bars of the highest quality with a premium composition that provides all the necessary ingredients to improve performance in your training and competitions.  It is the adaptation of our Energy Gel + Caffeine to the gummy bar format, 30 g of magnificent texture that is easy to chew and that will not be difficult to swallow, thus avoiding gastrointestinal problems.","og_url":"https:\/\/crownsportnutrition.com\/en\/producto\/pack-barritas-energeticas-de-gominola-pack-gum-bar-tester-x12-energy-gum-bars\/","og_site_name":"Crown Sport Nutrition, sports supplementation","article_publisher":"https:\/\/www.facebook.com\/crownsportnutrition","article_modified_time":"2026-04-22T02:02:30+00:00","og_image":[{"width":600,"height":900,"url":"https:\/\/crownsportnutrition.com\/wp-content\/uploads\/2022\/07\/Portada.jpg","type":"image\/jpeg"}],"twitter_card":"summary_large_image","twitter_site":"@crownsportnutri","twitter_misc":{"Price":"20,90&euro;","Availability":"In stock"},"schema":{"@context":"https:\/\/schema.org","@graph":[{"@type":"WebPage","@id":"https:\/\/crownsportnutrition.com\/en\/producto\/pack-barritas-energeticas-de-gominola-pack-gum-bar-tester-x12-energy-gum-bars\/","url":"https:\/\/crownsportnutrition.com\/en\/producto\/pack-barritas-energeticas-de-gominola-pack-gum-bar-tester-x12-energy-gum-bars\/","name":"PACK GUM BAR TESTER x12 - Crown Sport Nutrition, sports supplementation","isPartOf":{"@id":"https:\/\/crownsportnutrition.com\/en\/#website"},"primaryImageOfPage":{"@id":"https:\/\/crownsportnutrition.com\/en\/producto\/pack-barritas-energeticas-de-gominola-pack-gum-bar-tester-x12-energy-gum-bars\/#primaryimage"},"image":{"@id":"https:\/\/crownsportnutrition.com\/en\/producto\/pack-barritas-energeticas-de-gominola-pack-gum-bar-tester-x12-energy-gum-bars\/#primaryimage"},"thumbnailUrl":"https:\/\/crownsportnutrition.com\/wp-content\/uploads\/2022\/07\/Portada.jpg","datePublished":"2022-07-15T06:08:55+00:00","dateModified":"2026-04-22T02:02:30+00:00","description":"The Pack Gum Bar Tester is a tasting pack with all the flavors of our new Energy Gum Bars. They are bars of the highest quality with a premium composition that provides all the necessary ingredients to improve performance in your training and competitions. It is the adaptation of our Energy Gel + Caffeine to the gummy bar format, 30 g of magnificent texture that is easy to chew and that will not be difficult to swallow, thus avoiding gastrointestinal problems.","breadcrumb":{"@id":"https:\/\/crownsportnutrition.com\/en\/producto\/pack-barritas-energeticas-de-gominola-pack-gum-bar-tester-x12-energy-gum-bars\/#breadcrumb"},"inLanguage":"en-US","potentialAction":[{"@type":"ReadAction","target":["https:\/\/crownsportnutrition.com\/en\/producto\/pack-barritas-energeticas-de-gominola-pack-gum-bar-tester-x12-energy-gum-bars\/"]}]},{"@type":"ImageObject","inLanguage":"en-US","@id":"https:\/\/crownsportnutrition.com\/en\/producto\/pack-barritas-energeticas-de-gominola-pack-gum-bar-tester-x12-energy-gum-bars\/#primaryimage","url":"https:\/\/crownsportnutrition.com\/wp-content\/uploads\/2022\/07\/Portada.jpg","contentUrl":"https:\/\/crownsportnutrition.com\/wp-content\/uploads\/2022\/07\/Portada.jpg","width":600,"height":900,"caption":"Imagen engergyGumBar"},{"@type":"BreadcrumbList","@id":"https:\/\/crownsportnutrition.com\/en\/producto\/pack-barritas-energeticas-de-gominola-pack-gum-bar-tester-x12-energy-gum-bars\/#breadcrumb","itemListElement":[{"@type":"ListItem","position":1,"name":"Portada","item":"https:\/\/crownsportnutrition.com\/en\/"},{"@type":"ListItem","position":2,"name":"CROWN SHOP","item":"https:\/\/crownsportnutrition.com\/tienda\/"},{"@type":"ListItem","position":3,"name":"PACK GUM BAR TESTER x12"}]},{"@type":"WebSite","@id":"https:\/\/crownsportnutrition.com\/en\/#website","url":"https:\/\/crownsportnutrition.com\/en\/","name":"Crown Sport Nutrition, suplementaci\u00f3n deportiva","description":"proteinas, recuperadores, gel energetico, barritas, bebida isotonica,[:en]Otro sitio realizado con WordPress","publisher":{"@id":"https:\/\/crownsportnutrition.com\/en\/#organization"},"potentialAction":[{"@type":"SearchAction","target":{"@type":"EntryPoint","urlTemplate":"https:\/\/crownsportnutrition.com\/en\/?s={search_term_string}"},"query-input":{"@type":"PropertyValueSpecification","valueRequired":true,"valueName":"search_term_string"}}],"inLanguage":"en-US"},{"@type":"Organization","@id":"https:\/\/crownsportnutrition.com\/en\/#organization","name":"Crown Sport Nutrition, sports supplementation","alternateName":"Crown Sport Nutrition","url":"https:\/\/crownsportnutrition.com\/en\/","logo":{"@type":"ImageObject","inLanguage":"en-US","@id":"https:\/\/crownsportnutrition.com\/en\/#\/schema\/logo\/image\/","url":"https:\/\/crownsportnutrition.com\/wp-content\/uploads\/2022\/06\/logo-CROWN-SPORT-NUTRITION1-1.png","contentUrl":"https:\/\/crownsportnutrition.com\/wp-content\/uploads\/2022\/06\/logo-CROWN-SPORT-NUTRITION1-1.png","width":150,"height":58,"caption":"Crown Sport Nutrition, sports supplementation"},"image":{"@id":"https:\/\/crownsportnutrition.com\/en\/#\/schema\/logo\/image\/"},"sameAs":["https:\/\/www.facebook.com\/crownsportnutrition","https:\/\/x.com\/crownsportnutri","https:\/\/www.instagram.com\/crownsportnutrition\/","https:\/\/www.linkedin.com\/company\/crownsportnutrition"],"description":"Crown Sport Nutrition es una marca espa\u00f1ola de suplementaci\u00f3n deportiva enfocada en producir solo productos con base cient\u00edfica y adem\u00e1s promover la investigaci\u00f3n cient\u00edfica mediante la publicaci\u00f3n de art\u00edculos sobre varios de sus productos en revistas cient\u00edficas de primer nivel. Se utilizan las mejores materias primas mezcladas en laboratorios punteros con las normas IFS (International Food Standard), con los mejores sabores y todo doping free. Crown Sport Nutrition es la primera empresa espa\u00f1ola en obtener la certificaci\u00f3n antidoping internacional por Informed Sport.","email":"info@crownsportnutrition.com","telephone":"+34 613 000 417","legalName":"Crown Sport Nutrition"}]},"product_price_amount":"20.90","product_price_currency":"EUR","og_availability":"instock","product_availability":"instock","product_retailer_item_id":"PACKGUM","product_condition":"new"},"taxonomy_info":{"product_cat":[{"value":288,"label":"BARS"},{"value":191,"label":"OFFERS &amp; BUNDLES"},{"value":176,"label":"SHOP"},{"value":188,"label":"VEGAN PRO LINE"}]},"featured_image_src_large":["https:\/\/crownsportnutrition.com\/wp-content\/uploads\/2022\/07\/Portada.jpg",600,900,false],"author_info":[],"comment_info":"","_links":{"self":[{"href":"https:\/\/crownsportnutrition.com\/en\/wp-json\/wp\/v2\/product\/109312","targetHints":{"allow":["GET"]}}],"collection":[{"href":"https:\/\/crownsportnutrition.com\/en\/wp-json\/wp\/v2\/product"}],"about":[{"href":"https:\/\/crownsportnutrition.com\/en\/wp-json\/wp\/v2\/types\/product"}],"wp:featuredmedia":[{"embeddable":true,"href":"https:\/\/crownsportnutrition.com\/en\/wp-json\/wp\/v2\/media\/166158"}],"wp:attachment":[{"href":"https:\/\/crownsportnutrition.com\/en\/wp-json\/wp\/v2\/media?parent=109312"}],"wp:term":[{"taxonomy":"product_brand","embeddable":true,"href":"https:\/\/crownsportnutrition.com\/en\/wp-json\/wp\/v2\/product_brand?post=109312"},{"taxonomy":"product_cat","embeddable":true,"href":"https:\/\/crownsportnutrition.com\/en\/wp-json\/wp\/v2\/product_cat?post=109312"},{"taxonomy":"product_tag","embeddable":true,"href":"https:\/\/crownsportnutrition.com\/en\/wp-json\/wp\/v2\/product_tag?post=109312"}],"curies":[{"name":"wp","href":"https:\/\/api.w.org\/{rel}","templated":true}]}}