{"id":123314,"date":"2023-02-03T09:29:13","date_gmt":"2023-02-03T08:29:13","guid":{"rendered":"https:\/\/crownsportnutrition.com\/?post_type=product&#038;p=123314"},"modified":"2026-04-04T09:02:19","modified_gmt":"2026-04-04T07:02:19","slug":"hypergel-45","status":"publish","type":"product","link":"https:\/\/crownsportnutrition.com\/en\/producto\/hypergel-45\/","title":{"rendered":"HyperGel 45 (1;0,8)"},"content":{"rendered":"<p><img decoding=\"async\" src=\"https:\/\/media.crownsportnutrition.com\/img\/informed-banners\/109.5.jpg\" alt=\"Informed Sport anti-doping certification\" \/><\/p>\n<h2>HIGH-CARBOHYDRATE ENERGY GEL WITH EXTRA SODIUM<\/h2>\n<p>At <strong>Crown Sport Nutrition<\/strong>, we&#8217;ve considered athletes who require higher carbohydrate intake during exercise. That&#8217;s why we developed the <strong>Hyper (1:0.8) range of gels, bars, and drinks<\/strong>. These products allow intakes above 60 g\/h of carbohydrates. <strong>HyperGel 45<\/strong> is a high-carbohydrate energy gel with the following features:<\/p>\n<ul>\n<li>Provides 45 g of carbohydrates<\/li>\n<li>Maltodextrin and fructose blend in a 1:0.8 ratio<\/li>\n<li>Extra sodium (165 mg, or 400 mg in Salty Peanut variant)<\/li>\n<li>Informed-Sport certified<\/li>\n<li>Mild flavors and pleasant texture<\/li>\n<li>Maximum absorption and digestibility<\/li>\n<li>Vegan and allergen-free<\/li>\n<\/ul>\n<p><strong>HyperGel 45<\/strong> contains the optimal blend of maltodextrin and fructose in a <strong>1.25:1 ratio<\/strong> (commonly known as <strong>1:0.8<\/strong>), which enhances exogenous carbohydrate oxidation during prolonged exercise (Currell, 2008; Earnest, 2004).<\/p>\n<h4><strong>Why combine them in a 1.25:1 (1:0.8) ratio instead of the classic 2:1?<\/strong><\/h4>\n<p>Because this ratio achieves <em>maximum energy efficiency<\/em>, with 74% of the consumed carbohydrates oxidized for energy (Rowlands, 2015).<\/p>\n<h4><strong>Why use maltodextrin as the glucose source?<\/strong><\/h4>\n<p>Maltodextrin ensures higher energetic efficiency compared to alternatives like cyclodextrin or isomaltulose (Palatinose\u00ae), and offers better gastrointestinal tolerance due to its lower osmolality and neutral taste (Rowlands, 2022).<\/p>\n<p><em>With caffeine:<\/em> certain versions include caffeine, the most effective performance-enhancing ingredient for endurance and strength. It stimulates the central nervous system, delays fatigue, improves muscle contraction, and optimizes fuel use (Grgic, 2019; Lopes, 1983).<\/p>\n<h4><strong>Why not use glucose directly?<\/strong><\/h4>\n<p>While glucose and maltodextrin offer similar energetic efficiency, maltodextrin has better osmotic properties and is less sweet, making it more suitable for high doses during exercise.<\/p>\n<h4><strong>Summary:<\/strong><\/h4>\n<p>For high-carb sports nutrition, combining maltodextrin and fructose in a <em>1.25:1<\/em> (1:0.8) ratio ensures maximum energy efficiency and minimizes digestive discomfort (Rowlands, 2022).<\/p>\n<p>Sodium is added in the form of <strong>sea salt<\/strong>, the key electrolyte lost in sweat and essential for maintaining hydration during exercise (EFSA, 2011).<\/p>\n<h4><strong>Ideal texture<\/strong><\/h4>\n<p>Unlike most high-carb gels, <strong>HyperGel 45<\/strong> has a fluid texture that is easy to swallow, without the dense or gritty feel common in other products.<\/p>\n<h4><strong>Minimal ingredients<\/strong><\/h4>\n<p>To reduce gastrointestinal distress, the formula uses high-purity ingredients. Neutral flavors contain no added flavorings\u2014just a mild sweetness from fructose. Flavored versions use natural aromas only. No sweeteners or colorants are used.<\/p>\n<p>As with all <strong>Crown Sport Nutrition<\/strong> products, <strong>HyperGel 45<\/strong> stands out for its taste, digestibility, and safety, with <strong>Informed-Sport anti-doping certification<\/strong>.<\/p>\n<p><strong>Flavors with caffeine:<\/strong> Lemon, Salty Peanut<\/p>\n<p><strong>Flavors without caffeine:<\/strong> Neutral, Strawberry, Mokka<\/p>\n<p><strong>Format:<\/strong> Box of 12 energy gels, 60 ml each<\/p>\n<span class=\"kt-load-after-post\"><\/span>","protected":false},"excerpt":{"rendered":"<p>Energy gel with 45 g of carbohydrates in a 1:0.8 maltodextrin:fructose ratio and 165 mg of sodium (except 400 mg in the salted peanut flavor). Caffeine free and caffeinated versions (80mg). With liquid texture and without sweeteners. Indicated for high carbohydrate intake.<\/p>\n<p>With Informed Sport anti-doping certificate.<\/p>\n","protected":false},"featured_media":168462,"template":"","meta":{"_kad_blocks_custom_css":"","_kad_blocks_head_custom_js":"","_kad_blocks_body_custom_js":"","_kad_blocks_footer_custom_js":"","_kadence_starter_templates_imported_post":false,"_kad_post_transparent":"default","_kad_post_title":"","_kad_post_layout":"default","_kad_post_sidebar_id":"","_kad_post_content_style":"default","_kad_post_vertical_padding":"default","_kad_post_feature":"","_kad_post_feature_position":"","_kad_post_header":false,"_kad_post_footer":false,"_kad_post_classname":""},"product_brand":[],"product_cat":[117,114,242,118,289,222,171,281,223,121,115,119,116,113,188],"product_tag":[153,155,228,151,154,152],"class_list":{"0":"post-123314","1":"product","2":"type-product","3":"status-publish","4":"has-post-thumbnail","6":"product_cat-crossfit","7":"product_cat-ciclismo","8":"product_cat-durante","9":"product_cat-futbol","10":"product_cat-gels","11":"product_cat-sin-gluten","12":"product_cat-hidratacion-y-energia-2","13":"product_cat-hyper-line","14":"product_cat-sin-lactosa","15":"product_cat-artes-marciales","16":"product_cat-running","17":"product_cat-tenis","18":"product_cat-trail-running","19":"product_cat-triatlon","20":"product_cat-vegan-pro-line-2","21":"product_tag-energia","22":"product_tag-gel","23":"product_tag-gel-energetico","24":"product_tag-geles","25":"product_tag-hidratacion","26":"product_tag-sales","28":"first","29":"instock","30":"taxable","31":"shipping-taxable","32":"purchasable","33":"product-type-variable","34":"has-default-attributes","35":"entry","36":"content-bg","37":"loop-entry"},"yoast_head":"<!-- This site is optimized with the Yoast SEO Premium plugin v27.2 (Yoast SEO v27.2) - https:\/\/yoast.com\/product\/yoast-seo-premium-wordpress\/ -->\n<title>Gel Energ\u00e9tico Alto en Carbohidratos 45g<\/title>\n<meta name=\"description\" content=\"HyperGel 45: gel energ\u00e9tico alto en carbohidratos y sodio para m\u00e1ximo rendimiento. Sin edulcorantes ni colorantes, alta absorci\u00f3n y apto para veganos\" \/>\n<meta name=\"robots\" content=\"index, follow, max-snippet:-1, max-image-preview:large, max-video-preview:-1\" \/>\n<link rel=\"canonical\" href=\"https:\/\/crownsportnutrition.com\/en\/producto\/hypergel-45\/\" \/>\n<meta property=\"og:locale\" content=\"en_US\" \/>\n<meta property=\"og:type\" content=\"article\" \/>\n<meta property=\"og:title\" content=\"HyperGel 45 (1;0,8)\" \/>\n<meta property=\"og:description\" content=\"HyperGel 45: gel energ\u00e9tico alto en carbohidratos y sodio para m\u00e1ximo rendimiento. Sin edulcorantes ni colorantes, alta absorci\u00f3n y apto para veganos\" \/>\n<meta property=\"og:url\" content=\"https:\/\/crownsportnutrition.com\/en\/producto\/hypergel-45\/\" \/>\n<meta property=\"og:site_name\" content=\"Crown Sport Nutrition, sports supplementation\" \/>\n<meta property=\"article:publisher\" content=\"https:\/\/www.facebook.com\/crownsportnutrition\" \/>\n<meta property=\"article:modified_time\" content=\"2026-04-04T07:02:19+00:00\" \/>\n<meta property=\"og:image\" content=\"https:\/\/crownsportnutrition.com\/wp-content\/uploads\/2023\/02\/109.5.C_HyperGel_45_Neutral_Box_Image_1.jpg\" \/>\n\t<meta property=\"og:image:width\" content=\"1500\" \/>\n\t<meta property=\"og:image:height\" content=\"1500\" \/>\n\t<meta property=\"og:image:type\" content=\"image\/jpeg\" \/>\n<meta name=\"twitter:card\" content=\"summary_large_image\" \/>\n<meta name=\"twitter:site\" content=\"@crownsportnutri\" \/>\n<meta name=\"twitter:label1\" content=\"Availability\" \/>\n\t<meta name=\"twitter:data1\" content=\"In stock\" \/>\n<script type=\"application\/ld+json\" class=\"yoast-schema-graph\">{\"@context\":\"https:\/\/schema.org\",\"@graph\":[{\"@type\":\"WebPage\",\"@id\":\"https:\/\/crownsportnutrition.com\/en\/producto\/hypergel-45\/\",\"url\":\"https:\/\/crownsportnutrition.com\/en\/producto\/hypergel-45\/\",\"name\":\"Gel Energ\u00e9tico Alto en Carbohidratos 45g\",\"isPartOf\":{\"@id\":\"https:\/\/crownsportnutrition.com\/en\/#website\"},\"primaryImageOfPage\":{\"@id\":\"https:\/\/crownsportnutrition.com\/en\/producto\/hypergel-45\/#primaryimage\"},\"image\":{\"@id\":\"https:\/\/crownsportnutrition.com\/en\/producto\/hypergel-45\/#primaryimage\"},\"thumbnailUrl\":\"https:\/\/crownsportnutrition.com\/wp-content\/uploads\/2023\/02\/109.5.C_HyperGel_45_Neutral_Box_Image_1.jpg\",\"datePublished\":\"2023-02-03T08:29:13+00:00\",\"dateModified\":\"2026-04-04T07:02:19+00:00\",\"description\":\"HyperGel 45: gel energ\u00e9tico alto en carbohidratos y sodio para m\u00e1ximo rendimiento. Sin edulcorantes ni colorantes, alta absorci\u00f3n y apto para veganos\",\"breadcrumb\":{\"@id\":\"https:\/\/crownsportnutrition.com\/en\/producto\/hypergel-45\/#breadcrumb\"},\"inLanguage\":\"en-US\",\"potentialAction\":[{\"@type\":\"ReadAction\",\"target\":[\"https:\/\/crownsportnutrition.com\/en\/producto\/hypergel-45\/\"]}]},{\"@type\":\"ImageObject\",\"inLanguage\":\"en-US\",\"@id\":\"https:\/\/crownsportnutrition.com\/en\/producto\/hypergel-45\/#primaryimage\",\"url\":\"https:\/\/crownsportnutrition.com\/wp-content\/uploads\/2023\/02\/109.5.C_HyperGel_45_Neutral_Box_Image_1.jpg\",\"contentUrl\":\"https:\/\/crownsportnutrition.com\/wp-content\/uploads\/2023\/02\/109.5.C_HyperGel_45_Neutral_Box_Image_1.jpg\",\"width\":1500,\"height\":1500,\"caption\":\"Imagen Hypergel45\"},{\"@type\":\"BreadcrumbList\",\"@id\":\"https:\/\/crownsportnutrition.com\/en\/producto\/hypergel-45\/#breadcrumb\",\"itemListElement\":[{\"@type\":\"ListItem\",\"position\":1,\"name\":\"Portada\",\"item\":\"https:\/\/crownsportnutrition.com\/en\/\"},{\"@type\":\"ListItem\",\"position\":2,\"name\":\"CROWN SHOP\",\"item\":\"https:\/\/crownsportnutrition.com\/tienda\/\"},{\"@type\":\"ListItem\",\"position\":3,\"name\":\"HyperGel 45 (1;0,8)\"}]},{\"@type\":\"WebSite\",\"@id\":\"https:\/\/crownsportnutrition.com\/en\/#website\",\"url\":\"https:\/\/crownsportnutrition.com\/en\/\",\"name\":\"Crown Sport Nutrition, suplementaci\u00f3n deportiva\",\"description\":\"proteinas, recuperadores, gel energetico, barritas, bebida isotonica,[:en]Otro sitio realizado con WordPress\",\"publisher\":{\"@id\":\"https:\/\/crownsportnutrition.com\/en\/#organization\"},\"potentialAction\":[{\"@type\":\"SearchAction\",\"target\":{\"@type\":\"EntryPoint\",\"urlTemplate\":\"https:\/\/crownsportnutrition.com\/en\/?s={search_term_string}\"},\"query-input\":{\"@type\":\"PropertyValueSpecification\",\"valueRequired\":true,\"valueName\":\"search_term_string\"}}],\"inLanguage\":\"en-US\"},{\"@type\":\"Organization\",\"@id\":\"https:\/\/crownsportnutrition.com\/en\/#organization\",\"name\":\"Crown Sport Nutrition, sports supplementation\",\"alternateName\":\"Crown Sport Nutrition\",\"url\":\"https:\/\/crownsportnutrition.com\/en\/\",\"logo\":{\"@type\":\"ImageObject\",\"inLanguage\":\"en-US\",\"@id\":\"https:\/\/crownsportnutrition.com\/en\/#\/schema\/logo\/image\/\",\"url\":\"https:\/\/crownsportnutrition.com\/wp-content\/uploads\/2022\/06\/logo-CROWN-SPORT-NUTRITION1-1.png\",\"contentUrl\":\"https:\/\/crownsportnutrition.com\/wp-content\/uploads\/2022\/06\/logo-CROWN-SPORT-NUTRITION1-1.png\",\"width\":150,\"height\":58,\"caption\":\"Crown Sport Nutrition, sports supplementation\"},\"image\":{\"@id\":\"https:\/\/crownsportnutrition.com\/en\/#\/schema\/logo\/image\/\"},\"sameAs\":[\"https:\/\/www.facebook.com\/crownsportnutrition\",\"https:\/\/x.com\/crownsportnutri\",\"https:\/\/www.instagram.com\/crownsportnutrition\/\",\"https:\/\/www.linkedin.com\/company\/crownsportnutrition\"],\"description\":\"Crown Sport Nutrition es una marca espa\u00f1ola de suplementaci\u00f3n deportiva enfocada en producir solo productos con base cient\u00edfica y adem\u00e1s promover la investigaci\u00f3n cient\u00edfica mediante la publicaci\u00f3n de art\u00edculos sobre varios de sus productos en revistas cient\u00edficas de primer nivel. Se utilizan las mejores materias primas mezcladas en laboratorios punteros con las normas IFS (International Food Standard), con los mejores sabores y todo doping free. Crown Sport Nutrition es la primera empresa espa\u00f1ola en obtener la certificaci\u00f3n antidoping internacional por Informed Sport.\",\"email\":\"info@crownsportnutrition.com\",\"telephone\":\"+34 613 000 417\",\"legalName\":\"Crown Sport Nutrition\"}]}<\/script>\n<meta property=\"og:availability\" content=\"instock\" \/>\n<meta property=\"product:availability\" content=\"instock\" \/>\n<meta property=\"product:retailer_item_id\" content=\"109.9.M\" \/>\n<meta property=\"product:condition\" content=\"new\" \/>\n<!-- \/ Yoast SEO Premium plugin. -->","yoast_head_json":{"title":"Gel Energ\u00e9tico Alto en Carbohidratos 45g","description":"HyperGel 45: gel energ\u00e9tico alto en carbohidratos y sodio para m\u00e1ximo rendimiento. Sin edulcorantes ni colorantes, alta absorci\u00f3n y apto para veganos","robots":{"index":"index","follow":"follow","max-snippet":"max-snippet:-1","max-image-preview":"max-image-preview:large","max-video-preview":"max-video-preview:-1"},"canonical":"https:\/\/crownsportnutrition.com\/en\/producto\/hypergel-45\/","og_locale":"en_US","og_type":"article","og_title":"HyperGel 45 (1;0,8)","og_description":"HyperGel 45: gel energ\u00e9tico alto en carbohidratos y sodio para m\u00e1ximo rendimiento. Sin edulcorantes ni colorantes, alta absorci\u00f3n y apto para veganos","og_url":"https:\/\/crownsportnutrition.com\/en\/producto\/hypergel-45\/","og_site_name":"Crown Sport Nutrition, sports supplementation","article_publisher":"https:\/\/www.facebook.com\/crownsportnutrition","article_modified_time":"2026-04-04T07:02:19+00:00","og_image":[{"width":1500,"height":1500,"url":"https:\/\/crownsportnutrition.com\/wp-content\/uploads\/2023\/02\/109.5.C_HyperGel_45_Neutral_Box_Image_1.jpg","type":"image\/jpeg"}],"twitter_card":"summary_large_image","twitter_site":"@crownsportnutri","twitter_misc":{"Availability":"In stock"},"schema":{"@context":"https:\/\/schema.org","@graph":[{"@type":"WebPage","@id":"https:\/\/crownsportnutrition.com\/en\/producto\/hypergel-45\/","url":"https:\/\/crownsportnutrition.com\/en\/producto\/hypergel-45\/","name":"Gel Energ\u00e9tico Alto en Carbohidratos 45g","isPartOf":{"@id":"https:\/\/crownsportnutrition.com\/en\/#website"},"primaryImageOfPage":{"@id":"https:\/\/crownsportnutrition.com\/en\/producto\/hypergel-45\/#primaryimage"},"image":{"@id":"https:\/\/crownsportnutrition.com\/en\/producto\/hypergel-45\/#primaryimage"},"thumbnailUrl":"https:\/\/crownsportnutrition.com\/wp-content\/uploads\/2023\/02\/109.5.C_HyperGel_45_Neutral_Box_Image_1.jpg","datePublished":"2023-02-03T08:29:13+00:00","dateModified":"2026-04-04T07:02:19+00:00","description":"HyperGel 45: gel energ\u00e9tico alto en carbohidratos y sodio para m\u00e1ximo rendimiento. Sin edulcorantes ni colorantes, alta absorci\u00f3n y apto para veganos","breadcrumb":{"@id":"https:\/\/crownsportnutrition.com\/en\/producto\/hypergel-45\/#breadcrumb"},"inLanguage":"en-US","potentialAction":[{"@type":"ReadAction","target":["https:\/\/crownsportnutrition.com\/en\/producto\/hypergel-45\/"]}]},{"@type":"ImageObject","inLanguage":"en-US","@id":"https:\/\/crownsportnutrition.com\/en\/producto\/hypergel-45\/#primaryimage","url":"https:\/\/crownsportnutrition.com\/wp-content\/uploads\/2023\/02\/109.5.C_HyperGel_45_Neutral_Box_Image_1.jpg","contentUrl":"https:\/\/crownsportnutrition.com\/wp-content\/uploads\/2023\/02\/109.5.C_HyperGel_45_Neutral_Box_Image_1.jpg","width":1500,"height":1500,"caption":"Imagen Hypergel45"},{"@type":"BreadcrumbList","@id":"https:\/\/crownsportnutrition.com\/en\/producto\/hypergel-45\/#breadcrumb","itemListElement":[{"@type":"ListItem","position":1,"name":"Portada","item":"https:\/\/crownsportnutrition.com\/en\/"},{"@type":"ListItem","position":2,"name":"CROWN SHOP","item":"https:\/\/crownsportnutrition.com\/tienda\/"},{"@type":"ListItem","position":3,"name":"HyperGel 45 (1;0,8)"}]},{"@type":"WebSite","@id":"https:\/\/crownsportnutrition.com\/en\/#website","url":"https:\/\/crownsportnutrition.com\/en\/","name":"Crown Sport Nutrition, suplementaci\u00f3n deportiva","description":"proteinas, recuperadores, gel energetico, barritas, bebida isotonica,[:en]Otro sitio realizado con WordPress","publisher":{"@id":"https:\/\/crownsportnutrition.com\/en\/#organization"},"potentialAction":[{"@type":"SearchAction","target":{"@type":"EntryPoint","urlTemplate":"https:\/\/crownsportnutrition.com\/en\/?s={search_term_string}"},"query-input":{"@type":"PropertyValueSpecification","valueRequired":true,"valueName":"search_term_string"}}],"inLanguage":"en-US"},{"@type":"Organization","@id":"https:\/\/crownsportnutrition.com\/en\/#organization","name":"Crown Sport Nutrition, sports supplementation","alternateName":"Crown Sport Nutrition","url":"https:\/\/crownsportnutrition.com\/en\/","logo":{"@type":"ImageObject","inLanguage":"en-US","@id":"https:\/\/crownsportnutrition.com\/en\/#\/schema\/logo\/image\/","url":"https:\/\/crownsportnutrition.com\/wp-content\/uploads\/2022\/06\/logo-CROWN-SPORT-NUTRITION1-1.png","contentUrl":"https:\/\/crownsportnutrition.com\/wp-content\/uploads\/2022\/06\/logo-CROWN-SPORT-NUTRITION1-1.png","width":150,"height":58,"caption":"Crown Sport Nutrition, sports supplementation"},"image":{"@id":"https:\/\/crownsportnutrition.com\/en\/#\/schema\/logo\/image\/"},"sameAs":["https:\/\/www.facebook.com\/crownsportnutrition","https:\/\/x.com\/crownsportnutri","https:\/\/www.instagram.com\/crownsportnutrition\/","https:\/\/www.linkedin.com\/company\/crownsportnutrition"],"description":"Crown Sport Nutrition es una marca espa\u00f1ola de suplementaci\u00f3n deportiva enfocada en producir solo productos con base cient\u00edfica y adem\u00e1s promover la investigaci\u00f3n cient\u00edfica mediante la publicaci\u00f3n de art\u00edculos sobre varios de sus productos en revistas cient\u00edficas de primer nivel. Se utilizan las mejores materias primas mezcladas en laboratorios punteros con las normas IFS (International Food Standard), con los mejores sabores y todo doping free. Crown Sport Nutrition es la primera empresa espa\u00f1ola en obtener la certificaci\u00f3n antidoping internacional por Informed Sport.","email":"info@crownsportnutrition.com","telephone":"+34 613 000 417","legalName":"Crown Sport Nutrition"}]},"og_availability":"instock","product_availability":"instock","product_retailer_item_id":"109.9.M","product_condition":"new"},"taxonomy_info":{"product_cat":[{"value":117,"label":"Crossfit"},{"value":114,"label":"Cycling"},{"value":242,"label":"During"},{"value":118,"label":"Football"},{"value":289,"label":"GELS"},{"value":222,"label":"GLUTEN FREE"},{"value":171,"label":"HYDRATION &amp; ENERGY"},{"value":281,"label":"HYPER(1:0,8) LINE"},{"value":223,"label":"LACTOSE FREE"},{"value":121,"label":"Martial Arts"},{"value":115,"label":"Running"},{"value":119,"label":"Tennis"},{"value":116,"label":"Trail Running"},{"value":113,"label":"Triathlon"},{"value":188,"label":"VEGAN PRO LINE"}],"product_tag":[{"value":153,"label":"energia"},{"value":155,"label":"gel"},{"value":228,"label":"gel energ\u00e9tico"},{"value":151,"label":"geles"},{"value":154,"label":"hidratacion"},{"value":152,"label":"sales"}]},"featured_image_src_large":["https:\/\/crownsportnutrition.com\/wp-content\/uploads\/2023\/02\/109.5.C_HyperGel_45_Neutral_Box_Image_1-1024x1024.jpg",1024,1024,true],"author_info":[],"comment_info":"","_links":{"self":[{"href":"https:\/\/crownsportnutrition.com\/en\/wp-json\/wp\/v2\/product\/123314","targetHints":{"allow":["GET"]}}],"collection":[{"href":"https:\/\/crownsportnutrition.com\/en\/wp-json\/wp\/v2\/product"}],"about":[{"href":"https:\/\/crownsportnutrition.com\/en\/wp-json\/wp\/v2\/types\/product"}],"wp:featuredmedia":[{"embeddable":true,"href":"https:\/\/crownsportnutrition.com\/en\/wp-json\/wp\/v2\/media\/168462"}],"wp:attachment":[{"href":"https:\/\/crownsportnutrition.com\/en\/wp-json\/wp\/v2\/media?parent=123314"}],"wp:term":[{"taxonomy":"product_brand","embeddable":true,"href":"https:\/\/crownsportnutrition.com\/en\/wp-json\/wp\/v2\/product_brand?post=123314"},{"taxonomy":"product_cat","embeddable":true,"href":"https:\/\/crownsportnutrition.com\/en\/wp-json\/wp\/v2\/product_cat?post=123314"},{"taxonomy":"product_tag","embeddable":true,"href":"https:\/\/crownsportnutrition.com\/en\/wp-json\/wp\/v2\/product_tag?post=123314"}],"curies":[{"name":"wp","href":"https:\/\/api.w.org\/{rel}","templated":true}]}}