{"id":123338,"date":"2023-02-03T10:34:25","date_gmt":"2023-02-03T09:34:25","guid":{"rendered":"https:\/\/crownsportnutrition.com\/?post_type=product&#038;p=123338"},"modified":"2026-04-22T19:02:33","modified_gmt":"2026-04-22T17:02:33","slug":"hypergel-30-hydra","status":"publish","type":"product","link":"https:\/\/crownsportnutrition.com\/en\/producto\/hypergel-30-hydra\/","title":{"rendered":"HyperGel 30 (1:0,8) Hydro"},"content":{"rendered":"<h4>WHY CROWN SPORT NUTRITION? (41 SEC)?<\/h4>\n<div>\n<div class=\"entry-content-asset videofit\"><iframe loading=\"lazy\" title=\"Crown Sport Nutrition - High Performance Specialists\" width=\"720\" height=\"405\" src=\"https:\/\/www.youtube.com\/embed\/SvA4rFEtFk4?feature=oembed\" frameborder=\"0\" allow=\"accelerometer; autoplay; clipboard-write; encrypted-media; gyroscope; picture-in-picture; web-share\" referrerpolicy=\"strict-origin-when-cross-origin\" allowfullscreen><\/iframe><\/div>\n<\/div>\n<p>&nbsp;<\/p>\n<h3>HYDRO TYPE ENERGY GEL WITH A PLUS OF SODIUM<\/h3>\n<ul>\n<li>Provides 30 g of Carbohydrates<\/li>\n<li>With Hydro type liquid texture<\/li>\n<li>Mixture of Maltodextrin and Fructose in a 1:0.8 ratio<\/li>\n<li>With a plus of Sodium (Sea Salt) 110 mg<\/li>\n<li>Neutral flavor, without added aromas<\/li>\n<li>Maximum absorption and digestibility<\/li>\n<li>Suitable for Vegans and allergen free<\/li>\n<\/ul>\n<p>In <b>Crown Sport Nutrition<\/b> We have thought of all those athletes who need a greater intake of carbohydrates during sports, that is why we have developed the\u00a0<b>Hyper product line<\/b>. With them you can easily reach consumptions of more than 60 g\/hour of carbohydrates.<\/p>\n<p>Within this line we have <b>HyperGel 30 Hydro<\/b>, an energy gel of the highest quality and with an ideal composition of carbohydrates and sodium, nutrients necessary to improve performance both in training and in long-term and\/or high-intensity competitions. In a single gel you will have 30g of carbohydrates plus an extra contribution of Sodium (approx. 110mg).<\/p>\n<p><b>HyperGel 30 Hydro<\/b>\u00a0 Contains the ideal mix, according to science, of carbohydrates, <b>Maltodextrin and Fructose<\/b>, in <b>ratio 1.25:1<\/b> (commonly known as\u00a0<b>1:0.8<\/b>). It has been shown that in prolonged exercise the use of carbohydrates that are absorbed in the intestine by different transporters (known as GLUT) is the only way to increase the rate of assimilation and oxidation of exogenous carbohydrates above 60 g\/hour. (Currell, K. et al., MSSE. 2008; Earnest, C.P. et al., JSCR. 2004). For this, the investigations say that the ideal is to combine a source that provides glucose (in our case maltodextrin) with another that provides fructose.<\/p>\n<p><b>Why combine them in a 1.25:1 (1:0.8) ratio and not in the classic 2:1 or another?<\/b><br \/>\nBecause the latest research has shown that with this ratio we get<u>the maximum oxidation of exogenous carbohydrates<\/u>, that is, that our body obtains <u>maximum energy efficiency<\/u>of consumed carbohydrates (74% efficiency) (Rowlands, D.S. et al., SM. 2.015).<\/p>\n<p><b>Why use Maltodextrin as a glucose source and not another?<\/b><br \/>\nBecause, according to the scientific literature existing today, it seems to be the best source when what is sought is a high efficiency in the use of exogenous glucose, especially when we want carbohydrate intake to be high (&gt;60 g\/h). ). Using it we achieve the maximum oxidation of exogenous carbohydrates compared to other sources of glucose such as cyclodextrin (Cluster Dextrin\u00ae) or isomaltulose (Palatinose\u00ae).<br \/>\nCyclodextrin or highly branched cyclic dextrin (Cluster Dextrin\u00ae, as the most recognized patent) seems interesting at the osmotic level to avoid possible intestinal discomfort, but at the level of energy efficiency, to date there is no scientific evidence to show that it is better.<br \/>\nIsomaltulose (Palatinose\u00ae, as the most recognized patent), on the one hand, is a source of glucose and fructose, so it is not purely a source of glucose, but apart from that, on the other hand, studies have shown that its energy efficiency is lower compared to other carbohydrates (41% lower vs sucrose, for example) (Achten, J.et al., JN. 2007), that is, part of what is consumed is not used as an energy source ( always within the context of taking during sports practice), so it does not seem very logical to take a carbohydrate that part of it is not going to be used to provide us with energy, which is just what we are looking for when consuming this type of product.<\/p>\n<p>Apart from its high energy efficiency, previously mentioned, using maltodextrin instead of using glucose as its own glucose source also has to do with the fact that the use of this ingredient<u>is more favorable at the osmotic level<\/u>because it is a larger molecule, which decreases the osmolality of the mixture and this minimizes the possible gastrointestinal discomfort that can occur with high carbohydrate intake during physical exertion (Rowlands, D.S. et al., SM. 2022).<br \/>\nThe <b>conclusion<\/b>\u00a0is that at the level of energy efficiency both glucose and maltodextrin are similar, so we could use either of the 2, but at the osmotic level (to avoid gastrointestinal problems) the use of maltodextrin is more favourable. Also, for<u>organoleptic nuances<\/u>, the maltodextrin hardly adds flavor, while the glucose is sweeter, something that in this case we did not want.<\/p>\n<p><b>As a summary and as a conclusion about the carbohydrates used<\/b>, within the framework of products with a high concentration of carbohydrates to be taken during exercise, the most important thing is that the energy efficiency of the exogenous carbohydrates consumed is maximum and that gastrointestinal problems are minimized and, according to science, a Today, this is only achieved by combining these 2 carbohydrate sources (Maltodextrin\/Fructose) and in the mentioned proportions of<b>1.25:1<\/b>(more commonly known as<b>1:0.8<\/b>) (Rowlands, D.S. et al., SM. 2022).<\/p>\n<p>To complete the formula we have added it as a contribution of the mineral <b>Sodium (Na)<\/b>, sodium chloride in the form of <b>Sea salt<\/b>. Sodium is the most important electrolyte during sports practice, because it is the one we lose the most through sweat and it is essential to maintain hydration during physical activity (NDA Panel. EFSA Journal. 2011).<\/p>\n<p><b>Hydro type liquid texture!<\/b> Some people have problems swallowing gels, even if they are fluid in texture, which is why we have developed this Hydro-type gel, with extra water, for all those who find it difficult to take gels while running. In this case, we have managed to make a gel with a liquid texture that will not be difficult for you to swallow, in fact, you will think that you are taking a sports drink instead of a gel.<\/p>\n<p><b>Neutral taste! No flavorings, no sweeteners, no colorings<\/b><br \/>\nTo minimize gastrointestinal problems that may occur, we have developed a highly pure product, so it has no flavor, only at the organoleptic level it has a slight sweet touch that fructose itself provides, nothing more. It does not contain flavorings, sweeteners or dyes.<\/p>\n<span class=\"kt-load-after-post\"><\/span>","protected":false},"excerpt":{"rendered":"<p>An energy gel with <b>30 g of carbohydrates in a 1:0.8 ratio<\/b> maltodextrin:fructose and <b>an extra sodium (110 mg) with neutral flavor.<\/b>\u00a0With a very liquid texture (hydro) and without aromas, sweeteners or colorings. Indicated for high consumption of carbohydrates. Version without and with caffeine (80 mg).<\/p>\n<p>The caffeine-free version contains only 6 ingredients and the caffeinated version contains only 7 ingredients.<\/p>\n","protected":false},"featured_media":247104,"template":"","meta":{"_kad_blocks_custom_css":"","_kad_blocks_head_custom_js":"","_kad_blocks_body_custom_js":"","_kad_blocks_footer_custom_js":"","_kadence_starter_templates_imported_post":false,"_kad_post_transparent":"default","_kad_post_title":"","_kad_post_layout":"default","_kad_post_sidebar_id":"","_kad_post_content_style":"default","_kad_post_vertical_padding":"default","_kad_post_feature":"","_kad_post_feature_position":"","_kad_post_header":false,"_kad_post_footer":false,"_kad_post_classname":""},"product_brand":[],"product_cat":[117,114,242,118,289,222,171,281,223,121,793,115,119,116,113,188],"product_tag":[153,155,228,151,154,795,152],"class_list":{"0":"post-123338","1":"product","2":"type-product","3":"status-publish","4":"has-post-thumbnail","6":"product_cat-crossfit","7":"product_cat-ciclismo","8":"product_cat-durante","9":"product_cat-futbol","10":"product_cat-gels","11":"product_cat-sin-gluten","12":"product_cat-hidratacion-y-energia-2","13":"product_cat-hyper-line","14":"product_cat-sin-lactosa","15":"product_cat-artes-marciales","16":"product_cat-raw-0-artificial-sweeteners","17":"product_cat-running","18":"product_cat-tenis","19":"product_cat-trail-running","20":"product_cat-triatlon","21":"product_cat-vegan-pro-line-2","22":"product_tag-energia","23":"product_tag-gel","24":"product_tag-gel-energetico","25":"product_tag-geles","26":"product_tag-hidratacion","27":"product_tag-no-artificial-sweeteners","28":"product_tag-sales","30":"first","31":"instock","32":"taxable","33":"shipping-taxable","34":"purchasable","35":"product-type-variable","36":"has-default-attributes","37":"entry","38":"content-bg","39":"loop-entry"},"yoast_head":"<!-- This site is optimized with the Yoast SEO Premium plugin v27.2 (Yoast SEO v27.2) - https:\/\/yoast.com\/product\/yoast-seo-premium-wordpress\/ -->\n<title>Gel energ\u00e9tico hydro: Aporte de carbohidratos l\u00edquidos para atletas<\/title>\n<meta name=\"description\" content=\"HyperGel 30 Hydro: Gel energ\u00e9tico tipo hydro con 30 g de carbohidratos y 110 mg de sodio. Alta digestibilidad y absorci\u00f3n r\u00e1pida, perfecto para competiciones intensas. Sin aromas ni aditivos, apto para veganos.\" \/>\n<meta name=\"robots\" content=\"index, follow, max-snippet:-1, max-image-preview:large, max-video-preview:-1\" \/>\n<link rel=\"canonical\" href=\"https:\/\/crownsportnutrition.com\/en\/producto\/hypergel-30-hydra\/\" \/>\n<meta property=\"og:locale\" content=\"en_US\" \/>\n<meta property=\"og:type\" content=\"article\" \/>\n<meta property=\"og:title\" content=\"HyperGel 30 (1:0,8) Hydro\" \/>\n<meta property=\"og:description\" content=\"HyperGel 30 Hydro: Gel energ\u00e9tico tipo hydro con 30 g de carbohidratos y 110 mg de sodio. Alta digestibilidad y absorci\u00f3n r\u00e1pida, perfecto para competiciones intensas. Sin aromas ni aditivos, apto para veganos.\" \/>\n<meta property=\"og:url\" content=\"https:\/\/crownsportnutrition.com\/en\/producto\/hypergel-30-hydra\/\" \/>\n<meta property=\"og:site_name\" content=\"Crown Sport Nutrition, sports supplementation\" \/>\n<meta property=\"article:publisher\" content=\"https:\/\/www.facebook.com\/crownsportnutrition\" \/>\n<meta property=\"article:modified_time\" content=\"2026-04-22T17:02:33+00:00\" \/>\n<meta property=\"og:image\" content=\"https:\/\/crownsportnutrition.com\/wp-content\/uploads\/2023\/02\/1-8437022689609-1.jpg\" \/>\n\t<meta property=\"og:image:width\" content=\"1500\" \/>\n\t<meta property=\"og:image:height\" content=\"1500\" \/>\n\t<meta property=\"og:image:type\" content=\"image\/jpeg\" \/>\n<meta name=\"twitter:card\" content=\"summary_large_image\" \/>\n<meta name=\"twitter:site\" content=\"@crownsportnutri\" \/>\n<meta name=\"twitter:label1\" content=\"Availability\" \/>\n\t<meta name=\"twitter:data1\" content=\"In stock\" \/>\n<script type=\"application\/ld+json\" class=\"yoast-schema-graph\">{\"@context\":\"https:\/\/schema.org\",\"@graph\":[{\"@type\":\"WebPage\",\"@id\":\"https:\/\/crownsportnutrition.com\/en\/producto\/hypergel-30-hydra\/\",\"url\":\"https:\/\/crownsportnutrition.com\/en\/producto\/hypergel-30-hydra\/\",\"name\":\"Gel energ\u00e9tico hydro: Aporte de carbohidratos l\u00edquidos para atletas\",\"isPartOf\":{\"@id\":\"https:\/\/crownsportnutrition.com\/en\/#website\"},\"primaryImageOfPage\":{\"@id\":\"https:\/\/crownsportnutrition.com\/en\/producto\/hypergel-30-hydra\/#primaryimage\"},\"image\":{\"@id\":\"https:\/\/crownsportnutrition.com\/en\/producto\/hypergel-30-hydra\/#primaryimage\"},\"thumbnailUrl\":\"https:\/\/crownsportnutrition.com\/wp-content\/uploads\/2023\/02\/1-8437022689609-1.jpg\",\"datePublished\":\"2023-02-03T09:34:25+00:00\",\"dateModified\":\"2026-04-22T17:02:33+00:00\",\"description\":\"HyperGel 30 Hydro: Gel energ\u00e9tico tipo hydro con 30 g de carbohidratos y 110 mg de sodio. Alta digestibilidad y absorci\u00f3n r\u00e1pida, perfecto para competiciones intensas. Sin aromas ni aditivos, apto para veganos.\",\"breadcrumb\":{\"@id\":\"https:\/\/crownsportnutrition.com\/en\/producto\/hypergel-30-hydra\/#breadcrumb\"},\"inLanguage\":\"en-US\",\"potentialAction\":[{\"@type\":\"ReadAction\",\"target\":[\"https:\/\/crownsportnutrition.com\/en\/producto\/hypergel-30-hydra\/\"]}]},{\"@type\":\"ImageObject\",\"inLanguage\":\"en-US\",\"@id\":\"https:\/\/crownsportnutrition.com\/en\/producto\/hypergel-30-hydra\/#primaryimage\",\"url\":\"https:\/\/crownsportnutrition.com\/wp-content\/uploads\/2023\/02\/1-8437022689609-1.jpg\",\"contentUrl\":\"https:\/\/crownsportnutrition.com\/wp-content\/uploads\/2023\/02\/1-8437022689609-1.jpg\",\"width\":1500,\"height\":1500},{\"@type\":\"BreadcrumbList\",\"@id\":\"https:\/\/crownsportnutrition.com\/en\/producto\/hypergel-30-hydra\/#breadcrumb\",\"itemListElement\":[{\"@type\":\"ListItem\",\"position\":1,\"name\":\"Portada\",\"item\":\"https:\/\/crownsportnutrition.com\/en\/\"},{\"@type\":\"ListItem\",\"position\":2,\"name\":\"CROWN SHOP\",\"item\":\"https:\/\/crownsportnutrition.com\/tienda\/\"},{\"@type\":\"ListItem\",\"position\":3,\"name\":\"HyperGel 30 (1:0,8) Hydro\"}]},{\"@type\":\"WebSite\",\"@id\":\"https:\/\/crownsportnutrition.com\/en\/#website\",\"url\":\"https:\/\/crownsportnutrition.com\/en\/\",\"name\":\"Crown Sport Nutrition, suplementaci\u00f3n deportiva\",\"description\":\"proteinas, recuperadores, gel energetico, barritas, bebida isotonica,[:en]Otro sitio realizado con WordPress\",\"publisher\":{\"@id\":\"https:\/\/crownsportnutrition.com\/en\/#organization\"},\"potentialAction\":[{\"@type\":\"SearchAction\",\"target\":{\"@type\":\"EntryPoint\",\"urlTemplate\":\"https:\/\/crownsportnutrition.com\/en\/?s={search_term_string}\"},\"query-input\":{\"@type\":\"PropertyValueSpecification\",\"valueRequired\":true,\"valueName\":\"search_term_string\"}}],\"inLanguage\":\"en-US\"},{\"@type\":\"Organization\",\"@id\":\"https:\/\/crownsportnutrition.com\/en\/#organization\",\"name\":\"Crown Sport Nutrition, sports supplementation\",\"alternateName\":\"Crown Sport Nutrition\",\"url\":\"https:\/\/crownsportnutrition.com\/en\/\",\"logo\":{\"@type\":\"ImageObject\",\"inLanguage\":\"en-US\",\"@id\":\"https:\/\/crownsportnutrition.com\/en\/#\/schema\/logo\/image\/\",\"url\":\"https:\/\/crownsportnutrition.com\/wp-content\/uploads\/2022\/06\/logo-CROWN-SPORT-NUTRITION1-1.png\",\"contentUrl\":\"https:\/\/crownsportnutrition.com\/wp-content\/uploads\/2022\/06\/logo-CROWN-SPORT-NUTRITION1-1.png\",\"width\":150,\"height\":58,\"caption\":\"Crown Sport Nutrition, sports supplementation\"},\"image\":{\"@id\":\"https:\/\/crownsportnutrition.com\/en\/#\/schema\/logo\/image\/\"},\"sameAs\":[\"https:\/\/www.facebook.com\/crownsportnutrition\",\"https:\/\/x.com\/crownsportnutri\",\"https:\/\/www.instagram.com\/crownsportnutrition\/\",\"https:\/\/www.linkedin.com\/company\/crownsportnutrition\"],\"description\":\"Crown Sport Nutrition es una marca espa\u00f1ola de suplementaci\u00f3n deportiva enfocada en producir solo productos con base cient\u00edfica y adem\u00e1s promover la investigaci\u00f3n cient\u00edfica mediante la publicaci\u00f3n de art\u00edculos sobre varios de sus productos en revistas cient\u00edficas de primer nivel. Se utilizan las mejores materias primas mezcladas en laboratorios punteros con las normas IFS (International Food Standard), con los mejores sabores y todo doping free. Crown Sport Nutrition es la primera empresa espa\u00f1ola en obtener la certificaci\u00f3n antidoping internacional por Informed Sport.\",\"email\":\"info@crownsportnutrition.com\",\"telephone\":\"+34 613 000 417\",\"legalName\":\"Crown Sport Nutrition\"}]}<\/script>\n<meta property=\"og:availability\" content=\"instock\" \/>\n<meta property=\"product:availability\" content=\"instock\" \/>\n<meta property=\"product:retailer_item_id\" content=\"109.8.M\" \/>\n<meta property=\"product:condition\" content=\"new\" \/>\n<!-- \/ Yoast SEO Premium plugin. -->","yoast_head_json":{"title":"Gel energ\u00e9tico hydro: Aporte de carbohidratos l\u00edquidos para atletas","description":"HyperGel 30 Hydro: Gel energ\u00e9tico tipo hydro con 30 g de carbohidratos y 110 mg de sodio. Alta digestibilidad y absorci\u00f3n r\u00e1pida, perfecto para competiciones intensas. Sin aromas ni aditivos, apto para veganos.","robots":{"index":"index","follow":"follow","max-snippet":"max-snippet:-1","max-image-preview":"max-image-preview:large","max-video-preview":"max-video-preview:-1"},"canonical":"https:\/\/crownsportnutrition.com\/en\/producto\/hypergel-30-hydra\/","og_locale":"en_US","og_type":"article","og_title":"HyperGel 30 (1:0,8) Hydro","og_description":"HyperGel 30 Hydro: Gel energ\u00e9tico tipo hydro con 30 g de carbohidratos y 110 mg de sodio. Alta digestibilidad y absorci\u00f3n r\u00e1pida, perfecto para competiciones intensas. Sin aromas ni aditivos, apto para veganos.","og_url":"https:\/\/crownsportnutrition.com\/en\/producto\/hypergel-30-hydra\/","og_site_name":"Crown Sport Nutrition, sports supplementation","article_publisher":"https:\/\/www.facebook.com\/crownsportnutrition","article_modified_time":"2026-04-22T17:02:33+00:00","og_image":[{"width":1500,"height":1500,"url":"https:\/\/crownsportnutrition.com\/wp-content\/uploads\/2023\/02\/1-8437022689609-1.jpg","type":"image\/jpeg"}],"twitter_card":"summary_large_image","twitter_site":"@crownsportnutri","twitter_misc":{"Availability":"In stock"},"schema":{"@context":"https:\/\/schema.org","@graph":[{"@type":"WebPage","@id":"https:\/\/crownsportnutrition.com\/en\/producto\/hypergel-30-hydra\/","url":"https:\/\/crownsportnutrition.com\/en\/producto\/hypergel-30-hydra\/","name":"Gel energ\u00e9tico hydro: Aporte de carbohidratos l\u00edquidos para atletas","isPartOf":{"@id":"https:\/\/crownsportnutrition.com\/en\/#website"},"primaryImageOfPage":{"@id":"https:\/\/crownsportnutrition.com\/en\/producto\/hypergel-30-hydra\/#primaryimage"},"image":{"@id":"https:\/\/crownsportnutrition.com\/en\/producto\/hypergel-30-hydra\/#primaryimage"},"thumbnailUrl":"https:\/\/crownsportnutrition.com\/wp-content\/uploads\/2023\/02\/1-8437022689609-1.jpg","datePublished":"2023-02-03T09:34:25+00:00","dateModified":"2026-04-22T17:02:33+00:00","description":"HyperGel 30 Hydro: Gel energ\u00e9tico tipo hydro con 30 g de carbohidratos y 110 mg de sodio. Alta digestibilidad y absorci\u00f3n r\u00e1pida, perfecto para competiciones intensas. Sin aromas ni aditivos, apto para veganos.","breadcrumb":{"@id":"https:\/\/crownsportnutrition.com\/en\/producto\/hypergel-30-hydra\/#breadcrumb"},"inLanguage":"en-US","potentialAction":[{"@type":"ReadAction","target":["https:\/\/crownsportnutrition.com\/en\/producto\/hypergel-30-hydra\/"]}]},{"@type":"ImageObject","inLanguage":"en-US","@id":"https:\/\/crownsportnutrition.com\/en\/producto\/hypergel-30-hydra\/#primaryimage","url":"https:\/\/crownsportnutrition.com\/wp-content\/uploads\/2023\/02\/1-8437022689609-1.jpg","contentUrl":"https:\/\/crownsportnutrition.com\/wp-content\/uploads\/2023\/02\/1-8437022689609-1.jpg","width":1500,"height":1500},{"@type":"BreadcrumbList","@id":"https:\/\/crownsportnutrition.com\/en\/producto\/hypergel-30-hydra\/#breadcrumb","itemListElement":[{"@type":"ListItem","position":1,"name":"Portada","item":"https:\/\/crownsportnutrition.com\/en\/"},{"@type":"ListItem","position":2,"name":"CROWN SHOP","item":"https:\/\/crownsportnutrition.com\/tienda\/"},{"@type":"ListItem","position":3,"name":"HyperGel 30 (1:0,8) Hydro"}]},{"@type":"WebSite","@id":"https:\/\/crownsportnutrition.com\/en\/#website","url":"https:\/\/crownsportnutrition.com\/en\/","name":"Crown Sport Nutrition, suplementaci\u00f3n deportiva","description":"proteinas, recuperadores, gel energetico, barritas, bebida isotonica,[:en]Otro sitio realizado con WordPress","publisher":{"@id":"https:\/\/crownsportnutrition.com\/en\/#organization"},"potentialAction":[{"@type":"SearchAction","target":{"@type":"EntryPoint","urlTemplate":"https:\/\/crownsportnutrition.com\/en\/?s={search_term_string}"},"query-input":{"@type":"PropertyValueSpecification","valueRequired":true,"valueName":"search_term_string"}}],"inLanguage":"en-US"},{"@type":"Organization","@id":"https:\/\/crownsportnutrition.com\/en\/#organization","name":"Crown Sport Nutrition, sports supplementation","alternateName":"Crown Sport Nutrition","url":"https:\/\/crownsportnutrition.com\/en\/","logo":{"@type":"ImageObject","inLanguage":"en-US","@id":"https:\/\/crownsportnutrition.com\/en\/#\/schema\/logo\/image\/","url":"https:\/\/crownsportnutrition.com\/wp-content\/uploads\/2022\/06\/logo-CROWN-SPORT-NUTRITION1-1.png","contentUrl":"https:\/\/crownsportnutrition.com\/wp-content\/uploads\/2022\/06\/logo-CROWN-SPORT-NUTRITION1-1.png","width":150,"height":58,"caption":"Crown Sport Nutrition, sports supplementation"},"image":{"@id":"https:\/\/crownsportnutrition.com\/en\/#\/schema\/logo\/image\/"},"sameAs":["https:\/\/www.facebook.com\/crownsportnutrition","https:\/\/x.com\/crownsportnutri","https:\/\/www.instagram.com\/crownsportnutrition\/","https:\/\/www.linkedin.com\/company\/crownsportnutrition"],"description":"Crown Sport Nutrition es una marca espa\u00f1ola de suplementaci\u00f3n deportiva enfocada en producir solo productos con base cient\u00edfica y adem\u00e1s promover la investigaci\u00f3n cient\u00edfica mediante la publicaci\u00f3n de art\u00edculos sobre varios de sus productos en revistas cient\u00edficas de primer nivel. Se utilizan las mejores materias primas mezcladas en laboratorios punteros con las normas IFS (International Food Standard), con los mejores sabores y todo doping free. Crown Sport Nutrition es la primera empresa espa\u00f1ola en obtener la certificaci\u00f3n antidoping internacional por Informed Sport.","email":"info@crownsportnutrition.com","telephone":"+34 613 000 417","legalName":"Crown Sport Nutrition"}]},"og_availability":"instock","product_availability":"instock","product_retailer_item_id":"109.8.M","product_condition":"new"},"taxonomy_info":{"product_cat":[{"value":117,"label":"Crossfit"},{"value":114,"label":"Cycling"},{"value":242,"label":"During"},{"value":118,"label":"Football"},{"value":289,"label":"GELS"},{"value":222,"label":"GLUTEN FREE"},{"value":171,"label":"HYDRATION &amp; ENERGY"},{"value":281,"label":"HYPER(1:0,8) LINE"},{"value":223,"label":"LACTOSE FREE"},{"value":121,"label":"Martial Arts"},{"value":793,"label":"RAW \u2013 0% artificial sweeteners"},{"value":115,"label":"Running"},{"value":119,"label":"Tennis"},{"value":116,"label":"Trail Running"},{"value":113,"label":"Triathlon"},{"value":188,"label":"VEGAN PRO LINE"}],"product_tag":[{"value":153,"label":"energia"},{"value":155,"label":"gel"},{"value":228,"label":"gel energ\u00e9tico"},{"value":151,"label":"geles"},{"value":154,"label":"hidratacion"},{"value":795,"label":"No artificial sweeteners"},{"value":152,"label":"sales"}]},"featured_image_src_large":["https:\/\/crownsportnutrition.com\/wp-content\/uploads\/2023\/02\/1-8437022689609-1-1024x1024.jpg",1024,1024,true],"author_info":[],"comment_info":"","_links":{"self":[{"href":"https:\/\/crownsportnutrition.com\/en\/wp-json\/wp\/v2\/product\/123338","targetHints":{"allow":["GET"]}}],"collection":[{"href":"https:\/\/crownsportnutrition.com\/en\/wp-json\/wp\/v2\/product"}],"about":[{"href":"https:\/\/crownsportnutrition.com\/en\/wp-json\/wp\/v2\/types\/product"}],"wp:featuredmedia":[{"embeddable":true,"href":"https:\/\/crownsportnutrition.com\/en\/wp-json\/wp\/v2\/media\/247104"}],"wp:attachment":[{"href":"https:\/\/crownsportnutrition.com\/en\/wp-json\/wp\/v2\/media?parent=123338"}],"wp:term":[{"taxonomy":"product_brand","embeddable":true,"href":"https:\/\/crownsportnutrition.com\/en\/wp-json\/wp\/v2\/product_brand?post=123338"},{"taxonomy":"product_cat","embeddable":true,"href":"https:\/\/crownsportnutrition.com\/en\/wp-json\/wp\/v2\/product_cat?post=123338"},{"taxonomy":"product_tag","embeddable":true,"href":"https:\/\/crownsportnutrition.com\/en\/wp-json\/wp\/v2\/product_tag?post=123338"}],"curies":[{"name":"wp","href":"https:\/\/api.w.org\/{rel}","templated":true}]}}