{"id":124577,"date":"2023-02-14T22:25:44","date_gmt":"2023-02-14T21:25:44","guid":{"rendered":"https:\/\/crownsportnutrition.com\/?post_type=product&#038;p=124577"},"modified":"2026-04-23T11:01:50","modified_gmt":"2026-04-23T09:01:50","slug":"pack-hyper-energy-tester","status":"publish","type":"product","link":"https:\/\/crownsportnutrition.com\/en\/producto\/pack-hyper-energy-tester\/","title":{"rendered":"PACK Hyper (1:0,8) Energy Tester 2.0"},"content":{"rendered":"<h4>WHY CROWN SPORT NUTRITION? (41 SEC)?<\/h4>\n<div>\n<div class=\"entry-content-asset videofit\"><iframe loading=\"lazy\" title=\"Crown Sport Nutrition - High Performance Specialists\" width=\"720\" height=\"405\" src=\"https:\/\/www.youtube.com\/embed\/SvA4rFEtFk4?feature=oembed&#038;enablejsapi=1&#038;origin=https:\/\/crownsportnutrition.com\" frameborder=\"0\" allow=\"accelerometer; autoplay; clipboard-write; encrypted-media; gyroscope; picture-in-picture; web-share\" referrerpolicy=\"strict-origin-when-cross-origin\" allowfullscreen><\/iframe><\/div>\n<\/div>\n<p>The new line of Hyper(1:0.8) products has been developed based on the latest scientific advances:<\/p>\n<ul>\n<li>With the best combination of carbohydrates according to science, Glu\/Fru ratio 1:0.8<\/li>\n<li>Mainly recommended for long duration (&gt; 2.5 hours) and high carbohydrate intakes (&gt; 60 g\/hour) in the easiest way<\/li>\n<li>Greater oxidation of exogenous CHO, better digestibility and fewer intestinal problems amazing textures<\/li>\n<li>With a plus of Sodium and Caffeine (80 mg in the caffeinated versions)<\/li>\n<li>With neutral flavors. No added flavorings, sweeteners, or colorings<\/li>\n<li>With Informed Sport banned substance tested certification (HyperGel 45 \/ HyperDrink 90)<\/li>\n<\/ul>\n<p>Composed of:<\/p>\n<ul>\n<li><strong>1 Sachet of HyperDrink 45 (Neutral Flavor):<\/strong>\u00a0\u00a0is a powdered sports drink of the highest quality and with an ideal composition of carbohydrates and sodium, nutrients necessary to improve the performance of both training and competitions of long duration and \/ or high intensity. In a single 500 ml serving you will have <strong>45 g of carbohydrates plus an extra contribution of sodium<\/strong> (approx. 235 mg).<\/li>\n<li><strong>1 Sachet of HyperDrink 90 (Neutral Flavor):<\/strong>\u00a0Powdered drink with the ideal blend, according to science, of carbohydrates, Maltodextrin and Fructose, in a ratio of\u00a0<strong>1.25:1 (commonly 1:0.8)<\/strong>. In a single intake of 500 ml you will have 90 g of carbohydrates plus an extra contribution of Sodium (approx. 208 mg).<\/li>\n<li><strong>2 Sachets of HyperGel 30 (1 x with caffeine and 1 x without):<\/strong>\u00a0Aqueous energy gel with\u00a0<strong>30g of carbohydrates<\/strong>\u00a0plus water and extra sodium. Of the highest quality and with an ideal composition of carbohydrates and sodium, nutrients necessary to improve performance both in training and in long duration and\/or high intensity competitions.<\/li>\n<li><strong>2 Sachets of HyperGel 45 (1 x with caffeine and 1 x without):<\/strong>\u00a0Aqueous energy gel with\u00a0<strong>45g of carbohydrates<\/strong>\u00a0plus water and extra sodium. Of the highest quality and with an ideal composition of carbohydrates and sodium, nutrients necessary to improve performance both in training and in long duration and\/or high intensity competitions.<\/li>\n<li><strong>2 double HyperBar 45 bars (1 x with caffeine and 1 x without):<\/strong>\u00a0This is the gummy format adaptation of our HyperGel 45. It is a\u00a0<strong>60 g double bar (2&#215;30 g per pack)<\/strong>\u00a0of the highest quality and with an ideal composition of carbohydrates and sodium, nutrients necessary to improve performance both in training and in long-lasting competitions.<\/li>\n<li><strong>1 550 ml or 750ml Elite training bottle<\/strong>\u00a0to hydrate you during your sessions in a simple and optimal way. The PRO Fly bottle is the one used by the pros of the <em>UCI World Tour<\/em>, with a nozzle that allows a fluid and abundant jet and plastic very easy to squeeze.<\/li>\n<\/ul>\n<p>Summary 10 products:<\/p>\n<ul>\n<li>1 x HyperDrink 45<\/li>\n<li>1 x HyperDrink 90<\/li>\n<li>1 x HyperGel 30 Hydro<\/li>\n<li>1 x HyperGel 30 +Caffeine Hydro<\/li>\n<li>1 x HyperGel 45<\/li>\n<li>1 x HyperGel 45 +Caffeine<\/li>\n<li>1 x HyperBar 45<\/li>\n<li>1 x HyperBar 45 +Caffeine<\/li>\n<li>1 x 550 ml or 750 ml Elite training bottle<\/li>\n<\/ul>\n<span class=\"kt-load-after-post\"><\/span>","protected":false},"excerpt":{"rendered":"<p>Ideal pack for testing all products in the Hyper line (1:0.8) to reach high amounts of carbohydrates per hour with ease.<\/p>\n<ul>\n<li>Developed according to the latest scientific advances<\/li>\n<li>Products high in carbohydrates, 1:0.8 Glu\/Fru and Sodium. cone and caffeine free<\/li>\n<li>Greater oxidation of exogenous CHO, better digestibility and fewer intestinal problems<\/li>\n<li>Neutral flavor and pleasant texture<\/li>\n<\/ul>\n<p>You can choose it with an ELITE Training Bottle (550 ml \/ 750 ml) or a Shaker PRO (500 ml).<\/p>\n","protected":false},"featured_media":218636,"template":"","meta":{"_kad_blocks_custom_css":"","_kad_blocks_head_custom_js":"","_kad_blocks_body_custom_js":"","_kad_blocks_footer_custom_js":"","_kadence_starter_templates_imported_post":false,"_kad_post_transparent":"default","_kad_post_title":"","_kad_post_layout":"default","_kad_post_sidebar_id":"","_kad_post_content_style":"default","_kad_post_vertical_padding":"default","_kad_post_feature":"","_kad_post_feature_position":"","_kad_post_header":false,"_kad_post_footer":false,"_kad_post_classname":""},"product_brand":[],"product_cat":[114,242,222,171,281,223,191,115,176,116,113,188],"product_tag":[],"class_list":{"0":"post-124577","1":"product","2":"type-product","3":"status-publish","4":"has-post-thumbnail","6":"product_cat-ciclismo","7":"product_cat-durante","8":"product_cat-sin-gluten","9":"product_cat-hidratacion-y-energia-2","10":"product_cat-hyper-line","11":"product_cat-sin-lactosa","12":"product_cat-crown-packs","13":"product_cat-running","14":"product_cat-shop","15":"product_cat-trail-running","16":"product_cat-triatlon","17":"product_cat-vegan-pro-line-2","19":"first","20":"instock","21":"sale","22":"taxable","23":"shipping-taxable","24":"purchasable","25":"product-type-variable","26":"has-default-attributes","27":"entry","28":"content-bg","29":"loop-entry"},"yoast_head":"<!-- This site is optimized with the Yoast SEO Premium plugin v27.2 (Yoast SEO v27.2) - https:\/\/yoast.com\/product\/yoast-seo-premium-wordpress\/ -->\n<title>PACK Hyper (1:0,8) Energy Tester 2.0 - Crown Sport Nutrition, sports supplementation<\/title>\n<meta name=\"description\" content=\"Ideal pack for testing all products in the Hyper line (1:0.8) to reach high amounts of carbohydrates per hour with ease.   Developed according to the latest scientific advances  Products high in carbohydrates, 1:0.8 Glu\/Fru and Sodium. cone and caffeine free  Greater oxidation of exogenous CHO, better digestibility and fewer intestinal problems  Neutral flavor and pleasant texture  You can choose it with an ELITE Training Bottle (550 ml \/ 750 ml) or a Shaker PRO (500 ml).\" \/>\n<meta name=\"robots\" content=\"index, follow, max-snippet:-1, max-image-preview:large, max-video-preview:-1\" \/>\n<link rel=\"canonical\" href=\"https:\/\/crownsportnutrition.com\/en\/producto\/pack-hyper-energy-tester\/\" \/>\n<meta property=\"og:locale\" content=\"en_US\" \/>\n<meta property=\"og:type\" content=\"article\" \/>\n<meta property=\"og:title\" content=\"PACK Hyper (1:0,8) Energy Tester 2.0\" \/>\n<meta property=\"og:description\" content=\"Ideal pack for testing all products in the Hyper line (1:0.8) to reach high amounts of carbohydrates per hour with ease.   Developed according to the latest scientific advances  Products high in carbohydrates, 1:0.8 Glu\/Fru and Sodium. cone and caffeine free  Greater oxidation of exogenous CHO, better digestibility and fewer intestinal problems  Neutral flavor and pleasant texture  You can choose it with an ELITE Training Bottle (550 ml \/ 750 ml) or a Shaker PRO (500 ml).\" \/>\n<meta property=\"og:url\" content=\"https:\/\/crownsportnutrition.com\/en\/producto\/pack-hyper-energy-tester\/\" \/>\n<meta property=\"og:site_name\" content=\"Crown Sport Nutrition, sports supplementation\" \/>\n<meta property=\"article:publisher\" content=\"https:\/\/www.facebook.com\/crownsportnutrition\" \/>\n<meta property=\"article:modified_time\" content=\"2026-04-23T09:01:50+00:00\" \/>\n<meta property=\"og:image\" content=\"https:\/\/crownsportnutrition.com\/wp-content\/uploads\/2023\/02\/1-8437022689401-2.jpg\" \/>\n\t<meta property=\"og:image:width\" content=\"1500\" \/>\n\t<meta property=\"og:image:height\" content=\"1500\" \/>\n\t<meta property=\"og:image:type\" content=\"image\/jpeg\" \/>\n<meta name=\"twitter:card\" content=\"summary_large_image\" \/>\n<meta name=\"twitter:site\" content=\"@crownsportnutri\" \/>\n<meta name=\"twitter:label1\" content=\"Availability\" \/>\n\t<meta name=\"twitter:data1\" content=\"In stock\" \/>\n<script type=\"application\/ld+json\" class=\"yoast-schema-graph\">{\"@context\":\"https:\/\/schema.org\",\"@graph\":[{\"@type\":\"WebPage\",\"@id\":\"https:\/\/crownsportnutrition.com\/en\/producto\/pack-hyper-energy-tester\/\",\"url\":\"https:\/\/crownsportnutrition.com\/en\/producto\/pack-hyper-energy-tester\/\",\"name\":\"PACK Hyper (1:0,8) Energy Tester 2.0 - Crown Sport Nutrition, sports supplementation\",\"isPartOf\":{\"@id\":\"https:\/\/crownsportnutrition.com\/en\/#website\"},\"primaryImageOfPage\":{\"@id\":\"https:\/\/crownsportnutrition.com\/en\/producto\/pack-hyper-energy-tester\/#primaryimage\"},\"image\":{\"@id\":\"https:\/\/crownsportnutrition.com\/en\/producto\/pack-hyper-energy-tester\/#primaryimage\"},\"thumbnailUrl\":\"https:\/\/crownsportnutrition.com\/wp-content\/uploads\/2023\/02\/1-8437022689401-2.jpg\",\"datePublished\":\"2023-02-14T21:25:44+00:00\",\"dateModified\":\"2026-04-23T09:01:50+00:00\",\"description\":\"Ideal pack for testing all products in the Hyper line (1:0.8) to reach high amounts of carbohydrates per hour with ease. Developed according to the latest scientific advances Products high in carbohydrates, 1:0.8 Glu\/Fru and Sodium. cone and caffeine free Greater oxidation of exogenous CHO, better digestibility and fewer intestinal problems Neutral flavor and pleasant texture You can choose it with an ELITE Training Bottle (550 ml \/ 750 ml) or a Shaker PRO (500 ml).\",\"breadcrumb\":{\"@id\":\"https:\/\/crownsportnutrition.com\/en\/producto\/pack-hyper-energy-tester\/#breadcrumb\"},\"inLanguage\":\"en-US\",\"potentialAction\":[{\"@type\":\"ReadAction\",\"target\":[\"https:\/\/crownsportnutrition.com\/en\/producto\/pack-hyper-energy-tester\/\"]}]},{\"@type\":\"ImageObject\",\"inLanguage\":\"en-US\",\"@id\":\"https:\/\/crownsportnutrition.com\/en\/producto\/pack-hyper-energy-tester\/#primaryimage\",\"url\":\"https:\/\/crownsportnutrition.com\/wp-content\/uploads\/2023\/02\/1-8437022689401-2.jpg\",\"contentUrl\":\"https:\/\/crownsportnutrition.com\/wp-content\/uploads\/2023\/02\/1-8437022689401-2.jpg\",\"width\":1500,\"height\":1500},{\"@type\":\"BreadcrumbList\",\"@id\":\"https:\/\/crownsportnutrition.com\/en\/producto\/pack-hyper-energy-tester\/#breadcrumb\",\"itemListElement\":[{\"@type\":\"ListItem\",\"position\":1,\"name\":\"Portada\",\"item\":\"https:\/\/crownsportnutrition.com\/en\/\"},{\"@type\":\"ListItem\",\"position\":2,\"name\":\"CROWN SHOP\",\"item\":\"https:\/\/crownsportnutrition.com\/tienda\/\"},{\"@type\":\"ListItem\",\"position\":3,\"name\":\"PACK Hyper (1:0,8) Energy Tester 2.0\"}]},{\"@type\":\"WebSite\",\"@id\":\"https:\/\/crownsportnutrition.com\/en\/#website\",\"url\":\"https:\/\/crownsportnutrition.com\/en\/\",\"name\":\"Crown Sport Nutrition, suplementaci\u00f3n deportiva\",\"description\":\"proteinas, recuperadores, gel energetico, barritas, bebida isotonica,[:en]Otro sitio realizado con WordPress\",\"publisher\":{\"@id\":\"https:\/\/crownsportnutrition.com\/en\/#organization\"},\"potentialAction\":[{\"@type\":\"SearchAction\",\"target\":{\"@type\":\"EntryPoint\",\"urlTemplate\":\"https:\/\/crownsportnutrition.com\/en\/?s={search_term_string}\"},\"query-input\":{\"@type\":\"PropertyValueSpecification\",\"valueRequired\":true,\"valueName\":\"search_term_string\"}}],\"inLanguage\":\"en-US\"},{\"@type\":\"Organization\",\"@id\":\"https:\/\/crownsportnutrition.com\/en\/#organization\",\"name\":\"Crown Sport Nutrition, sports supplementation\",\"alternateName\":\"Crown Sport Nutrition\",\"url\":\"https:\/\/crownsportnutrition.com\/en\/\",\"logo\":{\"@type\":\"ImageObject\",\"inLanguage\":\"en-US\",\"@id\":\"https:\/\/crownsportnutrition.com\/en\/#\/schema\/logo\/image\/\",\"url\":\"https:\/\/crownsportnutrition.com\/wp-content\/uploads\/2022\/06\/logo-CROWN-SPORT-NUTRITION1-1.png\",\"contentUrl\":\"https:\/\/crownsportnutrition.com\/wp-content\/uploads\/2022\/06\/logo-CROWN-SPORT-NUTRITION1-1.png\",\"width\":150,\"height\":58,\"caption\":\"Crown Sport Nutrition, sports supplementation\"},\"image\":{\"@id\":\"https:\/\/crownsportnutrition.com\/en\/#\/schema\/logo\/image\/\"},\"sameAs\":[\"https:\/\/www.facebook.com\/crownsportnutrition\",\"https:\/\/x.com\/crownsportnutri\",\"https:\/\/www.instagram.com\/crownsportnutrition\/\",\"https:\/\/www.linkedin.com\/company\/crownsportnutrition\"],\"description\":\"Crown Sport Nutrition es una marca espa\u00f1ola de suplementaci\u00f3n deportiva enfocada en producir solo productos con base cient\u00edfica y adem\u00e1s promover la investigaci\u00f3n cient\u00edfica mediante la publicaci\u00f3n de art\u00edculos sobre varios de sus productos en revistas cient\u00edficas de primer nivel. Se utilizan las mejores materias primas mezcladas en laboratorios punteros con las normas IFS (International Food Standard), con los mejores sabores y todo doping free. Crown Sport Nutrition es la primera empresa espa\u00f1ola en obtener la certificaci\u00f3n antidoping internacional por Informed Sport.\",\"email\":\"info@crownsportnutrition.com\",\"telephone\":\"+34 613 000 417\",\"legalName\":\"Crown Sport Nutrition\"}]}<\/script>\n<meta property=\"og:availability\" content=\"instock\" \/>\n<meta property=\"product:availability\" content=\"instock\" \/>\n<meta property=\"product:retailer_item_id\" content=\"PACKHYPER.MM\" \/>\n<meta property=\"product:condition\" content=\"new\" \/>\n<!-- \/ Yoast SEO Premium plugin. -->","yoast_head_json":{"title":"PACK Hyper (1:0,8) Energy Tester 2.0 - Crown Sport Nutrition, sports supplementation","description":"Ideal pack for testing all products in the Hyper line (1:0.8) to reach high amounts of carbohydrates per hour with ease.   Developed according to the latest scientific advances  Products high in carbohydrates, 1:0.8 Glu\/Fru and Sodium. cone and caffeine free  Greater oxidation of exogenous CHO, better digestibility and fewer intestinal problems  Neutral flavor and pleasant texture  You can choose it with an ELITE Training Bottle (550 ml \/ 750 ml) or a Shaker PRO (500 ml).","robots":{"index":"index","follow":"follow","max-snippet":"max-snippet:-1","max-image-preview":"max-image-preview:large","max-video-preview":"max-video-preview:-1"},"canonical":"https:\/\/crownsportnutrition.com\/en\/producto\/pack-hyper-energy-tester\/","og_locale":"en_US","og_type":"article","og_title":"PACK Hyper (1:0,8) Energy Tester 2.0","og_description":"Ideal pack for testing all products in the Hyper line (1:0.8) to reach high amounts of carbohydrates per hour with ease.   Developed according to the latest scientific advances  Products high in carbohydrates, 1:0.8 Glu\/Fru and Sodium. cone and caffeine free  Greater oxidation of exogenous CHO, better digestibility and fewer intestinal problems  Neutral flavor and pleasant texture  You can choose it with an ELITE Training Bottle (550 ml \/ 750 ml) or a Shaker PRO (500 ml).","og_url":"https:\/\/crownsportnutrition.com\/en\/producto\/pack-hyper-energy-tester\/","og_site_name":"Crown Sport Nutrition, sports supplementation","article_publisher":"https:\/\/www.facebook.com\/crownsportnutrition","article_modified_time":"2026-04-23T09:01:50+00:00","og_image":[{"width":1500,"height":1500,"url":"https:\/\/crownsportnutrition.com\/wp-content\/uploads\/2023\/02\/1-8437022689401-2.jpg","type":"image\/jpeg"}],"twitter_card":"summary_large_image","twitter_site":"@crownsportnutri","twitter_misc":{"Availability":"In stock"},"schema":{"@context":"https:\/\/schema.org","@graph":[{"@type":"WebPage","@id":"https:\/\/crownsportnutrition.com\/en\/producto\/pack-hyper-energy-tester\/","url":"https:\/\/crownsportnutrition.com\/en\/producto\/pack-hyper-energy-tester\/","name":"PACK Hyper (1:0,8) Energy Tester 2.0 - Crown Sport Nutrition, sports supplementation","isPartOf":{"@id":"https:\/\/crownsportnutrition.com\/en\/#website"},"primaryImageOfPage":{"@id":"https:\/\/crownsportnutrition.com\/en\/producto\/pack-hyper-energy-tester\/#primaryimage"},"image":{"@id":"https:\/\/crownsportnutrition.com\/en\/producto\/pack-hyper-energy-tester\/#primaryimage"},"thumbnailUrl":"https:\/\/crownsportnutrition.com\/wp-content\/uploads\/2023\/02\/1-8437022689401-2.jpg","datePublished":"2023-02-14T21:25:44+00:00","dateModified":"2026-04-23T09:01:50+00:00","description":"Ideal pack for testing all products in the Hyper line (1:0.8) to reach high amounts of carbohydrates per hour with ease. Developed according to the latest scientific advances Products high in carbohydrates, 1:0.8 Glu\/Fru and Sodium. cone and caffeine free Greater oxidation of exogenous CHO, better digestibility and fewer intestinal problems Neutral flavor and pleasant texture You can choose it with an ELITE Training Bottle (550 ml \/ 750 ml) or a Shaker PRO (500 ml).","breadcrumb":{"@id":"https:\/\/crownsportnutrition.com\/en\/producto\/pack-hyper-energy-tester\/#breadcrumb"},"inLanguage":"en-US","potentialAction":[{"@type":"ReadAction","target":["https:\/\/crownsportnutrition.com\/en\/producto\/pack-hyper-energy-tester\/"]}]},{"@type":"ImageObject","inLanguage":"en-US","@id":"https:\/\/crownsportnutrition.com\/en\/producto\/pack-hyper-energy-tester\/#primaryimage","url":"https:\/\/crownsportnutrition.com\/wp-content\/uploads\/2023\/02\/1-8437022689401-2.jpg","contentUrl":"https:\/\/crownsportnutrition.com\/wp-content\/uploads\/2023\/02\/1-8437022689401-2.jpg","width":1500,"height":1500},{"@type":"BreadcrumbList","@id":"https:\/\/crownsportnutrition.com\/en\/producto\/pack-hyper-energy-tester\/#breadcrumb","itemListElement":[{"@type":"ListItem","position":1,"name":"Portada","item":"https:\/\/crownsportnutrition.com\/en\/"},{"@type":"ListItem","position":2,"name":"CROWN SHOP","item":"https:\/\/crownsportnutrition.com\/tienda\/"},{"@type":"ListItem","position":3,"name":"PACK Hyper (1:0,8) Energy Tester 2.0"}]},{"@type":"WebSite","@id":"https:\/\/crownsportnutrition.com\/en\/#website","url":"https:\/\/crownsportnutrition.com\/en\/","name":"Crown Sport Nutrition, suplementaci\u00f3n deportiva","description":"proteinas, recuperadores, gel energetico, barritas, bebida isotonica,[:en]Otro sitio realizado con WordPress","publisher":{"@id":"https:\/\/crownsportnutrition.com\/en\/#organization"},"potentialAction":[{"@type":"SearchAction","target":{"@type":"EntryPoint","urlTemplate":"https:\/\/crownsportnutrition.com\/en\/?s={search_term_string}"},"query-input":{"@type":"PropertyValueSpecification","valueRequired":true,"valueName":"search_term_string"}}],"inLanguage":"en-US"},{"@type":"Organization","@id":"https:\/\/crownsportnutrition.com\/en\/#organization","name":"Crown Sport Nutrition, sports supplementation","alternateName":"Crown Sport Nutrition","url":"https:\/\/crownsportnutrition.com\/en\/","logo":{"@type":"ImageObject","inLanguage":"en-US","@id":"https:\/\/crownsportnutrition.com\/en\/#\/schema\/logo\/image\/","url":"https:\/\/crownsportnutrition.com\/wp-content\/uploads\/2022\/06\/logo-CROWN-SPORT-NUTRITION1-1.png","contentUrl":"https:\/\/crownsportnutrition.com\/wp-content\/uploads\/2022\/06\/logo-CROWN-SPORT-NUTRITION1-1.png","width":150,"height":58,"caption":"Crown Sport Nutrition, sports supplementation"},"image":{"@id":"https:\/\/crownsportnutrition.com\/en\/#\/schema\/logo\/image\/"},"sameAs":["https:\/\/www.facebook.com\/crownsportnutrition","https:\/\/x.com\/crownsportnutri","https:\/\/www.instagram.com\/crownsportnutrition\/","https:\/\/www.linkedin.com\/company\/crownsportnutrition"],"description":"Crown Sport Nutrition es una marca espa\u00f1ola de suplementaci\u00f3n deportiva enfocada en producir solo productos con base cient\u00edfica y adem\u00e1s promover la investigaci\u00f3n cient\u00edfica mediante la publicaci\u00f3n de art\u00edculos sobre varios de sus productos en revistas cient\u00edficas de primer nivel. Se utilizan las mejores materias primas mezcladas en laboratorios punteros con las normas IFS (International Food Standard), con los mejores sabores y todo doping free. Crown Sport Nutrition es la primera empresa espa\u00f1ola en obtener la certificaci\u00f3n antidoping internacional por Informed Sport.","email":"info@crownsportnutrition.com","telephone":"+34 613 000 417","legalName":"Crown Sport Nutrition"}]},"og_availability":"instock","product_availability":"instock","product_retailer_item_id":"PACKHYPER.MM","product_condition":"new"},"taxonomy_info":{"product_cat":[{"value":114,"label":"Cycling"},{"value":242,"label":"During"},{"value":222,"label":"GLUTEN FREE"},{"value":171,"label":"HYDRATION &amp; ENERGY"},{"value":281,"label":"HYPER(1:0,8) LINE"},{"value":223,"label":"LACTOSE FREE"},{"value":191,"label":"OFFERS &amp; BUNDLES"},{"value":115,"label":"Running"},{"value":176,"label":"SHOP"},{"value":116,"label":"Trail Running"},{"value":113,"label":"Triathlon"},{"value":188,"label":"VEGAN PRO LINE"}]},"featured_image_src_large":["https:\/\/crownsportnutrition.com\/wp-content\/uploads\/2023\/02\/1-8437022689401-2-1024x1024.jpg",1024,1024,true],"author_info":[],"comment_info":"","_links":{"self":[{"href":"https:\/\/crownsportnutrition.com\/en\/wp-json\/wp\/v2\/product\/124577","targetHints":{"allow":["GET"]}}],"collection":[{"href":"https:\/\/crownsportnutrition.com\/en\/wp-json\/wp\/v2\/product"}],"about":[{"href":"https:\/\/crownsportnutrition.com\/en\/wp-json\/wp\/v2\/types\/product"}],"wp:featuredmedia":[{"embeddable":true,"href":"https:\/\/crownsportnutrition.com\/en\/wp-json\/wp\/v2\/media\/218636"}],"wp:attachment":[{"href":"https:\/\/crownsportnutrition.com\/en\/wp-json\/wp\/v2\/media?parent=124577"}],"wp:term":[{"taxonomy":"product_brand","embeddable":true,"href":"https:\/\/crownsportnutrition.com\/en\/wp-json\/wp\/v2\/product_brand?post=124577"},{"taxonomy":"product_cat","embeddable":true,"href":"https:\/\/crownsportnutrition.com\/en\/wp-json\/wp\/v2\/product_cat?post=124577"},{"taxonomy":"product_tag","embeddable":true,"href":"https:\/\/crownsportnutrition.com\/en\/wp-json\/wp\/v2\/product_tag?post=124577"}],"curies":[{"name":"wp","href":"https:\/\/api.w.org\/{rel}","templated":true}]}}