{"id":125942,"date":"2023-02-28T05:04:01","date_gmt":"2023-02-28T04:04:01","guid":{"rendered":"https:\/\/crownsportnutrition.com\/?post_type=product&#038;p=125942"},"modified":"2026-04-19T16:01:49","modified_gmt":"2026-04-19T14:01:49","slug":"pack-hyper-energy-900","status":"publish","type":"product","link":"https:\/\/crownsportnutrition.com\/en\/producto\/pack-hyper-energy-900\/","title":{"rendered":"PACK Hyper (1:0,8) Energy 900"},"content":{"rendered":"<h4>WHY CROWN SPORT NUTRITION? (41 SEC)?<\/h4>\n<div>\n<div class=\"entry-content-asset videofit\"><iframe loading=\"lazy\" title=\"Crown Sport Nutrition - High Performance Specialists\" width=\"720\" height=\"405\" src=\"https:\/\/www.youtube.com\/embed\/SvA4rFEtFk4?feature=oembed&#038;enablejsapi=1&#038;origin=https:\/\/crownsportnutrition.com\" frameborder=\"0\" allow=\"accelerometer; autoplay; clipboard-write; encrypted-media; gyroscope; picture-in-picture; web-share\" referrerpolicy=\"strict-origin-when-cross-origin\" allowfullscreen><\/iframe><\/div>\n<\/div>\n<p>The new Hyper(1:0.8) product line has been developed based on the latest scientific advances:<\/p>\n<ul>\n<li>With the best combination of carbohydrates according to science, Glu\/Fru ratio 1:0.8<\/li>\n<li>Mainly recommended to be able to consume high amounts of carbohydrates (&gt; 60 g\/hour) during long duration efforts (&gt; 2.5 hours) in the easiest possible way.<\/li>\n<li>Increased oxidation of exogenous CHO, better digestibility and fewer intestinal problems.<\/li>\n<li>Incredible textures<\/li>\n<li>With extra sodium and caffeine (80 mg in the caffeinated versions).<\/li>\n<li>With neutral flavors. No added flavorings, sweeteners or colorings.<\/li>\n<li>With Informed Sport anti-doping certification (HyperGel 45 \/ HyperDrink 90)<\/li>\n<\/ul>\n<p>Composed of:<\/p>\n<ul>\n<li><strong>4 Sachets of <a href=\"https:\/\/crownsportnutrition.com\/producto\/hyperdrink-90\/\">HyperDrink 90<\/a> (Neutral Flavor):<\/strong> Powdered drink with the ideal blend, according to science, of carbohydrates, Maltodextrin and Fructose, in a ratio of <strong>1.25:1 (commonly 1:0.8)<\/strong>. In a single intake of 500 ml you will have 90 g of carbohydrates plus an extra contribution of Sodium (approx. 208 mg).<\/li>\n<li><strong>6 Sachets of <a href=\"https:\/\/crownsportnutrition.com\/producto\/hypergel-30\/\">HyperGel 30<\/a> (3 x Neutral with caffeine, 3 x Neutral without caffeine):<\/strong> Aqueous energy gel with <strong>30g of carbohydrates<\/strong> plus water and extra sodium. Of the highest quality and with an ideal composition of carbohydrates and sodium, nutrients necessary to improve performance both in training and in long duration and\/or high intensity competitions.<\/li>\n<li><strong>4 Sachets of <a href=\"https:\/\/crownsportnutrition.com\/producto\/hypergel-45\/\">HyperGel 45<\/a> (2 x Neutral with caffeine, 2 x Neutral without caffeine):<\/strong> Aqueous energy gel with <strong>45g of carbohydrates<\/strong> plus water and extra sodium. Of the highest quality and with an ideal composition of carbohydrates and sodium, nutrients necessary to improve performance both in training and in long duration and\/or high intensity competitions.<\/li>\n<li><strong>4 double sticks of <a href=\"https:\/\/crownsportnutrition.com\/producto\/hyperbar-45\/\">HyperBar 45<\/a> (2 x Neutral with caffeine, 2 x Neutral without caffeine):<\/strong> It is the adaptation to gummy format of our HyperGel 45. It is a <strong>double stick of 60 g<\/strong> (2&#215;30 g per package) of the highest quality and with an ideal composition of carbohydrates and sodium, nutrients necessary to improve the performance of both training and long duration competitions.<\/li>\n<\/ul>\n<p>Summary 19 products:<\/p>\n<ul>\n<li>3 HyperGel 30 with caffeine<\/li>\n<li>3 HyperGel 30 caffeine free<\/li>\n<li>2 HyperGel 45 with caffeine<\/li>\n<li>2 HyperGel 45 caffeine-free<\/li>\n<li>2 HyperBar 45 with caffeine<\/li>\n<li>2 HyperBar 45 caffeine free<\/li>\n<li>4 HyperDrink 90<\/li>\n<\/ul>\n<span class=\"kt-load-after-post\"><\/span>","protected":false},"excerpt":{"rendered":"<p>New pack with 900 grams of carbohydrates from all products of the Hyper line (1:0.8). All are with sources of glucose (maltodextrin, etc.) and fructose in 1:0.8 ratio, extra sodium and neutral flavor, without any sweetener or coloring and with the minimum possible ingredients. Versions with and without caffeine.<\/p>\n","protected":false},"featured_media":129771,"template":"","meta":{"_kad_blocks_custom_css":"","_kad_blocks_head_custom_js":"","_kad_blocks_body_custom_js":"","_kad_blocks_footer_custom_js":"","_kadence_starter_templates_imported_post":false,"_kad_post_transparent":"default","_kad_post_title":"","_kad_post_layout":"default","_kad_post_sidebar_id":"","_kad_post_content_style":"default","_kad_post_vertical_padding":"default","_kad_post_feature":"","_kad_post_feature_position":"","_kad_post_header":false,"_kad_post_footer":false,"_kad_post_classname":""},"product_brand":[],"product_cat":[114,242,222,171,281,223,191,115,176,116,113,188],"product_tag":[],"class_list":{"0":"post-125942","1":"product","2":"type-product","3":"status-publish","4":"has-post-thumbnail","6":"product_cat-ciclismo","7":"product_cat-durante","8":"product_cat-sin-gluten","9":"product_cat-hidratacion-y-energia-2","10":"product_cat-hyper-line","11":"product_cat-sin-lactosa","12":"product_cat-crown-packs","13":"product_cat-running","14":"product_cat-shop","15":"product_cat-trail-running","16":"product_cat-triatlon","17":"product_cat-vegan-pro-line-2","19":"first","20":"instock","21":"sale","22":"sold-individually","23":"taxable","24":"shipping-taxable","25":"purchasable","26":"product-type-simple","27":"entry","28":"content-bg","29":"loop-entry"},"yoast_head":"<!-- This site is optimized with the Yoast SEO Premium plugin v27.2 (Yoast SEO v27.2) - https:\/\/yoast.com\/product\/yoast-seo-premium-wordpress\/ -->\n<title>PACK Hyper (1:0,8) Energy 900 - Crown Sport Nutrition, sports supplementation<\/title>\n<meta name=\"description\" content=\"New pack with 900 grams of carbohydrates from all products of the Hyper line (1:0.8). All are with sources of glucose (maltodextrin, etc.) and fructose in 1:0.8 ratio, extra sodium and neutral flavor, without any sweetener or coloring and with the minimum possible ingredients. Versions with and without caffeine.\" \/>\n<meta name=\"robots\" content=\"index, follow, max-snippet:-1, max-image-preview:large, max-video-preview:-1\" \/>\n<link rel=\"canonical\" href=\"https:\/\/crownsportnutrition.com\/en\/producto\/pack-hyper-energy-900\/\" \/>\n<meta property=\"og:locale\" content=\"en_US\" \/>\n<meta property=\"og:type\" content=\"article\" \/>\n<meta property=\"og:title\" content=\"PACK Hyper (1:0,8) Energy 900\" \/>\n<meta property=\"og:description\" content=\"New pack with 900 grams of carbohydrates from all products of the Hyper line (1:0.8). All are with sources of glucose (maltodextrin, etc.) and fructose in 1:0.8 ratio, extra sodium and neutral flavor, without any sweetener or coloring and with the minimum possible ingredients. Versions with and without caffeine.\" \/>\n<meta property=\"og:url\" content=\"https:\/\/crownsportnutrition.com\/en\/producto\/pack-hyper-energy-900\/\" \/>\n<meta property=\"og:site_name\" content=\"Crown Sport Nutrition, sports supplementation\" \/>\n<meta property=\"article:publisher\" content=\"https:\/\/www.facebook.com\/crownsportnutrition\" \/>\n<meta property=\"article:modified_time\" content=\"2026-04-19T14:01:49+00:00\" \/>\n<meta property=\"og:image\" content=\"https:\/\/crownsportnutrition.com\/wp-content\/uploads\/2023\/02\/1-xPH900xxxxxxx.jpg\" \/>\n\t<meta property=\"og:image:width\" content=\"1500\" \/>\n\t<meta property=\"og:image:height\" content=\"1500\" \/>\n\t<meta property=\"og:image:type\" content=\"image\/jpeg\" \/>\n<meta name=\"twitter:card\" content=\"summary_large_image\" \/>\n<meta name=\"twitter:site\" content=\"@crownsportnutri\" \/>\n<meta name=\"twitter:label1\" content=\"Price\" \/>\n\t<meta name=\"twitter:data1\" content=\"22,45&euro;\" \/>\n\t<meta name=\"twitter:label2\" content=\"Availability\" \/>\n\t<meta name=\"twitter:data2\" content=\"In stock\" \/>\n<script type=\"application\/ld+json\" class=\"yoast-schema-graph\">{\"@context\":\"https:\/\/schema.org\",\"@graph\":[{\"@type\":\"WebPage\",\"@id\":\"https:\/\/crownsportnutrition.com\/en\/producto\/pack-hyper-energy-900\/\",\"url\":\"https:\/\/crownsportnutrition.com\/en\/producto\/pack-hyper-energy-900\/\",\"name\":\"PACK Hyper (1:0,8) Energy 900 - Crown Sport Nutrition, sports supplementation\",\"isPartOf\":{\"@id\":\"https:\/\/crownsportnutrition.com\/en\/#website\"},\"primaryImageOfPage\":{\"@id\":\"https:\/\/crownsportnutrition.com\/en\/producto\/pack-hyper-energy-900\/#primaryimage\"},\"image\":{\"@id\":\"https:\/\/crownsportnutrition.com\/en\/producto\/pack-hyper-energy-900\/#primaryimage\"},\"thumbnailUrl\":\"https:\/\/crownsportnutrition.com\/wp-content\/uploads\/2023\/02\/1-xPH900xxxxxxx.jpg\",\"datePublished\":\"2023-02-28T04:04:01+00:00\",\"dateModified\":\"2026-04-19T14:01:49+00:00\",\"description\":\"New pack with 900 grams of carbohydrates from all products of the Hyper line (1:0.8). All are with sources of glucose (maltodextrin, etc.) and fructose in 1:0.8 ratio, extra sodium and neutral flavor, without any sweetener or coloring and with the minimum possible ingredients. Versions with and without caffeine.\",\"breadcrumb\":{\"@id\":\"https:\/\/crownsportnutrition.com\/en\/producto\/pack-hyper-energy-900\/#breadcrumb\"},\"inLanguage\":\"en-US\",\"potentialAction\":[{\"@type\":\"ReadAction\",\"target\":[\"https:\/\/crownsportnutrition.com\/en\/producto\/pack-hyper-energy-900\/\"]}]},{\"@type\":\"ImageObject\",\"inLanguage\":\"en-US\",\"@id\":\"https:\/\/crownsportnutrition.com\/en\/producto\/pack-hyper-energy-900\/#primaryimage\",\"url\":\"https:\/\/crownsportnutrition.com\/wp-content\/uploads\/2023\/02\/1-xPH900xxxxxxx.jpg\",\"contentUrl\":\"https:\/\/crownsportnutrition.com\/wp-content\/uploads\/2023\/02\/1-xPH900xxxxxxx.jpg\",\"width\":1500,\"height\":1500},{\"@type\":\"BreadcrumbList\",\"@id\":\"https:\/\/crownsportnutrition.com\/en\/producto\/pack-hyper-energy-900\/#breadcrumb\",\"itemListElement\":[{\"@type\":\"ListItem\",\"position\":1,\"name\":\"Portada\",\"item\":\"https:\/\/crownsportnutrition.com\/en\/\"},{\"@type\":\"ListItem\",\"position\":2,\"name\":\"CROWN SHOP\",\"item\":\"https:\/\/crownsportnutrition.com\/tienda\/\"},{\"@type\":\"ListItem\",\"position\":3,\"name\":\"PACK Hyper (1:0,8) Energy 900\"}]},{\"@type\":\"WebSite\",\"@id\":\"https:\/\/crownsportnutrition.com\/en\/#website\",\"url\":\"https:\/\/crownsportnutrition.com\/en\/\",\"name\":\"Crown Sport Nutrition, suplementaci\u00f3n deportiva\",\"description\":\"proteinas, recuperadores, gel energetico, barritas, bebida isotonica,[:en]Otro sitio realizado con WordPress\",\"publisher\":{\"@id\":\"https:\/\/crownsportnutrition.com\/en\/#organization\"},\"potentialAction\":[{\"@type\":\"SearchAction\",\"target\":{\"@type\":\"EntryPoint\",\"urlTemplate\":\"https:\/\/crownsportnutrition.com\/en\/?s={search_term_string}\"},\"query-input\":{\"@type\":\"PropertyValueSpecification\",\"valueRequired\":true,\"valueName\":\"search_term_string\"}}],\"inLanguage\":\"en-US\"},{\"@type\":\"Organization\",\"@id\":\"https:\/\/crownsportnutrition.com\/en\/#organization\",\"name\":\"Crown Sport Nutrition, sports supplementation\",\"alternateName\":\"Crown Sport Nutrition\",\"url\":\"https:\/\/crownsportnutrition.com\/en\/\",\"logo\":{\"@type\":\"ImageObject\",\"inLanguage\":\"en-US\",\"@id\":\"https:\/\/crownsportnutrition.com\/en\/#\/schema\/logo\/image\/\",\"url\":\"https:\/\/crownsportnutrition.com\/wp-content\/uploads\/2022\/06\/logo-CROWN-SPORT-NUTRITION1-1.png\",\"contentUrl\":\"https:\/\/crownsportnutrition.com\/wp-content\/uploads\/2022\/06\/logo-CROWN-SPORT-NUTRITION1-1.png\",\"width\":150,\"height\":58,\"caption\":\"Crown Sport Nutrition, sports supplementation\"},\"image\":{\"@id\":\"https:\/\/crownsportnutrition.com\/en\/#\/schema\/logo\/image\/\"},\"sameAs\":[\"https:\/\/www.facebook.com\/crownsportnutrition\",\"https:\/\/x.com\/crownsportnutri\",\"https:\/\/www.instagram.com\/crownsportnutrition\/\",\"https:\/\/www.linkedin.com\/company\/crownsportnutrition\"],\"description\":\"Crown Sport Nutrition es una marca espa\u00f1ola de suplementaci\u00f3n deportiva enfocada en producir solo productos con base cient\u00edfica y adem\u00e1s promover la investigaci\u00f3n cient\u00edfica mediante la publicaci\u00f3n de art\u00edculos sobre varios de sus productos en revistas cient\u00edficas de primer nivel. Se utilizan las mejores materias primas mezcladas en laboratorios punteros con las normas IFS (International Food Standard), con los mejores sabores y todo doping free. Crown Sport Nutrition es la primera empresa espa\u00f1ola en obtener la certificaci\u00f3n antidoping internacional por Informed Sport.\",\"email\":\"info@crownsportnutrition.com\",\"telephone\":\"+34 613 000 417\",\"legalName\":\"Crown Sport Nutrition\"}]}<\/script>\n<meta property=\"product:price:amount\" content=\"22.45\" \/>\n<meta property=\"product:price:currency\" content=\"EUR\" \/>\n<meta property=\"og:availability\" content=\"instock\" \/>\n<meta property=\"product:availability\" content=\"instock\" \/>\n<meta property=\"product:retailer_item_id\" content=\"PACKHYPER900\" \/>\n<meta property=\"product:condition\" content=\"new\" \/>\n<!-- \/ Yoast SEO Premium plugin. -->","yoast_head_json":{"title":"PACK Hyper (1:0,8) Energy 900 - Crown Sport Nutrition, sports supplementation","description":"New pack with 900 grams of carbohydrates from all products of the Hyper line (1:0.8). All are with sources of glucose (maltodextrin, etc.) and fructose in 1:0.8 ratio, extra sodium and neutral flavor, without any sweetener or coloring and with the minimum possible ingredients. Versions with and without caffeine.","robots":{"index":"index","follow":"follow","max-snippet":"max-snippet:-1","max-image-preview":"max-image-preview:large","max-video-preview":"max-video-preview:-1"},"canonical":"https:\/\/crownsportnutrition.com\/en\/producto\/pack-hyper-energy-900\/","og_locale":"en_US","og_type":"article","og_title":"PACK Hyper (1:0,8) Energy 900","og_description":"New pack with 900 grams of carbohydrates from all products of the Hyper line (1:0.8). All are with sources of glucose (maltodextrin, etc.) and fructose in 1:0.8 ratio, extra sodium and neutral flavor, without any sweetener or coloring and with the minimum possible ingredients. Versions with and without caffeine.","og_url":"https:\/\/crownsportnutrition.com\/en\/producto\/pack-hyper-energy-900\/","og_site_name":"Crown Sport Nutrition, sports supplementation","article_publisher":"https:\/\/www.facebook.com\/crownsportnutrition","article_modified_time":"2026-04-19T14:01:49+00:00","og_image":[{"width":1500,"height":1500,"url":"https:\/\/crownsportnutrition.com\/wp-content\/uploads\/2023\/02\/1-xPH900xxxxxxx.jpg","type":"image\/jpeg"}],"twitter_card":"summary_large_image","twitter_site":"@crownsportnutri","twitter_misc":{"Price":"22,45&euro;","Availability":"In stock"},"schema":{"@context":"https:\/\/schema.org","@graph":[{"@type":"WebPage","@id":"https:\/\/crownsportnutrition.com\/en\/producto\/pack-hyper-energy-900\/","url":"https:\/\/crownsportnutrition.com\/en\/producto\/pack-hyper-energy-900\/","name":"PACK Hyper (1:0,8) Energy 900 - Crown Sport Nutrition, sports supplementation","isPartOf":{"@id":"https:\/\/crownsportnutrition.com\/en\/#website"},"primaryImageOfPage":{"@id":"https:\/\/crownsportnutrition.com\/en\/producto\/pack-hyper-energy-900\/#primaryimage"},"image":{"@id":"https:\/\/crownsportnutrition.com\/en\/producto\/pack-hyper-energy-900\/#primaryimage"},"thumbnailUrl":"https:\/\/crownsportnutrition.com\/wp-content\/uploads\/2023\/02\/1-xPH900xxxxxxx.jpg","datePublished":"2023-02-28T04:04:01+00:00","dateModified":"2026-04-19T14:01:49+00:00","description":"New pack with 900 grams of carbohydrates from all products of the Hyper line (1:0.8). All are with sources of glucose (maltodextrin, etc.) and fructose in 1:0.8 ratio, extra sodium and neutral flavor, without any sweetener or coloring and with the minimum possible ingredients. Versions with and without caffeine.","breadcrumb":{"@id":"https:\/\/crownsportnutrition.com\/en\/producto\/pack-hyper-energy-900\/#breadcrumb"},"inLanguage":"en-US","potentialAction":[{"@type":"ReadAction","target":["https:\/\/crownsportnutrition.com\/en\/producto\/pack-hyper-energy-900\/"]}]},{"@type":"ImageObject","inLanguage":"en-US","@id":"https:\/\/crownsportnutrition.com\/en\/producto\/pack-hyper-energy-900\/#primaryimage","url":"https:\/\/crownsportnutrition.com\/wp-content\/uploads\/2023\/02\/1-xPH900xxxxxxx.jpg","contentUrl":"https:\/\/crownsportnutrition.com\/wp-content\/uploads\/2023\/02\/1-xPH900xxxxxxx.jpg","width":1500,"height":1500},{"@type":"BreadcrumbList","@id":"https:\/\/crownsportnutrition.com\/en\/producto\/pack-hyper-energy-900\/#breadcrumb","itemListElement":[{"@type":"ListItem","position":1,"name":"Portada","item":"https:\/\/crownsportnutrition.com\/en\/"},{"@type":"ListItem","position":2,"name":"CROWN SHOP","item":"https:\/\/crownsportnutrition.com\/tienda\/"},{"@type":"ListItem","position":3,"name":"PACK Hyper (1:0,8) Energy 900"}]},{"@type":"WebSite","@id":"https:\/\/crownsportnutrition.com\/en\/#website","url":"https:\/\/crownsportnutrition.com\/en\/","name":"Crown Sport Nutrition, suplementaci\u00f3n deportiva","description":"proteinas, recuperadores, gel energetico, barritas, bebida isotonica,[:en]Otro sitio realizado con WordPress","publisher":{"@id":"https:\/\/crownsportnutrition.com\/en\/#organization"},"potentialAction":[{"@type":"SearchAction","target":{"@type":"EntryPoint","urlTemplate":"https:\/\/crownsportnutrition.com\/en\/?s={search_term_string}"},"query-input":{"@type":"PropertyValueSpecification","valueRequired":true,"valueName":"search_term_string"}}],"inLanguage":"en-US"},{"@type":"Organization","@id":"https:\/\/crownsportnutrition.com\/en\/#organization","name":"Crown Sport Nutrition, sports supplementation","alternateName":"Crown Sport Nutrition","url":"https:\/\/crownsportnutrition.com\/en\/","logo":{"@type":"ImageObject","inLanguage":"en-US","@id":"https:\/\/crownsportnutrition.com\/en\/#\/schema\/logo\/image\/","url":"https:\/\/crownsportnutrition.com\/wp-content\/uploads\/2022\/06\/logo-CROWN-SPORT-NUTRITION1-1.png","contentUrl":"https:\/\/crownsportnutrition.com\/wp-content\/uploads\/2022\/06\/logo-CROWN-SPORT-NUTRITION1-1.png","width":150,"height":58,"caption":"Crown Sport Nutrition, sports supplementation"},"image":{"@id":"https:\/\/crownsportnutrition.com\/en\/#\/schema\/logo\/image\/"},"sameAs":["https:\/\/www.facebook.com\/crownsportnutrition","https:\/\/x.com\/crownsportnutri","https:\/\/www.instagram.com\/crownsportnutrition\/","https:\/\/www.linkedin.com\/company\/crownsportnutrition"],"description":"Crown Sport Nutrition es una marca espa\u00f1ola de suplementaci\u00f3n deportiva enfocada en producir solo productos con base cient\u00edfica y adem\u00e1s promover la investigaci\u00f3n cient\u00edfica mediante la publicaci\u00f3n de art\u00edculos sobre varios de sus productos en revistas cient\u00edficas de primer nivel. Se utilizan las mejores materias primas mezcladas en laboratorios punteros con las normas IFS (International Food Standard), con los mejores sabores y todo doping free. Crown Sport Nutrition es la primera empresa espa\u00f1ola en obtener la certificaci\u00f3n antidoping internacional por Informed Sport.","email":"info@crownsportnutrition.com","telephone":"+34 613 000 417","legalName":"Crown Sport Nutrition"}]},"product_price_amount":"22.45","product_price_currency":"EUR","og_availability":"instock","product_availability":"instock","product_retailer_item_id":"PACKHYPER900","product_condition":"new"},"taxonomy_info":{"product_cat":[{"value":114,"label":"Cycling"},{"value":242,"label":"During"},{"value":222,"label":"GLUTEN FREE"},{"value":171,"label":"HYDRATION &amp; ENERGY"},{"value":281,"label":"HYPER(1:0,8) LINE"},{"value":223,"label":"LACTOSE FREE"},{"value":191,"label":"OFFERS &amp; BUNDLES"},{"value":115,"label":"Running"},{"value":176,"label":"SHOP"},{"value":116,"label":"Trail Running"},{"value":113,"label":"Triathlon"},{"value":188,"label":"VEGAN PRO LINE"}]},"featured_image_src_large":["https:\/\/crownsportnutrition.com\/wp-content\/uploads\/2023\/02\/1-xPH900xxxxxxx-1024x1024.jpg",1024,1024,true],"author_info":[],"comment_info":"","_links":{"self":[{"href":"https:\/\/crownsportnutrition.com\/en\/wp-json\/wp\/v2\/product\/125942","targetHints":{"allow":["GET"]}}],"collection":[{"href":"https:\/\/crownsportnutrition.com\/en\/wp-json\/wp\/v2\/product"}],"about":[{"href":"https:\/\/crownsportnutrition.com\/en\/wp-json\/wp\/v2\/types\/product"}],"wp:featuredmedia":[{"embeddable":true,"href":"https:\/\/crownsportnutrition.com\/en\/wp-json\/wp\/v2\/media\/129771"}],"wp:attachment":[{"href":"https:\/\/crownsportnutrition.com\/en\/wp-json\/wp\/v2\/media?parent=125942"}],"wp:term":[{"taxonomy":"product_brand","embeddable":true,"href":"https:\/\/crownsportnutrition.com\/en\/wp-json\/wp\/v2\/product_brand?post=125942"},{"taxonomy":"product_cat","embeddable":true,"href":"https:\/\/crownsportnutrition.com\/en\/wp-json\/wp\/v2\/product_cat?post=125942"},{"taxonomy":"product_tag","embeddable":true,"href":"https:\/\/crownsportnutrition.com\/en\/wp-json\/wp\/v2\/product_tag?post=125942"}],"curies":[{"name":"wp","href":"https:\/\/api.w.org\/{rel}","templated":true}]}}