{"id":125947,"date":"2023-02-28T06:23:52","date_gmt":"2023-02-28T05:23:52","guid":{"rendered":"https:\/\/crownsportnutrition.com\/?post_type=product&#038;p=125947"},"modified":"2026-04-23T12:01:42","modified_gmt":"2026-04-23T10:01:42","slug":"pack-hyper-full-tester","status":"publish","type":"product","link":"https:\/\/crownsportnutrition.com\/en\/producto\/pack-hyper-full-tester\/","title":{"rendered":"MegaPack Hyper (1:0,8) Energy Tester 2.0"},"content":{"rendered":"<h4>WHY CROWN SPORT NUTRITION? (41 SEC)?<\/h4>\n<div>\n<div class=\"entry-content-asset videofit\"><iframe loading=\"lazy\" title=\"Crown Sport Nutrition - Especialistas en alto rendimiento\" width=\"720\" height=\"405\" src=\"https:\/\/www.youtube.com\/embed\/sq74T_oZICw?feature=oembed&#038;enablejsapi=1&#038;origin=https:\/\/crownsportnutrition.com\" frameborder=\"0\" allow=\"accelerometer; autoplay; clipboard-write; encrypted-media; gyroscope; picture-in-picture; web-share\" referrerpolicy=\"strict-origin-when-cross-origin\" allowfullscreen><\/iframe><\/div>\n<\/div>\n<p>Composed by:<\/p>\n<ul>\n<li aria-level=\"1\"><strong>1 550 ml or 750ml Elite training bottle<\/strong> to hydrate you during your sessions in a simple and optimal way. You can also choose a <strong><a href=\"https:\/\/crownsportnutrition.com\/product\/shaker-high-quality-indicated-for-recovery-proteins-etc\/\">600 ml PRO Shaker<\/a><\/strong>\u00a0to mix your protein or recovery.<\/li>\n<li aria-level=\"1\"><strong>2 Envelopes of\u00a0<a href=\"https:\/\/crownsportnutrition.com\/en\/producto\/hypergel-30\/\">HyperGel 30<\/a> (1 x Neutral with caffeine , 1 x Neutral without caffeine):<\/strong>\u00a0Aqueous energy gel with 30g of carbohydrates with more water and an extra contribution of Sodium. Of the highest quality and with an ideal composition of carbohydrates and sodium, necessary nutrients to improve performance both in training and in long-term and\/or high-intensity competitions.<\/li>\n<li aria-level=\"1\"><strong>2 Envelopes of\u00a0<a href=\"https:\/\/crownsportnutrition.com\/en\/producto\/hypergel-45\/\">HyperGel 45<\/a> (1 x Neutral with caffeine , 1 x Neutral without caffeine):<\/strong>\u00a0Aqueous energy gel with 45g of carbohydrates with more water and an extra contribution of Sodium. Of the highest quality and with an ideal composition of carbohydrates and sodium, necessary nutrients to improve performance both in training and in long-term and\/or high-intensity competitions.<\/li>\n<li aria-level=\"1\"><strong>2 double bars of\u00a0<a href=\"https:\/\/crownsportnutrition.com\/en\/product\/hyperbar-45\/\">HyperBar 45<\/a> (1 x Neutral with caffeine, 1 x Neutral without caffeine):<\/strong>\u00a0It is the adaptation of our HyperGel 45 to gummy format. It is a double 60 g bar (2&#215;30 g per container) of the highest quality and with a composition ideal carbohydrate and sodium hydrates, necessary nutrients to improve performance both in training and in long-term competitions.<\/li>\n<li aria-level=\"1\"><strong>1 Envelope of\u00a0<a href=\"https:\/\/crownsportnutrition.com\/en\/producto\/hyperdrink-90\/\">HyperDrink 90<\/a> (Neutral flavor):<\/strong>\u00a0Drink powder with the ideal mixture, according to science, of carbohydrates, Maltodextrin and Fructose, in a 1.25:1 ratio (commonly 1:0.8). In a single serving of 500 ml you will have 90 g of carbohydrates plus an extra contribution of Sodium (approx. 208 mg).<\/li>\n<li aria-level=\"1\"><strong>1 Envelope of\u00a0<a href=\"https:\/\/crownsportnutrition.com\/en\/producto\/hyperdrink-45\/\">HyperDrink 45<\/a> (Neutral flavor):<\/strong>\u00a0Drink powder with the ideal mixture, according to science, of carbohydrates, Maltodextrin and Fructose, in a 1.25:1 ratio (commonly 1:0.8). In a single serving of 500 ml you will have 45 g of carbohydrates plus an extra contribution of Sodium (approx. 235 mg).<\/li>\n<li aria-level=\"1\"><strong>2 Envelopes of\u00a0<a href=\"https:\/\/crownsportnutrition.com\/en\/product\/recovery-3-1-plus-recuperador\/\">3:1 Recovery+<\/a> (1 x Chocolate and 1 x Red Fruits):<\/strong>\u00a0A 3:1 ratio of different carbohydrates and isolated whey protein. With a plus of leucine, glutamine and vitamins and minerals and Informed Sport anti-doping certification. To take after physical activity.<\/li>\n<li aria-level=\"1\"><strong>1 Sachet of\u00a0<a href=\"https:\/\/crownsportnutrition.com\/en\/producto\/31-pro-recovery-2\/\">3:1 PRO Recovery ST<\/a> (Vanilla Flavor):<\/strong>\u00a0He is a professional recoverer with a published scientific study and Informed Sport anti-doping certification. To take after physical activity.<\/li>\n<li aria-level=\"1\"><strong>2 sachets of\u00a0<a href=\"https:\/\/crownsportnutrition.com\/en\/producto\/pre-workout-pro-st\/\" target=\"_blank\" rel=\"noreferrer noopener\">Pre Workout PRO ST<\/a>\u00a0(1x Citrus, 1x Blue Storm):<\/strong>\u00a0It is a concentrated pre-workout powder of the highest quality with a perfectly balanced composition and <strong> Scientifically proven by the <em>University of Greenwich<\/em><\/strong> that it provides all the necessary nutrients to boost your training and competitions, both in strength and endurance.<\/li>\n<li aria-level=\"1\"><strong>1 sachet of\u00a0<a href=\"https:\/\/crownsportnutrition.com\/en\/producto\/creatine-monohydrate\/\" target=\"_blank\" rel=\"noreferrer noopener\">Creatine Monohydrate Creapure\u00ae<\/a>\u00a0(Neutral):<\/strong>\u00a0is creatine monohydrate which has been scientifically proven to be the most effective of the existing creatines. The brand Creapure\u00ae\u00a0created by the company\u00a0<em>AlzChem Trostberg GmbH<\/em>\u00a0is established as the best and purest.<\/li>\n<li aria-level=\"1\"><strong>2\u00a0<a href=\"https:\/\/crownsportnutrition.com\/en\/producto\/energy-bar\/\">Salted Energy Bars<\/a> (1x Salted Chocolate and Peanut salty vegan):<\/strong>\u00a0Source of carbohydrates (energy) and mineral salts. Ideal to take during sports practice. You can also use them for breakfast or pre-workout or competition food.<\/li>\n<li aria-level=\"1\"><strong>1 Bar\u00a0<a href=\"https:\/\/crownsportnutrition.com\/en\/producto\/energy-bar\/\">Sweet Energy Bar<\/a> (1x Banana and white chocolate ):<\/strong>\u00a0Source of carbohydrates (energy). Ideal to take during sports practice. You can also use them for breakfast or pre-workout or competition food.<\/li>\n<\/ul>\n<p>Summary of content:<\/p>\n<ul>\n<li aria-level=\"1\">2 x 75 g <strong>HyperGel 30<\/strong>:\n<ul style=\"list-style-type: none;\">\n<li aria-level=\"2\">1 x Neutral with Caffeine<\/li>\n<li aria-level=\"2\">1 x Neutral without Caffeine<\/li>\n<\/ul>\n<\/li>\n<li aria-level=\"1\">2 x 75 g <strong>HyperGel 45<\/strong>:\n<ul style=\"list-style-type: none;\">\n<li aria-level=\"2\">1 x Neutral with Caffeine<\/li>\n<li aria-level=\"2\">1 x Neutral without Caffeine<\/li>\n<\/ul>\n<\/li>\n<li aria-level=\"1\">2 x 75 g <strong>HyperBar 45<\/strong>:\n<ul style=\"list-style-type: none;\">\n<li aria-level=\"2\">1 x Neutral with Caffeine<\/li>\n<li aria-level=\"2\">1 x Neutral without Caffeine<\/li>\n<\/ul>\n<\/li>\n<li aria-level=\"1\">1 x 47 g <strong>HyperDrink 45<\/strong> Neutro<\/li>\n<li aria-level=\"1\">1 x 93,1 g <strong>HyperDrink 90<\/strong> Neutro<\/li>\n<li aria-level=\"1\">1 x 50 g <strong>3:1 PRO Recovery ST<\/strong> Vainilla<\/li>\n<li aria-level=\"1\">2 x 50 g <strong>3:1 Recovery+<\/strong>:\n<ul style=\"list-style-type: none;\">\n<li aria-level=\"2\">1 x Chocolate<\/li>\n<li aria-level=\"2\">1 x Red Fruits<\/li>\n<\/ul>\n<\/li>\n<li aria-level=\"1\">2 x 60 g <strong>Energy Bar<\/strong>:\n<ul style=\"list-style-type: none;\">\n<li aria-level=\"2\">1 x Double Chocolate<\/li>\n<li aria-level=\"2\">1 x Banana\u00a0&amp;\u00a0Chocolate Blanco<\/li>\n<\/ul>\n<\/li>\n<li aria-level=\"1\">1 x 60 g <strong>Energy Vegan Bar<\/strong> Salted Peanut<\/li>\n<li aria-level=\"1\">2 x 15 g <strong>Pre Workout PRO ST<\/strong>:\n<ul style=\"list-style-type: none;\">\n<li aria-level=\"2\">1 x Citric<\/li>\n<li aria-level=\"2\">1 x Blue Storm<\/li>\n<\/ul>\n<\/li>\n<li aria-level=\"1\">1 x 5 g <strong>Creatine Monohydrate Creapure\u00ae<\/strong> Neutral<\/li>\n<li aria-level=\"1\">1 x <strong>Shaker PRO or Elite training bottle<\/strong><\/li>\n<\/ul>\n<span class=\"kt-load-after-post\"><\/span>","protected":false},"excerpt":{"rendered":"<p>Tasting pack with the 18 most important Crown Sport Nutrition products for endurance athletes with high carbohydrate consumption per hour, designed to meet all your energy and recovery needs before, during, and after training.<\/p>\n<p>For the &#8220;during&#8221; phase, it includes products from the Hyper line (1:0.8): with glucose (maltodextrin, etc.) and fructose sources in a 1:0.8 ratio, extra sodium, and a neutral flavor \u2014 free from sweeteners and colorants, and made with the fewest possible ingredients.<\/p>\n<p>Mainly aimed at endurance athletes (triathlon, MTB, cycling, trail running, marathon, etc.) who want to try all our products for the first time without having to buy a full box or tub \u2014 and at an exceptional price.<\/p>\n<p>You can choose it with an ELITE Training Bottle of 550 or 750 ml.<\/p>\n","protected":false},"featured_media":218658,"template":"","meta":{"_kad_blocks_custom_css":"","_kad_blocks_head_custom_js":"","_kad_blocks_body_custom_js":"","_kad_blocks_footer_custom_js":"","_kadence_starter_templates_imported_post":false,"_kad_post_transparent":"default","_kad_post_title":"","_kad_post_layout":"default","_kad_post_sidebar_id":"","_kad_post_content_style":"default","_kad_post_vertical_padding":"default","_kad_post_feature":"","_kad_post_feature_position":"","_kad_post_header":false,"_kad_post_footer":false,"_kad_post_classname":""},"product_brand":[],"product_cat":[114,242,171,281,191,115,176,116,113,188],"product_tag":[],"class_list":{"0":"post-125947","1":"product","2":"type-product","3":"status-publish","4":"has-post-thumbnail","6":"product_cat-ciclismo","7":"product_cat-durante","8":"product_cat-hidratacion-y-energia-2","9":"product_cat-hyper-line","10":"product_cat-crown-packs","11":"product_cat-running","12":"product_cat-shop","13":"product_cat-trail-running","14":"product_cat-triatlon","15":"product_cat-vegan-pro-line-2","17":"first","18":"instock","19":"sale","20":"taxable","21":"shipping-taxable","22":"purchasable","23":"product-type-variable","24":"has-default-attributes","25":"entry","26":"content-bg","27":"loop-entry"},"yoast_head":"<!-- This site is optimized with the Yoast SEO Premium plugin v27.2 (Yoast SEO v27.2) - https:\/\/yoast.com\/product\/yoast-seo-premium-wordpress\/ -->\n<title>Pack suplementos resistencia: Bid\u00f3n PRO Fly 550 ml o 750 ml<\/title>\n<meta name=\"description\" content=\"Mantente hidratado durante tus sesiones con el Bid\u00f3n PRO Fly de 550 ml o 750 ml. \u00a1La elecci\u00f3n de los ciclistas profesionales! \ud83d\udca7\ud83d\udeb4\" \/>\n<meta name=\"robots\" content=\"index, follow, max-snippet:-1, max-image-preview:large, max-video-preview:-1\" \/>\n<link rel=\"canonical\" href=\"https:\/\/crownsportnutrition.com\/en\/producto\/pack-hyper-full-tester\/\" \/>\n<meta property=\"og:locale\" content=\"en_US\" \/>\n<meta property=\"og:type\" content=\"article\" \/>\n<meta property=\"og:title\" content=\"MegaPack Hyper (1:0,8) Energy Tester 2.0\" \/>\n<meta property=\"og:description\" content=\"Mantente hidratado durante tus sesiones con el Bid\u00f3n PRO Fly de 550 ml o 750 ml. \u00a1La elecci\u00f3n de los ciclistas profesionales! \ud83d\udca7\ud83d\udeb4\" \/>\n<meta property=\"og:url\" content=\"https:\/\/crownsportnutrition.com\/en\/producto\/pack-hyper-full-tester\/\" \/>\n<meta property=\"og:site_name\" content=\"Crown Sport Nutrition, sports supplementation\" \/>\n<meta property=\"article:publisher\" content=\"https:\/\/www.facebook.com\/crownsportnutrition\" \/>\n<meta property=\"article:modified_time\" content=\"2026-04-23T10:01:42+00:00\" \/>\n<meta property=\"og:image\" content=\"https:\/\/crownsportnutrition.com\/wp-content\/uploads\/2023\/02\/megapack_hyper_energy_tester_750.jpg\" \/>\n\t<meta property=\"og:image:width\" content=\"1500\" \/>\n\t<meta property=\"og:image:height\" content=\"1500\" \/>\n\t<meta property=\"og:image:type\" content=\"image\/jpeg\" \/>\n<meta name=\"twitter:card\" content=\"summary_large_image\" \/>\n<meta name=\"twitter:site\" content=\"@crownsportnutri\" \/>\n<meta name=\"twitter:label1\" content=\"Availability\" \/>\n\t<meta name=\"twitter:data1\" content=\"In stock\" \/>\n<script type=\"application\/ld+json\" class=\"yoast-schema-graph\">{\"@context\":\"https:\/\/schema.org\",\"@graph\":[{\"@type\":\"WebPage\",\"@id\":\"https:\/\/crownsportnutrition.com\/en\/producto\/pack-hyper-full-tester\/\",\"url\":\"https:\/\/crownsportnutrition.com\/en\/producto\/pack-hyper-full-tester\/\",\"name\":\"Pack suplementos resistencia: Bid\u00f3n PRO Fly 550 ml o 750 ml\",\"isPartOf\":{\"@id\":\"https:\/\/crownsportnutrition.com\/en\/#website\"},\"primaryImageOfPage\":{\"@id\":\"https:\/\/crownsportnutrition.com\/en\/producto\/pack-hyper-full-tester\/#primaryimage\"},\"image\":{\"@id\":\"https:\/\/crownsportnutrition.com\/en\/producto\/pack-hyper-full-tester\/#primaryimage\"},\"thumbnailUrl\":\"https:\/\/crownsportnutrition.com\/wp-content\/uploads\/2023\/02\/megapack_hyper_energy_tester_750.jpg\",\"datePublished\":\"2023-02-28T05:23:52+00:00\",\"dateModified\":\"2026-04-23T10:01:42+00:00\",\"description\":\"Mantente hidratado durante tus sesiones con el Bid\u00f3n PRO Fly de 550 ml o 750 ml. \u00a1La elecci\u00f3n de los ciclistas profesionales! \ud83d\udca7\ud83d\udeb4\",\"breadcrumb\":{\"@id\":\"https:\/\/crownsportnutrition.com\/en\/producto\/pack-hyper-full-tester\/#breadcrumb\"},\"inLanguage\":\"en-US\",\"potentialAction\":[{\"@type\":\"ReadAction\",\"target\":[\"https:\/\/crownsportnutrition.com\/en\/producto\/pack-hyper-full-tester\/\"]}]},{\"@type\":\"ImageObject\",\"inLanguage\":\"en-US\",\"@id\":\"https:\/\/crownsportnutrition.com\/en\/producto\/pack-hyper-full-tester\/#primaryimage\",\"url\":\"https:\/\/crownsportnutrition.com\/wp-content\/uploads\/2023\/02\/megapack_hyper_energy_tester_750.jpg\",\"contentUrl\":\"https:\/\/crownsportnutrition.com\/wp-content\/uploads\/2023\/02\/megapack_hyper_energy_tester_750.jpg\",\"width\":1500,\"height\":1500},{\"@type\":\"BreadcrumbList\",\"@id\":\"https:\/\/crownsportnutrition.com\/en\/producto\/pack-hyper-full-tester\/#breadcrumb\",\"itemListElement\":[{\"@type\":\"ListItem\",\"position\":1,\"name\":\"Portada\",\"item\":\"https:\/\/crownsportnutrition.com\/en\/\"},{\"@type\":\"ListItem\",\"position\":2,\"name\":\"CROWN SHOP\",\"item\":\"https:\/\/crownsportnutrition.com\/tienda\/\"},{\"@type\":\"ListItem\",\"position\":3,\"name\":\"MegaPack Hyper (1:0,8) Energy Tester 2.0\"}]},{\"@type\":\"WebSite\",\"@id\":\"https:\/\/crownsportnutrition.com\/en\/#website\",\"url\":\"https:\/\/crownsportnutrition.com\/en\/\",\"name\":\"Crown Sport Nutrition, suplementaci\u00f3n deportiva\",\"description\":\"proteinas, recuperadores, gel energetico, barritas, bebida isotonica,[:en]Otro sitio realizado con WordPress\",\"publisher\":{\"@id\":\"https:\/\/crownsportnutrition.com\/en\/#organization\"},\"potentialAction\":[{\"@type\":\"SearchAction\",\"target\":{\"@type\":\"EntryPoint\",\"urlTemplate\":\"https:\/\/crownsportnutrition.com\/en\/?s={search_term_string}\"},\"query-input\":{\"@type\":\"PropertyValueSpecification\",\"valueRequired\":true,\"valueName\":\"search_term_string\"}}],\"inLanguage\":\"en-US\"},{\"@type\":\"Organization\",\"@id\":\"https:\/\/crownsportnutrition.com\/en\/#organization\",\"name\":\"Crown Sport Nutrition, sports supplementation\",\"alternateName\":\"Crown Sport Nutrition\",\"url\":\"https:\/\/crownsportnutrition.com\/en\/\",\"logo\":{\"@type\":\"ImageObject\",\"inLanguage\":\"en-US\",\"@id\":\"https:\/\/crownsportnutrition.com\/en\/#\/schema\/logo\/image\/\",\"url\":\"https:\/\/crownsportnutrition.com\/wp-content\/uploads\/2022\/06\/logo-CROWN-SPORT-NUTRITION1-1.png\",\"contentUrl\":\"https:\/\/crownsportnutrition.com\/wp-content\/uploads\/2022\/06\/logo-CROWN-SPORT-NUTRITION1-1.png\",\"width\":150,\"height\":58,\"caption\":\"Crown Sport Nutrition, sports supplementation\"},\"image\":{\"@id\":\"https:\/\/crownsportnutrition.com\/en\/#\/schema\/logo\/image\/\"},\"sameAs\":[\"https:\/\/www.facebook.com\/crownsportnutrition\",\"https:\/\/x.com\/crownsportnutri\",\"https:\/\/www.instagram.com\/crownsportnutrition\/\",\"https:\/\/www.linkedin.com\/company\/crownsportnutrition\"],\"description\":\"Crown Sport Nutrition es una marca espa\u00f1ola de suplementaci\u00f3n deportiva enfocada en producir solo productos con base cient\u00edfica y adem\u00e1s promover la investigaci\u00f3n cient\u00edfica mediante la publicaci\u00f3n de art\u00edculos sobre varios de sus productos en revistas cient\u00edficas de primer nivel. Se utilizan las mejores materias primas mezcladas en laboratorios punteros con las normas IFS (International Food Standard), con los mejores sabores y todo doping free. Crown Sport Nutrition es la primera empresa espa\u00f1ola en obtener la certificaci\u00f3n antidoping internacional por Informed Sport.\",\"email\":\"info@crownsportnutrition.com\",\"telephone\":\"+34 613 000 417\",\"legalName\":\"Crown Sport Nutrition\"}]}<\/script>\n<meta property=\"og:availability\" content=\"instock\" \/>\n<meta property=\"product:availability\" content=\"instock\" \/>\n<meta property=\"product:retailer_item_id\" content=\"PACKHYPERFULL.MM\" \/>\n<meta property=\"product:condition\" content=\"new\" \/>\n<!-- \/ Yoast SEO Premium plugin. -->","yoast_head_json":{"title":"Pack suplementos resistencia: Bid\u00f3n PRO Fly 550 ml o 750 ml","description":"Mantente hidratado durante tus sesiones con el Bid\u00f3n PRO Fly de 550 ml o 750 ml. \u00a1La elecci\u00f3n de los ciclistas profesionales! \ud83d\udca7\ud83d\udeb4","robots":{"index":"index","follow":"follow","max-snippet":"max-snippet:-1","max-image-preview":"max-image-preview:large","max-video-preview":"max-video-preview:-1"},"canonical":"https:\/\/crownsportnutrition.com\/en\/producto\/pack-hyper-full-tester\/","og_locale":"en_US","og_type":"article","og_title":"MegaPack Hyper (1:0,8) Energy Tester 2.0","og_description":"Mantente hidratado durante tus sesiones con el Bid\u00f3n PRO Fly de 550 ml o 750 ml. \u00a1La elecci\u00f3n de los ciclistas profesionales! \ud83d\udca7\ud83d\udeb4","og_url":"https:\/\/crownsportnutrition.com\/en\/producto\/pack-hyper-full-tester\/","og_site_name":"Crown Sport Nutrition, sports supplementation","article_publisher":"https:\/\/www.facebook.com\/crownsportnutrition","article_modified_time":"2026-04-23T10:01:42+00:00","og_image":[{"width":1500,"height":1500,"url":"https:\/\/crownsportnutrition.com\/wp-content\/uploads\/2023\/02\/megapack_hyper_energy_tester_750.jpg","type":"image\/jpeg"}],"twitter_card":"summary_large_image","twitter_site":"@crownsportnutri","twitter_misc":{"Availability":"In stock"},"schema":{"@context":"https:\/\/schema.org","@graph":[{"@type":"WebPage","@id":"https:\/\/crownsportnutrition.com\/en\/producto\/pack-hyper-full-tester\/","url":"https:\/\/crownsportnutrition.com\/en\/producto\/pack-hyper-full-tester\/","name":"Pack suplementos resistencia: Bid\u00f3n PRO Fly 550 ml o 750 ml","isPartOf":{"@id":"https:\/\/crownsportnutrition.com\/en\/#website"},"primaryImageOfPage":{"@id":"https:\/\/crownsportnutrition.com\/en\/producto\/pack-hyper-full-tester\/#primaryimage"},"image":{"@id":"https:\/\/crownsportnutrition.com\/en\/producto\/pack-hyper-full-tester\/#primaryimage"},"thumbnailUrl":"https:\/\/crownsportnutrition.com\/wp-content\/uploads\/2023\/02\/megapack_hyper_energy_tester_750.jpg","datePublished":"2023-02-28T05:23:52+00:00","dateModified":"2026-04-23T10:01:42+00:00","description":"Mantente hidratado durante tus sesiones con el Bid\u00f3n PRO Fly de 550 ml o 750 ml. \u00a1La elecci\u00f3n de los ciclistas profesionales! \ud83d\udca7\ud83d\udeb4","breadcrumb":{"@id":"https:\/\/crownsportnutrition.com\/en\/producto\/pack-hyper-full-tester\/#breadcrumb"},"inLanguage":"en-US","potentialAction":[{"@type":"ReadAction","target":["https:\/\/crownsportnutrition.com\/en\/producto\/pack-hyper-full-tester\/"]}]},{"@type":"ImageObject","inLanguage":"en-US","@id":"https:\/\/crownsportnutrition.com\/en\/producto\/pack-hyper-full-tester\/#primaryimage","url":"https:\/\/crownsportnutrition.com\/wp-content\/uploads\/2023\/02\/megapack_hyper_energy_tester_750.jpg","contentUrl":"https:\/\/crownsportnutrition.com\/wp-content\/uploads\/2023\/02\/megapack_hyper_energy_tester_750.jpg","width":1500,"height":1500},{"@type":"BreadcrumbList","@id":"https:\/\/crownsportnutrition.com\/en\/producto\/pack-hyper-full-tester\/#breadcrumb","itemListElement":[{"@type":"ListItem","position":1,"name":"Portada","item":"https:\/\/crownsportnutrition.com\/en\/"},{"@type":"ListItem","position":2,"name":"CROWN SHOP","item":"https:\/\/crownsportnutrition.com\/tienda\/"},{"@type":"ListItem","position":3,"name":"MegaPack Hyper (1:0,8) Energy Tester 2.0"}]},{"@type":"WebSite","@id":"https:\/\/crownsportnutrition.com\/en\/#website","url":"https:\/\/crownsportnutrition.com\/en\/","name":"Crown Sport Nutrition, suplementaci\u00f3n deportiva","description":"proteinas, recuperadores, gel energetico, barritas, bebida isotonica,[:en]Otro sitio realizado con WordPress","publisher":{"@id":"https:\/\/crownsportnutrition.com\/en\/#organization"},"potentialAction":[{"@type":"SearchAction","target":{"@type":"EntryPoint","urlTemplate":"https:\/\/crownsportnutrition.com\/en\/?s={search_term_string}"},"query-input":{"@type":"PropertyValueSpecification","valueRequired":true,"valueName":"search_term_string"}}],"inLanguage":"en-US"},{"@type":"Organization","@id":"https:\/\/crownsportnutrition.com\/en\/#organization","name":"Crown Sport Nutrition, sports supplementation","alternateName":"Crown Sport Nutrition","url":"https:\/\/crownsportnutrition.com\/en\/","logo":{"@type":"ImageObject","inLanguage":"en-US","@id":"https:\/\/crownsportnutrition.com\/en\/#\/schema\/logo\/image\/","url":"https:\/\/crownsportnutrition.com\/wp-content\/uploads\/2022\/06\/logo-CROWN-SPORT-NUTRITION1-1.png","contentUrl":"https:\/\/crownsportnutrition.com\/wp-content\/uploads\/2022\/06\/logo-CROWN-SPORT-NUTRITION1-1.png","width":150,"height":58,"caption":"Crown Sport Nutrition, sports supplementation"},"image":{"@id":"https:\/\/crownsportnutrition.com\/en\/#\/schema\/logo\/image\/"},"sameAs":["https:\/\/www.facebook.com\/crownsportnutrition","https:\/\/x.com\/crownsportnutri","https:\/\/www.instagram.com\/crownsportnutrition\/","https:\/\/www.linkedin.com\/company\/crownsportnutrition"],"description":"Crown Sport Nutrition es una marca espa\u00f1ola de suplementaci\u00f3n deportiva enfocada en producir solo productos con base cient\u00edfica y adem\u00e1s promover la investigaci\u00f3n cient\u00edfica mediante la publicaci\u00f3n de art\u00edculos sobre varios de sus productos en revistas cient\u00edficas de primer nivel. Se utilizan las mejores materias primas mezcladas en laboratorios punteros con las normas IFS (International Food Standard), con los mejores sabores y todo doping free. Crown Sport Nutrition es la primera empresa espa\u00f1ola en obtener la certificaci\u00f3n antidoping internacional por Informed Sport.","email":"info@crownsportnutrition.com","telephone":"+34 613 000 417","legalName":"Crown Sport Nutrition"}]},"og_availability":"instock","product_availability":"instock","product_retailer_item_id":"PACKHYPERFULL.MM","product_condition":"new"},"taxonomy_info":{"product_cat":[{"value":114,"label":"Cycling"},{"value":242,"label":"During"},{"value":171,"label":"HYDRATION &amp; ENERGY"},{"value":281,"label":"HYPER(1:0,8) LINE"},{"value":191,"label":"OFFERS &amp; BUNDLES"},{"value":115,"label":"Running"},{"value":176,"label":"SHOP"},{"value":116,"label":"Trail Running"},{"value":113,"label":"Triathlon"},{"value":188,"label":"VEGAN PRO LINE"}]},"featured_image_src_large":["https:\/\/crownsportnutrition.com\/wp-content\/uploads\/2023\/02\/megapack_hyper_energy_tester_750-1024x1024.jpg",1024,1024,true],"author_info":[],"comment_info":"","_links":{"self":[{"href":"https:\/\/crownsportnutrition.com\/en\/wp-json\/wp\/v2\/product\/125947","targetHints":{"allow":["GET"]}}],"collection":[{"href":"https:\/\/crownsportnutrition.com\/en\/wp-json\/wp\/v2\/product"}],"about":[{"href":"https:\/\/crownsportnutrition.com\/en\/wp-json\/wp\/v2\/types\/product"}],"wp:featuredmedia":[{"embeddable":true,"href":"https:\/\/crownsportnutrition.com\/en\/wp-json\/wp\/v2\/media\/218658"}],"wp:attachment":[{"href":"https:\/\/crownsportnutrition.com\/en\/wp-json\/wp\/v2\/media?parent=125947"}],"wp:term":[{"taxonomy":"product_brand","embeddable":true,"href":"https:\/\/crownsportnutrition.com\/en\/wp-json\/wp\/v2\/product_brand?post=125947"},{"taxonomy":"product_cat","embeddable":true,"href":"https:\/\/crownsportnutrition.com\/en\/wp-json\/wp\/v2\/product_cat?post=125947"},{"taxonomy":"product_tag","embeddable":true,"href":"https:\/\/crownsportnutrition.com\/en\/wp-json\/wp\/v2\/product_tag?post=125947"}],"curies":[{"name":"wp","href":"https:\/\/api.w.org\/{rel}","templated":true}]}}