{"id":142971,"date":"2023-09-12T09:19:37","date_gmt":"2023-09-12T07:19:37","guid":{"rendered":"https:\/\/crownsportnutrition.com\/?post_type=product&#038;p=142971"},"modified":"2026-04-23T12:01:28","modified_gmt":"2026-04-23T10:01:28","slug":"otso-headband-pro","status":"publish","type":"product","link":"https:\/\/crownsportnutrition.com\/en\/producto\/otso-headband-pro\/","title":{"rendered":"Headband PRO Trailrunning"},"content":{"rendered":"<h4>WHY CROWN SPORT NUTRITION? (41 SEC)?<\/h4>\n<div>\n<div class=\"entry-content-asset videofit\"><iframe loading=\"lazy\" title=\"Crown Sport Nutrition - High Performance Specialists\" width=\"720\" height=\"405\" src=\"https:\/\/www.youtube.com\/embed\/SvA4rFEtFk4?feature=oembed&#038;enablejsapi=1&#038;origin=https:\/\/crownsportnutrition.com\" frameborder=\"0\" allow=\"accelerometer; autoplay; clipboard-write; encrypted-media; gyroscope; picture-in-picture; web-share\" referrerpolicy=\"strict-origin-when-cross-origin\" allowfullscreen><\/iframe><\/div>\n<\/div>\n<p>The <strong>OTSO Headband PRO<\/strong> represents the pinnacle of functionality and efficiency in today&#8217;s market. This product combines unique design and cutting-edge technology to deliver unmatched performance in demanding situations.<\/p>\n<p>What really sets our Headband PRO apart is its precise <strong>thermoregulation<\/strong> capabilities. Using an advanced fabric that combines lycrasport and polyester, this headband keeps your head and forehead cool and dry at all times. Thermoregulation is essential in high performance situations, and this headband ensures optimal temperature control and efficient sweat removal. <strong>It can be worn in both winter and summer<\/strong>.<\/p>\n<p><strong>Manufactured entirely in the European Union<\/strong>, the Headband PRO meets the highest quality standards and advocates sustainability in every aspect of its production. In addition to its exceptional thermoregulation and breathability, this headband offers efficient sweat transport and optimal ventilation.<\/p>\n<p>The fabric composition, with <strong>85% polyester and 15% lycrasport<\/strong>, ensures exceptional durability and unparalleled comfort. Easy care is an added benefit, as it can be machine washed at 40 degrees Celsius and ironed as needed. You&#8217;ll never have to worry about using bleach, as our headbands are designed to maintain their quality and performance no matter how many times you use them.<\/p>\n<p>The Headband PRO is the perfect choice for those looking for <strong>unbeatable performance and technical style<\/strong>. Experience the perfect synergy between advanced technology and exceptional functionality with the <strong>OTSO Headband PRO<\/strong>.<\/p>\n<span class=\"kt-load-after-post\"><\/span>","protected":false},"excerpt":{"rendered":"<p>The <strong>Headband PRO<\/strong> fuses exclusive design with cutting-edge technology for exceptional performance.<\/p>\n<p>Thanks to its highly breathable lycrasport and polyester fabric, this headband ensures effective thermoregulation, <strong>keeping your head cool and sweat-free in both winter and summer<\/strong>.<\/p>\n<p><strong>Manufactured in the European Union<\/strong> to the highest standards of quality and durability, this headband is easy to maintain and requires no bleach.<\/p>\n<p>The perfect combination of style and functionality.<\/p>\n","protected":false},"featured_media":142994,"template":"","meta":{"_kad_blocks_custom_css":"","_kad_blocks_head_custom_js":"","_kad_blocks_body_custom_js":"","_kad_blocks_footer_custom_js":"","_kadence_starter_templates_imported_post":false,"_kad_post_transparent":"default","_kad_post_title":"","_kad_post_layout":"default","_kad_post_sidebar_id":"","_kad_post_content_style":"default","_kad_post_vertical_padding":"default","_kad_post_feature":"","_kad_post_feature_position":"","_kad_post_header":false,"_kad_post_footer":false,"_kad_post_classname":""},"product_brand":[],"product_cat":[175,176],"product_tag":[],"class_list":{"0":"post-142971","1":"product","2":"type-product","3":"status-publish","4":"has-post-thumbnail","6":"product_cat-accesorios","7":"product_cat-shop","9":"first","10":"instock","11":"taxable","12":"shipping-taxable","13":"purchasable","14":"product-type-variable","15":"has-default-attributes","16":"entry","17":"content-bg","18":"loop-entry"},"yoast_head":"<!-- This site is optimized with the Yoast SEO Premium plugin v27.2 (Yoast SEO v27.2) - https:\/\/yoast.com\/product\/yoast-seo-premium-wordpress\/ -->\n<title>Headband PRO Trailrunning - Crown Sport Nutrition, sports supplementation<\/title>\n<meta name=\"description\" content=\"The Headband PRO fuses exclusive design with cutting-edge technology for exceptional performance.  Thanks to its highly breathable lycrasport and polyester fabric, this headband ensures effective thermoregulation, keeping your head cool and sweat-free in both winter and summer.  Manufactured in the European Union to the highest standards of quality and durability, this headband is easy to maintain and requires no bleach.  The perfect combination of style and functionality.\" \/>\n<meta name=\"robots\" content=\"index, follow, max-snippet:-1, max-image-preview:large, max-video-preview:-1\" \/>\n<link rel=\"canonical\" href=\"https:\/\/crownsportnutrition.com\/en\/producto\/otso-headband-pro\/\" \/>\n<meta property=\"og:locale\" content=\"en_US\" \/>\n<meta property=\"og:type\" content=\"article\" \/>\n<meta property=\"og:title\" content=\"Headband PRO Trailrunning\" \/>\n<meta property=\"og:description\" content=\"The Headband PRO fuses exclusive design with cutting-edge technology for exceptional performance.  Thanks to its highly breathable lycrasport and polyester fabric, this headband ensures effective thermoregulation, keeping your head cool and sweat-free in both winter and summer.  Manufactured in the European Union to the highest standards of quality and durability, this headband is easy to maintain and requires no bleach.  The perfect combination of style and functionality.\" \/>\n<meta property=\"og:url\" content=\"https:\/\/crownsportnutrition.com\/en\/producto\/otso-headband-pro\/\" \/>\n<meta property=\"og:site_name\" content=\"Crown Sport Nutrition, sports supplementation\" \/>\n<meta property=\"article:publisher\" content=\"https:\/\/www.facebook.com\/crownsportnutrition\" \/>\n<meta property=\"article:modified_time\" content=\"2026-04-23T10:01:28+00:00\" \/>\n<meta property=\"og:image\" content=\"https:\/\/crownsportnutrition.com\/wp-content\/uploads\/2023\/09\/XXXXX_OTSO_HeadBand_PRO_None_Black_Image_1.jpg\" \/>\n\t<meta property=\"og:image:width\" content=\"1500\" \/>\n\t<meta property=\"og:image:height\" content=\"1500\" \/>\n\t<meta property=\"og:image:type\" content=\"image\/jpeg\" \/>\n<meta name=\"twitter:card\" content=\"summary_large_image\" \/>\n<meta name=\"twitter:site\" content=\"@crownsportnutri\" \/>\n<meta name=\"twitter:label1\" content=\"Availability\" \/>\n\t<meta name=\"twitter:data1\" content=\"In stock\" \/>\n<script type=\"application\/ld+json\" class=\"yoast-schema-graph\">{\"@context\":\"https:\/\/schema.org\",\"@graph\":[{\"@type\":\"WebPage\",\"@id\":\"https:\/\/crownsportnutrition.com\/en\/producto\/otso-headband-pro\/\",\"url\":\"https:\/\/crownsportnutrition.com\/en\/producto\/otso-headband-pro\/\",\"name\":\"Headband PRO Trailrunning - Crown Sport Nutrition, sports supplementation\",\"isPartOf\":{\"@id\":\"https:\/\/crownsportnutrition.com\/en\/#website\"},\"primaryImageOfPage\":{\"@id\":\"https:\/\/crownsportnutrition.com\/en\/producto\/otso-headband-pro\/#primaryimage\"},\"image\":{\"@id\":\"https:\/\/crownsportnutrition.com\/en\/producto\/otso-headband-pro\/#primaryimage\"},\"thumbnailUrl\":\"https:\/\/crownsportnutrition.com\/wp-content\/uploads\/2023\/09\/XXXXX_OTSO_HeadBand_PRO_None_Black_Image_1.jpg\",\"datePublished\":\"2023-09-12T07:19:37+00:00\",\"dateModified\":\"2026-04-23T10:01:28+00:00\",\"description\":\"The Headband PRO fuses exclusive design with cutting-edge technology for exceptional performance. Thanks to its highly breathable lycrasport and polyester fabric, this headband ensures effective thermoregulation, keeping your head cool and sweat-free in both winter and summer. Manufactured in the European Union to the highest standards of quality and durability, this headband is easy to maintain and requires no bleach. The perfect combination of style and functionality.\",\"breadcrumb\":{\"@id\":\"https:\/\/crownsportnutrition.com\/en\/producto\/otso-headband-pro\/#breadcrumb\"},\"inLanguage\":\"en-US\",\"potentialAction\":[{\"@type\":\"ReadAction\",\"target\":[\"https:\/\/crownsportnutrition.com\/en\/producto\/otso-headband-pro\/\"]}]},{\"@type\":\"ImageObject\",\"inLanguage\":\"en-US\",\"@id\":\"https:\/\/crownsportnutrition.com\/en\/producto\/otso-headband-pro\/#primaryimage\",\"url\":\"https:\/\/crownsportnutrition.com\/wp-content\/uploads\/2023\/09\/XXXXX_OTSO_HeadBand_PRO_None_Black_Image_1.jpg\",\"contentUrl\":\"https:\/\/crownsportnutrition.com\/wp-content\/uploads\/2023\/09\/XXXXX_OTSO_HeadBand_PRO_None_Black_Image_1.jpg\",\"width\":1500,\"height\":1500},{\"@type\":\"BreadcrumbList\",\"@id\":\"https:\/\/crownsportnutrition.com\/en\/producto\/otso-headband-pro\/#breadcrumb\",\"itemListElement\":[{\"@type\":\"ListItem\",\"position\":1,\"name\":\"Portada\",\"item\":\"https:\/\/crownsportnutrition.com\/en\/\"},{\"@type\":\"ListItem\",\"position\":2,\"name\":\"CROWN SHOP\",\"item\":\"https:\/\/crownsportnutrition.com\/tienda\/\"},{\"@type\":\"ListItem\",\"position\":3,\"name\":\"Headband PRO Trailrunning\"}]},{\"@type\":\"WebSite\",\"@id\":\"https:\/\/crownsportnutrition.com\/en\/#website\",\"url\":\"https:\/\/crownsportnutrition.com\/en\/\",\"name\":\"Crown Sport Nutrition, suplementaci\u00f3n deportiva\",\"description\":\"proteinas, recuperadores, gel energetico, barritas, bebida isotonica,[:en]Otro sitio realizado con WordPress\",\"publisher\":{\"@id\":\"https:\/\/crownsportnutrition.com\/en\/#organization\"},\"potentialAction\":[{\"@type\":\"SearchAction\",\"target\":{\"@type\":\"EntryPoint\",\"urlTemplate\":\"https:\/\/crownsportnutrition.com\/en\/?s={search_term_string}\"},\"query-input\":{\"@type\":\"PropertyValueSpecification\",\"valueRequired\":true,\"valueName\":\"search_term_string\"}}],\"inLanguage\":\"en-US\"},{\"@type\":\"Organization\",\"@id\":\"https:\/\/crownsportnutrition.com\/en\/#organization\",\"name\":\"Crown Sport Nutrition, sports supplementation\",\"alternateName\":\"Crown Sport Nutrition\",\"url\":\"https:\/\/crownsportnutrition.com\/en\/\",\"logo\":{\"@type\":\"ImageObject\",\"inLanguage\":\"en-US\",\"@id\":\"https:\/\/crownsportnutrition.com\/en\/#\/schema\/logo\/image\/\",\"url\":\"https:\/\/crownsportnutrition.com\/wp-content\/uploads\/2022\/06\/logo-CROWN-SPORT-NUTRITION1-1.png\",\"contentUrl\":\"https:\/\/crownsportnutrition.com\/wp-content\/uploads\/2022\/06\/logo-CROWN-SPORT-NUTRITION1-1.png\",\"width\":150,\"height\":58,\"caption\":\"Crown Sport Nutrition, sports supplementation\"},\"image\":{\"@id\":\"https:\/\/crownsportnutrition.com\/en\/#\/schema\/logo\/image\/\"},\"sameAs\":[\"https:\/\/www.facebook.com\/crownsportnutrition\",\"https:\/\/x.com\/crownsportnutri\",\"https:\/\/www.instagram.com\/crownsportnutrition\/\",\"https:\/\/www.linkedin.com\/company\/crownsportnutrition\"],\"description\":\"Crown Sport Nutrition es una marca espa\u00f1ola de suplementaci\u00f3n deportiva enfocada en producir solo productos con base cient\u00edfica y adem\u00e1s promover la investigaci\u00f3n cient\u00edfica mediante la publicaci\u00f3n de art\u00edculos sobre varios de sus productos en revistas cient\u00edficas de primer nivel. Se utilizan las mejores materias primas mezcladas en laboratorios punteros con las normas IFS (International Food Standard), con los mejores sabores y todo doping free. Crown Sport Nutrition es la primera empresa espa\u00f1ola en obtener la certificaci\u00f3n antidoping internacional por Informed Sport.\",\"email\":\"info@crownsportnutrition.com\",\"telephone\":\"+34 613 000 417\",\"legalName\":\"Crown Sport Nutrition\"}]}<\/script>\n<meta property=\"og:availability\" content=\"instock\" \/>\n<meta property=\"product:availability\" content=\"instock\" \/>\n<meta property=\"product:retailer_item_id\" content=\"HEADBAND.M\" \/>\n<meta property=\"product:condition\" content=\"new\" \/>\n<!-- \/ Yoast SEO Premium plugin. -->","yoast_head_json":{"title":"Headband PRO Trailrunning - Crown Sport Nutrition, sports supplementation","description":"The Headband PRO fuses exclusive design with cutting-edge technology for exceptional performance.  Thanks to its highly breathable lycrasport and polyester fabric, this headband ensures effective thermoregulation, keeping your head cool and sweat-free in both winter and summer.  Manufactured in the European Union to the highest standards of quality and durability, this headband is easy to maintain and requires no bleach.  The perfect combination of style and functionality.","robots":{"index":"index","follow":"follow","max-snippet":"max-snippet:-1","max-image-preview":"max-image-preview:large","max-video-preview":"max-video-preview:-1"},"canonical":"https:\/\/crownsportnutrition.com\/en\/producto\/otso-headband-pro\/","og_locale":"en_US","og_type":"article","og_title":"Headband PRO Trailrunning","og_description":"The Headband PRO fuses exclusive design with cutting-edge technology for exceptional performance.  Thanks to its highly breathable lycrasport and polyester fabric, this headband ensures effective thermoregulation, keeping your head cool and sweat-free in both winter and summer.  Manufactured in the European Union to the highest standards of quality and durability, this headband is easy to maintain and requires no bleach.  The perfect combination of style and functionality.","og_url":"https:\/\/crownsportnutrition.com\/en\/producto\/otso-headband-pro\/","og_site_name":"Crown Sport Nutrition, sports supplementation","article_publisher":"https:\/\/www.facebook.com\/crownsportnutrition","article_modified_time":"2026-04-23T10:01:28+00:00","og_image":[{"width":1500,"height":1500,"url":"https:\/\/crownsportnutrition.com\/wp-content\/uploads\/2023\/09\/XXXXX_OTSO_HeadBand_PRO_None_Black_Image_1.jpg","type":"image\/jpeg"}],"twitter_card":"summary_large_image","twitter_site":"@crownsportnutri","twitter_misc":{"Availability":"In stock"},"schema":{"@context":"https:\/\/schema.org","@graph":[{"@type":"WebPage","@id":"https:\/\/crownsportnutrition.com\/en\/producto\/otso-headband-pro\/","url":"https:\/\/crownsportnutrition.com\/en\/producto\/otso-headband-pro\/","name":"Headband PRO Trailrunning - Crown Sport Nutrition, sports supplementation","isPartOf":{"@id":"https:\/\/crownsportnutrition.com\/en\/#website"},"primaryImageOfPage":{"@id":"https:\/\/crownsportnutrition.com\/en\/producto\/otso-headband-pro\/#primaryimage"},"image":{"@id":"https:\/\/crownsportnutrition.com\/en\/producto\/otso-headband-pro\/#primaryimage"},"thumbnailUrl":"https:\/\/crownsportnutrition.com\/wp-content\/uploads\/2023\/09\/XXXXX_OTSO_HeadBand_PRO_None_Black_Image_1.jpg","datePublished":"2023-09-12T07:19:37+00:00","dateModified":"2026-04-23T10:01:28+00:00","description":"The Headband PRO fuses exclusive design with cutting-edge technology for exceptional performance. Thanks to its highly breathable lycrasport and polyester fabric, this headband ensures effective thermoregulation, keeping your head cool and sweat-free in both winter and summer. Manufactured in the European Union to the highest standards of quality and durability, this headband is easy to maintain and requires no bleach. The perfect combination of style and functionality.","breadcrumb":{"@id":"https:\/\/crownsportnutrition.com\/en\/producto\/otso-headband-pro\/#breadcrumb"},"inLanguage":"en-US","potentialAction":[{"@type":"ReadAction","target":["https:\/\/crownsportnutrition.com\/en\/producto\/otso-headband-pro\/"]}]},{"@type":"ImageObject","inLanguage":"en-US","@id":"https:\/\/crownsportnutrition.com\/en\/producto\/otso-headband-pro\/#primaryimage","url":"https:\/\/crownsportnutrition.com\/wp-content\/uploads\/2023\/09\/XXXXX_OTSO_HeadBand_PRO_None_Black_Image_1.jpg","contentUrl":"https:\/\/crownsportnutrition.com\/wp-content\/uploads\/2023\/09\/XXXXX_OTSO_HeadBand_PRO_None_Black_Image_1.jpg","width":1500,"height":1500},{"@type":"BreadcrumbList","@id":"https:\/\/crownsportnutrition.com\/en\/producto\/otso-headband-pro\/#breadcrumb","itemListElement":[{"@type":"ListItem","position":1,"name":"Portada","item":"https:\/\/crownsportnutrition.com\/en\/"},{"@type":"ListItem","position":2,"name":"CROWN SHOP","item":"https:\/\/crownsportnutrition.com\/tienda\/"},{"@type":"ListItem","position":3,"name":"Headband PRO Trailrunning"}]},{"@type":"WebSite","@id":"https:\/\/crownsportnutrition.com\/en\/#website","url":"https:\/\/crownsportnutrition.com\/en\/","name":"Crown Sport Nutrition, suplementaci\u00f3n deportiva","description":"proteinas, recuperadores, gel energetico, barritas, bebida isotonica,[:en]Otro sitio realizado con WordPress","publisher":{"@id":"https:\/\/crownsportnutrition.com\/en\/#organization"},"potentialAction":[{"@type":"SearchAction","target":{"@type":"EntryPoint","urlTemplate":"https:\/\/crownsportnutrition.com\/en\/?s={search_term_string}"},"query-input":{"@type":"PropertyValueSpecification","valueRequired":true,"valueName":"search_term_string"}}],"inLanguage":"en-US"},{"@type":"Organization","@id":"https:\/\/crownsportnutrition.com\/en\/#organization","name":"Crown Sport Nutrition, sports supplementation","alternateName":"Crown Sport Nutrition","url":"https:\/\/crownsportnutrition.com\/en\/","logo":{"@type":"ImageObject","inLanguage":"en-US","@id":"https:\/\/crownsportnutrition.com\/en\/#\/schema\/logo\/image\/","url":"https:\/\/crownsportnutrition.com\/wp-content\/uploads\/2022\/06\/logo-CROWN-SPORT-NUTRITION1-1.png","contentUrl":"https:\/\/crownsportnutrition.com\/wp-content\/uploads\/2022\/06\/logo-CROWN-SPORT-NUTRITION1-1.png","width":150,"height":58,"caption":"Crown Sport Nutrition, sports supplementation"},"image":{"@id":"https:\/\/crownsportnutrition.com\/en\/#\/schema\/logo\/image\/"},"sameAs":["https:\/\/www.facebook.com\/crownsportnutrition","https:\/\/x.com\/crownsportnutri","https:\/\/www.instagram.com\/crownsportnutrition\/","https:\/\/www.linkedin.com\/company\/crownsportnutrition"],"description":"Crown Sport Nutrition es una marca espa\u00f1ola de suplementaci\u00f3n deportiva enfocada en producir solo productos con base cient\u00edfica y adem\u00e1s promover la investigaci\u00f3n cient\u00edfica mediante la publicaci\u00f3n de art\u00edculos sobre varios de sus productos en revistas cient\u00edficas de primer nivel. Se utilizan las mejores materias primas mezcladas en laboratorios punteros con las normas IFS (International Food Standard), con los mejores sabores y todo doping free. Crown Sport Nutrition es la primera empresa espa\u00f1ola en obtener la certificaci\u00f3n antidoping internacional por Informed Sport.","email":"info@crownsportnutrition.com","telephone":"+34 613 000 417","legalName":"Crown Sport Nutrition"}]},"og_availability":"instock","product_availability":"instock","product_retailer_item_id":"HEADBAND.M","product_condition":"new"},"taxonomy_info":{"product_cat":[{"value":175,"label":"ACCESSORIES"},{"value":176,"label":"SHOP"}]},"featured_image_src_large":["https:\/\/crownsportnutrition.com\/wp-content\/uploads\/2023\/09\/XXXXX_OTSO_HeadBand_PRO_None_Black_Image_1-1024x1024.jpg",1024,1024,true],"author_info":[],"comment_info":"","_links":{"self":[{"href":"https:\/\/crownsportnutrition.com\/en\/wp-json\/wp\/v2\/product\/142971","targetHints":{"allow":["GET"]}}],"collection":[{"href":"https:\/\/crownsportnutrition.com\/en\/wp-json\/wp\/v2\/product"}],"about":[{"href":"https:\/\/crownsportnutrition.com\/en\/wp-json\/wp\/v2\/types\/product"}],"wp:featuredmedia":[{"embeddable":true,"href":"https:\/\/crownsportnutrition.com\/en\/wp-json\/wp\/v2\/media\/142994"}],"wp:attachment":[{"href":"https:\/\/crownsportnutrition.com\/en\/wp-json\/wp\/v2\/media?parent=142971"}],"wp:term":[{"taxonomy":"product_brand","embeddable":true,"href":"https:\/\/crownsportnutrition.com\/en\/wp-json\/wp\/v2\/product_brand?post=142971"},{"taxonomy":"product_cat","embeddable":true,"href":"https:\/\/crownsportnutrition.com\/en\/wp-json\/wp\/v2\/product_cat?post=142971"},{"taxonomy":"product_tag","embeddable":true,"href":"https:\/\/crownsportnutrition.com\/en\/wp-json\/wp\/v2\/product_tag?post=142971"}],"curies":[{"name":"wp","href":"https:\/\/api.w.org\/{rel}","templated":true}]}}