{"id":146538,"date":"2023-10-18T13:11:59","date_gmt":"2023-10-18T11:11:59","guid":{"rendered":"https:\/\/crownsportnutrition.com\/?post_type=product&#038;p=146538"},"modified":"2026-04-23T12:01:22","modified_gmt":"2026-04-23T10:01:22","slug":"pack-maraton-tester","status":"publish","type":"product","link":"https:\/\/crownsportnutrition.com\/en\/producto\/pack-maraton-tester\/","title":{"rendered":"Marathon Tester Pack"},"content":{"rendered":"<div>\n<p><span style=\"font-family: Rubik, sans-serif; font-size: 22px; font-weight: bold; text-transform: uppercase;\">WHY CROWN SPORT NUTRITION? (41 SEC)?<\/span><\/p>\n<\/div>\n<div>\n<div class=\"entry-content-asset videofit\"><iframe loading=\"lazy\" title=\"Crown Sport Nutrition - Especialistas en alto rendimiento\" width=\"720\" height=\"405\" src=\"https:\/\/www.youtube.com\/embed\/sq74T_oZICw?feature=oembed&#038;enablejsapi=1&#038;origin=https:\/\/crownsportnutrition.com\" frameborder=\"0\" allow=\"accelerometer; autoplay; clipboard-write; encrypted-media; gyroscope; picture-in-picture; web-share\" referrerpolicy=\"strict-origin-when-cross-origin\" allowfullscreen><\/iframe><\/div>\n<\/div>\n<div>\n<p>The <strong>Marathon Tester Pack<\/strong> consists of:<\/p>\n<ul>\n<li aria-level=\"1\"><strong>4\u00a0<a href=\"https:\/\/crownsportnutrition.com\/producto\/energygel\/\" target=\"_blank\" rel=\"noreferrer noopener\">Energy Gel<\/a>\u00a0(caffeinated red berries, caffeinated cola, lemon, orange):<\/strong>\u00a0Perfect combination of carbohydrates (energy), amino acids and mineral salts, which help delay the onset of fatigue. Additionally, in the\u00a0<strong>versions with caffeine<\/strong>, we improve alertness, decision-making and muscle contraction.\u00a0To take during physical activity.<\/li>\n<li aria-level=\"1\"><strong>3 bars of\u00a0<a href=\"https:\/\/crownsportnutrition.com\/producto\/energy-gum-bar\/\" target=\"_blank\" rel=\"noreferrer noopener\">Energy Gum Bar<\/a>\u00a0(1x red fruits with caffeine, 1x cola with caffeine and 1x orange): <\/strong>\u00a0Energy bar with gummy texture. Contains 23 g of different types of carbohydrates and electrolytes to help hydration. This is the adaptation of our<strong>Energy Gel + Caffeine to the gummy bar format,<\/strong> 30 g of magnificent, easy-to-chew texture that will not be difficult for you to swallow, thus avoiding gastrointestinal problems.<em> To take during physical activity.<\/em><\/li>\n<li aria-level=\"1\"><strong>2 sachets of\u00a0<a href=\"https:\/\/crownsportnutrition.com\/producto\/hypergel-30\/\">HyperGel 30<\/a>\u00a0(1 x Neutral with caffeine, 1 x Neutral without caffeine):<\/strong>\u00a0Aqueous energy gel with 30g of carbohydrates with more water and an extra contribution of Sodium. Of the highest quality and with an ideal composition of carbohydrates and sodium, nutrients necessary to improve performance in both training and long-duration and\/or high-intensity competitions.<\/li>\n<li aria-level=\"1\"><strong>1 sachet of\u00a0<a href=\"https:\/\/crownsportnutrition.com\/producto\/hyperdrink-45\/\">HyperDrink 45<\/a>\u00a0(Neutral flavor):<\/strong>\u00a0Powder drink with the ideal mixture, according to science, of carbohydrates, Maltodextrin and Fructose, in a ratio of 1.25:1 (commonly 1:0.8). In a single 500 ml dose you will have 45 g of carbohydrates plus an extra contribution of Sodium (approx. 235 mg).<\/li>\n<li aria-level=\"1\"><strong>2 sachets of\u00a0<a href=\"https:\/\/crownsportnutrition.com\/producto\/recovery-3-1-plus-recuperador\/\" target=\"_blank\" rel=\"noreferrer noopener\">3:1 Recovery+<\/a>\u00a0(1x Chocolate, 1x Red Fruits):<\/strong>\u00a0A 3:1 ratio of different carbohydrates and isolated whey protein. With a plus of leucine, glutamine and vitamins and minerals and Informed Sport anti-doping certification.\u00a0<em>To take after physical activity.<\/em><\/li>\n<li aria-level=\"1\"><strong>3 sachets of\u00a0<a href=\"https:\/\/crownsportnutrition.com\/producto\/isodrink-energy\/\" target=\"_blank\" rel=\"noreferrer noopener\">Isodrink &amp; Energy<\/a>\u00a0(1x Orange, 1x Red Fruits, 1x Lemon):<\/strong>\u00a0It is a powdered sports drink of the highest quality and with a premium composition that provides all the necessary ingredients not only to maintain but to improve performance in your training and competitions. To take during physical activity, it provides energy and hydration.<\/li>\n<li aria-level=\"1\"><strong>1\u00a0<a href=\"https:\/\/crownsportnutrition.com\/producto\/shaker-alta-calidad-indicado-para-el-recovery-proteinas-etc\/\" target=\"_blank\" rel=\"noreferrer noopener\">Shaker PRO<\/a>\u00a0500 ml<\/strong>\u00a0to mix your protein or recovery.<\/li>\n<\/ul>\n<p>Summary of 6 products and their variants:<\/p>\n<ul>\n<li aria-level=\"1\">4 x 40 g sachets of\u00a0<strong>Energy Gel<\/strong>:\n<ul style=\"list-style-type: none;\">\n<li aria-level=\"2\">1 x Cola with Caffeine<\/li>\n<li aria-level=\"2\">1 x Lemon<\/li>\n<li aria-level=\"2\">1 x Orange<\/li>\n<li aria-level=\"2\">1 x Red Fruits<\/li>\n<\/ul>\n<\/li>\n<li aria-level=\"1\">3 x 30 g sachets of\u00a0<strong>Energy Gum Bar<\/strong>:\n<ul style=\"list-style-type: none;\">\n<li aria-level=\"2\">1 x Cola with Caffeine<\/li>\n<li aria-level=\"2\">1 x Red Berries with Caffeine<\/li>\n<li aria-level=\"2\">1 x Caffeine-Free Orange<\/li>\n<\/ul>\n<\/li>\n<li aria-level=\"1\">2 x 75 g sachets of\u00a0<strong>HyperGel 30<\/strong>:\n<ul style=\"list-style-type: none;\">\n<li aria-level=\"2\">1 x Neutral with caffeine<\/li>\n<li aria-level=\"2\">1 x Neutral without caffeine<\/li>\n<\/ul>\n<\/li>\n<li aria-level=\"1\">1 x 47 g sachets of\u00a0<strong>HyperDrink 45<\/strong><\/li>\n<li aria-level=\"1\">3 x 32 g sachets of\u00a0<strong>Isodrink\u00a0&amp;\u00a0Energy<\/strong>:\n<ul style=\"list-style-type: none;\">\n<li aria-level=\"2\">1 x Lemon<\/li>\n<li aria-level=\"2\">1 x Red Fruits<\/li>\n<li aria-level=\"2\">1 x Orange<\/li>\n<\/ul>\n<\/li>\n<li aria-level=\"1\">2 x 50 g sachets of\u00a0<strong>3:1 Recovery+<\/strong>:\n<ul style=\"list-style-type: none;\">\n<li aria-level=\"2\">1 x Chocolate<\/li>\n<li aria-level=\"2\">1 x Red Fruits<\/li>\n<\/ul>\n<\/li>\n<li aria-level=\"1\">1 x <strong>600 ml Shaker PRO, 750 ml Elite training bottle or a sample assortment.<\/strong><\/li>\n<\/ul>\n<\/div>\n<span class=\"kt-load-after-post\"><\/span>","protected":false},"excerpt":{"rendered":"<p>Includes everything you need to keep your energy and performance at its maximum: Gels and gummy energy bars, sachets of our recovery and isotonic drinks. You will be ready to cross the finish line with strength and determination.<\/p>\n<p>Take your training to the next level with this must-have set for marathoners!<\/p>\n","protected":false},"featured_media":218637,"template":"","meta":{"_kad_blocks_custom_css":"","_kad_blocks_head_custom_js":"","_kad_blocks_body_custom_js":"","_kad_blocks_footer_custom_js":"","_kadence_starter_templates_imported_post":false,"_kad_post_transparent":"default","_kad_post_title":"","_kad_post_layout":"default","_kad_post_sidebar_id":"","_kad_post_content_style":"default","_kad_post_vertical_padding":"default","_kad_post_feature":"","_kad_post_feature_position":"","_kad_post_header":false,"_kad_post_footer":false,"_kad_post_classname":""},"product_brand":[],"product_cat":[114,242,171,281,191,115,176,116,113],"product_tag":[],"class_list":{"0":"post-146538","1":"product","2":"type-product","3":"status-publish","4":"has-post-thumbnail","6":"product_cat-ciclismo","7":"product_cat-durante","8":"product_cat-hidratacion-y-energia-2","9":"product_cat-hyper-line","10":"product_cat-crown-packs","11":"product_cat-running","12":"product_cat-shop","13":"product_cat-trail-running","14":"product_cat-triatlon","16":"first","17":"instock","18":"sale","19":"sold-individually","20":"taxable","21":"shipping-taxable","22":"purchasable","23":"product-type-variable","24":"has-default-attributes","25":"entry","26":"content-bg","27":"loop-entry"},"yoast_head":"<!-- This site is optimized with the Yoast SEO Premium plugin v27.2 (Yoast SEO v27.2) - https:\/\/yoast.com\/product\/yoast-seo-premium-wordpress\/ -->\n<title>Pack Marat\u00f3n Tester: Energ\u00eda y Recuperaci\u00f3n para tu Marat\u00f3n<\/title>\n<meta name=\"description\" content=\"Prep\u00e1rate para tu marat\u00f3n con el Pack Marat\u00f3n Tester de Crown Sport Nutrition. Energ\u00eda, hidrataci\u00f3n y recuperaci\u00f3n en un solo paquete \u2714\ufe0f\" \/>\n<meta name=\"robots\" content=\"index, follow, max-snippet:-1, max-image-preview:large, max-video-preview:-1\" \/>\n<link rel=\"canonical\" href=\"https:\/\/crownsportnutrition.com\/en\/producto\/pack-maraton-tester\/\" \/>\n<meta property=\"og:locale\" content=\"en_US\" \/>\n<meta property=\"og:type\" content=\"article\" \/>\n<meta property=\"og:title\" content=\"Marathon Tester Pack\" \/>\n<meta property=\"og:description\" content=\"Prep\u00e1rate para tu marat\u00f3n con el Pack Marat\u00f3n Tester de Crown Sport Nutrition. Energ\u00eda, hidrataci\u00f3n y recuperaci\u00f3n en un solo paquete \u2714\ufe0f\" \/>\n<meta property=\"og:url\" content=\"https:\/\/crownsportnutrition.com\/en\/producto\/pack-maraton-tester\/\" \/>\n<meta property=\"og:site_name\" content=\"Crown Sport Nutrition, sports supplementation\" \/>\n<meta property=\"article:publisher\" content=\"https:\/\/www.facebook.com\/crownsportnutrition\" \/>\n<meta property=\"article:modified_time\" content=\"2026-04-23T10:01:22+00:00\" \/>\n<meta property=\"og:image\" content=\"https:\/\/crownsportnutrition.com\/wp-content\/uploads\/2025\/03\/marat.jpg\" \/>\n\t<meta property=\"og:image:width\" content=\"1500\" \/>\n\t<meta property=\"og:image:height\" content=\"1500\" \/>\n\t<meta property=\"og:image:type\" content=\"image\/jpeg\" \/>\n<meta name=\"twitter:card\" content=\"summary_large_image\" \/>\n<meta name=\"twitter:site\" content=\"@crownsportnutri\" \/>\n<meta name=\"twitter:label1\" content=\"Availability\" \/>\n\t<meta name=\"twitter:data1\" content=\"In stock\" \/>\n<script type=\"application\/ld+json\" class=\"yoast-schema-graph\">{\"@context\":\"https:\/\/schema.org\",\"@graph\":[{\"@type\":\"WebPage\",\"@id\":\"https:\/\/crownsportnutrition.com\/en\/producto\/pack-maraton-tester\/\",\"url\":\"https:\/\/crownsportnutrition.com\/en\/producto\/pack-maraton-tester\/\",\"name\":\"Pack Marat\u00f3n Tester: Energ\u00eda y Recuperaci\u00f3n para tu Marat\u00f3n\",\"isPartOf\":{\"@id\":\"https:\/\/crownsportnutrition.com\/en\/#website\"},\"primaryImageOfPage\":{\"@id\":\"https:\/\/crownsportnutrition.com\/en\/producto\/pack-maraton-tester\/#primaryimage\"},\"image\":{\"@id\":\"https:\/\/crownsportnutrition.com\/en\/producto\/pack-maraton-tester\/#primaryimage\"},\"thumbnailUrl\":\"https:\/\/crownsportnutrition.com\/wp-content\/uploads\/2025\/03\/marat.jpg\",\"datePublished\":\"2023-10-18T11:11:59+00:00\",\"dateModified\":\"2026-04-23T10:01:22+00:00\",\"description\":\"Prep\u00e1rate para tu marat\u00f3n con el Pack Marat\u00f3n Tester de Crown Sport Nutrition. Energ\u00eda, hidrataci\u00f3n y recuperaci\u00f3n en un solo paquete \u2714\ufe0f\",\"breadcrumb\":{\"@id\":\"https:\/\/crownsportnutrition.com\/en\/producto\/pack-maraton-tester\/#breadcrumb\"},\"inLanguage\":\"en-US\",\"potentialAction\":[{\"@type\":\"ReadAction\",\"target\":[\"https:\/\/crownsportnutrition.com\/en\/producto\/pack-maraton-tester\/\"]}]},{\"@type\":\"ImageObject\",\"inLanguage\":\"en-US\",\"@id\":\"https:\/\/crownsportnutrition.com\/en\/producto\/pack-maraton-tester\/#primaryimage\",\"url\":\"https:\/\/crownsportnutrition.com\/wp-content\/uploads\/2025\/03\/marat.jpg\",\"contentUrl\":\"https:\/\/crownsportnutrition.com\/wp-content\/uploads\/2025\/03\/marat.jpg\",\"width\":1500,\"height\":1500},{\"@type\":\"BreadcrumbList\",\"@id\":\"https:\/\/crownsportnutrition.com\/en\/producto\/pack-maraton-tester\/#breadcrumb\",\"itemListElement\":[{\"@type\":\"ListItem\",\"position\":1,\"name\":\"Portada\",\"item\":\"https:\/\/crownsportnutrition.com\/en\/\"},{\"@type\":\"ListItem\",\"position\":2,\"name\":\"CROWN SHOP\",\"item\":\"https:\/\/crownsportnutrition.com\/tienda\/\"},{\"@type\":\"ListItem\",\"position\":3,\"name\":\"Marathon Tester Pack\"}]},{\"@type\":\"WebSite\",\"@id\":\"https:\/\/crownsportnutrition.com\/en\/#website\",\"url\":\"https:\/\/crownsportnutrition.com\/en\/\",\"name\":\"Crown Sport Nutrition, suplementaci\u00f3n deportiva\",\"description\":\"proteinas, recuperadores, gel energetico, barritas, bebida isotonica,[:en]Otro sitio realizado con WordPress\",\"publisher\":{\"@id\":\"https:\/\/crownsportnutrition.com\/en\/#organization\"},\"potentialAction\":[{\"@type\":\"SearchAction\",\"target\":{\"@type\":\"EntryPoint\",\"urlTemplate\":\"https:\/\/crownsportnutrition.com\/en\/?s={search_term_string}\"},\"query-input\":{\"@type\":\"PropertyValueSpecification\",\"valueRequired\":true,\"valueName\":\"search_term_string\"}}],\"inLanguage\":\"en-US\"},{\"@type\":\"Organization\",\"@id\":\"https:\/\/crownsportnutrition.com\/en\/#organization\",\"name\":\"Crown Sport Nutrition, sports supplementation\",\"alternateName\":\"Crown Sport Nutrition\",\"url\":\"https:\/\/crownsportnutrition.com\/en\/\",\"logo\":{\"@type\":\"ImageObject\",\"inLanguage\":\"en-US\",\"@id\":\"https:\/\/crownsportnutrition.com\/en\/#\/schema\/logo\/image\/\",\"url\":\"https:\/\/crownsportnutrition.com\/wp-content\/uploads\/2022\/06\/logo-CROWN-SPORT-NUTRITION1-1.png\",\"contentUrl\":\"https:\/\/crownsportnutrition.com\/wp-content\/uploads\/2022\/06\/logo-CROWN-SPORT-NUTRITION1-1.png\",\"width\":150,\"height\":58,\"caption\":\"Crown Sport Nutrition, sports supplementation\"},\"image\":{\"@id\":\"https:\/\/crownsportnutrition.com\/en\/#\/schema\/logo\/image\/\"},\"sameAs\":[\"https:\/\/www.facebook.com\/crownsportnutrition\",\"https:\/\/x.com\/crownsportnutri\",\"https:\/\/www.instagram.com\/crownsportnutrition\/\",\"https:\/\/www.linkedin.com\/company\/crownsportnutrition\"],\"description\":\"Crown Sport Nutrition es una marca espa\u00f1ola de suplementaci\u00f3n deportiva enfocada en producir solo productos con base cient\u00edfica y adem\u00e1s promover la investigaci\u00f3n cient\u00edfica mediante la publicaci\u00f3n de art\u00edculos sobre varios de sus productos en revistas cient\u00edficas de primer nivel. Se utilizan las mejores materias primas mezcladas en laboratorios punteros con las normas IFS (International Food Standard), con los mejores sabores y todo doping free. Crown Sport Nutrition es la primera empresa espa\u00f1ola en obtener la certificaci\u00f3n antidoping internacional por Informed Sport.\",\"email\":\"info@crownsportnutrition.com\",\"telephone\":\"+34 613 000 417\",\"legalName\":\"Crown Sport Nutrition\"}]}<\/script>\n<meta property=\"og:availability\" content=\"instock\" \/>\n<meta property=\"product:availability\" content=\"instock\" \/>\n<meta property=\"product:condition\" content=\"new\" \/>\n<!-- \/ Yoast SEO Premium plugin. -->","yoast_head_json":{"title":"Pack Marat\u00f3n Tester: Energ\u00eda y Recuperaci\u00f3n para tu Marat\u00f3n","description":"Prep\u00e1rate para tu marat\u00f3n con el Pack Marat\u00f3n Tester de Crown Sport Nutrition. Energ\u00eda, hidrataci\u00f3n y recuperaci\u00f3n en un solo paquete \u2714\ufe0f","robots":{"index":"index","follow":"follow","max-snippet":"max-snippet:-1","max-image-preview":"max-image-preview:large","max-video-preview":"max-video-preview:-1"},"canonical":"https:\/\/crownsportnutrition.com\/en\/producto\/pack-maraton-tester\/","og_locale":"en_US","og_type":"article","og_title":"Marathon Tester Pack","og_description":"Prep\u00e1rate para tu marat\u00f3n con el Pack Marat\u00f3n Tester de Crown Sport Nutrition. Energ\u00eda, hidrataci\u00f3n y recuperaci\u00f3n en un solo paquete \u2714\ufe0f","og_url":"https:\/\/crownsportnutrition.com\/en\/producto\/pack-maraton-tester\/","og_site_name":"Crown Sport Nutrition, sports supplementation","article_publisher":"https:\/\/www.facebook.com\/crownsportnutrition","article_modified_time":"2026-04-23T10:01:22+00:00","og_image":[{"width":1500,"height":1500,"url":"https:\/\/crownsportnutrition.com\/wp-content\/uploads\/2025\/03\/marat.jpg","type":"image\/jpeg"}],"twitter_card":"summary_large_image","twitter_site":"@crownsportnutri","twitter_misc":{"Availability":"In stock"},"schema":{"@context":"https:\/\/schema.org","@graph":[{"@type":"WebPage","@id":"https:\/\/crownsportnutrition.com\/en\/producto\/pack-maraton-tester\/","url":"https:\/\/crownsportnutrition.com\/en\/producto\/pack-maraton-tester\/","name":"Pack Marat\u00f3n Tester: Energ\u00eda y Recuperaci\u00f3n para tu Marat\u00f3n","isPartOf":{"@id":"https:\/\/crownsportnutrition.com\/en\/#website"},"primaryImageOfPage":{"@id":"https:\/\/crownsportnutrition.com\/en\/producto\/pack-maraton-tester\/#primaryimage"},"image":{"@id":"https:\/\/crownsportnutrition.com\/en\/producto\/pack-maraton-tester\/#primaryimage"},"thumbnailUrl":"https:\/\/crownsportnutrition.com\/wp-content\/uploads\/2025\/03\/marat.jpg","datePublished":"2023-10-18T11:11:59+00:00","dateModified":"2026-04-23T10:01:22+00:00","description":"Prep\u00e1rate para tu marat\u00f3n con el Pack Marat\u00f3n Tester de Crown Sport Nutrition. Energ\u00eda, hidrataci\u00f3n y recuperaci\u00f3n en un solo paquete \u2714\ufe0f","breadcrumb":{"@id":"https:\/\/crownsportnutrition.com\/en\/producto\/pack-maraton-tester\/#breadcrumb"},"inLanguage":"en-US","potentialAction":[{"@type":"ReadAction","target":["https:\/\/crownsportnutrition.com\/en\/producto\/pack-maraton-tester\/"]}]},{"@type":"ImageObject","inLanguage":"en-US","@id":"https:\/\/crownsportnutrition.com\/en\/producto\/pack-maraton-tester\/#primaryimage","url":"https:\/\/crownsportnutrition.com\/wp-content\/uploads\/2025\/03\/marat.jpg","contentUrl":"https:\/\/crownsportnutrition.com\/wp-content\/uploads\/2025\/03\/marat.jpg","width":1500,"height":1500},{"@type":"BreadcrumbList","@id":"https:\/\/crownsportnutrition.com\/en\/producto\/pack-maraton-tester\/#breadcrumb","itemListElement":[{"@type":"ListItem","position":1,"name":"Portada","item":"https:\/\/crownsportnutrition.com\/en\/"},{"@type":"ListItem","position":2,"name":"CROWN SHOP","item":"https:\/\/crownsportnutrition.com\/tienda\/"},{"@type":"ListItem","position":3,"name":"Marathon Tester Pack"}]},{"@type":"WebSite","@id":"https:\/\/crownsportnutrition.com\/en\/#website","url":"https:\/\/crownsportnutrition.com\/en\/","name":"Crown Sport Nutrition, suplementaci\u00f3n deportiva","description":"proteinas, recuperadores, gel energetico, barritas, bebida isotonica,[:en]Otro sitio realizado con WordPress","publisher":{"@id":"https:\/\/crownsportnutrition.com\/en\/#organization"},"potentialAction":[{"@type":"SearchAction","target":{"@type":"EntryPoint","urlTemplate":"https:\/\/crownsportnutrition.com\/en\/?s={search_term_string}"},"query-input":{"@type":"PropertyValueSpecification","valueRequired":true,"valueName":"search_term_string"}}],"inLanguage":"en-US"},{"@type":"Organization","@id":"https:\/\/crownsportnutrition.com\/en\/#organization","name":"Crown Sport Nutrition, sports supplementation","alternateName":"Crown Sport Nutrition","url":"https:\/\/crownsportnutrition.com\/en\/","logo":{"@type":"ImageObject","inLanguage":"en-US","@id":"https:\/\/crownsportnutrition.com\/en\/#\/schema\/logo\/image\/","url":"https:\/\/crownsportnutrition.com\/wp-content\/uploads\/2022\/06\/logo-CROWN-SPORT-NUTRITION1-1.png","contentUrl":"https:\/\/crownsportnutrition.com\/wp-content\/uploads\/2022\/06\/logo-CROWN-SPORT-NUTRITION1-1.png","width":150,"height":58,"caption":"Crown Sport Nutrition, sports supplementation"},"image":{"@id":"https:\/\/crownsportnutrition.com\/en\/#\/schema\/logo\/image\/"},"sameAs":["https:\/\/www.facebook.com\/crownsportnutrition","https:\/\/x.com\/crownsportnutri","https:\/\/www.instagram.com\/crownsportnutrition\/","https:\/\/www.linkedin.com\/company\/crownsportnutrition"],"description":"Crown Sport Nutrition es una marca espa\u00f1ola de suplementaci\u00f3n deportiva enfocada en producir solo productos con base cient\u00edfica y adem\u00e1s promover la investigaci\u00f3n cient\u00edfica mediante la publicaci\u00f3n de art\u00edculos sobre varios de sus productos en revistas cient\u00edficas de primer nivel. Se utilizan las mejores materias primas mezcladas en laboratorios punteros con las normas IFS (International Food Standard), con los mejores sabores y todo doping free. Crown Sport Nutrition es la primera empresa espa\u00f1ola en obtener la certificaci\u00f3n antidoping internacional por Informed Sport.","email":"info@crownsportnutrition.com","telephone":"+34 613 000 417","legalName":"Crown Sport Nutrition"}]},"og_availability":"instock","product_availability":"instock","product_condition":"new"},"taxonomy_info":{"product_cat":[{"value":114,"label":"Cycling"},{"value":242,"label":"During"},{"value":171,"label":"HYDRATION &amp; ENERGY"},{"value":281,"label":"HYPER(1:0,8) LINE"},{"value":191,"label":"OFFERS &amp; BUNDLES"},{"value":115,"label":"Running"},{"value":176,"label":"SHOP"},{"value":116,"label":"Trail Running"},{"value":113,"label":"Triathlon"}]},"featured_image_src_large":["https:\/\/crownsportnutrition.com\/wp-content\/uploads\/2025\/03\/marat-1024x1024.jpg",1024,1024,true],"author_info":[],"comment_info":"","_links":{"self":[{"href":"https:\/\/crownsportnutrition.com\/en\/wp-json\/wp\/v2\/product\/146538","targetHints":{"allow":["GET"]}}],"collection":[{"href":"https:\/\/crownsportnutrition.com\/en\/wp-json\/wp\/v2\/product"}],"about":[{"href":"https:\/\/crownsportnutrition.com\/en\/wp-json\/wp\/v2\/types\/product"}],"wp:featuredmedia":[{"embeddable":true,"href":"https:\/\/crownsportnutrition.com\/en\/wp-json\/wp\/v2\/media\/218637"}],"wp:attachment":[{"href":"https:\/\/crownsportnutrition.com\/en\/wp-json\/wp\/v2\/media?parent=146538"}],"wp:term":[{"taxonomy":"product_brand","embeddable":true,"href":"https:\/\/crownsportnutrition.com\/en\/wp-json\/wp\/v2\/product_brand?post=146538"},{"taxonomy":"product_cat","embeddable":true,"href":"https:\/\/crownsportnutrition.com\/en\/wp-json\/wp\/v2\/product_cat?post=146538"},{"taxonomy":"product_tag","embeddable":true,"href":"https:\/\/crownsportnutrition.com\/en\/wp-json\/wp\/v2\/product_tag?post=146538"}],"curies":[{"name":"wp","href":"https:\/\/api.w.org\/{rel}","templated":true}]}}