{"id":149880,"date":"2023-11-20T09:35:32","date_gmt":"2023-11-20T08:35:32","guid":{"rendered":"https:\/\/crownsportnutrition.com\/?post_type=product&#038;p=149880"},"modified":"2026-04-03T21:01:01","modified_gmt":"2026-04-03T19:01:01","slug":"pack-gym-tester","status":"publish","type":"product","link":"https:\/\/crownsportnutrition.com\/en\/producto\/pack-gym-tester\/","title":{"rendered":"PACK Gym Tester"},"content":{"rendered":"<h4>WHY CROWN SPORT NUTRITION? (41 SEC)?<\/h4>\n<div>\n<div class=\"entry-content-asset videofit\"><iframe loading=\"lazy\" title=\"Crown Sport Nutrition - High Performance Specialists\" width=\"720\" height=\"405\" src=\"https:\/\/www.youtube.com\/embed\/SvA4rFEtFk4?feature=oembed&#038;enablejsapi=1&#038;origin=https:\/\/crownsportnutrition.com\" frameborder=\"0\" allow=\"accelerometer; autoplay; clipboard-write; encrypted-media; gyroscope; picture-in-picture; web-share\" referrerpolicy=\"strict-origin-when-cross-origin\" allowfullscreen><\/iframe><\/div>\n<\/div>\n<p>&nbsp;<\/p>\n<p>Discover your training potential with our innovative\u00a0<strong>Gym Tester Pack<\/strong>! Designed for the passionate gym enthusiast, this comprehensive set gives you the opportunity to explore and maximize your performance in every session.<\/p>\n<p>We also include as a gift one of our\u00a0<strong>Shaker PRO 600 ml<\/strong>.Experience excellence with the\u00a0<strong>Gym Tester Pack<\/strong>\u00a0and take your training to the next level &#8211; get ready to test, exceed and conquer your goals!<\/p>\n<p><strong>Our pack is made up of:<\/strong><\/p>\n<ul>\n<li>1\u00a0<strong><a href=\"https:\/\/crownsportnutrition.com\/producto\/shaker-alta-calidad-indicado-para-el-recovery-proteinas-etc\/\">Shaker PRO<\/a><\/strong>\u00a0of 500 ml to mix your protein or recovery shaker.<\/li>\n<li>2\u00a0<strong><a href=\"https:\/\/crownsportnutrition.com\/producto\/pre-workout-pro-st\/\">Pre Workout PRO ST Sachets<\/a> (1x Citrus, 1x Blue Storm)<\/strong>: It is a concentrated pre-workout powder of the highest quality with a perfectly balanced composition and scientifically proven by the University of Greenwich that provides all the nutrients needed to boost your workouts and competitions both strength and endurance.<\/li>\n<li><strong>3 Sachets of <a href=\"https:\/\/crownsportnutrition.com\/producto\/creatine-monohydrate\/\">Creatine Monohydrate Creapure<\/a><\/strong>: It is creatine monohydrate which is scientifically proven to be the most effective of the existing creatines. The Creapure brand created by AlzChem Trostberg GmbH is established as the best and purest.<\/li>\n<li><strong>6 Sachets of <a href=\"https:\/\/crownsportnutrition.com\/product\/whey-protein\/\">Whey Protein<\/a> (2 x Chocolate, 2 x Strawberry, 2 Wafer Cookies)<\/strong>: Our protein is pure whey protein concentrate obtained by ultra-microfiltration through membranes, this protein is characterized by its high solubility even at acid pH, so it is digested quickly and without giving digestive problems, quickly providing amino acids in blood (hyperaminoacidemia) so that they can be used by muscle cells in their recovery processes, both post-workout and throughout the day.<\/li>\n<\/ul>\n<p>Summary of contents:<\/p>\n<ul>\n<li>1 x 500 ml PRO Shaker<\/li>\n<li>1 x 15g Pre Workout PRO ST Citrus sachet<\/li>\n<li>1 x 15g Pre Workout PRO ST Blue Storm sachet<\/li>\n<li>3 x 5g Creatine Monohydrate Creapure sachet<\/li>\n<li>2 x 28g Whey Protein Chocolate sachet<\/li>\n<li>2 x 26,5g Whey Protein Strawberry sachet<\/li>\n<li>2 x 27g Whey Protein Wafer Cookies sachet<\/li>\n<\/ul>\n<span class=\"kt-load-after-post\"><\/span>","protected":false},"excerpt":{"rendered":"<p>Discover your training potential with our innovative\u00a0<strong>Gym Tester Pack<\/strong>! Designed for the passionate gym enthusiast, this comprehensive set gives you the opportunity to explore and maximize your performance in every session.<\/p>\n<p>We also include as a gift one of our\u00a0<strong>Shaker PRO 500 ml<\/strong>.<\/p>\n","protected":false},"featured_media":149992,"template":"","meta":{"_kad_blocks_custom_css":"","_kad_blocks_head_custom_js":"","_kad_blocks_body_custom_js":"","_kad_blocks_footer_custom_js":"","_kadence_starter_templates_imported_post":false,"_kad_post_transparent":"default","_kad_post_title":"","_kad_post_layout":"default","_kad_post_sidebar_id":"","_kad_post_content_style":"default","_kad_post_vertical_padding":"default","_kad_post_feature":"","_kad_post_feature_position":"","_kad_post_header":false,"_kad_post_footer":false,"_kad_post_classname":""},"product_brand":[],"product_cat":[191,91],"product_tag":[157,156,285,286,159,287],"class_list":{"0":"post-149880","1":"product","2":"type-product","3":"status-publish","4":"has-post-thumbnail","6":"product_cat-crown-packs","7":"product_cat-principales","8":"product_tag-barrita","9":"product_tag-barritas","10":"product_tag-creatina","11":"product_tag-raw","12":"product_tag-sobre","13":"product_tag-whey","15":"first","16":"outofstock","17":"sale","18":"sold-individually","19":"taxable","20":"shipping-taxable","21":"purchasable","22":"product-type-simple","23":"entry","24":"content-bg","25":"loop-entry"},"yoast_head":"<!-- This site is optimized with the Yoast SEO Premium plugin v27.2 (Yoast SEO v27.2) - https:\/\/yoast.com\/product\/yoast-seo-premium-wordpress\/ -->\n<title>PACK Gym Tester - Crown Sport Nutrition, sports supplementation<\/title>\n<meta name=\"description\" content=\"Discover your training potential with our innovative\u00a0Gym Tester Pack! Designed for the passionate gym enthusiast, this comprehensive set gives you the opportunity to explore and maximize your performance in every session.  We also include as a gift one of our\u00a0Shaker PRO 500 ml.\" \/>\n<meta name=\"robots\" content=\"index, follow, max-snippet:-1, max-image-preview:large, max-video-preview:-1\" \/>\n<link rel=\"canonical\" href=\"https:\/\/crownsportnutrition.com\/en\/producto\/pack-gym-tester\/\" \/>\n<meta property=\"og:locale\" content=\"en_US\" \/>\n<meta property=\"og:type\" content=\"article\" \/>\n<meta property=\"og:title\" content=\"PACK Gym Tester\" \/>\n<meta property=\"og:description\" content=\"Discover your training potential with our innovative\u00a0Gym Tester Pack! Designed for the passionate gym enthusiast, this comprehensive set gives you the opportunity to explore and maximize your performance in every session.  We also include as a gift one of our\u00a0Shaker PRO 500 ml.\" \/>\n<meta property=\"og:url\" content=\"https:\/\/crownsportnutrition.com\/en\/producto\/pack-gym-tester\/\" \/>\n<meta property=\"og:site_name\" content=\"Crown Sport Nutrition, sports supplementation\" \/>\n<meta property=\"article:publisher\" content=\"https:\/\/www.facebook.com\/crownsportnutrition\" \/>\n<meta property=\"article:modified_time\" content=\"2026-04-03T19:01:01+00:00\" \/>\n<meta property=\"og:image\" content=\"https:\/\/crownsportnutrition.com\/wp-content\/uploads\/2023\/11\/PACKGYM.jpg\" \/>\n\t<meta property=\"og:image:width\" content=\"1500\" \/>\n\t<meta property=\"og:image:height\" content=\"1500\" \/>\n\t<meta property=\"og:image:type\" content=\"image\/jpeg\" \/>\n<meta name=\"twitter:card\" content=\"summary_large_image\" \/>\n<meta name=\"twitter:site\" content=\"@crownsportnutri\" \/>\n<meta name=\"twitter:label1\" content=\"Price\" \/>\n\t<meta name=\"twitter:data1\" content=\"22,73&euro;\" \/>\n\t<meta name=\"twitter:label2\" content=\"Availability\" \/>\n\t<meta name=\"twitter:data2\" content=\"Out of stock\" \/>\n<script type=\"application\/ld+json\" class=\"yoast-schema-graph\">{\"@context\":\"https:\/\/schema.org\",\"@graph\":[{\"@type\":\"WebPage\",\"@id\":\"https:\/\/crownsportnutrition.com\/en\/producto\/pack-gym-tester\/\",\"url\":\"https:\/\/crownsportnutrition.com\/en\/producto\/pack-gym-tester\/\",\"name\":\"PACK Gym Tester - Crown Sport Nutrition, sports supplementation\",\"isPartOf\":{\"@id\":\"https:\/\/crownsportnutrition.com\/en\/#website\"},\"primaryImageOfPage\":{\"@id\":\"https:\/\/crownsportnutrition.com\/en\/producto\/pack-gym-tester\/#primaryimage\"},\"image\":{\"@id\":\"https:\/\/crownsportnutrition.com\/en\/producto\/pack-gym-tester\/#primaryimage\"},\"thumbnailUrl\":\"https:\/\/crownsportnutrition.com\/wp-content\/uploads\/2023\/11\/PACKGYM.jpg\",\"datePublished\":\"2023-11-20T08:35:32+00:00\",\"dateModified\":\"2026-04-03T19:01:01+00:00\",\"description\":\"Discover your training potential with our innovative\u00a0Gym Tester Pack! Designed for the passionate gym enthusiast, this comprehensive set gives you the opportunity to explore and maximize your performance in every session. We also include as a gift one of our\u00a0Shaker PRO 500 ml.\",\"breadcrumb\":{\"@id\":\"https:\/\/crownsportnutrition.com\/en\/producto\/pack-gym-tester\/#breadcrumb\"},\"inLanguage\":\"en-US\",\"potentialAction\":[{\"@type\":\"ReadAction\",\"target\":[\"https:\/\/crownsportnutrition.com\/en\/producto\/pack-gym-tester\/\"]}]},{\"@type\":\"ImageObject\",\"inLanguage\":\"en-US\",\"@id\":\"https:\/\/crownsportnutrition.com\/en\/producto\/pack-gym-tester\/#primaryimage\",\"url\":\"https:\/\/crownsportnutrition.com\/wp-content\/uploads\/2023\/11\/PACKGYM.jpg\",\"contentUrl\":\"https:\/\/crownsportnutrition.com\/wp-content\/uploads\/2023\/11\/PACKGYM.jpg\",\"width\":1500,\"height\":1500},{\"@type\":\"BreadcrumbList\",\"@id\":\"https:\/\/crownsportnutrition.com\/en\/producto\/pack-gym-tester\/#breadcrumb\",\"itemListElement\":[{\"@type\":\"ListItem\",\"position\":1,\"name\":\"Portada\",\"item\":\"https:\/\/crownsportnutrition.com\/en\/\"},{\"@type\":\"ListItem\",\"position\":2,\"name\":\"CROWN SHOP\",\"item\":\"https:\/\/crownsportnutrition.com\/tienda\/\"},{\"@type\":\"ListItem\",\"position\":3,\"name\":\"PACK Gym Tester\"}]},{\"@type\":\"WebSite\",\"@id\":\"https:\/\/crownsportnutrition.com\/en\/#website\",\"url\":\"https:\/\/crownsportnutrition.com\/en\/\",\"name\":\"Crown Sport Nutrition, suplementaci\u00f3n deportiva\",\"description\":\"proteinas, recuperadores, gel energetico, barritas, bebida isotonica,[:en]Otro sitio realizado con WordPress\",\"publisher\":{\"@id\":\"https:\/\/crownsportnutrition.com\/en\/#organization\"},\"potentialAction\":[{\"@type\":\"SearchAction\",\"target\":{\"@type\":\"EntryPoint\",\"urlTemplate\":\"https:\/\/crownsportnutrition.com\/en\/?s={search_term_string}\"},\"query-input\":{\"@type\":\"PropertyValueSpecification\",\"valueRequired\":true,\"valueName\":\"search_term_string\"}}],\"inLanguage\":\"en-US\"},{\"@type\":\"Organization\",\"@id\":\"https:\/\/crownsportnutrition.com\/en\/#organization\",\"name\":\"Crown Sport Nutrition, sports supplementation\",\"alternateName\":\"Crown Sport Nutrition\",\"url\":\"https:\/\/crownsportnutrition.com\/en\/\",\"logo\":{\"@type\":\"ImageObject\",\"inLanguage\":\"en-US\",\"@id\":\"https:\/\/crownsportnutrition.com\/en\/#\/schema\/logo\/image\/\",\"url\":\"https:\/\/crownsportnutrition.com\/wp-content\/uploads\/2022\/06\/logo-CROWN-SPORT-NUTRITION1-1.png\",\"contentUrl\":\"https:\/\/crownsportnutrition.com\/wp-content\/uploads\/2022\/06\/logo-CROWN-SPORT-NUTRITION1-1.png\",\"width\":150,\"height\":58,\"caption\":\"Crown Sport Nutrition, sports supplementation\"},\"image\":{\"@id\":\"https:\/\/crownsportnutrition.com\/en\/#\/schema\/logo\/image\/\"},\"sameAs\":[\"https:\/\/www.facebook.com\/crownsportnutrition\",\"https:\/\/x.com\/crownsportnutri\",\"https:\/\/www.instagram.com\/crownsportnutrition\/\",\"https:\/\/www.linkedin.com\/company\/crownsportnutrition\"],\"description\":\"Crown Sport Nutrition es una marca espa\u00f1ola de suplementaci\u00f3n deportiva enfocada en producir solo productos con base cient\u00edfica y adem\u00e1s promover la investigaci\u00f3n cient\u00edfica mediante la publicaci\u00f3n de art\u00edculos sobre varios de sus productos en revistas cient\u00edficas de primer nivel. Se utilizan las mejores materias primas mezcladas en laboratorios punteros con las normas IFS (International Food Standard), con los mejores sabores y todo doping free. Crown Sport Nutrition es la primera empresa espa\u00f1ola en obtener la certificaci\u00f3n antidoping internacional por Informed Sport.\",\"email\":\"info@crownsportnutrition.com\",\"telephone\":\"+34 613 000 417\",\"legalName\":\"Crown Sport Nutrition\"}]}<\/script>\n<meta property=\"product:price:amount\" content=\"22.73\" \/>\n<meta property=\"product:price:currency\" content=\"EUR\" \/>\n<meta property=\"og:availability\" content=\"out of stock\" \/>\n<meta property=\"product:availability\" content=\"out of stock\" \/>\n<meta property=\"product:retailer_item_id\" content=\"PACKGYM\" \/>\n<meta property=\"product:condition\" content=\"new\" \/>\n<!-- \/ Yoast SEO Premium plugin. -->","yoast_head_json":{"title":"PACK Gym Tester - Crown Sport Nutrition, sports supplementation","description":"Discover your training potential with our innovative\u00a0Gym Tester Pack! Designed for the passionate gym enthusiast, this comprehensive set gives you the opportunity to explore and maximize your performance in every session.  We also include as a gift one of our\u00a0Shaker PRO 500 ml.","robots":{"index":"index","follow":"follow","max-snippet":"max-snippet:-1","max-image-preview":"max-image-preview:large","max-video-preview":"max-video-preview:-1"},"canonical":"https:\/\/crownsportnutrition.com\/en\/producto\/pack-gym-tester\/","og_locale":"en_US","og_type":"article","og_title":"PACK Gym Tester","og_description":"Discover your training potential with our innovative\u00a0Gym Tester Pack! Designed for the passionate gym enthusiast, this comprehensive set gives you the opportunity to explore and maximize your performance in every session.  We also include as a gift one of our\u00a0Shaker PRO 500 ml.","og_url":"https:\/\/crownsportnutrition.com\/en\/producto\/pack-gym-tester\/","og_site_name":"Crown Sport Nutrition, sports supplementation","article_publisher":"https:\/\/www.facebook.com\/crownsportnutrition","article_modified_time":"2026-04-03T19:01:01+00:00","og_image":[{"width":1500,"height":1500,"url":"https:\/\/crownsportnutrition.com\/wp-content\/uploads\/2023\/11\/PACKGYM.jpg","type":"image\/jpeg"}],"twitter_card":"summary_large_image","twitter_site":"@crownsportnutri","twitter_misc":{"Price":"22,73&euro;","Availability":"Out of stock"},"schema":{"@context":"https:\/\/schema.org","@graph":[{"@type":"WebPage","@id":"https:\/\/crownsportnutrition.com\/en\/producto\/pack-gym-tester\/","url":"https:\/\/crownsportnutrition.com\/en\/producto\/pack-gym-tester\/","name":"PACK Gym Tester - Crown Sport Nutrition, sports supplementation","isPartOf":{"@id":"https:\/\/crownsportnutrition.com\/en\/#website"},"primaryImageOfPage":{"@id":"https:\/\/crownsportnutrition.com\/en\/producto\/pack-gym-tester\/#primaryimage"},"image":{"@id":"https:\/\/crownsportnutrition.com\/en\/producto\/pack-gym-tester\/#primaryimage"},"thumbnailUrl":"https:\/\/crownsportnutrition.com\/wp-content\/uploads\/2023\/11\/PACKGYM.jpg","datePublished":"2023-11-20T08:35:32+00:00","dateModified":"2026-04-03T19:01:01+00:00","description":"Discover your training potential with our innovative\u00a0Gym Tester Pack! Designed for the passionate gym enthusiast, this comprehensive set gives you the opportunity to explore and maximize your performance in every session. We also include as a gift one of our\u00a0Shaker PRO 500 ml.","breadcrumb":{"@id":"https:\/\/crownsportnutrition.com\/en\/producto\/pack-gym-tester\/#breadcrumb"},"inLanguage":"en-US","potentialAction":[{"@type":"ReadAction","target":["https:\/\/crownsportnutrition.com\/en\/producto\/pack-gym-tester\/"]}]},{"@type":"ImageObject","inLanguage":"en-US","@id":"https:\/\/crownsportnutrition.com\/en\/producto\/pack-gym-tester\/#primaryimage","url":"https:\/\/crownsportnutrition.com\/wp-content\/uploads\/2023\/11\/PACKGYM.jpg","contentUrl":"https:\/\/crownsportnutrition.com\/wp-content\/uploads\/2023\/11\/PACKGYM.jpg","width":1500,"height":1500},{"@type":"BreadcrumbList","@id":"https:\/\/crownsportnutrition.com\/en\/producto\/pack-gym-tester\/#breadcrumb","itemListElement":[{"@type":"ListItem","position":1,"name":"Portada","item":"https:\/\/crownsportnutrition.com\/en\/"},{"@type":"ListItem","position":2,"name":"CROWN SHOP","item":"https:\/\/crownsportnutrition.com\/tienda\/"},{"@type":"ListItem","position":3,"name":"PACK Gym Tester"}]},{"@type":"WebSite","@id":"https:\/\/crownsportnutrition.com\/en\/#website","url":"https:\/\/crownsportnutrition.com\/en\/","name":"Crown Sport Nutrition, suplementaci\u00f3n deportiva","description":"proteinas, recuperadores, gel energetico, barritas, bebida isotonica,[:en]Otro sitio realizado con WordPress","publisher":{"@id":"https:\/\/crownsportnutrition.com\/en\/#organization"},"potentialAction":[{"@type":"SearchAction","target":{"@type":"EntryPoint","urlTemplate":"https:\/\/crownsportnutrition.com\/en\/?s={search_term_string}"},"query-input":{"@type":"PropertyValueSpecification","valueRequired":true,"valueName":"search_term_string"}}],"inLanguage":"en-US"},{"@type":"Organization","@id":"https:\/\/crownsportnutrition.com\/en\/#organization","name":"Crown Sport Nutrition, sports supplementation","alternateName":"Crown Sport Nutrition","url":"https:\/\/crownsportnutrition.com\/en\/","logo":{"@type":"ImageObject","inLanguage":"en-US","@id":"https:\/\/crownsportnutrition.com\/en\/#\/schema\/logo\/image\/","url":"https:\/\/crownsportnutrition.com\/wp-content\/uploads\/2022\/06\/logo-CROWN-SPORT-NUTRITION1-1.png","contentUrl":"https:\/\/crownsportnutrition.com\/wp-content\/uploads\/2022\/06\/logo-CROWN-SPORT-NUTRITION1-1.png","width":150,"height":58,"caption":"Crown Sport Nutrition, sports supplementation"},"image":{"@id":"https:\/\/crownsportnutrition.com\/en\/#\/schema\/logo\/image\/"},"sameAs":["https:\/\/www.facebook.com\/crownsportnutrition","https:\/\/x.com\/crownsportnutri","https:\/\/www.instagram.com\/crownsportnutrition\/","https:\/\/www.linkedin.com\/company\/crownsportnutrition"],"description":"Crown Sport Nutrition es una marca espa\u00f1ola de suplementaci\u00f3n deportiva enfocada en producir solo productos con base cient\u00edfica y adem\u00e1s promover la investigaci\u00f3n cient\u00edfica mediante la publicaci\u00f3n de art\u00edculos sobre varios de sus productos en revistas cient\u00edficas de primer nivel. Se utilizan las mejores materias primas mezcladas en laboratorios punteros con las normas IFS (International Food Standard), con los mejores sabores y todo doping free. Crown Sport Nutrition es la primera empresa espa\u00f1ola en obtener la certificaci\u00f3n antidoping internacional por Informed Sport.","email":"info@crownsportnutrition.com","telephone":"+34 613 000 417","legalName":"Crown Sport Nutrition"}]},"product_price_amount":"22.73","product_price_currency":"EUR","og_availability":"out of stock","product_availability":"out of stock","product_retailer_item_id":"PACKGYM","product_condition":"new"},"taxonomy_info":{"product_cat":[{"value":191,"label":"OFFERS &amp; BUNDLES"},{"value":91,"label":"YOUR SPORT"}],"product_tag":[{"value":157,"label":"barrita"},{"value":156,"label":"barritas"},{"value":285,"label":"creatina"},{"value":286,"label":"raw"},{"value":159,"label":"sobre"},{"value":287,"label":"whey"}]},"featured_image_src_large":["https:\/\/crownsportnutrition.com\/wp-content\/uploads\/2023\/11\/PACKGYM-1024x1024.jpg",1024,1024,true],"author_info":[],"comment_info":"","_links":{"self":[{"href":"https:\/\/crownsportnutrition.com\/en\/wp-json\/wp\/v2\/product\/149880","targetHints":{"allow":["GET"]}}],"collection":[{"href":"https:\/\/crownsportnutrition.com\/en\/wp-json\/wp\/v2\/product"}],"about":[{"href":"https:\/\/crownsportnutrition.com\/en\/wp-json\/wp\/v2\/types\/product"}],"wp:featuredmedia":[{"embeddable":true,"href":"https:\/\/crownsportnutrition.com\/en\/wp-json\/wp\/v2\/media\/149992"}],"wp:attachment":[{"href":"https:\/\/crownsportnutrition.com\/en\/wp-json\/wp\/v2\/media?parent=149880"}],"wp:term":[{"taxonomy":"product_brand","embeddable":true,"href":"https:\/\/crownsportnutrition.com\/en\/wp-json\/wp\/v2\/product_brand?post=149880"},{"taxonomy":"product_cat","embeddable":true,"href":"https:\/\/crownsportnutrition.com\/en\/wp-json\/wp\/v2\/product_cat?post=149880"},{"taxonomy":"product_tag","embeddable":true,"href":"https:\/\/crownsportnutrition.com\/en\/wp-json\/wp\/v2\/product_tag?post=149880"}],"curies":[{"name":"wp","href":"https:\/\/api.w.org\/{rel}","templated":true}]}}