{"id":187594,"date":"2024-11-18T13:05:38","date_gmt":"2024-11-18T12:05:38","guid":{"rendered":"https:\/\/crownsportnutrition.com\/?post_type=product&#038;p=187594"},"modified":"2026-05-14T10:00:56","modified_gmt":"2026-05-14T08:00:56","slug":"vit-d3-spray-4000-iu-raw-sin-edulcorantes","status":"publish","type":"product","link":"https:\/\/crownsportnutrition.com\/en\/producto\/vit-d3-spray-4000-iu-raw-sin-edulcorantes\/","title":{"rendered":"Vit D3 Spray 4000 IU RAW (no sweeteners)"},"content":{"rendered":"<picture><source srcset=\"https:\/\/media.crownsportnutrition.com\/img\/informed-banners\/335.avif\" type=\"image\/avif\"><source srcset=\"https:\/\/media.crownsportnutrition.com\/img\/informed-banners\/335.webp\" type=\"image\/webp\"><img decoding=\"async\" src=\"https:\/\/media.crownsportnutrition.com\/img\/informed-banners\/335.jpg\" alt=\"Informed Sport anti-doping certification\"><\/picture>\n<h3>Highly concentrated and bioavailable Vitamin D Spray<\/h3>\n<ul>\n<li>High Vit. D concentration: 2000 IU\/spray<\/li>\n<li>High Vit. D concentration: 50 \u00b5g (1,000% NRV)\/spray<\/li>\n<li>Oral spray format for easy dosing<\/li>\n<li>Greater absorption and bioavailability than conventional formats<\/li>\n<li><strong>Informed-Sport anti-doping certified<\/strong><\/li>\n<li>Sweetener-free, Allergen-free and Suitable for Vegetarians<\/li>\n<\/ul>\n<h6><strong>Vitamin D3 Spray 4,000 IU<\/strong><\/h6>\n<p>is a novel oral spray based on highly concentrated vitamin D3, easy to dose and, most importantly, highly bioavailable as it requires no prior digestion and is absorbed directly in the mouth. Providing 50 \u00b5g per spray, i.e. 1,000% of the NRV or 2,000 IU (International Units). It contains no sweeteners or unnecessary excipients or additives, giving it high purity and concentration. It is also 100% allergen-free and suitable for vegetarians.<\/p>\n<p>Vitamin D or Calciferol is a fat-soluble vitamin, meaning it dissolves in fats, so its intake is recommended with fatty foods. Naturally, it is found as vitamin D3 (cholecalciferol) in fatty animal-based foods such as oily fish like salmon, mackerel, etc., egg yolk, whole milk and its derivatives (not skimmed), etc. Also in plant-based foods (to a lesser extent) as vitamin D2 (ergocalciferol), such as avocado, wild mushrooms, nuts and some seeds like sesame. It is well known that the main and perhaps most important source is the vitamin D3 we synthesize through sunlight exposure. It is worth noting that both D2 and D3 are inactive forms that must be activated after ingestion to function (only about 50% of ingested is absorbed). On the other hand, the one synthesized in the skin via UVB radiation acting on 7-dehydrocholesterol in the dermis directly produces a pre-vitamin D3.<\/p>\n<h6><strong>General functions<\/strong><\/h6>\n<p>Vitamin D is so important that the scientific community is currently debating whether to classify it more as a hormone than a vitamin. This is due to its extensive and critical functionality (as we&#8217;ll see) and the presence of specific receptors for this vitamin in various tissues, including muscle. It plays a role in bone growth and mineralization, muscle function and sarcopenia, immune system support, nervous system and neurodegeneration, and helps prevent chronic diseases such as inflammatory disorders (e.g., autoimmune diseases), cancer, cardiovascular diseases, etc. So much so that major organizations such as EFSA (European Food Safety Authority) have recognized significant benefits since 2012: vitamin D contributes to the normal function of the immune system, cell division, calcium and phosphorus absorption and utilization, normal blood calcium levels, maintenance of normal bones and teeth, and normal muscle function.<\/p>\n<h6><strong>Benefits for athletes<\/strong><\/h6>\n<p>All these functions are important for athletes too, but the most relevant are those related to muscle function and calcium-phosphorus metabolism. Calcium is directly involved in muscle contraction\u2014a key factor in sports performance\u2014so indirectly, vitamin D may be crucial for improving performance or training quality. Regarding strength and hypertrophy, especially in older adults, it may increase both the number and size of type II fibers (fast-twitch), which are most sensitive to hypertrophy and key in preventing sarcopenia. It also seems to increase hormones related to this process, such as IGF-1 and testosterone (Lerchbaum, E. et al., JCEM. 2017). Although consensus is not definitive, vitamin D appears important in adaptation to intense exercise and muscle recovery (Dzik, K.P. et al., EJAP. 2019). It may also enhance amino acid and protein sensitivity, improving protein synthesis processes (Pfeifer, M. et al., OI. 2002). When vitamin D binds to its receptor in muscle cells, genes are activated that regulate satellite cells involved in muscle regeneration. It also seems to improve contractile protein synthesis (actin and myosin) and indirectly inhibit myostatin. Lastly, it may enhance mitochondrial function and have anti-inflammatory and antioxidant actions.<\/p>\n<p>Its direct efficacy as an ergogenic aid is not proven, but having low vitamin D levels clearly impairs performance (Montenegro, K.R. et al., NRR. 2019).<\/p>\n<h6><strong>Risks, Deficiency and Why Supplement?<\/strong><\/h6>\n<p>Deficiency can cause serious health issues, including the well-known rickets or bone demineralization. Cognitively, it may lead to deterioration, depression or suicidal thoughts. Muscle-related issues\u2014which matter most to athletes\u2014include muscle weakness, potentially leading to sarcopenia and contractile problems that increase injury risk (Maroon, J.C. et al., AJSM. 2015). Deficient athletes are also more susceptible to illness (Halliday, T.M. et al., MSSE. 2011), such as respiratory infections, confirmed by meta-analysis (Martineau, A.R. BMJ. 2017).<\/p>\n<p>Although it shouldn\u2019t be the case, there is currently a \u201cglobal pandemic\u201d of vitamin D deficiency, mainly due to spending too much time indoors, unbalanced diets, excessive sunscreen use and\/or limited sun exposure. About 88% of the world\u2019s population is estimated to be deficient, including athletes\u2014especially those in indoor sports.<\/p>\n<p>While a balanced diet should suffice, as discussed, this often isn\u2019t enough, so supplementation is the fastest, easiest and most effective way to raise overall vitamin D levels. A simple blood test can determine if supplementation is needed.<\/p>\n<h6><strong>Why Spray?<\/strong><\/h6>\n<p>There are many pharmaceutical forms for supplementation, such as capsules or softgels. The main differences are the quantity provided and bioavailability. The oral spray format stands out due to its easy dosing by spraying directly into the mouth, allowing a super-concentrated product. Its bioavailability is also maximal, as it bypasses stomach digestion and is absorbed immediately into the bloodstream via microdroplets that penetrate the buccal mucosa capillaries. This results in high absorption and efficacy compared to other formats (higher plasma concentration vs softgels after 30 days) (Satia, M.C. et al., NJ. 2015).<\/p>\n<p>And don\u2019t forget that <strong>Vit. D3 Spray 4,000 IU<\/strong> is 100% safe, holding <strong>anti-doping certification<\/strong> by <strong>Informed-Sport<\/strong>.<\/p>\n<span class=\"kt-load-after-post\"><\/span>","protected":false},"excerpt":{"rendered":"<p>Innovative oral spray with a high concentration of highly assimilable vitamin D3 that ensures direct absorption in the mouth without the need for digestion. Each bottle has 250 sprays that provide 50 \u00b5g (2,000 IU). Without sweeteners, 100% allergen free and suitable for vegetarians. Banned substance tested by Informed Sport.<\/p>\n<p>Free shipping.<\/p>\n","protected":false},"featured_media":187704,"template":"","meta":{"_kad_blocks_custom_css":"","_kad_blocks_head_custom_js":"","_kad_blocks_body_custom_js":"","_kad_blocks_footer_custom_js":"","_kadence_starter_templates_imported_post":false,"_kad_post_transparent":"default","_kad_post_title":"","_kad_post_layout":"default","_kad_post_sidebar_id":"","_kad_post_content_style":"default","_kad_post_vertical_padding":"default","_kad_post_feature":"","_kad_post_feature_position":"","_kad_post_header":false,"_kad_post_footer":false,"_kad_post_classname":""},"product_brand":[],"product_cat":[794,282,188,222,223,121,117,114,291,292,118,120,119,115,116,113],"product_tag":[],"class_list":{"0":"post-187594","1":"product","2":"type-product","3":"status-publish","4":"has-post-thumbnail","6":"product_cat-informed-sport-banned-substance-tested","7":"product_cat-salud","8":"product_cat-vegan-pro-line-2","9":"product_cat-sin-gluten","10":"product_cat-sin-lactosa","11":"product_cat-artes-marciales","12":"product_cat-crossfit","13":"product_cat-ciclismo","14":"product_cat-balonmano","15":"product_cat-natacion","16":"product_cat-futbol","17":"product_cat-gimnasio","18":"product_cat-tenis","19":"product_cat-running","20":"product_cat-trail-running","21":"product_cat-triatlon","23":"first","24":"instock","25":"taxable","26":"shipping-taxable","27":"purchasable","28":"product-type-simple","29":"entry","30":"content-bg","31":"loop-entry"},"yoast_head":"<!-- This site is optimized with the Yoast SEO Premium plugin v27.6 (Yoast SEO v27.6) - https:\/\/yoast.com\/product\/yoast-seo-premium-wordpress\/ -->\n<title>Vitamina D para deportistas<\/title>\n<meta name=\"description\" content=\"Potencia tu rendimiento deportivo con la vitamina D en formato spray asimilables y puras. \u00a1El complemento perfecto para deportistas exigentes! \ud83d\udcaa\" \/>\n<meta name=\"robots\" content=\"index, follow, max-snippet:-1, max-image-preview:large, max-video-preview:-1\" \/>\n<link rel=\"canonical\" href=\"https:\/\/crownsportnutrition.com\/en\/producto\/vit-d3-spray-4000-iu-raw-sin-edulcorantes\/\" \/>\n<meta property=\"og:locale\" content=\"en_US\" \/>\n<meta property=\"og:type\" content=\"article\" \/>\n<meta property=\"og:title\" content=\"Vit D3 Spray 4000 IU RAW (no sweeteners)\" \/>\n<meta property=\"og:description\" content=\"Potencia tu rendimiento deportivo con la vitamina D en formato spray asimilables y puras. \u00a1El complemento perfecto para deportistas exigentes! \ud83d\udcaa\" \/>\n<meta property=\"og:url\" content=\"https:\/\/crownsportnutrition.com\/en\/producto\/vit-d3-spray-4000-iu-raw-sin-edulcorantes\/\" \/>\n<meta property=\"og:site_name\" content=\"Crown Sport Nutrition, sports supplementation\" \/>\n<meta property=\"article:publisher\" content=\"https:\/\/www.facebook.com\/crownsportnutrition\" \/>\n<meta property=\"article:modified_time\" content=\"2026-05-14T08:00:56+00:00\" \/>\n<meta property=\"og:image\" content=\"https:\/\/crownsportnutrition.com\/wp-content\/uploads\/2024\/11\/1-8437022689265.jpg\" \/>\n\t<meta property=\"og:image:width\" content=\"1500\" \/>\n\t<meta property=\"og:image:height\" content=\"1500\" \/>\n\t<meta property=\"og:image:type\" content=\"image\/jpeg\" \/>\n<meta name=\"twitter:card\" content=\"summary_large_image\" \/>\n<meta name=\"twitter:site\" content=\"@crownsportnutri\" \/>\n<meta name=\"twitter:label1\" content=\"Price\" \/>\n\t<meta name=\"twitter:data1\" content=\"27,23&euro;\" \/>\n\t<meta name=\"twitter:label2\" content=\"Availability\" \/>\n\t<meta name=\"twitter:data2\" content=\"In stock\" \/>\n<script type=\"application\/ld+json\" class=\"yoast-schema-graph\">{\"@context\":\"https:\\\/\\\/schema.org\",\"@graph\":[{\"@type\":\"WebPage\",\"@id\":\"https:\\\/\\\/crownsportnutrition.com\\\/en\\\/producto\\\/vit-d3-spray-4000-iu-raw-sin-edulcorantes\\\/\",\"url\":\"https:\\\/\\\/crownsportnutrition.com\\\/en\\\/producto\\\/vit-d3-spray-4000-iu-raw-sin-edulcorantes\\\/\",\"name\":\"Vitamina D para deportistas\",\"isPartOf\":{\"@id\":\"https:\\\/\\\/crownsportnutrition.com\\\/en\\\/#website\"},\"primaryImageOfPage\":{\"@id\":\"https:\\\/\\\/crownsportnutrition.com\\\/en\\\/producto\\\/vit-d3-spray-4000-iu-raw-sin-edulcorantes\\\/#primaryimage\"},\"image\":{\"@id\":\"https:\\\/\\\/crownsportnutrition.com\\\/en\\\/producto\\\/vit-d3-spray-4000-iu-raw-sin-edulcorantes\\\/#primaryimage\"},\"thumbnailUrl\":\"https:\\\/\\\/crownsportnutrition.com\\\/wp-content\\\/uploads\\\/2024\\\/11\\\/1-8437022689265.jpg\",\"datePublished\":\"2024-11-18T12:05:38+00:00\",\"dateModified\":\"2026-05-14T08:00:56+00:00\",\"description\":\"Potencia tu rendimiento deportivo con la vitamina D en formato spray asimilables y puras. \u00a1El complemento perfecto para deportistas exigentes! \ud83d\udcaa\",\"breadcrumb\":{\"@id\":\"https:\\\/\\\/crownsportnutrition.com\\\/en\\\/producto\\\/vit-d3-spray-4000-iu-raw-sin-edulcorantes\\\/#breadcrumb\"},\"inLanguage\":\"en-US\",\"potentialAction\":[{\"@type\":\"ReadAction\",\"target\":[\"https:\\\/\\\/crownsportnutrition.com\\\/en\\\/producto\\\/vit-d3-spray-4000-iu-raw-sin-edulcorantes\\\/\"]}]},{\"@type\":\"ImageObject\",\"inLanguage\":\"en-US\",\"@id\":\"https:\\\/\\\/crownsportnutrition.com\\\/en\\\/producto\\\/vit-d3-spray-4000-iu-raw-sin-edulcorantes\\\/#primaryimage\",\"url\":\"https:\\\/\\\/crownsportnutrition.com\\\/wp-content\\\/uploads\\\/2024\\\/11\\\/1-8437022689265.jpg\",\"contentUrl\":\"https:\\\/\\\/crownsportnutrition.com\\\/wp-content\\\/uploads\\\/2024\\\/11\\\/1-8437022689265.jpg\",\"width\":1500,\"height\":1500,\"caption\":\"Vitamina D3 en Spray 4.000 IU\"},{\"@type\":\"BreadcrumbList\",\"@id\":\"https:\\\/\\\/crownsportnutrition.com\\\/en\\\/producto\\\/vit-d3-spray-4000-iu-raw-sin-edulcorantes\\\/#breadcrumb\",\"itemListElement\":[{\"@type\":\"ListItem\",\"position\":1,\"name\":\"Portada\",\"item\":\"https:\\\/\\\/crownsportnutrition.com\\\/en\\\/\"},{\"@type\":\"ListItem\",\"position\":2,\"name\":\"CROWN SHOP\",\"item\":\"https:\\\/\\\/crownsportnutrition.com\\\/tienda\\\/\"},{\"@type\":\"ListItem\",\"position\":3,\"name\":\"Vit D3 Spray 4000 IU RAW (no sweeteners)\"}]},{\"@type\":\"WebSite\",\"@id\":\"https:\\\/\\\/crownsportnutrition.com\\\/en\\\/#website\",\"url\":\"https:\\\/\\\/crownsportnutrition.com\\\/en\\\/\",\"name\":\"Crown Sport Nutrition, suplementaci\u00f3n deportiva\",\"description\":\"proteinas, recuperadores, gel energetico, barritas, bebida isotonica,[:en]Otro sitio realizado con WordPress\",\"publisher\":{\"@id\":\"https:\\\/\\\/crownsportnutrition.com\\\/en\\\/#organization\"},\"potentialAction\":[{\"@type\":\"SearchAction\",\"target\":{\"@type\":\"EntryPoint\",\"urlTemplate\":\"https:\\\/\\\/crownsportnutrition.com\\\/en\\\/?s={search_term_string}\"},\"query-input\":{\"@type\":\"PropertyValueSpecification\",\"valueRequired\":true,\"valueName\":\"search_term_string\"}}],\"inLanguage\":\"en-US\"},{\"@type\":\"Organization\",\"@id\":\"https:\\\/\\\/crownsportnutrition.com\\\/en\\\/#organization\",\"name\":\"Crown Sport Nutrition, sports supplementation\",\"alternateName\":\"Crown Sport Nutrition\",\"url\":\"https:\\\/\\\/crownsportnutrition.com\\\/en\\\/\",\"logo\":{\"@type\":\"ImageObject\",\"inLanguage\":\"en-US\",\"@id\":\"https:\\\/\\\/crownsportnutrition.com\\\/en\\\/#\\\/schema\\\/logo\\\/image\\\/\",\"url\":\"https:\\\/\\\/crownsportnutrition.com\\\/wp-content\\\/uploads\\\/2022\\\/06\\\/logo-CROWN-SPORT-NUTRITION1-1.png\",\"contentUrl\":\"https:\\\/\\\/crownsportnutrition.com\\\/wp-content\\\/uploads\\\/2022\\\/06\\\/logo-CROWN-SPORT-NUTRITION1-1.png\",\"width\":150,\"height\":58,\"caption\":\"Crown Sport Nutrition, sports supplementation\"},\"image\":{\"@id\":\"https:\\\/\\\/crownsportnutrition.com\\\/en\\\/#\\\/schema\\\/logo\\\/image\\\/\"},\"sameAs\":[\"https:\\\/\\\/www.facebook.com\\\/crownsportnutrition\",\"https:\\\/\\\/x.com\\\/crownsportnutri\",\"https:\\\/\\\/www.instagram.com\\\/crownsportnutrition\\\/\",\"https:\\\/\\\/www.linkedin.com\\\/company\\\/crownsportnutrition\"],\"description\":\"Crown Sport Nutrition es una marca espa\u00f1ola de suplementaci\u00f3n deportiva enfocada en producir solo productos con base cient\u00edfica y adem\u00e1s promover la investigaci\u00f3n cient\u00edfica mediante la publicaci\u00f3n de art\u00edculos sobre varios de sus productos en revistas cient\u00edficas de primer nivel. Se utilizan las mejores materias primas mezcladas en laboratorios punteros con las normas IFS (International Food Standard), con los mejores sabores y todo doping free. Crown Sport Nutrition es la primera empresa espa\u00f1ola en obtener la certificaci\u00f3n antidoping internacional por Informed Sport.\",\"email\":\"info@crownsportnutrition.com\",\"telephone\":\"+34 613 000 417\",\"legalName\":\"Crown Sport Nutrition\"}]}<\/script>\n<meta property=\"product:price:amount\" content=\"27.23\" \/>\n<meta property=\"product:price:currency\" content=\"EUR\" \/>\n<meta property=\"og:availability\" content=\"instock\" \/>\n<meta property=\"product:availability\" content=\"instock\" \/>\n<meta property=\"product:retailer_item_id\" content=\"335\" \/>\n<meta property=\"product:condition\" content=\"new\" \/>\n<!-- \/ Yoast SEO Premium plugin. -->","yoast_head_json":{"title":"Vitamina D para deportistas","description":"Potencia tu rendimiento deportivo con la vitamina D en formato spray asimilables y puras. \u00a1El complemento perfecto para deportistas exigentes! \ud83d\udcaa","robots":{"index":"index","follow":"follow","max-snippet":"max-snippet:-1","max-image-preview":"max-image-preview:large","max-video-preview":"max-video-preview:-1"},"canonical":"https:\/\/crownsportnutrition.com\/en\/producto\/vit-d3-spray-4000-iu-raw-sin-edulcorantes\/","og_locale":"en_US","og_type":"article","og_title":"Vit D3 Spray 4000 IU RAW (no sweeteners)","og_description":"Potencia tu rendimiento deportivo con la vitamina D en formato spray asimilables y puras. \u00a1El complemento perfecto para deportistas exigentes! \ud83d\udcaa","og_url":"https:\/\/crownsportnutrition.com\/en\/producto\/vit-d3-spray-4000-iu-raw-sin-edulcorantes\/","og_site_name":"Crown Sport Nutrition, sports supplementation","article_publisher":"https:\/\/www.facebook.com\/crownsportnutrition","article_modified_time":"2026-05-14T08:00:56+00:00","og_image":[{"width":1500,"height":1500,"url":"https:\/\/crownsportnutrition.com\/wp-content\/uploads\/2024\/11\/1-8437022689265.jpg","type":"image\/jpeg"}],"twitter_card":"summary_large_image","twitter_site":"@crownsportnutri","twitter_misc":{"Price":"27,23&euro;","Availability":"In stock"},"schema":{"@context":"https:\/\/schema.org","@graph":[{"@type":"WebPage","@id":"https:\/\/crownsportnutrition.com\/en\/producto\/vit-d3-spray-4000-iu-raw-sin-edulcorantes\/","url":"https:\/\/crownsportnutrition.com\/en\/producto\/vit-d3-spray-4000-iu-raw-sin-edulcorantes\/","name":"Vitamina D para deportistas","isPartOf":{"@id":"https:\/\/crownsportnutrition.com\/en\/#website"},"primaryImageOfPage":{"@id":"https:\/\/crownsportnutrition.com\/en\/producto\/vit-d3-spray-4000-iu-raw-sin-edulcorantes\/#primaryimage"},"image":{"@id":"https:\/\/crownsportnutrition.com\/en\/producto\/vit-d3-spray-4000-iu-raw-sin-edulcorantes\/#primaryimage"},"thumbnailUrl":"https:\/\/crownsportnutrition.com\/wp-content\/uploads\/2024\/11\/1-8437022689265.jpg","datePublished":"2024-11-18T12:05:38+00:00","dateModified":"2026-05-14T08:00:56+00:00","description":"Potencia tu rendimiento deportivo con la vitamina D en formato spray asimilables y puras. \u00a1El complemento perfecto para deportistas exigentes! \ud83d\udcaa","breadcrumb":{"@id":"https:\/\/crownsportnutrition.com\/en\/producto\/vit-d3-spray-4000-iu-raw-sin-edulcorantes\/#breadcrumb"},"inLanguage":"en-US","potentialAction":[{"@type":"ReadAction","target":["https:\/\/crownsportnutrition.com\/en\/producto\/vit-d3-spray-4000-iu-raw-sin-edulcorantes\/"]}]},{"@type":"ImageObject","inLanguage":"en-US","@id":"https:\/\/crownsportnutrition.com\/en\/producto\/vit-d3-spray-4000-iu-raw-sin-edulcorantes\/#primaryimage","url":"https:\/\/crownsportnutrition.com\/wp-content\/uploads\/2024\/11\/1-8437022689265.jpg","contentUrl":"https:\/\/crownsportnutrition.com\/wp-content\/uploads\/2024\/11\/1-8437022689265.jpg","width":1500,"height":1500,"caption":"Vitamina D3 en Spray 4.000 IU"},{"@type":"BreadcrumbList","@id":"https:\/\/crownsportnutrition.com\/en\/producto\/vit-d3-spray-4000-iu-raw-sin-edulcorantes\/#breadcrumb","itemListElement":[{"@type":"ListItem","position":1,"name":"Portada","item":"https:\/\/crownsportnutrition.com\/en\/"},{"@type":"ListItem","position":2,"name":"CROWN SHOP","item":"https:\/\/crownsportnutrition.com\/tienda\/"},{"@type":"ListItem","position":3,"name":"Vit D3 Spray 4000 IU RAW (no sweeteners)"}]},{"@type":"WebSite","@id":"https:\/\/crownsportnutrition.com\/en\/#website","url":"https:\/\/crownsportnutrition.com\/en\/","name":"Crown Sport Nutrition, suplementaci\u00f3n deportiva","description":"proteinas, recuperadores, gel energetico, barritas, bebida isotonica,[:en]Otro sitio realizado con WordPress","publisher":{"@id":"https:\/\/crownsportnutrition.com\/en\/#organization"},"potentialAction":[{"@type":"SearchAction","target":{"@type":"EntryPoint","urlTemplate":"https:\/\/crownsportnutrition.com\/en\/?s={search_term_string}"},"query-input":{"@type":"PropertyValueSpecification","valueRequired":true,"valueName":"search_term_string"}}],"inLanguage":"en-US"},{"@type":"Organization","@id":"https:\/\/crownsportnutrition.com\/en\/#organization","name":"Crown Sport Nutrition, sports supplementation","alternateName":"Crown Sport Nutrition","url":"https:\/\/crownsportnutrition.com\/en\/","logo":{"@type":"ImageObject","inLanguage":"en-US","@id":"https:\/\/crownsportnutrition.com\/en\/#\/schema\/logo\/image\/","url":"https:\/\/crownsportnutrition.com\/wp-content\/uploads\/2022\/06\/logo-CROWN-SPORT-NUTRITION1-1.png","contentUrl":"https:\/\/crownsportnutrition.com\/wp-content\/uploads\/2022\/06\/logo-CROWN-SPORT-NUTRITION1-1.png","width":150,"height":58,"caption":"Crown Sport Nutrition, sports supplementation"},"image":{"@id":"https:\/\/crownsportnutrition.com\/en\/#\/schema\/logo\/image\/"},"sameAs":["https:\/\/www.facebook.com\/crownsportnutrition","https:\/\/x.com\/crownsportnutri","https:\/\/www.instagram.com\/crownsportnutrition\/","https:\/\/www.linkedin.com\/company\/crownsportnutrition"],"description":"Crown Sport Nutrition es una marca espa\u00f1ola de suplementaci\u00f3n deportiva enfocada en producir solo productos con base cient\u00edfica y adem\u00e1s promover la investigaci\u00f3n cient\u00edfica mediante la publicaci\u00f3n de art\u00edculos sobre varios de sus productos en revistas cient\u00edficas de primer nivel. Se utilizan las mejores materias primas mezcladas en laboratorios punteros con las normas IFS (International Food Standard), con los mejores sabores y todo doping free. Crown Sport Nutrition es la primera empresa espa\u00f1ola en obtener la certificaci\u00f3n antidoping internacional por Informed Sport.","email":"info@crownsportnutrition.com","telephone":"+34 613 000 417","legalName":"Crown Sport Nutrition"}]},"product_price_amount":"27.23","product_price_currency":"EUR","og_availability":"instock","product_availability":"instock","product_retailer_item_id":"335","product_condition":"new"},"taxonomy_info":{"product_cat":[{"value":794,"label":"INFORMED SPORT \u2013 BANNED SUBSTANCE TESTED"},{"value":282,"label":"HEALTH"},{"value":188,"label":"VEGAN PRO LINE"},{"value":222,"label":"GLUTEN FREE"},{"value":223,"label":"LACTOSE FREE"},{"value":121,"label":"Martial Arts"},{"value":117,"label":"Crossfit"},{"value":114,"label":"Cycling"},{"value":291,"label":"Handball"},{"value":292,"label":"Swimming"},{"value":118,"label":"Football"},{"value":120,"label":"Gym"},{"value":119,"label":"Tennis"},{"value":115,"label":"Running"},{"value":116,"label":"Trail Running"},{"value":113,"label":"Triathlon"}]},"featured_image_src_large":["https:\/\/crownsportnutrition.com\/wp-content\/uploads\/2024\/11\/1-8437022689265-1024x1024.jpg",1024,1024,true],"author_info":[],"comment_info":"","_links":{"self":[{"href":"https:\/\/crownsportnutrition.com\/en\/wp-json\/wp\/v2\/product\/187594","targetHints":{"allow":["GET"]}}],"collection":[{"href":"https:\/\/crownsportnutrition.com\/en\/wp-json\/wp\/v2\/product"}],"about":[{"href":"https:\/\/crownsportnutrition.com\/en\/wp-json\/wp\/v2\/types\/product"}],"wp:featuredmedia":[{"embeddable":true,"href":"https:\/\/crownsportnutrition.com\/en\/wp-json\/wp\/v2\/media\/187704"}],"wp:attachment":[{"href":"https:\/\/crownsportnutrition.com\/en\/wp-json\/wp\/v2\/media?parent=187594"}],"wp:term":[{"taxonomy":"product_brand","embeddable":true,"href":"https:\/\/crownsportnutrition.com\/en\/wp-json\/wp\/v2\/product_brand?post=187594"},{"taxonomy":"product_cat","embeddable":true,"href":"https:\/\/crownsportnutrition.com\/en\/wp-json\/wp\/v2\/product_cat?post=187594"},{"taxonomy":"product_tag","embeddable":true,"href":"https:\/\/crownsportnutrition.com\/en\/wp-json\/wp\/v2\/product_tag?post=187594"}],"curies":[{"name":"wp","href":"https:\/\/api.w.org\/{rel}","templated":true}]}}