{"id":191123,"date":"2024-12-18T14:02:00","date_gmt":"2024-12-18T13:02:00","guid":{"rendered":"https:\/\/crownsportnutrition.com\/?post_type=product&#038;p=191123"},"modified":"2026-04-19T14:00:48","modified_gmt":"2026-04-19T12:00:48","slug":"raw-collagen-unflavoured","status":"publish","type":"product","link":"https:\/\/crownsportnutrition.com\/en\/producto\/raw-collagen-unflavoured\/","title":{"rendered":"Collagen RAW (without sweeteners)"},"content":{"rendered":"<picture><source srcset=\"https:\/\/media.crownsportnutrition.com\/img\/informed-banners\/332.avif\" type=\"image\/avif\" \/><source srcset=\"https:\/\/media.crownsportnutrition.com\/img\/informed-banners\/332.webp\" type=\"image\/webp\" \/><img decoding=\"async\" src=\"https:\/\/media.crownsportnutrition.com\/img\/informed-banners\/332.jpg\" alt=\"Informed Sport anti-doping certification\" \/><\/picture>\n<p><strong>HIGH-QUALITY HYDROLYZED COLLAGEN (PEPTAN\u00ae). NO SWEETENERS<\/strong><\/p>\n<ul>\n<li>10 g of Bovine Collagen Peptides (Peptan\u00ae) per serving<\/li>\n<li>With added Vitamin C: 120 mg (150% NRV) per serving<\/li>\n<li>With added Glycine and Lysine<\/li>\n<li>Informed-Sport anti-doping certified<\/li>\n<li>Easy dissolution and optimal digestibility<\/li>\n<li>Neutral flavor. No sweeteners. Allergen-free<\/li>\n<\/ul>\n<h6><strong>The high-quality hydrolyzed collagen Peptan\u00ae in <strong>Collagen RAW<\/strong><\/strong><\/h6>\n<p>Offers an innovative formula based on type I hydrolyzed bovine collagen, combined with key active ingredients such as vitamin C and the amino acids glycine and lysine. With no added flavors or sweeteners, it can be taken dissolved in water thanks to its high solubility. Its neutral taste makes it easy to mix with juices, milk, yogurt, cereals, or coffee.<\/p>\n<h6><strong>What is collagen?<\/strong><\/h6>\n<p>Peptan\u00ae hydrolyzed collagen is a structural animal-based protein essential to connective tissue: tendons, ligaments, cartilage, skin, and bones. It accounts for 30% of total body protein, with type I being the most abundant and the main one provided in this product. Its primary role is to maintain the integrity, elasticity, and regeneration of tissues.<\/p>\n<h6><strong>What are the benefits of hydrolyzed collagen? Maximum absorption and benefits.<\/strong><\/h6>\n<p>Peptan\u00ae hydrolyzed collagen is presented as peptides through an enzymatic hydrolysis process, resulting in high solubility, digestibility, and absorption. These bioactive peptides promote the body\u2019s own collagen fiber production, strengthening connective tissue and reducing the risk of injury.<\/p>\n<h6><strong>What are the health benefits of Peptan\u00ae hydrolyzed collagen?<\/strong><\/h6>\n<p>Daily consumption of Peptan\u00ae hydrolyzed collagen supports healthy aging, joint, bone, and musculoskeletal health, and skin care. Studies show it can stimulate cartilage regeneration, has anti-inflammatory effects, and improves skin collagen density and structure, promoting better hydration and elasticity.<\/p>\n<h6><strong>Key ingredients in <strong>Collagen RAW<\/strong><\/strong><\/h6>\n<ul>\n<li><strong>Bovine Collagen Peptides (Peptan\u00ae):<\/strong> 10 g per serving, delivering an effective, high-quality dose with anti-doping certification.<\/li>\n<li><strong>Vitamin C:<\/strong> An essential cofactor in collagen synthesis, contributes to the normal formation of bones, cartilage, and skin, and acts as an antioxidant.<\/li>\n<li><strong>Glycine:<\/strong> A key amino acid in preventing degenerative diseases and aiding injury recovery.<\/li>\n<li><strong>Lysine:<\/strong> Crucial for collagen formation in skin, tendons, and cartilage.<\/li>\n<\/ul>\n<p><strong>Anti-doping certification:<\/strong> <strong>Collagen RAW<\/strong> is 100% safe thanks to its Informed-Sport anti-doping certification, ensuring trust for both professional and amateur athletes.<\/p>\n<p><strong>Discover the Peptan\u00ae hydrolyzed collagen in <strong>Collagen RAW<\/strong><\/strong> and boost your joint, bone, and skin health with a unique formula free from sweeteners and allergens.<\/p>\n<span class=\"kt-load-after-post\"><\/span>","protected":false},"excerpt":{"rendered":"<p>Formula of 10 g of high quality hydrolyzed bovine collagen type I (Peptan\u00ae), enriched with vitamin C, glycine and lysine, and free of sweeteners and allergens.<\/p>\n<p>Designed to enhance connective tissue health, promote joint regeneration and support intestinal health and microbiota care, it is the perfect choice for those seeking performance and comprehensive care. It contains no flavorings or sweeteners, and its neutral taste and excellent dissolution make it ideal for mixing without altering the taste of your beverages or foods. Free of gluten, lactose and Informed Sport banned substance tested.<\/p>\n","protected":false},"featured_media":192589,"template":"","meta":{"_kad_blocks_custom_css":"","_kad_blocks_head_custom_js":"","_kad_blocks_body_custom_js":"","_kad_blocks_footer_custom_js":"","_kadence_starter_templates_imported_post":false,"_kad_post_transparent":"default","_kad_post_title":"","_kad_post_layout":"default","_kad_post_sidebar_id":"","_kad_post_content_style":"default","_kad_post_vertical_padding":"default","_kad_post_feature":"","_kad_post_feature_position":"","_kad_post_header":false,"_kad_post_footer":false,"_kad_post_classname":""},"product_brand":[],"product_cat":[243,117,114,118,222,120,291,282,794,121,173,793,115,292,119,116,113],"product_tag":[795],"class_list":{"0":"post-191123","1":"product","2":"type-product","3":"status-publish","4":"has-post-thumbnail","6":"product_cat-despues","7":"product_cat-crossfit","8":"product_cat-ciclismo","9":"product_cat-futbol","10":"product_cat-sin-gluten","11":"product_cat-gimnasio","12":"product_cat-balonmano","13":"product_cat-salud","14":"product_cat-informed-sport-banned-substance-tested","15":"product_cat-artes-marciales","16":"product_cat-proteinas-y-aminoacidos","17":"product_cat-raw-0-artificial-sweeteners","18":"product_cat-running","19":"product_cat-natacion","20":"product_cat-tenis","21":"product_cat-trail-running","22":"product_cat-triatlon","23":"product_tag-no-artificial-sweeteners","25":"first","26":"instock","27":"taxable","28":"shipping-taxable","29":"purchasable","30":"product-type-variable","31":"has-default-attributes","32":"entry","33":"content-bg","34":"loop-entry"},"yoast_head":"<!-- This site is optimized with the Yoast SEO Premium plugin v27.2 (Yoast SEO v27.2) - https:\/\/yoast.com\/product\/yoast-seo-premium-wordpress\/ -->\n<title>Colageno alta calidad: con Vitamina C, Glicina y Lisina<\/title>\n<meta name=\"description\" content=\"Col\u00e1geno hidrolizado de alta calidad: Col\u00e1geno bovino Peptan\u00ae 10 g por toma, sin edulcorantes, f\u00e1cil disoluci\u00f3n y certificado antidoping Informed Sport\" \/>\n<meta name=\"robots\" content=\"index, follow, max-snippet:-1, max-image-preview:large, max-video-preview:-1\" \/>\n<link rel=\"canonical\" href=\"https:\/\/crownsportnutrition.com\/en\/producto\/raw-collagen-unflavoured\/\" \/>\n<meta property=\"og:locale\" content=\"en_US\" \/>\n<meta property=\"og:type\" content=\"article\" \/>\n<meta property=\"og:title\" content=\"Collagen RAW (without sweeteners)\" \/>\n<meta property=\"og:description\" content=\"Col\u00e1geno hidrolizado de alta calidad: Col\u00e1geno bovino Peptan\u00ae 10 g por toma, sin edulcorantes, f\u00e1cil disoluci\u00f3n y certificado antidoping Informed Sport\" \/>\n<meta property=\"og:url\" content=\"https:\/\/crownsportnutrition.com\/en\/producto\/raw-collagen-unflavoured\/\" \/>\n<meta property=\"og:site_name\" content=\"Crown Sport Nutrition, sports supplementation\" \/>\n<meta property=\"article:publisher\" content=\"https:\/\/www.facebook.com\/crownsportnutrition\" \/>\n<meta property=\"article:modified_time\" content=\"2026-04-19T12:00:48+00:00\" \/>\n<meta property=\"og:image\" content=\"https:\/\/crownsportnutrition.com\/wp-content\/uploads\/2024\/12\/1-8437022689005_with_badges.jpg\" \/>\n\t<meta property=\"og:image:width\" content=\"1500\" \/>\n\t<meta property=\"og:image:height\" content=\"1500\" \/>\n\t<meta property=\"og:image:type\" content=\"image\/jpeg\" \/>\n<meta name=\"twitter:card\" content=\"summary_large_image\" \/>\n<meta name=\"twitter:site\" content=\"@crownsportnutri\" \/>\n<meta name=\"twitter:label1\" content=\"Availability\" \/>\n\t<meta name=\"twitter:data1\" content=\"In stock\" \/>\n<script type=\"application\/ld+json\" class=\"yoast-schema-graph\">{\"@context\":\"https:\/\/schema.org\",\"@graph\":[{\"@type\":\"WebPage\",\"@id\":\"https:\/\/crownsportnutrition.com\/en\/producto\/raw-collagen-unflavoured\/\",\"url\":\"https:\/\/crownsportnutrition.com\/en\/producto\/raw-collagen-unflavoured\/\",\"name\":\"Colageno alta calidad: con Vitamina C, Glicina y Lisina\",\"isPartOf\":{\"@id\":\"https:\/\/crownsportnutrition.com\/en\/#website\"},\"primaryImageOfPage\":{\"@id\":\"https:\/\/crownsportnutrition.com\/en\/producto\/raw-collagen-unflavoured\/#primaryimage\"},\"image\":{\"@id\":\"https:\/\/crownsportnutrition.com\/en\/producto\/raw-collagen-unflavoured\/#primaryimage\"},\"thumbnailUrl\":\"https:\/\/crownsportnutrition.com\/wp-content\/uploads\/2024\/12\/1-8437022689005_with_badges.jpg\",\"datePublished\":\"2024-12-18T13:02:00+00:00\",\"dateModified\":\"2026-04-19T12:00:48+00:00\",\"description\":\"Col\u00e1geno hidrolizado de alta calidad: Col\u00e1geno bovino Peptan\u00ae 10 g por toma, sin edulcorantes, f\u00e1cil disoluci\u00f3n y certificado antidoping Informed Sport\",\"breadcrumb\":{\"@id\":\"https:\/\/crownsportnutrition.com\/en\/producto\/raw-collagen-unflavoured\/#breadcrumb\"},\"inLanguage\":\"en-US\",\"potentialAction\":[{\"@type\":\"ReadAction\",\"target\":[\"https:\/\/crownsportnutrition.com\/en\/producto\/raw-collagen-unflavoured\/\"]}]},{\"@type\":\"ImageObject\",\"inLanguage\":\"en-US\",\"@id\":\"https:\/\/crownsportnutrition.com\/en\/producto\/raw-collagen-unflavoured\/#primaryimage\",\"url\":\"https:\/\/crownsportnutrition.com\/wp-content\/uploads\/2024\/12\/1-8437022689005_with_badges.jpg\",\"contentUrl\":\"https:\/\/crownsportnutrition.com\/wp-content\/uploads\/2024\/12\/1-8437022689005_with_badges.jpg\",\"width\":1500,\"height\":1500},{\"@type\":\"BreadcrumbList\",\"@id\":\"https:\/\/crownsportnutrition.com\/en\/producto\/raw-collagen-unflavoured\/#breadcrumb\",\"itemListElement\":[{\"@type\":\"ListItem\",\"position\":1,\"name\":\"Portada\",\"item\":\"https:\/\/crownsportnutrition.com\/en\/\"},{\"@type\":\"ListItem\",\"position\":2,\"name\":\"CROWN SHOP\",\"item\":\"https:\/\/crownsportnutrition.com\/tienda\/\"},{\"@type\":\"ListItem\",\"position\":3,\"name\":\"Collagen RAW (without sweeteners)\"}]},{\"@type\":\"WebSite\",\"@id\":\"https:\/\/crownsportnutrition.com\/en\/#website\",\"url\":\"https:\/\/crownsportnutrition.com\/en\/\",\"name\":\"Crown Sport Nutrition, suplementaci\u00f3n deportiva\",\"description\":\"proteinas, recuperadores, gel energetico, barritas, bebida isotonica,[:en]Otro sitio realizado con WordPress\",\"publisher\":{\"@id\":\"https:\/\/crownsportnutrition.com\/en\/#organization\"},\"potentialAction\":[{\"@type\":\"SearchAction\",\"target\":{\"@type\":\"EntryPoint\",\"urlTemplate\":\"https:\/\/crownsportnutrition.com\/en\/?s={search_term_string}\"},\"query-input\":{\"@type\":\"PropertyValueSpecification\",\"valueRequired\":true,\"valueName\":\"search_term_string\"}}],\"inLanguage\":\"en-US\"},{\"@type\":\"Organization\",\"@id\":\"https:\/\/crownsportnutrition.com\/en\/#organization\",\"name\":\"Crown Sport Nutrition, sports supplementation\",\"alternateName\":\"Crown Sport Nutrition\",\"url\":\"https:\/\/crownsportnutrition.com\/en\/\",\"logo\":{\"@type\":\"ImageObject\",\"inLanguage\":\"en-US\",\"@id\":\"https:\/\/crownsportnutrition.com\/en\/#\/schema\/logo\/image\/\",\"url\":\"https:\/\/crownsportnutrition.com\/wp-content\/uploads\/2022\/06\/logo-CROWN-SPORT-NUTRITION1-1.png\",\"contentUrl\":\"https:\/\/crownsportnutrition.com\/wp-content\/uploads\/2022\/06\/logo-CROWN-SPORT-NUTRITION1-1.png\",\"width\":150,\"height\":58,\"caption\":\"Crown Sport Nutrition, sports supplementation\"},\"image\":{\"@id\":\"https:\/\/crownsportnutrition.com\/en\/#\/schema\/logo\/image\/\"},\"sameAs\":[\"https:\/\/www.facebook.com\/crownsportnutrition\",\"https:\/\/x.com\/crownsportnutri\",\"https:\/\/www.instagram.com\/crownsportnutrition\/\",\"https:\/\/www.linkedin.com\/company\/crownsportnutrition\"],\"description\":\"Crown Sport Nutrition es una marca espa\u00f1ola de suplementaci\u00f3n deportiva enfocada en producir solo productos con base cient\u00edfica y adem\u00e1s promover la investigaci\u00f3n cient\u00edfica mediante la publicaci\u00f3n de art\u00edculos sobre varios de sus productos en revistas cient\u00edficas de primer nivel. Se utilizan las mejores materias primas mezcladas en laboratorios punteros con las normas IFS (International Food Standard), con los mejores sabores y todo doping free. Crown Sport Nutrition es la primera empresa espa\u00f1ola en obtener la certificaci\u00f3n antidoping internacional por Informed Sport.\",\"email\":\"info@crownsportnutrition.com\",\"telephone\":\"+34 613 000 417\",\"legalName\":\"Crown Sport Nutrition\"}]}<\/script>\n<meta property=\"og:availability\" content=\"instock\" \/>\n<meta property=\"product:availability\" content=\"instock\" \/>\n<meta property=\"product:retailer_item_id\" content=\"332.M\" \/>\n<meta property=\"product:condition\" content=\"new\" \/>\n<!-- \/ Yoast SEO Premium plugin. -->","yoast_head_json":{"title":"Colageno alta calidad: con Vitamina C, Glicina y Lisina","description":"Col\u00e1geno hidrolizado de alta calidad: Col\u00e1geno bovino Peptan\u00ae 10 g por toma, sin edulcorantes, f\u00e1cil disoluci\u00f3n y certificado antidoping Informed Sport","robots":{"index":"index","follow":"follow","max-snippet":"max-snippet:-1","max-image-preview":"max-image-preview:large","max-video-preview":"max-video-preview:-1"},"canonical":"https:\/\/crownsportnutrition.com\/en\/producto\/raw-collagen-unflavoured\/","og_locale":"en_US","og_type":"article","og_title":"Collagen RAW (without sweeteners)","og_description":"Col\u00e1geno hidrolizado de alta calidad: Col\u00e1geno bovino Peptan\u00ae 10 g por toma, sin edulcorantes, f\u00e1cil disoluci\u00f3n y certificado antidoping Informed Sport","og_url":"https:\/\/crownsportnutrition.com\/en\/producto\/raw-collagen-unflavoured\/","og_site_name":"Crown Sport Nutrition, sports supplementation","article_publisher":"https:\/\/www.facebook.com\/crownsportnutrition","article_modified_time":"2026-04-19T12:00:48+00:00","og_image":[{"width":1500,"height":1500,"url":"https:\/\/crownsportnutrition.com\/wp-content\/uploads\/2024\/12\/1-8437022689005_with_badges.jpg","type":"image\/jpeg"}],"twitter_card":"summary_large_image","twitter_site":"@crownsportnutri","twitter_misc":{"Availability":"In stock"},"schema":{"@context":"https:\/\/schema.org","@graph":[{"@type":"WebPage","@id":"https:\/\/crownsportnutrition.com\/en\/producto\/raw-collagen-unflavoured\/","url":"https:\/\/crownsportnutrition.com\/en\/producto\/raw-collagen-unflavoured\/","name":"Colageno alta calidad: con Vitamina C, Glicina y Lisina","isPartOf":{"@id":"https:\/\/crownsportnutrition.com\/en\/#website"},"primaryImageOfPage":{"@id":"https:\/\/crownsportnutrition.com\/en\/producto\/raw-collagen-unflavoured\/#primaryimage"},"image":{"@id":"https:\/\/crownsportnutrition.com\/en\/producto\/raw-collagen-unflavoured\/#primaryimage"},"thumbnailUrl":"https:\/\/crownsportnutrition.com\/wp-content\/uploads\/2024\/12\/1-8437022689005_with_badges.jpg","datePublished":"2024-12-18T13:02:00+00:00","dateModified":"2026-04-19T12:00:48+00:00","description":"Col\u00e1geno hidrolizado de alta calidad: Col\u00e1geno bovino Peptan\u00ae 10 g por toma, sin edulcorantes, f\u00e1cil disoluci\u00f3n y certificado antidoping Informed Sport","breadcrumb":{"@id":"https:\/\/crownsportnutrition.com\/en\/producto\/raw-collagen-unflavoured\/#breadcrumb"},"inLanguage":"en-US","potentialAction":[{"@type":"ReadAction","target":["https:\/\/crownsportnutrition.com\/en\/producto\/raw-collagen-unflavoured\/"]}]},{"@type":"ImageObject","inLanguage":"en-US","@id":"https:\/\/crownsportnutrition.com\/en\/producto\/raw-collagen-unflavoured\/#primaryimage","url":"https:\/\/crownsportnutrition.com\/wp-content\/uploads\/2024\/12\/1-8437022689005_with_badges.jpg","contentUrl":"https:\/\/crownsportnutrition.com\/wp-content\/uploads\/2024\/12\/1-8437022689005_with_badges.jpg","width":1500,"height":1500},{"@type":"BreadcrumbList","@id":"https:\/\/crownsportnutrition.com\/en\/producto\/raw-collagen-unflavoured\/#breadcrumb","itemListElement":[{"@type":"ListItem","position":1,"name":"Portada","item":"https:\/\/crownsportnutrition.com\/en\/"},{"@type":"ListItem","position":2,"name":"CROWN SHOP","item":"https:\/\/crownsportnutrition.com\/tienda\/"},{"@type":"ListItem","position":3,"name":"Collagen RAW (without sweeteners)"}]},{"@type":"WebSite","@id":"https:\/\/crownsportnutrition.com\/en\/#website","url":"https:\/\/crownsportnutrition.com\/en\/","name":"Crown Sport Nutrition, suplementaci\u00f3n deportiva","description":"proteinas, recuperadores, gel energetico, barritas, bebida isotonica,[:en]Otro sitio realizado con WordPress","publisher":{"@id":"https:\/\/crownsportnutrition.com\/en\/#organization"},"potentialAction":[{"@type":"SearchAction","target":{"@type":"EntryPoint","urlTemplate":"https:\/\/crownsportnutrition.com\/en\/?s={search_term_string}"},"query-input":{"@type":"PropertyValueSpecification","valueRequired":true,"valueName":"search_term_string"}}],"inLanguage":"en-US"},{"@type":"Organization","@id":"https:\/\/crownsportnutrition.com\/en\/#organization","name":"Crown Sport Nutrition, sports supplementation","alternateName":"Crown Sport Nutrition","url":"https:\/\/crownsportnutrition.com\/en\/","logo":{"@type":"ImageObject","inLanguage":"en-US","@id":"https:\/\/crownsportnutrition.com\/en\/#\/schema\/logo\/image\/","url":"https:\/\/crownsportnutrition.com\/wp-content\/uploads\/2022\/06\/logo-CROWN-SPORT-NUTRITION1-1.png","contentUrl":"https:\/\/crownsportnutrition.com\/wp-content\/uploads\/2022\/06\/logo-CROWN-SPORT-NUTRITION1-1.png","width":150,"height":58,"caption":"Crown Sport Nutrition, sports supplementation"},"image":{"@id":"https:\/\/crownsportnutrition.com\/en\/#\/schema\/logo\/image\/"},"sameAs":["https:\/\/www.facebook.com\/crownsportnutrition","https:\/\/x.com\/crownsportnutri","https:\/\/www.instagram.com\/crownsportnutrition\/","https:\/\/www.linkedin.com\/company\/crownsportnutrition"],"description":"Crown Sport Nutrition es una marca espa\u00f1ola de suplementaci\u00f3n deportiva enfocada en producir solo productos con base cient\u00edfica y adem\u00e1s promover la investigaci\u00f3n cient\u00edfica mediante la publicaci\u00f3n de art\u00edculos sobre varios de sus productos en revistas cient\u00edficas de primer nivel. Se utilizan las mejores materias primas mezcladas en laboratorios punteros con las normas IFS (International Food Standard), con los mejores sabores y todo doping free. Crown Sport Nutrition es la primera empresa espa\u00f1ola en obtener la certificaci\u00f3n antidoping internacional por Informed Sport.","email":"info@crownsportnutrition.com","telephone":"+34 613 000 417","legalName":"Crown Sport Nutrition"}]},"og_availability":"instock","product_availability":"instock","product_retailer_item_id":"332.M","product_condition":"new"},"taxonomy_info":{"product_cat":[{"value":243,"label":"After"},{"value":117,"label":"Crossfit"},{"value":114,"label":"Cycling"},{"value":118,"label":"Football"},{"value":222,"label":"GLUTEN FREE"},{"value":120,"label":"Gym"},{"value":291,"label":"Handball"},{"value":282,"label":"HEALTH"},{"value":794,"label":"INFORMED SPORT \u2013 BANNED SUBSTANCE TESTED"},{"value":121,"label":"Martial Arts"},{"value":173,"label":"PROTEINS &amp; AMINO ACIDS"},{"value":793,"label":"RAW \u2013 0% artificial sweeteners"},{"value":115,"label":"Running"},{"value":292,"label":"Swimming"},{"value":119,"label":"Tennis"},{"value":116,"label":"Trail Running"},{"value":113,"label":"Triathlon"}],"product_tag":[{"value":795,"label":"No artificial sweeteners"}]},"featured_image_src_large":["https:\/\/crownsportnutrition.com\/wp-content\/uploads\/2024\/12\/1-8437022689005_with_badges-1024x1024.jpg",1024,1024,true],"author_info":[],"comment_info":"","_links":{"self":[{"href":"https:\/\/crownsportnutrition.com\/en\/wp-json\/wp\/v2\/product\/191123","targetHints":{"allow":["GET"]}}],"collection":[{"href":"https:\/\/crownsportnutrition.com\/en\/wp-json\/wp\/v2\/product"}],"about":[{"href":"https:\/\/crownsportnutrition.com\/en\/wp-json\/wp\/v2\/types\/product"}],"wp:featuredmedia":[{"embeddable":true,"href":"https:\/\/crownsportnutrition.com\/en\/wp-json\/wp\/v2\/media\/192589"}],"wp:attachment":[{"href":"https:\/\/crownsportnutrition.com\/en\/wp-json\/wp\/v2\/media?parent=191123"}],"wp:term":[{"taxonomy":"product_brand","embeddable":true,"href":"https:\/\/crownsportnutrition.com\/en\/wp-json\/wp\/v2\/product_brand?post=191123"},{"taxonomy":"product_cat","embeddable":true,"href":"https:\/\/crownsportnutrition.com\/en\/wp-json\/wp\/v2\/product_cat?post=191123"},{"taxonomy":"product_tag","embeddable":true,"href":"https:\/\/crownsportnutrition.com\/en\/wp-json\/wp\/v2\/product_tag?post=191123"}],"curies":[{"name":"wp","href":"https:\/\/api.w.org\/{rel}","templated":true}]}}