{"id":220154,"date":"2025-08-12T16:02:40","date_gmt":"2025-08-12T14:02:40","guid":{"rendered":"https:\/\/crownsportnutrition.com\/?post_type=product&#038;p=220154"},"modified":"2026-04-22T04:00:24","modified_gmt":"2026-04-22T02:00:24","slug":"curcumin-complex","status":"publish","type":"product","link":"https:\/\/crownsportnutrition.com\/en\/producto\/curcumin-complex\/","title":{"rendered":"Curcumin COMPLEX"},"content":{"rendered":"<h2>Curcumin COMPLEX<\/h2>\n<h3>Capsules with Turmeric, Ginger and Piperine (Black Pepper)<\/h3>\n<ul>\n<li>Powerful Turmeric extract (95% Curcuminoids and 41% Curcumin)<\/li>\n<li>With Ginger extract (5% Gingerols)<\/li>\n<li>With Black Pepper extract (95% Piperine)<\/li>\n<li>Small capsules for easier intake<\/li>\n<li>Allergen-free. Suitable for vegans<\/li>\n<\/ul>\n<p><strong>Curcumin COMPLEX<\/strong> are plant-based capsules made from three potent herbal extracts: Turmeric (95% curcuminoids, of which 41% is curcumin), Ginger (5% gingerols) and Black Pepper (95% piperine). Thanks to these high-purity, highly standardized raw materials, we achieve one of the most powerful anti-inflammatory products on the market. This product is designed for athletes as well as for all types of people, active or not. It is suitable for vegans and contains no allergens.<\/p>\n<h3>Key benefits of Turmeric<\/h3>\n<ul>\n<li><strong>Anti-inflammatory:<\/strong>\u00a0Its main action is as a powerful natural anti-inflammatory. Identified mechanisms include the reduction of pro-inflammatory cytokines such as Interleukins 1 and 6 (IL-1 and IL-6) and Tumor Necrosis Factor alpha (TNF-\u03b1). <strong>In sports<\/strong> this appears to lessen the intensity of post-exercise muscle soreness, i.e., delayed onset muscle soreness (DOMS), thereby supporting recovery (Rosi\u0144ska-Lewandowska, D. et al., JEHS, 2024; Liu, X. et al., PO, 2024). For the same reason it may help protect the joints. More generally, it has analgesic effects and is often used as a natural alternative to NSAIDs (non-steroidal anti-inflammatory drugs), both for its anti-inflammatory and analgesic actions\u2014serving as an alternative approach in various chronic inflammatory conditions (arthritis, gastrointestinal disorders, cancer, psoriasis, etc.).<\/li>\n<li><strong>Antioxidant effect:<\/strong>\u00a0Helps protect cells against oxidative damage by, on the one hand, helping to eliminate ROS (Reactive Oxygen Species) (Nanavati, K. et al., EJN, 2022) and, on the other, by boosting the activity of the body\u2019s own antioxidant enzymes (Alam, M.S. et al., P., 2024).<\/li>\n<li><strong>Immunomodulatory effect:<\/strong>\u00a0Helps maintain normal immune function; for example, in patients with autoimmune diseases it helps reduce systemic inflammation (Alam, M.S. et al., P., 2024).<\/li>\n<li><strong>Effects on neurodegenerative disorders:<\/strong>\u00a0Such as Alzheimer\u2019s disease (Yang, F. et al., JBC, 2005). Curcumin can cross the blood\u2013brain barrier in small but biologically active amounts, where it mitigates neural inflammation by suppressing the release of pro-inflammatory cytokines\u2014which, as noted, are often elevated in response to injury and the accumulation of amyloid plaques (Fern\u00e1ndez-L\u00e1zaro, D. et al., N., 2020). Notably, curcumin supplementation has also been associated with mood improvement in people with major depressive disorder (Alam, M.S. et al., P., 2024), highlighting its potential neuroprotective and psychotropic properties.<\/li>\n<\/ul>\n<h3>Key benefits of Ginger<\/h3>\n<ul>\n<li><strong>Anti-inflammatory:<\/strong>\u00a0As a plant in the turmeric family, many of its properties are similar, and it also has a significant anti-inflammatory action. In athletes it reduces DOMS-related pain, improving recovery. This analgesic and anti-inflammatory effect appears to be cumulative, so continued use is recommended both in the days before and after a competition or during phases of the season with intense training peaks (Christopher Black, D. et al., TJOP, 2010).<\/li>\n<li><strong>Antioxidant effect and immune support:<\/strong>\u00a0Being rich in antioxidants and bioactive compounds, it helps modulate systemic inflammation and oxidative stress generated by intense exercise. Daily ginger intake also contributes to better immune status and thus a reduced risk of illness\u2014especially important for athletes during winter.<\/li>\n<li><strong>Gastrointestinal benefits:<\/strong>\u00a0In prolonged endurance sports (triathlon, ultramarathon, etc.), some athletes commonly experience GI discomfort or nausea during competition. In such cases, small doses of ginger can help settle the stomach (Nguyen Hoang Anh et al., N., 2020).<\/li>\n<\/ul>\n<h3>Key benefits of Black Pepper<\/h3>\n<ul>\n<li>It is mainly added because it improves the absorption of certain bioactive compounds that naturally have low bioavailability, such as curcumin. This is chiefly because it inhibits hepatic metabolism and slows breakdown in the digestive tract, which can increase systemic absorption by up to 2,000% (Rosi\u0144ska-Lewandowska, D. et al., JEHS, 2024).<\/li>\n<li>Adding an active such as piperine can enhance and sustain the positive effects of curcumin.<\/li>\n<\/ul>\n<h3>Why use the combination of these three extracts?<\/h3>\n<p>Because they act synergistically, amplifying the effects each has on its own. In fact, some studies have shown that consuming these three herbal extracts, compared to drugs such as naproxen (an NSAID), can improve PGE2 (Prostaglandin E2) levels in patients with chronic osteoarthritis to a similar extent as the drug mentioned (Heidari-Beni, M. et al., PR, 2020). Adding ginger to a turmeric-and-piperine blend has been shown to further promote vasodilation and enhance anti-inflammatory effects (Hegde, M. et al., AO, 2023).<\/p>\n<h3>Conclusions<\/h3>\n<p>The available scientific evidence suggests that oral curcumin supplementation may positively influence both health and physical performance in athletes and\/or physically active people. Curcumin appears to be safe and potentially beneficial in the context of sport and exercise, mainly due to its ability to reduce inflammation and oxidative stress, lessen pain and muscle damage, and thereby improve muscle recovery and support both physiological and psychological responses to training. These effects may contribute to improved athletic performance and overall training adaptability.<\/p>\n<p>Recommended for all types of people\u2014especially those with chronic inflammatory conditions who wish to improve their health as much as possible while minimizing drug intake and, consequently, potential side effects.<\/p>\n<h3>Ingredients<\/h3>\n<p>Concentrated Turmeric extract (Curcuma longa, root), corn starch, concentrated Ginger extract (Zingiber officinale, root), hydroxypropyl methylcellulose capsule, concentrated Black Pepper extract (Piper nigrum, fruit), anti-caking agent: Anti-caking agent magnesium stearate.<\/p>\n<h3>Directions for use<\/h3>\n<p>Take one capsule per day or as directed by your physician or nutritionist. For better absorption and to avoid possible gastric discomfort, preferably take with a meal that contains fat (oil, nuts, avocado, etc.).<\/p>\n<h3>Professional tips<\/h3>\n<ul>\n<li><strong>Acute supplementation protocol (4\u20135 days) for high-load training phases and\/or competition:<\/strong> to optimize recovery processes, take one serving before and, especially, another after the training session or competition. Start this protocol 1\u20132 days before the specific session or competition and continue for the following 2\u20133 days.<\/li>\n<li><strong>Long-term or chronic supplementation protocol (4\u201312 weeks):<\/strong> this intake protocol may amplify benefits against muscle damage and therefore promote better recovery. Take one serving per day with breakfast or dinner.<\/li>\n<li><strong>Mixed supplementation protocol:<\/strong> maintain a chronic protocol and, during periods of maximal training load or competition, reinforce it with an acute protocol\u2014i.e., increasing the dose and adjusting the timing of intake.<\/li>\n<\/ul>\n<h3>Warnings and\/or contraindications<\/h3>\n<h4>Turmeric<\/h4>\n<p>Consult your doctor, specialist or nutritionist if you have diabetes, as turmeric can lower blood sugar; this must be considered if you are taking any diabetes medication such as metformin or insulin. It could cause hypoglycemia.<\/p>\n<h4>Ginger<\/h4>\n<p>Consult your doctor, specialist or nutritionist if you are taking any anticoagulant (e.g., warfarin) or antiplatelet drug such as acenocoumarol (Sintrom) or acetylsalicylic acid (Aspirin, Adiro, etc.), as it may increase the risk of hemorrhage or bleeding.<\/p>\n<h4>Black Pepper<\/h4>\n<p>As noted above, it enhances the absorption of various bioactive compounds\u2014including certain medications\u2014so consult your doctor, specialist or nutritionist, as it may potentiate the effects of antibiotics (e.g., ciprofloxacin), analgesics (ibuprofen, diclofenac, etc.) and antihypertensives (amlodipine, etc.). It may also be risky for people taking drugs metabolized in the liver, such as statins, by increasing the risk of hepatic toxicity.<\/p>\n<h3>Available format<\/h3>\n<p>Bottle with 60 capsules.<\/p>\n<span class=\"kt-load-after-post\"><\/span>","protected":false},"excerpt":{"rendered":"<p>Vegetable capsules with standardized extracts of Turmeric (95% curcuminoids and 41% curcumin), Ginger (5% gingerols), and Black Pepper (95% piperine). Synergistic formula with powerful anti-inflammatory and antioxidant effects, designed to help reduce post-exercise muscle soreness and improve joint health. Suitable for vegans and allergen-free.<\/p>\n","protected":false},"featured_media":224399,"template":"","meta":{"_kad_blocks_custom_css":"","_kad_blocks_head_custom_js":"","_kad_blocks_body_custom_js":"","_kad_blocks_footer_custom_js":"","_kadence_starter_templates_imported_post":false,"_kad_post_transparent":"default","_kad_post_title":"","_kad_post_layout":"default","_kad_post_sidebar_id":"","_kad_post_content_style":"default","_kad_post_vertical_padding":"default","_kad_post_feature":"","_kad_post_feature_position":"","_kad_post_header":false,"_kad_post_footer":false,"_kad_post_classname":""},"product_brand":[],"product_cat":[117,114,118,222,120,291,282,223,121,793,115,292,119,116,113,188],"product_tag":[795],"class_list":{"0":"post-220154","1":"product","2":"type-product","3":"status-publish","4":"has-post-thumbnail","6":"product_cat-crossfit","7":"product_cat-ciclismo","8":"product_cat-futbol","9":"product_cat-sin-gluten","10":"product_cat-gimnasio","11":"product_cat-balonmano","12":"product_cat-salud","13":"product_cat-sin-lactosa","14":"product_cat-artes-marciales","15":"product_cat-raw-0-artificial-sweeteners","16":"product_cat-running","17":"product_cat-natacion","18":"product_cat-tenis","19":"product_cat-trail-running","20":"product_cat-triatlon","21":"product_cat-vegan-pro-line-2","22":"product_tag-no-artificial-sweeteners","24":"first","25":"instock","26":"taxable","27":"shipping-taxable","28":"purchasable","29":"product-type-simple","30":"entry","31":"content-bg","32":"loop-entry"},"yoast_head":"<!-- This site is optimized with the Yoast SEO Premium plugin v27.2 (Yoast SEO v27.2) - https:\/\/yoast.com\/product\/yoast-seo-premium-wordpress\/ -->\n<title>Curcumin complex with ginger and piperine | Crown Sport Nutritioin<\/title>\n<meta name=\"description\" content=\"Turmeric Curcumin with Ginger and Black Pepper (Piperine). High-purity extracts with anti-inflammatory, antioxidant by Crown Sport Nutrition.\" \/>\n<meta name=\"robots\" content=\"index, follow, max-snippet:-1, max-image-preview:large, max-video-preview:-1\" \/>\n<link rel=\"canonical\" href=\"https:\/\/crownsportnutrition.com\/en\/producto\/curcumin-complex\/\" \/>\n<meta property=\"og:locale\" content=\"en_US\" \/>\n<meta property=\"og:type\" content=\"article\" \/>\n<meta property=\"og:title\" content=\"Curcumin COMPLEX\" \/>\n<meta property=\"og:description\" content=\"Turmeric Curcumin with Ginger and Black Pepper (Piperine). High-purity extracts with anti-inflammatory, antioxidant by Crown Sport Nutrition.\" \/>\n<meta property=\"og:url\" content=\"https:\/\/crownsportnutrition.com\/en\/producto\/curcumin-complex\/\" \/>\n<meta property=\"og:site_name\" content=\"Crown Sport Nutrition, sports supplementation\" \/>\n<meta property=\"article:publisher\" content=\"https:\/\/www.facebook.com\/crownsportnutrition\" \/>\n<meta property=\"article:modified_time\" content=\"2026-04-22T02:00:24+00:00\" \/>\n<meta property=\"og:image\" content=\"https:\/\/crownsportnutrition.com\/wp-content\/uploads\/2025\/08\/1-8437028069252.jpg\" \/>\n\t<meta property=\"og:image:width\" content=\"1500\" \/>\n\t<meta property=\"og:image:height\" content=\"1500\" \/>\n\t<meta property=\"og:image:type\" content=\"image\/jpeg\" \/>\n<meta name=\"twitter:card\" content=\"summary_large_image\" \/>\n<meta name=\"twitter:site\" content=\"@crownsportnutri\" \/>\n<meta name=\"twitter:label1\" content=\"Price\" \/>\n\t<meta name=\"twitter:data1\" content=\"20,36&euro;\" \/>\n\t<meta name=\"twitter:label2\" content=\"Availability\" \/>\n\t<meta name=\"twitter:data2\" content=\"In stock\" \/>\n<script type=\"application\/ld+json\" class=\"yoast-schema-graph\">{\"@context\":\"https:\/\/schema.org\",\"@graph\":[{\"@type\":\"WebPage\",\"@id\":\"https:\/\/crownsportnutrition.com\/en\/producto\/curcumin-complex\/\",\"url\":\"https:\/\/crownsportnutrition.com\/en\/producto\/curcumin-complex\/\",\"name\":\"Curcumin complex with ginger and piperine | Crown Sport Nutritioin\",\"isPartOf\":{\"@id\":\"https:\/\/crownsportnutrition.com\/en\/#website\"},\"primaryImageOfPage\":{\"@id\":\"https:\/\/crownsportnutrition.com\/en\/producto\/curcumin-complex\/#primaryimage\"},\"image\":{\"@id\":\"https:\/\/crownsportnutrition.com\/en\/producto\/curcumin-complex\/#primaryimage\"},\"thumbnailUrl\":\"https:\/\/crownsportnutrition.com\/wp-content\/uploads\/2025\/08\/1-8437028069252.jpg\",\"datePublished\":\"2025-08-12T14:02:40+00:00\",\"dateModified\":\"2026-04-22T02:00:24+00:00\",\"description\":\"Turmeric Curcumin with Ginger and Black Pepper (Piperine). High-purity extracts with anti-inflammatory, antioxidant by Crown Sport Nutrition.\",\"breadcrumb\":{\"@id\":\"https:\/\/crownsportnutrition.com\/en\/producto\/curcumin-complex\/#breadcrumb\"},\"inLanguage\":\"en-US\",\"potentialAction\":[{\"@type\":\"ReadAction\",\"target\":[\"https:\/\/crownsportnutrition.com\/en\/producto\/curcumin-complex\/\"]}]},{\"@type\":\"ImageObject\",\"inLanguage\":\"en-US\",\"@id\":\"https:\/\/crownsportnutrition.com\/en\/producto\/curcumin-complex\/#primaryimage\",\"url\":\"https:\/\/crownsportnutrition.com\/wp-content\/uploads\/2025\/08\/1-8437028069252.jpg\",\"contentUrl\":\"https:\/\/crownsportnutrition.com\/wp-content\/uploads\/2025\/08\/1-8437028069252.jpg\",\"width\":1500,\"height\":1500},{\"@type\":\"BreadcrumbList\",\"@id\":\"https:\/\/crownsportnutrition.com\/en\/producto\/curcumin-complex\/#breadcrumb\",\"itemListElement\":[{\"@type\":\"ListItem\",\"position\":1,\"name\":\"Portada\",\"item\":\"https:\/\/crownsportnutrition.com\/en\/\"},{\"@type\":\"ListItem\",\"position\":2,\"name\":\"CROWN SHOP\",\"item\":\"https:\/\/crownsportnutrition.com\/tienda\/\"},{\"@type\":\"ListItem\",\"position\":3,\"name\":\"Curcumin COMPLEX\"}]},{\"@type\":\"WebSite\",\"@id\":\"https:\/\/crownsportnutrition.com\/en\/#website\",\"url\":\"https:\/\/crownsportnutrition.com\/en\/\",\"name\":\"Crown Sport Nutrition, suplementaci\u00f3n deportiva\",\"description\":\"proteinas, recuperadores, gel energetico, barritas, bebida isotonica,[:en]Otro sitio realizado con WordPress\",\"publisher\":{\"@id\":\"https:\/\/crownsportnutrition.com\/en\/#organization\"},\"potentialAction\":[{\"@type\":\"SearchAction\",\"target\":{\"@type\":\"EntryPoint\",\"urlTemplate\":\"https:\/\/crownsportnutrition.com\/en\/?s={search_term_string}\"},\"query-input\":{\"@type\":\"PropertyValueSpecification\",\"valueRequired\":true,\"valueName\":\"search_term_string\"}}],\"inLanguage\":\"en-US\"},{\"@type\":\"Organization\",\"@id\":\"https:\/\/crownsportnutrition.com\/en\/#organization\",\"name\":\"Crown Sport Nutrition, sports supplementation\",\"alternateName\":\"Crown Sport Nutrition\",\"url\":\"https:\/\/crownsportnutrition.com\/en\/\",\"logo\":{\"@type\":\"ImageObject\",\"inLanguage\":\"en-US\",\"@id\":\"https:\/\/crownsportnutrition.com\/en\/#\/schema\/logo\/image\/\",\"url\":\"https:\/\/crownsportnutrition.com\/wp-content\/uploads\/2022\/06\/logo-CROWN-SPORT-NUTRITION1-1.png\",\"contentUrl\":\"https:\/\/crownsportnutrition.com\/wp-content\/uploads\/2022\/06\/logo-CROWN-SPORT-NUTRITION1-1.png\",\"width\":150,\"height\":58,\"caption\":\"Crown Sport Nutrition, sports supplementation\"},\"image\":{\"@id\":\"https:\/\/crownsportnutrition.com\/en\/#\/schema\/logo\/image\/\"},\"sameAs\":[\"https:\/\/www.facebook.com\/crownsportnutrition\",\"https:\/\/x.com\/crownsportnutri\",\"https:\/\/www.instagram.com\/crownsportnutrition\/\",\"https:\/\/www.linkedin.com\/company\/crownsportnutrition\"],\"description\":\"Crown Sport Nutrition es una marca espa\u00f1ola de suplementaci\u00f3n deportiva enfocada en producir solo productos con base cient\u00edfica y adem\u00e1s promover la investigaci\u00f3n cient\u00edfica mediante la publicaci\u00f3n de art\u00edculos sobre varios de sus productos en revistas cient\u00edficas de primer nivel. Se utilizan las mejores materias primas mezcladas en laboratorios punteros con las normas IFS (International Food Standard), con los mejores sabores y todo doping free. Crown Sport Nutrition es la primera empresa espa\u00f1ola en obtener la certificaci\u00f3n antidoping internacional por Informed Sport.\",\"email\":\"info@crownsportnutrition.com\",\"telephone\":\"+34 613 000 417\",\"legalName\":\"Crown Sport Nutrition\"}]}<\/script>\n<meta property=\"product:price:amount\" content=\"20.36\" \/>\n<meta property=\"product:price:currency\" content=\"EUR\" \/>\n<meta property=\"og:availability\" content=\"instock\" \/>\n<meta property=\"product:availability\" content=\"instock\" \/>\n<meta property=\"product:retailer_item_id\" content=\"337\" \/>\n<meta property=\"product:condition\" content=\"new\" \/>\n<!-- \/ Yoast SEO Premium plugin. -->","yoast_head_json":{"title":"Curcumin complex with ginger and piperine | Crown Sport Nutritioin","description":"Turmeric Curcumin with Ginger and Black Pepper (Piperine). High-purity extracts with anti-inflammatory, antioxidant by Crown Sport Nutrition.","robots":{"index":"index","follow":"follow","max-snippet":"max-snippet:-1","max-image-preview":"max-image-preview:large","max-video-preview":"max-video-preview:-1"},"canonical":"https:\/\/crownsportnutrition.com\/en\/producto\/curcumin-complex\/","og_locale":"en_US","og_type":"article","og_title":"Curcumin COMPLEX","og_description":"Turmeric Curcumin with Ginger and Black Pepper (Piperine). High-purity extracts with anti-inflammatory, antioxidant by Crown Sport Nutrition.","og_url":"https:\/\/crownsportnutrition.com\/en\/producto\/curcumin-complex\/","og_site_name":"Crown Sport Nutrition, sports supplementation","article_publisher":"https:\/\/www.facebook.com\/crownsportnutrition","article_modified_time":"2026-04-22T02:00:24+00:00","og_image":[{"width":1500,"height":1500,"url":"https:\/\/crownsportnutrition.com\/wp-content\/uploads\/2025\/08\/1-8437028069252.jpg","type":"image\/jpeg"}],"twitter_card":"summary_large_image","twitter_site":"@crownsportnutri","twitter_misc":{"Price":"20,36&euro;","Availability":"In stock"},"schema":{"@context":"https:\/\/schema.org","@graph":[{"@type":"WebPage","@id":"https:\/\/crownsportnutrition.com\/en\/producto\/curcumin-complex\/","url":"https:\/\/crownsportnutrition.com\/en\/producto\/curcumin-complex\/","name":"Curcumin complex with ginger and piperine | Crown Sport Nutritioin","isPartOf":{"@id":"https:\/\/crownsportnutrition.com\/en\/#website"},"primaryImageOfPage":{"@id":"https:\/\/crownsportnutrition.com\/en\/producto\/curcumin-complex\/#primaryimage"},"image":{"@id":"https:\/\/crownsportnutrition.com\/en\/producto\/curcumin-complex\/#primaryimage"},"thumbnailUrl":"https:\/\/crownsportnutrition.com\/wp-content\/uploads\/2025\/08\/1-8437028069252.jpg","datePublished":"2025-08-12T14:02:40+00:00","dateModified":"2026-04-22T02:00:24+00:00","description":"Turmeric Curcumin with Ginger and Black Pepper (Piperine). High-purity extracts with anti-inflammatory, antioxidant by Crown Sport Nutrition.","breadcrumb":{"@id":"https:\/\/crownsportnutrition.com\/en\/producto\/curcumin-complex\/#breadcrumb"},"inLanguage":"en-US","potentialAction":[{"@type":"ReadAction","target":["https:\/\/crownsportnutrition.com\/en\/producto\/curcumin-complex\/"]}]},{"@type":"ImageObject","inLanguage":"en-US","@id":"https:\/\/crownsportnutrition.com\/en\/producto\/curcumin-complex\/#primaryimage","url":"https:\/\/crownsportnutrition.com\/wp-content\/uploads\/2025\/08\/1-8437028069252.jpg","contentUrl":"https:\/\/crownsportnutrition.com\/wp-content\/uploads\/2025\/08\/1-8437028069252.jpg","width":1500,"height":1500},{"@type":"BreadcrumbList","@id":"https:\/\/crownsportnutrition.com\/en\/producto\/curcumin-complex\/#breadcrumb","itemListElement":[{"@type":"ListItem","position":1,"name":"Portada","item":"https:\/\/crownsportnutrition.com\/en\/"},{"@type":"ListItem","position":2,"name":"CROWN SHOP","item":"https:\/\/crownsportnutrition.com\/tienda\/"},{"@type":"ListItem","position":3,"name":"Curcumin COMPLEX"}]},{"@type":"WebSite","@id":"https:\/\/crownsportnutrition.com\/en\/#website","url":"https:\/\/crownsportnutrition.com\/en\/","name":"Crown Sport Nutrition, suplementaci\u00f3n deportiva","description":"proteinas, recuperadores, gel energetico, barritas, bebida isotonica,[:en]Otro sitio realizado con WordPress","publisher":{"@id":"https:\/\/crownsportnutrition.com\/en\/#organization"},"potentialAction":[{"@type":"SearchAction","target":{"@type":"EntryPoint","urlTemplate":"https:\/\/crownsportnutrition.com\/en\/?s={search_term_string}"},"query-input":{"@type":"PropertyValueSpecification","valueRequired":true,"valueName":"search_term_string"}}],"inLanguage":"en-US"},{"@type":"Organization","@id":"https:\/\/crownsportnutrition.com\/en\/#organization","name":"Crown Sport Nutrition, sports supplementation","alternateName":"Crown Sport Nutrition","url":"https:\/\/crownsportnutrition.com\/en\/","logo":{"@type":"ImageObject","inLanguage":"en-US","@id":"https:\/\/crownsportnutrition.com\/en\/#\/schema\/logo\/image\/","url":"https:\/\/crownsportnutrition.com\/wp-content\/uploads\/2022\/06\/logo-CROWN-SPORT-NUTRITION1-1.png","contentUrl":"https:\/\/crownsportnutrition.com\/wp-content\/uploads\/2022\/06\/logo-CROWN-SPORT-NUTRITION1-1.png","width":150,"height":58,"caption":"Crown Sport Nutrition, sports supplementation"},"image":{"@id":"https:\/\/crownsportnutrition.com\/en\/#\/schema\/logo\/image\/"},"sameAs":["https:\/\/www.facebook.com\/crownsportnutrition","https:\/\/x.com\/crownsportnutri","https:\/\/www.instagram.com\/crownsportnutrition\/","https:\/\/www.linkedin.com\/company\/crownsportnutrition"],"description":"Crown Sport Nutrition es una marca espa\u00f1ola de suplementaci\u00f3n deportiva enfocada en producir solo productos con base cient\u00edfica y adem\u00e1s promover la investigaci\u00f3n cient\u00edfica mediante la publicaci\u00f3n de art\u00edculos sobre varios de sus productos en revistas cient\u00edficas de primer nivel. Se utilizan las mejores materias primas mezcladas en laboratorios punteros con las normas IFS (International Food Standard), con los mejores sabores y todo doping free. Crown Sport Nutrition es la primera empresa espa\u00f1ola en obtener la certificaci\u00f3n antidoping internacional por Informed Sport.","email":"info@crownsportnutrition.com","telephone":"+34 613 000 417","legalName":"Crown Sport Nutrition"}]},"product_price_amount":"20.36","product_price_currency":"EUR","og_availability":"instock","product_availability":"instock","product_retailer_item_id":"337","product_condition":"new"},"taxonomy_info":{"product_cat":[{"value":117,"label":"Crossfit"},{"value":114,"label":"Cycling"},{"value":118,"label":"Football"},{"value":222,"label":"GLUTEN FREE"},{"value":120,"label":"Gym"},{"value":291,"label":"Handball"},{"value":282,"label":"HEALTH"},{"value":223,"label":"LACTOSE FREE"},{"value":121,"label":"Martial Arts"},{"value":793,"label":"RAW \u2013 0% artificial sweeteners"},{"value":115,"label":"Running"},{"value":292,"label":"Swimming"},{"value":119,"label":"Tennis"},{"value":116,"label":"Trail Running"},{"value":113,"label":"Triathlon"},{"value":188,"label":"VEGAN PRO LINE"}],"product_tag":[{"value":795,"label":"No artificial sweeteners"}]},"featured_image_src_large":["https:\/\/crownsportnutrition.com\/wp-content\/uploads\/2025\/08\/1-8437028069252-1024x1024.jpg",1024,1024,true],"author_info":[],"comment_info":"","_links":{"self":[{"href":"https:\/\/crownsportnutrition.com\/en\/wp-json\/wp\/v2\/product\/220154","targetHints":{"allow":["GET"]}}],"collection":[{"href":"https:\/\/crownsportnutrition.com\/en\/wp-json\/wp\/v2\/product"}],"about":[{"href":"https:\/\/crownsportnutrition.com\/en\/wp-json\/wp\/v2\/types\/product"}],"wp:featuredmedia":[{"embeddable":true,"href":"https:\/\/crownsportnutrition.com\/en\/wp-json\/wp\/v2\/media\/224399"}],"wp:attachment":[{"href":"https:\/\/crownsportnutrition.com\/en\/wp-json\/wp\/v2\/media?parent=220154"}],"wp:term":[{"taxonomy":"product_brand","embeddable":true,"href":"https:\/\/crownsportnutrition.com\/en\/wp-json\/wp\/v2\/product_brand?post=220154"},{"taxonomy":"product_cat","embeddable":true,"href":"https:\/\/crownsportnutrition.com\/en\/wp-json\/wp\/v2\/product_cat?post=220154"},{"taxonomy":"product_tag","embeddable":true,"href":"https:\/\/crownsportnutrition.com\/en\/wp-json\/wp\/v2\/product_tag?post=220154"}],"curies":[{"name":"wp","href":"https:\/\/api.w.org\/{rel}","templated":true}]}}