{"id":5693,"date":"2019-10-28T12:08:33","date_gmt":"2019-10-28T11:08:33","guid":{"rendered":"https:\/\/crownsportnutrition.com\/producto\/import-placeholder-for-4525\/"},"modified":"2026-04-04T07:05:07","modified_gmt":"2026-04-04T05:05:07","slug":"iso-whey-hydrolyzed","status":"publish","type":"product","link":"https:\/\/crownsportnutrition.com\/en\/producto\/iso-whey-hydrolyzed\/","title":{"rendered":"Iso Whey Hydrolyzed"},"content":{"rendered":"<p>Our protein is a premium blend of 3 powdered milk proteins with different absorption rates in a 1:1:1 ratio: Optipep\u00ae 90 hydrolyzed whey isolate, whey concentrate, and micellar casein.<\/p>\n<ul>\n<li><strong>78% protein<\/strong><\/li>\n<li><strong>3 types of milk protein<\/strong><\/li>\n<\/ul>\n<p><strong>Hydrolyzed ISO Whey<\/strong> is the best isolated and hydrolyzed whey protein on the market: Optipep\u00ae 90.<\/p>\n<ul>\n<li><strong>100% Optipep\u00ae Sports 90<\/strong><\/li>\n<li><strong>87% protein<\/strong><\/li>\n<li><strong>23.5 g protein \/ 5.5 g BCAA \/ 4.8 g Glutamine<\/strong><\/li>\n<li><strong>4 minerals<\/strong><\/li>\n<li><strong>Hydrolyzed: Ultra-fast absorption<\/strong><\/li>\n<li><strong>Only 1 ingredient<\/strong><\/li>\n<li><strong>Scientifically proven<\/strong><\/li>\n<\/ul>\n<p><em>To be taken after training<\/em><\/p>\n<ul>\n<li>More Strength<\/li>\n<li>Increased Muscle Mass<\/li>\n<li>More Power<\/li>\n<li>Faster Recovery<\/li>\n<\/ul>\n<p><strong>Hydrolyzed ISO Whey<\/strong> is the purest form of protein on the market with the fastest absorption rate.<\/p>\n<p><strong>Hydrolyzed ISO Whey<\/strong> contains only isolated and hydrolyzed whey protein Optipep\u00ae Sports 90, which stands out for its excellent performance and taste. Isolated and hydrolyzed milk protein has been proven effective for recovery, and for maximizing strength, power, and muscle mass gains (Cermak et al. 2012; Naclerio &amp; Larumbe 2015).<br \/>\nIt is also suitable for people with lactose intolerance due to its very low lactose content (0.7%).<br \/>\nThe taste and solubility are outstanding, as with all <strong>Crown Sport Nutrition<\/strong>\u00ae products.<\/p>\n<span class=\"kt-load-after-post\"><\/span>","protected":false},"excerpt":{"rendered":"<p>Protein isolate and hydrolyzed whey premium Optipep\u00ae Sports 90.<\/p>\n","protected":false},"featured_media":177904,"template":"","meta":{"_kad_blocks_custom_css":"","_kad_blocks_head_custom_js":"","_kad_blocks_body_custom_js":"","_kad_blocks_footer_custom_js":"","_kadence_starter_templates_imported_post":false,"_kad_post_transparent":"default","_kad_post_title":"","_kad_post_layout":"default","_kad_post_sidebar_id":"","_kad_post_content_style":"default","_kad_post_vertical_padding":"default","_kad_post_feature":"","_kad_post_feature_position":"","_kad_post_header":false,"_kad_post_footer":false,"_kad_post_classname":""},"product_brand":[],"product_cat":[243,117,222,120,121,173],"product_tag":[279],"class_list":{"0":"post-5693","1":"product","2":"type-product","3":"status-publish","4":"has-post-thumbnail","6":"product_cat-despues","7":"product_cat-crossfit","8":"product_cat-sin-gluten","9":"product_cat-gimnasio","10":"product_cat-artes-marciales","11":"product_cat-proteinas-y-aminoacidos","12":"product_tag-aislado-whey","14":"first","15":"instock","16":"sale","17":"taxable","18":"shipping-taxable","19":"purchasable","20":"product-type-variable","21":"has-default-attributes","22":"entry","23":"content-bg","24":"loop-entry"},"yoast_head":"<!-- This site is optimized with the Yoast SEO Premium plugin v27.2 (Yoast SEO v27.2) - https:\/\/yoast.com\/product\/yoast-seo-premium-wordpress\/ -->\n<title>ISO Whey hidrolizado: Prote\u00edna de whey de la m\u00e1s alta calidad<\/title>\n<meta name=\"description\" content=\"Optimiza tus resultados con ISO Whey hidrolizado. La mejor prote\u00edna aislada e hidrolizada de whey en el mercado. \u00a1Potencia tus entrenamientos y maximiza tu recuperaci\u00f3n!\" \/>\n<meta name=\"robots\" content=\"index, follow, max-snippet:-1, max-image-preview:large, max-video-preview:-1\" \/>\n<link rel=\"canonical\" href=\"https:\/\/crownsportnutrition.com\/en\/producto\/iso-whey-hydrolyzed\/\" \/>\n<meta property=\"og:locale\" content=\"en_US\" \/>\n<meta property=\"og:type\" content=\"article\" \/>\n<meta property=\"og:title\" content=\"Iso Whey Hydrolyzed\" \/>\n<meta property=\"og:description\" content=\"Optimiza tus resultados con ISO Whey hidrolizado. La mejor prote\u00edna aislada e hidrolizada de whey en el mercado. \u00a1Potencia tus entrenamientos y maximiza tu recuperaci\u00f3n!\" \/>\n<meta property=\"og:url\" content=\"https:\/\/crownsportnutrition.com\/en\/producto\/iso-whey-hydrolyzed\/\" \/>\n<meta property=\"og:site_name\" content=\"Crown Sport Nutrition, sports supplementation\" \/>\n<meta property=\"article:publisher\" content=\"https:\/\/www.facebook.com\/crownsportnutrition\" \/>\n<meta property=\"article:modified_time\" content=\"2026-04-04T05:05:07+00:00\" \/>\n<meta property=\"og:image\" content=\"https:\/\/crownsportnutrition.com\/wp-content\/uploads\/2019\/10\/1-8437014956047.jpg\" \/>\n\t<meta property=\"og:image:width\" content=\"1500\" \/>\n\t<meta property=\"og:image:height\" content=\"1500\" \/>\n\t<meta property=\"og:image:type\" content=\"image\/jpeg\" \/>\n<meta name=\"twitter:card\" content=\"summary_large_image\" \/>\n<meta name=\"twitter:site\" content=\"@crownsportnutri\" \/>\n<meta name=\"twitter:label1\" content=\"Availability\" \/>\n\t<meta name=\"twitter:data1\" content=\"In stock\" \/>\n<script type=\"application\/ld+json\" class=\"yoast-schema-graph\">{\"@context\":\"https:\/\/schema.org\",\"@graph\":[{\"@type\":\"WebPage\",\"@id\":\"https:\/\/crownsportnutrition.com\/en\/producto\/iso-whey-hydrolyzed\/\",\"url\":\"https:\/\/crownsportnutrition.com\/en\/producto\/iso-whey-hydrolyzed\/\",\"name\":\"ISO Whey hidrolizado: Prote\u00edna de whey de la m\u00e1s alta calidad\",\"isPartOf\":{\"@id\":\"https:\/\/crownsportnutrition.com\/en\/#website\"},\"primaryImageOfPage\":{\"@id\":\"https:\/\/crownsportnutrition.com\/en\/producto\/iso-whey-hydrolyzed\/#primaryimage\"},\"image\":{\"@id\":\"https:\/\/crownsportnutrition.com\/en\/producto\/iso-whey-hydrolyzed\/#primaryimage\"},\"thumbnailUrl\":\"https:\/\/crownsportnutrition.com\/wp-content\/uploads\/2019\/10\/1-8437014956047.jpg\",\"datePublished\":\"2019-10-28T11:08:33+00:00\",\"dateModified\":\"2026-04-04T05:05:07+00:00\",\"description\":\"Optimiza tus resultados con ISO Whey hidrolizado. La mejor prote\u00edna aislada e hidrolizada de whey en el mercado. \u00a1Potencia tus entrenamientos y maximiza tu recuperaci\u00f3n!\",\"breadcrumb\":{\"@id\":\"https:\/\/crownsportnutrition.com\/en\/producto\/iso-whey-hydrolyzed\/#breadcrumb\"},\"inLanguage\":\"en-US\",\"potentialAction\":[{\"@type\":\"ReadAction\",\"target\":[\"https:\/\/crownsportnutrition.com\/en\/producto\/iso-whey-hydrolyzed\/\"]}]},{\"@type\":\"ImageObject\",\"inLanguage\":\"en-US\",\"@id\":\"https:\/\/crownsportnutrition.com\/en\/producto\/iso-whey-hydrolyzed\/#primaryimage\",\"url\":\"https:\/\/crownsportnutrition.com\/wp-content\/uploads\/2019\/10\/1-8437014956047.jpg\",\"contentUrl\":\"https:\/\/crownsportnutrition.com\/wp-content\/uploads\/2019\/10\/1-8437014956047.jpg\",\"width\":1500,\"height\":1500},{\"@type\":\"BreadcrumbList\",\"@id\":\"https:\/\/crownsportnutrition.com\/en\/producto\/iso-whey-hydrolyzed\/#breadcrumb\",\"itemListElement\":[{\"@type\":\"ListItem\",\"position\":1,\"name\":\"Portada\",\"item\":\"https:\/\/crownsportnutrition.com\/en\/\"},{\"@type\":\"ListItem\",\"position\":2,\"name\":\"CROWN SHOP\",\"item\":\"https:\/\/crownsportnutrition.com\/tienda\/\"},{\"@type\":\"ListItem\",\"position\":3,\"name\":\"Iso Whey Hydrolyzed\"}]},{\"@type\":\"WebSite\",\"@id\":\"https:\/\/crownsportnutrition.com\/en\/#website\",\"url\":\"https:\/\/crownsportnutrition.com\/en\/\",\"name\":\"Crown Sport Nutrition, suplementaci\u00f3n deportiva\",\"description\":\"proteinas, recuperadores, gel energetico, barritas, bebida isotonica,[:en]Otro sitio realizado con WordPress\",\"publisher\":{\"@id\":\"https:\/\/crownsportnutrition.com\/en\/#organization\"},\"potentialAction\":[{\"@type\":\"SearchAction\",\"target\":{\"@type\":\"EntryPoint\",\"urlTemplate\":\"https:\/\/crownsportnutrition.com\/en\/?s={search_term_string}\"},\"query-input\":{\"@type\":\"PropertyValueSpecification\",\"valueRequired\":true,\"valueName\":\"search_term_string\"}}],\"inLanguage\":\"en-US\"},{\"@type\":\"Organization\",\"@id\":\"https:\/\/crownsportnutrition.com\/en\/#organization\",\"name\":\"Crown Sport Nutrition, sports supplementation\",\"alternateName\":\"Crown Sport Nutrition\",\"url\":\"https:\/\/crownsportnutrition.com\/en\/\",\"logo\":{\"@type\":\"ImageObject\",\"inLanguage\":\"en-US\",\"@id\":\"https:\/\/crownsportnutrition.com\/en\/#\/schema\/logo\/image\/\",\"url\":\"https:\/\/crownsportnutrition.com\/wp-content\/uploads\/2022\/06\/logo-CROWN-SPORT-NUTRITION1-1.png\",\"contentUrl\":\"https:\/\/crownsportnutrition.com\/wp-content\/uploads\/2022\/06\/logo-CROWN-SPORT-NUTRITION1-1.png\",\"width\":150,\"height\":58,\"caption\":\"Crown Sport Nutrition, sports supplementation\"},\"image\":{\"@id\":\"https:\/\/crownsportnutrition.com\/en\/#\/schema\/logo\/image\/\"},\"sameAs\":[\"https:\/\/www.facebook.com\/crownsportnutrition\",\"https:\/\/x.com\/crownsportnutri\",\"https:\/\/www.instagram.com\/crownsportnutrition\/\",\"https:\/\/www.linkedin.com\/company\/crownsportnutrition\"],\"description\":\"Crown Sport Nutrition es una marca espa\u00f1ola de suplementaci\u00f3n deportiva enfocada en producir solo productos con base cient\u00edfica y adem\u00e1s promover la investigaci\u00f3n cient\u00edfica mediante la publicaci\u00f3n de art\u00edculos sobre varios de sus productos en revistas cient\u00edficas de primer nivel. Se utilizan las mejores materias primas mezcladas en laboratorios punteros con las normas IFS (International Food Standard), con los mejores sabores y todo doping free. Crown Sport Nutrition es la primera empresa espa\u00f1ola en obtener la certificaci\u00f3n antidoping internacional por Informed Sport.\",\"email\":\"info@crownsportnutrition.com\",\"telephone\":\"+34 613 000 417\",\"legalName\":\"Crown Sport Nutrition\"}]}<\/script>\n<meta property=\"og:availability\" content=\"instock\" \/>\n<meta property=\"product:availability\" content=\"instock\" \/>\n<meta property=\"product:retailer_item_id\" content=\"104-.M\" \/>\n<meta property=\"product:condition\" content=\"new\" \/>\n<!-- \/ Yoast SEO Premium plugin. -->","yoast_head_json":{"title":"ISO Whey hidrolizado: Prote\u00edna de whey de la m\u00e1s alta calidad","description":"Optimiza tus resultados con ISO Whey hidrolizado. La mejor prote\u00edna aislada e hidrolizada de whey en el mercado. \u00a1Potencia tus entrenamientos y maximiza tu recuperaci\u00f3n!","robots":{"index":"index","follow":"follow","max-snippet":"max-snippet:-1","max-image-preview":"max-image-preview:large","max-video-preview":"max-video-preview:-1"},"canonical":"https:\/\/crownsportnutrition.com\/en\/producto\/iso-whey-hydrolyzed\/","og_locale":"en_US","og_type":"article","og_title":"Iso Whey Hydrolyzed","og_description":"Optimiza tus resultados con ISO Whey hidrolizado. La mejor prote\u00edna aislada e hidrolizada de whey en el mercado. \u00a1Potencia tus entrenamientos y maximiza tu recuperaci\u00f3n!","og_url":"https:\/\/crownsportnutrition.com\/en\/producto\/iso-whey-hydrolyzed\/","og_site_name":"Crown Sport Nutrition, sports supplementation","article_publisher":"https:\/\/www.facebook.com\/crownsportnutrition","article_modified_time":"2026-04-04T05:05:07+00:00","og_image":[{"width":1500,"height":1500,"url":"https:\/\/crownsportnutrition.com\/wp-content\/uploads\/2019\/10\/1-8437014956047.jpg","type":"image\/jpeg"}],"twitter_card":"summary_large_image","twitter_site":"@crownsportnutri","twitter_misc":{"Availability":"In stock"},"schema":{"@context":"https:\/\/schema.org","@graph":[{"@type":"WebPage","@id":"https:\/\/crownsportnutrition.com\/en\/producto\/iso-whey-hydrolyzed\/","url":"https:\/\/crownsportnutrition.com\/en\/producto\/iso-whey-hydrolyzed\/","name":"ISO Whey hidrolizado: Prote\u00edna de whey de la m\u00e1s alta calidad","isPartOf":{"@id":"https:\/\/crownsportnutrition.com\/en\/#website"},"primaryImageOfPage":{"@id":"https:\/\/crownsportnutrition.com\/en\/producto\/iso-whey-hydrolyzed\/#primaryimage"},"image":{"@id":"https:\/\/crownsportnutrition.com\/en\/producto\/iso-whey-hydrolyzed\/#primaryimage"},"thumbnailUrl":"https:\/\/crownsportnutrition.com\/wp-content\/uploads\/2019\/10\/1-8437014956047.jpg","datePublished":"2019-10-28T11:08:33+00:00","dateModified":"2026-04-04T05:05:07+00:00","description":"Optimiza tus resultados con ISO Whey hidrolizado. La mejor prote\u00edna aislada e hidrolizada de whey en el mercado. \u00a1Potencia tus entrenamientos y maximiza tu recuperaci\u00f3n!","breadcrumb":{"@id":"https:\/\/crownsportnutrition.com\/en\/producto\/iso-whey-hydrolyzed\/#breadcrumb"},"inLanguage":"en-US","potentialAction":[{"@type":"ReadAction","target":["https:\/\/crownsportnutrition.com\/en\/producto\/iso-whey-hydrolyzed\/"]}]},{"@type":"ImageObject","inLanguage":"en-US","@id":"https:\/\/crownsportnutrition.com\/en\/producto\/iso-whey-hydrolyzed\/#primaryimage","url":"https:\/\/crownsportnutrition.com\/wp-content\/uploads\/2019\/10\/1-8437014956047.jpg","contentUrl":"https:\/\/crownsportnutrition.com\/wp-content\/uploads\/2019\/10\/1-8437014956047.jpg","width":1500,"height":1500},{"@type":"BreadcrumbList","@id":"https:\/\/crownsportnutrition.com\/en\/producto\/iso-whey-hydrolyzed\/#breadcrumb","itemListElement":[{"@type":"ListItem","position":1,"name":"Portada","item":"https:\/\/crownsportnutrition.com\/en\/"},{"@type":"ListItem","position":2,"name":"CROWN SHOP","item":"https:\/\/crownsportnutrition.com\/tienda\/"},{"@type":"ListItem","position":3,"name":"Iso Whey Hydrolyzed"}]},{"@type":"WebSite","@id":"https:\/\/crownsportnutrition.com\/en\/#website","url":"https:\/\/crownsportnutrition.com\/en\/","name":"Crown Sport Nutrition, suplementaci\u00f3n deportiva","description":"proteinas, recuperadores, gel energetico, barritas, bebida isotonica,[:en]Otro sitio realizado con WordPress","publisher":{"@id":"https:\/\/crownsportnutrition.com\/en\/#organization"},"potentialAction":[{"@type":"SearchAction","target":{"@type":"EntryPoint","urlTemplate":"https:\/\/crownsportnutrition.com\/en\/?s={search_term_string}"},"query-input":{"@type":"PropertyValueSpecification","valueRequired":true,"valueName":"search_term_string"}}],"inLanguage":"en-US"},{"@type":"Organization","@id":"https:\/\/crownsportnutrition.com\/en\/#organization","name":"Crown Sport Nutrition, sports supplementation","alternateName":"Crown Sport Nutrition","url":"https:\/\/crownsportnutrition.com\/en\/","logo":{"@type":"ImageObject","inLanguage":"en-US","@id":"https:\/\/crownsportnutrition.com\/en\/#\/schema\/logo\/image\/","url":"https:\/\/crownsportnutrition.com\/wp-content\/uploads\/2022\/06\/logo-CROWN-SPORT-NUTRITION1-1.png","contentUrl":"https:\/\/crownsportnutrition.com\/wp-content\/uploads\/2022\/06\/logo-CROWN-SPORT-NUTRITION1-1.png","width":150,"height":58,"caption":"Crown Sport Nutrition, sports supplementation"},"image":{"@id":"https:\/\/crownsportnutrition.com\/en\/#\/schema\/logo\/image\/"},"sameAs":["https:\/\/www.facebook.com\/crownsportnutrition","https:\/\/x.com\/crownsportnutri","https:\/\/www.instagram.com\/crownsportnutrition\/","https:\/\/www.linkedin.com\/company\/crownsportnutrition"],"description":"Crown Sport Nutrition es una marca espa\u00f1ola de suplementaci\u00f3n deportiva enfocada en producir solo productos con base cient\u00edfica y adem\u00e1s promover la investigaci\u00f3n cient\u00edfica mediante la publicaci\u00f3n de art\u00edculos sobre varios de sus productos en revistas cient\u00edficas de primer nivel. Se utilizan las mejores materias primas mezcladas en laboratorios punteros con las normas IFS (International Food Standard), con los mejores sabores y todo doping free. Crown Sport Nutrition es la primera empresa espa\u00f1ola en obtener la certificaci\u00f3n antidoping internacional por Informed Sport.","email":"info@crownsportnutrition.com","telephone":"+34 613 000 417","legalName":"Crown Sport Nutrition"}]},"og_availability":"instock","product_availability":"instock","product_retailer_item_id":"104-.M","product_condition":"new"},"taxonomy_info":{"product_cat":[{"value":243,"label":"After"},{"value":117,"label":"Crossfit"},{"value":222,"label":"GLUTEN FREE"},{"value":120,"label":"Gym"},{"value":121,"label":"Martial Arts"},{"value":173,"label":"PROTEINS &amp; AMINO ACIDS"}],"product_tag":[{"value":279,"label":"aislado whey"}]},"featured_image_src_large":["https:\/\/crownsportnutrition.com\/wp-content\/uploads\/2019\/10\/1-8437014956047-1024x1024.jpg",1024,1024,true],"author_info":[],"comment_info":"","_links":{"self":[{"href":"https:\/\/crownsportnutrition.com\/en\/wp-json\/wp\/v2\/product\/5693","targetHints":{"allow":["GET"]}}],"collection":[{"href":"https:\/\/crownsportnutrition.com\/en\/wp-json\/wp\/v2\/product"}],"about":[{"href":"https:\/\/crownsportnutrition.com\/en\/wp-json\/wp\/v2\/types\/product"}],"wp:featuredmedia":[{"embeddable":true,"href":"https:\/\/crownsportnutrition.com\/en\/wp-json\/wp\/v2\/media\/177904"}],"wp:attachment":[{"href":"https:\/\/crownsportnutrition.com\/en\/wp-json\/wp\/v2\/media?parent=5693"}],"wp:term":[{"taxonomy":"product_brand","embeddable":true,"href":"https:\/\/crownsportnutrition.com\/en\/wp-json\/wp\/v2\/product_brand?post=5693"},{"taxonomy":"product_cat","embeddable":true,"href":"https:\/\/crownsportnutrition.com\/en\/wp-json\/wp\/v2\/product_cat?post=5693"},{"taxonomy":"product_tag","embeddable":true,"href":"https:\/\/crownsportnutrition.com\/en\/wp-json\/wp\/v2\/product_tag?post=5693"}],"curies":[{"name":"wp","href":"https:\/\/api.w.org\/{rel}","templated":true}]}}