{"id":5694,"date":"2019-10-28T12:08:33","date_gmt":"2019-10-28T11:08:33","guid":{"rendered":"https:\/\/crownsportnutrition.com\/producto\/import-placeholder-for-4547\/"},"modified":"2026-04-13T12:05:14","modified_gmt":"2026-04-13T10:05:14","slug":"isodrink-energy","status":"publish","type":"product","link":"https:\/\/crownsportnutrition.com\/en\/producto\/isodrink-energy\/","title":{"rendered":"Isotonic Drink (Isodrink &#038; Energy)"},"content":{"rendered":"<picture><source srcset=\"https:\/\/media.crownsportnutrition.com\/img\/informed-banners\/107.5.avif\" type=\"image\/avif\" \/><source srcset=\"https:\/\/media.crownsportnutrition.com\/img\/informed-banners\/107.5.webp\" type=\"image\/webp\" \/><img decoding=\"async\" src=\"https:\/\/media.crownsportnutrition.com\/img\/informed-banners\/107.5.jpg\" alt=\"Informed Sport anti-doping certification\" \/><\/picture>\n<h4>Isotonic Drink &#8211; ISODRINK &amp; ENERGY<\/h4>\n<div>Our <strong>Isodrink &amp; Energy<\/strong> is a premium quality powdered sports drink with a composition that provides all the necessary ingredients not only to maintain but to improve performance in your training sessions and competitions.<br \/>\nIsotonic replenishment drink with added amino acids:<\/div>\n<ul>\n<li><strong>Carbohydrate blend in 2:1:1 ratio (Dextrose:Maltodextrin:Fructose)<\/strong><\/li>\n<li><strong>With added Branched Chain Amino Acids (BCAAs) and L-Glutamine<\/strong><\/li>\n<li><strong>With bioavailable mineral sources<\/strong><\/li>\n<li><strong>Anti-doping certified by Informed-Sport<\/strong><\/li>\n<li><strong>Incredible taste and digestibility<\/strong><\/li>\n<li><strong>Vegan friendly and allergen-free<\/strong><\/li>\n<\/ul>\n<h6><u>Drinking only water<\/u> to replenish lost fluids <u>is not enough<\/u><\/h6>\n<p>It has been proven that replenishing fluids along with carbohydrates and electrolytes (mineral salts) during exercise can prevent dehydration and thus delay fatigue, leading to improved performance (Wagenmakers, A.J., et al. JAP. 1993).<\/p>\n<p>\u201cDrinking only water to replace fluids can dilute plasma and reduce osmolality and electrolytes, achieving the opposite of the desired effect. Likewise, a drink with a high concentration of minerals increases plasma osmolality, reduces sweating and thermoregulation, raising body temperature (Gregor, R.J. et al., 2000). This not only affects performance but can also pose a health risk.\u201d<\/p>\n<h6><strong>Carbohydrates: Dextrose, Maltodextrin and Fructose<\/strong><\/h6>\n<p>Isodrink &amp; Energy includes a 2:1:1 matrix of Dextrose, Maltodextrin and Fructose. In prolonged exercise (over 1.5 h), this combination improves gastric emptying and fluid absorption, allowing for carbohydrate assimilation above 60 g\/h (Currell, K., 2008; Earnest, C.P., 2004). Exogenous carbohydrates also help reduce the immunosuppressive effects of intense exercise (Nieman, D.C., 1998).<\/p>\n<h6>Electrolytes &amp; salts<\/h6>\n<p>Minerals, better known as electrolytes or salts, in addition to the previously mentioned benefits, also enhance the antidiuretic effect, leading to less fluid excretion by the kidneys and therefore improving hydration (Coso, J.D. et al., APNM. 2008).<\/p>\n<h6>Sodium<\/h6>\n<p>The most important is <strong>sodium (Na)<\/strong>, as it is the one we lose the most through sweat and is essential for maintaining hydration during physical activity (NDA Panel. EFSA Journal. 2011). It also provides <strong>potassium (K)<\/strong> in adequate proportions and in a highly bioavailable form, potassium citrate.<\/p>\n<h6>BCAAs &amp; Glutamine<\/h6>\n<p>This advanced formula, suitable for all levels, includes BCAAs and Glutamine. The combination of amino acids with carbohydrates reduces markers of muscle damage (Valentine, R.J. et al., 2008) and decreases glycogen usage by promoting fat oxidation. It also minimizes Central Fatigue Syndrome by reducing serotonin (Kerksick, C.M. et al., 2018). Glutamine improves intestinal permeability, reducing gastrointestinal discomfort.<\/p>\n<p>As a <strong>summary and conclusion<\/strong>, science tells us that athletes should consume carbohydrate and electrolyte solutions to maintain blood glucose levels, prevent dehydration, and reduce immunosuppressive effects during intense physical activity (Kerksick, C.M. et al., JISSN. 2018).<\/p>\n<p>And don\u2019t forget that <strong>Isodrink &amp; Energy<\/strong> is 100% safe as it is <strong>anti-doping certified<\/strong> by <strong>Informed-Sport (Lemon and Red Fruits flavors)<\/strong>.<\/p>\n<p><strong>Flavors:<\/strong> Lemon, Red Fruits and Orange\/Mandarin<br \/>\n<strong>Formats:<\/strong> 640 g jar (20 servings) or box of 10 single-dose sachets (32 g)<\/p>\n<span class=\"kt-load-after-post\"><\/span>","protected":false},"excerpt":{"rendered":"<p>Premium isotonic with carbohydrates, salts and amino acids in proportions according to science. Banned substance tested by Informed Sport.<\/p>\n","protected":false},"featured_media":219432,"template":"","meta":{"_kad_blocks_custom_css":"","_kad_blocks_head_custom_js":"","_kad_blocks_body_custom_js":"","_kad_blocks_footer_custom_js":"","_kadence_starter_templates_imported_post":false,"_kad_post_transparent":"default","_kad_post_title":"","_kad_post_layout":"default","_kad_post_sidebar_id":"","_kad_post_content_style":"default","_kad_post_vertical_padding":"default","_kad_post_feature":"","_kad_post_feature_position":"","_kad_post_header":false,"_kad_post_footer":false,"_kad_post_classname":""},"product_brand":[],"product_cat":[241,117,114,242,118,222,291,171,794,290,223,121,115,292,119,116,113,188],"product_tag":[229,158,230,231],"class_list":{"0":"post-5694","1":"product","2":"type-product","3":"status-publish","4":"has-post-thumbnail","6":"product_cat-antes","7":"product_cat-crossfit","8":"product_cat-ciclismo","9":"product_cat-durante","10":"product_cat-futbol","11":"product_cat-sin-gluten","12":"product_cat-balonmano","13":"product_cat-hidratacion-y-energia-2","14":"product_cat-informed-sport-banned-substance-tested","15":"product_cat-isotonico","16":"product_cat-sin-lactosa","17":"product_cat-artes-marciales","18":"product_cat-running","19":"product_cat-natacion","20":"product_cat-tenis","21":"product_cat-trail-running","22":"product_cat-triatlon","23":"product_cat-vegan-pro-line-2","24":"product_tag-bebida-isotonica","25":"product_tag-isotonico","26":"product_tag-isotonico-ciclismo","27":"product_tag-isotonico-triatlon","29":"first","30":"instock","31":"taxable","32":"shipping-taxable","33":"purchasable","34":"product-type-variable","35":"has-default-attributes","36":"entry","37":"content-bg","38":"loop-entry"},"yoast_head":"<!-- This site is optimized with the Yoast SEO Premium plugin v27.2 (Yoast SEO v27.2) - https:\/\/yoast.com\/product\/yoast-seo-premium-wordpress\/ -->\n<title>Bebida Isot\u00f3nica de Alto rendimiento<\/title>\n<meta name=\"description\" content=\"Mejora tu rendimiento deportivo con nuestra Bebida Isot\u00f3nica (Isodrink &amp; Energy) de primera calidad. Aporta todos los nutrientes necesarios para tus entrenamientos y competiciones. \u00a1Pru\u00e9bala ahora!\" \/>\n<meta name=\"robots\" content=\"index, follow, max-snippet:-1, max-image-preview:large, max-video-preview:-1\" \/>\n<link rel=\"canonical\" href=\"https:\/\/crownsportnutrition.com\/en\/producto\/isodrink-energy\/\" \/>\n<meta property=\"og:locale\" content=\"en_US\" \/>\n<meta property=\"og:type\" content=\"article\" \/>\n<meta property=\"og:title\" content=\"Isotonic Drink (Isodrink &amp; Energy)\" \/>\n<meta property=\"og:description\" content=\"Mejora tu rendimiento deportivo con nuestra Bebida Isot\u00f3nica (Isodrink &amp; Energy) de primera calidad. Aporta todos los nutrientes necesarios para tus entrenamientos y competiciones. \u00a1Pru\u00e9bala ahora!\" \/>\n<meta property=\"og:url\" content=\"https:\/\/crownsportnutrition.com\/en\/producto\/isodrink-energy\/\" \/>\n<meta property=\"og:site_name\" content=\"Crown Sport Nutrition, sports supplementation\" \/>\n<meta property=\"article:publisher\" content=\"https:\/\/www.facebook.com\/crownsportnutrition\" \/>\n<meta property=\"article:modified_time\" content=\"2026-04-13T10:05:14+00:00\" \/>\n<meta property=\"og:image\" content=\"https:\/\/crownsportnutrition.com\/wp-content\/uploads\/2019\/10\/107.1_IsoDrink_Lemon_Tin_Image_1.jpg\" \/>\n\t<meta property=\"og:image:width\" content=\"1500\" \/>\n\t<meta property=\"og:image:height\" content=\"1500\" \/>\n\t<meta property=\"og:image:type\" content=\"image\/jpeg\" \/>\n<meta name=\"twitter:card\" content=\"summary_large_image\" \/>\n<meta name=\"twitter:site\" content=\"@crownsportnutri\" \/>\n<meta name=\"twitter:label1\" content=\"Availability\" \/>\n\t<meta name=\"twitter:data1\" content=\"In stock\" \/>\n<script type=\"application\/ld+json\" class=\"yoast-schema-graph\">{\"@context\":\"https:\/\/schema.org\",\"@graph\":[{\"@type\":\"WebPage\",\"@id\":\"https:\/\/crownsportnutrition.com\/en\/producto\/isodrink-energy\/\",\"url\":\"https:\/\/crownsportnutrition.com\/en\/producto\/isodrink-energy\/\",\"name\":\"Bebida Isot\u00f3nica de Alto rendimiento\",\"isPartOf\":{\"@id\":\"https:\/\/crownsportnutrition.com\/en\/#website\"},\"primaryImageOfPage\":{\"@id\":\"https:\/\/crownsportnutrition.com\/en\/producto\/isodrink-energy\/#primaryimage\"},\"image\":{\"@id\":\"https:\/\/crownsportnutrition.com\/en\/producto\/isodrink-energy\/#primaryimage\"},\"thumbnailUrl\":\"https:\/\/crownsportnutrition.com\/wp-content\/uploads\/2019\/10\/107.1_IsoDrink_Lemon_Tin_Image_1.jpg\",\"datePublished\":\"2019-10-28T11:08:33+00:00\",\"dateModified\":\"2026-04-13T10:05:14+00:00\",\"description\":\"Mejora tu rendimiento deportivo con nuestra Bebida Isot\u00f3nica (Isodrink & Energy) de primera calidad. Aporta todos los nutrientes necesarios para tus entrenamientos y competiciones. \u00a1Pru\u00e9bala ahora!\",\"breadcrumb\":{\"@id\":\"https:\/\/crownsportnutrition.com\/en\/producto\/isodrink-energy\/#breadcrumb\"},\"inLanguage\":\"en-US\",\"potentialAction\":[{\"@type\":\"ReadAction\",\"target\":[\"https:\/\/crownsportnutrition.com\/en\/producto\/isodrink-energy\/\"]}]},{\"@type\":\"ImageObject\",\"inLanguage\":\"en-US\",\"@id\":\"https:\/\/crownsportnutrition.com\/en\/producto\/isodrink-energy\/#primaryimage\",\"url\":\"https:\/\/crownsportnutrition.com\/wp-content\/uploads\/2019\/10\/107.1_IsoDrink_Lemon_Tin_Image_1.jpg\",\"contentUrl\":\"https:\/\/crownsportnutrition.com\/wp-content\/uploads\/2019\/10\/107.1_IsoDrink_Lemon_Tin_Image_1.jpg\",\"width\":1500,\"height\":1500},{\"@type\":\"BreadcrumbList\",\"@id\":\"https:\/\/crownsportnutrition.com\/en\/producto\/isodrink-energy\/#breadcrumb\",\"itemListElement\":[{\"@type\":\"ListItem\",\"position\":1,\"name\":\"Portada\",\"item\":\"https:\/\/crownsportnutrition.com\/en\/\"},{\"@type\":\"ListItem\",\"position\":2,\"name\":\"CROWN SHOP\",\"item\":\"https:\/\/crownsportnutrition.com\/tienda\/\"},{\"@type\":\"ListItem\",\"position\":3,\"name\":\"Isotonic Drink (Isodrink &#038; Energy)\"}]},{\"@type\":\"WebSite\",\"@id\":\"https:\/\/crownsportnutrition.com\/en\/#website\",\"url\":\"https:\/\/crownsportnutrition.com\/en\/\",\"name\":\"Crown Sport Nutrition, suplementaci\u00f3n deportiva\",\"description\":\"proteinas, recuperadores, gel energetico, barritas, bebida isotonica,[:en]Otro sitio realizado con WordPress\",\"publisher\":{\"@id\":\"https:\/\/crownsportnutrition.com\/en\/#organization\"},\"potentialAction\":[{\"@type\":\"SearchAction\",\"target\":{\"@type\":\"EntryPoint\",\"urlTemplate\":\"https:\/\/crownsportnutrition.com\/en\/?s={search_term_string}\"},\"query-input\":{\"@type\":\"PropertyValueSpecification\",\"valueRequired\":true,\"valueName\":\"search_term_string\"}}],\"inLanguage\":\"en-US\"},{\"@type\":\"Organization\",\"@id\":\"https:\/\/crownsportnutrition.com\/en\/#organization\",\"name\":\"Crown Sport Nutrition, sports supplementation\",\"alternateName\":\"Crown Sport Nutrition\",\"url\":\"https:\/\/crownsportnutrition.com\/en\/\",\"logo\":{\"@type\":\"ImageObject\",\"inLanguage\":\"en-US\",\"@id\":\"https:\/\/crownsportnutrition.com\/en\/#\/schema\/logo\/image\/\",\"url\":\"https:\/\/crownsportnutrition.com\/wp-content\/uploads\/2022\/06\/logo-CROWN-SPORT-NUTRITION1-1.png\",\"contentUrl\":\"https:\/\/crownsportnutrition.com\/wp-content\/uploads\/2022\/06\/logo-CROWN-SPORT-NUTRITION1-1.png\",\"width\":150,\"height\":58,\"caption\":\"Crown Sport Nutrition, sports supplementation\"},\"image\":{\"@id\":\"https:\/\/crownsportnutrition.com\/en\/#\/schema\/logo\/image\/\"},\"sameAs\":[\"https:\/\/www.facebook.com\/crownsportnutrition\",\"https:\/\/x.com\/crownsportnutri\",\"https:\/\/www.instagram.com\/crownsportnutrition\/\",\"https:\/\/www.linkedin.com\/company\/crownsportnutrition\"],\"description\":\"Crown Sport Nutrition es una marca espa\u00f1ola de suplementaci\u00f3n deportiva enfocada en producir solo productos con base cient\u00edfica y adem\u00e1s promover la investigaci\u00f3n cient\u00edfica mediante la publicaci\u00f3n de art\u00edculos sobre varios de sus productos en revistas cient\u00edficas de primer nivel. Se utilizan las mejores materias primas mezcladas en laboratorios punteros con las normas IFS (International Food Standard), con los mejores sabores y todo doping free. Crown Sport Nutrition es la primera empresa espa\u00f1ola en obtener la certificaci\u00f3n antidoping internacional por Informed Sport.\",\"email\":\"info@crownsportnutrition.com\",\"telephone\":\"+34 613 000 417\",\"legalName\":\"Crown Sport Nutrition\"}]}<\/script>\n<meta property=\"og:availability\" content=\"instock\" \/>\n<meta property=\"product:availability\" content=\"instock\" \/>\n<meta property=\"product:retailer_item_id\" content=\"107-.M\" \/>\n<meta property=\"product:condition\" content=\"new\" \/>\n<!-- \/ Yoast SEO Premium plugin. -->","yoast_head_json":{"title":"Bebida Isot\u00f3nica de Alto rendimiento","description":"Mejora tu rendimiento deportivo con nuestra Bebida Isot\u00f3nica (Isodrink & Energy) de primera calidad. Aporta todos los nutrientes necesarios para tus entrenamientos y competiciones. \u00a1Pru\u00e9bala ahora!","robots":{"index":"index","follow":"follow","max-snippet":"max-snippet:-1","max-image-preview":"max-image-preview:large","max-video-preview":"max-video-preview:-1"},"canonical":"https:\/\/crownsportnutrition.com\/en\/producto\/isodrink-energy\/","og_locale":"en_US","og_type":"article","og_title":"Isotonic Drink (Isodrink & Energy)","og_description":"Mejora tu rendimiento deportivo con nuestra Bebida Isot\u00f3nica (Isodrink & Energy) de primera calidad. Aporta todos los nutrientes necesarios para tus entrenamientos y competiciones. \u00a1Pru\u00e9bala ahora!","og_url":"https:\/\/crownsportnutrition.com\/en\/producto\/isodrink-energy\/","og_site_name":"Crown Sport Nutrition, sports supplementation","article_publisher":"https:\/\/www.facebook.com\/crownsportnutrition","article_modified_time":"2026-04-13T10:05:14+00:00","og_image":[{"width":1500,"height":1500,"url":"https:\/\/crownsportnutrition.com\/wp-content\/uploads\/2019\/10\/107.1_IsoDrink_Lemon_Tin_Image_1.jpg","type":"image\/jpeg"}],"twitter_card":"summary_large_image","twitter_site":"@crownsportnutri","twitter_misc":{"Availability":"In stock"},"schema":{"@context":"https:\/\/schema.org","@graph":[{"@type":"WebPage","@id":"https:\/\/crownsportnutrition.com\/en\/producto\/isodrink-energy\/","url":"https:\/\/crownsportnutrition.com\/en\/producto\/isodrink-energy\/","name":"Bebida Isot\u00f3nica de Alto rendimiento","isPartOf":{"@id":"https:\/\/crownsportnutrition.com\/en\/#website"},"primaryImageOfPage":{"@id":"https:\/\/crownsportnutrition.com\/en\/producto\/isodrink-energy\/#primaryimage"},"image":{"@id":"https:\/\/crownsportnutrition.com\/en\/producto\/isodrink-energy\/#primaryimage"},"thumbnailUrl":"https:\/\/crownsportnutrition.com\/wp-content\/uploads\/2019\/10\/107.1_IsoDrink_Lemon_Tin_Image_1.jpg","datePublished":"2019-10-28T11:08:33+00:00","dateModified":"2026-04-13T10:05:14+00:00","description":"Mejora tu rendimiento deportivo con nuestra Bebida Isot\u00f3nica (Isodrink & Energy) de primera calidad. Aporta todos los nutrientes necesarios para tus entrenamientos y competiciones. \u00a1Pru\u00e9bala ahora!","breadcrumb":{"@id":"https:\/\/crownsportnutrition.com\/en\/producto\/isodrink-energy\/#breadcrumb"},"inLanguage":"en-US","potentialAction":[{"@type":"ReadAction","target":["https:\/\/crownsportnutrition.com\/en\/producto\/isodrink-energy\/"]}]},{"@type":"ImageObject","inLanguage":"en-US","@id":"https:\/\/crownsportnutrition.com\/en\/producto\/isodrink-energy\/#primaryimage","url":"https:\/\/crownsportnutrition.com\/wp-content\/uploads\/2019\/10\/107.1_IsoDrink_Lemon_Tin_Image_1.jpg","contentUrl":"https:\/\/crownsportnutrition.com\/wp-content\/uploads\/2019\/10\/107.1_IsoDrink_Lemon_Tin_Image_1.jpg","width":1500,"height":1500},{"@type":"BreadcrumbList","@id":"https:\/\/crownsportnutrition.com\/en\/producto\/isodrink-energy\/#breadcrumb","itemListElement":[{"@type":"ListItem","position":1,"name":"Portada","item":"https:\/\/crownsportnutrition.com\/en\/"},{"@type":"ListItem","position":2,"name":"CROWN SHOP","item":"https:\/\/crownsportnutrition.com\/tienda\/"},{"@type":"ListItem","position":3,"name":"Isotonic Drink (Isodrink &#038; Energy)"}]},{"@type":"WebSite","@id":"https:\/\/crownsportnutrition.com\/en\/#website","url":"https:\/\/crownsportnutrition.com\/en\/","name":"Crown Sport Nutrition, suplementaci\u00f3n deportiva","description":"proteinas, recuperadores, gel energetico, barritas, bebida isotonica,[:en]Otro sitio realizado con WordPress","publisher":{"@id":"https:\/\/crownsportnutrition.com\/en\/#organization"},"potentialAction":[{"@type":"SearchAction","target":{"@type":"EntryPoint","urlTemplate":"https:\/\/crownsportnutrition.com\/en\/?s={search_term_string}"},"query-input":{"@type":"PropertyValueSpecification","valueRequired":true,"valueName":"search_term_string"}}],"inLanguage":"en-US"},{"@type":"Organization","@id":"https:\/\/crownsportnutrition.com\/en\/#organization","name":"Crown Sport Nutrition, sports supplementation","alternateName":"Crown Sport Nutrition","url":"https:\/\/crownsportnutrition.com\/en\/","logo":{"@type":"ImageObject","inLanguage":"en-US","@id":"https:\/\/crownsportnutrition.com\/en\/#\/schema\/logo\/image\/","url":"https:\/\/crownsportnutrition.com\/wp-content\/uploads\/2022\/06\/logo-CROWN-SPORT-NUTRITION1-1.png","contentUrl":"https:\/\/crownsportnutrition.com\/wp-content\/uploads\/2022\/06\/logo-CROWN-SPORT-NUTRITION1-1.png","width":150,"height":58,"caption":"Crown Sport Nutrition, sports supplementation"},"image":{"@id":"https:\/\/crownsportnutrition.com\/en\/#\/schema\/logo\/image\/"},"sameAs":["https:\/\/www.facebook.com\/crownsportnutrition","https:\/\/x.com\/crownsportnutri","https:\/\/www.instagram.com\/crownsportnutrition\/","https:\/\/www.linkedin.com\/company\/crownsportnutrition"],"description":"Crown Sport Nutrition es una marca espa\u00f1ola de suplementaci\u00f3n deportiva enfocada en producir solo productos con base cient\u00edfica y adem\u00e1s promover la investigaci\u00f3n cient\u00edfica mediante la publicaci\u00f3n de art\u00edculos sobre varios de sus productos en revistas cient\u00edficas de primer nivel. Se utilizan las mejores materias primas mezcladas en laboratorios punteros con las normas IFS (International Food Standard), con los mejores sabores y todo doping free. Crown Sport Nutrition es la primera empresa espa\u00f1ola en obtener la certificaci\u00f3n antidoping internacional por Informed Sport.","email":"info@crownsportnutrition.com","telephone":"+34 613 000 417","legalName":"Crown Sport Nutrition"}]},"og_availability":"instock","product_availability":"instock","product_retailer_item_id":"107-.M","product_condition":"new"},"taxonomy_info":{"product_cat":[{"value":241,"label":"Before"},{"value":117,"label":"Crossfit"},{"value":114,"label":"Cycling"},{"value":242,"label":"During"},{"value":118,"label":"Football"},{"value":222,"label":"GLUTEN FREE"},{"value":291,"label":"Handball"},{"value":171,"label":"HYDRATION &amp; ENERGY"},{"value":794,"label":"INFORMED SPORT \u2013 BANNED SUBSTANCE TESTED"},{"value":290,"label":"ISOTONIC"},{"value":223,"label":"LACTOSE FREE"},{"value":121,"label":"Martial Arts"},{"value":115,"label":"Running"},{"value":292,"label":"Swimming"},{"value":119,"label":"Tennis"},{"value":116,"label":"Trail Running"},{"value":113,"label":"Triathlon"},{"value":188,"label":"VEGAN PRO LINE"}],"product_tag":[{"value":229,"label":"Bebida Isot\u00f3nica"},{"value":158,"label":"isotonico"},{"value":230,"label":"Isot\u00f3nico ciclismo"},{"value":231,"label":"Isot\u00f3nico Triatl\u00f3n"}]},"featured_image_src_large":["https:\/\/crownsportnutrition.com\/wp-content\/uploads\/2019\/10\/107.1_IsoDrink_Lemon_Tin_Image_1-1024x1024.jpg",1024,1024,true],"author_info":[],"comment_info":"","_links":{"self":[{"href":"https:\/\/crownsportnutrition.com\/en\/wp-json\/wp\/v2\/product\/5694","targetHints":{"allow":["GET"]}}],"collection":[{"href":"https:\/\/crownsportnutrition.com\/en\/wp-json\/wp\/v2\/product"}],"about":[{"href":"https:\/\/crownsportnutrition.com\/en\/wp-json\/wp\/v2\/types\/product"}],"wp:featuredmedia":[{"embeddable":true,"href":"https:\/\/crownsportnutrition.com\/en\/wp-json\/wp\/v2\/media\/219432"}],"wp:attachment":[{"href":"https:\/\/crownsportnutrition.com\/en\/wp-json\/wp\/v2\/media?parent=5694"}],"wp:term":[{"taxonomy":"product_brand","embeddable":true,"href":"https:\/\/crownsportnutrition.com\/en\/wp-json\/wp\/v2\/product_brand?post=5694"},{"taxonomy":"product_cat","embeddable":true,"href":"https:\/\/crownsportnutrition.com\/en\/wp-json\/wp\/v2\/product_cat?post=5694"},{"taxonomy":"product_tag","embeddable":true,"href":"https:\/\/crownsportnutrition.com\/en\/wp-json\/wp\/v2\/product_tag?post=5694"}],"curies":[{"name":"wp","href":"https:\/\/api.w.org\/{rel}","templated":true}]}}