{"id":5701,"date":"2019-10-28T12:08:33","date_gmt":"2019-10-28T11:08:33","guid":{"rendered":"https:\/\/crownsportnutrition.com\/producto\/import-placeholder-for-4573\/"},"modified":"2026-04-22T05:04:29","modified_gmt":"2026-04-22T03:04:29","slug":"sequential-protein","status":"publish","type":"product","link":"https:\/\/crownsportnutrition.com\/en\/producto\/sequential-protein\/","title":{"rendered":"Sequential &amp; Night Protein"},"content":{"rendered":"<h2><b>Premium night protein blend with long-lasting absorption<\/b><\/h2>\n<p><b>Sequential &amp; Night Protein<\/b> is a premium blend of 3 milk proteins with different absorption rates in a 1:1:1 ratio. Hydrolyzed whey isolate Optipep\u00ae 90, whey concentrate and micellar casein.<\/p>\n<ul>\n<li><strong>78% protein<\/strong><\/li>\n<li><strong>3 types of milk protein<\/strong><\/li>\n<li><strong>4 minerals<\/strong><\/li>\n<li><strong>Long-lasting and sequential absorption<\/strong><\/li>\n<li><strong>Scientifically proven<\/strong><\/li>\n<\/ul>\n<p><em>To be taken between meals or before bedtime<\/em><\/p>\n<ul>\n<li>Improved recovery<\/li>\n<li>Increased strength<\/li>\n<li>Increased muscle mass<\/li>\n<li>More power<\/li>\n<\/ul>\n<p><strong>Sequential &amp; Night Protein<\/strong> is a blend of 3 premium quality milk proteins, each with a different absorption speed in a 1:1:1 ratio. Its 3 ingredients are the acclaimed hydrolyzed and isolated whey protein (WPH) Optipep\u00ae 90 with ultra-fast absorption, the whey protein concentrate (WPC) from Arla\u00ae with medium speed, and Micellar Casein (MC), the best casein on the market with low and prolonged absorption.<br \/>\nRecent research has found that protein with different absorption speeds can be even more effective than hydrolyzed protein post-workout (Reidy et al 2013 JN; Reidy et al 2014 JAP).<br \/>\nIt is also suitable for consumption between meals and before bedtime to prevent muscle catabolism thanks to its sequential and long-lasting action.<br \/>\nThe flavor and solubility are spectacular, as with all <strong>Crown Sport Nutrition<\/strong>\u00ae products.<\/p>\n<p><strong>Ingredients (Chocolate):<\/strong> (29%) Hydrolyzed whey protein isolate (Optipep\u00ae Sports 90) (emulsifier: soy lecithin), (29%) whey protein concentrate (emulsifier: soy lecithin), (29%) micellar casein, defatted cocoa powder, flavors, sweetener: sucralose. <strong>Contains milk proteins, lactose and soy lecithin.<\/strong><\/p>\n<span class=\"kt-load-after-post\"><\/span>","protected":false},"excerpt":{"rendered":"<p>Premium protein with different absorption rates. Ideal for post workout or before bed.<\/p>\n","protected":false},"featured_media":177825,"template":"","meta":{"_kad_blocks_custom_css":"","_kad_blocks_head_custom_js":"","_kad_blocks_body_custom_js":"","_kad_blocks_footer_custom_js":"","_kadence_starter_templates_imported_post":false,"_kad_post_transparent":"default","_kad_post_title":"","_kad_post_layout":"default","_kad_post_sidebar_id":"","_kad_post_content_style":"default","_kad_post_vertical_padding":"default","_kad_post_feature":"","_kad_post_feature_position":"","_kad_post_header":false,"_kad_post_footer":false,"_kad_post_classname":""},"product_brand":[],"product_cat":[117,114,118,222,120,121,173,172,115,119,116,113],"product_tag":[],"class_list":{"0":"post-5701","1":"product","2":"type-product","3":"status-publish","4":"has-post-thumbnail","6":"product_cat-crossfit","7":"product_cat-ciclismo","8":"product_cat-futbol","9":"product_cat-sin-gluten","10":"product_cat-gimnasio","11":"product_cat-artes-marciales","12":"product_cat-proteinas-y-aminoacidos","13":"product_cat-recuperacion","14":"product_cat-running","15":"product_cat-tenis","16":"product_cat-trail-running","17":"product_cat-triatlon","19":"first","20":"instock","21":"taxable","22":"shipping-taxable","23":"purchasable","24":"product-type-variable","25":"has-default-attributes","26":"entry","27":"content-bg","28":"loop-entry"},"yoast_head":"<!-- This site is optimized with the Yoast SEO Premium plugin v27.2 (Yoast SEO v27.2) - https:\/\/yoast.com\/product\/yoast-seo-premium-wordpress\/ -->\n<title>Prote\u00edna Secuencial: Mezcla de 3 Prote\u00ednas Alto Rendimiento<\/title>\n<meta name=\"description\" content=\"Nuestra prote\u00edna secuencial. Con 3 tipos de prote\u00ednas y 4 minerales, es ideal para tomar entre horas o antes de dormir. \u00a1Potencia tu rendimiento!\" \/>\n<meta name=\"robots\" content=\"index, follow, max-snippet:-1, max-image-preview:large, max-video-preview:-1\" \/>\n<link rel=\"canonical\" href=\"https:\/\/crownsportnutrition.com\/en\/producto\/sequential-protein\/\" \/>\n<meta property=\"og:locale\" content=\"en_US\" \/>\n<meta property=\"og:type\" content=\"article\" \/>\n<meta property=\"og:title\" content=\"Sequential &amp; Night Protein\" \/>\n<meta property=\"og:description\" content=\"Nuestra prote\u00edna secuencial. Con 3 tipos de prote\u00ednas y 4 minerales, es ideal para tomar entre horas o antes de dormir. \u00a1Potencia tu rendimiento!\" \/>\n<meta property=\"og:url\" content=\"https:\/\/crownsportnutrition.com\/en\/producto\/sequential-protein\/\" \/>\n<meta property=\"og:site_name\" content=\"Crown Sport Nutrition, sports supplementation\" \/>\n<meta property=\"article:publisher\" content=\"https:\/\/www.facebook.com\/crownsportnutrition\" \/>\n<meta property=\"article:modified_time\" content=\"2026-04-22T03:04:29+00:00\" \/>\n<meta property=\"og:image\" content=\"https:\/\/crownsportnutrition.com\/wp-content\/uploads\/2019\/10\/1-8437014956115.jpg\" \/>\n\t<meta property=\"og:image:width\" content=\"1500\" \/>\n\t<meta property=\"og:image:height\" content=\"1500\" \/>\n\t<meta property=\"og:image:type\" content=\"image\/jpeg\" \/>\n<meta name=\"twitter:card\" content=\"summary_large_image\" \/>\n<meta name=\"twitter:site\" content=\"@crownsportnutri\" \/>\n<meta name=\"twitter:label1\" content=\"Availability\" \/>\n\t<meta name=\"twitter:data1\" content=\"In stock\" \/>\n<script type=\"application\/ld+json\" class=\"yoast-schema-graph\">{\"@context\":\"https:\/\/schema.org\",\"@graph\":[{\"@type\":\"WebPage\",\"@id\":\"https:\/\/crownsportnutrition.com\/en\/producto\/sequential-protein\/\",\"url\":\"https:\/\/crownsportnutrition.com\/en\/producto\/sequential-protein\/\",\"name\":\"Prote\u00edna Secuencial: Mezcla de 3 Prote\u00ednas Alto Rendimiento\",\"isPartOf\":{\"@id\":\"https:\/\/crownsportnutrition.com\/en\/#website\"},\"primaryImageOfPage\":{\"@id\":\"https:\/\/crownsportnutrition.com\/en\/producto\/sequential-protein\/#primaryimage\"},\"image\":{\"@id\":\"https:\/\/crownsportnutrition.com\/en\/producto\/sequential-protein\/#primaryimage\"},\"thumbnailUrl\":\"https:\/\/crownsportnutrition.com\/wp-content\/uploads\/2019\/10\/1-8437014956115.jpg\",\"datePublished\":\"2019-10-28T11:08:33+00:00\",\"dateModified\":\"2026-04-22T03:04:29+00:00\",\"description\":\"Nuestra prote\u00edna secuencial. Con 3 tipos de prote\u00ednas y 4 minerales, es ideal para tomar entre horas o antes de dormir. \u00a1Potencia tu rendimiento!\",\"breadcrumb\":{\"@id\":\"https:\/\/crownsportnutrition.com\/en\/producto\/sequential-protein\/#breadcrumb\"},\"inLanguage\":\"en-US\",\"potentialAction\":[{\"@type\":\"ReadAction\",\"target\":[\"https:\/\/crownsportnutrition.com\/en\/producto\/sequential-protein\/\"]}]},{\"@type\":\"ImageObject\",\"inLanguage\":\"en-US\",\"@id\":\"https:\/\/crownsportnutrition.com\/en\/producto\/sequential-protein\/#primaryimage\",\"url\":\"https:\/\/crownsportnutrition.com\/wp-content\/uploads\/2019\/10\/1-8437014956115.jpg\",\"contentUrl\":\"https:\/\/crownsportnutrition.com\/wp-content\/uploads\/2019\/10\/1-8437014956115.jpg\",\"width\":1500,\"height\":1500},{\"@type\":\"BreadcrumbList\",\"@id\":\"https:\/\/crownsportnutrition.com\/en\/producto\/sequential-protein\/#breadcrumb\",\"itemListElement\":[{\"@type\":\"ListItem\",\"position\":1,\"name\":\"Portada\",\"item\":\"https:\/\/crownsportnutrition.com\/en\/\"},{\"@type\":\"ListItem\",\"position\":2,\"name\":\"CROWN SHOP\",\"item\":\"https:\/\/crownsportnutrition.com\/tienda\/\"},{\"@type\":\"ListItem\",\"position\":3,\"name\":\"Sequential &amp; Night Protein\"}]},{\"@type\":\"WebSite\",\"@id\":\"https:\/\/crownsportnutrition.com\/en\/#website\",\"url\":\"https:\/\/crownsportnutrition.com\/en\/\",\"name\":\"Crown Sport Nutrition, suplementaci\u00f3n deportiva\",\"description\":\"proteinas, recuperadores, gel energetico, barritas, bebida isotonica,[:en]Otro sitio realizado con WordPress\",\"publisher\":{\"@id\":\"https:\/\/crownsportnutrition.com\/en\/#organization\"},\"potentialAction\":[{\"@type\":\"SearchAction\",\"target\":{\"@type\":\"EntryPoint\",\"urlTemplate\":\"https:\/\/crownsportnutrition.com\/en\/?s={search_term_string}\"},\"query-input\":{\"@type\":\"PropertyValueSpecification\",\"valueRequired\":true,\"valueName\":\"search_term_string\"}}],\"inLanguage\":\"en-US\"},{\"@type\":\"Organization\",\"@id\":\"https:\/\/crownsportnutrition.com\/en\/#organization\",\"name\":\"Crown Sport Nutrition, sports supplementation\",\"alternateName\":\"Crown Sport Nutrition\",\"url\":\"https:\/\/crownsportnutrition.com\/en\/\",\"logo\":{\"@type\":\"ImageObject\",\"inLanguage\":\"en-US\",\"@id\":\"https:\/\/crownsportnutrition.com\/en\/#\/schema\/logo\/image\/\",\"url\":\"https:\/\/crownsportnutrition.com\/wp-content\/uploads\/2022\/06\/logo-CROWN-SPORT-NUTRITION1-1.png\",\"contentUrl\":\"https:\/\/crownsportnutrition.com\/wp-content\/uploads\/2022\/06\/logo-CROWN-SPORT-NUTRITION1-1.png\",\"width\":150,\"height\":58,\"caption\":\"Crown Sport Nutrition, sports supplementation\"},\"image\":{\"@id\":\"https:\/\/crownsportnutrition.com\/en\/#\/schema\/logo\/image\/\"},\"sameAs\":[\"https:\/\/www.facebook.com\/crownsportnutrition\",\"https:\/\/x.com\/crownsportnutri\",\"https:\/\/www.instagram.com\/crownsportnutrition\/\",\"https:\/\/www.linkedin.com\/company\/crownsportnutrition\"],\"description\":\"Crown Sport Nutrition es una marca espa\u00f1ola de suplementaci\u00f3n deportiva enfocada en producir solo productos con base cient\u00edfica y adem\u00e1s promover la investigaci\u00f3n cient\u00edfica mediante la publicaci\u00f3n de art\u00edculos sobre varios de sus productos en revistas cient\u00edficas de primer nivel. Se utilizan las mejores materias primas mezcladas en laboratorios punteros con las normas IFS (International Food Standard), con los mejores sabores y todo doping free. Crown Sport Nutrition es la primera empresa espa\u00f1ola en obtener la certificaci\u00f3n antidoping internacional por Informed Sport.\",\"email\":\"info@crownsportnutrition.com\",\"telephone\":\"+34 613 000 417\",\"legalName\":\"Crown Sport Nutrition\"}]}<\/script>\n<meta property=\"og:availability\" content=\"instock\" \/>\n<meta property=\"product:availability\" content=\"instock\" \/>\n<meta property=\"product:retailer_item_id\" content=\"103.M\" \/>\n<meta property=\"product:condition\" content=\"new\" \/>\n<!-- \/ Yoast SEO Premium plugin. -->","yoast_head_json":{"title":"Prote\u00edna Secuencial: Mezcla de 3 Prote\u00ednas Alto Rendimiento","description":"Nuestra prote\u00edna secuencial. Con 3 tipos de prote\u00ednas y 4 minerales, es ideal para tomar entre horas o antes de dormir. \u00a1Potencia tu rendimiento!","robots":{"index":"index","follow":"follow","max-snippet":"max-snippet:-1","max-image-preview":"max-image-preview:large","max-video-preview":"max-video-preview:-1"},"canonical":"https:\/\/crownsportnutrition.com\/en\/producto\/sequential-protein\/","og_locale":"en_US","og_type":"article","og_title":"Sequential &amp; Night Protein","og_description":"Nuestra prote\u00edna secuencial. Con 3 tipos de prote\u00ednas y 4 minerales, es ideal para tomar entre horas o antes de dormir. \u00a1Potencia tu rendimiento!","og_url":"https:\/\/crownsportnutrition.com\/en\/producto\/sequential-protein\/","og_site_name":"Crown Sport Nutrition, sports supplementation","article_publisher":"https:\/\/www.facebook.com\/crownsportnutrition","article_modified_time":"2026-04-22T03:04:29+00:00","og_image":[{"width":1500,"height":1500,"url":"https:\/\/crownsportnutrition.com\/wp-content\/uploads\/2019\/10\/1-8437014956115.jpg","type":"image\/jpeg"}],"twitter_card":"summary_large_image","twitter_site":"@crownsportnutri","twitter_misc":{"Availability":"In stock"},"schema":{"@context":"https:\/\/schema.org","@graph":[{"@type":"WebPage","@id":"https:\/\/crownsportnutrition.com\/en\/producto\/sequential-protein\/","url":"https:\/\/crownsportnutrition.com\/en\/producto\/sequential-protein\/","name":"Prote\u00edna Secuencial: Mezcla de 3 Prote\u00ednas Alto Rendimiento","isPartOf":{"@id":"https:\/\/crownsportnutrition.com\/en\/#website"},"primaryImageOfPage":{"@id":"https:\/\/crownsportnutrition.com\/en\/producto\/sequential-protein\/#primaryimage"},"image":{"@id":"https:\/\/crownsportnutrition.com\/en\/producto\/sequential-protein\/#primaryimage"},"thumbnailUrl":"https:\/\/crownsportnutrition.com\/wp-content\/uploads\/2019\/10\/1-8437014956115.jpg","datePublished":"2019-10-28T11:08:33+00:00","dateModified":"2026-04-22T03:04:29+00:00","description":"Nuestra prote\u00edna secuencial. Con 3 tipos de prote\u00ednas y 4 minerales, es ideal para tomar entre horas o antes de dormir. \u00a1Potencia tu rendimiento!","breadcrumb":{"@id":"https:\/\/crownsportnutrition.com\/en\/producto\/sequential-protein\/#breadcrumb"},"inLanguage":"en-US","potentialAction":[{"@type":"ReadAction","target":["https:\/\/crownsportnutrition.com\/en\/producto\/sequential-protein\/"]}]},{"@type":"ImageObject","inLanguage":"en-US","@id":"https:\/\/crownsportnutrition.com\/en\/producto\/sequential-protein\/#primaryimage","url":"https:\/\/crownsportnutrition.com\/wp-content\/uploads\/2019\/10\/1-8437014956115.jpg","contentUrl":"https:\/\/crownsportnutrition.com\/wp-content\/uploads\/2019\/10\/1-8437014956115.jpg","width":1500,"height":1500},{"@type":"BreadcrumbList","@id":"https:\/\/crownsportnutrition.com\/en\/producto\/sequential-protein\/#breadcrumb","itemListElement":[{"@type":"ListItem","position":1,"name":"Portada","item":"https:\/\/crownsportnutrition.com\/en\/"},{"@type":"ListItem","position":2,"name":"CROWN SHOP","item":"https:\/\/crownsportnutrition.com\/tienda\/"},{"@type":"ListItem","position":3,"name":"Sequential &amp; Night Protein"}]},{"@type":"WebSite","@id":"https:\/\/crownsportnutrition.com\/en\/#website","url":"https:\/\/crownsportnutrition.com\/en\/","name":"Crown Sport Nutrition, suplementaci\u00f3n deportiva","description":"proteinas, recuperadores, gel energetico, barritas, bebida isotonica,[:en]Otro sitio realizado con WordPress","publisher":{"@id":"https:\/\/crownsportnutrition.com\/en\/#organization"},"potentialAction":[{"@type":"SearchAction","target":{"@type":"EntryPoint","urlTemplate":"https:\/\/crownsportnutrition.com\/en\/?s={search_term_string}"},"query-input":{"@type":"PropertyValueSpecification","valueRequired":true,"valueName":"search_term_string"}}],"inLanguage":"en-US"},{"@type":"Organization","@id":"https:\/\/crownsportnutrition.com\/en\/#organization","name":"Crown Sport Nutrition, sports supplementation","alternateName":"Crown Sport Nutrition","url":"https:\/\/crownsportnutrition.com\/en\/","logo":{"@type":"ImageObject","inLanguage":"en-US","@id":"https:\/\/crownsportnutrition.com\/en\/#\/schema\/logo\/image\/","url":"https:\/\/crownsportnutrition.com\/wp-content\/uploads\/2022\/06\/logo-CROWN-SPORT-NUTRITION1-1.png","contentUrl":"https:\/\/crownsportnutrition.com\/wp-content\/uploads\/2022\/06\/logo-CROWN-SPORT-NUTRITION1-1.png","width":150,"height":58,"caption":"Crown Sport Nutrition, sports supplementation"},"image":{"@id":"https:\/\/crownsportnutrition.com\/en\/#\/schema\/logo\/image\/"},"sameAs":["https:\/\/www.facebook.com\/crownsportnutrition","https:\/\/x.com\/crownsportnutri","https:\/\/www.instagram.com\/crownsportnutrition\/","https:\/\/www.linkedin.com\/company\/crownsportnutrition"],"description":"Crown Sport Nutrition es una marca espa\u00f1ola de suplementaci\u00f3n deportiva enfocada en producir solo productos con base cient\u00edfica y adem\u00e1s promover la investigaci\u00f3n cient\u00edfica mediante la publicaci\u00f3n de art\u00edculos sobre varios de sus productos en revistas cient\u00edficas de primer nivel. Se utilizan las mejores materias primas mezcladas en laboratorios punteros con las normas IFS (International Food Standard), con los mejores sabores y todo doping free. Crown Sport Nutrition es la primera empresa espa\u00f1ola en obtener la certificaci\u00f3n antidoping internacional por Informed Sport.","email":"info@crownsportnutrition.com","telephone":"+34 613 000 417","legalName":"Crown Sport Nutrition"}]},"og_availability":"instock","product_availability":"instock","product_retailer_item_id":"103.M","product_condition":"new"},"taxonomy_info":{"product_cat":[{"value":117,"label":"Crossfit"},{"value":114,"label":"Cycling"},{"value":118,"label":"Football"},{"value":222,"label":"GLUTEN FREE"},{"value":120,"label":"Gym"},{"value":121,"label":"Martial Arts"},{"value":173,"label":"PROTEINS &amp; AMINO ACIDS"},{"value":172,"label":"RECOVERY"},{"value":115,"label":"Running"},{"value":119,"label":"Tennis"},{"value":116,"label":"Trail Running"},{"value":113,"label":"Triathlon"}]},"featured_image_src_large":["https:\/\/crownsportnutrition.com\/wp-content\/uploads\/2019\/10\/1-8437014956115-1024x1024.jpg",1024,1024,true],"author_info":[],"comment_info":"","_links":{"self":[{"href":"https:\/\/crownsportnutrition.com\/en\/wp-json\/wp\/v2\/product\/5701","targetHints":{"allow":["GET"]}}],"collection":[{"href":"https:\/\/crownsportnutrition.com\/en\/wp-json\/wp\/v2\/product"}],"about":[{"href":"https:\/\/crownsportnutrition.com\/en\/wp-json\/wp\/v2\/types\/product"}],"wp:featuredmedia":[{"embeddable":true,"href":"https:\/\/crownsportnutrition.com\/en\/wp-json\/wp\/v2\/media\/177825"}],"wp:attachment":[{"href":"https:\/\/crownsportnutrition.com\/en\/wp-json\/wp\/v2\/media?parent=5701"}],"wp:term":[{"taxonomy":"product_brand","embeddable":true,"href":"https:\/\/crownsportnutrition.com\/en\/wp-json\/wp\/v2\/product_brand?post=5701"},{"taxonomy":"product_cat","embeddable":true,"href":"https:\/\/crownsportnutrition.com\/en\/wp-json\/wp\/v2\/product_cat?post=5701"},{"taxonomy":"product_tag","embeddable":true,"href":"https:\/\/crownsportnutrition.com\/en\/wp-json\/wp\/v2\/product_tag?post=5701"}],"curies":[{"name":"wp","href":"https:\/\/api.w.org\/{rel}","templated":true}]}}