{"id":5706,"date":"2019-10-28T12:08:34","date_gmt":"2019-10-28T11:08:34","guid":{"rendered":"https:\/\/crownsportnutrition.com\/producto\/import-placeholder-for-4580\/"},"modified":"2026-04-09T04:04:19","modified_gmt":"2026-04-09T02:04:19","slug":"100-all-beef","status":"publish","type":"product","link":"https:\/\/crownsportnutrition.com\/en\/producto\/100-all-beef\/","title":{"rendered":"100% All Beef (Vanilla flavour) &#8211; 200 g Tin (20 intakes)"},"content":{"rendered":"<h4>WHY CROWN SPORT NUTRITION? (41 SEC)?<\/h4>\n<div>\n<div class=\"entry-content-asset videofit\"><iframe loading=\"lazy\" title=\"Crown Sport Nutrition - High Performance Specialists\" width=\"720\" height=\"405\" src=\"https:\/\/www.youtube.com\/embed\/SvA4rFEtFk4?feature=oembed&#038;enablejsapi=1&#038;origin=https:\/\/crownsportnutrition.com\" frameborder=\"0\" allow=\"accelerometer; autoplay; clipboard-write; encrypted-media; gyroscope; picture-in-picture; web-share\" referrerpolicy=\"strict-origin-when-cross-origin\" allowfullscreen><\/iframe><\/div>\n<\/div>\n<p>We have concentrated 600% on a powder only the best nutrients from the best beef with an unique and innovative process creating 100% ALL BEEF. It only contains the best nutrients without fat and cholesterol.<\/p>\n<h3>THE BEST NUTRIENTS FROM THE BEST BEEF<\/h3>\n<p>100% ALL BEEF is a powdered food from a 100% natural source, pure Argentine beef, the best in the world.<br \/>\nIt is an hydrolyzed and concentrated through an innovative process allowing the complete extraction of the best nutrients from it (without cholesterol) and an almost instantaneous assimilation in your body, 15 minutes.<br \/>\nThe beef comes from the best cuts of the best Argentine cows, selected for its good food by grazing.<\/p>\n<p>&nbsp;<\/p>\n<p><center><img decoding=\"async\" src=\"\/wp-content\/uploads\/2019\/11\/vacuno-1.png\" alt=\"VITAMINS\" width=\"257\" height=\"257\" \/><\/center><\/p>\n<h3>PROTEIN, VITAMINS, MINERALS AND FATS UNSATURATED<\/h3>\n<p>100% ALL BEEF contains 78.5% protein, unsaturated fats, 12 vitamins and 8 minerals from a single ingredient.<br \/>\nThe synergy between all these nutrients due to the natural(non-pharmacological) source is the secret of its powerful effect.<br \/>\nThe effect of Heme Iron, Zinc, Vitamin B12 and certain amino acids naturally combined make 100% All Beef a food which increases iron and ferritin<\/p>\n<p><center><img decoding=\"async\" src=\"\/wp-content\/uploads\/2019\/11\/producto3.png\" alt=\"grasas insaturated\" width=\"304\" height=\"277\" \/><\/center><\/p>\n<h3>EASY TO CONSUME, WITHOUT INDIGESTIONS<\/h3>\n<ul>\n<li>100% ALL BEEF is a powder to include in the post-workout on training days and your breakfast on non-training days.<\/li>\n<li>Its portion is 10 to 20 grams (1 or 2 scoops a day) in sweet drinks, juices, milk, yogurt, water, desserts etc. It has vanilla flavor.<\/li>\n<li>Because of its raw material, it is a food that does not generate any type of indigestion, swelling, caking and \/ or side effects.<\/li>\n<\/ul>\n<p>&nbsp;<\/p>\n<p><center><img decoding=\"async\" src=\"\/wp-content\/uploads\/2019\/11\/producto4.png\" alt=\"fuerza y potencia\" width=\"258\" height=\"257\" \/><\/center><\/p>\n<span class=\"kt-load-after-post\"><\/span>","protected":false},"excerpt":{"rendered":"<p>Only concentrated beef in the world. 4 scientific articles published in high impact journals indexed (Q1). Helps in increasing iron and ferritin, improved body composition and improved immune system.<\/p>\n","protected":false},"featured_media":95247,"template":"","meta":{"_kad_blocks_custom_css":"","_kad_blocks_head_custom_js":"","_kad_blocks_body_custom_js":"","_kad_blocks_footer_custom_js":"","_kadence_starter_templates_imported_post":false,"_kad_post_transparent":"default","_kad_post_title":"","_kad_post_layout":"default","_kad_post_sidebar_id":"","_kad_post_content_style":"default","_kad_post_vertical_padding":"default","_kad_post_feature":"","_kad_post_feature_position":"","_kad_post_header":false,"_kad_post_footer":false,"_kad_post_classname":""},"product_brand":[],"product_cat":[117,114,118,222,223,121,173,115,221,119,116,113,91],"product_tag":[],"class_list":{"0":"post-5706","1":"product","2":"type-product","3":"status-publish","4":"has-post-thumbnail","6":"product_cat-crossfit","7":"product_cat-ciclismo","8":"product_cat-futbol","9":"product_cat-sin-gluten","10":"product_cat-sin-lactosa","11":"product_cat-artes-marciales","12":"product_cat-proteinas-y-aminoacidos","13":"product_cat-running","14":"product_cat-st-line-scientific-tested","15":"product_cat-tenis","16":"product_cat-trail-running","17":"product_cat-triatlon","18":"product_cat-principales","20":"first","21":"outofstock","22":"taxable","23":"shipping-taxable","24":"purchasable","25":"product-type-simple","26":"entry","27":"content-bg","28":"loop-entry"},"yoast_head":"<!-- This site is optimized with the Yoast SEO Premium plugin v27.2 (Yoast SEO v27.2) - https:\/\/yoast.com\/product\/yoast-seo-premium-wordpress\/ -->\n<title>100% All Beef (Vanilla flavour) &#8211; 200 g Tin (20 intakes) - Crown Sport Nutrition, sports supplementation<\/title>\n<meta name=\"description\" content=\"Only concentrated beef in the world. 4 scientific articles published in high impact journals indexed (Q1). Helps in increasing iron and ferritin, improved body composition and improved immune system.\" \/>\n<meta name=\"robots\" content=\"index, follow, max-snippet:-1, max-image-preview:large, max-video-preview:-1\" \/>\n<link rel=\"canonical\" href=\"https:\/\/crownsportnutrition.com\/en\/producto\/100-all-beef\/\" \/>\n<meta property=\"og:locale\" content=\"en_US\" \/>\n<meta property=\"og:type\" content=\"article\" \/>\n<meta property=\"og:title\" content=\"100% All Beef (Vanilla flavour) - 200 g Tin (20 intakes)\" \/>\n<meta property=\"og:description\" content=\"Only concentrated beef in the world. 4 scientific articles published in high impact journals indexed (Q1). Helps in increasing iron and ferritin, improved body composition and improved immune system.\" \/>\n<meta property=\"og:url\" content=\"https:\/\/crownsportnutrition.com\/en\/producto\/100-all-beef\/\" \/>\n<meta property=\"og:site_name\" content=\"Crown Sport Nutrition, sports supplementation\" \/>\n<meta property=\"article:publisher\" content=\"https:\/\/www.facebook.com\/crownsportnutrition\" \/>\n<meta property=\"article:modified_time\" content=\"2026-04-09T02:04:19+00:00\" \/>\n<meta property=\"og:image\" content=\"https:\/\/crownsportnutrition.com\/wp-content\/uploads\/2019\/10\/100_Bote_All_Beef_800.jpg\" \/>\n\t<meta property=\"og:image:width\" content=\"800\" \/>\n\t<meta property=\"og:image:height\" content=\"800\" \/>\n\t<meta property=\"og:image:type\" content=\"image\/jpeg\" \/>\n<meta name=\"twitter:card\" content=\"summary_large_image\" \/>\n<meta name=\"twitter:site\" content=\"@crownsportnutri\" \/>\n<meta name=\"twitter:label1\" content=\"Price\" \/>\n\t<meta name=\"twitter:data1\" content=\"51,77&euro;\" \/>\n\t<meta name=\"twitter:label2\" content=\"Availability\" \/>\n\t<meta name=\"twitter:data2\" content=\"Out of stock\" \/>\n<script type=\"application\/ld+json\" class=\"yoast-schema-graph\">{\"@context\":\"https:\/\/schema.org\",\"@graph\":[{\"@type\":\"WebPage\",\"@id\":\"https:\/\/crownsportnutrition.com\/en\/producto\/100-all-beef\/\",\"url\":\"https:\/\/crownsportnutrition.com\/en\/producto\/100-all-beef\/\",\"name\":\"100% All Beef (Vanilla flavour) &#8211; 200 g Tin (20 intakes) - Crown Sport Nutrition, sports supplementation\",\"isPartOf\":{\"@id\":\"https:\/\/crownsportnutrition.com\/en\/#website\"},\"primaryImageOfPage\":{\"@id\":\"https:\/\/crownsportnutrition.com\/en\/producto\/100-all-beef\/#primaryimage\"},\"image\":{\"@id\":\"https:\/\/crownsportnutrition.com\/en\/producto\/100-all-beef\/#primaryimage\"},\"thumbnailUrl\":\"https:\/\/crownsportnutrition.com\/wp-content\/uploads\/2019\/10\/100_Bote_All_Beef_800.jpg\",\"datePublished\":\"2019-10-28T11:08:34+00:00\",\"dateModified\":\"2026-04-09T02:04:19+00:00\",\"description\":\"Only concentrated beef in the world. 4 scientific articles published in high impact journals indexed (Q1). Helps in increasing iron and ferritin, improved body composition and improved immune system.\",\"breadcrumb\":{\"@id\":\"https:\/\/crownsportnutrition.com\/en\/producto\/100-all-beef\/#breadcrumb\"},\"inLanguage\":\"en-US\",\"potentialAction\":[{\"@type\":\"ReadAction\",\"target\":[\"https:\/\/crownsportnutrition.com\/en\/producto\/100-all-beef\/\"]}]},{\"@type\":\"ImageObject\",\"inLanguage\":\"en-US\",\"@id\":\"https:\/\/crownsportnutrition.com\/en\/producto\/100-all-beef\/#primaryimage\",\"url\":\"https:\/\/crownsportnutrition.com\/wp-content\/uploads\/2019\/10\/100_Bote_All_Beef_800.jpg\",\"contentUrl\":\"https:\/\/crownsportnutrition.com\/wp-content\/uploads\/2019\/10\/100_Bote_All_Beef_800.jpg\",\"width\":800,\"height\":800},{\"@type\":\"BreadcrumbList\",\"@id\":\"https:\/\/crownsportnutrition.com\/en\/producto\/100-all-beef\/#breadcrumb\",\"itemListElement\":[{\"@type\":\"ListItem\",\"position\":1,\"name\":\"Portada\",\"item\":\"https:\/\/crownsportnutrition.com\/en\/\"},{\"@type\":\"ListItem\",\"position\":2,\"name\":\"CROWN SHOP\",\"item\":\"https:\/\/crownsportnutrition.com\/tienda\/\"},{\"@type\":\"ListItem\",\"position\":3,\"name\":\"100% All Beef (Vanilla flavour) &#8211; 200 g Tin (20 intakes)\"}]},{\"@type\":\"WebSite\",\"@id\":\"https:\/\/crownsportnutrition.com\/en\/#website\",\"url\":\"https:\/\/crownsportnutrition.com\/en\/\",\"name\":\"Crown Sport Nutrition, suplementaci\u00f3n deportiva\",\"description\":\"proteinas, recuperadores, gel energetico, barritas, bebida isotonica,[:en]Otro sitio realizado con WordPress\",\"publisher\":{\"@id\":\"https:\/\/crownsportnutrition.com\/en\/#organization\"},\"potentialAction\":[{\"@type\":\"SearchAction\",\"target\":{\"@type\":\"EntryPoint\",\"urlTemplate\":\"https:\/\/crownsportnutrition.com\/en\/?s={search_term_string}\"},\"query-input\":{\"@type\":\"PropertyValueSpecification\",\"valueRequired\":true,\"valueName\":\"search_term_string\"}}],\"inLanguage\":\"en-US\"},{\"@type\":\"Organization\",\"@id\":\"https:\/\/crownsportnutrition.com\/en\/#organization\",\"name\":\"Crown Sport Nutrition, sports supplementation\",\"alternateName\":\"Crown Sport Nutrition\",\"url\":\"https:\/\/crownsportnutrition.com\/en\/\",\"logo\":{\"@type\":\"ImageObject\",\"inLanguage\":\"en-US\",\"@id\":\"https:\/\/crownsportnutrition.com\/en\/#\/schema\/logo\/image\/\",\"url\":\"https:\/\/crownsportnutrition.com\/wp-content\/uploads\/2022\/06\/logo-CROWN-SPORT-NUTRITION1-1.png\",\"contentUrl\":\"https:\/\/crownsportnutrition.com\/wp-content\/uploads\/2022\/06\/logo-CROWN-SPORT-NUTRITION1-1.png\",\"width\":150,\"height\":58,\"caption\":\"Crown Sport Nutrition, sports supplementation\"},\"image\":{\"@id\":\"https:\/\/crownsportnutrition.com\/en\/#\/schema\/logo\/image\/\"},\"sameAs\":[\"https:\/\/www.facebook.com\/crownsportnutrition\",\"https:\/\/x.com\/crownsportnutri\",\"https:\/\/www.instagram.com\/crownsportnutrition\/\",\"https:\/\/www.linkedin.com\/company\/crownsportnutrition\"],\"description\":\"Crown Sport Nutrition es una marca espa\u00f1ola de suplementaci\u00f3n deportiva enfocada en producir solo productos con base cient\u00edfica y adem\u00e1s promover la investigaci\u00f3n cient\u00edfica mediante la publicaci\u00f3n de art\u00edculos sobre varios de sus productos en revistas cient\u00edficas de primer nivel. Se utilizan las mejores materias primas mezcladas en laboratorios punteros con las normas IFS (International Food Standard), con los mejores sabores y todo doping free. Crown Sport Nutrition es la primera empresa espa\u00f1ola en obtener la certificaci\u00f3n antidoping internacional por Informed Sport.\",\"email\":\"info@crownsportnutrition.com\",\"telephone\":\"+34 613 000 417\",\"legalName\":\"Crown Sport Nutrition\"}]}<\/script>\n<meta property=\"product:price:amount\" content=\"51.77\" \/>\n<meta property=\"product:price:currency\" content=\"EUR\" \/>\n<meta property=\"og:availability\" content=\"out of stock\" \/>\n<meta property=\"product:availability\" content=\"out of stock\" \/>\n<meta property=\"product:retailer_item_id\" content=\"100\" \/>\n<meta property=\"product:condition\" content=\"new\" \/>\n<!-- \/ Yoast SEO Premium plugin. -->","yoast_head_json":{"title":"100% All Beef (Vanilla flavour) &#8211; 200 g Tin (20 intakes) - Crown Sport Nutrition, sports supplementation","description":"Only concentrated beef in the world. 4 scientific articles published in high impact journals indexed (Q1). Helps in increasing iron and ferritin, improved body composition and improved immune system.","robots":{"index":"index","follow":"follow","max-snippet":"max-snippet:-1","max-image-preview":"max-image-preview:large","max-video-preview":"max-video-preview:-1"},"canonical":"https:\/\/crownsportnutrition.com\/en\/producto\/100-all-beef\/","og_locale":"en_US","og_type":"article","og_title":"100% All Beef (Vanilla flavour) - 200 g Tin (20 intakes)","og_description":"Only concentrated beef in the world. 4 scientific articles published in high impact journals indexed (Q1). Helps in increasing iron and ferritin, improved body composition and improved immune system.","og_url":"https:\/\/crownsportnutrition.com\/en\/producto\/100-all-beef\/","og_site_name":"Crown Sport Nutrition, sports supplementation","article_publisher":"https:\/\/www.facebook.com\/crownsportnutrition","article_modified_time":"2026-04-09T02:04:19+00:00","og_image":[{"width":800,"height":800,"url":"https:\/\/crownsportnutrition.com\/wp-content\/uploads\/2019\/10\/100_Bote_All_Beef_800.jpg","type":"image\/jpeg"}],"twitter_card":"summary_large_image","twitter_site":"@crownsportnutri","twitter_misc":{"Price":"51,77&euro;","Availability":"Out of stock"},"schema":{"@context":"https:\/\/schema.org","@graph":[{"@type":"WebPage","@id":"https:\/\/crownsportnutrition.com\/en\/producto\/100-all-beef\/","url":"https:\/\/crownsportnutrition.com\/en\/producto\/100-all-beef\/","name":"100% All Beef (Vanilla flavour) &#8211; 200 g Tin (20 intakes) - Crown Sport Nutrition, sports supplementation","isPartOf":{"@id":"https:\/\/crownsportnutrition.com\/en\/#website"},"primaryImageOfPage":{"@id":"https:\/\/crownsportnutrition.com\/en\/producto\/100-all-beef\/#primaryimage"},"image":{"@id":"https:\/\/crownsportnutrition.com\/en\/producto\/100-all-beef\/#primaryimage"},"thumbnailUrl":"https:\/\/crownsportnutrition.com\/wp-content\/uploads\/2019\/10\/100_Bote_All_Beef_800.jpg","datePublished":"2019-10-28T11:08:34+00:00","dateModified":"2026-04-09T02:04:19+00:00","description":"Only concentrated beef in the world. 4 scientific articles published in high impact journals indexed (Q1). Helps in increasing iron and ferritin, improved body composition and improved immune system.","breadcrumb":{"@id":"https:\/\/crownsportnutrition.com\/en\/producto\/100-all-beef\/#breadcrumb"},"inLanguage":"en-US","potentialAction":[{"@type":"ReadAction","target":["https:\/\/crownsportnutrition.com\/en\/producto\/100-all-beef\/"]}]},{"@type":"ImageObject","inLanguage":"en-US","@id":"https:\/\/crownsportnutrition.com\/en\/producto\/100-all-beef\/#primaryimage","url":"https:\/\/crownsportnutrition.com\/wp-content\/uploads\/2019\/10\/100_Bote_All_Beef_800.jpg","contentUrl":"https:\/\/crownsportnutrition.com\/wp-content\/uploads\/2019\/10\/100_Bote_All_Beef_800.jpg","width":800,"height":800},{"@type":"BreadcrumbList","@id":"https:\/\/crownsportnutrition.com\/en\/producto\/100-all-beef\/#breadcrumb","itemListElement":[{"@type":"ListItem","position":1,"name":"Portada","item":"https:\/\/crownsportnutrition.com\/en\/"},{"@type":"ListItem","position":2,"name":"CROWN SHOP","item":"https:\/\/crownsportnutrition.com\/tienda\/"},{"@type":"ListItem","position":3,"name":"100% All Beef (Vanilla flavour) &#8211; 200 g Tin (20 intakes)"}]},{"@type":"WebSite","@id":"https:\/\/crownsportnutrition.com\/en\/#website","url":"https:\/\/crownsportnutrition.com\/en\/","name":"Crown Sport Nutrition, suplementaci\u00f3n deportiva","description":"proteinas, recuperadores, gel energetico, barritas, bebida isotonica,[:en]Otro sitio realizado con WordPress","publisher":{"@id":"https:\/\/crownsportnutrition.com\/en\/#organization"},"potentialAction":[{"@type":"SearchAction","target":{"@type":"EntryPoint","urlTemplate":"https:\/\/crownsportnutrition.com\/en\/?s={search_term_string}"},"query-input":{"@type":"PropertyValueSpecification","valueRequired":true,"valueName":"search_term_string"}}],"inLanguage":"en-US"},{"@type":"Organization","@id":"https:\/\/crownsportnutrition.com\/en\/#organization","name":"Crown Sport Nutrition, sports supplementation","alternateName":"Crown Sport Nutrition","url":"https:\/\/crownsportnutrition.com\/en\/","logo":{"@type":"ImageObject","inLanguage":"en-US","@id":"https:\/\/crownsportnutrition.com\/en\/#\/schema\/logo\/image\/","url":"https:\/\/crownsportnutrition.com\/wp-content\/uploads\/2022\/06\/logo-CROWN-SPORT-NUTRITION1-1.png","contentUrl":"https:\/\/crownsportnutrition.com\/wp-content\/uploads\/2022\/06\/logo-CROWN-SPORT-NUTRITION1-1.png","width":150,"height":58,"caption":"Crown Sport Nutrition, sports supplementation"},"image":{"@id":"https:\/\/crownsportnutrition.com\/en\/#\/schema\/logo\/image\/"},"sameAs":["https:\/\/www.facebook.com\/crownsportnutrition","https:\/\/x.com\/crownsportnutri","https:\/\/www.instagram.com\/crownsportnutrition\/","https:\/\/www.linkedin.com\/company\/crownsportnutrition"],"description":"Crown Sport Nutrition es una marca espa\u00f1ola de suplementaci\u00f3n deportiva enfocada en producir solo productos con base cient\u00edfica y adem\u00e1s promover la investigaci\u00f3n cient\u00edfica mediante la publicaci\u00f3n de art\u00edculos sobre varios de sus productos en revistas cient\u00edficas de primer nivel. Se utilizan las mejores materias primas mezcladas en laboratorios punteros con las normas IFS (International Food Standard), con los mejores sabores y todo doping free. Crown Sport Nutrition es la primera empresa espa\u00f1ola en obtener la certificaci\u00f3n antidoping internacional por Informed Sport.","email":"info@crownsportnutrition.com","telephone":"+34 613 000 417","legalName":"Crown Sport Nutrition"}]},"product_price_amount":"51.77","product_price_currency":"EUR","og_availability":"out of stock","product_availability":"out of stock","product_retailer_item_id":"100","product_condition":"new"},"taxonomy_info":{"product_cat":[{"value":117,"label":"Crossfit"},{"value":114,"label":"Cycling"},{"value":118,"label":"Football"},{"value":222,"label":"GLUTEN FREE"},{"value":223,"label":"LACTOSE FREE"},{"value":121,"label":"Martial Arts"},{"value":173,"label":"PROTEINS &amp; AMINO ACIDS"},{"value":115,"label":"Running"},{"value":221,"label":"ST LINE [SCIENTIFIC TESTED]"},{"value":119,"label":"Tennis"},{"value":116,"label":"Trail Running"},{"value":113,"label":"Triathlon"},{"value":91,"label":"YOUR SPORT"}]},"featured_image_src_large":["https:\/\/crownsportnutrition.com\/wp-content\/uploads\/2019\/10\/100_Bote_All_Beef_800.jpg",800,800,false],"author_info":[],"comment_info":"","_links":{"self":[{"href":"https:\/\/crownsportnutrition.com\/en\/wp-json\/wp\/v2\/product\/5706","targetHints":{"allow":["GET"]}}],"collection":[{"href":"https:\/\/crownsportnutrition.com\/en\/wp-json\/wp\/v2\/product"}],"about":[{"href":"https:\/\/crownsportnutrition.com\/en\/wp-json\/wp\/v2\/types\/product"}],"wp:featuredmedia":[{"embeddable":true,"href":"https:\/\/crownsportnutrition.com\/en\/wp-json\/wp\/v2\/media\/95247"}],"wp:attachment":[{"href":"https:\/\/crownsportnutrition.com\/en\/wp-json\/wp\/v2\/media?parent=5706"}],"wp:term":[{"taxonomy":"product_brand","embeddable":true,"href":"https:\/\/crownsportnutrition.com\/en\/wp-json\/wp\/v2\/product_brand?post=5706"},{"taxonomy":"product_cat","embeddable":true,"href":"https:\/\/crownsportnutrition.com\/en\/wp-json\/wp\/v2\/product_cat?post=5706"},{"taxonomy":"product_tag","embeddable":true,"href":"https:\/\/crownsportnutrition.com\/en\/wp-json\/wp\/v2\/product_tag?post=5706"}],"curies":[{"name":"wp","href":"https:\/\/api.w.org\/{rel}","templated":true}]}}