{"id":5714,"date":"2019-10-28T12:08:34","date_gmt":"2019-10-28T11:08:34","guid":{"rendered":"https:\/\/crownsportnutrition.com\/producto\/import-placeholder-for-5447\/"},"modified":"2026-04-23T12:04:10","modified_gmt":"2026-04-23T10:04:10","slug":"energygel","status":"publish","type":"product","link":"https:\/\/crownsportnutrition.com\/en\/producto\/energygel\/","title":{"rendered":"Energy Gel"},"content":{"rendered":"<h4>WHY CROWN SPORT NUTRITION? (41 SEC)?<\/h4>\n<div>\n<div class=\"entry-content-asset videofit\"><iframe loading=\"lazy\" title=\"Crown Sport Nutrition - High Performance Specialists\" width=\"720\" height=\"405\" src=\"https:\/\/www.youtube.com\/embed\/SvA4rFEtFk4?feature=oembed&#038;enablejsapi=1&#038;origin=https:\/\/crownsportnutrition.com\" frameborder=\"0\" allow=\"accelerometer; autoplay; clipboard-write; encrypted-media; gyroscope; picture-in-picture; web-share\" referrerpolicy=\"strict-origin-when-cross-origin\" allowfullscreen><\/iframe><\/div>\n<\/div>\n<ul>\n<li><strong>Mix of carbohydrates in a 2: 1: 1 ratio (Maltodextrin: Dextrose: Fructose)<\/strong><\/li>\n<li><strong>With a plus of branched chain amino acids, Arginine and Taurine<\/strong><\/li>\n<li><strong>With minerals from assimilable sources<\/strong><\/li>\n<li><strong>Liquid texture with incredible flavor and digestibility<\/strong><\/li>\n<li><strong>Vegan friendly and allergen free<\/strong><\/li>\n<\/ul>\n<p><strong>Energy Gel<\/strong> is a gel of the highest quality with a premium composition that provides all the necessary ingredients to improve performance in your training sessions and competitions. We have also developed it with a fluid texture that will not cost you to swallow and will minimize gastrointestinal problems.<\/p>\n<p>It contains an ideal matrix of three sources of carbohydrates, Maltodextrin, Dextrose and Fructose, in a 2: 1: 1 ratio. <strong>Carbohydrate<\/strong> intake during sports practice has been shown to improve performance (Cermak, N.M. et al., SM. 2013; Pochmuller, M. et al., JISSN. 2016). In addition, if the exercise is prolonged (&gt; 2.5 h), it has been shown that taking carbohydrates that are absorbed by different cellular transporters (known as GLUT) is the only way to increase the rate of assimilation and oxidation of exogenous carbohydrates above than 60 g \/ hour (Currell, K. et al., MSSE. 2008; Earnest, CP et al., JSCR. 2004). In addition, something that few people know and \/ or many forget is that the consumption of exogenous carbohydrates, during physical activity, minimizes the immunosuppressive effects produced by intense exercise (Nieman, D.C. et al., EIR. 1998).<\/p>\n<p>But in addition to the combination of carbohydrates, our extraordinary formula has more added values \u200b\u200bsince we have also incorporated:<\/p>\n<ul>\n<li><strong>Minerals:<\/strong> better known as electrolytes or salts, especially sodium (Na), which is the one we lose the most with sweat and is essential to maintain hydration during physical activity (each gel provides approx. 110 mg) (Panel NDA . EFSA Journal. 2011). They also provide potassium (K) and magnesium (Mg), whose loss could be involved in the appearance of muscle cramps, and they have also been added in the form of highly bioavailable salts, such as magnesium citrate.<\/li>\n<li><strong>Branched-chain amino acids (BCAAs):<\/strong> the intake of these amino acids together with carbohydrates during training has been shown to decrease muscle damage markers (Valentine, R.J. et al., IJSNEM. 2008). Also the branched amino acids are highly oxidized by the muscle, that is, they are used as an energy source, reducing the use of glycogen in favor of fats. In addition, the intake of these amino acids during exercise reduces Central Fatigue Syndrome (CFS), that is, it reduces the production of Serotonin (a neurotransmitter related to the symptoms of fatigue and mood) (Kerksick, CM et al., JISSN . 2.018).<\/li>\n<li><strong>Arginine:<\/strong> this amino acid in addition to being a precursor of Nitric Oxide (NO), reduces lactate concentration and improves aerobic capacity. Furthermore, as it is a glucogenic amino acid, the muscle can use it as an extra energy source.<\/li>\n<li><strong>Taurine:<\/strong> among others, it has antioxidant, metabolic and ergogenic effects (Galloway, S.D.R. et al., JAP. 2.008). Its intake together with the rest of the ingredients has been shown to improve muscular endurance during exercise (Hoffman, J.R. el al., JCSR. 2008). It stabilizes cell membranes by helping potassium, sodium, calcium and magnesium pass through them (Bouckenooghe, T. et al., CNMC. 2006).<\/li>\n<li><strong>Caffeine and Guarana:<\/strong> in the versions with caffeine we have added (in pure form and as Guarana) the most effective ingredient for the direct improvement of performance, both in resistance and strength (Grgic, J. et al., BJSM. 2.019 ), the caffeine. This in addition to activating the Central Nervous System (CNS), delays fatigue and optimizes the use of cellular fuels (glycogen and fat). But the most important thing is that it improves muscle contraction (Lopes, J.M. et al., JAP. 1983), hence its effectiveness especially when fatigue begins.<\/li>\n<\/ul>\n<p>And like all <strong>Crown Sport Nutrition\u00ae products<\/strong> with spectacular taste and digestibility.<\/p>\n<p><strong>Flavors WITHOUT caffeine:<\/strong> Lemon and Orange<\/p>\n<p><strong>Flavors WITH caffeine:<\/strong> Cola and Berries<\/p>\n<p><strong>Format:<\/strong> box of 10 gels of 40g<\/p>\n<div class=\"entry-content-asset videofit\"><iframe loading=\"lazy\" title=\"HIDRATOS DE CARBONO PARA DEPORTES DE RESISTENCIA | DANIEL RACE\" width=\"720\" height=\"405\" src=\"https:\/\/www.youtube.com\/embed\/FI2xRFQkEIg?feature=oembed&#038;enablejsapi=1&#038;origin=https:\/\/crownsportnutrition.com\" frameborder=\"0\" allow=\"accelerometer; autoplay; clipboard-write; encrypted-media; gyroscope; picture-in-picture; web-share\" referrerpolicy=\"strict-origin-when-cross-origin\" allowfullscreen><\/iframe><\/div>\n<p>&nbsp;<\/p>\n<div class=\"entry-content-asset videofit\"><iframe loading=\"lazy\" title=\"\u00bfQU\u00c9 COMER EN LOS D\u00cdAS PREVIOS A UNA CARRERA? | DANIEL RACE\" width=\"720\" height=\"405\" src=\"https:\/\/www.youtube.com\/embed\/J25nn07lC7w?feature=oembed&#038;enablejsapi=1&#038;origin=https:\/\/crownsportnutrition.com\" frameborder=\"0\" allow=\"accelerometer; autoplay; clipboard-write; encrypted-media; gyroscope; picture-in-picture; web-share\" referrerpolicy=\"strict-origin-when-cross-origin\" allowfullscreen><\/iframe><\/div>\n<p>&nbsp;<\/p>\n<div class=\"entry-content-asset videofit\"><iframe loading=\"lazy\" title=\"Crown Sport Nutrition - Especialistas en alto rendimiento 2020\" width=\"720\" height=\"405\" src=\"https:\/\/www.youtube.com\/embed\/VjBptcByY6E?feature=oembed&#038;enablejsapi=1&#038;origin=https:\/\/crownsportnutrition.com\" frameborder=\"0\" allow=\"accelerometer; autoplay; clipboard-write; encrypted-media; gyroscope; picture-in-picture; web-share\" referrerpolicy=\"strict-origin-when-cross-origin\" allowfullscreen><\/iframe><\/div>\n<p>&nbsp;<\/p>\n<div class=\"entry-content-asset videofit\"><iframe loading=\"lazy\" title=\"ESTRATEGIA NUTRICIONAL DURANTE UNA CARRERA DE RESISTENCIA | DANIEL RACE\" width=\"720\" height=\"405\" src=\"https:\/\/www.youtube.com\/embed\/6B0CBncjCLU?feature=oembed&#038;enablejsapi=1&#038;origin=https:\/\/crownsportnutrition.com\" frameborder=\"0\" allow=\"accelerometer; autoplay; clipboard-write; encrypted-media; gyroscope; picture-in-picture; web-share\" referrerpolicy=\"strict-origin-when-cross-origin\" allowfullscreen><\/iframe><\/div>\n<p>&nbsp;<\/p>\n<span class=\"kt-load-after-post\"><\/span>","protected":false},"excerpt":{"rendered":"<p>Liquid texture energy gel with carbohidrates, aminoacids and minerals. Caffeinated and non caffeinated version.<\/p>\n<p>&nbsp;<\/p>\n","protected":false},"featured_media":171657,"template":"","meta":{"_kad_blocks_custom_css":"","_kad_blocks_head_custom_js":"","_kad_blocks_body_custom_js":"","_kad_blocks_footer_custom_js":"","_kadence_starter_templates_imported_post":false,"_kad_post_transparent":"default","_kad_post_title":"","_kad_post_layout":"default","_kad_post_sidebar_id":"","_kad_post_content_style":"default","_kad_post_vertical_padding":"default","_kad_post_feature":"","_kad_post_feature_position":"","_kad_post_header":false,"_kad_post_footer":false,"_kad_post_classname":""},"product_brand":[],"product_cat":[241,117,114,242,118,289,222,291,171,223,121,793,115,292,119,116,113,188],"product_tag":[153,155,228,151,154,795,152],"class_list":{"0":"post-5714","1":"product","2":"type-product","3":"status-publish","4":"has-post-thumbnail","6":"product_cat-antes","7":"product_cat-crossfit","8":"product_cat-ciclismo","9":"product_cat-durante","10":"product_cat-futbol","11":"product_cat-gels","12":"product_cat-sin-gluten","13":"product_cat-balonmano","14":"product_cat-hidratacion-y-energia-2","15":"product_cat-sin-lactosa","16":"product_cat-artes-marciales","17":"product_cat-raw-0-artificial-sweeteners","18":"product_cat-running","19":"product_cat-natacion","20":"product_cat-tenis","21":"product_cat-trail-running","22":"product_cat-triatlon","23":"product_cat-vegan-pro-line-2","24":"product_tag-energia","25":"product_tag-gel","26":"product_tag-gel-energetico","27":"product_tag-geles","28":"product_tag-hidratacion","29":"product_tag-no-artificial-sweeteners","30":"product_tag-sales","32":"first","33":"instock","34":"taxable","35":"shipping-taxable","36":"purchasable","37":"product-type-variable","38":"has-default-attributes","39":"entry","40":"content-bg","41":"loop-entry"},"yoast_head":"<!-- This site is optimized with the Yoast SEO Premium plugin v27.2 (Yoast SEO v27.2) - https:\/\/yoast.com\/product\/yoast-seo-premium-wordpress\/ -->\n<title>Geles Energ\u00e9ticos: Amino\u00e1cidos y Electrolitos para tu Rendimiento<\/title>\n<meta name=\"description\" content=\"Liquid texture energy gel with carbohidrates, aminoacids and minerals. Caffeinated and non caffeinated version.  &nbsp;\" \/>\n<meta name=\"robots\" content=\"index, follow, max-snippet:-1, max-image-preview:large, max-video-preview:-1\" \/>\n<link rel=\"canonical\" href=\"https:\/\/crownsportnutrition.com\/en\/producto\/energygel\/\" \/>\n<meta property=\"og:locale\" content=\"en_US\" \/>\n<meta property=\"og:type\" content=\"article\" \/>\n<meta property=\"og:title\" content=\"Energy Gel\" \/>\n<meta property=\"og:description\" content=\"Liquid texture energy gel with carbohidrates, aminoacids and minerals. Caffeinated and non caffeinated version.  &nbsp;\" \/>\n<meta property=\"og:url\" content=\"https:\/\/crownsportnutrition.com\/en\/producto\/energygel\/\" \/>\n<meta property=\"og:site_name\" content=\"Crown Sport Nutrition, sports supplementation\" \/>\n<meta property=\"article:publisher\" content=\"https:\/\/www.facebook.com\/crownsportnutrition\" \/>\n<meta property=\"article:modified_time\" content=\"2026-04-23T10:04:10+00:00\" \/>\n<meta property=\"og:image\" content=\"https:\/\/crownsportnutrition.com\/wp-content\/uploads\/2021\/05\/1-8437024956341_with_badges.jpg\" \/>\n\t<meta property=\"og:image:width\" content=\"1500\" \/>\n\t<meta property=\"og:image:height\" content=\"1500\" \/>\n\t<meta property=\"og:image:type\" content=\"image\/jpeg\" \/>\n<meta name=\"twitter:card\" content=\"summary_large_image\" \/>\n<meta name=\"twitter:site\" content=\"@crownsportnutri\" \/>\n<meta name=\"twitter:label1\" content=\"Availability\" \/>\n\t<meta name=\"twitter:data1\" content=\"In stock\" \/>\n<script type=\"application\/ld+json\" class=\"yoast-schema-graph\">{\"@context\":\"https:\/\/schema.org\",\"@graph\":[{\"@type\":\"WebPage\",\"@id\":\"https:\/\/crownsportnutrition.com\/en\/producto\/energygel\/\",\"url\":\"https:\/\/crownsportnutrition.com\/en\/producto\/energygel\/\",\"name\":\"Geles Energ\u00e9ticos: Amino\u00e1cidos y Electrolitos para tu Rendimiento\",\"isPartOf\":{\"@id\":\"https:\/\/crownsportnutrition.com\/en\/#website\"},\"primaryImageOfPage\":{\"@id\":\"https:\/\/crownsportnutrition.com\/en\/producto\/energygel\/#primaryimage\"},\"image\":{\"@id\":\"https:\/\/crownsportnutrition.com\/en\/producto\/energygel\/#primaryimage\"},\"thumbnailUrl\":\"https:\/\/crownsportnutrition.com\/wp-content\/uploads\/2021\/05\/1-8437024956341_with_badges.jpg\",\"datePublished\":\"2019-10-28T11:08:34+00:00\",\"dateModified\":\"2026-04-23T10:04:10+00:00\",\"description\":\"Liquid texture energy gel with carbohidrates, aminoacids and minerals. Caffeinated and non caffeinated version. &nbsp;\",\"breadcrumb\":{\"@id\":\"https:\/\/crownsportnutrition.com\/en\/producto\/energygel\/#breadcrumb\"},\"inLanguage\":\"en-US\",\"potentialAction\":[{\"@type\":\"ReadAction\",\"target\":[\"https:\/\/crownsportnutrition.com\/en\/producto\/energygel\/\"]}]},{\"@type\":\"ImageObject\",\"inLanguage\":\"en-US\",\"@id\":\"https:\/\/crownsportnutrition.com\/en\/producto\/energygel\/#primaryimage\",\"url\":\"https:\/\/crownsportnutrition.com\/wp-content\/uploads\/2021\/05\/1-8437024956341_with_badges.jpg\",\"contentUrl\":\"https:\/\/crownsportnutrition.com\/wp-content\/uploads\/2021\/05\/1-8437024956341_with_badges.jpg\",\"width\":1500,\"height\":1500},{\"@type\":\"BreadcrumbList\",\"@id\":\"https:\/\/crownsportnutrition.com\/en\/producto\/energygel\/#breadcrumb\",\"itemListElement\":[{\"@type\":\"ListItem\",\"position\":1,\"name\":\"Portada\",\"item\":\"https:\/\/crownsportnutrition.com\/en\/\"},{\"@type\":\"ListItem\",\"position\":2,\"name\":\"CROWN SHOP\",\"item\":\"https:\/\/crownsportnutrition.com\/tienda\/\"},{\"@type\":\"ListItem\",\"position\":3,\"name\":\"Energy Gel\"}]},{\"@type\":\"WebSite\",\"@id\":\"https:\/\/crownsportnutrition.com\/en\/#website\",\"url\":\"https:\/\/crownsportnutrition.com\/en\/\",\"name\":\"Crown Sport Nutrition, suplementaci\u00f3n deportiva\",\"description\":\"proteinas, recuperadores, gel energetico, barritas, bebida isotonica,[:en]Otro sitio realizado con WordPress\",\"publisher\":{\"@id\":\"https:\/\/crownsportnutrition.com\/en\/#organization\"},\"potentialAction\":[{\"@type\":\"SearchAction\",\"target\":{\"@type\":\"EntryPoint\",\"urlTemplate\":\"https:\/\/crownsportnutrition.com\/en\/?s={search_term_string}\"},\"query-input\":{\"@type\":\"PropertyValueSpecification\",\"valueRequired\":true,\"valueName\":\"search_term_string\"}}],\"inLanguage\":\"en-US\"},{\"@type\":\"Organization\",\"@id\":\"https:\/\/crownsportnutrition.com\/en\/#organization\",\"name\":\"Crown Sport Nutrition, sports supplementation\",\"alternateName\":\"Crown Sport Nutrition\",\"url\":\"https:\/\/crownsportnutrition.com\/en\/\",\"logo\":{\"@type\":\"ImageObject\",\"inLanguage\":\"en-US\",\"@id\":\"https:\/\/crownsportnutrition.com\/en\/#\/schema\/logo\/image\/\",\"url\":\"https:\/\/crownsportnutrition.com\/wp-content\/uploads\/2022\/06\/logo-CROWN-SPORT-NUTRITION1-1.png\",\"contentUrl\":\"https:\/\/crownsportnutrition.com\/wp-content\/uploads\/2022\/06\/logo-CROWN-SPORT-NUTRITION1-1.png\",\"width\":150,\"height\":58,\"caption\":\"Crown Sport Nutrition, sports supplementation\"},\"image\":{\"@id\":\"https:\/\/crownsportnutrition.com\/en\/#\/schema\/logo\/image\/\"},\"sameAs\":[\"https:\/\/www.facebook.com\/crownsportnutrition\",\"https:\/\/x.com\/crownsportnutri\",\"https:\/\/www.instagram.com\/crownsportnutrition\/\",\"https:\/\/www.linkedin.com\/company\/crownsportnutrition\"],\"description\":\"Crown Sport Nutrition es una marca espa\u00f1ola de suplementaci\u00f3n deportiva enfocada en producir solo productos con base cient\u00edfica y adem\u00e1s promover la investigaci\u00f3n cient\u00edfica mediante la publicaci\u00f3n de art\u00edculos sobre varios de sus productos en revistas cient\u00edficas de primer nivel. Se utilizan las mejores materias primas mezcladas en laboratorios punteros con las normas IFS (International Food Standard), con los mejores sabores y todo doping free. Crown Sport Nutrition es la primera empresa espa\u00f1ola en obtener la certificaci\u00f3n antidoping internacional por Informed Sport.\",\"email\":\"info@crownsportnutrition.com\",\"telephone\":\"+34 613 000 417\",\"legalName\":\"Crown Sport Nutrition\"}]}<\/script>\n<meta property=\"og:availability\" content=\"instock\" \/>\n<meta property=\"product:availability\" content=\"instock\" \/>\n<meta property=\"product:condition\" content=\"new\" \/>\n<!-- \/ Yoast SEO Premium plugin. -->","yoast_head_json":{"title":"Geles Energ\u00e9ticos: Amino\u00e1cidos y Electrolitos para tu Rendimiento","description":"Liquid texture energy gel with carbohidrates, aminoacids and minerals. Caffeinated and non caffeinated version.  &nbsp;","robots":{"index":"index","follow":"follow","max-snippet":"max-snippet:-1","max-image-preview":"max-image-preview:large","max-video-preview":"max-video-preview:-1"},"canonical":"https:\/\/crownsportnutrition.com\/en\/producto\/energygel\/","og_locale":"en_US","og_type":"article","og_title":"Energy Gel","og_description":"Liquid texture energy gel with carbohidrates, aminoacids and minerals. Caffeinated and non caffeinated version.  &nbsp;","og_url":"https:\/\/crownsportnutrition.com\/en\/producto\/energygel\/","og_site_name":"Crown Sport Nutrition, sports supplementation","article_publisher":"https:\/\/www.facebook.com\/crownsportnutrition","article_modified_time":"2026-04-23T10:04:10+00:00","og_image":[{"width":1500,"height":1500,"url":"https:\/\/crownsportnutrition.com\/wp-content\/uploads\/2021\/05\/1-8437024956341_with_badges.jpg","type":"image\/jpeg"}],"twitter_card":"summary_large_image","twitter_site":"@crownsportnutri","twitter_misc":{"Availability":"In stock"},"schema":{"@context":"https:\/\/schema.org","@graph":[{"@type":"WebPage","@id":"https:\/\/crownsportnutrition.com\/en\/producto\/energygel\/","url":"https:\/\/crownsportnutrition.com\/en\/producto\/energygel\/","name":"Geles Energ\u00e9ticos: Amino\u00e1cidos y Electrolitos para tu Rendimiento","isPartOf":{"@id":"https:\/\/crownsportnutrition.com\/en\/#website"},"primaryImageOfPage":{"@id":"https:\/\/crownsportnutrition.com\/en\/producto\/energygel\/#primaryimage"},"image":{"@id":"https:\/\/crownsportnutrition.com\/en\/producto\/energygel\/#primaryimage"},"thumbnailUrl":"https:\/\/crownsportnutrition.com\/wp-content\/uploads\/2021\/05\/1-8437024956341_with_badges.jpg","datePublished":"2019-10-28T11:08:34+00:00","dateModified":"2026-04-23T10:04:10+00:00","description":"Liquid texture energy gel with carbohidrates, aminoacids and minerals. Caffeinated and non caffeinated version. &nbsp;","breadcrumb":{"@id":"https:\/\/crownsportnutrition.com\/en\/producto\/energygel\/#breadcrumb"},"inLanguage":"en-US","potentialAction":[{"@type":"ReadAction","target":["https:\/\/crownsportnutrition.com\/en\/producto\/energygel\/"]}]},{"@type":"ImageObject","inLanguage":"en-US","@id":"https:\/\/crownsportnutrition.com\/en\/producto\/energygel\/#primaryimage","url":"https:\/\/crownsportnutrition.com\/wp-content\/uploads\/2021\/05\/1-8437024956341_with_badges.jpg","contentUrl":"https:\/\/crownsportnutrition.com\/wp-content\/uploads\/2021\/05\/1-8437024956341_with_badges.jpg","width":1500,"height":1500},{"@type":"BreadcrumbList","@id":"https:\/\/crownsportnutrition.com\/en\/producto\/energygel\/#breadcrumb","itemListElement":[{"@type":"ListItem","position":1,"name":"Portada","item":"https:\/\/crownsportnutrition.com\/en\/"},{"@type":"ListItem","position":2,"name":"CROWN SHOP","item":"https:\/\/crownsportnutrition.com\/tienda\/"},{"@type":"ListItem","position":3,"name":"Energy Gel"}]},{"@type":"WebSite","@id":"https:\/\/crownsportnutrition.com\/en\/#website","url":"https:\/\/crownsportnutrition.com\/en\/","name":"Crown Sport Nutrition, suplementaci\u00f3n deportiva","description":"proteinas, recuperadores, gel energetico, barritas, bebida isotonica,[:en]Otro sitio realizado con WordPress","publisher":{"@id":"https:\/\/crownsportnutrition.com\/en\/#organization"},"potentialAction":[{"@type":"SearchAction","target":{"@type":"EntryPoint","urlTemplate":"https:\/\/crownsportnutrition.com\/en\/?s={search_term_string}"},"query-input":{"@type":"PropertyValueSpecification","valueRequired":true,"valueName":"search_term_string"}}],"inLanguage":"en-US"},{"@type":"Organization","@id":"https:\/\/crownsportnutrition.com\/en\/#organization","name":"Crown Sport Nutrition, sports supplementation","alternateName":"Crown Sport Nutrition","url":"https:\/\/crownsportnutrition.com\/en\/","logo":{"@type":"ImageObject","inLanguage":"en-US","@id":"https:\/\/crownsportnutrition.com\/en\/#\/schema\/logo\/image\/","url":"https:\/\/crownsportnutrition.com\/wp-content\/uploads\/2022\/06\/logo-CROWN-SPORT-NUTRITION1-1.png","contentUrl":"https:\/\/crownsportnutrition.com\/wp-content\/uploads\/2022\/06\/logo-CROWN-SPORT-NUTRITION1-1.png","width":150,"height":58,"caption":"Crown Sport Nutrition, sports supplementation"},"image":{"@id":"https:\/\/crownsportnutrition.com\/en\/#\/schema\/logo\/image\/"},"sameAs":["https:\/\/www.facebook.com\/crownsportnutrition","https:\/\/x.com\/crownsportnutri","https:\/\/www.instagram.com\/crownsportnutrition\/","https:\/\/www.linkedin.com\/company\/crownsportnutrition"],"description":"Crown Sport Nutrition es una marca espa\u00f1ola de suplementaci\u00f3n deportiva enfocada en producir solo productos con base cient\u00edfica y adem\u00e1s promover la investigaci\u00f3n cient\u00edfica mediante la publicaci\u00f3n de art\u00edculos sobre varios de sus productos en revistas cient\u00edficas de primer nivel. Se utilizan las mejores materias primas mezcladas en laboratorios punteros con las normas IFS (International Food Standard), con los mejores sabores y todo doping free. Crown Sport Nutrition es la primera empresa espa\u00f1ola en obtener la certificaci\u00f3n antidoping internacional por Informed Sport.","email":"info@crownsportnutrition.com","telephone":"+34 613 000 417","legalName":"Crown Sport Nutrition"}]},"og_availability":"instock","product_availability":"instock","product_condition":"new"},"taxonomy_info":{"product_cat":[{"value":241,"label":"Before"},{"value":117,"label":"Crossfit"},{"value":114,"label":"Cycling"},{"value":242,"label":"During"},{"value":118,"label":"Football"},{"value":289,"label":"GELS"},{"value":222,"label":"GLUTEN FREE"},{"value":291,"label":"Handball"},{"value":171,"label":"HYDRATION &amp; ENERGY"},{"value":223,"label":"LACTOSE FREE"},{"value":121,"label":"Martial Arts"},{"value":793,"label":"RAW \u2013 0% artificial sweeteners"},{"value":115,"label":"Running"},{"value":292,"label":"Swimming"},{"value":119,"label":"Tennis"},{"value":116,"label":"Trail Running"},{"value":113,"label":"Triathlon"},{"value":188,"label":"VEGAN PRO LINE"}],"product_tag":[{"value":153,"label":"energia"},{"value":155,"label":"gel"},{"value":228,"label":"gel energ\u00e9tico"},{"value":151,"label":"geles"},{"value":154,"label":"hidratacion"},{"value":795,"label":"No artificial sweeteners"},{"value":152,"label":"sales"}]},"featured_image_src_large":["https:\/\/crownsportnutrition.com\/wp-content\/uploads\/2021\/05\/1-8437024956341_with_badges-1024x1024.jpg",1024,1024,true],"author_info":[],"comment_info":"","_links":{"self":[{"href":"https:\/\/crownsportnutrition.com\/en\/wp-json\/wp\/v2\/product\/5714","targetHints":{"allow":["GET"]}}],"collection":[{"href":"https:\/\/crownsportnutrition.com\/en\/wp-json\/wp\/v2\/product"}],"about":[{"href":"https:\/\/crownsportnutrition.com\/en\/wp-json\/wp\/v2\/types\/product"}],"wp:featuredmedia":[{"embeddable":true,"href":"https:\/\/crownsportnutrition.com\/en\/wp-json\/wp\/v2\/media\/171657"}],"wp:attachment":[{"href":"https:\/\/crownsportnutrition.com\/en\/wp-json\/wp\/v2\/media?parent=5714"}],"wp:term":[{"taxonomy":"product_brand","embeddable":true,"href":"https:\/\/crownsportnutrition.com\/en\/wp-json\/wp\/v2\/product_brand?post=5714"},{"taxonomy":"product_cat","embeddable":true,"href":"https:\/\/crownsportnutrition.com\/en\/wp-json\/wp\/v2\/product_cat?post=5714"},{"taxonomy":"product_tag","embeddable":true,"href":"https:\/\/crownsportnutrition.com\/en\/wp-json\/wp\/v2\/product_tag?post=5714"}],"curies":[{"name":"wp","href":"https:\/\/api.w.org\/{rel}","templated":true}]}}