{"id":5732,"date":"2019-10-28T12:09:00","date_gmt":"2019-10-28T11:09:00","guid":{"rendered":"https:\/\/crownsportnutrition.com\/producto\/import-placeholder-for-5688\/"},"modified":"2026-04-06T00:03:45","modified_gmt":"2026-04-05T22:03:45","slug":"pro-salt-caps","status":"publish","type":"product","link":"https:\/\/crownsportnutrition.com\/en\/producto\/pro-salt-caps\/","title":{"rendered":"PRO Salt Caps"},"content":{"rendered":"<h4><picture><source srcset=\"https:\/\/media.crownsportnutrition.com\/img\/informed-banners\/114.avif\" type=\"image\/avif\" \/><source srcset=\"https:\/\/media.crownsportnutrition.com\/img\/informed-banners\/114.webp\" type=\"image\/webp\" \/><img decoding=\"async\" src=\"https:\/\/media.crownsportnutrition.com\/img\/informed-banners\/114.jpg\" alt=\"Informed Sport anti-doping certification\" \/><\/picture><\/h4>\n<h4>PRO SALT CAPS<\/h4>\n<div>Our mineral salt capsules provide:<\/div>\n<div><\/div>\n<ul style=\"color: #d39e33; text-align: left;\">\n<li><span style=\"color: #000000;\">High amount of sodium: 310 mg\/capsule<\/span><\/li>\n<li><span style=\"color: #000000;\">Extra potassium, calcium, magnesium, and chloride<\/span><\/li>\n<li><span style=\"color: #000000;\">Optimizes hydration during sports practice<\/span><\/li>\n<li><span style=\"color: #000000;\">Highly bioavailable organic salts (citrates and gluconate)<\/span><\/li>\n<li><span style=\"color: #000000;\">Suitable for vegans<\/span><\/li>\n<li><span style=\"color: #000000;\">Allergen-free<\/span><\/li>\n<\/ul>\n<h6>SODIUM &#8211; PRO SALT CAPS &#8211; MINERAL SALT CAPSULES<\/h6>\n<p style=\"text-align: left;\">Sodium is key in sports, as it is lost in large amounts through sweat. On average, 987 mg of sodium is lost per liter of sweat, though this varies by individual. For long and intense training sessions, an isotonic drink alone is not enough to replenish it. That\u2019s why an extra intake in capsule form is recommended, especially useful for athletes who lose high concentrations of sodium.<\/p>\n<p style=\"text-align: left;\">With the recommended intake of approx. 500 ml\/hour of <strong>Isodrink &amp; Energy<\/strong> (295 mg) + 1 or 2 <strong>PRO Salt Caps<\/strong> (310 mg\/cap), athletes can be confident they are meeting their sodium needs during training and\/or competition. Sodium consumption is also fundamental to avoid hyponatremia, which is the drop in sodium concentration in the blood plasma and can lead to dehydration.<\/p>\n<h6>POTASSIUM \/ CALCIUM \/ MAGNESIUM &#8211; PRO SALT CAPS &#8211; MINERAL SALT CAPSULES<\/h6>\n<p style=\"text-align: left;\">The average potassium loss<sup>1<\/sup> (234 mg\/liter sweat) is perfectly covered with the same combined intake of <strong>Isodrink &amp; Energy<\/strong> (193 mg) and <strong>PRO Salt Caps<\/strong> (54 mg).<\/p>\n<p style=\"text-align: left;\"><strong>Highly bioavailable organic sources:<\/strong> potassium, calcium, and magnesium are supplied in organic salt form (citrates and gluconate respectively), which offer greater bioavailability than inorganic salts such as oxides, carbonates, etc., which are commonly used due to their apparently higher mineral content and lower cost.<\/p>\n<p style=\"text-align: left;\">1. <a href=\"https:\/\/www.ncbi.nlm.nih.gov\/pubmed\/27478425\">J Int Soc Sports Nutr. 2016 Jul 29;13:31. doi: 10.1186\/s12970-016-0141-z. eCollection 2016. Interindividual variability in sweat electrolyte concentration in marathoners.<\/a><\/p>\n<span class=\"kt-load-after-post\"><\/span>","protected":false},"excerpt":{"rendered":"<p>Capsules based on highly bioavailable mineral salts. It provides all the electrolytes present in sweat (Sodium, Potassium, Chlorine, Calcium and Magnesium) so its intake favors their replacement, thus minimizing dehydration during exercise.<br \/>\nBottle format 60 capsules.<\/p>\n","protected":false},"featured_media":110776,"template":"","meta":{"_kad_blocks_custom_css":"","_kad_blocks_head_custom_js":"","_kad_blocks_body_custom_js":"","_kad_blocks_footer_custom_js":"","_kadence_starter_templates_imported_post":false,"_kad_post_transparent":"default","_kad_post_title":"","_kad_post_layout":"default","_kad_post_sidebar_id":"","_kad_post_content_style":"default","_kad_post_vertical_padding":"default","_kad_post_feature":"","_kad_post_feature_position":"","_kad_post_header":false,"_kad_post_footer":false,"_kad_post_classname":""},"product_brand":[],"product_cat":[114,242,222,171,290,223,115,119,116,113,188],"product_tag":[],"class_list":{"0":"post-5732","1":"product","2":"type-product","3":"status-publish","4":"has-post-thumbnail","6":"product_cat-ciclismo","7":"product_cat-durante","8":"product_cat-sin-gluten","9":"product_cat-hidratacion-y-energia-2","10":"product_cat-isotonico","11":"product_cat-sin-lactosa","12":"product_cat-running","13":"product_cat-tenis","14":"product_cat-trail-running","15":"product_cat-triatlon","16":"product_cat-vegan-pro-line-2","18":"first","19":"instock","20":"taxable","21":"shipping-taxable","22":"purchasable","23":"product-type-simple","24":"entry","25":"content-bg","26":"loop-entry"},"yoast_head":"<!-- This site is optimized with the Yoast SEO Premium plugin v27.2 (Yoast SEO v27.2) - https:\/\/yoast.com\/product\/yoast-seo-premium-wordpress\/ -->\n<title>Capsulas Sales Minerales: Sodio, Potasio, Calcio y Magnesio<\/title>\n<meta name=\"description\" content=\"Capsules based on highly bioavailable mineral salts. It provides all the electrolytes present in sweat (Sodium, Potassium, Chlorine, Calcium and Magnesium) so its intake favors their replacement, thus minimizing dehydration during exercise. Bottle format 60 capsules.\" \/>\n<meta name=\"robots\" content=\"index, follow, max-snippet:-1, max-image-preview:large, max-video-preview:-1\" \/>\n<link rel=\"canonical\" href=\"https:\/\/crownsportnutrition.com\/en\/producto\/pro-salt-caps\/\" \/>\n<meta property=\"og:locale\" content=\"en_US\" \/>\n<meta property=\"og:type\" content=\"article\" \/>\n<meta property=\"og:title\" content=\"PRO Salt Caps\" \/>\n<meta property=\"og:description\" content=\"Capsules based on highly bioavailable mineral salts. It provides all the electrolytes present in sweat (Sodium, Potassium, Chlorine, Calcium and Magnesium) so its intake favors their replacement, thus minimizing dehydration during exercise. Bottle format 60 capsules.\" \/>\n<meta property=\"og:url\" content=\"https:\/\/crownsportnutrition.com\/en\/producto\/pro-salt-caps\/\" \/>\n<meta property=\"og:site_name\" content=\"Crown Sport Nutrition, sports supplementation\" \/>\n<meta property=\"article:publisher\" content=\"https:\/\/www.facebook.com\/crownsportnutrition\" \/>\n<meta property=\"article:modified_time\" content=\"2026-04-05T22:03:45+00:00\" \/>\n<meta property=\"og:image\" content=\"https:\/\/crownsportnutrition.com\/wp-content\/uploads\/2019\/10\/1-with_badges8437014956290.jpg\" \/>\n\t<meta property=\"og:image:width\" content=\"800\" \/>\n\t<meta property=\"og:image:height\" content=\"800\" \/>\n\t<meta property=\"og:image:type\" content=\"image\/jpeg\" \/>\n<meta name=\"twitter:card\" content=\"summary_large_image\" \/>\n<meta name=\"twitter:site\" content=\"@crownsportnutri\" \/>\n<meta name=\"twitter:label1\" content=\"Price\" \/>\n\t<meta name=\"twitter:data1\" content=\"22,68&euro;\" \/>\n\t<meta name=\"twitter:label2\" content=\"Availability\" \/>\n\t<meta name=\"twitter:data2\" content=\"In stock\" \/>\n<script type=\"application\/ld+json\" class=\"yoast-schema-graph\">{\"@context\":\"https:\/\/schema.org\",\"@graph\":[{\"@type\":\"WebPage\",\"@id\":\"https:\/\/crownsportnutrition.com\/en\/producto\/pro-salt-caps\/\",\"url\":\"https:\/\/crownsportnutrition.com\/en\/producto\/pro-salt-caps\/\",\"name\":\"Capsulas Sales Minerales: Sodio, Potasio, Calcio y Magnesio\",\"isPartOf\":{\"@id\":\"https:\/\/crownsportnutrition.com\/en\/#website\"},\"primaryImageOfPage\":{\"@id\":\"https:\/\/crownsportnutrition.com\/en\/producto\/pro-salt-caps\/#primaryimage\"},\"image\":{\"@id\":\"https:\/\/crownsportnutrition.com\/en\/producto\/pro-salt-caps\/#primaryimage\"},\"thumbnailUrl\":\"https:\/\/crownsportnutrition.com\/wp-content\/uploads\/2019\/10\/1-with_badges8437014956290.jpg\",\"datePublished\":\"2019-10-28T11:09:00+00:00\",\"dateModified\":\"2026-04-05T22:03:45+00:00\",\"description\":\"Capsules based on highly bioavailable mineral salts. It provides all the electrolytes present in sweat (Sodium, Potassium, Chlorine, Calcium and Magnesium) so its intake favors their replacement, thus minimizing dehydration during exercise. Bottle format 60 capsules.\",\"breadcrumb\":{\"@id\":\"https:\/\/crownsportnutrition.com\/en\/producto\/pro-salt-caps\/#breadcrumb\"},\"inLanguage\":\"en-US\",\"potentialAction\":[{\"@type\":\"ReadAction\",\"target\":[\"https:\/\/crownsportnutrition.com\/en\/producto\/pro-salt-caps\/\"]}]},{\"@type\":\"ImageObject\",\"inLanguage\":\"en-US\",\"@id\":\"https:\/\/crownsportnutrition.com\/en\/producto\/pro-salt-caps\/#primaryimage\",\"url\":\"https:\/\/crownsportnutrition.com\/wp-content\/uploads\/2019\/10\/1-with_badges8437014956290.jpg\",\"contentUrl\":\"https:\/\/crownsportnutrition.com\/wp-content\/uploads\/2019\/10\/1-with_badges8437014956290.jpg\",\"width\":800,\"height\":800},{\"@type\":\"BreadcrumbList\",\"@id\":\"https:\/\/crownsportnutrition.com\/en\/producto\/pro-salt-caps\/#breadcrumb\",\"itemListElement\":[{\"@type\":\"ListItem\",\"position\":1,\"name\":\"Portada\",\"item\":\"https:\/\/crownsportnutrition.com\/en\/\"},{\"@type\":\"ListItem\",\"position\":2,\"name\":\"CROWN SHOP\",\"item\":\"https:\/\/crownsportnutrition.com\/tienda\/\"},{\"@type\":\"ListItem\",\"position\":3,\"name\":\"PRO Salt Caps\"}]},{\"@type\":\"WebSite\",\"@id\":\"https:\/\/crownsportnutrition.com\/en\/#website\",\"url\":\"https:\/\/crownsportnutrition.com\/en\/\",\"name\":\"Crown Sport Nutrition, suplementaci\u00f3n deportiva\",\"description\":\"proteinas, recuperadores, gel energetico, barritas, bebida isotonica,[:en]Otro sitio realizado con WordPress\",\"publisher\":{\"@id\":\"https:\/\/crownsportnutrition.com\/en\/#organization\"},\"potentialAction\":[{\"@type\":\"SearchAction\",\"target\":{\"@type\":\"EntryPoint\",\"urlTemplate\":\"https:\/\/crownsportnutrition.com\/en\/?s={search_term_string}\"},\"query-input\":{\"@type\":\"PropertyValueSpecification\",\"valueRequired\":true,\"valueName\":\"search_term_string\"}}],\"inLanguage\":\"en-US\"},{\"@type\":\"Organization\",\"@id\":\"https:\/\/crownsportnutrition.com\/en\/#organization\",\"name\":\"Crown Sport Nutrition, sports supplementation\",\"alternateName\":\"Crown Sport Nutrition\",\"url\":\"https:\/\/crownsportnutrition.com\/en\/\",\"logo\":{\"@type\":\"ImageObject\",\"inLanguage\":\"en-US\",\"@id\":\"https:\/\/crownsportnutrition.com\/en\/#\/schema\/logo\/image\/\",\"url\":\"https:\/\/crownsportnutrition.com\/wp-content\/uploads\/2022\/06\/logo-CROWN-SPORT-NUTRITION1-1.png\",\"contentUrl\":\"https:\/\/crownsportnutrition.com\/wp-content\/uploads\/2022\/06\/logo-CROWN-SPORT-NUTRITION1-1.png\",\"width\":150,\"height\":58,\"caption\":\"Crown Sport Nutrition, sports supplementation\"},\"image\":{\"@id\":\"https:\/\/crownsportnutrition.com\/en\/#\/schema\/logo\/image\/\"},\"sameAs\":[\"https:\/\/www.facebook.com\/crownsportnutrition\",\"https:\/\/x.com\/crownsportnutri\",\"https:\/\/www.instagram.com\/crownsportnutrition\/\",\"https:\/\/www.linkedin.com\/company\/crownsportnutrition\"],\"description\":\"Crown Sport Nutrition es una marca espa\u00f1ola de suplementaci\u00f3n deportiva enfocada en producir solo productos con base cient\u00edfica y adem\u00e1s promover la investigaci\u00f3n cient\u00edfica mediante la publicaci\u00f3n de art\u00edculos sobre varios de sus productos en revistas cient\u00edficas de primer nivel. Se utilizan las mejores materias primas mezcladas en laboratorios punteros con las normas IFS (International Food Standard), con los mejores sabores y todo doping free. Crown Sport Nutrition es la primera empresa espa\u00f1ola en obtener la certificaci\u00f3n antidoping internacional por Informed Sport.\",\"email\":\"info@crownsportnutrition.com\",\"telephone\":\"+34 613 000 417\",\"legalName\":\"Crown Sport Nutrition\"}]}<\/script>\n<meta property=\"product:price:amount\" content=\"22.68\" \/>\n<meta property=\"product:price:currency\" content=\"EUR\" \/>\n<meta property=\"og:availability\" content=\"instock\" \/>\n<meta property=\"product:availability\" content=\"instock\" \/>\n<meta property=\"product:retailer_item_id\" content=\"114\" \/>\n<meta property=\"product:condition\" content=\"new\" \/>\n<!-- \/ Yoast SEO Premium plugin. -->","yoast_head_json":{"title":"Capsulas Sales Minerales: Sodio, Potasio, Calcio y Magnesio","description":"Capsules based on highly bioavailable mineral salts. It provides all the electrolytes present in sweat (Sodium, Potassium, Chlorine, Calcium and Magnesium) so its intake favors their replacement, thus minimizing dehydration during exercise. Bottle format 60 capsules.","robots":{"index":"index","follow":"follow","max-snippet":"max-snippet:-1","max-image-preview":"max-image-preview:large","max-video-preview":"max-video-preview:-1"},"canonical":"https:\/\/crownsportnutrition.com\/en\/producto\/pro-salt-caps\/","og_locale":"en_US","og_type":"article","og_title":"PRO Salt Caps","og_description":"Capsules based on highly bioavailable mineral salts. It provides all the electrolytes present in sweat (Sodium, Potassium, Chlorine, Calcium and Magnesium) so its intake favors their replacement, thus minimizing dehydration during exercise. Bottle format 60 capsules.","og_url":"https:\/\/crownsportnutrition.com\/en\/producto\/pro-salt-caps\/","og_site_name":"Crown Sport Nutrition, sports supplementation","article_publisher":"https:\/\/www.facebook.com\/crownsportnutrition","article_modified_time":"2026-04-05T22:03:45+00:00","og_image":[{"width":800,"height":800,"url":"https:\/\/crownsportnutrition.com\/wp-content\/uploads\/2019\/10\/1-with_badges8437014956290.jpg","type":"image\/jpeg"}],"twitter_card":"summary_large_image","twitter_site":"@crownsportnutri","twitter_misc":{"Price":"22,68&euro;","Availability":"In stock"},"schema":{"@context":"https:\/\/schema.org","@graph":[{"@type":"WebPage","@id":"https:\/\/crownsportnutrition.com\/en\/producto\/pro-salt-caps\/","url":"https:\/\/crownsportnutrition.com\/en\/producto\/pro-salt-caps\/","name":"Capsulas Sales Minerales: Sodio, Potasio, Calcio y Magnesio","isPartOf":{"@id":"https:\/\/crownsportnutrition.com\/en\/#website"},"primaryImageOfPage":{"@id":"https:\/\/crownsportnutrition.com\/en\/producto\/pro-salt-caps\/#primaryimage"},"image":{"@id":"https:\/\/crownsportnutrition.com\/en\/producto\/pro-salt-caps\/#primaryimage"},"thumbnailUrl":"https:\/\/crownsportnutrition.com\/wp-content\/uploads\/2019\/10\/1-with_badges8437014956290.jpg","datePublished":"2019-10-28T11:09:00+00:00","dateModified":"2026-04-05T22:03:45+00:00","description":"Capsules based on highly bioavailable mineral salts. It provides all the electrolytes present in sweat (Sodium, Potassium, Chlorine, Calcium and Magnesium) so its intake favors their replacement, thus minimizing dehydration during exercise. Bottle format 60 capsules.","breadcrumb":{"@id":"https:\/\/crownsportnutrition.com\/en\/producto\/pro-salt-caps\/#breadcrumb"},"inLanguage":"en-US","potentialAction":[{"@type":"ReadAction","target":["https:\/\/crownsportnutrition.com\/en\/producto\/pro-salt-caps\/"]}]},{"@type":"ImageObject","inLanguage":"en-US","@id":"https:\/\/crownsportnutrition.com\/en\/producto\/pro-salt-caps\/#primaryimage","url":"https:\/\/crownsportnutrition.com\/wp-content\/uploads\/2019\/10\/1-with_badges8437014956290.jpg","contentUrl":"https:\/\/crownsportnutrition.com\/wp-content\/uploads\/2019\/10\/1-with_badges8437014956290.jpg","width":800,"height":800},{"@type":"BreadcrumbList","@id":"https:\/\/crownsportnutrition.com\/en\/producto\/pro-salt-caps\/#breadcrumb","itemListElement":[{"@type":"ListItem","position":1,"name":"Portada","item":"https:\/\/crownsportnutrition.com\/en\/"},{"@type":"ListItem","position":2,"name":"CROWN SHOP","item":"https:\/\/crownsportnutrition.com\/tienda\/"},{"@type":"ListItem","position":3,"name":"PRO Salt Caps"}]},{"@type":"WebSite","@id":"https:\/\/crownsportnutrition.com\/en\/#website","url":"https:\/\/crownsportnutrition.com\/en\/","name":"Crown Sport Nutrition, suplementaci\u00f3n deportiva","description":"proteinas, recuperadores, gel energetico, barritas, bebida isotonica,[:en]Otro sitio realizado con WordPress","publisher":{"@id":"https:\/\/crownsportnutrition.com\/en\/#organization"},"potentialAction":[{"@type":"SearchAction","target":{"@type":"EntryPoint","urlTemplate":"https:\/\/crownsportnutrition.com\/en\/?s={search_term_string}"},"query-input":{"@type":"PropertyValueSpecification","valueRequired":true,"valueName":"search_term_string"}}],"inLanguage":"en-US"},{"@type":"Organization","@id":"https:\/\/crownsportnutrition.com\/en\/#organization","name":"Crown Sport Nutrition, sports supplementation","alternateName":"Crown Sport Nutrition","url":"https:\/\/crownsportnutrition.com\/en\/","logo":{"@type":"ImageObject","inLanguage":"en-US","@id":"https:\/\/crownsportnutrition.com\/en\/#\/schema\/logo\/image\/","url":"https:\/\/crownsportnutrition.com\/wp-content\/uploads\/2022\/06\/logo-CROWN-SPORT-NUTRITION1-1.png","contentUrl":"https:\/\/crownsportnutrition.com\/wp-content\/uploads\/2022\/06\/logo-CROWN-SPORT-NUTRITION1-1.png","width":150,"height":58,"caption":"Crown Sport Nutrition, sports supplementation"},"image":{"@id":"https:\/\/crownsportnutrition.com\/en\/#\/schema\/logo\/image\/"},"sameAs":["https:\/\/www.facebook.com\/crownsportnutrition","https:\/\/x.com\/crownsportnutri","https:\/\/www.instagram.com\/crownsportnutrition\/","https:\/\/www.linkedin.com\/company\/crownsportnutrition"],"description":"Crown Sport Nutrition es una marca espa\u00f1ola de suplementaci\u00f3n deportiva enfocada en producir solo productos con base cient\u00edfica y adem\u00e1s promover la investigaci\u00f3n cient\u00edfica mediante la publicaci\u00f3n de art\u00edculos sobre varios de sus productos en revistas cient\u00edficas de primer nivel. Se utilizan las mejores materias primas mezcladas en laboratorios punteros con las normas IFS (International Food Standard), con los mejores sabores y todo doping free. Crown Sport Nutrition es la primera empresa espa\u00f1ola en obtener la certificaci\u00f3n antidoping internacional por Informed Sport.","email":"info@crownsportnutrition.com","telephone":"+34 613 000 417","legalName":"Crown Sport Nutrition"}]},"product_price_amount":"22.68","product_price_currency":"EUR","og_availability":"instock","product_availability":"instock","product_retailer_item_id":"114","product_condition":"new"},"taxonomy_info":{"product_cat":[{"value":114,"label":"Cycling"},{"value":242,"label":"During"},{"value":222,"label":"GLUTEN FREE"},{"value":171,"label":"HYDRATION &amp; ENERGY"},{"value":290,"label":"ISOTONIC"},{"value":223,"label":"LACTOSE FREE"},{"value":115,"label":"Running"},{"value":119,"label":"Tennis"},{"value":116,"label":"Trail Running"},{"value":113,"label":"Triathlon"},{"value":188,"label":"VEGAN PRO LINE"}]},"featured_image_src_large":["https:\/\/crownsportnutrition.com\/wp-content\/uploads\/2019\/10\/1-with_badges8437014956290.jpg",800,800,false],"author_info":[],"comment_info":"","_links":{"self":[{"href":"https:\/\/crownsportnutrition.com\/en\/wp-json\/wp\/v2\/product\/5732","targetHints":{"allow":["GET"]}}],"collection":[{"href":"https:\/\/crownsportnutrition.com\/en\/wp-json\/wp\/v2\/product"}],"about":[{"href":"https:\/\/crownsportnutrition.com\/en\/wp-json\/wp\/v2\/types\/product"}],"wp:featuredmedia":[{"embeddable":true,"href":"https:\/\/crownsportnutrition.com\/en\/wp-json\/wp\/v2\/media\/110776"}],"wp:attachment":[{"href":"https:\/\/crownsportnutrition.com\/en\/wp-json\/wp\/v2\/media?parent=5732"}],"wp:term":[{"taxonomy":"product_brand","embeddable":true,"href":"https:\/\/crownsportnutrition.com\/en\/wp-json\/wp\/v2\/product_brand?post=5732"},{"taxonomy":"product_cat","embeddable":true,"href":"https:\/\/crownsportnutrition.com\/en\/wp-json\/wp\/v2\/product_cat?post=5732"},{"taxonomy":"product_tag","embeddable":true,"href":"https:\/\/crownsportnutrition.com\/en\/wp-json\/wp\/v2\/product_tag?post=5732"}],"curies":[{"name":"wp","href":"https:\/\/api.w.org\/{rel}","templated":true}]}}