{"id":59844,"date":"2020-01-13T17:39:40","date_gmt":"2020-01-13T16:39:40","guid":{"rendered":"https:\/\/crownsportnutrition.com\/?post_type=product&#038;p=59844"},"modified":"2026-04-09T01:03:45","modified_gmt":"2026-04-08T23:03:45","slug":"pro-tester-endurance","status":"publish","type":"product","link":"https:\/\/crownsportnutrition.com\/en\/producto\/pro-tester-endurance\/","title":{"rendered":"PACK Endurance Tester 3.0"},"content":{"rendered":"<h4>WHY CROWN SPORT NUTRITION? (41 SEC)?<\/h4>\n<div>\n<div class=\"entry-content-asset videofit\"><iframe loading=\"lazy\" title=\"Crown Sport Nutrition - High Performance Specialists\" width=\"720\" height=\"405\" src=\"https:\/\/www.youtube.com\/embed\/SvA4rFEtFk4?feature=oembed&#038;enablejsapi=1&#038;origin=https:\/\/crownsportnutrition.com\" frameborder=\"0\" allow=\"accelerometer; autoplay; clipboard-write; encrypted-media; gyroscope; picture-in-picture; web-share\" referrerpolicy=\"strict-origin-when-cross-origin\" allowfullscreen><\/iframe><\/div>\n<\/div>\n<p>&nbsp;<\/p>\n<p>Composed by:<\/p>\n<div>\n<ul>\n<li><b>2 sweet <a href=\"https:\/\/crownsportnutrition.com\/en\/producto\/energy-bar\/\">Energy Bar<\/a> (double chocolate, white chocolate banana):<\/b> source of carbohydrates (energy) and mineral salts (in salty versions). <em>Ideal to take during sports practice. You can also use them as a breakfast or pre-training or competition meal.<\/em><\/li>\n<li><b>1 Salted <a href=\"https:\/\/crownsportnutrition.com\/en\/producto\/energy-bar\/\">Energy Bar<\/a> (vegan salted peanut):<\/b> source of carbohydrates (energy ) and mineral salts (in the salty versions). <em>Ideal to take during sports practice. You can also use them as a breakfast or pre-training or competition meal.<\/em><\/li>\n<li><b>3 sachets of <a href=\"https:\/\/crownsportnutrition.com\/producto\/energygel\/\">Energy Gel<\/a> (red fruits with caffeine, cola with caffeine, orange):&lt;\/b &gt;perfect combination of carbohydrates (energy), amino acids and mineral salts, which help delay the onset of fatigue. Also, in the <b>caffeinated versions<\/b>, we improve alertness, decision-making and muscle contraction. <em>To take during physical activity.<\/em><\/b><\/li>\n<li><b>3 bars of <a href=\"https:\/\/crownsportnutrition.com\/en\/producto\/energy-gum-bar\/\">Energy Gum Bar<\/a> (Cola with caffeine, Strawberry with caffeine and orange) : <\/b>The highest quality gummy bear with a premium composition that provides all the necessary ingredients to improve performance in your training and competitions. It is the <b>adaptation<\/b> of our <b>Energy Gel + Caffeine to the gummy bar format<\/b>, 30 g of magnificent texture that is easy to chew that will not be difficult to swallow, thus avoiding gastrointestinal problems .<\/li>\n<li><b>2 sachets of <a href=\"https:\/\/crownsportnutrition.com\/en\/producto\/isodrink-energy\/\">Isodrink &amp; Energy<\/a> (1x Lemon and 1x Red Fruits):<\/b> is a powdered sports drink of the highest quality and with a premium composition that provides all the necessary ingredients not only to maintain but also to improve performance in your training and competitions. <em>To be taken during physical activity, it provides energy and hydration.<\/em><\/li>\n<li><b>2 sachets of <a href=\"https:\/\/crownsportnutrition.com\/en\/producto\/31-recovery-plus\/\">3:1 Recovery+<\/a> (1x Chocolate and 1x Fruits Red):<\/b> a 3:1 ratio of different carbohydrates and isolated whey protein. With a plus of leucine, glutamine and vitamins and minerals and Informed Sport anti-doping certification. To take after physical activity.<\/li>\n<li><b>1 Elite training bottle<\/b>\u00a0to hydrate during your sessions in a simple and optimal way. The PRO Fly bottle is the one used by the pros of the UCI World Tour, with a nozzle that allows a fluid and abundant jet and plastic that is very easy to squeeze. You can also choose<b> a <\/b><a href=\"https:\/\/crownsportnutrition.com\/en\/producto\/high-quality-shaker-indicated-for-protein-recovery-etc\/\"> <b>Shaker PRO<\/b><\/a><b> 500 ml<\/b> to mix your protein or recovery.<\/li>\n<\/ul>\n<p>Summary 14 products:<\/p>\n<ul>\n<li>1 x Energy Gel Cola with Caffeine 40 g<\/li>\n<li>1 x Orange Energy Gel 40 g<\/li>\n<li>1 x Energy Gel Red Fruits 40 g<\/li>\n<li>1 x Salted Peanut Energy Bar 60 g<\/li>\n<li>1 x Energy Bar Double Chocolate 60 g<\/li>\n<li>1 x Energy Bar Banana and White Chocolate 60 g<\/li>\n<li>1 x Energy Gum Bar Cola with caffeine 30 g<\/li>\n<li>1 x Orange Caffeine Free Energy Gum Bar 30 g<\/li>\n<li>1 x Energy Gum Bar Strawberry with Caffeine 30 g<\/li>\n<li>1 x Isodrink &amp; Energy Lemon 32 g<\/li>\n<li>1 x Isodrink &amp; Energy Red Fruits 32 g<\/li>\n<li>1 x Recovery+ Chocolate 32g<\/li>\n<li>1 x Recovery+ Red Fruits 32 g<\/li>\n<li>1 x Elite training bottle 550 ml, 750 ml or Shaker PRO 600 ml<\/li>\n<\/ul>\n<\/div>\n<span class=\"kt-load-after-post\"><\/span>","protected":false},"excerpt":{"rendered":"<p>Tasting pack with Crown Sport Nutrition\u2019s 14 star products, designed to meet all your energy, hydration, and recovery needs before, during, and after training.<\/p>\n<p>Mainly aimed at endurance athletes (triathlon, MTB, cycling, trail running, marathon, etc.) who want to try our products for the first time without having to buy a full box or tub \u2014 and at an exceptional price.<\/p>\n<p>You can choose it with an ELITE Training Bottle (550 ml \/ 750 ml) or a Shaker PRO (500 ml).<\/p>\n","protected":false},"featured_media":218632,"template":"","meta":{"_kad_blocks_custom_css":"","_kad_blocks_head_custom_js":"","_kad_blocks_body_custom_js":"","_kad_blocks_footer_custom_js":"","_kadence_starter_templates_imported_post":false,"_kad_post_transparent":"default","_kad_post_title":"","_kad_post_layout":"default","_kad_post_sidebar_id":"","_kad_post_content_style":"default","_kad_post_vertical_padding":"default","_kad_post_feature":"","_kad_post_feature_position":"","_kad_post_header":false,"_kad_post_footer":false,"_kad_post_classname":""},"product_brand":[],"product_cat":[171,191,91],"product_tag":[157,156,155,151,158,160,159],"class_list":{"0":"post-59844","1":"product","2":"type-product","3":"status-publish","4":"has-post-thumbnail","6":"product_cat-hidratacion-y-energia-2","7":"product_cat-crown-packs","8":"product_cat-principales","9":"product_tag-barrita","10":"product_tag-barritas","11":"product_tag-gel","12":"product_tag-geles","13":"product_tag-isotonico","14":"product_tag-recovery","15":"product_tag-sobre","17":"first","18":"instock","19":"sale","20":"taxable","21":"shipping-taxable","22":"purchasable","23":"product-type-variable","24":"has-default-attributes","25":"entry","26":"content-bg","27":"loop-entry"},"yoast_head":"<!-- This site is optimized with the Yoast SEO Premium plugin v27.2 (Yoast SEO v27.2) - https:\/\/yoast.com\/product\/yoast-seo-premium-wordpress\/ -->\n<title>PACK Endurance Tester 3.0 - Crown Sport Nutrition, sports supplementation<\/title>\n<meta name=\"description\" content=\"Tasting pack with Crown Sport Nutrition\u2019s 14 star products, designed to meet all your energy, hydration, and recovery needs before, during, and after training.  Mainly aimed at endurance athletes (triathlon, MTB, cycling, trail running, marathon, etc.) who want to try our products for the first time without having to buy a full box or tub \u2014 and at an exceptional price.  You can choose it with an ELITE Training Bottle (550 ml \/ 750 ml) or a Shaker PRO (500 ml).\" \/>\n<meta name=\"robots\" content=\"index, follow, max-snippet:-1, max-image-preview:large, max-video-preview:-1\" \/>\n<link rel=\"canonical\" href=\"https:\/\/crownsportnutrition.com\/en\/producto\/pro-tester-endurance\/\" \/>\n<meta property=\"og:locale\" content=\"en_US\" \/>\n<meta property=\"og:type\" content=\"article\" \/>\n<meta property=\"og:title\" content=\"PACK Endurance Tester 3.0\" \/>\n<meta property=\"og:description\" content=\"Tasting pack with Crown Sport Nutrition\u2019s 14 star products, designed to meet all your energy, hydration, and recovery needs before, during, and after training.  Mainly aimed at endurance athletes (triathlon, MTB, cycling, trail running, marathon, etc.) who want to try our products for the first time without having to buy a full box or tub \u2014 and at an exceptional price.  You can choose it with an ELITE Training Bottle (550 ml \/ 750 ml) or a Shaker PRO (500 ml).\" \/>\n<meta property=\"og:url\" content=\"https:\/\/crownsportnutrition.com\/en\/producto\/pro-tester-endurance\/\" \/>\n<meta property=\"og:site_name\" content=\"Crown Sport Nutrition, sports supplementation\" \/>\n<meta property=\"article:publisher\" content=\"https:\/\/www.facebook.com\/crownsportnutrition\" \/>\n<meta property=\"article:modified_time\" content=\"2026-04-08T23:03:45+00:00\" \/>\n<meta property=\"og:image\" content=\"https:\/\/crownsportnutrition.com\/wp-content\/uploads\/2020\/08\/1-8437014956962-1.jpg\" \/>\n\t<meta property=\"og:image:width\" content=\"1500\" \/>\n\t<meta property=\"og:image:height\" content=\"1500\" \/>\n\t<meta property=\"og:image:type\" content=\"image\/jpeg\" \/>\n<meta name=\"twitter:card\" content=\"summary_large_image\" \/>\n<meta name=\"twitter:site\" content=\"@crownsportnutri\" \/>\n<meta name=\"twitter:label1\" content=\"Availability\" \/>\n\t<meta name=\"twitter:data1\" content=\"In stock\" \/>\n<script type=\"application\/ld+json\" class=\"yoast-schema-graph\">{\"@context\":\"https:\/\/schema.org\",\"@graph\":[{\"@type\":\"WebPage\",\"@id\":\"https:\/\/crownsportnutrition.com\/en\/producto\/pro-tester-endurance\/\",\"url\":\"https:\/\/crownsportnutrition.com\/en\/producto\/pro-tester-endurance\/\",\"name\":\"PACK Endurance Tester 3.0 - Crown Sport Nutrition, sports supplementation\",\"isPartOf\":{\"@id\":\"https:\/\/crownsportnutrition.com\/en\/#website\"},\"primaryImageOfPage\":{\"@id\":\"https:\/\/crownsportnutrition.com\/en\/producto\/pro-tester-endurance\/#primaryimage\"},\"image\":{\"@id\":\"https:\/\/crownsportnutrition.com\/en\/producto\/pro-tester-endurance\/#primaryimage\"},\"thumbnailUrl\":\"https:\/\/crownsportnutrition.com\/wp-content\/uploads\/2020\/08\/1-8437014956962-1.jpg\",\"datePublished\":\"2020-01-13T16:39:40+00:00\",\"dateModified\":\"2026-04-08T23:03:45+00:00\",\"description\":\"Tasting pack with Crown Sport Nutrition\u2019s 14 star products, designed to meet all your energy, hydration, and recovery needs before, during, and after training. Mainly aimed at endurance athletes (triathlon, MTB, cycling, trail running, marathon, etc.) who want to try our products for the first time without having to buy a full box or tub \u2014 and at an exceptional price. You can choose it with an ELITE Training Bottle (550 ml \/ 750 ml) or a Shaker PRO (500 ml).\",\"breadcrumb\":{\"@id\":\"https:\/\/crownsportnutrition.com\/en\/producto\/pro-tester-endurance\/#breadcrumb\"},\"inLanguage\":\"en-US\",\"potentialAction\":[{\"@type\":\"ReadAction\",\"target\":[\"https:\/\/crownsportnutrition.com\/en\/producto\/pro-tester-endurance\/\"]}]},{\"@type\":\"ImageObject\",\"inLanguage\":\"en-US\",\"@id\":\"https:\/\/crownsportnutrition.com\/en\/producto\/pro-tester-endurance\/#primaryimage\",\"url\":\"https:\/\/crownsportnutrition.com\/wp-content\/uploads\/2020\/08\/1-8437014956962-1.jpg\",\"contentUrl\":\"https:\/\/crownsportnutrition.com\/wp-content\/uploads\/2020\/08\/1-8437014956962-1.jpg\",\"width\":1500,\"height\":1500},{\"@type\":\"BreadcrumbList\",\"@id\":\"https:\/\/crownsportnutrition.com\/en\/producto\/pro-tester-endurance\/#breadcrumb\",\"itemListElement\":[{\"@type\":\"ListItem\",\"position\":1,\"name\":\"Portada\",\"item\":\"https:\/\/crownsportnutrition.com\/en\/\"},{\"@type\":\"ListItem\",\"position\":2,\"name\":\"CROWN SHOP\",\"item\":\"https:\/\/crownsportnutrition.com\/tienda\/\"},{\"@type\":\"ListItem\",\"position\":3,\"name\":\"PACK Endurance Tester 3.0\"}]},{\"@type\":\"WebSite\",\"@id\":\"https:\/\/crownsportnutrition.com\/en\/#website\",\"url\":\"https:\/\/crownsportnutrition.com\/en\/\",\"name\":\"Crown Sport Nutrition, suplementaci\u00f3n deportiva\",\"description\":\"proteinas, recuperadores, gel energetico, barritas, bebida isotonica,[:en]Otro sitio realizado con WordPress\",\"publisher\":{\"@id\":\"https:\/\/crownsportnutrition.com\/en\/#organization\"},\"potentialAction\":[{\"@type\":\"SearchAction\",\"target\":{\"@type\":\"EntryPoint\",\"urlTemplate\":\"https:\/\/crownsportnutrition.com\/en\/?s={search_term_string}\"},\"query-input\":{\"@type\":\"PropertyValueSpecification\",\"valueRequired\":true,\"valueName\":\"search_term_string\"}}],\"inLanguage\":\"en-US\"},{\"@type\":\"Organization\",\"@id\":\"https:\/\/crownsportnutrition.com\/en\/#organization\",\"name\":\"Crown Sport Nutrition, sports supplementation\",\"alternateName\":\"Crown Sport Nutrition\",\"url\":\"https:\/\/crownsportnutrition.com\/en\/\",\"logo\":{\"@type\":\"ImageObject\",\"inLanguage\":\"en-US\",\"@id\":\"https:\/\/crownsportnutrition.com\/en\/#\/schema\/logo\/image\/\",\"url\":\"https:\/\/crownsportnutrition.com\/wp-content\/uploads\/2022\/06\/logo-CROWN-SPORT-NUTRITION1-1.png\",\"contentUrl\":\"https:\/\/crownsportnutrition.com\/wp-content\/uploads\/2022\/06\/logo-CROWN-SPORT-NUTRITION1-1.png\",\"width\":150,\"height\":58,\"caption\":\"Crown Sport Nutrition, sports supplementation\"},\"image\":{\"@id\":\"https:\/\/crownsportnutrition.com\/en\/#\/schema\/logo\/image\/\"},\"sameAs\":[\"https:\/\/www.facebook.com\/crownsportnutrition\",\"https:\/\/x.com\/crownsportnutri\",\"https:\/\/www.instagram.com\/crownsportnutrition\/\",\"https:\/\/www.linkedin.com\/company\/crownsportnutrition\"],\"description\":\"Crown Sport Nutrition es una marca espa\u00f1ola de suplementaci\u00f3n deportiva enfocada en producir solo productos con base cient\u00edfica y adem\u00e1s promover la investigaci\u00f3n cient\u00edfica mediante la publicaci\u00f3n de art\u00edculos sobre varios de sus productos en revistas cient\u00edficas de primer nivel. Se utilizan las mejores materias primas mezcladas en laboratorios punteros con las normas IFS (International Food Standard), con los mejores sabores y todo doping free. Crown Sport Nutrition es la primera empresa espa\u00f1ola en obtener la certificaci\u00f3n antidoping internacional por Informed Sport.\",\"email\":\"info@crownsportnutrition.com\",\"telephone\":\"+34 613 000 417\",\"legalName\":\"Crown Sport Nutrition\"}]}<\/script>\n<meta property=\"og:availability\" content=\"instock\" \/>\n<meta property=\"product:availability\" content=\"instock\" \/>\n<meta property=\"product:condition\" content=\"new\" \/>\n<!-- \/ Yoast SEO Premium plugin. -->","yoast_head_json":{"title":"PACK Endurance Tester 3.0 - Crown Sport Nutrition, sports supplementation","description":"Tasting pack with Crown Sport Nutrition\u2019s 14 star products, designed to meet all your energy, hydration, and recovery needs before, during, and after training.  Mainly aimed at endurance athletes (triathlon, MTB, cycling, trail running, marathon, etc.) who want to try our products for the first time without having to buy a full box or tub \u2014 and at an exceptional price.  You can choose it with an ELITE Training Bottle (550 ml \/ 750 ml) or a Shaker PRO (500 ml).","robots":{"index":"index","follow":"follow","max-snippet":"max-snippet:-1","max-image-preview":"max-image-preview:large","max-video-preview":"max-video-preview:-1"},"canonical":"https:\/\/crownsportnutrition.com\/en\/producto\/pro-tester-endurance\/","og_locale":"en_US","og_type":"article","og_title":"PACK Endurance Tester 3.0","og_description":"Tasting pack with Crown Sport Nutrition\u2019s 14 star products, designed to meet all your energy, hydration, and recovery needs before, during, and after training.  Mainly aimed at endurance athletes (triathlon, MTB, cycling, trail running, marathon, etc.) who want to try our products for the first time without having to buy a full box or tub \u2014 and at an exceptional price.  You can choose it with an ELITE Training Bottle (550 ml \/ 750 ml) or a Shaker PRO (500 ml).","og_url":"https:\/\/crownsportnutrition.com\/en\/producto\/pro-tester-endurance\/","og_site_name":"Crown Sport Nutrition, sports supplementation","article_publisher":"https:\/\/www.facebook.com\/crownsportnutrition","article_modified_time":"2026-04-08T23:03:45+00:00","og_image":[{"width":1500,"height":1500,"url":"https:\/\/crownsportnutrition.com\/wp-content\/uploads\/2020\/08\/1-8437014956962-1.jpg","type":"image\/jpeg"}],"twitter_card":"summary_large_image","twitter_site":"@crownsportnutri","twitter_misc":{"Availability":"In stock"},"schema":{"@context":"https:\/\/schema.org","@graph":[{"@type":"WebPage","@id":"https:\/\/crownsportnutrition.com\/en\/producto\/pro-tester-endurance\/","url":"https:\/\/crownsportnutrition.com\/en\/producto\/pro-tester-endurance\/","name":"PACK Endurance Tester 3.0 - Crown Sport Nutrition, sports supplementation","isPartOf":{"@id":"https:\/\/crownsportnutrition.com\/en\/#website"},"primaryImageOfPage":{"@id":"https:\/\/crownsportnutrition.com\/en\/producto\/pro-tester-endurance\/#primaryimage"},"image":{"@id":"https:\/\/crownsportnutrition.com\/en\/producto\/pro-tester-endurance\/#primaryimage"},"thumbnailUrl":"https:\/\/crownsportnutrition.com\/wp-content\/uploads\/2020\/08\/1-8437014956962-1.jpg","datePublished":"2020-01-13T16:39:40+00:00","dateModified":"2026-04-08T23:03:45+00:00","description":"Tasting pack with Crown Sport Nutrition\u2019s 14 star products, designed to meet all your energy, hydration, and recovery needs before, during, and after training. Mainly aimed at endurance athletes (triathlon, MTB, cycling, trail running, marathon, etc.) who want to try our products for the first time without having to buy a full box or tub \u2014 and at an exceptional price. You can choose it with an ELITE Training Bottle (550 ml \/ 750 ml) or a Shaker PRO (500 ml).","breadcrumb":{"@id":"https:\/\/crownsportnutrition.com\/en\/producto\/pro-tester-endurance\/#breadcrumb"},"inLanguage":"en-US","potentialAction":[{"@type":"ReadAction","target":["https:\/\/crownsportnutrition.com\/en\/producto\/pro-tester-endurance\/"]}]},{"@type":"ImageObject","inLanguage":"en-US","@id":"https:\/\/crownsportnutrition.com\/en\/producto\/pro-tester-endurance\/#primaryimage","url":"https:\/\/crownsportnutrition.com\/wp-content\/uploads\/2020\/08\/1-8437014956962-1.jpg","contentUrl":"https:\/\/crownsportnutrition.com\/wp-content\/uploads\/2020\/08\/1-8437014956962-1.jpg","width":1500,"height":1500},{"@type":"BreadcrumbList","@id":"https:\/\/crownsportnutrition.com\/en\/producto\/pro-tester-endurance\/#breadcrumb","itemListElement":[{"@type":"ListItem","position":1,"name":"Portada","item":"https:\/\/crownsportnutrition.com\/en\/"},{"@type":"ListItem","position":2,"name":"CROWN SHOP","item":"https:\/\/crownsportnutrition.com\/tienda\/"},{"@type":"ListItem","position":3,"name":"PACK Endurance Tester 3.0"}]},{"@type":"WebSite","@id":"https:\/\/crownsportnutrition.com\/en\/#website","url":"https:\/\/crownsportnutrition.com\/en\/","name":"Crown Sport Nutrition, suplementaci\u00f3n deportiva","description":"proteinas, recuperadores, gel energetico, barritas, bebida isotonica,[:en]Otro sitio realizado con WordPress","publisher":{"@id":"https:\/\/crownsportnutrition.com\/en\/#organization"},"potentialAction":[{"@type":"SearchAction","target":{"@type":"EntryPoint","urlTemplate":"https:\/\/crownsportnutrition.com\/en\/?s={search_term_string}"},"query-input":{"@type":"PropertyValueSpecification","valueRequired":true,"valueName":"search_term_string"}}],"inLanguage":"en-US"},{"@type":"Organization","@id":"https:\/\/crownsportnutrition.com\/en\/#organization","name":"Crown Sport Nutrition, sports supplementation","alternateName":"Crown Sport Nutrition","url":"https:\/\/crownsportnutrition.com\/en\/","logo":{"@type":"ImageObject","inLanguage":"en-US","@id":"https:\/\/crownsportnutrition.com\/en\/#\/schema\/logo\/image\/","url":"https:\/\/crownsportnutrition.com\/wp-content\/uploads\/2022\/06\/logo-CROWN-SPORT-NUTRITION1-1.png","contentUrl":"https:\/\/crownsportnutrition.com\/wp-content\/uploads\/2022\/06\/logo-CROWN-SPORT-NUTRITION1-1.png","width":150,"height":58,"caption":"Crown Sport Nutrition, sports supplementation"},"image":{"@id":"https:\/\/crownsportnutrition.com\/en\/#\/schema\/logo\/image\/"},"sameAs":["https:\/\/www.facebook.com\/crownsportnutrition","https:\/\/x.com\/crownsportnutri","https:\/\/www.instagram.com\/crownsportnutrition\/","https:\/\/www.linkedin.com\/company\/crownsportnutrition"],"description":"Crown Sport Nutrition es una marca espa\u00f1ola de suplementaci\u00f3n deportiva enfocada en producir solo productos con base cient\u00edfica y adem\u00e1s promover la investigaci\u00f3n cient\u00edfica mediante la publicaci\u00f3n de art\u00edculos sobre varios de sus productos en revistas cient\u00edficas de primer nivel. Se utilizan las mejores materias primas mezcladas en laboratorios punteros con las normas IFS (International Food Standard), con los mejores sabores y todo doping free. Crown Sport Nutrition es la primera empresa espa\u00f1ola en obtener la certificaci\u00f3n antidoping internacional por Informed Sport.","email":"info@crownsportnutrition.com","telephone":"+34 613 000 417","legalName":"Crown Sport Nutrition"}]},"og_availability":"instock","product_availability":"instock","product_condition":"new"},"taxonomy_info":{"product_cat":[{"value":171,"label":"HYDRATION &amp; ENERGY"},{"value":191,"label":"OFFERS &amp; BUNDLES"},{"value":91,"label":"YOUR SPORT"}],"product_tag":[{"value":157,"label":"barrita"},{"value":156,"label":"barritas"},{"value":155,"label":"gel"},{"value":151,"label":"geles"},{"value":158,"label":"isotonico"},{"value":160,"label":"recovery"},{"value":159,"label":"sobre"}]},"featured_image_src_large":["https:\/\/crownsportnutrition.com\/wp-content\/uploads\/2020\/08\/1-8437014956962-1-1024x1024.jpg",1024,1024,true],"author_info":[],"comment_info":"","_links":{"self":[{"href":"https:\/\/crownsportnutrition.com\/en\/wp-json\/wp\/v2\/product\/59844","targetHints":{"allow":["GET"]}}],"collection":[{"href":"https:\/\/crownsportnutrition.com\/en\/wp-json\/wp\/v2\/product"}],"about":[{"href":"https:\/\/crownsportnutrition.com\/en\/wp-json\/wp\/v2\/types\/product"}],"wp:featuredmedia":[{"embeddable":true,"href":"https:\/\/crownsportnutrition.com\/en\/wp-json\/wp\/v2\/media\/218632"}],"wp:attachment":[{"href":"https:\/\/crownsportnutrition.com\/en\/wp-json\/wp\/v2\/media?parent=59844"}],"wp:term":[{"taxonomy":"product_brand","embeddable":true,"href":"https:\/\/crownsportnutrition.com\/en\/wp-json\/wp\/v2\/product_brand?post=59844"},{"taxonomy":"product_cat","embeddable":true,"href":"https:\/\/crownsportnutrition.com\/en\/wp-json\/wp\/v2\/product_cat?post=59844"},{"taxonomy":"product_tag","embeddable":true,"href":"https:\/\/crownsportnutrition.com\/en\/wp-json\/wp\/v2\/product_tag?post=59844"}],"curies":[{"name":"wp","href":"https:\/\/api.w.org\/{rel}","templated":true}]}}