{"id":61365,"date":"2020-04-30T12:45:31","date_gmt":"2020-04-30T10:45:31","guid":{"rendered":"https:\/\/crownsportnutrition.com\/?post_type=product&#038;p=61365"},"modified":"2026-04-04T05:03:27","modified_gmt":"2026-04-04T03:03:27","slug":"pre-workout-pro-st","status":"publish","type":"product","link":"https:\/\/crownsportnutrition.com\/en\/producto\/pre-workout-pro-st\/","title":{"rendered":"Pre Workout PRO ST"},"content":{"rendered":"<h1><strong>Pre-Workout PRO ST<\/strong><\/h1>\n<p><img decoding=\"async\" src=\"https:\/\/media.crownsportnutrition.com\/img\/informed-banners\/327.jpg\" alt=\"Informed Sport anti-doping certification\" \/><\/p>\n<p><strong>Pre-Workout PRO ST<\/strong> is a high-quality powdered pre-workout supplement with a perfectly balanced composition scientifically proven by the University of Greenwich. It provides all the necessary nutrients to enhance performance in both strength and endurance training and competition.<\/p>\n<ul>\n<li>Extra essential amino acids<\/li>\n<li>With caffeine and nitric oxide precursors<\/li>\n<li>Low in carbohydrates and no added sugars<\/li>\n<li>Scientifically proven efficacy through our own study<\/li>\n<\/ul>\n<h3>Essential Amino Acids<\/h3>\n<p>Fundamental for optimal muscle function during activity. Pre-workout intake has been shown to delay fatigue and enhance recovery by reducing muscle breakdown. Delivered in an optimal ratio similar to that of muscle mass.<\/p>\n<h3>Nitric Oxide Precursors (NO)<\/h3>\n<p>The exchange between Citrulline and Arginine in the presence of oxygen releases NO. When it binds to specific receptors, it causes vasodilation, increasing blood and nutrient flow to active muscles and potentially improving performance.<\/p>\n<h3>Taurine<\/h3>\n<p>Has antioxidant, metabolic, and ergogenic effects. When combined with other ingredients, it improves muscle endurance during exercise and stabilizes cell membranes, facilitating the transport of key minerals.<\/p>\n<h3>Tyrosine<\/h3>\n<p>Enhances focus and concentration when combined with caffeine\u2014key for maximum performance in training or competition.<\/p>\n<h3>Betaine<\/h3>\n<p>This glycine derivative enhances performance by boosting creatine resynthesis and increasing NO levels. It also improves total workload to fatigue as well as strength and power output.<\/p>\n<h3>Acetyl-L-Carnitine<\/h3>\n<p>Crosses the blood-brain barrier and acts on two fronts: improves mitochondrial metabolism by donating acetyl groups (acetyl-CoA) and supports cognitive function by aiding acetylcholine synthesis.<\/p>\n<h3>Caffeine and Yerba Mate<\/h3>\n<p>Includes pure caffeine and yerba mate extract, the top ingredient for boosting endurance and strength. Stimulates the central nervous system, delays fatigue, optimizes glycogen and fat use, and enhances muscle contraction\u2014especially under fatigue.<\/p>\n<p>Like all <strong>Crown Sport Nutrition<\/strong> products, it offers outstanding taste and digestibility.<\/p>\n<p><strong>Scientific study published in Nutrients:<\/strong> The ingredient matrix was tested using 2 servings of <strong>Pre-Workout PRO ST<\/strong> (30 g) with approximately 16 g of added carbohydrates. To replicate the study, add 2\/3 of a serving of <strong>Isodrink &amp; Energy Lemon<\/strong> (about 20 g) to maximize effectiveness.<\/p>\n<h3>Format and Flavors<\/h3>\n<ul>\n<li>Flavors: Citrus and Blue Storm<\/li>\n<li>300 g jar (20 servings of 15 g)<\/li>\n<\/ul>\n<span class=\"kt-load-after-post\"><\/span>","protected":false},"excerpt":{"rendered":"<p><strong>Pre-Workout PRO ST<\/strong> is a concentrated pre-workout powder of the highest quality with a perfectly balanced composition; all essential amino acids, caffeine, yerba mate and precursors of nitric oxide. Scientifically proven by the University of Greenwich, it provides all the necessary nutrients to enhance your workouts and competitions, both in strength and endurance. ST line [Scientific Tested].<br \/>\nCertified by Informed Sport.<\/p>\n","protected":false},"featured_media":96719,"template":"","meta":{"_kad_blocks_custom_css":"","_kad_blocks_head_custom_js":"","_kad_blocks_body_custom_js":"","_kad_blocks_footer_custom_js":"","_kadence_starter_templates_imported_post":false,"_kad_post_transparent":"default","_kad_post_title":"","_kad_post_layout":"default","_kad_post_sidebar_id":"","_kad_post_content_style":"default","_kad_post_vertical_padding":"default","_kad_post_feature":"","_kad_post_feature_position":"","_kad_post_header":false,"_kad_post_footer":false,"_kad_post_classname":""},"product_brand":[],"product_cat":[241,117,114,118,222,120,291,223,121,174,115,221,292,119,116,113,188],"product_tag":[],"class_list":{"0":"post-61365","1":"product","2":"type-product","3":"status-publish","4":"has-post-thumbnail","6":"product_cat-antes","7":"product_cat-crossfit","8":"product_cat-ciclismo","9":"product_cat-futbol","10":"product_cat-sin-gluten","11":"product_cat-gimnasio","12":"product_cat-balonmano","13":"product_cat-sin-lactosa","14":"product_cat-artes-marciales","15":"product_cat-potenciadores-de-rendimiento","16":"product_cat-running","17":"product_cat-st-line-scientific-tested","18":"product_cat-natacion","19":"product_cat-tenis","20":"product_cat-trail-running","21":"product_cat-triatlon","22":"product_cat-vegan-pro-line-2","24":"first","25":"instock","26":"taxable","27":"shipping-taxable","28":"purchasable","29":"product-type-variable","30":"has-default-attributes","31":"entry","32":"content-bg","33":"loop-entry"},"yoast_head":"<!-- This site is optimized with the Yoast SEO Premium plugin v27.2 (Yoast SEO v27.2) - https:\/\/yoast.com\/product\/yoast-seo-premium-wordpress\/ -->\n<title>Pre-Workout: F\u00f3rmula cient\u00edficamente probada y efectiva<\/title>\n<meta name=\"description\" content=\"Pre-Workout PRO ST is a concentrated pre-workout powder of the highest quality with a perfectly balanced composition; all essential amino acids, caffeine, yerba mate and precursors of nitric oxide. Scientifically proven by the University of Greenwich, it provides all the necessary nutrients to enhance your workouts and competitions, both in strength and endurance. ST line . Certified by Informed Sport.\" \/>\n<meta name=\"robots\" content=\"index, follow, max-snippet:-1, max-image-preview:large, max-video-preview:-1\" \/>\n<link rel=\"canonical\" href=\"https:\/\/crownsportnutrition.com\/en\/producto\/pre-workout-pro-st\/\" \/>\n<meta property=\"og:locale\" content=\"en_US\" \/>\n<meta property=\"og:type\" content=\"article\" \/>\n<meta property=\"og:title\" content=\"Pre Workout PRO ST\" \/>\n<meta property=\"og:description\" content=\"Pre-Workout PRO ST is a concentrated pre-workout powder of the highest quality with a perfectly balanced composition; all essential amino acids, caffeine, yerba mate and precursors of nitric oxide. Scientifically proven by the University of Greenwich, it provides all the necessary nutrients to enhance your workouts and competitions, both in strength and endurance. ST line . Certified by Informed Sport.\" \/>\n<meta property=\"og:url\" content=\"https:\/\/crownsportnutrition.com\/en\/producto\/pre-workout-pro-st\/\" \/>\n<meta property=\"og:site_name\" content=\"Crown Sport Nutrition, sports supplementation\" \/>\n<meta property=\"article:publisher\" content=\"https:\/\/www.facebook.com\/crownsportnutrition\" \/>\n<meta property=\"article:modified_time\" content=\"2026-04-04T03:03:27+00:00\" \/>\n<meta property=\"og:image\" content=\"https:\/\/crownsportnutrition.com\/wp-content\/uploads\/2020\/04\/PREWORK_Pre-Workout_800-1.jpg\" \/>\n\t<meta property=\"og:image:width\" content=\"800\" \/>\n\t<meta property=\"og:image:height\" content=\"800\" \/>\n\t<meta property=\"og:image:type\" content=\"image\/jpeg\" \/>\n<meta name=\"twitter:card\" content=\"summary_large_image\" \/>\n<meta name=\"twitter:site\" content=\"@crownsportnutri\" \/>\n<meta name=\"twitter:label1\" content=\"Availability\" \/>\n\t<meta name=\"twitter:data1\" content=\"In stock\" \/>\n<script type=\"application\/ld+json\" class=\"yoast-schema-graph\">{\"@context\":\"https:\/\/schema.org\",\"@graph\":[{\"@type\":\"WebPage\",\"@id\":\"https:\/\/crownsportnutrition.com\/en\/producto\/pre-workout-pro-st\/\",\"url\":\"https:\/\/crownsportnutrition.com\/en\/producto\/pre-workout-pro-st\/\",\"name\":\"Pre-Workout: F\u00f3rmula cient\u00edficamente probada y efectiva\",\"isPartOf\":{\"@id\":\"https:\/\/crownsportnutrition.com\/en\/#website\"},\"primaryImageOfPage\":{\"@id\":\"https:\/\/crownsportnutrition.com\/en\/producto\/pre-workout-pro-st\/#primaryimage\"},\"image\":{\"@id\":\"https:\/\/crownsportnutrition.com\/en\/producto\/pre-workout-pro-st\/#primaryimage\"},\"thumbnailUrl\":\"https:\/\/crownsportnutrition.com\/wp-content\/uploads\/2020\/04\/PREWORK_Pre-Workout_800-1.jpg\",\"datePublished\":\"2020-04-30T10:45:31+00:00\",\"dateModified\":\"2026-04-04T03:03:27+00:00\",\"description\":\"Pre-Workout PRO ST is a concentrated pre-workout powder of the highest quality with a perfectly balanced composition; all essential amino acids, caffeine, yerba mate and precursors of nitric oxide. Scientifically proven by the University of Greenwich, it provides all the necessary nutrients to enhance your workouts and competitions, both in strength and endurance. ST line . Certified by Informed Sport.\",\"breadcrumb\":{\"@id\":\"https:\/\/crownsportnutrition.com\/en\/producto\/pre-workout-pro-st\/#breadcrumb\"},\"inLanguage\":\"en-US\",\"potentialAction\":[{\"@type\":\"ReadAction\",\"target\":[\"https:\/\/crownsportnutrition.com\/en\/producto\/pre-workout-pro-st\/\"]}]},{\"@type\":\"ImageObject\",\"inLanguage\":\"en-US\",\"@id\":\"https:\/\/crownsportnutrition.com\/en\/producto\/pre-workout-pro-st\/#primaryimage\",\"url\":\"https:\/\/crownsportnutrition.com\/wp-content\/uploads\/2020\/04\/PREWORK_Pre-Workout_800-1.jpg\",\"contentUrl\":\"https:\/\/crownsportnutrition.com\/wp-content\/uploads\/2020\/04\/PREWORK_Pre-Workout_800-1.jpg\",\"width\":800,\"height\":800},{\"@type\":\"BreadcrumbList\",\"@id\":\"https:\/\/crownsportnutrition.com\/en\/producto\/pre-workout-pro-st\/#breadcrumb\",\"itemListElement\":[{\"@type\":\"ListItem\",\"position\":1,\"name\":\"Portada\",\"item\":\"https:\/\/crownsportnutrition.com\/en\/\"},{\"@type\":\"ListItem\",\"position\":2,\"name\":\"CROWN SHOP\",\"item\":\"https:\/\/crownsportnutrition.com\/tienda\/\"},{\"@type\":\"ListItem\",\"position\":3,\"name\":\"Pre Workout PRO ST\"}]},{\"@type\":\"WebSite\",\"@id\":\"https:\/\/crownsportnutrition.com\/en\/#website\",\"url\":\"https:\/\/crownsportnutrition.com\/en\/\",\"name\":\"Crown Sport Nutrition, suplementaci\u00f3n deportiva\",\"description\":\"proteinas, recuperadores, gel energetico, barritas, bebida isotonica,[:en]Otro sitio realizado con WordPress\",\"publisher\":{\"@id\":\"https:\/\/crownsportnutrition.com\/en\/#organization\"},\"potentialAction\":[{\"@type\":\"SearchAction\",\"target\":{\"@type\":\"EntryPoint\",\"urlTemplate\":\"https:\/\/crownsportnutrition.com\/en\/?s={search_term_string}\"},\"query-input\":{\"@type\":\"PropertyValueSpecification\",\"valueRequired\":true,\"valueName\":\"search_term_string\"}}],\"inLanguage\":\"en-US\"},{\"@type\":\"Organization\",\"@id\":\"https:\/\/crownsportnutrition.com\/en\/#organization\",\"name\":\"Crown Sport Nutrition, sports supplementation\",\"alternateName\":\"Crown Sport Nutrition\",\"url\":\"https:\/\/crownsportnutrition.com\/en\/\",\"logo\":{\"@type\":\"ImageObject\",\"inLanguage\":\"en-US\",\"@id\":\"https:\/\/crownsportnutrition.com\/en\/#\/schema\/logo\/image\/\",\"url\":\"https:\/\/crownsportnutrition.com\/wp-content\/uploads\/2022\/06\/logo-CROWN-SPORT-NUTRITION1-1.png\",\"contentUrl\":\"https:\/\/crownsportnutrition.com\/wp-content\/uploads\/2022\/06\/logo-CROWN-SPORT-NUTRITION1-1.png\",\"width\":150,\"height\":58,\"caption\":\"Crown Sport Nutrition, sports supplementation\"},\"image\":{\"@id\":\"https:\/\/crownsportnutrition.com\/en\/#\/schema\/logo\/image\/\"},\"sameAs\":[\"https:\/\/www.facebook.com\/crownsportnutrition\",\"https:\/\/x.com\/crownsportnutri\",\"https:\/\/www.instagram.com\/crownsportnutrition\/\",\"https:\/\/www.linkedin.com\/company\/crownsportnutrition\"],\"description\":\"Crown Sport Nutrition es una marca espa\u00f1ola de suplementaci\u00f3n deportiva enfocada en producir solo productos con base cient\u00edfica y adem\u00e1s promover la investigaci\u00f3n cient\u00edfica mediante la publicaci\u00f3n de art\u00edculos sobre varios de sus productos en revistas cient\u00edficas de primer nivel. Se utilizan las mejores materias primas mezcladas en laboratorios punteros con las normas IFS (International Food Standard), con los mejores sabores y todo doping free. Crown Sport Nutrition es la primera empresa espa\u00f1ola en obtener la certificaci\u00f3n antidoping internacional por Informed Sport.\",\"email\":\"info@crownsportnutrition.com\",\"telephone\":\"+34 613 000 417\",\"legalName\":\"Crown Sport Nutrition\"}]}<\/script>\n<meta property=\"og:availability\" content=\"instock\" \/>\n<meta property=\"product:availability\" content=\"instock\" \/>\n<meta property=\"product:retailer_item_id\" content=\"PWO.M\" \/>\n<meta property=\"product:condition\" content=\"new\" \/>\n<!-- \/ Yoast SEO Premium plugin. -->","yoast_head_json":{"title":"Pre-Workout: F\u00f3rmula cient\u00edficamente probada y efectiva","description":"Pre-Workout PRO ST is a concentrated pre-workout powder of the highest quality with a perfectly balanced composition; all essential amino acids, caffeine, yerba mate and precursors of nitric oxide. Scientifically proven by the University of Greenwich, it provides all the necessary nutrients to enhance your workouts and competitions, both in strength and endurance. ST line . Certified by Informed Sport.","robots":{"index":"index","follow":"follow","max-snippet":"max-snippet:-1","max-image-preview":"max-image-preview:large","max-video-preview":"max-video-preview:-1"},"canonical":"https:\/\/crownsportnutrition.com\/en\/producto\/pre-workout-pro-st\/","og_locale":"en_US","og_type":"article","og_title":"Pre Workout PRO ST","og_description":"Pre-Workout PRO ST is a concentrated pre-workout powder of the highest quality with a perfectly balanced composition; all essential amino acids, caffeine, yerba mate and precursors of nitric oxide. Scientifically proven by the University of Greenwich, it provides all the necessary nutrients to enhance your workouts and competitions, both in strength and endurance. ST line . Certified by Informed Sport.","og_url":"https:\/\/crownsportnutrition.com\/en\/producto\/pre-workout-pro-st\/","og_site_name":"Crown Sport Nutrition, sports supplementation","article_publisher":"https:\/\/www.facebook.com\/crownsportnutrition","article_modified_time":"2026-04-04T03:03:27+00:00","og_image":[{"width":800,"height":800,"url":"https:\/\/crownsportnutrition.com\/wp-content\/uploads\/2020\/04\/PREWORK_Pre-Workout_800-1.jpg","type":"image\/jpeg"}],"twitter_card":"summary_large_image","twitter_site":"@crownsportnutri","twitter_misc":{"Availability":"In stock"},"schema":{"@context":"https:\/\/schema.org","@graph":[{"@type":"WebPage","@id":"https:\/\/crownsportnutrition.com\/en\/producto\/pre-workout-pro-st\/","url":"https:\/\/crownsportnutrition.com\/en\/producto\/pre-workout-pro-st\/","name":"Pre-Workout: F\u00f3rmula cient\u00edficamente probada y efectiva","isPartOf":{"@id":"https:\/\/crownsportnutrition.com\/en\/#website"},"primaryImageOfPage":{"@id":"https:\/\/crownsportnutrition.com\/en\/producto\/pre-workout-pro-st\/#primaryimage"},"image":{"@id":"https:\/\/crownsportnutrition.com\/en\/producto\/pre-workout-pro-st\/#primaryimage"},"thumbnailUrl":"https:\/\/crownsportnutrition.com\/wp-content\/uploads\/2020\/04\/PREWORK_Pre-Workout_800-1.jpg","datePublished":"2020-04-30T10:45:31+00:00","dateModified":"2026-04-04T03:03:27+00:00","description":"Pre-Workout PRO ST is a concentrated pre-workout powder of the highest quality with a perfectly balanced composition; all essential amino acids, caffeine, yerba mate and precursors of nitric oxide. Scientifically proven by the University of Greenwich, it provides all the necessary nutrients to enhance your workouts and competitions, both in strength and endurance. ST line . Certified by Informed Sport.","breadcrumb":{"@id":"https:\/\/crownsportnutrition.com\/en\/producto\/pre-workout-pro-st\/#breadcrumb"},"inLanguage":"en-US","potentialAction":[{"@type":"ReadAction","target":["https:\/\/crownsportnutrition.com\/en\/producto\/pre-workout-pro-st\/"]}]},{"@type":"ImageObject","inLanguage":"en-US","@id":"https:\/\/crownsportnutrition.com\/en\/producto\/pre-workout-pro-st\/#primaryimage","url":"https:\/\/crownsportnutrition.com\/wp-content\/uploads\/2020\/04\/PREWORK_Pre-Workout_800-1.jpg","contentUrl":"https:\/\/crownsportnutrition.com\/wp-content\/uploads\/2020\/04\/PREWORK_Pre-Workout_800-1.jpg","width":800,"height":800},{"@type":"BreadcrumbList","@id":"https:\/\/crownsportnutrition.com\/en\/producto\/pre-workout-pro-st\/#breadcrumb","itemListElement":[{"@type":"ListItem","position":1,"name":"Portada","item":"https:\/\/crownsportnutrition.com\/en\/"},{"@type":"ListItem","position":2,"name":"CROWN SHOP","item":"https:\/\/crownsportnutrition.com\/tienda\/"},{"@type":"ListItem","position":3,"name":"Pre Workout PRO ST"}]},{"@type":"WebSite","@id":"https:\/\/crownsportnutrition.com\/en\/#website","url":"https:\/\/crownsportnutrition.com\/en\/","name":"Crown Sport Nutrition, suplementaci\u00f3n deportiva","description":"proteinas, recuperadores, gel energetico, barritas, bebida isotonica,[:en]Otro sitio realizado con WordPress","publisher":{"@id":"https:\/\/crownsportnutrition.com\/en\/#organization"},"potentialAction":[{"@type":"SearchAction","target":{"@type":"EntryPoint","urlTemplate":"https:\/\/crownsportnutrition.com\/en\/?s={search_term_string}"},"query-input":{"@type":"PropertyValueSpecification","valueRequired":true,"valueName":"search_term_string"}}],"inLanguage":"en-US"},{"@type":"Organization","@id":"https:\/\/crownsportnutrition.com\/en\/#organization","name":"Crown Sport Nutrition, sports supplementation","alternateName":"Crown Sport Nutrition","url":"https:\/\/crownsportnutrition.com\/en\/","logo":{"@type":"ImageObject","inLanguage":"en-US","@id":"https:\/\/crownsportnutrition.com\/en\/#\/schema\/logo\/image\/","url":"https:\/\/crownsportnutrition.com\/wp-content\/uploads\/2022\/06\/logo-CROWN-SPORT-NUTRITION1-1.png","contentUrl":"https:\/\/crownsportnutrition.com\/wp-content\/uploads\/2022\/06\/logo-CROWN-SPORT-NUTRITION1-1.png","width":150,"height":58,"caption":"Crown Sport Nutrition, sports supplementation"},"image":{"@id":"https:\/\/crownsportnutrition.com\/en\/#\/schema\/logo\/image\/"},"sameAs":["https:\/\/www.facebook.com\/crownsportnutrition","https:\/\/x.com\/crownsportnutri","https:\/\/www.instagram.com\/crownsportnutrition\/","https:\/\/www.linkedin.com\/company\/crownsportnutrition"],"description":"Crown Sport Nutrition es una marca espa\u00f1ola de suplementaci\u00f3n deportiva enfocada en producir solo productos con base cient\u00edfica y adem\u00e1s promover la investigaci\u00f3n cient\u00edfica mediante la publicaci\u00f3n de art\u00edculos sobre varios de sus productos en revistas cient\u00edficas de primer nivel. Se utilizan las mejores materias primas mezcladas en laboratorios punteros con las normas IFS (International Food Standard), con los mejores sabores y todo doping free. Crown Sport Nutrition es la primera empresa espa\u00f1ola en obtener la certificaci\u00f3n antidoping internacional por Informed Sport.","email":"info@crownsportnutrition.com","telephone":"+34 613 000 417","legalName":"Crown Sport Nutrition"}]},"og_availability":"instock","product_availability":"instock","product_retailer_item_id":"PWO.M","product_condition":"new"},"taxonomy_info":{"product_cat":[{"value":241,"label":"Before"},{"value":117,"label":"Crossfit"},{"value":114,"label":"Cycling"},{"value":118,"label":"Football"},{"value":222,"label":"GLUTEN FREE"},{"value":120,"label":"Gym"},{"value":291,"label":"Handball"},{"value":223,"label":"LACTOSE FREE"},{"value":121,"label":"Martial Arts"},{"value":174,"label":"PERFORMANCE ENHANCERS"},{"value":115,"label":"Running"},{"value":221,"label":"ST LINE [SCIENTIFIC TESTED]"},{"value":292,"label":"Swimming"},{"value":119,"label":"Tennis"},{"value":116,"label":"Trail Running"},{"value":113,"label":"Triathlon"},{"value":188,"label":"VEGAN PRO LINE"}]},"featured_image_src_large":["https:\/\/crownsportnutrition.com\/wp-content\/uploads\/2020\/04\/PREWORK_Pre-Workout_800-1.jpg",800,800,false],"author_info":[],"comment_info":"","_links":{"self":[{"href":"https:\/\/crownsportnutrition.com\/en\/wp-json\/wp\/v2\/product\/61365","targetHints":{"allow":["GET"]}}],"collection":[{"href":"https:\/\/crownsportnutrition.com\/en\/wp-json\/wp\/v2\/product"}],"about":[{"href":"https:\/\/crownsportnutrition.com\/en\/wp-json\/wp\/v2\/types\/product"}],"wp:featuredmedia":[{"embeddable":true,"href":"https:\/\/crownsportnutrition.com\/en\/wp-json\/wp\/v2\/media\/96719"}],"wp:attachment":[{"href":"https:\/\/crownsportnutrition.com\/en\/wp-json\/wp\/v2\/media?parent=61365"}],"wp:term":[{"taxonomy":"product_brand","embeddable":true,"href":"https:\/\/crownsportnutrition.com\/en\/wp-json\/wp\/v2\/product_brand?post=61365"},{"taxonomy":"product_cat","embeddable":true,"href":"https:\/\/crownsportnutrition.com\/en\/wp-json\/wp\/v2\/product_cat?post=61365"},{"taxonomy":"product_tag","embeddable":true,"href":"https:\/\/crownsportnutrition.com\/en\/wp-json\/wp\/v2\/product_tag?post=61365"}],"curies":[{"name":"wp","href":"https:\/\/api.w.org\/{rel}","templated":true}]}}