{"id":61686,"date":"2020-05-14T10:49:02","date_gmt":"2020-05-14T08:49:02","guid":{"rendered":"https:\/\/crownsportnutrition.com\/?post_type=product&#038;p=61686"},"modified":"2026-04-22T07:04:09","modified_gmt":"2026-04-22T05:04:09","slug":"pack-mps-informed","status":"publish","type":"product","link":"https:\/\/crownsportnutrition.com\/en\/producto\/pack-mps-informed\/","title":{"rendered":"PACK M.P.S. INFORMED"},"content":{"rendered":"<div><\/div>\n<p>El <strong>PACK M.P.S. Informed<\/strong> est\u00e1 compuesto por:<\/p>\n<ul>\n<li>1 x <a href=\"https:\/\/crownsportnutrition.com\/?p=61181\">Whey PROtein+<\/a> sabor Chocolate, fresa o wafer cookies<\/li>\n<li>1 x <a href=\"https:\/\/crownsportnutrition.com\/producto\/creatine-monohydrate\/\">Creatine Monohydrate Creapure<\/a> 300 g sabor Neutro<\/li>\n<li>1 x <a href=\"https:\/\/crownsportnutrition.com\/producto\/shaker-alta-calidad-indicado-para-el-recovery-proteinas-etc\/\">ShakerPRO<\/a> 600 ml<\/li>\n<\/ul>\n<span class=\"kt-load-after-post\"><\/span>","protected":false},"excerpt":{"rendered":"<p>The <strong>M.P.S. Informed PACK<\/strong> (Muscle Protein Synthesis) is a pack consisting of the products with the most scientific evidence to stimulate protein synthesis in your muscles and with Informed Sport banned substance tested certification.<\/p>\n","protected":false},"featured_media":117791,"template":"","meta":{"_kad_blocks_custom_css":"","_kad_blocks_head_custom_js":"","_kad_blocks_body_custom_js":"","_kad_blocks_footer_custom_js":"","_kadence_starter_templates_imported_post":false,"_kad_post_transparent":"default","_kad_post_title":"","_kad_post_layout":"default","_kad_post_sidebar_id":"","_kad_post_content_style":"default","_kad_post_vertical_padding":"default","_kad_post_feature":"","_kad_post_feature_position":"","_kad_post_header":false,"_kad_post_footer":false,"_kad_post_classname":""},"product_brand":[],"product_cat":[191],"product_tag":[157,156,155,151,158,160,159],"class_list":{"0":"post-61686","1":"product","2":"type-product","3":"status-publish","4":"has-post-thumbnail","6":"product_cat-crown-packs","7":"product_tag-barrita","8":"product_tag-barritas","9":"product_tag-gel","10":"product_tag-geles","11":"product_tag-isotonico","12":"product_tag-recovery","13":"product_tag-sobre","15":"first","16":"instock","17":"taxable","18":"shipping-taxable","19":"purchasable","20":"product-type-variable","21":"has-default-attributes","22":"entry","23":"content-bg","24":"loop-entry"},"yoast_head":"<!-- This site is optimized with the Yoast SEO Premium plugin v27.2 (Yoast SEO v27.2) - https:\/\/yoast.com\/product\/yoast-seo-premium-wordpress\/ -->\n<title>PACK M.P.S. INFORMED - Crown Sport Nutrition, sports supplementation<\/title>\n<meta name=\"description\" content=\"The M.P.S. Informed PACK (Muscle Protein Synthesis) is a pack consisting of the products with the most scientific evidence to stimulate protein synthesis in your muscles and with Informed Sport banned substance tested certification.\" \/>\n<meta name=\"robots\" content=\"index, follow, max-snippet:-1, max-image-preview:large, max-video-preview:-1\" \/>\n<link rel=\"canonical\" href=\"https:\/\/crownsportnutrition.com\/en\/producto\/pack-mps-informed\/\" \/>\n<meta property=\"og:locale\" content=\"en_US\" \/>\n<meta property=\"og:type\" content=\"article\" \/>\n<meta property=\"og:title\" content=\"PACK M.P.S. INFORMED\" \/>\n<meta property=\"og:description\" content=\"The M.P.S. Informed PACK (Muscle Protein Synthesis) is a pack consisting of the products with the most scientific evidence to stimulate protein synthesis in your muscles and with Informed Sport banned substance tested certification.\" \/>\n<meta property=\"og:url\" content=\"https:\/\/crownsportnutrition.com\/en\/producto\/pack-mps-informed\/\" \/>\n<meta property=\"og:site_name\" content=\"Crown Sport Nutrition, sports supplementation\" \/>\n<meta property=\"article:publisher\" content=\"https:\/\/www.facebook.com\/crownsportnutrition\" \/>\n<meta property=\"article:modified_time\" content=\"2026-04-22T05:04:09+00:00\" \/>\n<meta property=\"og:image\" content=\"https:\/\/crownsportnutrition.com\/wp-content\/uploads\/2022\/11\/1_with_badges-2.jpg\" \/>\n\t<meta property=\"og:image:width\" content=\"800\" \/>\n\t<meta property=\"og:image:height\" content=\"800\" \/>\n\t<meta property=\"og:image:type\" content=\"image\/jpeg\" \/>\n<meta name=\"twitter:card\" content=\"summary_large_image\" \/>\n<meta name=\"twitter:site\" content=\"@crownsportnutri\" \/>\n<meta name=\"twitter:label1\" content=\"Availability\" \/>\n\t<meta name=\"twitter:data1\" content=\"In stock\" \/>\n<script type=\"application\/ld+json\" class=\"yoast-schema-graph\">{\"@context\":\"https:\/\/schema.org\",\"@graph\":[{\"@type\":\"WebPage\",\"@id\":\"https:\/\/crownsportnutrition.com\/en\/producto\/pack-mps-informed\/\",\"url\":\"https:\/\/crownsportnutrition.com\/en\/producto\/pack-mps-informed\/\",\"name\":\"PACK M.P.S. INFORMED - Crown Sport Nutrition, sports supplementation\",\"isPartOf\":{\"@id\":\"https:\/\/crownsportnutrition.com\/en\/#website\"},\"primaryImageOfPage\":{\"@id\":\"https:\/\/crownsportnutrition.com\/en\/producto\/pack-mps-informed\/#primaryimage\"},\"image\":{\"@id\":\"https:\/\/crownsportnutrition.com\/en\/producto\/pack-mps-informed\/#primaryimage\"},\"thumbnailUrl\":\"https:\/\/crownsportnutrition.com\/wp-content\/uploads\/2022\/11\/1_with_badges-2.jpg\",\"datePublished\":\"2020-05-14T08:49:02+00:00\",\"dateModified\":\"2026-04-22T05:04:09+00:00\",\"description\":\"The M.P.S. Informed PACK (Muscle Protein Synthesis) is a pack consisting of the products with the most scientific evidence to stimulate protein synthesis in your muscles and with Informed Sport banned substance tested certification.\",\"breadcrumb\":{\"@id\":\"https:\/\/crownsportnutrition.com\/en\/producto\/pack-mps-informed\/#breadcrumb\"},\"inLanguage\":\"en-US\",\"potentialAction\":[{\"@type\":\"ReadAction\",\"target\":[\"https:\/\/crownsportnutrition.com\/en\/producto\/pack-mps-informed\/\"]}]},{\"@type\":\"ImageObject\",\"inLanguage\":\"en-US\",\"@id\":\"https:\/\/crownsportnutrition.com\/en\/producto\/pack-mps-informed\/#primaryimage\",\"url\":\"https:\/\/crownsportnutrition.com\/wp-content\/uploads\/2022\/11\/1_with_badges-2.jpg\",\"contentUrl\":\"https:\/\/crownsportnutrition.com\/wp-content\/uploads\/2022\/11\/1_with_badges-2.jpg\",\"width\":800,\"height\":800},{\"@type\":\"BreadcrumbList\",\"@id\":\"https:\/\/crownsportnutrition.com\/en\/producto\/pack-mps-informed\/#breadcrumb\",\"itemListElement\":[{\"@type\":\"ListItem\",\"position\":1,\"name\":\"Portada\",\"item\":\"https:\/\/crownsportnutrition.com\/en\/\"},{\"@type\":\"ListItem\",\"position\":2,\"name\":\"CROWN SHOP\",\"item\":\"https:\/\/crownsportnutrition.com\/tienda\/\"},{\"@type\":\"ListItem\",\"position\":3,\"name\":\"PACK M.P.S. INFORMED\"}]},{\"@type\":\"WebSite\",\"@id\":\"https:\/\/crownsportnutrition.com\/en\/#website\",\"url\":\"https:\/\/crownsportnutrition.com\/en\/\",\"name\":\"Crown Sport Nutrition, suplementaci\u00f3n deportiva\",\"description\":\"proteinas, recuperadores, gel energetico, barritas, bebida isotonica,[:en]Otro sitio realizado con WordPress\",\"publisher\":{\"@id\":\"https:\/\/crownsportnutrition.com\/en\/#organization\"},\"potentialAction\":[{\"@type\":\"SearchAction\",\"target\":{\"@type\":\"EntryPoint\",\"urlTemplate\":\"https:\/\/crownsportnutrition.com\/en\/?s={search_term_string}\"},\"query-input\":{\"@type\":\"PropertyValueSpecification\",\"valueRequired\":true,\"valueName\":\"search_term_string\"}}],\"inLanguage\":\"en-US\"},{\"@type\":\"Organization\",\"@id\":\"https:\/\/crownsportnutrition.com\/en\/#organization\",\"name\":\"Crown Sport Nutrition, sports supplementation\",\"alternateName\":\"Crown Sport Nutrition\",\"url\":\"https:\/\/crownsportnutrition.com\/en\/\",\"logo\":{\"@type\":\"ImageObject\",\"inLanguage\":\"en-US\",\"@id\":\"https:\/\/crownsportnutrition.com\/en\/#\/schema\/logo\/image\/\",\"url\":\"https:\/\/crownsportnutrition.com\/wp-content\/uploads\/2022\/06\/logo-CROWN-SPORT-NUTRITION1-1.png\",\"contentUrl\":\"https:\/\/crownsportnutrition.com\/wp-content\/uploads\/2022\/06\/logo-CROWN-SPORT-NUTRITION1-1.png\",\"width\":150,\"height\":58,\"caption\":\"Crown Sport Nutrition, sports supplementation\"},\"image\":{\"@id\":\"https:\/\/crownsportnutrition.com\/en\/#\/schema\/logo\/image\/\"},\"sameAs\":[\"https:\/\/www.facebook.com\/crownsportnutrition\",\"https:\/\/x.com\/crownsportnutri\",\"https:\/\/www.instagram.com\/crownsportnutrition\/\",\"https:\/\/www.linkedin.com\/company\/crownsportnutrition\"],\"description\":\"Crown Sport Nutrition es una marca espa\u00f1ola de suplementaci\u00f3n deportiva enfocada en producir solo productos con base cient\u00edfica y adem\u00e1s promover la investigaci\u00f3n cient\u00edfica mediante la publicaci\u00f3n de art\u00edculos sobre varios de sus productos en revistas cient\u00edficas de primer nivel. Se utilizan las mejores materias primas mezcladas en laboratorios punteros con las normas IFS (International Food Standard), con los mejores sabores y todo doping free. Crown Sport Nutrition es la primera empresa espa\u00f1ola en obtener la certificaci\u00f3n antidoping internacional por Informed Sport.\",\"email\":\"info@crownsportnutrition.com\",\"telephone\":\"+34 613 000 417\",\"legalName\":\"Crown Sport Nutrition\"}]}<\/script>\n<meta property=\"og:availability\" content=\"instock\" \/>\n<meta property=\"product:availability\" content=\"instock\" \/>\n<meta property=\"product:retailer_item_id\" content=\"MPS.M\" \/>\n<meta property=\"product:condition\" content=\"new\" \/>\n<!-- \/ Yoast SEO Premium plugin. -->","yoast_head_json":{"title":"PACK M.P.S. INFORMED - Crown Sport Nutrition, sports supplementation","description":"The M.P.S. Informed PACK (Muscle Protein Synthesis) is a pack consisting of the products with the most scientific evidence to stimulate protein synthesis in your muscles and with Informed Sport banned substance tested certification.","robots":{"index":"index","follow":"follow","max-snippet":"max-snippet:-1","max-image-preview":"max-image-preview:large","max-video-preview":"max-video-preview:-1"},"canonical":"https:\/\/crownsportnutrition.com\/en\/producto\/pack-mps-informed\/","og_locale":"en_US","og_type":"article","og_title":"PACK M.P.S. INFORMED","og_description":"The M.P.S. Informed PACK (Muscle Protein Synthesis) is a pack consisting of the products with the most scientific evidence to stimulate protein synthesis in your muscles and with Informed Sport banned substance tested certification.","og_url":"https:\/\/crownsportnutrition.com\/en\/producto\/pack-mps-informed\/","og_site_name":"Crown Sport Nutrition, sports supplementation","article_publisher":"https:\/\/www.facebook.com\/crownsportnutrition","article_modified_time":"2026-04-22T05:04:09+00:00","og_image":[{"width":800,"height":800,"url":"https:\/\/crownsportnutrition.com\/wp-content\/uploads\/2022\/11\/1_with_badges-2.jpg","type":"image\/jpeg"}],"twitter_card":"summary_large_image","twitter_site":"@crownsportnutri","twitter_misc":{"Availability":"In stock"},"schema":{"@context":"https:\/\/schema.org","@graph":[{"@type":"WebPage","@id":"https:\/\/crownsportnutrition.com\/en\/producto\/pack-mps-informed\/","url":"https:\/\/crownsportnutrition.com\/en\/producto\/pack-mps-informed\/","name":"PACK M.P.S. INFORMED - Crown Sport Nutrition, sports supplementation","isPartOf":{"@id":"https:\/\/crownsportnutrition.com\/en\/#website"},"primaryImageOfPage":{"@id":"https:\/\/crownsportnutrition.com\/en\/producto\/pack-mps-informed\/#primaryimage"},"image":{"@id":"https:\/\/crownsportnutrition.com\/en\/producto\/pack-mps-informed\/#primaryimage"},"thumbnailUrl":"https:\/\/crownsportnutrition.com\/wp-content\/uploads\/2022\/11\/1_with_badges-2.jpg","datePublished":"2020-05-14T08:49:02+00:00","dateModified":"2026-04-22T05:04:09+00:00","description":"The M.P.S. Informed PACK (Muscle Protein Synthesis) is a pack consisting of the products with the most scientific evidence to stimulate protein synthesis in your muscles and with Informed Sport banned substance tested certification.","breadcrumb":{"@id":"https:\/\/crownsportnutrition.com\/en\/producto\/pack-mps-informed\/#breadcrumb"},"inLanguage":"en-US","potentialAction":[{"@type":"ReadAction","target":["https:\/\/crownsportnutrition.com\/en\/producto\/pack-mps-informed\/"]}]},{"@type":"ImageObject","inLanguage":"en-US","@id":"https:\/\/crownsportnutrition.com\/en\/producto\/pack-mps-informed\/#primaryimage","url":"https:\/\/crownsportnutrition.com\/wp-content\/uploads\/2022\/11\/1_with_badges-2.jpg","contentUrl":"https:\/\/crownsportnutrition.com\/wp-content\/uploads\/2022\/11\/1_with_badges-2.jpg","width":800,"height":800},{"@type":"BreadcrumbList","@id":"https:\/\/crownsportnutrition.com\/en\/producto\/pack-mps-informed\/#breadcrumb","itemListElement":[{"@type":"ListItem","position":1,"name":"Portada","item":"https:\/\/crownsportnutrition.com\/en\/"},{"@type":"ListItem","position":2,"name":"CROWN SHOP","item":"https:\/\/crownsportnutrition.com\/tienda\/"},{"@type":"ListItem","position":3,"name":"PACK M.P.S. INFORMED"}]},{"@type":"WebSite","@id":"https:\/\/crownsportnutrition.com\/en\/#website","url":"https:\/\/crownsportnutrition.com\/en\/","name":"Crown Sport Nutrition, suplementaci\u00f3n deportiva","description":"proteinas, recuperadores, gel energetico, barritas, bebida isotonica,[:en]Otro sitio realizado con WordPress","publisher":{"@id":"https:\/\/crownsportnutrition.com\/en\/#organization"},"potentialAction":[{"@type":"SearchAction","target":{"@type":"EntryPoint","urlTemplate":"https:\/\/crownsportnutrition.com\/en\/?s={search_term_string}"},"query-input":{"@type":"PropertyValueSpecification","valueRequired":true,"valueName":"search_term_string"}}],"inLanguage":"en-US"},{"@type":"Organization","@id":"https:\/\/crownsportnutrition.com\/en\/#organization","name":"Crown Sport Nutrition, sports supplementation","alternateName":"Crown Sport Nutrition","url":"https:\/\/crownsportnutrition.com\/en\/","logo":{"@type":"ImageObject","inLanguage":"en-US","@id":"https:\/\/crownsportnutrition.com\/en\/#\/schema\/logo\/image\/","url":"https:\/\/crownsportnutrition.com\/wp-content\/uploads\/2022\/06\/logo-CROWN-SPORT-NUTRITION1-1.png","contentUrl":"https:\/\/crownsportnutrition.com\/wp-content\/uploads\/2022\/06\/logo-CROWN-SPORT-NUTRITION1-1.png","width":150,"height":58,"caption":"Crown Sport Nutrition, sports supplementation"},"image":{"@id":"https:\/\/crownsportnutrition.com\/en\/#\/schema\/logo\/image\/"},"sameAs":["https:\/\/www.facebook.com\/crownsportnutrition","https:\/\/x.com\/crownsportnutri","https:\/\/www.instagram.com\/crownsportnutrition\/","https:\/\/www.linkedin.com\/company\/crownsportnutrition"],"description":"Crown Sport Nutrition es una marca espa\u00f1ola de suplementaci\u00f3n deportiva enfocada en producir solo productos con base cient\u00edfica y adem\u00e1s promover la investigaci\u00f3n cient\u00edfica mediante la publicaci\u00f3n de art\u00edculos sobre varios de sus productos en revistas cient\u00edficas de primer nivel. Se utilizan las mejores materias primas mezcladas en laboratorios punteros con las normas IFS (International Food Standard), con los mejores sabores y todo doping free. Crown Sport Nutrition es la primera empresa espa\u00f1ola en obtener la certificaci\u00f3n antidoping internacional por Informed Sport.","email":"info@crownsportnutrition.com","telephone":"+34 613 000 417","legalName":"Crown Sport Nutrition"}]},"og_availability":"instock","product_availability":"instock","product_retailer_item_id":"MPS.M","product_condition":"new"},"taxonomy_info":{"product_cat":[{"value":191,"label":"OFFERS &amp; BUNDLES"}],"product_tag":[{"value":157,"label":"barrita"},{"value":156,"label":"barritas"},{"value":155,"label":"gel"},{"value":151,"label":"geles"},{"value":158,"label":"isotonico"},{"value":160,"label":"recovery"},{"value":159,"label":"sobre"}]},"featured_image_src_large":["https:\/\/crownsportnutrition.com\/wp-content\/uploads\/2022\/11\/1_with_badges-2.jpg",800,800,false],"author_info":[],"comment_info":"","_links":{"self":[{"href":"https:\/\/crownsportnutrition.com\/en\/wp-json\/wp\/v2\/product\/61686","targetHints":{"allow":["GET"]}}],"collection":[{"href":"https:\/\/crownsportnutrition.com\/en\/wp-json\/wp\/v2\/product"}],"about":[{"href":"https:\/\/crownsportnutrition.com\/en\/wp-json\/wp\/v2\/types\/product"}],"wp:featuredmedia":[{"embeddable":true,"href":"https:\/\/crownsportnutrition.com\/en\/wp-json\/wp\/v2\/media\/117791"}],"wp:attachment":[{"href":"https:\/\/crownsportnutrition.com\/en\/wp-json\/wp\/v2\/media?parent=61686"}],"wp:term":[{"taxonomy":"product_brand","embeddable":true,"href":"https:\/\/crownsportnutrition.com\/en\/wp-json\/wp\/v2\/product_brand?post=61686"},{"taxonomy":"product_cat","embeddable":true,"href":"https:\/\/crownsportnutrition.com\/en\/wp-json\/wp\/v2\/product_cat?post=61686"},{"taxonomy":"product_tag","embeddable":true,"href":"https:\/\/crownsportnutrition.com\/en\/wp-json\/wp\/v2\/product_tag?post=61686"}],"curies":[{"name":"wp","href":"https:\/\/api.w.org\/{rel}","templated":true}]}}