{"id":6363,"date":"2019-11-12T10:47:49","date_gmt":"2019-11-12T09:47:49","guid":{"rendered":"https:\/\/crownsportnutrition.com\/?post_type=product&#038;p=6363"},"modified":"2026-04-22T02:04:49","modified_gmt":"2026-04-22T00:04:49","slug":"beef-whey","status":"publish","type":"product","link":"https:\/\/crownsportnutrition.com\/en\/producto\/beef-whey\/","title":{"rendered":"Beef &#038; Whey ST (Vanilla flavor) &#8211; 486 g Tin (18 intakes)"},"content":{"rendered":"<h4>WHY CROWN SPORT NUTRITION? (41 SEC)?<\/h4>\n<div>\n<div class=\"entry-content-asset videofit\"><iframe loading=\"lazy\" title=\"Crown Sport Nutrition - High Performance Specialists\" width=\"720\" height=\"405\" src=\"https:\/\/www.youtube.com\/embed\/SvA4rFEtFk4?feature=oembed&#038;enablejsapi=1&#038;origin=https:\/\/crownsportnutrition.com\" frameborder=\"0\" allow=\"accelerometer; autoplay; clipboard-write; encrypted-media; gyroscope; picture-in-picture; web-share\" referrerpolicy=\"strict-origin-when-cross-origin\" allowfullscreen><\/iframe><\/div>\n<\/div>\n<p style=\"text-align: left;\">It is a premium powder mix of the best meat protein on the market (All Beef) and the best isolated and hydrolyzed whey protein on the market (Optipep\u00ae Sports 90). &lt; \/ p&gt;<\/p>\n<ul style=\"text-align: left;\">\n<li><strong> Only 2 ingredients: All Beef and Optipep\u00ae 90 <\/strong><\/li>\n<li><strong> 85% Protein <\/strong><\/li>\n<li><strong> 23 g Protein \/ 5 g BCAA \/ 4.25 g Glutamine <\/strong><\/li>\n<li><strong> 21 vitamins and minerals <\/strong><\/li>\n<li><strong> Hydrolyzed: Ultra-fast absorption <\/strong><\/li>\n<li><strong> Scientifically proven by the University of Greenwich and published in the Int <\/strong><\/li>\n<\/ul>\n<p style=\"text-align: left;\"><strong> <a href=\"https:\/\/crownsportnutrition.com\/wp-content\/uploads\/2019\/11\/Infograf\u00eda-article-cient\u00edfico-Beef-Whey.pdf \"> Infographic scientific article Beef &amp; amp; Whey <\/a> <\/strong><\/p>\n<p style=\"text-align: left;\"><strong> Helps increase muscle mass and reduce fat mass and visceral fat in endurance athletes. <\/strong><\/p>\n<div id=\"section-benefits\" class=\"link\"><\/div>\n<p><a style=\"color: # ff9326;\" href=\"https:\/\/crownsportnutrition.com\/fichas\/4. Abstract ECSS Vienna 2017. Gain lean mass with Beef &amp; amp; Whey.pdf\"> Download Abstract ECSS Vienna 2017 <\/a><\/p>\n<p><strong> Beef &amp; Whey <\/strong> is the first and only premium supplement that mixes the best hydrolyzed meat protein on the market, All Beef, with the best hydrolyzed and isolated whey protein on the market, Optipep 90.<\/p>\n<p>It has an anti-doping certificate by Informed Sport and its own scientific study by the UEM with very good results in body composition in endurance athletes.<\/p>\n<p>Both ingredients have their effectiveness scientifically proven and their mix powers exponentially since the best benefits of both proteins are achieved; greater strength, power and muscle mass gain, better recovery, improved immune system and increased iron and ferritin.<\/p>\n<h4>(Cermak et al 2012: Naclerio &amp; amp; Larumbe 2015: <em> <a style=\"color: #ff9326;\" href=\"\/100-all-beef#more benefits\"> All Beef Studies <\/a>) . <\/em><\/h4>\n<p>Its absorption is ultra-fast, reaching the bloodstream in 15 minutes all the nutrients of <strong> Beef &amp; Whey <\/strong>: proteins of the highest quality, vitamins of the complex B and D, very important minerals such as magnesium, heme iron and zinc among others, essential fats and everything obtained from only 2 ingredients. It is also suitable for lactose intolerant due to its low amount of lactose (0.5%).<\/p>\n<p>Its Vanilla flavor is spectacular as in all Crown Sport Nutrition\u00ae products.<\/p>\n<span class=\"kt-load-after-post\"><\/span>","protected":false},"excerpt":{"rendered":"<p>Premium protein blend with All Beef and hydrolyzed Optipep 90 whey isolate. With scientific study.<br \/>\nVanilla flavor.<\/p>\n","protected":false},"featured_media":90039,"template":"","meta":{"_kad_blocks_custom_css":"","_kad_blocks_head_custom_js":"","_kad_blocks_body_custom_js":"","_kad_blocks_footer_custom_js":"","_kadence_starter_templates_imported_post":false,"_kad_post_transparent":"default","_kad_post_title":"","_kad_post_layout":"default","_kad_post_sidebar_id":"","_kad_post_content_style":"default","_kad_post_vertical_padding":"default","_kad_post_feature":"","_kad_post_feature_position":"","_kad_post_header":false,"_kad_post_footer":false,"_kad_post_classname":""},"product_brand":[],"product_cat":[243,117,222,120,121,173,221],"product_tag":[],"class_list":{"0":"post-6363","1":"product","2":"type-product","3":"status-publish","4":"has-post-thumbnail","6":"product_cat-despues","7":"product_cat-crossfit","8":"product_cat-sin-gluten","9":"product_cat-gimnasio","10":"product_cat-artes-marciales","11":"product_cat-proteinas-y-aminoacidos","12":"product_cat-st-line-scientific-tested","14":"first","15":"outofstock","16":"taxable","17":"shipping-taxable","18":"purchasable","19":"product-type-simple","20":"entry","21":"content-bg","22":"loop-entry"},"yoast_head":"<!-- This site is optimized with the Yoast SEO Premium plugin v27.2 (Yoast SEO v27.2) - https:\/\/yoast.com\/product\/yoast-seo-premium-wordpress\/ -->\n<title>Beef &#038; Whey ST (Vanilla flavor) &#8211; 486 g Tin (18 intakes) - Crown Sport Nutrition, sports supplementation<\/title>\n<meta name=\"description\" content=\"Premium protein blend with All Beef and hydrolyzed Optipep 90 whey isolate. With scientific study. Vanilla flavor.\" \/>\n<meta name=\"robots\" content=\"index, follow, max-snippet:-1, max-image-preview:large, max-video-preview:-1\" \/>\n<link rel=\"canonical\" href=\"https:\/\/crownsportnutrition.com\/en\/producto\/beef-whey\/\" \/>\n<meta property=\"og:locale\" content=\"en_US\" \/>\n<meta property=\"og:type\" content=\"article\" \/>\n<meta property=\"og:title\" content=\"Beef &amp; Whey ST (Vanilla flavor) - 486 g Tin (18 intakes)\" \/>\n<meta property=\"og:description\" content=\"Premium protein blend with All Beef and hydrolyzed Optipep 90 whey isolate. With scientific study. Vanilla flavor.\" \/>\n<meta property=\"og:url\" content=\"https:\/\/crownsportnutrition.com\/en\/producto\/beef-whey\/\" \/>\n<meta property=\"og:site_name\" content=\"Crown Sport Nutrition, sports supplementation\" \/>\n<meta property=\"article:publisher\" content=\"https:\/\/www.facebook.com\/crownsportnutrition\" \/>\n<meta property=\"article:modified_time\" content=\"2026-04-22T00:04:49+00:00\" \/>\n<meta property=\"og:image\" content=\"https:\/\/crownsportnutrition.com\/wp-content\/uploads\/2019\/11\/BEEF-WHEY-ST-1.jpg\" \/>\n\t<meta property=\"og:image:width\" content=\"2000\" \/>\n\t<meta property=\"og:image:height\" content=\"2000\" \/>\n\t<meta property=\"og:image:type\" content=\"image\/jpeg\" \/>\n<meta name=\"twitter:card\" content=\"summary_large_image\" \/>\n<meta name=\"twitter:site\" content=\"@crownsportnutri\" \/>\n<meta name=\"twitter:label1\" content=\"Price\" \/>\n\t<meta name=\"twitter:data1\" content=\"57,23&euro;\" \/>\n\t<meta name=\"twitter:label2\" content=\"Availability\" \/>\n\t<meta name=\"twitter:data2\" content=\"Out of stock\" \/>\n<script type=\"application\/ld+json\" class=\"yoast-schema-graph\">{\"@context\":\"https:\/\/schema.org\",\"@graph\":[{\"@type\":\"WebPage\",\"@id\":\"https:\/\/crownsportnutrition.com\/en\/producto\/beef-whey\/\",\"url\":\"https:\/\/crownsportnutrition.com\/en\/producto\/beef-whey\/\",\"name\":\"Beef &#038; Whey ST (Vanilla flavor) &#8211; 486 g Tin (18 intakes) - Crown Sport Nutrition, sports supplementation\",\"isPartOf\":{\"@id\":\"https:\/\/crownsportnutrition.com\/en\/#website\"},\"primaryImageOfPage\":{\"@id\":\"https:\/\/crownsportnutrition.com\/en\/producto\/beef-whey\/#primaryimage\"},\"image\":{\"@id\":\"https:\/\/crownsportnutrition.com\/en\/producto\/beef-whey\/#primaryimage\"},\"thumbnailUrl\":\"https:\/\/crownsportnutrition.com\/wp-content\/uploads\/2019\/11\/BEEF-WHEY-ST-1.jpg\",\"datePublished\":\"2019-11-12T09:47:49+00:00\",\"dateModified\":\"2026-04-22T00:04:49+00:00\",\"description\":\"Premium protein blend with All Beef and hydrolyzed Optipep 90 whey isolate. With scientific study. Vanilla flavor.\",\"breadcrumb\":{\"@id\":\"https:\/\/crownsportnutrition.com\/en\/producto\/beef-whey\/#breadcrumb\"},\"inLanguage\":\"en-US\",\"potentialAction\":[{\"@type\":\"ReadAction\",\"target\":[\"https:\/\/crownsportnutrition.com\/en\/producto\/beef-whey\/\"]}]},{\"@type\":\"ImageObject\",\"inLanguage\":\"en-US\",\"@id\":\"https:\/\/crownsportnutrition.com\/en\/producto\/beef-whey\/#primaryimage\",\"url\":\"https:\/\/crownsportnutrition.com\/wp-content\/uploads\/2019\/11\/BEEF-WHEY-ST-1.jpg\",\"contentUrl\":\"https:\/\/crownsportnutrition.com\/wp-content\/uploads\/2019\/11\/BEEF-WHEY-ST-1.jpg\",\"width\":2000,\"height\":2000},{\"@type\":\"BreadcrumbList\",\"@id\":\"https:\/\/crownsportnutrition.com\/en\/producto\/beef-whey\/#breadcrumb\",\"itemListElement\":[{\"@type\":\"ListItem\",\"position\":1,\"name\":\"Portada\",\"item\":\"https:\/\/crownsportnutrition.com\/en\/\"},{\"@type\":\"ListItem\",\"position\":2,\"name\":\"CROWN SHOP\",\"item\":\"https:\/\/crownsportnutrition.com\/tienda\/\"},{\"@type\":\"ListItem\",\"position\":3,\"name\":\"Beef &#038; Whey ST (Vanilla flavor) &#8211; 486 g Tin (18 intakes)\"}]},{\"@type\":\"WebSite\",\"@id\":\"https:\/\/crownsportnutrition.com\/en\/#website\",\"url\":\"https:\/\/crownsportnutrition.com\/en\/\",\"name\":\"Crown Sport Nutrition, suplementaci\u00f3n deportiva\",\"description\":\"proteinas, recuperadores, gel energetico, barritas, bebida isotonica,[:en]Otro sitio realizado con WordPress\",\"publisher\":{\"@id\":\"https:\/\/crownsportnutrition.com\/en\/#organization\"},\"potentialAction\":[{\"@type\":\"SearchAction\",\"target\":{\"@type\":\"EntryPoint\",\"urlTemplate\":\"https:\/\/crownsportnutrition.com\/en\/?s={search_term_string}\"},\"query-input\":{\"@type\":\"PropertyValueSpecification\",\"valueRequired\":true,\"valueName\":\"search_term_string\"}}],\"inLanguage\":\"en-US\"},{\"@type\":\"Organization\",\"@id\":\"https:\/\/crownsportnutrition.com\/en\/#organization\",\"name\":\"Crown Sport Nutrition, sports supplementation\",\"alternateName\":\"Crown Sport Nutrition\",\"url\":\"https:\/\/crownsportnutrition.com\/en\/\",\"logo\":{\"@type\":\"ImageObject\",\"inLanguage\":\"en-US\",\"@id\":\"https:\/\/crownsportnutrition.com\/en\/#\/schema\/logo\/image\/\",\"url\":\"https:\/\/crownsportnutrition.com\/wp-content\/uploads\/2022\/06\/logo-CROWN-SPORT-NUTRITION1-1.png\",\"contentUrl\":\"https:\/\/crownsportnutrition.com\/wp-content\/uploads\/2022\/06\/logo-CROWN-SPORT-NUTRITION1-1.png\",\"width\":150,\"height\":58,\"caption\":\"Crown Sport Nutrition, sports supplementation\"},\"image\":{\"@id\":\"https:\/\/crownsportnutrition.com\/en\/#\/schema\/logo\/image\/\"},\"sameAs\":[\"https:\/\/www.facebook.com\/crownsportnutrition\",\"https:\/\/x.com\/crownsportnutri\",\"https:\/\/www.instagram.com\/crownsportnutrition\/\",\"https:\/\/www.linkedin.com\/company\/crownsportnutrition\"],\"description\":\"Crown Sport Nutrition es una marca espa\u00f1ola de suplementaci\u00f3n deportiva enfocada en producir solo productos con base cient\u00edfica y adem\u00e1s promover la investigaci\u00f3n cient\u00edfica mediante la publicaci\u00f3n de art\u00edculos sobre varios de sus productos en revistas cient\u00edficas de primer nivel. Se utilizan las mejores materias primas mezcladas en laboratorios punteros con las normas IFS (International Food Standard), con los mejores sabores y todo doping free. Crown Sport Nutrition es la primera empresa espa\u00f1ola en obtener la certificaci\u00f3n antidoping internacional por Informed Sport.\",\"email\":\"info@crownsportnutrition.com\",\"telephone\":\"+34 613 000 417\",\"legalName\":\"Crown Sport Nutrition\"}]}<\/script>\n<meta property=\"product:price:amount\" content=\"57.23\" \/>\n<meta property=\"product:price:currency\" content=\"EUR\" \/>\n<meta property=\"og:availability\" content=\"out of stock\" \/>\n<meta property=\"product:availability\" content=\"out of stock\" \/>\n<meta property=\"product:retailer_item_id\" content=\"101\" \/>\n<meta property=\"product:condition\" content=\"new\" \/>\n<!-- \/ Yoast SEO Premium plugin. -->","yoast_head_json":{"title":"Beef &#038; Whey ST (Vanilla flavor) &#8211; 486 g Tin (18 intakes) - Crown Sport Nutrition, sports supplementation","description":"Premium protein blend with All Beef and hydrolyzed Optipep 90 whey isolate. With scientific study. Vanilla flavor.","robots":{"index":"index","follow":"follow","max-snippet":"max-snippet:-1","max-image-preview":"max-image-preview:large","max-video-preview":"max-video-preview:-1"},"canonical":"https:\/\/crownsportnutrition.com\/en\/producto\/beef-whey\/","og_locale":"en_US","og_type":"article","og_title":"Beef & Whey ST (Vanilla flavor) - 486 g Tin (18 intakes)","og_description":"Premium protein blend with All Beef and hydrolyzed Optipep 90 whey isolate. With scientific study. Vanilla flavor.","og_url":"https:\/\/crownsportnutrition.com\/en\/producto\/beef-whey\/","og_site_name":"Crown Sport Nutrition, sports supplementation","article_publisher":"https:\/\/www.facebook.com\/crownsportnutrition","article_modified_time":"2026-04-22T00:04:49+00:00","og_image":[{"width":2000,"height":2000,"url":"https:\/\/crownsportnutrition.com\/wp-content\/uploads\/2019\/11\/BEEF-WHEY-ST-1.jpg","type":"image\/jpeg"}],"twitter_card":"summary_large_image","twitter_site":"@crownsportnutri","twitter_misc":{"Price":"57,23&euro;","Availability":"Out of stock"},"schema":{"@context":"https:\/\/schema.org","@graph":[{"@type":"WebPage","@id":"https:\/\/crownsportnutrition.com\/en\/producto\/beef-whey\/","url":"https:\/\/crownsportnutrition.com\/en\/producto\/beef-whey\/","name":"Beef &#038; Whey ST (Vanilla flavor) &#8211; 486 g Tin (18 intakes) - Crown Sport Nutrition, sports supplementation","isPartOf":{"@id":"https:\/\/crownsportnutrition.com\/en\/#website"},"primaryImageOfPage":{"@id":"https:\/\/crownsportnutrition.com\/en\/producto\/beef-whey\/#primaryimage"},"image":{"@id":"https:\/\/crownsportnutrition.com\/en\/producto\/beef-whey\/#primaryimage"},"thumbnailUrl":"https:\/\/crownsportnutrition.com\/wp-content\/uploads\/2019\/11\/BEEF-WHEY-ST-1.jpg","datePublished":"2019-11-12T09:47:49+00:00","dateModified":"2026-04-22T00:04:49+00:00","description":"Premium protein blend with All Beef and hydrolyzed Optipep 90 whey isolate. With scientific study. Vanilla flavor.","breadcrumb":{"@id":"https:\/\/crownsportnutrition.com\/en\/producto\/beef-whey\/#breadcrumb"},"inLanguage":"en-US","potentialAction":[{"@type":"ReadAction","target":["https:\/\/crownsportnutrition.com\/en\/producto\/beef-whey\/"]}]},{"@type":"ImageObject","inLanguage":"en-US","@id":"https:\/\/crownsportnutrition.com\/en\/producto\/beef-whey\/#primaryimage","url":"https:\/\/crownsportnutrition.com\/wp-content\/uploads\/2019\/11\/BEEF-WHEY-ST-1.jpg","contentUrl":"https:\/\/crownsportnutrition.com\/wp-content\/uploads\/2019\/11\/BEEF-WHEY-ST-1.jpg","width":2000,"height":2000},{"@type":"BreadcrumbList","@id":"https:\/\/crownsportnutrition.com\/en\/producto\/beef-whey\/#breadcrumb","itemListElement":[{"@type":"ListItem","position":1,"name":"Portada","item":"https:\/\/crownsportnutrition.com\/en\/"},{"@type":"ListItem","position":2,"name":"CROWN SHOP","item":"https:\/\/crownsportnutrition.com\/tienda\/"},{"@type":"ListItem","position":3,"name":"Beef &#038; Whey ST (Vanilla flavor) &#8211; 486 g Tin (18 intakes)"}]},{"@type":"WebSite","@id":"https:\/\/crownsportnutrition.com\/en\/#website","url":"https:\/\/crownsportnutrition.com\/en\/","name":"Crown Sport Nutrition, suplementaci\u00f3n deportiva","description":"proteinas, recuperadores, gel energetico, barritas, bebida isotonica,[:en]Otro sitio realizado con WordPress","publisher":{"@id":"https:\/\/crownsportnutrition.com\/en\/#organization"},"potentialAction":[{"@type":"SearchAction","target":{"@type":"EntryPoint","urlTemplate":"https:\/\/crownsportnutrition.com\/en\/?s={search_term_string}"},"query-input":{"@type":"PropertyValueSpecification","valueRequired":true,"valueName":"search_term_string"}}],"inLanguage":"en-US"},{"@type":"Organization","@id":"https:\/\/crownsportnutrition.com\/en\/#organization","name":"Crown Sport Nutrition, sports supplementation","alternateName":"Crown Sport Nutrition","url":"https:\/\/crownsportnutrition.com\/en\/","logo":{"@type":"ImageObject","inLanguage":"en-US","@id":"https:\/\/crownsportnutrition.com\/en\/#\/schema\/logo\/image\/","url":"https:\/\/crownsportnutrition.com\/wp-content\/uploads\/2022\/06\/logo-CROWN-SPORT-NUTRITION1-1.png","contentUrl":"https:\/\/crownsportnutrition.com\/wp-content\/uploads\/2022\/06\/logo-CROWN-SPORT-NUTRITION1-1.png","width":150,"height":58,"caption":"Crown Sport Nutrition, sports supplementation"},"image":{"@id":"https:\/\/crownsportnutrition.com\/en\/#\/schema\/logo\/image\/"},"sameAs":["https:\/\/www.facebook.com\/crownsportnutrition","https:\/\/x.com\/crownsportnutri","https:\/\/www.instagram.com\/crownsportnutrition\/","https:\/\/www.linkedin.com\/company\/crownsportnutrition"],"description":"Crown Sport Nutrition es una marca espa\u00f1ola de suplementaci\u00f3n deportiva enfocada en producir solo productos con base cient\u00edfica y adem\u00e1s promover la investigaci\u00f3n cient\u00edfica mediante la publicaci\u00f3n de art\u00edculos sobre varios de sus productos en revistas cient\u00edficas de primer nivel. Se utilizan las mejores materias primas mezcladas en laboratorios punteros con las normas IFS (International Food Standard), con los mejores sabores y todo doping free. Crown Sport Nutrition es la primera empresa espa\u00f1ola en obtener la certificaci\u00f3n antidoping internacional por Informed Sport.","email":"info@crownsportnutrition.com","telephone":"+34 613 000 417","legalName":"Crown Sport Nutrition"}]},"product_price_amount":"57.23","product_price_currency":"EUR","og_availability":"out of stock","product_availability":"out of stock","product_retailer_item_id":"101","product_condition":"new"},"taxonomy_info":{"product_cat":[{"value":243,"label":"After"},{"value":117,"label":"Crossfit"},{"value":222,"label":"GLUTEN FREE"},{"value":120,"label":"Gym"},{"value":121,"label":"Martial Arts"},{"value":173,"label":"PROTEINS &amp; AMINO ACIDS"},{"value":221,"label":"ST LINE [SCIENTIFIC TESTED]"}]},"featured_image_src_large":["https:\/\/crownsportnutrition.com\/wp-content\/uploads\/2019\/11\/BEEF-WHEY-ST-1-1024x1024.jpg",1024,1024,true],"author_info":[],"comment_info":"","_links":{"self":[{"href":"https:\/\/crownsportnutrition.com\/en\/wp-json\/wp\/v2\/product\/6363","targetHints":{"allow":["GET"]}}],"collection":[{"href":"https:\/\/crownsportnutrition.com\/en\/wp-json\/wp\/v2\/product"}],"about":[{"href":"https:\/\/crownsportnutrition.com\/en\/wp-json\/wp\/v2\/types\/product"}],"wp:featuredmedia":[{"embeddable":true,"href":"https:\/\/crownsportnutrition.com\/en\/wp-json\/wp\/v2\/media\/90039"}],"wp:attachment":[{"href":"https:\/\/crownsportnutrition.com\/en\/wp-json\/wp\/v2\/media?parent=6363"}],"wp:term":[{"taxonomy":"product_brand","embeddable":true,"href":"https:\/\/crownsportnutrition.com\/en\/wp-json\/wp\/v2\/product_brand?post=6363"},{"taxonomy":"product_cat","embeddable":true,"href":"https:\/\/crownsportnutrition.com\/en\/wp-json\/wp\/v2\/product_cat?post=6363"},{"taxonomy":"product_tag","embeddable":true,"href":"https:\/\/crownsportnutrition.com\/en\/wp-json\/wp\/v2\/product_tag?post=6363"}],"curies":[{"name":"wp","href":"https:\/\/api.w.org\/{rel}","templated":true}]}}