{"id":67618,"date":"2020-11-02T13:16:53","date_gmt":"2020-11-02T12:16:53","guid":{"rendered":"https:\/\/crownsportnutrition.com\/?post_type=product&#038;p=67618"},"modified":"2026-04-21T11:03:55","modified_gmt":"2026-04-21T09:03:55","slug":"bidon-pro-fly","status":"publish","type":"product","link":"https:\/\/crownsportnutrition.com\/en\/producto\/bidon-pro-fly\/","title":{"rendered":"PRO FLY Competition Bottle"},"content":{"rendered":"<h4>WHY CROWN SPORT NUTRITION? (41 SEC)?<\/h4>\n<div>\n<div class=\"entry-content-asset videofit\"><iframe loading=\"lazy\" title=\"Crown Sport Nutrition - High Performance Specialists\" width=\"720\" height=\"405\" src=\"https:\/\/www.youtube.com\/embed\/SvA4rFEtFk4?feature=oembed&#038;enablejsapi=1&#038;origin=https:\/\/crownsportnutrition.com\" frameborder=\"0\" allow=\"accelerometer; autoplay; clipboard-write; encrypted-media; gyroscope; picture-in-picture; web-share\" referrerpolicy=\"strict-origin-when-cross-origin\" allowfullscreen><\/iframe><\/div>\n<\/div>\n<p>The <strong>PRO FLY Competition Bottle\u00a0<\/strong>is the lightest 550ml and 750ml sports bottle in the world.<\/p>\n<p>Its record weight of just 54 grams (550 ml) is achieved through its variable thickness. Thicker at the base and thinner at the center body, this not only allows less plastic material to be used, but also ensures a firm grip when pedaling and an easy-to-squeeze ergonomic structure so fluid flow is abundant with the most pressure. light.<\/p>\n<p><strong>COMPACT DESIGN<\/strong><\/p>\n<p>New and unique racing design, developed for great stability in the bottle cage and easy removal during cycling.<\/p>\n<p>The compact shape of the PRO FLY Bottle makes it easy to use with smaller frames. The standard diameter makes ELITE FLY compatible with most bottle cages on the market.<\/p>\n<p><strong>EXTREME LIQUID FLOW<\/strong><\/p>\n<p>The ergonomic cap with a wider flat \u201cpush-pull\u201d spout ensures high liquid flow, it is also guaranteed by the soft body of the bottle: you only need to gently squeeze your PRO FLY Bottle to obtain a vigorous liquid flow.<\/p>\n<p>This is a key factor to obtain a simple and effective hydration.<\/p>\n<p><strong>HYGIENIC AND INNOVATIVE MATERIALS<\/strong><\/p>\n<p>This bottle is made of innovative, odorless, soft and resistant plastic materials, the result of a study with multiple research centers in universities during 3 years.<\/p>\n<p>The PRO FLY Bottle is also hygienic and easy to wash. It has a 20% wider mouth compared to standard bottles to help our customers achieve better hydration and properly sanitize their cans. The PRO FLY Drum is also dishwasher safe at 40 \u00b0 C and facilitates disassembly, so you can dry both the body of the bottle and the cap with its nozzle and prevent the growth of mold inside or the subsequent bad smell .<\/p>\n<p><strong>OTHER INFORMATION<\/strong><\/p>\n<ul>\n<li>Development<\/li>\n<\/ul>\n<p>Innovative, odorless, soft and resistant plastic materials.<\/p>\n<ul>\n<li>Lightness<\/li>\n<\/ul>\n<p>30% lighter than any other standard drum<\/p>\n<ul>\n<li>Ergonomic grip<\/li>\n<\/ul>\n<p>The surface of the drum has a grip that makes it safe and easy to use.<\/p>\n<h4>Bottle Comparison<\/h4>\n<table style=\"margin-left: 20px;text-indent: 10px\" border=\"0\">\n<tbody>\n<tr>\n<th style=\"text-align: left\">FEATURE<\/th>\n<th style=\"text-align: left\">\ud83d\udfe7 TRAINING ELITE<\/th>\n<th style=\"text-align: left\">\ud83d\udfe6 COMPETITION PRO FLY<\/th>\n<\/tr>\n<tr>\n<td style=\"padding-right: 10px\">Recommended use<\/td>\n<td style=\"padding-right: 10px\">Daily training, outdoor, multisport<\/td>\n<td style=\"padding-right: 10px\">Races, competitions, high-intensity sessions<\/td>\n<\/tr>\n<tr>\n<td style=\"padding-right: 10px\">Available capacity<\/td>\n<td style=\"padding-right: 10px\">550 ml \/ 750 ml<\/td>\n<td style=\"padding-right: 10px\">550 ml \/ 750 ml<\/td>\n<\/tr>\n<tr>\n<td style=\"padding-right: 10px\">Weight (550\/750 ml)<\/td>\n<td style=\"padding-right: 10px\">84 g \/ 96 g<\/td>\n<td style=\"padding-right: 10px\">51 g \/ 58 g<\/td>\n<\/tr>\n<tr>\n<td style=\"padding-right: 10px\">Body material<\/td>\n<td style=\"padding-right: 10px\">PE (high resistance)<\/td>\n<td style=\"padding-right: 10px\">Ultralight odor-free plastic<\/td>\n<\/tr>\n<tr>\n<td style=\"padding-right: 10px\">Durability<\/td>\n<td style=\"padding-right: 10px\">High (long-term use without deterioration)<\/td>\n<td style=\"padding-right: 10px\">Low (designed for lightness, not resistance)<\/td>\n<\/tr>\n<tr>\n<td style=\"padding-right: 10px\">Flexibility<\/td>\n<td style=\"padding-right: 10px\">High (slightly stiffer than PRO FLY, still easily squeezable)<\/td>\n<td style=\"padding-right: 10px\">Very high (extremely soft body)<\/td>\n<\/tr>\n<tr>\n<td style=\"padding-right: 10px\">Nozzle<\/td>\n<td style=\"padding-right: 10px\">Rubber push-pull with high flow<\/td>\n<td style=\"padding-right: 10px\">Technical push-pull with high flow<\/td>\n<\/tr>\n<tr>\n<td style=\"padding-right: 10px\">Grip<\/td>\n<td style=\"padding-right: 10px\">Ergonomic upper rim, excellent hold<\/td>\n<td style=\"padding-right: 10px\">Smooth ergonomic surface<\/td>\n<\/tr>\n<tr>\n<td style=\"padding-right: 10px\">Wide mouth (cleaning\/filling)<\/td>\n<td style=\"padding-right: 10px\">Wide<\/td>\n<td style=\"padding-right: 10px\">Very wide<\/td>\n<\/tr>\n<tr>\n<td style=\"padding-right: 10px\">Bottle cage compatibility<\/td>\n<td style=\"padding-right: 10px\">Universal (\u00d8 74 mm)<\/td>\n<td style=\"padding-right: 10px\">Universal (\u00d8 74 mm)<\/td>\n<\/tr>\n<tr>\n<td style=\"padding-right: 10px\">Certifications<\/td>\n<td style=\"padding-right: 10px\">Food-grade (CE &amp; FDA), BPA Free, recyclable<\/td>\n<td style=\"padding-right: 10px\">Food-grade (CE &amp; FDA), BPA Free, recyclable<\/td>\n<\/tr>\n<\/tbody>\n<\/table>\n<p>&nbsp;<\/p>\n<p><strong>Why Crown Sport Nutrition?<\/strong><\/p>\n<p>Spanish brand with science, quality and transparency as values. We carry out first-rate scientific studies of our products and use premium raw materials and formulations with Informed Sport anti-doping certificate. None of our products create heaviness and \/ or indigestion. Used by professionals and amateurs all over the world.<\/p>\n<span class=\"kt-load-after-post\"><\/span>","protected":false},"excerpt":{"rendered":"<p data-start=\"66\" data-end=\"230\">The PRO FLY sports bottle is the lightest in the world, made in collaboration with the renowned Italian brand ELITE and used by the best professional cycling teams:<\/p>\n<ul>\n<li data-start=\"232\" data-end=\"604\">Validated by UAE Team Emirates &#8211; XRG, INEOS Grenadiers, Alpecin &#8211; Deceuninck, among others<br data-start=\"322\" data-end=\"325\" \/>Weight: 51 to 58 g depending on volume<br data-start=\"363\" data-end=\"366\" \/>Thanks to its ergonomics, material, and structure, a light squeeze delivers a high water flow<br data-start=\"459\" data-end=\"462\" \/>Made from innovative, odorless, soft, and durable plastics, the result of a 3-year study conducted with multiple university research centers<\/li>\n<\/ul>\n<p>Disponible en 550ml y 750ml.<\/p>\n","protected":false},"featured_media":207247,"template":"","meta":{"_kad_blocks_custom_css":"","_kad_blocks_head_custom_js":"","_kad_blocks_body_custom_js":"","_kad_blocks_footer_custom_js":"","_kadence_starter_templates_imported_post":false,"_kad_post_transparent":"default","_kad_post_title":"","_kad_post_layout":"default","_kad_post_sidebar_id":"","_kad_post_content_style":"default","_kad_post_vertical_padding":"default","_kad_post_feature":"","_kad_post_feature_position":"","_kad_post_header":false,"_kad_post_footer":false,"_kad_post_classname":""},"product_brand":[],"product_cat":[175,176],"product_tag":[214,215],"class_list":{"0":"post-67618","1":"product","2":"type-product","3":"status-publish","4":"has-post-thumbnail","6":"product_cat-accesorios","7":"product_cat-shop","8":"product_tag-bidon","9":"product_tag-bottle","11":"first","12":"instock","13":"taxable","14":"shipping-taxable","15":"purchasable","16":"product-type-variable","17":"has-default-attributes","18":"entry","19":"content-bg","20":"loop-entry"},"yoast_head":"<!-- This site is optimized with the Yoast SEO Premium plugin v27.2 (Yoast SEO v27.2) - https:\/\/yoast.com\/product\/yoast-seo-premium-wordpress\/ -->\n<title>PRO FLY Competition Bottle - Crown Sport Nutrition, sports supplementation<\/title>\n<meta name=\"description\" content=\"The PRO FLY sports bottle is the lightest in the world, made in collaboration with the renowned Italian brand ELITE and used by the best professional cycling teams:    Validated by UAE Team Emirates - XRG, INEOS Grenadiers, Alpecin - Deceuninck, among othersWeight: 51 to 58 g depending on volumeThanks to its ergonomics, material, and structure, a light squeeze delivers a high water flowMade from innovative, odorless, soft, and durable plastics, the result of a 3-year study conducted with multiple university research centers  Disponible en 550ml y 750ml.\" \/>\n<meta name=\"robots\" content=\"index, follow, max-snippet:-1, max-image-preview:large, max-video-preview:-1\" \/>\n<link rel=\"canonical\" href=\"https:\/\/crownsportnutrition.com\/en\/producto\/bidon-pro-fly\/\" \/>\n<meta property=\"og:locale\" content=\"en_US\" \/>\n<meta property=\"og:type\" content=\"article\" \/>\n<meta property=\"og:title\" content=\"PRO FLY Competition Bottle\" \/>\n<meta property=\"og:description\" content=\"The PRO FLY sports bottle is the lightest in the world, made in collaboration with the renowned Italian brand ELITE and used by the best professional cycling teams:    Validated by UAE Team Emirates - XRG, INEOS Grenadiers, Alpecin - Deceuninck, among othersWeight: 51 to 58 g depending on volumeThanks to its ergonomics, material, and structure, a light squeeze delivers a high water flowMade from innovative, odorless, soft, and durable plastics, the result of a 3-year study conducted with multiple university research centers  Disponible en 550ml y 750ml.\" \/>\n<meta property=\"og:url\" content=\"https:\/\/crownsportnutrition.com\/en\/producto\/bidon-pro-fly\/\" \/>\n<meta property=\"og:site_name\" content=\"Crown Sport Nutrition, sports supplementation\" \/>\n<meta property=\"article:publisher\" content=\"https:\/\/www.facebook.com\/crownsportnutrition\" \/>\n<meta property=\"article:modified_time\" content=\"2026-04-21T09:03:55+00:00\" \/>\n<meta property=\"og:image\" content=\"https:\/\/crownsportnutrition.com\/wp-content\/uploads\/2025\/04\/2186.jpg\" \/>\n\t<meta property=\"og:image:width\" content=\"1500\" \/>\n\t<meta property=\"og:image:height\" content=\"1500\" \/>\n\t<meta property=\"og:image:type\" content=\"image\/jpeg\" \/>\n<meta name=\"twitter:card\" content=\"summary_large_image\" \/>\n<meta name=\"twitter:site\" content=\"@crownsportnutri\" \/>\n<meta name=\"twitter:label1\" content=\"Availability\" \/>\n\t<meta name=\"twitter:data1\" content=\"In stock\" \/>\n<script type=\"application\/ld+json\" class=\"yoast-schema-graph\">{\"@context\":\"https:\/\/schema.org\",\"@graph\":[{\"@type\":\"WebPage\",\"@id\":\"https:\/\/crownsportnutrition.com\/en\/producto\/bidon-pro-fly\/\",\"url\":\"https:\/\/crownsportnutrition.com\/en\/producto\/bidon-pro-fly\/\",\"name\":\"PRO FLY Competition Bottle - Crown Sport Nutrition, sports supplementation\",\"isPartOf\":{\"@id\":\"https:\/\/crownsportnutrition.com\/en\/#website\"},\"primaryImageOfPage\":{\"@id\":\"https:\/\/crownsportnutrition.com\/en\/producto\/bidon-pro-fly\/#primaryimage\"},\"image\":{\"@id\":\"https:\/\/crownsportnutrition.com\/en\/producto\/bidon-pro-fly\/#primaryimage\"},\"thumbnailUrl\":\"https:\/\/crownsportnutrition.com\/wp-content\/uploads\/2025\/04\/2186.jpg\",\"datePublished\":\"2020-11-02T12:16:53+00:00\",\"dateModified\":\"2026-04-21T09:03:55+00:00\",\"description\":\"The PRO FLY sports bottle is the lightest in the world, made in collaboration with the renowned Italian brand ELITE and used by the best professional cycling teams: Validated by UAE Team Emirates - XRG, INEOS Grenadiers, Alpecin - Deceuninck, among othersWeight: 51 to 58 g depending on volumeThanks to its ergonomics, material, and structure, a light squeeze delivers a high water flowMade from innovative, odorless, soft, and durable plastics, the result of a 3-year study conducted with multiple university research centers Disponible en 550ml y 750ml.\",\"breadcrumb\":{\"@id\":\"https:\/\/crownsportnutrition.com\/en\/producto\/bidon-pro-fly\/#breadcrumb\"},\"inLanguage\":\"en-US\",\"potentialAction\":[{\"@type\":\"ReadAction\",\"target\":[\"https:\/\/crownsportnutrition.com\/en\/producto\/bidon-pro-fly\/\"]}]},{\"@type\":\"ImageObject\",\"inLanguage\":\"en-US\",\"@id\":\"https:\/\/crownsportnutrition.com\/en\/producto\/bidon-pro-fly\/#primaryimage\",\"url\":\"https:\/\/crownsportnutrition.com\/wp-content\/uploads\/2025\/04\/2186.jpg\",\"contentUrl\":\"https:\/\/crownsportnutrition.com\/wp-content\/uploads\/2025\/04\/2186.jpg\",\"width\":1500,\"height\":1500},{\"@type\":\"BreadcrumbList\",\"@id\":\"https:\/\/crownsportnutrition.com\/en\/producto\/bidon-pro-fly\/#breadcrumb\",\"itemListElement\":[{\"@type\":\"ListItem\",\"position\":1,\"name\":\"Portada\",\"item\":\"https:\/\/crownsportnutrition.com\/en\/\"},{\"@type\":\"ListItem\",\"position\":2,\"name\":\"CROWN SHOP\",\"item\":\"https:\/\/crownsportnutrition.com\/tienda\/\"},{\"@type\":\"ListItem\",\"position\":3,\"name\":\"PRO FLY Competition Bottle\"}]},{\"@type\":\"WebSite\",\"@id\":\"https:\/\/crownsportnutrition.com\/en\/#website\",\"url\":\"https:\/\/crownsportnutrition.com\/en\/\",\"name\":\"Crown Sport Nutrition, suplementaci\u00f3n deportiva\",\"description\":\"proteinas, recuperadores, gel energetico, barritas, bebida isotonica,[:en]Otro sitio realizado con WordPress\",\"publisher\":{\"@id\":\"https:\/\/crownsportnutrition.com\/en\/#organization\"},\"potentialAction\":[{\"@type\":\"SearchAction\",\"target\":{\"@type\":\"EntryPoint\",\"urlTemplate\":\"https:\/\/crownsportnutrition.com\/en\/?s={search_term_string}\"},\"query-input\":{\"@type\":\"PropertyValueSpecification\",\"valueRequired\":true,\"valueName\":\"search_term_string\"}}],\"inLanguage\":\"en-US\"},{\"@type\":\"Organization\",\"@id\":\"https:\/\/crownsportnutrition.com\/en\/#organization\",\"name\":\"Crown Sport Nutrition, sports supplementation\",\"alternateName\":\"Crown Sport Nutrition\",\"url\":\"https:\/\/crownsportnutrition.com\/en\/\",\"logo\":{\"@type\":\"ImageObject\",\"inLanguage\":\"en-US\",\"@id\":\"https:\/\/crownsportnutrition.com\/en\/#\/schema\/logo\/image\/\",\"url\":\"https:\/\/crownsportnutrition.com\/wp-content\/uploads\/2022\/06\/logo-CROWN-SPORT-NUTRITION1-1.png\",\"contentUrl\":\"https:\/\/crownsportnutrition.com\/wp-content\/uploads\/2022\/06\/logo-CROWN-SPORT-NUTRITION1-1.png\",\"width\":150,\"height\":58,\"caption\":\"Crown Sport Nutrition, sports supplementation\"},\"image\":{\"@id\":\"https:\/\/crownsportnutrition.com\/en\/#\/schema\/logo\/image\/\"},\"sameAs\":[\"https:\/\/www.facebook.com\/crownsportnutrition\",\"https:\/\/x.com\/crownsportnutri\",\"https:\/\/www.instagram.com\/crownsportnutrition\/\",\"https:\/\/www.linkedin.com\/company\/crownsportnutrition\"],\"description\":\"Crown Sport Nutrition es una marca espa\u00f1ola de suplementaci\u00f3n deportiva enfocada en producir solo productos con base cient\u00edfica y adem\u00e1s promover la investigaci\u00f3n cient\u00edfica mediante la publicaci\u00f3n de art\u00edculos sobre varios de sus productos en revistas cient\u00edficas de primer nivel. Se utilizan las mejores materias primas mezcladas en laboratorios punteros con las normas IFS (International Food Standard), con los mejores sabores y todo doping free. Crown Sport Nutrition es la primera empresa espa\u00f1ola en obtener la certificaci\u00f3n antidoping internacional por Informed Sport.\",\"email\":\"info@crownsportnutrition.com\",\"telephone\":\"+34 613 000 417\",\"legalName\":\"Crown Sport Nutrition\"}]}<\/script>\n<meta property=\"og:availability\" content=\"instock\" \/>\n<meta property=\"product:availability\" content=\"instock\" \/>\n<meta property=\"product:retailer_item_id\" content=\"COMPETITION.M\" \/>\n<meta property=\"product:condition\" content=\"new\" \/>\n<!-- \/ Yoast SEO Premium plugin. -->","yoast_head_json":{"title":"PRO FLY Competition Bottle - Crown Sport Nutrition, sports supplementation","description":"The PRO FLY sports bottle is the lightest in the world, made in collaboration with the renowned Italian brand ELITE and used by the best professional cycling teams:    Validated by UAE Team Emirates - XRG, INEOS Grenadiers, Alpecin - Deceuninck, among othersWeight: 51 to 58 g depending on volumeThanks to its ergonomics, material, and structure, a light squeeze delivers a high water flowMade from innovative, odorless, soft, and durable plastics, the result of a 3-year study conducted with multiple university research centers  Disponible en 550ml y 750ml.","robots":{"index":"index","follow":"follow","max-snippet":"max-snippet:-1","max-image-preview":"max-image-preview:large","max-video-preview":"max-video-preview:-1"},"canonical":"https:\/\/crownsportnutrition.com\/en\/producto\/bidon-pro-fly\/","og_locale":"en_US","og_type":"article","og_title":"PRO FLY Competition Bottle","og_description":"The PRO FLY sports bottle is the lightest in the world, made in collaboration with the renowned Italian brand ELITE and used by the best professional cycling teams:    Validated by UAE Team Emirates - XRG, INEOS Grenadiers, Alpecin - Deceuninck, among othersWeight: 51 to 58 g depending on volumeThanks to its ergonomics, material, and structure, a light squeeze delivers a high water flowMade from innovative, odorless, soft, and durable plastics, the result of a 3-year study conducted with multiple university research centers  Disponible en 550ml y 750ml.","og_url":"https:\/\/crownsportnutrition.com\/en\/producto\/bidon-pro-fly\/","og_site_name":"Crown Sport Nutrition, sports supplementation","article_publisher":"https:\/\/www.facebook.com\/crownsportnutrition","article_modified_time":"2026-04-21T09:03:55+00:00","og_image":[{"width":1500,"height":1500,"url":"https:\/\/crownsportnutrition.com\/wp-content\/uploads\/2025\/04\/2186.jpg","type":"image\/jpeg"}],"twitter_card":"summary_large_image","twitter_site":"@crownsportnutri","twitter_misc":{"Availability":"In stock"},"schema":{"@context":"https:\/\/schema.org","@graph":[{"@type":"WebPage","@id":"https:\/\/crownsportnutrition.com\/en\/producto\/bidon-pro-fly\/","url":"https:\/\/crownsportnutrition.com\/en\/producto\/bidon-pro-fly\/","name":"PRO FLY Competition Bottle - Crown Sport Nutrition, sports supplementation","isPartOf":{"@id":"https:\/\/crownsportnutrition.com\/en\/#website"},"primaryImageOfPage":{"@id":"https:\/\/crownsportnutrition.com\/en\/producto\/bidon-pro-fly\/#primaryimage"},"image":{"@id":"https:\/\/crownsportnutrition.com\/en\/producto\/bidon-pro-fly\/#primaryimage"},"thumbnailUrl":"https:\/\/crownsportnutrition.com\/wp-content\/uploads\/2025\/04\/2186.jpg","datePublished":"2020-11-02T12:16:53+00:00","dateModified":"2026-04-21T09:03:55+00:00","description":"The PRO FLY sports bottle is the lightest in the world, made in collaboration with the renowned Italian brand ELITE and used by the best professional cycling teams: Validated by UAE Team Emirates - XRG, INEOS Grenadiers, Alpecin - Deceuninck, among othersWeight: 51 to 58 g depending on volumeThanks to its ergonomics, material, and structure, a light squeeze delivers a high water flowMade from innovative, odorless, soft, and durable plastics, the result of a 3-year study conducted with multiple university research centers Disponible en 550ml y 750ml.","breadcrumb":{"@id":"https:\/\/crownsportnutrition.com\/en\/producto\/bidon-pro-fly\/#breadcrumb"},"inLanguage":"en-US","potentialAction":[{"@type":"ReadAction","target":["https:\/\/crownsportnutrition.com\/en\/producto\/bidon-pro-fly\/"]}]},{"@type":"ImageObject","inLanguage":"en-US","@id":"https:\/\/crownsportnutrition.com\/en\/producto\/bidon-pro-fly\/#primaryimage","url":"https:\/\/crownsportnutrition.com\/wp-content\/uploads\/2025\/04\/2186.jpg","contentUrl":"https:\/\/crownsportnutrition.com\/wp-content\/uploads\/2025\/04\/2186.jpg","width":1500,"height":1500},{"@type":"BreadcrumbList","@id":"https:\/\/crownsportnutrition.com\/en\/producto\/bidon-pro-fly\/#breadcrumb","itemListElement":[{"@type":"ListItem","position":1,"name":"Portada","item":"https:\/\/crownsportnutrition.com\/en\/"},{"@type":"ListItem","position":2,"name":"CROWN SHOP","item":"https:\/\/crownsportnutrition.com\/tienda\/"},{"@type":"ListItem","position":3,"name":"PRO FLY Competition Bottle"}]},{"@type":"WebSite","@id":"https:\/\/crownsportnutrition.com\/en\/#website","url":"https:\/\/crownsportnutrition.com\/en\/","name":"Crown Sport Nutrition, suplementaci\u00f3n deportiva","description":"proteinas, recuperadores, gel energetico, barritas, bebida isotonica,[:en]Otro sitio realizado con WordPress","publisher":{"@id":"https:\/\/crownsportnutrition.com\/en\/#organization"},"potentialAction":[{"@type":"SearchAction","target":{"@type":"EntryPoint","urlTemplate":"https:\/\/crownsportnutrition.com\/en\/?s={search_term_string}"},"query-input":{"@type":"PropertyValueSpecification","valueRequired":true,"valueName":"search_term_string"}}],"inLanguage":"en-US"},{"@type":"Organization","@id":"https:\/\/crownsportnutrition.com\/en\/#organization","name":"Crown Sport Nutrition, sports supplementation","alternateName":"Crown Sport Nutrition","url":"https:\/\/crownsportnutrition.com\/en\/","logo":{"@type":"ImageObject","inLanguage":"en-US","@id":"https:\/\/crownsportnutrition.com\/en\/#\/schema\/logo\/image\/","url":"https:\/\/crownsportnutrition.com\/wp-content\/uploads\/2022\/06\/logo-CROWN-SPORT-NUTRITION1-1.png","contentUrl":"https:\/\/crownsportnutrition.com\/wp-content\/uploads\/2022\/06\/logo-CROWN-SPORT-NUTRITION1-1.png","width":150,"height":58,"caption":"Crown Sport Nutrition, sports supplementation"},"image":{"@id":"https:\/\/crownsportnutrition.com\/en\/#\/schema\/logo\/image\/"},"sameAs":["https:\/\/www.facebook.com\/crownsportnutrition","https:\/\/x.com\/crownsportnutri","https:\/\/www.instagram.com\/crownsportnutrition\/","https:\/\/www.linkedin.com\/company\/crownsportnutrition"],"description":"Crown Sport Nutrition es una marca espa\u00f1ola de suplementaci\u00f3n deportiva enfocada en producir solo productos con base cient\u00edfica y adem\u00e1s promover la investigaci\u00f3n cient\u00edfica mediante la publicaci\u00f3n de art\u00edculos sobre varios de sus productos en revistas cient\u00edficas de primer nivel. Se utilizan las mejores materias primas mezcladas en laboratorios punteros con las normas IFS (International Food Standard), con los mejores sabores y todo doping free. Crown Sport Nutrition es la primera empresa espa\u00f1ola en obtener la certificaci\u00f3n antidoping internacional por Informed Sport.","email":"info@crownsportnutrition.com","telephone":"+34 613 000 417","legalName":"Crown Sport Nutrition"}]},"og_availability":"instock","product_availability":"instock","product_retailer_item_id":"COMPETITION.M","product_condition":"new"},"taxonomy_info":{"product_cat":[{"value":175,"label":"ACCESSORIES"},{"value":176,"label":"SHOP"}],"product_tag":[{"value":214,"label":"bid\u00f3n"},{"value":215,"label":"bottle"}]},"featured_image_src_large":["https:\/\/crownsportnutrition.com\/wp-content\/uploads\/2025\/04\/2186-1024x1024.jpg",1024,1024,true],"author_info":[],"comment_info":"","_links":{"self":[{"href":"https:\/\/crownsportnutrition.com\/en\/wp-json\/wp\/v2\/product\/67618","targetHints":{"allow":["GET"]}}],"collection":[{"href":"https:\/\/crownsportnutrition.com\/en\/wp-json\/wp\/v2\/product"}],"about":[{"href":"https:\/\/crownsportnutrition.com\/en\/wp-json\/wp\/v2\/types\/product"}],"wp:featuredmedia":[{"embeddable":true,"href":"https:\/\/crownsportnutrition.com\/en\/wp-json\/wp\/v2\/media\/207247"}],"wp:attachment":[{"href":"https:\/\/crownsportnutrition.com\/en\/wp-json\/wp\/v2\/media?parent=67618"}],"wp:term":[{"taxonomy":"product_brand","embeddable":true,"href":"https:\/\/crownsportnutrition.com\/en\/wp-json\/wp\/v2\/product_brand?post=67618"},{"taxonomy":"product_cat","embeddable":true,"href":"https:\/\/crownsportnutrition.com\/en\/wp-json\/wp\/v2\/product_cat?post=67618"},{"taxonomy":"product_tag","embeddable":true,"href":"https:\/\/crownsportnutrition.com\/en\/wp-json\/wp\/v2\/product_tag?post=67618"}],"curies":[{"name":"wp","href":"https:\/\/api.w.org\/{rel}","templated":true}]}}