{"id":76214,"date":"2021-03-15T16:19:07","date_gmt":"2021-03-15T15:19:07","guid":{"rendered":"https:\/\/crownsportnutrition.com\/?post_type=product&#038;p=76214"},"modified":"2026-04-23T20:03:18","modified_gmt":"2026-04-23T18:03:18","slug":"pack-gel-tester-x12-energy-gel","status":"publish","type":"product","link":"https:\/\/crownsportnutrition.com\/en\/producto\/pack-gel-tester-x12-energy-gel\/","title":{"rendered":"PACK GEL TESTER (x12 Energy Gel)"},"content":{"rendered":"<h4>WHY CROWN SPORT NUTRITION? (41 SEC)?<\/h4>\n<div>\n<div class=\"entry-content-asset videofit\"><iframe loading=\"lazy\" title=\"Crown Sport Nutrition - High Performance Specialists\" width=\"720\" height=\"405\" src=\"https:\/\/www.youtube.com\/embed\/SvA4rFEtFk4?feature=oembed&#038;enablejsapi=1&#038;origin=https:\/\/crownsportnutrition.com\" frameborder=\"0\" allow=\"accelerometer; autoplay; clipboard-write; encrypted-media; gyroscope; picture-in-picture; web-share\" referrerpolicy=\"strict-origin-when-cross-origin\" allowfullscreen><\/iframe><\/div>\n<\/div>\n<p>Technical energy gel with amino acids and electrolytes. Versions with and without caffeine<\/p>\n<ul>\n<li><strong> Carbohydrate mixture in a 2: 1: 1 ratio (Maltodextrin: Dextrose: Fructose) <\/strong><\/li>\n<li><strong> With a plus of branched amino acids, Arginine and Taurine <\/strong><\/li>\n<li><strong> With minerals from assimilable sources <\/strong><\/li>\n<li><strong> Liquid texture with incredible flavor and digestibility <\/strong><\/li>\n<li><strong> Suitable for vegans and free of allergens <\/strong><\/li>\n<\/ul>\n<p><strong> Energy Gel <\/strong> is an energy gel of the highest quality with a premium composition that provides all the necessary ingredients to improve performance in your training sessions and competitions. We have also developed it with a fluid texture that will not cost you to swallow and will minimize gastrointestinal problems.<\/p>\n<p>It contains an ideal matrix of three sources of <strong> carbohydrates <\/strong>, Maltodextrin, Dextrose and Fructose, in a 2: 1: 1 ratio. Carbohydrate intake during sports practice has been shown to improve performance (Cermak, N.M. et al., SM. 2013; Pochmuller, M. et al., JISSN. 2016). In addition, if the exercise is prolonged (&gt; 2.5 h) it has been shown that taking carbohydrates that are absorbed by different cellular transporters (known as GLUT) is the only way to increase the rate of assimilation and oxidation of exogenous carbohydrates by above 60 g \/ hour (Currell, K. et al., MSSE. 2008; Earnest, CP et al., JSCR. 2004). In addition, something that few people know and \/ or many forget is that the consumption of exogenous carbohydrates, during physical activity, minimizes the immunosuppressive effects produced by intense exercise (Nieman, D.C. et al., EIR. 1998).<\/p>\n<p>But in addition to the combination of carbohydrates, our extraordinary formula has more added values \u200b\u200bsince we have also incorporated:<\/p>\n<ul>\n<li><strong> Minerals <\/strong>: better known as <strong> electrolytes <\/strong> or salts, especially <strong> sodium (Na) <\/strong>, which is the one we lose the most with sweat and it is essential to maintain hydration during physical activity (each energy gel provides approx. 110 mg) (Panel NDA. EFSA Journal. 2.011). They also provide <strong> potassium (K) <\/strong> and <strong> magnesium (Mg) <\/strong>, the loss of which could be involved in the appearance of muscle cramps, and they have also been added in the form of highly bioavailable salts, such as for example, magnesium citrate.<\/li>\n<li><strong> Branched-chain amino acids (BCAAs) <\/strong>: the intake of these amino acids along with carbohydrates during training has been shown to decrease muscle damage markers (Valentine, RJ et al., IJSNEM. 2008) . Also the branched amino acids are highly oxidized by the muscle, that is, they are used as an energy source, reducing the use of glycogen in favor of fats. In addition, the intake of these amino acids during exercise reduces Central Fatigue Syndrome (CFS), that is, it reduces the production of Serotonin (a neurotransmitter related to symptoms of fatigue and mood) (Kerksick, CM et al., JISSN . 2.018).<\/li>\n<li><strong> Arginine: <\/strong> this amino acid, in addition to being a precursor of Nitric Oxide (NO), reduces lactate concentration and improves aerobic capacity. In addition, as it is a glucogenic amino acid, the muscle can use it as an extra source of energy.<\/li>\n<li><strong> Taurine: <\/strong> among others, has antioxidant, metabolic and ergogenic effects (Galloway, S.D.R. et al., JAP. 2.008). Its intake together with the rest of the ingredients has been shown to improve muscular endurance during exercise (Hoffman, J.R. el al., JCSR. 2008). Stabilizes cell membranes by helping potassium, sodium, calcium and magnesium pass through them (Bouckenooghe, T. et al., CNMC. 2006).<\/li>\n<li><strong> Caffeine and Guarana: <\/strong> in the versions with 64 mg of caffeine we have added (in pure form and like Guarana) the most effective ingredient for the direct improvement of performance, both endurance and strength (Grgic, J. et al., BJSM. 2019), caffeine. This, in addition to activating the Central Nervous System (CNS), delays fatigue and optimizes the use of cellular fuels (glycogen and fat). But the most important thing is that it improves muscle contraction (Lopes, J.M. et al., JAP. 1983), hence its effectiveness, especially when fatigue begins.<\/li>\n<\/ul>\n<p>&amp; nbsp;<\/p>\n<p>And like all Crown Sport Nutrition\u00ae products with spectacular taste and digestibility.<\/p>\n<p><strong> Pro Tip: <\/strong><\/p>\n<ul>\n<li><strong> If you also take <a href=\"https:\/\/crownsportnutrition.com\/product\/isodrink-energy\/\"> Isodrink &amp; amp; Energy <\/a> <\/strong>: take an energy gel approximately every hour of physical activity. After 3 hours, take one gel every 30 minutes (2 gels \/ hour).<\/li>\n<li><strong> If you DO NOT take Isodrink &amp; amp; Energy <\/strong>: take an energy gel approximately every 30 minutes (2 energy gels \/ hour) of physical activity. After 3 hours, take an energy gel every 20 minutes (3 energy gels \/ hour).<\/li>\n<\/ul>\n<p>In this case, as a <u> professional recommendation to avoid dehydration <\/u>, we suggest the intake of approximately <a href=\"https:\/\/crownsportnutrition.com\/product\/pro-salt-caps\/\"> <u> 1 capsule of PRO Salt Caps <\/u> <\/a> every 60 &#8211; 90 minutes of physical activity.<\/p>\n<p><strong> Flavors WITHOUT caffeine: <\/strong> Lemon and Orange<\/p>\n<p><strong> Flavors WITH caffeine: <\/strong> Cola and Red fruits<\/p>\n<span class=\"kt-load-after-post\"><\/span>","protected":false},"excerpt":{"rendered":"<p><strong> The Gel Tester PACK is a tasting pack with 12 gels of all the flavors of our famous Energy Gel. <\/strong> They are technical gels with a large amount of different types of carbohydrates for rapid and sustained absorption, salts to aid hydration and amino acids (BCAAs and others) to optimize performance. They have a liquid texture that will not cost you to swallow and will minimize gastrointestinal problems.<\/p>\n<p>It contains 3 energy gels of each of the 4 flavors: <strong> caffeine cola, caffeinated red fruits, caffeine-free lemon, caffeine-free orange. They are all vegan and allergen free. <\/strong><\/p>\n","protected":false},"featured_media":76726,"template":"","meta":{"_kad_blocks_custom_css":"","_kad_blocks_head_custom_js":"","_kad_blocks_body_custom_js":"","_kad_blocks_footer_custom_js":"","_kadence_starter_templates_imported_post":false,"_kad_post_transparent":"default","_kad_post_title":"","_kad_post_layout":"default","_kad_post_sidebar_id":"","_kad_post_content_style":"default","_kad_post_vertical_padding":"default","_kad_post_feature":"","_kad_post_feature_position":"","_kad_post_header":false,"_kad_post_footer":false,"_kad_post_classname":""},"product_brand":[],"product_cat":[289,191,176,188],"product_tag":[],"class_list":{"0":"post-76214","1":"product","2":"type-product","3":"status-publish","4":"has-post-thumbnail","6":"product_cat-gels","7":"product_cat-crown-packs","8":"product_cat-shop","9":"product_cat-vegan-pro-line-2","11":"first","12":"outofstock","13":"sale","14":"taxable","15":"shipping-taxable","16":"purchasable","17":"product-type-simple","18":"entry","19":"content-bg","20":"loop-entry"},"yoast_head":"<!-- This site is optimized with the Yoast SEO Premium plugin v27.2 (Yoast SEO v27.2) - https:\/\/yoast.com\/product\/yoast-seo-premium-wordpress\/ -->\n<title>PACK GEL TESTER (x12 Energy Gel) - Crown Sport Nutrition, sports supplementation<\/title>\n<meta name=\"description\" content=\"The Gel Tester PACK is a tasting pack with 12 gels of all the flavors of our famous Energy Gel. They are technical gels with a large amount of different types of carbohydrates for rapid and sustained absorption, salts to aid hydration and amino acids (BCAAs and others) to optimize performance. They have a liquid texture that will not cost you to swallow and will minimize gastrointestinal problems.  It contains 3 energy gels of each of the 4 flavors: caffeine cola, caffeinated red fruits, caffeine-free lemon, caffeine-free orange. They are all vegan and allergen free.\" \/>\n<meta name=\"robots\" content=\"index, follow, max-snippet:-1, max-image-preview:large, max-video-preview:-1\" \/>\n<link rel=\"canonical\" href=\"https:\/\/crownsportnutrition.com\/en\/producto\/pack-gel-tester-x12-energy-gel\/\" \/>\n<meta property=\"og:locale\" content=\"en_US\" \/>\n<meta property=\"og:type\" content=\"article\" \/>\n<meta property=\"og:title\" content=\"PACK GEL TESTER (x12 Energy Gel)\" \/>\n<meta property=\"og:description\" content=\"The Gel Tester PACK is a tasting pack with 12 gels of all the flavors of our famous Energy Gel. They are technical gels with a large amount of different types of carbohydrates for rapid and sustained absorption, salts to aid hydration and amino acids (BCAAs and others) to optimize performance. They have a liquid texture that will not cost you to swallow and will minimize gastrointestinal problems.  It contains 3 energy gels of each of the 4 flavors: caffeine cola, caffeinated red fruits, caffeine-free lemon, caffeine-free orange. They are all vegan and allergen free.\" \/>\n<meta property=\"og:url\" content=\"https:\/\/crownsportnutrition.com\/en\/producto\/pack-gel-tester-x12-energy-gel\/\" \/>\n<meta property=\"og:site_name\" content=\"Crown Sport Nutrition, sports supplementation\" \/>\n<meta property=\"article:publisher\" content=\"https:\/\/www.facebook.com\/crownsportnutrition\" \/>\n<meta property=\"article:modified_time\" content=\"2026-04-23T18:03:18+00:00\" \/>\n<meta property=\"og:image\" content=\"https:\/\/crownsportnutrition.com\/wp-content\/uploads\/2021\/03\/05-2.jpg\" \/>\n\t<meta property=\"og:image:width\" content=\"1500\" \/>\n\t<meta property=\"og:image:height\" content=\"1500\" \/>\n\t<meta property=\"og:image:type\" content=\"image\/jpeg\" \/>\n<meta name=\"twitter:card\" content=\"summary_large_image\" \/>\n<meta name=\"twitter:site\" content=\"@crownsportnutri\" \/>\n<meta name=\"twitter:label1\" content=\"Price\" \/>\n\t<meta name=\"twitter:data1\" content=\"20,90&euro;\" \/>\n\t<meta name=\"twitter:label2\" content=\"Availability\" \/>\n\t<meta name=\"twitter:data2\" content=\"Out of stock\" \/>\n<script type=\"application\/ld+json\" class=\"yoast-schema-graph\">{\"@context\":\"https:\/\/schema.org\",\"@graph\":[{\"@type\":\"WebPage\",\"@id\":\"https:\/\/crownsportnutrition.com\/en\/producto\/pack-gel-tester-x12-energy-gel\/\",\"url\":\"https:\/\/crownsportnutrition.com\/en\/producto\/pack-gel-tester-x12-energy-gel\/\",\"name\":\"PACK GEL TESTER (x12 Energy Gel) - Crown Sport Nutrition, sports supplementation\",\"isPartOf\":{\"@id\":\"https:\/\/crownsportnutrition.com\/en\/#website\"},\"primaryImageOfPage\":{\"@id\":\"https:\/\/crownsportnutrition.com\/en\/producto\/pack-gel-tester-x12-energy-gel\/#primaryimage\"},\"image\":{\"@id\":\"https:\/\/crownsportnutrition.com\/en\/producto\/pack-gel-tester-x12-energy-gel\/#primaryimage\"},\"thumbnailUrl\":\"https:\/\/crownsportnutrition.com\/wp-content\/uploads\/2021\/03\/05-2.jpg\",\"datePublished\":\"2021-03-15T15:19:07+00:00\",\"dateModified\":\"2026-04-23T18:03:18+00:00\",\"description\":\"The Gel Tester PACK is a tasting pack with 12 gels of all the flavors of our famous Energy Gel. They are technical gels with a large amount of different types of carbohydrates for rapid and sustained absorption, salts to aid hydration and amino acids (BCAAs and others) to optimize performance. They have a liquid texture that will not cost you to swallow and will minimize gastrointestinal problems. It contains 3 energy gels of each of the 4 flavors: caffeine cola, caffeinated red fruits, caffeine-free lemon, caffeine-free orange. They are all vegan and allergen free.\",\"breadcrumb\":{\"@id\":\"https:\/\/crownsportnutrition.com\/en\/producto\/pack-gel-tester-x12-energy-gel\/#breadcrumb\"},\"inLanguage\":\"en-US\",\"potentialAction\":[{\"@type\":\"ReadAction\",\"target\":[\"https:\/\/crownsportnutrition.com\/en\/producto\/pack-gel-tester-x12-energy-gel\/\"]}]},{\"@type\":\"ImageObject\",\"inLanguage\":\"en-US\",\"@id\":\"https:\/\/crownsportnutrition.com\/en\/producto\/pack-gel-tester-x12-energy-gel\/#primaryimage\",\"url\":\"https:\/\/crownsportnutrition.com\/wp-content\/uploads\/2021\/03\/05-2.jpg\",\"contentUrl\":\"https:\/\/crownsportnutrition.com\/wp-content\/uploads\/2021\/03\/05-2.jpg\",\"width\":1500,\"height\":1500},{\"@type\":\"BreadcrumbList\",\"@id\":\"https:\/\/crownsportnutrition.com\/en\/producto\/pack-gel-tester-x12-energy-gel\/#breadcrumb\",\"itemListElement\":[{\"@type\":\"ListItem\",\"position\":1,\"name\":\"Portada\",\"item\":\"https:\/\/crownsportnutrition.com\/en\/\"},{\"@type\":\"ListItem\",\"position\":2,\"name\":\"CROWN SHOP\",\"item\":\"https:\/\/crownsportnutrition.com\/tienda\/\"},{\"@type\":\"ListItem\",\"position\":3,\"name\":\"PACK GEL TESTER (x12 Energy Gel)\"}]},{\"@type\":\"WebSite\",\"@id\":\"https:\/\/crownsportnutrition.com\/en\/#website\",\"url\":\"https:\/\/crownsportnutrition.com\/en\/\",\"name\":\"Crown Sport Nutrition, suplementaci\u00f3n deportiva\",\"description\":\"proteinas, recuperadores, gel energetico, barritas, bebida isotonica,[:en]Otro sitio realizado con WordPress\",\"publisher\":{\"@id\":\"https:\/\/crownsportnutrition.com\/en\/#organization\"},\"potentialAction\":[{\"@type\":\"SearchAction\",\"target\":{\"@type\":\"EntryPoint\",\"urlTemplate\":\"https:\/\/crownsportnutrition.com\/en\/?s={search_term_string}\"},\"query-input\":{\"@type\":\"PropertyValueSpecification\",\"valueRequired\":true,\"valueName\":\"search_term_string\"}}],\"inLanguage\":\"en-US\"},{\"@type\":\"Organization\",\"@id\":\"https:\/\/crownsportnutrition.com\/en\/#organization\",\"name\":\"Crown Sport Nutrition, sports supplementation\",\"alternateName\":\"Crown Sport Nutrition\",\"url\":\"https:\/\/crownsportnutrition.com\/en\/\",\"logo\":{\"@type\":\"ImageObject\",\"inLanguage\":\"en-US\",\"@id\":\"https:\/\/crownsportnutrition.com\/en\/#\/schema\/logo\/image\/\",\"url\":\"https:\/\/crownsportnutrition.com\/wp-content\/uploads\/2022\/06\/logo-CROWN-SPORT-NUTRITION1-1.png\",\"contentUrl\":\"https:\/\/crownsportnutrition.com\/wp-content\/uploads\/2022\/06\/logo-CROWN-SPORT-NUTRITION1-1.png\",\"width\":150,\"height\":58,\"caption\":\"Crown Sport Nutrition, sports supplementation\"},\"image\":{\"@id\":\"https:\/\/crownsportnutrition.com\/en\/#\/schema\/logo\/image\/\"},\"sameAs\":[\"https:\/\/www.facebook.com\/crownsportnutrition\",\"https:\/\/x.com\/crownsportnutri\",\"https:\/\/www.instagram.com\/crownsportnutrition\/\",\"https:\/\/www.linkedin.com\/company\/crownsportnutrition\"],\"description\":\"Crown Sport Nutrition es una marca espa\u00f1ola de suplementaci\u00f3n deportiva enfocada en producir solo productos con base cient\u00edfica y adem\u00e1s promover la investigaci\u00f3n cient\u00edfica mediante la publicaci\u00f3n de art\u00edculos sobre varios de sus productos en revistas cient\u00edficas de primer nivel. Se utilizan las mejores materias primas mezcladas en laboratorios punteros con las normas IFS (International Food Standard), con los mejores sabores y todo doping free. Crown Sport Nutrition es la primera empresa espa\u00f1ola en obtener la certificaci\u00f3n antidoping internacional por Informed Sport.\",\"email\":\"info@crownsportnutrition.com\",\"telephone\":\"+34 613 000 417\",\"legalName\":\"Crown Sport Nutrition\"}]}<\/script>\n<meta property=\"product:price:amount\" content=\"20.90\" \/>\n<meta property=\"product:price:currency\" content=\"EUR\" \/>\n<meta property=\"og:availability\" content=\"out of stock\" \/>\n<meta property=\"product:availability\" content=\"out of stock\" \/>\n<meta property=\"product:retailer_item_id\" content=\"PACKGEL\" \/>\n<meta property=\"product:condition\" content=\"new\" \/>\n<!-- \/ Yoast SEO Premium plugin. -->","yoast_head_json":{"title":"PACK GEL TESTER (x12 Energy Gel) - Crown Sport Nutrition, sports supplementation","description":"The Gel Tester PACK is a tasting pack with 12 gels of all the flavors of our famous Energy Gel. They are technical gels with a large amount of different types of carbohydrates for rapid and sustained absorption, salts to aid hydration and amino acids (BCAAs and others) to optimize performance. They have a liquid texture that will not cost you to swallow and will minimize gastrointestinal problems.  It contains 3 energy gels of each of the 4 flavors: caffeine cola, caffeinated red fruits, caffeine-free lemon, caffeine-free orange. They are all vegan and allergen free.","robots":{"index":"index","follow":"follow","max-snippet":"max-snippet:-1","max-image-preview":"max-image-preview:large","max-video-preview":"max-video-preview:-1"},"canonical":"https:\/\/crownsportnutrition.com\/en\/producto\/pack-gel-tester-x12-energy-gel\/","og_locale":"en_US","og_type":"article","og_title":"PACK GEL TESTER (x12 Energy Gel)","og_description":"The Gel Tester PACK is a tasting pack with 12 gels of all the flavors of our famous Energy Gel. They are technical gels with a large amount of different types of carbohydrates for rapid and sustained absorption, salts to aid hydration and amino acids (BCAAs and others) to optimize performance. They have a liquid texture that will not cost you to swallow and will minimize gastrointestinal problems.  It contains 3 energy gels of each of the 4 flavors: caffeine cola, caffeinated red fruits, caffeine-free lemon, caffeine-free orange. They are all vegan and allergen free.","og_url":"https:\/\/crownsportnutrition.com\/en\/producto\/pack-gel-tester-x12-energy-gel\/","og_site_name":"Crown Sport Nutrition, sports supplementation","article_publisher":"https:\/\/www.facebook.com\/crownsportnutrition","article_modified_time":"2026-04-23T18:03:18+00:00","og_image":[{"width":1500,"height":1500,"url":"https:\/\/crownsportnutrition.com\/wp-content\/uploads\/2021\/03\/05-2.jpg","type":"image\/jpeg"}],"twitter_card":"summary_large_image","twitter_site":"@crownsportnutri","twitter_misc":{"Price":"20,90&euro;","Availability":"Out of stock"},"schema":{"@context":"https:\/\/schema.org","@graph":[{"@type":"WebPage","@id":"https:\/\/crownsportnutrition.com\/en\/producto\/pack-gel-tester-x12-energy-gel\/","url":"https:\/\/crownsportnutrition.com\/en\/producto\/pack-gel-tester-x12-energy-gel\/","name":"PACK GEL TESTER (x12 Energy Gel) - Crown Sport Nutrition, sports supplementation","isPartOf":{"@id":"https:\/\/crownsportnutrition.com\/en\/#website"},"primaryImageOfPage":{"@id":"https:\/\/crownsportnutrition.com\/en\/producto\/pack-gel-tester-x12-energy-gel\/#primaryimage"},"image":{"@id":"https:\/\/crownsportnutrition.com\/en\/producto\/pack-gel-tester-x12-energy-gel\/#primaryimage"},"thumbnailUrl":"https:\/\/crownsportnutrition.com\/wp-content\/uploads\/2021\/03\/05-2.jpg","datePublished":"2021-03-15T15:19:07+00:00","dateModified":"2026-04-23T18:03:18+00:00","description":"The Gel Tester PACK is a tasting pack with 12 gels of all the flavors of our famous Energy Gel. They are technical gels with a large amount of different types of carbohydrates for rapid and sustained absorption, salts to aid hydration and amino acids (BCAAs and others) to optimize performance. They have a liquid texture that will not cost you to swallow and will minimize gastrointestinal problems. It contains 3 energy gels of each of the 4 flavors: caffeine cola, caffeinated red fruits, caffeine-free lemon, caffeine-free orange. They are all vegan and allergen free.","breadcrumb":{"@id":"https:\/\/crownsportnutrition.com\/en\/producto\/pack-gel-tester-x12-energy-gel\/#breadcrumb"},"inLanguage":"en-US","potentialAction":[{"@type":"ReadAction","target":["https:\/\/crownsportnutrition.com\/en\/producto\/pack-gel-tester-x12-energy-gel\/"]}]},{"@type":"ImageObject","inLanguage":"en-US","@id":"https:\/\/crownsportnutrition.com\/en\/producto\/pack-gel-tester-x12-energy-gel\/#primaryimage","url":"https:\/\/crownsportnutrition.com\/wp-content\/uploads\/2021\/03\/05-2.jpg","contentUrl":"https:\/\/crownsportnutrition.com\/wp-content\/uploads\/2021\/03\/05-2.jpg","width":1500,"height":1500},{"@type":"BreadcrumbList","@id":"https:\/\/crownsportnutrition.com\/en\/producto\/pack-gel-tester-x12-energy-gel\/#breadcrumb","itemListElement":[{"@type":"ListItem","position":1,"name":"Portada","item":"https:\/\/crownsportnutrition.com\/en\/"},{"@type":"ListItem","position":2,"name":"CROWN SHOP","item":"https:\/\/crownsportnutrition.com\/tienda\/"},{"@type":"ListItem","position":3,"name":"PACK GEL TESTER (x12 Energy Gel)"}]},{"@type":"WebSite","@id":"https:\/\/crownsportnutrition.com\/en\/#website","url":"https:\/\/crownsportnutrition.com\/en\/","name":"Crown Sport Nutrition, suplementaci\u00f3n deportiva","description":"proteinas, recuperadores, gel energetico, barritas, bebida isotonica,[:en]Otro sitio realizado con WordPress","publisher":{"@id":"https:\/\/crownsportnutrition.com\/en\/#organization"},"potentialAction":[{"@type":"SearchAction","target":{"@type":"EntryPoint","urlTemplate":"https:\/\/crownsportnutrition.com\/en\/?s={search_term_string}"},"query-input":{"@type":"PropertyValueSpecification","valueRequired":true,"valueName":"search_term_string"}}],"inLanguage":"en-US"},{"@type":"Organization","@id":"https:\/\/crownsportnutrition.com\/en\/#organization","name":"Crown Sport Nutrition, sports supplementation","alternateName":"Crown Sport Nutrition","url":"https:\/\/crownsportnutrition.com\/en\/","logo":{"@type":"ImageObject","inLanguage":"en-US","@id":"https:\/\/crownsportnutrition.com\/en\/#\/schema\/logo\/image\/","url":"https:\/\/crownsportnutrition.com\/wp-content\/uploads\/2022\/06\/logo-CROWN-SPORT-NUTRITION1-1.png","contentUrl":"https:\/\/crownsportnutrition.com\/wp-content\/uploads\/2022\/06\/logo-CROWN-SPORT-NUTRITION1-1.png","width":150,"height":58,"caption":"Crown Sport Nutrition, sports supplementation"},"image":{"@id":"https:\/\/crownsportnutrition.com\/en\/#\/schema\/logo\/image\/"},"sameAs":["https:\/\/www.facebook.com\/crownsportnutrition","https:\/\/x.com\/crownsportnutri","https:\/\/www.instagram.com\/crownsportnutrition\/","https:\/\/www.linkedin.com\/company\/crownsportnutrition"],"description":"Crown Sport Nutrition es una marca espa\u00f1ola de suplementaci\u00f3n deportiva enfocada en producir solo productos con base cient\u00edfica y adem\u00e1s promover la investigaci\u00f3n cient\u00edfica mediante la publicaci\u00f3n de art\u00edculos sobre varios de sus productos en revistas cient\u00edficas de primer nivel. Se utilizan las mejores materias primas mezcladas en laboratorios punteros con las normas IFS (International Food Standard), con los mejores sabores y todo doping free. Crown Sport Nutrition es la primera empresa espa\u00f1ola en obtener la certificaci\u00f3n antidoping internacional por Informed Sport.","email":"info@crownsportnutrition.com","telephone":"+34 613 000 417","legalName":"Crown Sport Nutrition"}]},"product_price_amount":"20.90","product_price_currency":"EUR","og_availability":"out of stock","product_availability":"out of stock","product_retailer_item_id":"PACKGEL","product_condition":"new"},"taxonomy_info":{"product_cat":[{"value":289,"label":"GELS"},{"value":191,"label":"OFFERS &amp; BUNDLES"},{"value":176,"label":"SHOP"},{"value":188,"label":"VEGAN PRO LINE"}]},"featured_image_src_large":["https:\/\/crownsportnutrition.com\/wp-content\/uploads\/2021\/03\/05-2-1024x1024.jpg",1024,1024,true],"author_info":[],"comment_info":"","_links":{"self":[{"href":"https:\/\/crownsportnutrition.com\/en\/wp-json\/wp\/v2\/product\/76214","targetHints":{"allow":["GET"]}}],"collection":[{"href":"https:\/\/crownsportnutrition.com\/en\/wp-json\/wp\/v2\/product"}],"about":[{"href":"https:\/\/crownsportnutrition.com\/en\/wp-json\/wp\/v2\/types\/product"}],"wp:featuredmedia":[{"embeddable":true,"href":"https:\/\/crownsportnutrition.com\/en\/wp-json\/wp\/v2\/media\/76726"}],"wp:attachment":[{"href":"https:\/\/crownsportnutrition.com\/en\/wp-json\/wp\/v2\/media?parent=76214"}],"wp:term":[{"taxonomy":"product_brand","embeddable":true,"href":"https:\/\/crownsportnutrition.com\/en\/wp-json\/wp\/v2\/product_brand?post=76214"},{"taxonomy":"product_cat","embeddable":true,"href":"https:\/\/crownsportnutrition.com\/en\/wp-json\/wp\/v2\/product_cat?post=76214"},{"taxonomy":"product_tag","embeddable":true,"href":"https:\/\/crownsportnutrition.com\/en\/wp-json\/wp\/v2\/product_tag?post=76214"}],"curies":[{"name":"wp","href":"https:\/\/api.w.org\/{rel}","templated":true}]}}