{"id":78340,"date":"2021-04-21T11:04:13","date_gmt":"2021-04-21T09:04:13","guid":{"rendered":"https:\/\/crownsportnutrition.com\/?post_type=product&#038;p=78340"},"modified":"2026-04-23T12:03:22","modified_gmt":"2026-04-23T10:03:22","slug":"capsulas-cafeina-120-capsulas","status":"publish","type":"product","link":"https:\/\/crownsportnutrition.com\/en\/producto\/capsulas-cafeina-120-capsulas\/","title":{"rendered":"Caffeine PRO Caps 100mg"},"content":{"rendered":"<h4><img decoding=\"async\" class=\"aligncenter wp-image-169924 size-full\" src=\"https:\/\/crownsportnutrition.com\/wp-content\/uploads\/2022\/05\/Informed-Sport-Certified-Web-Banner-Billboard-Size.jpg\" alt=\"\" width=\"1920\" height=\"495\" srcset=\"https:\/\/crownsportnutrition.com\/wp-content\/uploads\/2022\/05\/Informed-Sport-Certified-Web-Banner-Billboard-Size.jpg 1920w, https:\/\/crownsportnutrition.com\/wp-content\/uploads\/2022\/05\/Informed-Sport-Certified-Web-Banner-Billboard-Size-300x77.jpg 300w, https:\/\/crownsportnutrition.com\/wp-content\/uploads\/2022\/05\/Informed-Sport-Certified-Web-Banner-Billboard-Size-1024x264.jpg 1024w, https:\/\/crownsportnutrition.com\/wp-content\/uploads\/2022\/05\/Informed-Sport-Certified-Web-Banner-Billboard-Size-768x198.jpg 768w, https:\/\/crownsportnutrition.com\/wp-content\/uploads\/2022\/05\/Informed-Sport-Certified-Web-Banner-Billboard-Size-1536x396.jpg 1536w, https:\/\/crownsportnutrition.com\/wp-content\/uploads\/2022\/05\/Informed-Sport-Certified-Web-Banner-Billboard-Size-600x155.jpg 600w\" sizes=\"(max-width: 1920px) 100vw, 1920px\" \/><\/h4>\n<h4>CAFFEINE PRO CAPS<\/h4>\n<p>Caffeine Capsules banned substance tested and suitable for vegans<\/p>\n<ul>\n<li><b> Pure Anhydrous Caffeine <\/b><\/li>\n<li><b> With 100 mg of Caffeine per capsule <\/b><\/li>\n<li><b> Free of allergens and Suitable for Vegans <\/b><\/li>\n<li><b> Improve performance <\/b><\/li>\n<\/ul>\n<p><b> Caffeine PRO <\/b> <b> Caps <\/b> are pure caffeine anhydrous vegetable capsules of the highest quality. They are ideal to enhance and improve the performance of both your training sessions and your competitions. Caffeine has proven to be one of the best and most effective ergogenic aids (direct performance enhancement) in all kinds of sports disciplines, whether they are strength, endurance or mixed.<\/p>\n<p><b> How does it act physiologically? <\/b><br \/>\nCaffeine is one of those known as trimethylxanthines, more specifically 1,3,7-trimethylxanthine, which are a family of adenosine receptor antagonist alkaloids. These alkaloids are found naturally in some plants such as coffee, guarana, tea, yerba mate, etc.<\/p>\n<p>At a physiological level, it stimulates the central nervous system (CNS), increases the mobilization of fats (lipolysis), decreases the perception of pain (secretion of \u03b2-endorphins), delays the feeling of fatigue, improves neuromuscular function, improves muscle contraction. skeletal muscle, etc.<\/p>\n<p><b> Performance improvement in Aerobic or Endurance sports <\/b> Countless scientific studies carried out in different sports disciplines of this type (athletics, cycling, cross-country skiing, swimming, triathlon, etc.) have shown the improvement of performance between 2 &#8211; 4%, mainly due to the following parameters: increased work time and until exhaustion, decreased perception of effort, improved peak oxygen consumption during submaximal exercise.<\/p>\n<p><b> Performance improvement in Anaerobic or Strength sports <\/b> In recent years more scientific studies have been carried out in relation to the consumption of caffeine with these disciplines and favorable results have also been found in the improvement of performance on the following parameters: on the one hand, short or explosive tests corresponding to aerobic or endurance sports (the above), such as a sprint in swimming, single or repeated sprint in cycling or athletics, showing a reduction in fatigue. On the other hand, in purely strength parameters, such as the number of repetitions, the maximum load used, etc. improvements have also been seen.<\/p>\n<p><b> Improvement of performance in Mixed sports (team, racket, combat, etc.) <\/b> Numerous studies have also been carried out in this type of sports (soccer, basketball, tennis, volleyball, etc.) and also the results have been favorable, in this case, in addition to the improvement itself at the \u201cmuscular\u201d level, commented in the previous points, the improvements have been produced by the increase in <u> cognitive capacity <\/u>, such as attention, alertness, coordination, reaction time or decision making or precision in passing. So it is also a very useful tool in this type of sport.<\/p>\n<p><b> How much and when to take it? <\/b><br \/>\nAcute caffeine intake has been consistently shown to improve performance as long as it is consumed in doses between 3 and 6 mg \/ kg of body weight. The most standard protocol, although it depends on the type of sport, etc., is to take it between 45 and 30 minutes before exercise.<\/p>\n<p>And like all Crown Sport Nutrition\u00ae products with the highest quality.<\/p>\n<p><b> Format: <\/b> bottle of 120 capsules.<\/p>\n<span class=\"kt-load-after-post\"><\/span>","protected":false},"excerpt":{"rendered":"<p>100mg caffeine capsules with Informed Sport anti-doping certification. Allergen free and vegan.100mg caffeine capsules with Informed Sport anti-doping certification. Allergen free and vegan.100mg caffeine capsules with Informed Sport anti-doping certification. Allergen free and vegan.100mg caffeine capsules with Informed Sport anti-doping certification. Allergen free and vegan.<\/p>\n","protected":false},"featured_media":95220,"template":"","meta":{"_kad_blocks_custom_css":"","_kad_blocks_head_custom_js":"","_kad_blocks_body_custom_js":"","_kad_blocks_footer_custom_js":"","_kadence_starter_templates_imported_post":false,"_kad_post_transparent":"default","_kad_post_title":"","_kad_post_layout":"default","_kad_post_sidebar_id":"","_kad_post_content_style":"default","_kad_post_vertical_padding":"default","_kad_post_feature":"","_kad_post_feature_position":"","_kad_post_header":false,"_kad_post_footer":false,"_kad_post_classname":""},"product_brand":[],"product_cat":[241,117,114,118,222,120,794,223,121,174,793,115,176,119,116,113,188,91],"product_tag":[795],"class_list":{"0":"post-78340","1":"product","2":"type-product","3":"status-publish","4":"has-post-thumbnail","6":"product_cat-antes","7":"product_cat-crossfit","8":"product_cat-ciclismo","9":"product_cat-futbol","10":"product_cat-sin-gluten","11":"product_cat-gimnasio","12":"product_cat-informed-sport-banned-substance-tested","13":"product_cat-sin-lactosa","14":"product_cat-artes-marciales","15":"product_cat-potenciadores-de-rendimiento","16":"product_cat-raw-0-artificial-sweeteners","17":"product_cat-running","18":"product_cat-shop","19":"product_cat-tenis","20":"product_cat-trail-running","21":"product_cat-triatlon","22":"product_cat-vegan-pro-line-2","23":"product_cat-principales","24":"product_tag-no-artificial-sweeteners","26":"first","27":"instock","28":"taxable","29":"shipping-taxable","30":"purchasable","31":"product-type-simple","32":"entry","33":"content-bg","34":"loop-entry"},"yoast_head":"<!-- This site is optimized with the Yoast SEO Premium plugin v27.2 (Yoast SEO v27.2) - https:\/\/yoast.com\/product\/yoast-seo-premium-wordpress\/ -->\n<title>C\u00e1psulas de Cafe\u00edna: Alto Rendimiento con Certificado Anti-Doping<\/title>\n<meta name=\"description\" content=\"Mejora tu rendimiento con nuestras c\u00e1psulas de cafe\u00edna certificadas sin al\u00e9rgenos y aptas para veganos. Potencia tus entrenamientos y competiciones. \u00a1Obt\u00e9n las tuyas ahora!\" \/>\n<meta name=\"robots\" content=\"index, follow, max-snippet:-1, max-image-preview:large, max-video-preview:-1\" \/>\n<link rel=\"canonical\" href=\"https:\/\/crownsportnutrition.com\/en\/producto\/capsulas-cafeina-120-capsulas\/\" \/>\n<meta property=\"og:locale\" content=\"en_US\" \/>\n<meta property=\"og:type\" content=\"article\" \/>\n<meta property=\"og:title\" content=\"Caffeine PRO Caps 100mg\" \/>\n<meta property=\"og:description\" content=\"Mejora tu rendimiento con nuestras c\u00e1psulas de cafe\u00edna certificadas sin al\u00e9rgenos y aptas para veganos. Potencia tus entrenamientos y competiciones. \u00a1Obt\u00e9n las tuyas ahora!\" \/>\n<meta property=\"og:url\" content=\"https:\/\/crownsportnutrition.com\/en\/producto\/capsulas-cafeina-120-capsulas\/\" \/>\n<meta property=\"og:site_name\" content=\"Crown Sport Nutrition, sports supplementation\" \/>\n<meta property=\"article:publisher\" content=\"https:\/\/www.facebook.com\/crownsportnutrition\" \/>\n<meta property=\"article:modified_time\" content=\"2026-04-23T10:03:22+00:00\" \/>\n<meta property=\"og:image\" content=\"https:\/\/crownsportnutrition.com\/wp-content\/uploads\/2021\/04\/115_Bote_120C_Caffeine_PRO_Caps_800.jpg\" \/>\n\t<meta property=\"og:image:width\" content=\"800\" \/>\n\t<meta property=\"og:image:height\" content=\"800\" \/>\n\t<meta property=\"og:image:type\" content=\"image\/jpeg\" \/>\n<meta name=\"twitter:card\" content=\"summary_large_image\" \/>\n<meta name=\"twitter:site\" content=\"@crownsportnutri\" \/>\n<meta name=\"twitter:label1\" content=\"Price\" \/>\n\t<meta name=\"twitter:data1\" content=\"22,68&euro;\" \/>\n\t<meta name=\"twitter:label2\" content=\"Availability\" \/>\n\t<meta name=\"twitter:data2\" content=\"In stock\" \/>\n<script type=\"application\/ld+json\" class=\"yoast-schema-graph\">{\"@context\":\"https:\/\/schema.org\",\"@graph\":[{\"@type\":\"WebPage\",\"@id\":\"https:\/\/crownsportnutrition.com\/en\/producto\/capsulas-cafeina-120-capsulas\/\",\"url\":\"https:\/\/crownsportnutrition.com\/en\/producto\/capsulas-cafeina-120-capsulas\/\",\"name\":\"C\u00e1psulas de Cafe\u00edna: Alto Rendimiento con Certificado Anti-Doping\",\"isPartOf\":{\"@id\":\"https:\/\/crownsportnutrition.com\/en\/#website\"},\"primaryImageOfPage\":{\"@id\":\"https:\/\/crownsportnutrition.com\/en\/producto\/capsulas-cafeina-120-capsulas\/#primaryimage\"},\"image\":{\"@id\":\"https:\/\/crownsportnutrition.com\/en\/producto\/capsulas-cafeina-120-capsulas\/#primaryimage\"},\"thumbnailUrl\":\"https:\/\/crownsportnutrition.com\/wp-content\/uploads\/2021\/04\/115_Bote_120C_Caffeine_PRO_Caps_800.jpg\",\"datePublished\":\"2021-04-21T09:04:13+00:00\",\"dateModified\":\"2026-04-23T10:03:22+00:00\",\"description\":\"Mejora tu rendimiento con nuestras c\u00e1psulas de cafe\u00edna certificadas sin al\u00e9rgenos y aptas para veganos. Potencia tus entrenamientos y competiciones. \u00a1Obt\u00e9n las tuyas ahora!\",\"breadcrumb\":{\"@id\":\"https:\/\/crownsportnutrition.com\/en\/producto\/capsulas-cafeina-120-capsulas\/#breadcrumb\"},\"inLanguage\":\"en-US\",\"potentialAction\":[{\"@type\":\"ReadAction\",\"target\":[\"https:\/\/crownsportnutrition.com\/en\/producto\/capsulas-cafeina-120-capsulas\/\"]}]},{\"@type\":\"ImageObject\",\"inLanguage\":\"en-US\",\"@id\":\"https:\/\/crownsportnutrition.com\/en\/producto\/capsulas-cafeina-120-capsulas\/#primaryimage\",\"url\":\"https:\/\/crownsportnutrition.com\/wp-content\/uploads\/2021\/04\/115_Bote_120C_Caffeine_PRO_Caps_800.jpg\",\"contentUrl\":\"https:\/\/crownsportnutrition.com\/wp-content\/uploads\/2021\/04\/115_Bote_120C_Caffeine_PRO_Caps_800.jpg\",\"width\":800,\"height\":800},{\"@type\":\"BreadcrumbList\",\"@id\":\"https:\/\/crownsportnutrition.com\/en\/producto\/capsulas-cafeina-120-capsulas\/#breadcrumb\",\"itemListElement\":[{\"@type\":\"ListItem\",\"position\":1,\"name\":\"Portada\",\"item\":\"https:\/\/crownsportnutrition.com\/en\/\"},{\"@type\":\"ListItem\",\"position\":2,\"name\":\"CROWN SHOP\",\"item\":\"https:\/\/crownsportnutrition.com\/tienda\/\"},{\"@type\":\"ListItem\",\"position\":3,\"name\":\"Caffeine PRO Caps 100mg\"}]},{\"@type\":\"WebSite\",\"@id\":\"https:\/\/crownsportnutrition.com\/en\/#website\",\"url\":\"https:\/\/crownsportnutrition.com\/en\/\",\"name\":\"Crown Sport Nutrition, suplementaci\u00f3n deportiva\",\"description\":\"proteinas, recuperadores, gel energetico, barritas, bebida isotonica,[:en]Otro sitio realizado con WordPress\",\"publisher\":{\"@id\":\"https:\/\/crownsportnutrition.com\/en\/#organization\"},\"potentialAction\":[{\"@type\":\"SearchAction\",\"target\":{\"@type\":\"EntryPoint\",\"urlTemplate\":\"https:\/\/crownsportnutrition.com\/en\/?s={search_term_string}\"},\"query-input\":{\"@type\":\"PropertyValueSpecification\",\"valueRequired\":true,\"valueName\":\"search_term_string\"}}],\"inLanguage\":\"en-US\"},{\"@type\":\"Organization\",\"@id\":\"https:\/\/crownsportnutrition.com\/en\/#organization\",\"name\":\"Crown Sport Nutrition, sports supplementation\",\"alternateName\":\"Crown Sport Nutrition\",\"url\":\"https:\/\/crownsportnutrition.com\/en\/\",\"logo\":{\"@type\":\"ImageObject\",\"inLanguage\":\"en-US\",\"@id\":\"https:\/\/crownsportnutrition.com\/en\/#\/schema\/logo\/image\/\",\"url\":\"https:\/\/crownsportnutrition.com\/wp-content\/uploads\/2022\/06\/logo-CROWN-SPORT-NUTRITION1-1.png\",\"contentUrl\":\"https:\/\/crownsportnutrition.com\/wp-content\/uploads\/2022\/06\/logo-CROWN-SPORT-NUTRITION1-1.png\",\"width\":150,\"height\":58,\"caption\":\"Crown Sport Nutrition, sports supplementation\"},\"image\":{\"@id\":\"https:\/\/crownsportnutrition.com\/en\/#\/schema\/logo\/image\/\"},\"sameAs\":[\"https:\/\/www.facebook.com\/crownsportnutrition\",\"https:\/\/x.com\/crownsportnutri\",\"https:\/\/www.instagram.com\/crownsportnutrition\/\",\"https:\/\/www.linkedin.com\/company\/crownsportnutrition\"],\"description\":\"Crown Sport Nutrition es una marca espa\u00f1ola de suplementaci\u00f3n deportiva enfocada en producir solo productos con base cient\u00edfica y adem\u00e1s promover la investigaci\u00f3n cient\u00edfica mediante la publicaci\u00f3n de art\u00edculos sobre varios de sus productos en revistas cient\u00edficas de primer nivel. Se utilizan las mejores materias primas mezcladas en laboratorios punteros con las normas IFS (International Food Standard), con los mejores sabores y todo doping free. Crown Sport Nutrition es la primera empresa espa\u00f1ola en obtener la certificaci\u00f3n antidoping internacional por Informed Sport.\",\"email\":\"info@crownsportnutrition.com\",\"telephone\":\"+34 613 000 417\",\"legalName\":\"Crown Sport Nutrition\"}]}<\/script>\n<meta property=\"product:price:amount\" content=\"22.68\" \/>\n<meta property=\"product:price:currency\" content=\"EUR\" \/>\n<meta property=\"og:availability\" content=\"instock\" \/>\n<meta property=\"product:availability\" content=\"instock\" \/>\n<meta property=\"product:retailer_item_id\" content=\"115\" \/>\n<meta property=\"product:condition\" content=\"new\" \/>\n<!-- \/ Yoast SEO Premium plugin. -->","yoast_head_json":{"title":"C\u00e1psulas de Cafe\u00edna: Alto Rendimiento con Certificado Anti-Doping","description":"Mejora tu rendimiento con nuestras c\u00e1psulas de cafe\u00edna certificadas sin al\u00e9rgenos y aptas para veganos. Potencia tus entrenamientos y competiciones. \u00a1Obt\u00e9n las tuyas ahora!","robots":{"index":"index","follow":"follow","max-snippet":"max-snippet:-1","max-image-preview":"max-image-preview:large","max-video-preview":"max-video-preview:-1"},"canonical":"https:\/\/crownsportnutrition.com\/en\/producto\/capsulas-cafeina-120-capsulas\/","og_locale":"en_US","og_type":"article","og_title":"Caffeine PRO Caps 100mg","og_description":"Mejora tu rendimiento con nuestras c\u00e1psulas de cafe\u00edna certificadas sin al\u00e9rgenos y aptas para veganos. Potencia tus entrenamientos y competiciones. \u00a1Obt\u00e9n las tuyas ahora!","og_url":"https:\/\/crownsportnutrition.com\/en\/producto\/capsulas-cafeina-120-capsulas\/","og_site_name":"Crown Sport Nutrition, sports supplementation","article_publisher":"https:\/\/www.facebook.com\/crownsportnutrition","article_modified_time":"2026-04-23T10:03:22+00:00","og_image":[{"width":800,"height":800,"url":"https:\/\/crownsportnutrition.com\/wp-content\/uploads\/2021\/04\/115_Bote_120C_Caffeine_PRO_Caps_800.jpg","type":"image\/jpeg"}],"twitter_card":"summary_large_image","twitter_site":"@crownsportnutri","twitter_misc":{"Price":"22,68&euro;","Availability":"In stock"},"schema":{"@context":"https:\/\/schema.org","@graph":[{"@type":"WebPage","@id":"https:\/\/crownsportnutrition.com\/en\/producto\/capsulas-cafeina-120-capsulas\/","url":"https:\/\/crownsportnutrition.com\/en\/producto\/capsulas-cafeina-120-capsulas\/","name":"C\u00e1psulas de Cafe\u00edna: Alto Rendimiento con Certificado Anti-Doping","isPartOf":{"@id":"https:\/\/crownsportnutrition.com\/en\/#website"},"primaryImageOfPage":{"@id":"https:\/\/crownsportnutrition.com\/en\/producto\/capsulas-cafeina-120-capsulas\/#primaryimage"},"image":{"@id":"https:\/\/crownsportnutrition.com\/en\/producto\/capsulas-cafeina-120-capsulas\/#primaryimage"},"thumbnailUrl":"https:\/\/crownsportnutrition.com\/wp-content\/uploads\/2021\/04\/115_Bote_120C_Caffeine_PRO_Caps_800.jpg","datePublished":"2021-04-21T09:04:13+00:00","dateModified":"2026-04-23T10:03:22+00:00","description":"Mejora tu rendimiento con nuestras c\u00e1psulas de cafe\u00edna certificadas sin al\u00e9rgenos y aptas para veganos. Potencia tus entrenamientos y competiciones. \u00a1Obt\u00e9n las tuyas ahora!","breadcrumb":{"@id":"https:\/\/crownsportnutrition.com\/en\/producto\/capsulas-cafeina-120-capsulas\/#breadcrumb"},"inLanguage":"en-US","potentialAction":[{"@type":"ReadAction","target":["https:\/\/crownsportnutrition.com\/en\/producto\/capsulas-cafeina-120-capsulas\/"]}]},{"@type":"ImageObject","inLanguage":"en-US","@id":"https:\/\/crownsportnutrition.com\/en\/producto\/capsulas-cafeina-120-capsulas\/#primaryimage","url":"https:\/\/crownsportnutrition.com\/wp-content\/uploads\/2021\/04\/115_Bote_120C_Caffeine_PRO_Caps_800.jpg","contentUrl":"https:\/\/crownsportnutrition.com\/wp-content\/uploads\/2021\/04\/115_Bote_120C_Caffeine_PRO_Caps_800.jpg","width":800,"height":800},{"@type":"BreadcrumbList","@id":"https:\/\/crownsportnutrition.com\/en\/producto\/capsulas-cafeina-120-capsulas\/#breadcrumb","itemListElement":[{"@type":"ListItem","position":1,"name":"Portada","item":"https:\/\/crownsportnutrition.com\/en\/"},{"@type":"ListItem","position":2,"name":"CROWN SHOP","item":"https:\/\/crownsportnutrition.com\/tienda\/"},{"@type":"ListItem","position":3,"name":"Caffeine PRO Caps 100mg"}]},{"@type":"WebSite","@id":"https:\/\/crownsportnutrition.com\/en\/#website","url":"https:\/\/crownsportnutrition.com\/en\/","name":"Crown Sport Nutrition, suplementaci\u00f3n deportiva","description":"proteinas, recuperadores, gel energetico, barritas, bebida isotonica,[:en]Otro sitio realizado con WordPress","publisher":{"@id":"https:\/\/crownsportnutrition.com\/en\/#organization"},"potentialAction":[{"@type":"SearchAction","target":{"@type":"EntryPoint","urlTemplate":"https:\/\/crownsportnutrition.com\/en\/?s={search_term_string}"},"query-input":{"@type":"PropertyValueSpecification","valueRequired":true,"valueName":"search_term_string"}}],"inLanguage":"en-US"},{"@type":"Organization","@id":"https:\/\/crownsportnutrition.com\/en\/#organization","name":"Crown Sport Nutrition, sports supplementation","alternateName":"Crown Sport Nutrition","url":"https:\/\/crownsportnutrition.com\/en\/","logo":{"@type":"ImageObject","inLanguage":"en-US","@id":"https:\/\/crownsportnutrition.com\/en\/#\/schema\/logo\/image\/","url":"https:\/\/crownsportnutrition.com\/wp-content\/uploads\/2022\/06\/logo-CROWN-SPORT-NUTRITION1-1.png","contentUrl":"https:\/\/crownsportnutrition.com\/wp-content\/uploads\/2022\/06\/logo-CROWN-SPORT-NUTRITION1-1.png","width":150,"height":58,"caption":"Crown Sport Nutrition, sports supplementation"},"image":{"@id":"https:\/\/crownsportnutrition.com\/en\/#\/schema\/logo\/image\/"},"sameAs":["https:\/\/www.facebook.com\/crownsportnutrition","https:\/\/x.com\/crownsportnutri","https:\/\/www.instagram.com\/crownsportnutrition\/","https:\/\/www.linkedin.com\/company\/crownsportnutrition"],"description":"Crown Sport Nutrition es una marca espa\u00f1ola de suplementaci\u00f3n deportiva enfocada en producir solo productos con base cient\u00edfica y adem\u00e1s promover la investigaci\u00f3n cient\u00edfica mediante la publicaci\u00f3n de art\u00edculos sobre varios de sus productos en revistas cient\u00edficas de primer nivel. Se utilizan las mejores materias primas mezcladas en laboratorios punteros con las normas IFS (International Food Standard), con los mejores sabores y todo doping free. Crown Sport Nutrition es la primera empresa espa\u00f1ola en obtener la certificaci\u00f3n antidoping internacional por Informed Sport.","email":"info@crownsportnutrition.com","telephone":"+34 613 000 417","legalName":"Crown Sport Nutrition"}]},"product_price_amount":"22.68","product_price_currency":"EUR","og_availability":"instock","product_availability":"instock","product_retailer_item_id":"115","product_condition":"new"},"taxonomy_info":{"product_cat":[{"value":241,"label":"Before"},{"value":117,"label":"Crossfit"},{"value":114,"label":"Cycling"},{"value":118,"label":"Football"},{"value":222,"label":"GLUTEN FREE"},{"value":120,"label":"Gym"},{"value":794,"label":"INFORMED SPORT \u2013 BANNED SUBSTANCE TESTED"},{"value":223,"label":"LACTOSE FREE"},{"value":121,"label":"Martial Arts"},{"value":174,"label":"PERFORMANCE ENHANCERS"},{"value":793,"label":"RAW \u2013 0% artificial sweeteners"},{"value":115,"label":"Running"},{"value":176,"label":"SHOP"},{"value":119,"label":"Tennis"},{"value":116,"label":"Trail Running"},{"value":113,"label":"Triathlon"},{"value":188,"label":"VEGAN PRO LINE"},{"value":91,"label":"YOUR SPORT"}],"product_tag":[{"value":795,"label":"No artificial sweeteners"}]},"featured_image_src_large":["https:\/\/crownsportnutrition.com\/wp-content\/uploads\/2021\/04\/115_Bote_120C_Caffeine_PRO_Caps_800.jpg",800,800,false],"author_info":[],"comment_info":"","_links":{"self":[{"href":"https:\/\/crownsportnutrition.com\/en\/wp-json\/wp\/v2\/product\/78340","targetHints":{"allow":["GET"]}}],"collection":[{"href":"https:\/\/crownsportnutrition.com\/en\/wp-json\/wp\/v2\/product"}],"about":[{"href":"https:\/\/crownsportnutrition.com\/en\/wp-json\/wp\/v2\/types\/product"}],"wp:featuredmedia":[{"embeddable":true,"href":"https:\/\/crownsportnutrition.com\/en\/wp-json\/wp\/v2\/media\/95220"}],"wp:attachment":[{"href":"https:\/\/crownsportnutrition.com\/en\/wp-json\/wp\/v2\/media?parent=78340"}],"wp:term":[{"taxonomy":"product_brand","embeddable":true,"href":"https:\/\/crownsportnutrition.com\/en\/wp-json\/wp\/v2\/product_brand?post=78340"},{"taxonomy":"product_cat","embeddable":true,"href":"https:\/\/crownsportnutrition.com\/en\/wp-json\/wp\/v2\/product_cat?post=78340"},{"taxonomy":"product_tag","embeddable":true,"href":"https:\/\/crownsportnutrition.com\/en\/wp-json\/wp\/v2\/product_tag?post=78340"}],"curies":[{"name":"wp","href":"https:\/\/api.w.org\/{rel}","templated":true}]}}