{"id":80034,"date":"2021-05-17T09:23:20","date_gmt":"2021-05-17T07:23:20","guid":{"rendered":"https:\/\/crownsportnutrition.com\/?post_type=product&#038;p=80034"},"modified":"2026-04-09T23:03:23","modified_gmt":"2026-04-09T21:03:23","slug":"31-recovery-plus","status":"publish","type":"product","link":"https:\/\/crownsportnutrition.com\/en\/producto\/31-recovery-plus\/","title":{"rendered":"3:1 Recovery with Whey Isolate"},"content":{"rendered":"<p><img decoding=\"async\" src=\"https:\/\/media.crownsportnutrition.com\/img\/informed-banners\/102.5.jpg\" alt=\"Informed Sport anti-doping certification\" \/><\/p>\n<h2><strong>3:1 RECOVERY+<\/strong><\/h2>\n<p><strong>3:1 RECOVERY+<\/strong> is a high-quality muscle recovery supplement that provides all the necessary nutrients to optimize recovery in strength-endurance sports.<\/p>\n<p>Its formula is balanced to provide a 3:1 carbohydrate-to-protein ratio, considered ideal to boost both energy and muscle recovery, as well as to promote a favorable hormonal environment after training (<strong>Margolis, LM. et al., 2020<\/strong>; <strong>Kraemer, WJ. et al., 1998<\/strong>).<\/p>\n<h3><strong>3:1 RECOVERY+<\/strong> Formula<\/h3>\n<ul>\n<li><strong>Carbohydrates<\/strong>: combines dextrose and maltodextrin (1:1), two high glycemic index sources ideal for replenishing glycogen post-exercise (<strong>Mata, F. et al., 2018<\/strong>).<\/li>\n<li><strong>Proteins<\/strong>: contains only whey protein isolate (WPI), rapidly absorbed and rich in essential amino acids, ideal for post-workout muscle recovery (<strong>Wilson, J. et al., 2006<\/strong>; <strong>Zawadzki, KM. et al., 1992<\/strong>).<\/li>\n<li><strong>L-Leucine<\/strong>: added to reach the so-called \u201cleucine threshold\u201d, crucial for activating post-workout recovery systems such as protein synthesis via mTOR (<strong>Phillips, SM. et al., 2016<\/strong>).<\/li>\n<li><strong>L-Glutamine<\/strong>: helps support immune function, especially after prolonged effort (<strong>Calder, PC. et al., 1999<\/strong>; <strong>Bumrungpert, A. et al., 2018<\/strong>).<\/li>\n<li><strong>Vitamins<\/strong>: added to reach at least 15% of NRV to support recovery processes.<\/li>\n<li><strong>Minerals<\/strong>: includes sodium, potassium, magnesium and calcium to promote rehydration after exercise.<\/li>\n<\/ul>\n<p>This ingredient matrix is designed for optimal absorption and rapid delivery of nutrients to muscle cells, enabling efficient muscle recovery.<\/p>\n<p>Like all <strong>Crown Sport Nutrition<\/strong> products, it features excellent taste and digestibility.<\/p>\n<span class=\"kt-load-after-post\"><\/span>","protected":false},"excerpt":{"rendered":"<p>New energy and muscle recuperator with a 3: 1 ratio of different carbohydrates and isolated whey protein. With a plus of Leucine (3 g per serving) and vitamins and minerals. <strong>With Informed Sport anti-doping certificate (Only chocolate flavor), i<\/strong><strong>deal for endurance sports.<\/strong><\/p>\n","protected":false},"featured_media":169752,"template":"","meta":{"_kad_blocks_custom_css":"","_kad_blocks_head_custom_js":"","_kad_blocks_body_custom_js":"","_kad_blocks_footer_custom_js":"","_kadence_starter_templates_imported_post":false,"_kad_post_transparent":"default","_kad_post_title":"","_kad_post_layout":"default","_kad_post_sidebar_id":"","_kad_post_content_style":"default","_kad_post_vertical_padding":"default","_kad_post_feature":"","_kad_post_feature_position":"","_kad_post_header":false,"_kad_post_footer":false,"_kad_post_classname":""},"product_brand":[],"product_cat":[243,114,118,222,291,794,121,172,115,292,119,116,113,91],"product_tag":[239,238,237],"class_list":{"0":"post-80034","1":"product","2":"type-product","3":"status-publish","4":"has-post-thumbnail","6":"product_cat-despues","7":"product_cat-ciclismo","8":"product_cat-futbol","9":"product_cat-sin-gluten","10":"product_cat-balonmano","11":"product_cat-informed-sport-banned-substance-tested","12":"product_cat-artes-marciales","13":"product_cat-recuperacion","14":"product_cat-running","15":"product_cat-natacion","16":"product_cat-tenis","17":"product_cat-trail-running","18":"product_cat-triatlon","19":"product_cat-principales","20":"product_tag-recuperador-deporte","21":"product_tag-recuperador-energetico","22":"product_tag-recuperador-muscular","24":"first","25":"instock","26":"taxable","27":"shipping-taxable","28":"purchasable","29":"product-type-variable","30":"has-default-attributes","31":"entry","32":"content-bg","33":"loop-entry"},"yoast_head":"<!-- This site is optimized with the Yoast SEO Premium plugin v27.2 (Yoast SEO v27.2) - https:\/\/yoast.com\/product\/yoast-seo-premium-wordpress\/ -->\n<title>Recuperador Muscular: 3:1 Recovery+<\/title>\n<meta name=\"description\" content=\"3:1 Recovery+, el recuperador muscular para deportes de resistencia. Mejora tu recuperaci\u00f3n con su mezcla equilibrada de carbohidratos y prote\u00ednas.\" \/>\n<meta name=\"robots\" content=\"index, follow, max-snippet:-1, max-image-preview:large, max-video-preview:-1\" \/>\n<link rel=\"canonical\" href=\"https:\/\/crownsportnutrition.com\/en\/producto\/31-recovery-plus\/\" \/>\n<meta property=\"og:locale\" content=\"en_US\" \/>\n<meta property=\"og:type\" content=\"article\" \/>\n<meta property=\"og:title\" content=\"3:1 Recovery with Whey Isolate\" \/>\n<meta property=\"og:description\" content=\"3:1 Recovery+, el recuperador muscular para deportes de resistencia. Mejora tu recuperaci\u00f3n con su mezcla equilibrada de carbohidratos y prote\u00ednas.\" \/>\n<meta property=\"og:url\" content=\"https:\/\/crownsportnutrition.com\/en\/producto\/31-recovery-plus\/\" \/>\n<meta property=\"og:site_name\" content=\"Crown Sport Nutrition, sports supplementation\" \/>\n<meta property=\"article:publisher\" content=\"https:\/\/www.facebook.com\/crownsportnutrition\" \/>\n<meta property=\"article:modified_time\" content=\"2026-04-09T21:03:23+00:00\" \/>\n<meta property=\"og:image\" content=\"https:\/\/crownsportnutrition.com\/wp-content\/uploads\/2024\/05\/2047.jpg\" \/>\n\t<meta property=\"og:image:width\" content=\"1500\" \/>\n\t<meta property=\"og:image:height\" content=\"1500\" \/>\n\t<meta property=\"og:image:type\" content=\"image\/jpeg\" \/>\n<meta name=\"twitter:card\" content=\"summary_large_image\" \/>\n<meta name=\"twitter:site\" content=\"@crownsportnutri\" \/>\n<meta name=\"twitter:label1\" content=\"Availability\" \/>\n\t<meta name=\"twitter:data1\" content=\"In stock\" \/>\n<script type=\"application\/ld+json\" class=\"yoast-schema-graph\">{\"@context\":\"https:\/\/schema.org\",\"@graph\":[{\"@type\":\"WebPage\",\"@id\":\"https:\/\/crownsportnutrition.com\/en\/producto\/31-recovery-plus\/\",\"url\":\"https:\/\/crownsportnutrition.com\/en\/producto\/31-recovery-plus\/\",\"name\":\"Recuperador Muscular: 3:1 Recovery+\",\"isPartOf\":{\"@id\":\"https:\/\/crownsportnutrition.com\/en\/#website\"},\"primaryImageOfPage\":{\"@id\":\"https:\/\/crownsportnutrition.com\/en\/producto\/31-recovery-plus\/#primaryimage\"},\"image\":{\"@id\":\"https:\/\/crownsportnutrition.com\/en\/producto\/31-recovery-plus\/#primaryimage\"},\"thumbnailUrl\":\"https:\/\/crownsportnutrition.com\/wp-content\/uploads\/2024\/05\/2047.jpg\",\"datePublished\":\"2021-05-17T07:23:20+00:00\",\"dateModified\":\"2026-04-09T21:03:23+00:00\",\"description\":\"3:1 Recovery+, el recuperador muscular para deportes de resistencia. Mejora tu recuperaci\u00f3n con su mezcla equilibrada de carbohidratos y prote\u00ednas.\",\"breadcrumb\":{\"@id\":\"https:\/\/crownsportnutrition.com\/en\/producto\/31-recovery-plus\/#breadcrumb\"},\"inLanguage\":\"en-US\",\"potentialAction\":[{\"@type\":\"ReadAction\",\"target\":[\"https:\/\/crownsportnutrition.com\/en\/producto\/31-recovery-plus\/\"]}]},{\"@type\":\"ImageObject\",\"inLanguage\":\"en-US\",\"@id\":\"https:\/\/crownsportnutrition.com\/en\/producto\/31-recovery-plus\/#primaryimage\",\"url\":\"https:\/\/crownsportnutrition.com\/wp-content\/uploads\/2024\/05\/2047.jpg\",\"contentUrl\":\"https:\/\/crownsportnutrition.com\/wp-content\/uploads\/2024\/05\/2047.jpg\",\"width\":1500,\"height\":1500,\"caption\":\"imagen Recovery+ 3:1\"},{\"@type\":\"BreadcrumbList\",\"@id\":\"https:\/\/crownsportnutrition.com\/en\/producto\/31-recovery-plus\/#breadcrumb\",\"itemListElement\":[{\"@type\":\"ListItem\",\"position\":1,\"name\":\"Portada\",\"item\":\"https:\/\/crownsportnutrition.com\/en\/\"},{\"@type\":\"ListItem\",\"position\":2,\"name\":\"CROWN SHOP\",\"item\":\"https:\/\/crownsportnutrition.com\/tienda\/\"},{\"@type\":\"ListItem\",\"position\":3,\"name\":\"3:1 Recovery with Whey Isolate\"}]},{\"@type\":\"WebSite\",\"@id\":\"https:\/\/crownsportnutrition.com\/en\/#website\",\"url\":\"https:\/\/crownsportnutrition.com\/en\/\",\"name\":\"Crown Sport Nutrition, suplementaci\u00f3n deportiva\",\"description\":\"proteinas, recuperadores, gel energetico, barritas, bebida isotonica,[:en]Otro sitio realizado con WordPress\",\"publisher\":{\"@id\":\"https:\/\/crownsportnutrition.com\/en\/#organization\"},\"potentialAction\":[{\"@type\":\"SearchAction\",\"target\":{\"@type\":\"EntryPoint\",\"urlTemplate\":\"https:\/\/crownsportnutrition.com\/en\/?s={search_term_string}\"},\"query-input\":{\"@type\":\"PropertyValueSpecification\",\"valueRequired\":true,\"valueName\":\"search_term_string\"}}],\"inLanguage\":\"en-US\"},{\"@type\":\"Organization\",\"@id\":\"https:\/\/crownsportnutrition.com\/en\/#organization\",\"name\":\"Crown Sport Nutrition, sports supplementation\",\"alternateName\":\"Crown Sport Nutrition\",\"url\":\"https:\/\/crownsportnutrition.com\/en\/\",\"logo\":{\"@type\":\"ImageObject\",\"inLanguage\":\"en-US\",\"@id\":\"https:\/\/crownsportnutrition.com\/en\/#\/schema\/logo\/image\/\",\"url\":\"https:\/\/crownsportnutrition.com\/wp-content\/uploads\/2022\/06\/logo-CROWN-SPORT-NUTRITION1-1.png\",\"contentUrl\":\"https:\/\/crownsportnutrition.com\/wp-content\/uploads\/2022\/06\/logo-CROWN-SPORT-NUTRITION1-1.png\",\"width\":150,\"height\":58,\"caption\":\"Crown Sport Nutrition, sports supplementation\"},\"image\":{\"@id\":\"https:\/\/crownsportnutrition.com\/en\/#\/schema\/logo\/image\/\"},\"sameAs\":[\"https:\/\/www.facebook.com\/crownsportnutrition\",\"https:\/\/x.com\/crownsportnutri\",\"https:\/\/www.instagram.com\/crownsportnutrition\/\",\"https:\/\/www.linkedin.com\/company\/crownsportnutrition\"],\"description\":\"Crown Sport Nutrition es una marca espa\u00f1ola de suplementaci\u00f3n deportiva enfocada en producir solo productos con base cient\u00edfica y adem\u00e1s promover la investigaci\u00f3n cient\u00edfica mediante la publicaci\u00f3n de art\u00edculos sobre varios de sus productos en revistas cient\u00edficas de primer nivel. Se utilizan las mejores materias primas mezcladas en laboratorios punteros con las normas IFS (International Food Standard), con los mejores sabores y todo doping free. Crown Sport Nutrition es la primera empresa espa\u00f1ola en obtener la certificaci\u00f3n antidoping internacional por Informed Sport.\",\"email\":\"info@crownsportnutrition.com\",\"telephone\":\"+34 613 000 417\",\"legalName\":\"Crown Sport Nutrition\"}]}<\/script>\n<meta property=\"og:availability\" content=\"instock\" \/>\n<meta property=\"product:availability\" content=\"instock\" \/>\n<meta property=\"product:retailer_item_id\" content=\"102.9.M\" \/>\n<meta property=\"product:condition\" content=\"new\" \/>\n<!-- \/ Yoast SEO Premium plugin. -->","yoast_head_json":{"title":"Recuperador Muscular: 3:1 Recovery+","description":"3:1 Recovery+, el recuperador muscular para deportes de resistencia. Mejora tu recuperaci\u00f3n con su mezcla equilibrada de carbohidratos y prote\u00ednas.","robots":{"index":"index","follow":"follow","max-snippet":"max-snippet:-1","max-image-preview":"max-image-preview:large","max-video-preview":"max-video-preview:-1"},"canonical":"https:\/\/crownsportnutrition.com\/en\/producto\/31-recovery-plus\/","og_locale":"en_US","og_type":"article","og_title":"3:1 Recovery with Whey Isolate","og_description":"3:1 Recovery+, el recuperador muscular para deportes de resistencia. Mejora tu recuperaci\u00f3n con su mezcla equilibrada de carbohidratos y prote\u00ednas.","og_url":"https:\/\/crownsportnutrition.com\/en\/producto\/31-recovery-plus\/","og_site_name":"Crown Sport Nutrition, sports supplementation","article_publisher":"https:\/\/www.facebook.com\/crownsportnutrition","article_modified_time":"2026-04-09T21:03:23+00:00","og_image":[{"width":1500,"height":1500,"url":"https:\/\/crownsportnutrition.com\/wp-content\/uploads\/2024\/05\/2047.jpg","type":"image\/jpeg"}],"twitter_card":"summary_large_image","twitter_site":"@crownsportnutri","twitter_misc":{"Availability":"In stock"},"schema":{"@context":"https:\/\/schema.org","@graph":[{"@type":"WebPage","@id":"https:\/\/crownsportnutrition.com\/en\/producto\/31-recovery-plus\/","url":"https:\/\/crownsportnutrition.com\/en\/producto\/31-recovery-plus\/","name":"Recuperador Muscular: 3:1 Recovery+","isPartOf":{"@id":"https:\/\/crownsportnutrition.com\/en\/#website"},"primaryImageOfPage":{"@id":"https:\/\/crownsportnutrition.com\/en\/producto\/31-recovery-plus\/#primaryimage"},"image":{"@id":"https:\/\/crownsportnutrition.com\/en\/producto\/31-recovery-plus\/#primaryimage"},"thumbnailUrl":"https:\/\/crownsportnutrition.com\/wp-content\/uploads\/2024\/05\/2047.jpg","datePublished":"2021-05-17T07:23:20+00:00","dateModified":"2026-04-09T21:03:23+00:00","description":"3:1 Recovery+, el recuperador muscular para deportes de resistencia. Mejora tu recuperaci\u00f3n con su mezcla equilibrada de carbohidratos y prote\u00ednas.","breadcrumb":{"@id":"https:\/\/crownsportnutrition.com\/en\/producto\/31-recovery-plus\/#breadcrumb"},"inLanguage":"en-US","potentialAction":[{"@type":"ReadAction","target":["https:\/\/crownsportnutrition.com\/en\/producto\/31-recovery-plus\/"]}]},{"@type":"ImageObject","inLanguage":"en-US","@id":"https:\/\/crownsportnutrition.com\/en\/producto\/31-recovery-plus\/#primaryimage","url":"https:\/\/crownsportnutrition.com\/wp-content\/uploads\/2024\/05\/2047.jpg","contentUrl":"https:\/\/crownsportnutrition.com\/wp-content\/uploads\/2024\/05\/2047.jpg","width":1500,"height":1500,"caption":"imagen Recovery+ 3:1"},{"@type":"BreadcrumbList","@id":"https:\/\/crownsportnutrition.com\/en\/producto\/31-recovery-plus\/#breadcrumb","itemListElement":[{"@type":"ListItem","position":1,"name":"Portada","item":"https:\/\/crownsportnutrition.com\/en\/"},{"@type":"ListItem","position":2,"name":"CROWN SHOP","item":"https:\/\/crownsportnutrition.com\/tienda\/"},{"@type":"ListItem","position":3,"name":"3:1 Recovery with Whey Isolate"}]},{"@type":"WebSite","@id":"https:\/\/crownsportnutrition.com\/en\/#website","url":"https:\/\/crownsportnutrition.com\/en\/","name":"Crown Sport Nutrition, suplementaci\u00f3n deportiva","description":"proteinas, recuperadores, gel energetico, barritas, bebida isotonica,[:en]Otro sitio realizado con WordPress","publisher":{"@id":"https:\/\/crownsportnutrition.com\/en\/#organization"},"potentialAction":[{"@type":"SearchAction","target":{"@type":"EntryPoint","urlTemplate":"https:\/\/crownsportnutrition.com\/en\/?s={search_term_string}"},"query-input":{"@type":"PropertyValueSpecification","valueRequired":true,"valueName":"search_term_string"}}],"inLanguage":"en-US"},{"@type":"Organization","@id":"https:\/\/crownsportnutrition.com\/en\/#organization","name":"Crown Sport Nutrition, sports supplementation","alternateName":"Crown Sport Nutrition","url":"https:\/\/crownsportnutrition.com\/en\/","logo":{"@type":"ImageObject","inLanguage":"en-US","@id":"https:\/\/crownsportnutrition.com\/en\/#\/schema\/logo\/image\/","url":"https:\/\/crownsportnutrition.com\/wp-content\/uploads\/2022\/06\/logo-CROWN-SPORT-NUTRITION1-1.png","contentUrl":"https:\/\/crownsportnutrition.com\/wp-content\/uploads\/2022\/06\/logo-CROWN-SPORT-NUTRITION1-1.png","width":150,"height":58,"caption":"Crown Sport Nutrition, sports supplementation"},"image":{"@id":"https:\/\/crownsportnutrition.com\/en\/#\/schema\/logo\/image\/"},"sameAs":["https:\/\/www.facebook.com\/crownsportnutrition","https:\/\/x.com\/crownsportnutri","https:\/\/www.instagram.com\/crownsportnutrition\/","https:\/\/www.linkedin.com\/company\/crownsportnutrition"],"description":"Crown Sport Nutrition es una marca espa\u00f1ola de suplementaci\u00f3n deportiva enfocada en producir solo productos con base cient\u00edfica y adem\u00e1s promover la investigaci\u00f3n cient\u00edfica mediante la publicaci\u00f3n de art\u00edculos sobre varios de sus productos en revistas cient\u00edficas de primer nivel. Se utilizan las mejores materias primas mezcladas en laboratorios punteros con las normas IFS (International Food Standard), con los mejores sabores y todo doping free. Crown Sport Nutrition es la primera empresa espa\u00f1ola en obtener la certificaci\u00f3n antidoping internacional por Informed Sport.","email":"info@crownsportnutrition.com","telephone":"+34 613 000 417","legalName":"Crown Sport Nutrition"}]},"og_availability":"instock","product_availability":"instock","product_retailer_item_id":"102.9.M","product_condition":"new"},"taxonomy_info":{"product_cat":[{"value":243,"label":"After"},{"value":114,"label":"Cycling"},{"value":118,"label":"Football"},{"value":222,"label":"GLUTEN FREE"},{"value":291,"label":"Handball"},{"value":794,"label":"INFORMED SPORT \u2013 BANNED SUBSTANCE TESTED"},{"value":121,"label":"Martial Arts"},{"value":172,"label":"RECOVERY"},{"value":115,"label":"Running"},{"value":292,"label":"Swimming"},{"value":119,"label":"Tennis"},{"value":116,"label":"Trail Running"},{"value":113,"label":"Triathlon"},{"value":91,"label":"YOUR SPORT"}],"product_tag":[{"value":239,"label":"recuperador deporte"},{"value":238,"label":"recuperador energ\u00e9tico"},{"value":237,"label":"recuperador muscular"}]},"featured_image_src_large":["https:\/\/crownsportnutrition.com\/wp-content\/uploads\/2024\/05\/2047-1024x1024.jpg",1024,1024,true],"author_info":[],"comment_info":"","_links":{"self":[{"href":"https:\/\/crownsportnutrition.com\/en\/wp-json\/wp\/v2\/product\/80034","targetHints":{"allow":["GET"]}}],"collection":[{"href":"https:\/\/crownsportnutrition.com\/en\/wp-json\/wp\/v2\/product"}],"about":[{"href":"https:\/\/crownsportnutrition.com\/en\/wp-json\/wp\/v2\/types\/product"}],"wp:featuredmedia":[{"embeddable":true,"href":"https:\/\/crownsportnutrition.com\/en\/wp-json\/wp\/v2\/media\/169752"}],"wp:attachment":[{"href":"https:\/\/crownsportnutrition.com\/en\/wp-json\/wp\/v2\/media?parent=80034"}],"wp:term":[{"taxonomy":"product_brand","embeddable":true,"href":"https:\/\/crownsportnutrition.com\/en\/wp-json\/wp\/v2\/product_brand?post=80034"},{"taxonomy":"product_cat","embeddable":true,"href":"https:\/\/crownsportnutrition.com\/en\/wp-json\/wp\/v2\/product_cat?post=80034"},{"taxonomy":"product_tag","embeddable":true,"href":"https:\/\/crownsportnutrition.com\/en\/wp-json\/wp\/v2\/product_tag?post=80034"}],"curies":[{"name":"wp","href":"https:\/\/api.w.org\/{rel}","templated":true}]}}