{"id":85196,"date":"2021-08-26T21:41:04","date_gmt":"2021-08-26T19:41:04","guid":{"rendered":"https:\/\/crownsportnutrition.com\/?post_type=product&#038;p=85196"},"modified":"2026-04-23T12:03:05","modified_gmt":"2026-04-23T10:03:05","slug":"pack-mega-endurance-tester","status":"publish","type":"product","link":"https:\/\/crownsportnutrition.com\/en\/producto\/pack-mega-endurance-tester\/","title":{"rendered":"Megapack Endurance Tester 3.0"},"content":{"rendered":"<h4>WHY CROWN SPORT NUTRITION? (41 SEC)?<\/h4>\n<div>\n<div class=\"entry-content-asset videofit\"><iframe loading=\"lazy\" title=\"Crown Sport Nutrition - Especialistas en alto rendimiento\" width=\"720\" height=\"405\" src=\"https:\/\/www.youtube.com\/embed\/sq74T_oZICw?feature=oembed&#038;enablejsapi=1&#038;origin=https:\/\/crownsportnutrition.com\" frameborder=\"0\" allow=\"accelerometer; autoplay; clipboard-write; encrypted-media; gyroscope; picture-in-picture; web-share\" referrerpolicy=\"strict-origin-when-cross-origin\" allowfullscreen><\/iframe><\/div>\n<\/div>\n<div>\n<p>The Megapack endurance tester consists of:<\/p>\n<ul>\n<li><strong>1 550 ml or 750ml<\/strong> <strong>Elite training bottle<\/strong> To hydrate during your sessions in a simple and optimal way. You can also choose<strong> a\u00a0<a href=\"https:\/\/crownsportnutrition.com\/producto\/shaker-alta-calidad-indicado-para-el-recovery-proteinas-etc\/\" target=\"_blank\" rel=\"noreferrer noopener\">Shaker PRO 600 ml<\/a><\/strong>\u00a0to mix your protein or recovery.<\/li>\n<li><strong>4\u00a0<a href=\"https:\/\/crownsportnutrition.com\/en\/producto\/energygel\/\" target=\"_blank\" rel=\"noreferrer noopener\">Energy Gel (red fruits with caffeine, cola with caffeine, lemon, orange):<\/a><\/strong>\u00a0Perfect combo of carbohydrates (energy), amino acids and mineral salts, which help delay the onset of fatigue. In addition, in the <strong>caffeinated versions<\/strong>, we improve alertness, decision-making and muscle contraction.\u00a0To be taken during physical activity.<\/li>\n<li><strong>6 Energy Bar of different flavors\u00a0(<a href=\"https:\/\/crownsportnutrition.com\/en\/producto\/energy-bar\/\" target=\"_blank\" rel=\"noreferrer noopener\">double chocolate, white chocolate banana, yogurt, salted chocolate<\/a>\u00a0and\u00a0<a href=\"https:\/\/crownsportnutrition.com\/producto\/energy-bar-vegan\/\">vegan salted peanut , vegan strawberry<\/a>):<\/strong>\u00a0Source of carbohydrates (energy) and mineral salts (in the salty versions).\u00a0<em>Ideal to take during sports. You can also use them for breakfast or pre-workout or competition food.<\/em><\/li>\n<li><strong>3 bars of\u00a0<a href=\"https:\/\/crownsportnutrition.com\/en\/producto\/energy-gum-bar\/\" target=\"_blank\" rel=\"noreferrer noopener\">Energy Gum Bar<\/a>\u00a0(1x caffeinated red fruits, 1x caffeinated cola and 1x orange):<\/strong>\u00a0Energy bar with gummy texture. Contains 23 g of different types of carbohydrates and electrolytes to aid hydration. It is the adaptation of our\u00a0<strong>Energy Gel + Caffeine to the gummy bar format,<\/strong> 30 g of magnificent texture of easy chewing that will not be difficult for you to swallow, thus avoiding gastrointestinal problems.\u00a0<em> To take during physical activity.<\/em><\/li>\n<li><strong>2 sachets of\u00a0<a href=\"https:\/\/crownsportnutrition.com\/en\/producto\/recovery-3-1-plus-recuperador\/\" target=\"_blank\" rel=\"noreferrer noopener\">3:1 Recovery+<\/a>\u00a0(1x Chocolate, 1x Red Fruits):<\/strong>\u00a0A 3:1 ratio of different carbohydrates and isolated whey protein. With a plus of leucine, glutamine and vitamins and minerals and Informed Sport anti-doping certification.\u00a0<em>To be taken after physical activity.<\/em><\/li>\n<li><strong>1 sachet of\u00a0<a href=\"https:\/\/crownsportnutrition.com\/en\/producto\/31-pro-recovery-2\/\" target=\"_blank\" rel=\"noreferrer noopener\">3:1 PRO Recovery ST<\/a>\u00a0(Vanilla):<\/strong>\u00a0It is a professional recuperator with a published scientific study and Informed Sport anti-doping certification.\u00a0To be taken after physical activity.<\/li>\n<li><strong>2 sachets of\u00a0<a href=\"https:\/\/crownsportnutrition.com\/en\/producto\/pre-workout-pro-st\/\" target=\"_blank\" rel=\"noreferrer noopener\">Pre Workout PRO ST<\/a>\u00a0(1x Citrus, 1x Blue Storm):<\/strong>\u00a0It is a concentrated pre-workout powder of the highest quality with a perfectly balanced composition and <strong> Scientifically proven by the <em>University of Greenwich<\/em><\/strong> that it provides all the necessary nutrients to boost your training and competitions, both in strength and endurance.<\/li>\n<li><strong>1 sachet of\u00a0<a href=\"https:\/\/crownsportnutrition.com\/en\/producto\/creatine-monohydrate\/\" target=\"_blank\" rel=\"noreferrer noopener\">Creatine Monohydrate Creapure\u00ae<\/a>\u00a0(Neutral):<\/strong>\u00a0is creatine monohydrate which has been scientifically proven to be the most effective of the existing creatines. The brand Creapure\u00ae\u00a0created by the company\u00a0<em>AlzChem Trostberg GmbH<\/em>\u00a0is established as the best and purest.<\/li>\n<li><strong>3 sachets of\u00a0<a href=\"https:\/\/crownsportnutrition.com\/en\/producto\/isodrink-energy\/\" target=\"_blank\" rel=\"noreferrer noopener\">Isodrink &amp; Energy<\/a>\u00a0(1x Orange, 1x Red Fruits, 1x Lemon):<\/strong>\u00a0It is a powdered sports drink of the highest quality and with a premium composition that provides all the necessary ingredients not only for maintain but to improve performance in your training and competitions.\u00a0To be taken during physical activity, it provides energy and hydration.<\/li>\n<\/ul>\n<p>Summary 8 products and their variants:<\/p>\n<ul>\n<li>4 x 40 g\u00a0<strong>Energy Gel<\/strong>:\n<ul style=\"list-style-type: none;\">\n<li>1 x Caffeinated Cola<\/li>\n<li>1 x Lemon<\/li>\n<li>1 x Orange<\/li>\n<li>1 x Red Fruits<\/li>\n<\/ul>\n<\/li>\n<li>4 x 60 g\u00a0<strong>Energy Bar<\/strong>:\n<ul style=\"list-style-type: none;\">\n<li>1 x Salted Chocolate<\/li>\n<li>1 x Double Chocolate<\/li>\n<li>1 x Banana\u00a0&amp;\u00a0White Chocolate<\/li>\n<li>1 x Yogurt<\/li>\n<\/ul>\n<\/li>\n<li>2 x 60 g\u00a0<strong>Energy Vegan Bar<\/strong>:\n<ul style=\"list-style-type: none;\">\n<li>1 x Strawberry<\/li>\n<li>1 x Salted Peanut<\/li>\n<\/ul>\n<\/li>\n<li>3 x 32 g\u00a0<strong>Isodrink\u00a0&amp;\u00a0Energy<\/strong>:\n<ul style=\"list-style-type: none;\">\n<li>1 x Lemon<\/li>\n<li>1 x Red Fruits<\/li>\n<li>1 x Orange<\/li>\n<\/ul>\n<\/li>\n<li>1 x 50 g\u00a0<strong>3:1 PRO Recovery ST<\/strong>\u00a0Vanilla<\/li>\n<li>2 x 50 g\u00a0<strong>3:1 Recovery+<\/strong>:\n<ul style=\"list-style-type: none;\">\n<li>1 x Chocolate<\/li>\n<li>1 x Red Fruits<\/li>\n<\/ul>\n<\/li>\n<li>3 x 30 g\u00a0<strong>Energy Gum Bar<\/strong>:\n<ul style=\"list-style-type: none;\">\n<li>1 x Caffeinated Cola<\/li>\n<li>1 x Red Fruits with Caffeine<\/li>\n<li>1 x Orange Caffeine Free<\/li>\n<\/ul>\n<\/li>\n<li>2 x 15 g\u00a0<strong>Pre Workout PRO ST<\/strong>:\n<ul style=\"list-style-type: none;\">\n<li>1 x Citric<\/li>\n<li>1 x Blue Storm<\/li>\n<\/ul>\n<\/li>\n<li>1 x 5 g\u00a0<strong>Creatine Monohydrate Creapure\u00ae<\/strong> Neutral<\/li>\n<li>1 x <strong>Elite training bottle of<\/strong> <strong>550 ml or 750ml bottle<\/strong> or <strong>600 ml Shaker PRO<\/strong><\/li>\n<\/ul>\n<\/div>\n<span class=\"kt-load-after-post\"><\/span>","protected":false},"excerpt":{"rendered":"<p>Tasting pack with the 23 most important Crown Sport Nutrition products for endurance athletes, designed to meet all your energy, hydration, and recovery needs before, during, and after training.<\/p>\n<p>Mainly aimed at endurance athletes (triathlon, MTB, cycling, trail running, marathon, etc.) who want to try all our products for the first time without having to buy a full box or tub \u2014 and at an exceptional price.<\/p>\n<p>You can choose it with an ELITE Training Bottle (550 or 750 ml) or a 600 ml Shaker PRO.<\/p>\n","protected":false},"featured_media":218662,"template":"","meta":{"_kad_blocks_custom_css":"","_kad_blocks_head_custom_js":"","_kad_blocks_body_custom_js":"","_kad_blocks_footer_custom_js":"","_kadence_starter_templates_imported_post":false,"_kad_post_transparent":"default","_kad_post_title":"","_kad_post_layout":"default","_kad_post_sidebar_id":"","_kad_post_content_style":"default","_kad_post_vertical_padding":"default","_kad_post_feature":"","_kad_post_feature_position":"","_kad_post_header":false,"_kad_post_footer":false,"_kad_post_classname":""},"product_brand":[],"product_cat":[171,191,91],"product_tag":[157,156,155,151,158,160,159],"class_list":{"0":"post-85196","1":"product","2":"type-product","3":"status-publish","4":"has-post-thumbnail","6":"product_cat-hidratacion-y-energia-2","7":"product_cat-crown-packs","8":"product_cat-principales","9":"product_tag-barrita","10":"product_tag-barritas","11":"product_tag-gel","12":"product_tag-geles","13":"product_tag-isotonico","14":"product_tag-recovery","15":"product_tag-sobre","17":"first","18":"instock","19":"sale","20":"taxable","21":"shipping-taxable","22":"purchasable","23":"product-type-variable","24":"has-default-attributes","25":"entry","26":"content-bg","27":"loop-entry"},"yoast_head":"<!-- This site is optimized with the Yoast SEO Premium plugin v27.2 (Yoast SEO v27.2) - https:\/\/yoast.com\/product\/yoast-seo-premium-wordpress\/ -->\n<title>Megapack Endurance Tester 3.0 - Crown Sport Nutrition, sports supplementation<\/title>\n<meta name=\"description\" content=\"Tasting pack with the 23 most important Crown Sport Nutrition products for endurance athletes, designed to meet all your energy, hydration, and recovery needs before, during, and after training.  Mainly aimed at endurance athletes (triathlon, MTB, cycling, trail running, marathon, etc.) who want to try all our products for the first time without having to buy a full box or tub \u2014 and at an exceptional price.  You can choose it with an ELITE Training Bottle (550 or 750 ml) or a 600 ml Shaker PRO.\" \/>\n<meta name=\"robots\" content=\"index, follow, max-snippet:-1, max-image-preview:large, max-video-preview:-1\" \/>\n<link rel=\"canonical\" href=\"https:\/\/crownsportnutrition.com\/en\/producto\/pack-mega-endurance-tester\/\" \/>\n<meta property=\"og:locale\" content=\"en_US\" \/>\n<meta property=\"og:type\" content=\"article\" \/>\n<meta property=\"og:title\" content=\"Megapack Endurance Tester 3.0\" \/>\n<meta property=\"og:description\" content=\"Tasting pack with the 23 most important Crown Sport Nutrition products for endurance athletes, designed to meet all your energy, hydration, and recovery needs before, during, and after training.  Mainly aimed at endurance athletes (triathlon, MTB, cycling, trail running, marathon, etc.) who want to try all our products for the first time without having to buy a full box or tub \u2014 and at an exceptional price.  You can choose it with an ELITE Training Bottle (550 or 750 ml) or a 600 ml Shaker PRO.\" \/>\n<meta property=\"og:url\" content=\"https:\/\/crownsportnutrition.com\/en\/producto\/pack-mega-endurance-tester\/\" \/>\n<meta property=\"og:site_name\" content=\"Crown Sport Nutrition, sports supplementation\" \/>\n<meta property=\"article:publisher\" content=\"https:\/\/www.facebook.com\/crownsportnutrition\" \/>\n<meta property=\"article:modified_time\" content=\"2026-04-23T10:03:05+00:00\" \/>\n<meta property=\"og:image\" content=\"https:\/\/crownsportnutrition.com\/wp-content\/uploads\/2021\/08\/megapack_endurance_tester_750.jpg\" \/>\n\t<meta property=\"og:image:width\" content=\"1500\" \/>\n\t<meta property=\"og:image:height\" content=\"1500\" \/>\n\t<meta property=\"og:image:type\" content=\"image\/jpeg\" \/>\n<meta name=\"twitter:card\" content=\"summary_large_image\" \/>\n<meta name=\"twitter:site\" content=\"@crownsportnutri\" \/>\n<meta name=\"twitter:label1\" content=\"Availability\" \/>\n\t<meta name=\"twitter:data1\" content=\"In stock\" \/>\n<script type=\"application\/ld+json\" class=\"yoast-schema-graph\">{\"@context\":\"https:\/\/schema.org\",\"@graph\":[{\"@type\":\"WebPage\",\"@id\":\"https:\/\/crownsportnutrition.com\/en\/producto\/pack-mega-endurance-tester\/\",\"url\":\"https:\/\/crownsportnutrition.com\/en\/producto\/pack-mega-endurance-tester\/\",\"name\":\"Megapack Endurance Tester 3.0 - Crown Sport Nutrition, sports supplementation\",\"isPartOf\":{\"@id\":\"https:\/\/crownsportnutrition.com\/en\/#website\"},\"primaryImageOfPage\":{\"@id\":\"https:\/\/crownsportnutrition.com\/en\/producto\/pack-mega-endurance-tester\/#primaryimage\"},\"image\":{\"@id\":\"https:\/\/crownsportnutrition.com\/en\/producto\/pack-mega-endurance-tester\/#primaryimage\"},\"thumbnailUrl\":\"https:\/\/crownsportnutrition.com\/wp-content\/uploads\/2021\/08\/megapack_endurance_tester_750.jpg\",\"datePublished\":\"2021-08-26T19:41:04+00:00\",\"dateModified\":\"2026-04-23T10:03:05+00:00\",\"description\":\"Tasting pack with the 23 most important Crown Sport Nutrition products for endurance athletes, designed to meet all your energy, hydration, and recovery needs before, during, and after training. Mainly aimed at endurance athletes (triathlon, MTB, cycling, trail running, marathon, etc.) who want to try all our products for the first time without having to buy a full box or tub \u2014 and at an exceptional price. You can choose it with an ELITE Training Bottle (550 or 750 ml) or a 600 ml Shaker PRO.\",\"breadcrumb\":{\"@id\":\"https:\/\/crownsportnutrition.com\/en\/producto\/pack-mega-endurance-tester\/#breadcrumb\"},\"inLanguage\":\"en-US\",\"potentialAction\":[{\"@type\":\"ReadAction\",\"target\":[\"https:\/\/crownsportnutrition.com\/en\/producto\/pack-mega-endurance-tester\/\"]}]},{\"@type\":\"ImageObject\",\"inLanguage\":\"en-US\",\"@id\":\"https:\/\/crownsportnutrition.com\/en\/producto\/pack-mega-endurance-tester\/#primaryimage\",\"url\":\"https:\/\/crownsportnutrition.com\/wp-content\/uploads\/2021\/08\/megapack_endurance_tester_750.jpg\",\"contentUrl\":\"https:\/\/crownsportnutrition.com\/wp-content\/uploads\/2021\/08\/megapack_endurance_tester_750.jpg\",\"width\":1500,\"height\":1500},{\"@type\":\"BreadcrumbList\",\"@id\":\"https:\/\/crownsportnutrition.com\/en\/producto\/pack-mega-endurance-tester\/#breadcrumb\",\"itemListElement\":[{\"@type\":\"ListItem\",\"position\":1,\"name\":\"Portada\",\"item\":\"https:\/\/crownsportnutrition.com\/en\/\"},{\"@type\":\"ListItem\",\"position\":2,\"name\":\"CROWN SHOP\",\"item\":\"https:\/\/crownsportnutrition.com\/tienda\/\"},{\"@type\":\"ListItem\",\"position\":3,\"name\":\"Megapack Endurance Tester 3.0\"}]},{\"@type\":\"WebSite\",\"@id\":\"https:\/\/crownsportnutrition.com\/en\/#website\",\"url\":\"https:\/\/crownsportnutrition.com\/en\/\",\"name\":\"Crown Sport Nutrition, suplementaci\u00f3n deportiva\",\"description\":\"proteinas, recuperadores, gel energetico, barritas, bebida isotonica,[:en]Otro sitio realizado con WordPress\",\"publisher\":{\"@id\":\"https:\/\/crownsportnutrition.com\/en\/#organization\"},\"potentialAction\":[{\"@type\":\"SearchAction\",\"target\":{\"@type\":\"EntryPoint\",\"urlTemplate\":\"https:\/\/crownsportnutrition.com\/en\/?s={search_term_string}\"},\"query-input\":{\"@type\":\"PropertyValueSpecification\",\"valueRequired\":true,\"valueName\":\"search_term_string\"}}],\"inLanguage\":\"en-US\"},{\"@type\":\"Organization\",\"@id\":\"https:\/\/crownsportnutrition.com\/en\/#organization\",\"name\":\"Crown Sport Nutrition, sports supplementation\",\"alternateName\":\"Crown Sport Nutrition\",\"url\":\"https:\/\/crownsportnutrition.com\/en\/\",\"logo\":{\"@type\":\"ImageObject\",\"inLanguage\":\"en-US\",\"@id\":\"https:\/\/crownsportnutrition.com\/en\/#\/schema\/logo\/image\/\",\"url\":\"https:\/\/crownsportnutrition.com\/wp-content\/uploads\/2022\/06\/logo-CROWN-SPORT-NUTRITION1-1.png\",\"contentUrl\":\"https:\/\/crownsportnutrition.com\/wp-content\/uploads\/2022\/06\/logo-CROWN-SPORT-NUTRITION1-1.png\",\"width\":150,\"height\":58,\"caption\":\"Crown Sport Nutrition, sports supplementation\"},\"image\":{\"@id\":\"https:\/\/crownsportnutrition.com\/en\/#\/schema\/logo\/image\/\"},\"sameAs\":[\"https:\/\/www.facebook.com\/crownsportnutrition\",\"https:\/\/x.com\/crownsportnutri\",\"https:\/\/www.instagram.com\/crownsportnutrition\/\",\"https:\/\/www.linkedin.com\/company\/crownsportnutrition\"],\"description\":\"Crown Sport Nutrition es una marca espa\u00f1ola de suplementaci\u00f3n deportiva enfocada en producir solo productos con base cient\u00edfica y adem\u00e1s promover la investigaci\u00f3n cient\u00edfica mediante la publicaci\u00f3n de art\u00edculos sobre varios de sus productos en revistas cient\u00edficas de primer nivel. Se utilizan las mejores materias primas mezcladas en laboratorios punteros con las normas IFS (International Food Standard), con los mejores sabores y todo doping free. Crown Sport Nutrition es la primera empresa espa\u00f1ola en obtener la certificaci\u00f3n antidoping internacional por Informed Sport.\",\"email\":\"info@crownsportnutrition.com\",\"telephone\":\"+34 613 000 417\",\"legalName\":\"Crown Sport Nutrition\"}]}<\/script>\n<meta property=\"og:availability\" content=\"instock\" \/>\n<meta property=\"product:availability\" content=\"instock\" \/>\n<meta property=\"product:retailer_item_id\" content=\"PACKMEGA.MM\" \/>\n<meta property=\"product:condition\" content=\"new\" \/>\n<!-- \/ Yoast SEO Premium plugin. -->","yoast_head_json":{"title":"Megapack Endurance Tester 3.0 - Crown Sport Nutrition, sports supplementation","description":"Tasting pack with the 23 most important Crown Sport Nutrition products for endurance athletes, designed to meet all your energy, hydration, and recovery needs before, during, and after training.  Mainly aimed at endurance athletes (triathlon, MTB, cycling, trail running, marathon, etc.) who want to try all our products for the first time without having to buy a full box or tub \u2014 and at an exceptional price.  You can choose it with an ELITE Training Bottle (550 or 750 ml) or a 600 ml Shaker PRO.","robots":{"index":"index","follow":"follow","max-snippet":"max-snippet:-1","max-image-preview":"max-image-preview:large","max-video-preview":"max-video-preview:-1"},"canonical":"https:\/\/crownsportnutrition.com\/en\/producto\/pack-mega-endurance-tester\/","og_locale":"en_US","og_type":"article","og_title":"Megapack Endurance Tester 3.0","og_description":"Tasting pack with the 23 most important Crown Sport Nutrition products for endurance athletes, designed to meet all your energy, hydration, and recovery needs before, during, and after training.  Mainly aimed at endurance athletes (triathlon, MTB, cycling, trail running, marathon, etc.) who want to try all our products for the first time without having to buy a full box or tub \u2014 and at an exceptional price.  You can choose it with an ELITE Training Bottle (550 or 750 ml) or a 600 ml Shaker PRO.","og_url":"https:\/\/crownsportnutrition.com\/en\/producto\/pack-mega-endurance-tester\/","og_site_name":"Crown Sport Nutrition, sports supplementation","article_publisher":"https:\/\/www.facebook.com\/crownsportnutrition","article_modified_time":"2026-04-23T10:03:05+00:00","og_image":[{"width":1500,"height":1500,"url":"https:\/\/crownsportnutrition.com\/wp-content\/uploads\/2021\/08\/megapack_endurance_tester_750.jpg","type":"image\/jpeg"}],"twitter_card":"summary_large_image","twitter_site":"@crownsportnutri","twitter_misc":{"Availability":"In stock"},"schema":{"@context":"https:\/\/schema.org","@graph":[{"@type":"WebPage","@id":"https:\/\/crownsportnutrition.com\/en\/producto\/pack-mega-endurance-tester\/","url":"https:\/\/crownsportnutrition.com\/en\/producto\/pack-mega-endurance-tester\/","name":"Megapack Endurance Tester 3.0 - Crown Sport Nutrition, sports supplementation","isPartOf":{"@id":"https:\/\/crownsportnutrition.com\/en\/#website"},"primaryImageOfPage":{"@id":"https:\/\/crownsportnutrition.com\/en\/producto\/pack-mega-endurance-tester\/#primaryimage"},"image":{"@id":"https:\/\/crownsportnutrition.com\/en\/producto\/pack-mega-endurance-tester\/#primaryimage"},"thumbnailUrl":"https:\/\/crownsportnutrition.com\/wp-content\/uploads\/2021\/08\/megapack_endurance_tester_750.jpg","datePublished":"2021-08-26T19:41:04+00:00","dateModified":"2026-04-23T10:03:05+00:00","description":"Tasting pack with the 23 most important Crown Sport Nutrition products for endurance athletes, designed to meet all your energy, hydration, and recovery needs before, during, and after training. Mainly aimed at endurance athletes (triathlon, MTB, cycling, trail running, marathon, etc.) who want to try all our products for the first time without having to buy a full box or tub \u2014 and at an exceptional price. You can choose it with an ELITE Training Bottle (550 or 750 ml) or a 600 ml Shaker PRO.","breadcrumb":{"@id":"https:\/\/crownsportnutrition.com\/en\/producto\/pack-mega-endurance-tester\/#breadcrumb"},"inLanguage":"en-US","potentialAction":[{"@type":"ReadAction","target":["https:\/\/crownsportnutrition.com\/en\/producto\/pack-mega-endurance-tester\/"]}]},{"@type":"ImageObject","inLanguage":"en-US","@id":"https:\/\/crownsportnutrition.com\/en\/producto\/pack-mega-endurance-tester\/#primaryimage","url":"https:\/\/crownsportnutrition.com\/wp-content\/uploads\/2021\/08\/megapack_endurance_tester_750.jpg","contentUrl":"https:\/\/crownsportnutrition.com\/wp-content\/uploads\/2021\/08\/megapack_endurance_tester_750.jpg","width":1500,"height":1500},{"@type":"BreadcrumbList","@id":"https:\/\/crownsportnutrition.com\/en\/producto\/pack-mega-endurance-tester\/#breadcrumb","itemListElement":[{"@type":"ListItem","position":1,"name":"Portada","item":"https:\/\/crownsportnutrition.com\/en\/"},{"@type":"ListItem","position":2,"name":"CROWN SHOP","item":"https:\/\/crownsportnutrition.com\/tienda\/"},{"@type":"ListItem","position":3,"name":"Megapack Endurance Tester 3.0"}]},{"@type":"WebSite","@id":"https:\/\/crownsportnutrition.com\/en\/#website","url":"https:\/\/crownsportnutrition.com\/en\/","name":"Crown Sport Nutrition, suplementaci\u00f3n deportiva","description":"proteinas, recuperadores, gel energetico, barritas, bebida isotonica,[:en]Otro sitio realizado con WordPress","publisher":{"@id":"https:\/\/crownsportnutrition.com\/en\/#organization"},"potentialAction":[{"@type":"SearchAction","target":{"@type":"EntryPoint","urlTemplate":"https:\/\/crownsportnutrition.com\/en\/?s={search_term_string}"},"query-input":{"@type":"PropertyValueSpecification","valueRequired":true,"valueName":"search_term_string"}}],"inLanguage":"en-US"},{"@type":"Organization","@id":"https:\/\/crownsportnutrition.com\/en\/#organization","name":"Crown Sport Nutrition, sports supplementation","alternateName":"Crown Sport Nutrition","url":"https:\/\/crownsportnutrition.com\/en\/","logo":{"@type":"ImageObject","inLanguage":"en-US","@id":"https:\/\/crownsportnutrition.com\/en\/#\/schema\/logo\/image\/","url":"https:\/\/crownsportnutrition.com\/wp-content\/uploads\/2022\/06\/logo-CROWN-SPORT-NUTRITION1-1.png","contentUrl":"https:\/\/crownsportnutrition.com\/wp-content\/uploads\/2022\/06\/logo-CROWN-SPORT-NUTRITION1-1.png","width":150,"height":58,"caption":"Crown Sport Nutrition, sports supplementation"},"image":{"@id":"https:\/\/crownsportnutrition.com\/en\/#\/schema\/logo\/image\/"},"sameAs":["https:\/\/www.facebook.com\/crownsportnutrition","https:\/\/x.com\/crownsportnutri","https:\/\/www.instagram.com\/crownsportnutrition\/","https:\/\/www.linkedin.com\/company\/crownsportnutrition"],"description":"Crown Sport Nutrition es una marca espa\u00f1ola de suplementaci\u00f3n deportiva enfocada en producir solo productos con base cient\u00edfica y adem\u00e1s promover la investigaci\u00f3n cient\u00edfica mediante la publicaci\u00f3n de art\u00edculos sobre varios de sus productos en revistas cient\u00edficas de primer nivel. Se utilizan las mejores materias primas mezcladas en laboratorios punteros con las normas IFS (International Food Standard), con los mejores sabores y todo doping free. Crown Sport Nutrition es la primera empresa espa\u00f1ola en obtener la certificaci\u00f3n antidoping internacional por Informed Sport.","email":"info@crownsportnutrition.com","telephone":"+34 613 000 417","legalName":"Crown Sport Nutrition"}]},"og_availability":"instock","product_availability":"instock","product_retailer_item_id":"PACKMEGA.MM","product_condition":"new"},"taxonomy_info":{"product_cat":[{"value":171,"label":"HYDRATION &amp; ENERGY"},{"value":191,"label":"OFFERS &amp; BUNDLES"},{"value":91,"label":"YOUR SPORT"}],"product_tag":[{"value":157,"label":"barrita"},{"value":156,"label":"barritas"},{"value":155,"label":"gel"},{"value":151,"label":"geles"},{"value":158,"label":"isotonico"},{"value":160,"label":"recovery"},{"value":159,"label":"sobre"}]},"featured_image_src_large":["https:\/\/crownsportnutrition.com\/wp-content\/uploads\/2021\/08\/megapack_endurance_tester_750-1024x1024.jpg",1024,1024,true],"author_info":[],"comment_info":"","_links":{"self":[{"href":"https:\/\/crownsportnutrition.com\/en\/wp-json\/wp\/v2\/product\/85196","targetHints":{"allow":["GET"]}}],"collection":[{"href":"https:\/\/crownsportnutrition.com\/en\/wp-json\/wp\/v2\/product"}],"about":[{"href":"https:\/\/crownsportnutrition.com\/en\/wp-json\/wp\/v2\/types\/product"}],"wp:featuredmedia":[{"embeddable":true,"href":"https:\/\/crownsportnutrition.com\/en\/wp-json\/wp\/v2\/media\/218662"}],"wp:attachment":[{"href":"https:\/\/crownsportnutrition.com\/en\/wp-json\/wp\/v2\/media?parent=85196"}],"wp:term":[{"taxonomy":"product_brand","embeddable":true,"href":"https:\/\/crownsportnutrition.com\/en\/wp-json\/wp\/v2\/product_brand?post=85196"},{"taxonomy":"product_cat","embeddable":true,"href":"https:\/\/crownsportnutrition.com\/en\/wp-json\/wp\/v2\/product_cat?post=85196"},{"taxonomy":"product_tag","embeddable":true,"href":"https:\/\/crownsportnutrition.com\/en\/wp-json\/wp\/v2\/product_tag?post=85196"}],"curies":[{"name":"wp","href":"https:\/\/api.w.org\/{rel}","templated":true}]}}