{"id":85224,"date":"2021-08-27T11:48:23","date_gmt":"2021-08-27T09:48:23","guid":{"rendered":"https:\/\/crownsportnutrition.com\/?post_type=product&#038;p=85224"},"modified":"2026-04-04T02:03:09","modified_gmt":"2026-04-04T00:03:09","slug":"hydration-recovery-pack","status":"publish","type":"product","link":"https:\/\/crownsportnutrition.com\/en\/producto\/hydration-recovery-pack\/","title":{"rendered":"Hydration &#038; Recovery Pack"},"content":{"rendered":"<h4>WHY CROWN SPORT NUTRITION? (41 SEC)?<\/h4>\n<div>\n<div class=\"entry-content-asset videofit\"><iframe loading=\"lazy\" title=\"Crown Sport Nutrition - High Performance Specialists\" width=\"720\" height=\"405\" src=\"https:\/\/www.youtube.com\/embed\/SvA4rFEtFk4?feature=oembed&#038;enablejsapi=1&#038;origin=https:\/\/crownsportnutrition.com\" frameborder=\"0\" allow=\"accelerometer; autoplay; clipboard-write; encrypted-media; gyroscope; picture-in-picture; web-share\" referrerpolicy=\"strict-origin-when-cross-origin\" allowfullscreen><\/iframe><\/div>\n<\/div>\n<p>El Hydration &amp; Recovery Pack contiene 12 productos:<\/p>\n<ul>\n<li style=\"list-style-type: none;\">\n<ul>\n<li><strong>9 sobres de\u00a0<a href=\"https:\/\/crownsportnutrition.com\/producto\/isodrink-energy\/\">Isodrink &amp; Energy<\/a>\u00a0(3x Naranja, 3x Frutos Rojos, 3x Lim\u00f3n):<\/strong>\u00a0es una bebida deportiva en polvo de la m\u00e1s alta calidad y con una composici\u00f3n premium que aporta todos los ingredientes necesarios no s\u00f3lo para mantener sino para mejorar el rendimiento en tus entrenamientos y competiciones.\u00a0<em>Para tomar durante la actividad f\u00edsica, aporta energ\u00eda e hidrataci\u00f3n.<\/em><\/li>\n<li><strong>1 sobre de <\/strong><a href=\"https:\/\/crownsportnutrition.com\/producto\/31-pro-recovery-2\/\"><strong>3:1 PRO Recovery ST<\/strong><\/a> <strong>(Vainilla)<\/strong>: es un recuperador profesional con estudio cient\u00edfico publicado y certificaci\u00f3n antidoping Informed Sport. <em>Para tomar despu\u00e9s de la actividad f\u00edsica.<\/em><\/li>\n<li><strong>2 sobres de <\/strong><a href=\"https:\/\/crownsportnutrition.com\/producto\/recovery-3-1-plus-recuperador\/\"><strong>3:1 Recovery+<\/strong><\/a> <strong>(1x Chocolate, 1x Frutos Rojos)<\/strong>: una relaci\u00f3n 3:1 de distintos carbohidratos y prote\u00edna aislada de whey. Con un plus de leucina, glutamina y vitaminas y minerales y certificaci\u00f3n antidoping Informed Sport. <em>Para tomar despu\u00e9s de la actividad f\u00edsica.<\/em><\/li>\n<\/ul>\n<p>Resumen:<\/p>\n<ul>\n<li>3 x Isodrink &amp; Energy Naranja 32 g<\/li>\n<li>3 x Isodrink &amp; Energy Frutos Rojos 32 g<\/li>\n<li>3 x Isodrink &amp; Energy Lim\u00f3n 32 g<\/li>\n<li>1 x 3:1 PRO Recovery ST Vainilla 50 g<\/li>\n<li>1 x 3:1 Recovery+ Chocolate 50 g<\/li>\n<li>1 x 3:1 Recovery+ Frutos Rojos 50 g<\/li>\n<\/ul>\n<\/li>\n<\/ul>\n<span class=\"kt-load-after-post\"><\/span>","protected":false},"excerpt":{"rendered":"<p><strong>El <em>Hydration &amp; Recovery Pack<\/em> es un pack degustaci\u00f3n con los productos m\u00e1s importantes para la hidrataci\u00f3n y la recuperaci\u00f3n de Crown Sport Nutrition.<\/strong> Con estos 12 productos podr\u00e1s testear de forma \u00f3ptima todos los sabores y rendimiento de nuestros isot\u00f3nicos y recuperadores para que te sea m\u00e1s f\u00e1cil elegir el que m\u00e1s te guste.<\/p>\n<p>Enfocado principalmente para aquellos atletas de endurance (triatl\u00f3n, ciclismo, trail running, marat\u00f3n etc.) y atletas con alta demanda energ\u00e9tica que quieren probar por primera vez nuestros productos sin tener que comprar una caja o bote entero y a un precio excepcional.<\/p>\n","protected":false},"featured_media":105937,"template":"","meta":{"_kad_blocks_custom_css":"","_kad_blocks_head_custom_js":"","_kad_blocks_body_custom_js":"","_kad_blocks_footer_custom_js":"","_kadence_starter_templates_imported_post":false,"_kad_post_transparent":"default","_kad_post_title":"","_kad_post_layout":"default","_kad_post_sidebar_id":"","_kad_post_content_style":"default","_kad_post_vertical_padding":"default","_kad_post_feature":"","_kad_post_feature_position":"","_kad_post_header":false,"_kad_post_footer":false,"_kad_post_classname":""},"product_brand":[],"product_cat":[171,191,91],"product_tag":[157,156,155,151,158,160,159],"class_list":{"0":"post-85224","1":"product","2":"type-product","3":"status-publish","4":"has-post-thumbnail","6":"product_cat-hidratacion-y-energia-2","7":"product_cat-crown-packs","8":"product_cat-principales","9":"product_tag-barrita","10":"product_tag-barritas","11":"product_tag-gel","12":"product_tag-geles","13":"product_tag-isotonico","14":"product_tag-recovery","15":"product_tag-sobre","17":"first","18":"instock","19":"taxable","20":"shipping-taxable","21":"purchasable","22":"product-type-simple","23":"entry","24":"content-bg","25":"loop-entry"},"yoast_head":"<!-- This site is optimized with the Yoast SEO Premium plugin v27.2 (Yoast SEO v27.2) - https:\/\/yoast.com\/product\/yoast-seo-premium-wordpress\/ -->\n<title>Hydration &#038; Recovery Pack - Crown Sport Nutrition, sports supplementation<\/title>\n<meta name=\"description\" content=\"El Hydration &amp; Recovery Pack es un pack degustaci\u00f3n con los productos m\u00e1s importantes para la hidrataci\u00f3n y la recuperaci\u00f3n de Crown Sport Nutrition. Con estos 12 productos podr\u00e1s testear de forma \u00f3ptima todos los sabores y rendimiento de nuestros isot\u00f3nicos y recuperadores para que te sea m\u00e1s f\u00e1cil elegir el que m\u00e1s te guste.  Enfocado principalmente para aquellos atletas de endurance (triatl\u00f3n, ciclismo, trail running, marat\u00f3n etc.) y atletas con alta demanda energ\u00e9tica que quieren probar por primera vez nuestros productos sin tener que comprar una caja o bote entero y a un precio excepcional.\" \/>\n<meta name=\"robots\" content=\"index, follow, max-snippet:-1, max-image-preview:large, max-video-preview:-1\" \/>\n<link rel=\"canonical\" href=\"https:\/\/crownsportnutrition.com\/en\/producto\/hydration-recovery-pack\/\" \/>\n<meta property=\"og:locale\" content=\"en_US\" \/>\n<meta property=\"og:type\" content=\"article\" \/>\n<meta property=\"og:title\" content=\"Hydration &amp; Recovery Pack\" \/>\n<meta property=\"og:description\" content=\"El Hydration &amp; Recovery Pack es un pack degustaci\u00f3n con los productos m\u00e1s importantes para la hidrataci\u00f3n y la recuperaci\u00f3n de Crown Sport Nutrition. Con estos 12 productos podr\u00e1s testear de forma \u00f3ptima todos los sabores y rendimiento de nuestros isot\u00f3nicos y recuperadores para que te sea m\u00e1s f\u00e1cil elegir el que m\u00e1s te guste.  Enfocado principalmente para aquellos atletas de endurance (triatl\u00f3n, ciclismo, trail running, marat\u00f3n etc.) y atletas con alta demanda energ\u00e9tica que quieren probar por primera vez nuestros productos sin tener que comprar una caja o bote entero y a un precio excepcional.\" \/>\n<meta property=\"og:url\" content=\"https:\/\/crownsportnutrition.com\/en\/producto\/hydration-recovery-pack\/\" \/>\n<meta property=\"og:site_name\" content=\"Crown Sport Nutrition, sports supplementation\" \/>\n<meta property=\"article:publisher\" content=\"https:\/\/www.facebook.com\/crownsportnutrition\" \/>\n<meta property=\"article:modified_time\" content=\"2026-04-04T00:03:09+00:00\" \/>\n<meta property=\"og:image\" content=\"https:\/\/crownsportnutrition.com\/wp-content\/uploads\/2021\/08\/HYDRARECO_Hydration__Recovery_Pack_800-1.jpg\" \/>\n\t<meta property=\"og:image:width\" content=\"800\" \/>\n\t<meta property=\"og:image:height\" content=\"800\" \/>\n\t<meta property=\"og:image:type\" content=\"image\/jpeg\" \/>\n<meta name=\"twitter:card\" content=\"summary_large_image\" \/>\n<meta name=\"twitter:site\" content=\"@crownsportnutri\" \/>\n<meta name=\"twitter:label1\" content=\"Price\" \/>\n\t<meta name=\"twitter:data1\" content=\"32,87&euro;\" \/>\n\t<meta name=\"twitter:label2\" content=\"Availability\" \/>\n\t<meta name=\"twitter:data2\" content=\"In stock\" \/>\n<script type=\"application\/ld+json\" class=\"yoast-schema-graph\">{\"@context\":\"https:\/\/schema.org\",\"@graph\":[{\"@type\":\"WebPage\",\"@id\":\"https:\/\/crownsportnutrition.com\/en\/producto\/hydration-recovery-pack\/\",\"url\":\"https:\/\/crownsportnutrition.com\/en\/producto\/hydration-recovery-pack\/\",\"name\":\"Hydration &#038; Recovery Pack - Crown Sport Nutrition, sports supplementation\",\"isPartOf\":{\"@id\":\"https:\/\/crownsportnutrition.com\/en\/#website\"},\"primaryImageOfPage\":{\"@id\":\"https:\/\/crownsportnutrition.com\/en\/producto\/hydration-recovery-pack\/#primaryimage\"},\"image\":{\"@id\":\"https:\/\/crownsportnutrition.com\/en\/producto\/hydration-recovery-pack\/#primaryimage\"},\"thumbnailUrl\":\"https:\/\/crownsportnutrition.com\/wp-content\/uploads\/2021\/08\/HYDRARECO_Hydration__Recovery_Pack_800-1.jpg\",\"datePublished\":\"2021-08-27T09:48:23+00:00\",\"dateModified\":\"2026-04-04T00:03:09+00:00\",\"description\":\"El Hydration &amp; Recovery Pack es un pack degustaci\u00f3n con los productos m\u00e1s importantes para la hidrataci\u00f3n y la recuperaci\u00f3n de Crown Sport Nutrition. Con estos 12 productos podr\u00e1s testear de forma \u00f3ptima todos los sabores y rendimiento de nuestros isot\u00f3nicos y recuperadores para que te sea m\u00e1s f\u00e1cil elegir el que m\u00e1s te guste. Enfocado principalmente para aquellos atletas de endurance (triatl\u00f3n, ciclismo, trail running, marat\u00f3n etc.) y atletas con alta demanda energ\u00e9tica que quieren probar por primera vez nuestros productos sin tener que comprar una caja o bote entero y a un precio excepcional.\",\"breadcrumb\":{\"@id\":\"https:\/\/crownsportnutrition.com\/en\/producto\/hydration-recovery-pack\/#breadcrumb\"},\"inLanguage\":\"en-US\",\"potentialAction\":[{\"@type\":\"ReadAction\",\"target\":[\"https:\/\/crownsportnutrition.com\/en\/producto\/hydration-recovery-pack\/\"]}]},{\"@type\":\"ImageObject\",\"inLanguage\":\"en-US\",\"@id\":\"https:\/\/crownsportnutrition.com\/en\/producto\/hydration-recovery-pack\/#primaryimage\",\"url\":\"https:\/\/crownsportnutrition.com\/wp-content\/uploads\/2021\/08\/HYDRARECO_Hydration__Recovery_Pack_800-1.jpg\",\"contentUrl\":\"https:\/\/crownsportnutrition.com\/wp-content\/uploads\/2021\/08\/HYDRARECO_Hydration__Recovery_Pack_800-1.jpg\",\"width\":800,\"height\":800},{\"@type\":\"BreadcrumbList\",\"@id\":\"https:\/\/crownsportnutrition.com\/en\/producto\/hydration-recovery-pack\/#breadcrumb\",\"itemListElement\":[{\"@type\":\"ListItem\",\"position\":1,\"name\":\"Portada\",\"item\":\"https:\/\/crownsportnutrition.com\/en\/\"},{\"@type\":\"ListItem\",\"position\":2,\"name\":\"CROWN SHOP\",\"item\":\"https:\/\/crownsportnutrition.com\/tienda\/\"},{\"@type\":\"ListItem\",\"position\":3,\"name\":\"Hydration &#038; Recovery Pack\"}]},{\"@type\":\"WebSite\",\"@id\":\"https:\/\/crownsportnutrition.com\/en\/#website\",\"url\":\"https:\/\/crownsportnutrition.com\/en\/\",\"name\":\"Crown Sport Nutrition, suplementaci\u00f3n deportiva\",\"description\":\"proteinas, recuperadores, gel energetico, barritas, bebida isotonica,[:en]Otro sitio realizado con WordPress\",\"publisher\":{\"@id\":\"https:\/\/crownsportnutrition.com\/en\/#organization\"},\"potentialAction\":[{\"@type\":\"SearchAction\",\"target\":{\"@type\":\"EntryPoint\",\"urlTemplate\":\"https:\/\/crownsportnutrition.com\/en\/?s={search_term_string}\"},\"query-input\":{\"@type\":\"PropertyValueSpecification\",\"valueRequired\":true,\"valueName\":\"search_term_string\"}}],\"inLanguage\":\"en-US\"},{\"@type\":\"Organization\",\"@id\":\"https:\/\/crownsportnutrition.com\/en\/#organization\",\"name\":\"Crown Sport Nutrition, sports supplementation\",\"alternateName\":\"Crown Sport Nutrition\",\"url\":\"https:\/\/crownsportnutrition.com\/en\/\",\"logo\":{\"@type\":\"ImageObject\",\"inLanguage\":\"en-US\",\"@id\":\"https:\/\/crownsportnutrition.com\/en\/#\/schema\/logo\/image\/\",\"url\":\"https:\/\/crownsportnutrition.com\/wp-content\/uploads\/2022\/06\/logo-CROWN-SPORT-NUTRITION1-1.png\",\"contentUrl\":\"https:\/\/crownsportnutrition.com\/wp-content\/uploads\/2022\/06\/logo-CROWN-SPORT-NUTRITION1-1.png\",\"width\":150,\"height\":58,\"caption\":\"Crown Sport Nutrition, sports supplementation\"},\"image\":{\"@id\":\"https:\/\/crownsportnutrition.com\/en\/#\/schema\/logo\/image\/\"},\"sameAs\":[\"https:\/\/www.facebook.com\/crownsportnutrition\",\"https:\/\/x.com\/crownsportnutri\",\"https:\/\/www.instagram.com\/crownsportnutrition\/\",\"https:\/\/www.linkedin.com\/company\/crownsportnutrition\"],\"description\":\"Crown Sport Nutrition es una marca espa\u00f1ola de suplementaci\u00f3n deportiva enfocada en producir solo productos con base cient\u00edfica y adem\u00e1s promover la investigaci\u00f3n cient\u00edfica mediante la publicaci\u00f3n de art\u00edculos sobre varios de sus productos en revistas cient\u00edficas de primer nivel. Se utilizan las mejores materias primas mezcladas en laboratorios punteros con las normas IFS (International Food Standard), con los mejores sabores y todo doping free. Crown Sport Nutrition es la primera empresa espa\u00f1ola en obtener la certificaci\u00f3n antidoping internacional por Informed Sport.\",\"email\":\"info@crownsportnutrition.com\",\"telephone\":\"+34 613 000 417\",\"legalName\":\"Crown Sport Nutrition\"}]}<\/script>\n<meta property=\"product:price:amount\" content=\"32.87\" \/>\n<meta property=\"product:price:currency\" content=\"EUR\" \/>\n<meta property=\"og:availability\" content=\"instock\" \/>\n<meta property=\"product:availability\" content=\"instock\" \/>\n<meta property=\"product:retailer_item_id\" content=\"HYDRARECO\" \/>\n<meta property=\"product:condition\" content=\"new\" \/>\n<!-- \/ Yoast SEO Premium plugin. -->","yoast_head_json":{"title":"Hydration &#038; Recovery Pack - Crown Sport Nutrition, sports supplementation","description":"El Hydration &amp; Recovery Pack es un pack degustaci\u00f3n con los productos m\u00e1s importantes para la hidrataci\u00f3n y la recuperaci\u00f3n de Crown Sport Nutrition. Con estos 12 productos podr\u00e1s testear de forma \u00f3ptima todos los sabores y rendimiento de nuestros isot\u00f3nicos y recuperadores para que te sea m\u00e1s f\u00e1cil elegir el que m\u00e1s te guste.  Enfocado principalmente para aquellos atletas de endurance (triatl\u00f3n, ciclismo, trail running, marat\u00f3n etc.) y atletas con alta demanda energ\u00e9tica que quieren probar por primera vez nuestros productos sin tener que comprar una caja o bote entero y a un precio excepcional.","robots":{"index":"index","follow":"follow","max-snippet":"max-snippet:-1","max-image-preview":"max-image-preview:large","max-video-preview":"max-video-preview:-1"},"canonical":"https:\/\/crownsportnutrition.com\/en\/producto\/hydration-recovery-pack\/","og_locale":"en_US","og_type":"article","og_title":"Hydration & Recovery Pack","og_description":"El Hydration &amp; Recovery Pack es un pack degustaci\u00f3n con los productos m\u00e1s importantes para la hidrataci\u00f3n y la recuperaci\u00f3n de Crown Sport Nutrition. Con estos 12 productos podr\u00e1s testear de forma \u00f3ptima todos los sabores y rendimiento de nuestros isot\u00f3nicos y recuperadores para que te sea m\u00e1s f\u00e1cil elegir el que m\u00e1s te guste.  Enfocado principalmente para aquellos atletas de endurance (triatl\u00f3n, ciclismo, trail running, marat\u00f3n etc.) y atletas con alta demanda energ\u00e9tica que quieren probar por primera vez nuestros productos sin tener que comprar una caja o bote entero y a un precio excepcional.","og_url":"https:\/\/crownsportnutrition.com\/en\/producto\/hydration-recovery-pack\/","og_site_name":"Crown Sport Nutrition, sports supplementation","article_publisher":"https:\/\/www.facebook.com\/crownsportnutrition","article_modified_time":"2026-04-04T00:03:09+00:00","og_image":[{"width":800,"height":800,"url":"https:\/\/crownsportnutrition.com\/wp-content\/uploads\/2021\/08\/HYDRARECO_Hydration__Recovery_Pack_800-1.jpg","type":"image\/jpeg"}],"twitter_card":"summary_large_image","twitter_site":"@crownsportnutri","twitter_misc":{"Price":"32,87&euro;","Availability":"In stock"},"schema":{"@context":"https:\/\/schema.org","@graph":[{"@type":"WebPage","@id":"https:\/\/crownsportnutrition.com\/en\/producto\/hydration-recovery-pack\/","url":"https:\/\/crownsportnutrition.com\/en\/producto\/hydration-recovery-pack\/","name":"Hydration &#038; Recovery Pack - Crown Sport Nutrition, sports supplementation","isPartOf":{"@id":"https:\/\/crownsportnutrition.com\/en\/#website"},"primaryImageOfPage":{"@id":"https:\/\/crownsportnutrition.com\/en\/producto\/hydration-recovery-pack\/#primaryimage"},"image":{"@id":"https:\/\/crownsportnutrition.com\/en\/producto\/hydration-recovery-pack\/#primaryimage"},"thumbnailUrl":"https:\/\/crownsportnutrition.com\/wp-content\/uploads\/2021\/08\/HYDRARECO_Hydration__Recovery_Pack_800-1.jpg","datePublished":"2021-08-27T09:48:23+00:00","dateModified":"2026-04-04T00:03:09+00:00","description":"El Hydration &amp; Recovery Pack es un pack degustaci\u00f3n con los productos m\u00e1s importantes para la hidrataci\u00f3n y la recuperaci\u00f3n de Crown Sport Nutrition. Con estos 12 productos podr\u00e1s testear de forma \u00f3ptima todos los sabores y rendimiento de nuestros isot\u00f3nicos y recuperadores para que te sea m\u00e1s f\u00e1cil elegir el que m\u00e1s te guste. Enfocado principalmente para aquellos atletas de endurance (triatl\u00f3n, ciclismo, trail running, marat\u00f3n etc.) y atletas con alta demanda energ\u00e9tica que quieren probar por primera vez nuestros productos sin tener que comprar una caja o bote entero y a un precio excepcional.","breadcrumb":{"@id":"https:\/\/crownsportnutrition.com\/en\/producto\/hydration-recovery-pack\/#breadcrumb"},"inLanguage":"en-US","potentialAction":[{"@type":"ReadAction","target":["https:\/\/crownsportnutrition.com\/en\/producto\/hydration-recovery-pack\/"]}]},{"@type":"ImageObject","inLanguage":"en-US","@id":"https:\/\/crownsportnutrition.com\/en\/producto\/hydration-recovery-pack\/#primaryimage","url":"https:\/\/crownsportnutrition.com\/wp-content\/uploads\/2021\/08\/HYDRARECO_Hydration__Recovery_Pack_800-1.jpg","contentUrl":"https:\/\/crownsportnutrition.com\/wp-content\/uploads\/2021\/08\/HYDRARECO_Hydration__Recovery_Pack_800-1.jpg","width":800,"height":800},{"@type":"BreadcrumbList","@id":"https:\/\/crownsportnutrition.com\/en\/producto\/hydration-recovery-pack\/#breadcrumb","itemListElement":[{"@type":"ListItem","position":1,"name":"Portada","item":"https:\/\/crownsportnutrition.com\/en\/"},{"@type":"ListItem","position":2,"name":"CROWN SHOP","item":"https:\/\/crownsportnutrition.com\/tienda\/"},{"@type":"ListItem","position":3,"name":"Hydration &#038; Recovery Pack"}]},{"@type":"WebSite","@id":"https:\/\/crownsportnutrition.com\/en\/#website","url":"https:\/\/crownsportnutrition.com\/en\/","name":"Crown Sport Nutrition, suplementaci\u00f3n deportiva","description":"proteinas, recuperadores, gel energetico, barritas, bebida isotonica,[:en]Otro sitio realizado con WordPress","publisher":{"@id":"https:\/\/crownsportnutrition.com\/en\/#organization"},"potentialAction":[{"@type":"SearchAction","target":{"@type":"EntryPoint","urlTemplate":"https:\/\/crownsportnutrition.com\/en\/?s={search_term_string}"},"query-input":{"@type":"PropertyValueSpecification","valueRequired":true,"valueName":"search_term_string"}}],"inLanguage":"en-US"},{"@type":"Organization","@id":"https:\/\/crownsportnutrition.com\/en\/#organization","name":"Crown Sport Nutrition, sports supplementation","alternateName":"Crown Sport Nutrition","url":"https:\/\/crownsportnutrition.com\/en\/","logo":{"@type":"ImageObject","inLanguage":"en-US","@id":"https:\/\/crownsportnutrition.com\/en\/#\/schema\/logo\/image\/","url":"https:\/\/crownsportnutrition.com\/wp-content\/uploads\/2022\/06\/logo-CROWN-SPORT-NUTRITION1-1.png","contentUrl":"https:\/\/crownsportnutrition.com\/wp-content\/uploads\/2022\/06\/logo-CROWN-SPORT-NUTRITION1-1.png","width":150,"height":58,"caption":"Crown Sport Nutrition, sports supplementation"},"image":{"@id":"https:\/\/crownsportnutrition.com\/en\/#\/schema\/logo\/image\/"},"sameAs":["https:\/\/www.facebook.com\/crownsportnutrition","https:\/\/x.com\/crownsportnutri","https:\/\/www.instagram.com\/crownsportnutrition\/","https:\/\/www.linkedin.com\/company\/crownsportnutrition"],"description":"Crown Sport Nutrition es una marca espa\u00f1ola de suplementaci\u00f3n deportiva enfocada en producir solo productos con base cient\u00edfica y adem\u00e1s promover la investigaci\u00f3n cient\u00edfica mediante la publicaci\u00f3n de art\u00edculos sobre varios de sus productos en revistas cient\u00edficas de primer nivel. Se utilizan las mejores materias primas mezcladas en laboratorios punteros con las normas IFS (International Food Standard), con los mejores sabores y todo doping free. Crown Sport Nutrition es la primera empresa espa\u00f1ola en obtener la certificaci\u00f3n antidoping internacional por Informed Sport.","email":"info@crownsportnutrition.com","telephone":"+34 613 000 417","legalName":"Crown Sport Nutrition"}]},"product_price_amount":"32.87","product_price_currency":"EUR","og_availability":"instock","product_availability":"instock","product_retailer_item_id":"HYDRARECO","product_condition":"new"},"taxonomy_info":{"product_cat":[{"value":171,"label":"HYDRATION &amp; ENERGY"},{"value":191,"label":"OFFERS &amp; BUNDLES"},{"value":91,"label":"YOUR SPORT"}],"product_tag":[{"value":157,"label":"barrita"},{"value":156,"label":"barritas"},{"value":155,"label":"gel"},{"value":151,"label":"geles"},{"value":158,"label":"isotonico"},{"value":160,"label":"recovery"},{"value":159,"label":"sobre"}]},"featured_image_src_large":["https:\/\/crownsportnutrition.com\/wp-content\/uploads\/2021\/08\/HYDRARECO_Hydration__Recovery_Pack_800-1.jpg",800,800,false],"author_info":[],"comment_info":"","_links":{"self":[{"href":"https:\/\/crownsportnutrition.com\/en\/wp-json\/wp\/v2\/product\/85224","targetHints":{"allow":["GET"]}}],"collection":[{"href":"https:\/\/crownsportnutrition.com\/en\/wp-json\/wp\/v2\/product"}],"about":[{"href":"https:\/\/crownsportnutrition.com\/en\/wp-json\/wp\/v2\/types\/product"}],"wp:featuredmedia":[{"embeddable":true,"href":"https:\/\/crownsportnutrition.com\/en\/wp-json\/wp\/v2\/media\/105937"}],"wp:attachment":[{"href":"https:\/\/crownsportnutrition.com\/en\/wp-json\/wp\/v2\/media?parent=85224"}],"wp:term":[{"taxonomy":"product_brand","embeddable":true,"href":"https:\/\/crownsportnutrition.com\/en\/wp-json\/wp\/v2\/product_brand?post=85224"},{"taxonomy":"product_cat","embeddable":true,"href":"https:\/\/crownsportnutrition.com\/en\/wp-json\/wp\/v2\/product_cat?post=85224"},{"taxonomy":"product_tag","embeddable":true,"href":"https:\/\/crownsportnutrition.com\/en\/wp-json\/wp\/v2\/product_tag?post=85224"}],"curies":[{"name":"wp","href":"https:\/\/api.w.org\/{rel}","templated":true}]}}