{"id":97824,"date":"2022-02-14T12:16:40","date_gmt":"2022-02-14T11:16:40","guid":{"rendered":"https:\/\/crownsportnutrition.com\/?post_type=product&#038;p=97824"},"modified":"2026-04-21T13:03:18","modified_gmt":"2026-04-21T11:03:18","slug":"vegan-recovery-plus","status":"publish","type":"product","link":"https:\/\/crownsportnutrition.com\/en\/producto\/vegan-recovery-plus\/","title":{"rendered":"3:1 Vegan Recovery+ 750 g Tin (15 intakes)"},"content":{"rendered":"<picture><source srcset=\"https:\/\/media.crownsportnutrition.com\/img\/informed-banners\/default_banner.avif\" type=\"image\/avif\"><source srcset=\"https:\/\/media.crownsportnutrition.com\/img\/informed-banners\/default_banner.webp\" type=\"image\/webp\"><img decoding=\"async\" src=\"https:\/\/media.crownsportnutrition.com\/img\/informed-banners\/default_banner.jpg\" alt=\"Informed Sport anti-doping certification\"><\/picture>\n<h2><b>Premium Vegan Recovery with Extra Nutrients<\/b><\/h2>\n<p><b>3:1 Vegan Recovery+<\/b> is a high-quality vegan recovery supplement that provides all the essential nutrients to optimize recovery in strength-endurance sports. Its composition is balanced to provide a 3:1 ratio of carbohydrates to protein, which according to scientific studies (Margolis, LM. et al., MSSE. 2020) is the ideal ratio to enhance both energy and muscle recovery, as well as promote a hormonal profile (Kraemer, WJ. et al., JAP. 1998) that supports these processes after training or competition.<\/p>\n<ul>\n<li>3:1 ratio of Carbohydrates (2 sources) to Protein (Pea)<\/li>\n<li>Enhanced with Essential Amino Acids and Glutamine (Kyowa\u00ae)<\/li>\n<li>Extra vitamins and minerals<\/li>\n<li>Easy absorption and great taste<\/li>\n<\/ul>\n<ul>\n<li><b>Carbohydrates<\/b>: combines two high-glycemic index sources, Dextrose and Maltodextrin, in a 1:1 ratio, ideal for optimizing energy recovery (glycogen replenishment) after physical activity (Mata, F. et al., Revista Euroamericana de Ciencias del Deporte. 2018).<\/li>\n<li><b>Protein<\/b>: features our exclusive micronized pea protein. Although plant-based, its micronization allows fast absorption (Overduin, J. et al., F&#038;NR. 2015). Fortified with essential amino acids, it supports post-training muscle recovery, especially when combined with dextrose and maltodextrin (Zawadzki, KM. et al., JAP. 1992). Protein addition aids in muscle repair and recovery (Saunders, MJ. et al., JSCR. 2007).<\/li>\n<li><b>L-Leucine<\/b>: added to reach the \u201cLeucine threshold,\u201d key to triggering post-training protein synthesis via mTOR (Phillips, SM. et al., Nutrition &#038; Metabolism. 2016), working alongside other essential amino acids.<\/li>\n<li><b>Essential amino acids<\/b>: fortified with <b>L-Threonine, L-Lysine, L-Isoleucine, and L-Methionine<\/b> to complement pea protein\u2019s profile and overcome limiting amino acids. This creates a high Biological Value amino acid profile, similar to common animal sources like whey.<\/li>\n<li><b>L-Glutamine<\/b>: a non-essential amino acid that supports immune function by fueling macrophages and lymphocytes (Calder, P.C. et al., AA. 1999). Pea protein amino acids also regulate immune cell activity (Bumrungpert, A. et al., JMF. 2018).<\/li>\n<li><b>Vitamins<\/b>: added to meet at least 15% of NRV to support all recovery processes.<\/li>\n<li><b>Minerals<\/b>: includes only essential minerals (Sodium, Potassium, Magnesium, and Calcium) to aid post-training rehydration.<\/li>\n<\/ul>\n<p>This ingredient matrix is specially designed for optimal absorption and fast delivery of nutrients to muscle cells. Like all Crown Sport Nutrition\u00ae products, it boasts excellent flavor and digestibility.<b>Available flavor<\/b>: Chocolate.<b>Available format<\/b>: 750 g tub (15 servings).<\/p>\n<h4>WHY CROWN SPORT NUTRITION? (41 SEC)<\/h4>\n<span class=\"kt-load-after-post\"><\/span>","protected":false},"excerpt":{"rendered":"<p>Vegan recuperator ideal for endurance sports formulated based on the latest scientific evidence with 3 parts of carbohydrate, 1 part of micronized pea protein and an extra of essential amino acids, glutamine, vitamins and minerals. Excellent taste, digestion and dissolution.<\/p>\n","protected":false},"featured_media":152126,"template":"","meta":{"_kad_blocks_custom_css":"","_kad_blocks_head_custom_js":"","_kad_blocks_body_custom_js":"","_kad_blocks_footer_custom_js":"","_kadence_starter_templates_imported_post":false,"_kad_post_transparent":"default","_kad_post_title":"","_kad_post_layout":"default","_kad_post_sidebar_id":"","_kad_post_content_style":"default","_kad_post_vertical_padding":"default","_kad_post_feature":"","_kad_post_feature_position":"","_kad_post_header":false,"_kad_post_footer":false,"_kad_post_classname":""},"product_brand":[],"product_cat":[243,117,222,120,223,121,172,119,188],"product_tag":[],"class_list":{"0":"post-97824","1":"product","2":"type-product","3":"status-publish","4":"has-post-thumbnail","6":"product_cat-despues","7":"product_cat-crossfit","8":"product_cat-sin-gluten","9":"product_cat-gimnasio","10":"product_cat-sin-lactosa","11":"product_cat-artes-marciales","12":"product_cat-recuperacion","13":"product_cat-tenis","14":"product_cat-vegan-pro-line-2","16":"first","17":"instock","18":"taxable","19":"shipping-taxable","20":"purchasable","21":"product-type-simple","22":"entry","23":"content-bg","24":"loop-entry"},"yoast_head":"<!-- This site is optimized with the Yoast SEO Premium plugin v27.2 (Yoast SEO v27.2) - https:\/\/yoast.com\/product\/yoast-seo-premium-wordpress\/ -->\n<title>Recuperador Vegano: Recuperador Alta Calidad,<\/title>\n<meta name=\"description\" content=\"Optimiza tu recuperaci\u00f3n despu\u00e9s del deporte con nuestro Recuperador Vegano Premium. Con un ratio perfecto de carbohidratos y prote\u00ednas, adem\u00e1s de amino\u00e1cidos, vitaminas y minerales.\" \/>\n<meta name=\"robots\" content=\"index, follow, max-snippet:-1, max-image-preview:large, max-video-preview:-1\" \/>\n<link rel=\"canonical\" href=\"https:\/\/crownsportnutrition.com\/en\/producto\/vegan-recovery-plus\/\" \/>\n<meta property=\"og:locale\" content=\"en_US\" \/>\n<meta property=\"og:type\" content=\"article\" \/>\n<meta property=\"og:title\" content=\"3:1 Vegan Recovery+ 750 g Tin (15 intakes)\" \/>\n<meta property=\"og:description\" content=\"Optimiza tu recuperaci\u00f3n despu\u00e9s del deporte con nuestro Recuperador Vegano Premium. Con un ratio perfecto de carbohidratos y prote\u00ednas, adem\u00e1s de amino\u00e1cidos, vitaminas y minerales.\" \/>\n<meta property=\"og:url\" content=\"https:\/\/crownsportnutrition.com\/en\/producto\/vegan-recovery-plus\/\" \/>\n<meta property=\"og:site_name\" content=\"Crown Sport Nutrition, sports supplementation\" \/>\n<meta property=\"article:publisher\" content=\"https:\/\/www.facebook.com\/crownsportnutrition\" \/>\n<meta property=\"article:modified_time\" content=\"2026-04-21T11:03:18+00:00\" \/>\n<meta property=\"og:image\" content=\"https:\/\/crownsportnutrition.com\/wp-content\/uploads\/2022\/02\/102.7_Vegan_Recovery_Chocolate_Tin_Image_1.jpg\" \/>\n\t<meta property=\"og:image:width\" content=\"1500\" \/>\n\t<meta property=\"og:image:height\" content=\"1500\" \/>\n\t<meta property=\"og:image:type\" content=\"image\/jpeg\" \/>\n<meta name=\"twitter:card\" content=\"summary_large_image\" \/>\n<meta name=\"twitter:site\" content=\"@crownsportnutri\" \/>\n<meta name=\"twitter:label1\" content=\"Price\" \/>\n\t<meta name=\"twitter:data1\" content=\"27,23&euro;\" \/>\n\t<meta name=\"twitter:label2\" content=\"Availability\" \/>\n\t<meta name=\"twitter:data2\" content=\"In stock\" \/>\n<script type=\"application\/ld+json\" class=\"yoast-schema-graph\">{\"@context\":\"https:\/\/schema.org\",\"@graph\":[{\"@type\":\"WebPage\",\"@id\":\"https:\/\/crownsportnutrition.com\/en\/producto\/vegan-recovery-plus\/\",\"url\":\"https:\/\/crownsportnutrition.com\/en\/producto\/vegan-recovery-plus\/\",\"name\":\"Recuperador Vegano: Recuperador Alta Calidad,\",\"isPartOf\":{\"@id\":\"https:\/\/crownsportnutrition.com\/en\/#website\"},\"primaryImageOfPage\":{\"@id\":\"https:\/\/crownsportnutrition.com\/en\/producto\/vegan-recovery-plus\/#primaryimage\"},\"image\":{\"@id\":\"https:\/\/crownsportnutrition.com\/en\/producto\/vegan-recovery-plus\/#primaryimage\"},\"thumbnailUrl\":\"https:\/\/crownsportnutrition.com\/wp-content\/uploads\/2022\/02\/102.7_Vegan_Recovery_Chocolate_Tin_Image_1.jpg\",\"datePublished\":\"2022-02-14T11:16:40+00:00\",\"dateModified\":\"2026-04-21T11:03:18+00:00\",\"description\":\"Optimiza tu recuperaci\u00f3n despu\u00e9s del deporte con nuestro Recuperador Vegano Premium. Con un ratio perfecto de carbohidratos y prote\u00ednas, adem\u00e1s de amino\u00e1cidos, vitaminas y minerales.\",\"breadcrumb\":{\"@id\":\"https:\/\/crownsportnutrition.com\/en\/producto\/vegan-recovery-plus\/#breadcrumb\"},\"inLanguage\":\"en-US\",\"potentialAction\":[{\"@type\":\"ReadAction\",\"target\":[\"https:\/\/crownsportnutrition.com\/en\/producto\/vegan-recovery-plus\/\"]}]},{\"@type\":\"ImageObject\",\"inLanguage\":\"en-US\",\"@id\":\"https:\/\/crownsportnutrition.com\/en\/producto\/vegan-recovery-plus\/#primaryimage\",\"url\":\"https:\/\/crownsportnutrition.com\/wp-content\/uploads\/2022\/02\/102.7_Vegan_Recovery_Chocolate_Tin_Image_1.jpg\",\"contentUrl\":\"https:\/\/crownsportnutrition.com\/wp-content\/uploads\/2022\/02\/102.7_Vegan_Recovery_Chocolate_Tin_Image_1.jpg\",\"width\":1500,\"height\":1500,\"caption\":\"Imagen Vegan Recovery+\"},{\"@type\":\"BreadcrumbList\",\"@id\":\"https:\/\/crownsportnutrition.com\/en\/producto\/vegan-recovery-plus\/#breadcrumb\",\"itemListElement\":[{\"@type\":\"ListItem\",\"position\":1,\"name\":\"Portada\",\"item\":\"https:\/\/crownsportnutrition.com\/en\/\"},{\"@type\":\"ListItem\",\"position\":2,\"name\":\"CROWN SHOP\",\"item\":\"https:\/\/crownsportnutrition.com\/tienda\/\"},{\"@type\":\"ListItem\",\"position\":3,\"name\":\"3:1 Vegan Recovery+ 750 g Tin (15 intakes)\"}]},{\"@type\":\"WebSite\",\"@id\":\"https:\/\/crownsportnutrition.com\/en\/#website\",\"url\":\"https:\/\/crownsportnutrition.com\/en\/\",\"name\":\"Crown Sport Nutrition, suplementaci\u00f3n deportiva\",\"description\":\"proteinas, recuperadores, gel energetico, barritas, bebida isotonica,[:en]Otro sitio realizado con WordPress\",\"publisher\":{\"@id\":\"https:\/\/crownsportnutrition.com\/en\/#organization\"},\"potentialAction\":[{\"@type\":\"SearchAction\",\"target\":{\"@type\":\"EntryPoint\",\"urlTemplate\":\"https:\/\/crownsportnutrition.com\/en\/?s={search_term_string}\"},\"query-input\":{\"@type\":\"PropertyValueSpecification\",\"valueRequired\":true,\"valueName\":\"search_term_string\"}}],\"inLanguage\":\"en-US\"},{\"@type\":\"Organization\",\"@id\":\"https:\/\/crownsportnutrition.com\/en\/#organization\",\"name\":\"Crown Sport Nutrition, sports supplementation\",\"alternateName\":\"Crown Sport Nutrition\",\"url\":\"https:\/\/crownsportnutrition.com\/en\/\",\"logo\":{\"@type\":\"ImageObject\",\"inLanguage\":\"en-US\",\"@id\":\"https:\/\/crownsportnutrition.com\/en\/#\/schema\/logo\/image\/\",\"url\":\"https:\/\/crownsportnutrition.com\/wp-content\/uploads\/2022\/06\/logo-CROWN-SPORT-NUTRITION1-1.png\",\"contentUrl\":\"https:\/\/crownsportnutrition.com\/wp-content\/uploads\/2022\/06\/logo-CROWN-SPORT-NUTRITION1-1.png\",\"width\":150,\"height\":58,\"caption\":\"Crown Sport Nutrition, sports supplementation\"},\"image\":{\"@id\":\"https:\/\/crownsportnutrition.com\/en\/#\/schema\/logo\/image\/\"},\"sameAs\":[\"https:\/\/www.facebook.com\/crownsportnutrition\",\"https:\/\/x.com\/crownsportnutri\",\"https:\/\/www.instagram.com\/crownsportnutrition\/\",\"https:\/\/www.linkedin.com\/company\/crownsportnutrition\"],\"description\":\"Crown Sport Nutrition es una marca espa\u00f1ola de suplementaci\u00f3n deportiva enfocada en producir solo productos con base cient\u00edfica y adem\u00e1s promover la investigaci\u00f3n cient\u00edfica mediante la publicaci\u00f3n de art\u00edculos sobre varios de sus productos en revistas cient\u00edficas de primer nivel. Se utilizan las mejores materias primas mezcladas en laboratorios punteros con las normas IFS (International Food Standard), con los mejores sabores y todo doping free. Crown Sport Nutrition es la primera empresa espa\u00f1ola en obtener la certificaci\u00f3n antidoping internacional por Informed Sport.\",\"email\":\"info@crownsportnutrition.com\",\"telephone\":\"+34 613 000 417\",\"legalName\":\"Crown Sport Nutrition\"}]}<\/script>\n<meta property=\"product:price:amount\" content=\"27.23\" \/>\n<meta property=\"product:price:currency\" content=\"EUR\" \/>\n<meta property=\"og:availability\" content=\"instock\" \/>\n<meta property=\"product:availability\" content=\"instock\" \/>\n<meta property=\"product:retailer_item_id\" content=\"102.7\" \/>\n<meta property=\"product:condition\" content=\"new\" \/>\n<!-- \/ Yoast SEO Premium plugin. -->","yoast_head_json":{"title":"Recuperador Vegano: Recuperador Alta Calidad,","description":"Optimiza tu recuperaci\u00f3n despu\u00e9s del deporte con nuestro Recuperador Vegano Premium. Con un ratio perfecto de carbohidratos y prote\u00ednas, adem\u00e1s de amino\u00e1cidos, vitaminas y minerales.","robots":{"index":"index","follow":"follow","max-snippet":"max-snippet:-1","max-image-preview":"max-image-preview:large","max-video-preview":"max-video-preview:-1"},"canonical":"https:\/\/crownsportnutrition.com\/en\/producto\/vegan-recovery-plus\/","og_locale":"en_US","og_type":"article","og_title":"3:1 Vegan Recovery+ 750 g Tin (15 intakes)","og_description":"Optimiza tu recuperaci\u00f3n despu\u00e9s del deporte con nuestro Recuperador Vegano Premium. Con un ratio perfecto de carbohidratos y prote\u00ednas, adem\u00e1s de amino\u00e1cidos, vitaminas y minerales.","og_url":"https:\/\/crownsportnutrition.com\/en\/producto\/vegan-recovery-plus\/","og_site_name":"Crown Sport Nutrition, sports supplementation","article_publisher":"https:\/\/www.facebook.com\/crownsportnutrition","article_modified_time":"2026-04-21T11:03:18+00:00","og_image":[{"width":1500,"height":1500,"url":"https:\/\/crownsportnutrition.com\/wp-content\/uploads\/2022\/02\/102.7_Vegan_Recovery_Chocolate_Tin_Image_1.jpg","type":"image\/jpeg"}],"twitter_card":"summary_large_image","twitter_site":"@crownsportnutri","twitter_misc":{"Price":"27,23&euro;","Availability":"In stock"},"schema":{"@context":"https:\/\/schema.org","@graph":[{"@type":"WebPage","@id":"https:\/\/crownsportnutrition.com\/en\/producto\/vegan-recovery-plus\/","url":"https:\/\/crownsportnutrition.com\/en\/producto\/vegan-recovery-plus\/","name":"Recuperador Vegano: Recuperador Alta Calidad,","isPartOf":{"@id":"https:\/\/crownsportnutrition.com\/en\/#website"},"primaryImageOfPage":{"@id":"https:\/\/crownsportnutrition.com\/en\/producto\/vegan-recovery-plus\/#primaryimage"},"image":{"@id":"https:\/\/crownsportnutrition.com\/en\/producto\/vegan-recovery-plus\/#primaryimage"},"thumbnailUrl":"https:\/\/crownsportnutrition.com\/wp-content\/uploads\/2022\/02\/102.7_Vegan_Recovery_Chocolate_Tin_Image_1.jpg","datePublished":"2022-02-14T11:16:40+00:00","dateModified":"2026-04-21T11:03:18+00:00","description":"Optimiza tu recuperaci\u00f3n despu\u00e9s del deporte con nuestro Recuperador Vegano Premium. Con un ratio perfecto de carbohidratos y prote\u00ednas, adem\u00e1s de amino\u00e1cidos, vitaminas y minerales.","breadcrumb":{"@id":"https:\/\/crownsportnutrition.com\/en\/producto\/vegan-recovery-plus\/#breadcrumb"},"inLanguage":"en-US","potentialAction":[{"@type":"ReadAction","target":["https:\/\/crownsportnutrition.com\/en\/producto\/vegan-recovery-plus\/"]}]},{"@type":"ImageObject","inLanguage":"en-US","@id":"https:\/\/crownsportnutrition.com\/en\/producto\/vegan-recovery-plus\/#primaryimage","url":"https:\/\/crownsportnutrition.com\/wp-content\/uploads\/2022\/02\/102.7_Vegan_Recovery_Chocolate_Tin_Image_1.jpg","contentUrl":"https:\/\/crownsportnutrition.com\/wp-content\/uploads\/2022\/02\/102.7_Vegan_Recovery_Chocolate_Tin_Image_1.jpg","width":1500,"height":1500,"caption":"Imagen Vegan Recovery+"},{"@type":"BreadcrumbList","@id":"https:\/\/crownsportnutrition.com\/en\/producto\/vegan-recovery-plus\/#breadcrumb","itemListElement":[{"@type":"ListItem","position":1,"name":"Portada","item":"https:\/\/crownsportnutrition.com\/en\/"},{"@type":"ListItem","position":2,"name":"CROWN SHOP","item":"https:\/\/crownsportnutrition.com\/tienda\/"},{"@type":"ListItem","position":3,"name":"3:1 Vegan Recovery+ 750 g Tin (15 intakes)"}]},{"@type":"WebSite","@id":"https:\/\/crownsportnutrition.com\/en\/#website","url":"https:\/\/crownsportnutrition.com\/en\/","name":"Crown Sport Nutrition, suplementaci\u00f3n deportiva","description":"proteinas, recuperadores, gel energetico, barritas, bebida isotonica,[:en]Otro sitio realizado con WordPress","publisher":{"@id":"https:\/\/crownsportnutrition.com\/en\/#organization"},"potentialAction":[{"@type":"SearchAction","target":{"@type":"EntryPoint","urlTemplate":"https:\/\/crownsportnutrition.com\/en\/?s={search_term_string}"},"query-input":{"@type":"PropertyValueSpecification","valueRequired":true,"valueName":"search_term_string"}}],"inLanguage":"en-US"},{"@type":"Organization","@id":"https:\/\/crownsportnutrition.com\/en\/#organization","name":"Crown Sport Nutrition, sports supplementation","alternateName":"Crown Sport Nutrition","url":"https:\/\/crownsportnutrition.com\/en\/","logo":{"@type":"ImageObject","inLanguage":"en-US","@id":"https:\/\/crownsportnutrition.com\/en\/#\/schema\/logo\/image\/","url":"https:\/\/crownsportnutrition.com\/wp-content\/uploads\/2022\/06\/logo-CROWN-SPORT-NUTRITION1-1.png","contentUrl":"https:\/\/crownsportnutrition.com\/wp-content\/uploads\/2022\/06\/logo-CROWN-SPORT-NUTRITION1-1.png","width":150,"height":58,"caption":"Crown Sport Nutrition, sports supplementation"},"image":{"@id":"https:\/\/crownsportnutrition.com\/en\/#\/schema\/logo\/image\/"},"sameAs":["https:\/\/www.facebook.com\/crownsportnutrition","https:\/\/x.com\/crownsportnutri","https:\/\/www.instagram.com\/crownsportnutrition\/","https:\/\/www.linkedin.com\/company\/crownsportnutrition"],"description":"Crown Sport Nutrition es una marca espa\u00f1ola de suplementaci\u00f3n deportiva enfocada en producir solo productos con base cient\u00edfica y adem\u00e1s promover la investigaci\u00f3n cient\u00edfica mediante la publicaci\u00f3n de art\u00edculos sobre varios de sus productos en revistas cient\u00edficas de primer nivel. Se utilizan las mejores materias primas mezcladas en laboratorios punteros con las normas IFS (International Food Standard), con los mejores sabores y todo doping free. Crown Sport Nutrition es la primera empresa espa\u00f1ola en obtener la certificaci\u00f3n antidoping internacional por Informed Sport.","email":"info@crownsportnutrition.com","telephone":"+34 613 000 417","legalName":"Crown Sport Nutrition"}]},"product_price_amount":"27.23","product_price_currency":"EUR","og_availability":"instock","product_availability":"instock","product_retailer_item_id":"102.7","product_condition":"new"},"taxonomy_info":{"product_cat":[{"value":243,"label":"After"},{"value":117,"label":"Crossfit"},{"value":222,"label":"GLUTEN FREE"},{"value":120,"label":"Gym"},{"value":223,"label":"LACTOSE FREE"},{"value":121,"label":"Martial Arts"},{"value":172,"label":"RECOVERY"},{"value":119,"label":"Tennis"},{"value":188,"label":"VEGAN PRO LINE"}]},"featured_image_src_large":["https:\/\/crownsportnutrition.com\/wp-content\/uploads\/2022\/02\/102.7_Vegan_Recovery_Chocolate_Tin_Image_1-1024x1024.jpg",1024,1024,true],"author_info":[],"comment_info":"","_links":{"self":[{"href":"https:\/\/crownsportnutrition.com\/en\/wp-json\/wp\/v2\/product\/97824","targetHints":{"allow":["GET"]}}],"collection":[{"href":"https:\/\/crownsportnutrition.com\/en\/wp-json\/wp\/v2\/product"}],"about":[{"href":"https:\/\/crownsportnutrition.com\/en\/wp-json\/wp\/v2\/types\/product"}],"wp:featuredmedia":[{"embeddable":true,"href":"https:\/\/crownsportnutrition.com\/en\/wp-json\/wp\/v2\/media\/152126"}],"wp:attachment":[{"href":"https:\/\/crownsportnutrition.com\/en\/wp-json\/wp\/v2\/media?parent=97824"}],"wp:term":[{"taxonomy":"product_brand","embeddable":true,"href":"https:\/\/crownsportnutrition.com\/en\/wp-json\/wp\/v2\/product_brand?post=97824"},{"taxonomy":"product_cat","embeddable":true,"href":"https:\/\/crownsportnutrition.com\/en\/wp-json\/wp\/v2\/product_cat?post=97824"},{"taxonomy":"product_tag","embeddable":true,"href":"https:\/\/crownsportnutrition.com\/en\/wp-json\/wp\/v2\/product_tag?post=97824"}],"curies":[{"name":"wp","href":"https:\/\/api.w.org\/{rel}","templated":true}]}}